{"id":55169,"date":"2025-05-21T20:32:17","date_gmt":"2025-05-21T18:32:17","guid":{"rendered":"https:\/\/dutchmicrodosing.com\/shop\/sin%20categor\u00eda\/micro-boost-start-coaching\/"},"modified":"2025-09-01T18:00:25","modified_gmt":"2025-09-01T16:00:25","slug":"micro-boost-start-coaching","status":"publish","type":"product","link":"https:\/\/dutchmicrodosing.com\/es\/microdosificacion\/micro-boost-start-coaching\/","title":{"rendered":"Micro Boost Start &#8211; Coaching"},"content":{"rendered":"<p><strong>Micro Boost Start<\/strong> est\u00e1 especialmente dise\u00f1ado para cualquier persona que desee aprender m\u00e1s sobre la microdosificaci\u00f3n y descubrir lo que puede hacer por ellos de una manera accesible. En una sesi\u00f3n de unos 40 minutos, se le presentar\u00e1n los fundamentos de la microdosificaci\u00f3n y c\u00f3mo puede apoyar el desarrollo personal cuando se combina con el coaching.<\/p>\n<p>Esta sesi\u00f3n es ideal si sientes curiosidad por la microdosificaci\u00f3n, pero primero quieres explorar tranquilamente si este enfoque se adapta a ti, sin embarcarte inmediatamente en un viaje a largo plazo.<\/p>\n<h3>Caracter\u00edsticas<\/h3>\n<ul>\n<li>Micro Boost Start te explica claramente en qu\u00e9 consiste la microdosificaci\u00f3n<\/li>\n<li>Sesi\u00f3n personal de aproximadamente 40 minutos con un entrenador experimentado<\/li>\n<li>Espacio para preguntas, exploraci\u00f3n y reflexiones pr\u00e1cticas<\/li>\n<li>Sin obligaciones: no vinculante y accesible<\/li>\n<\/ul>\n<h3>Contenido<\/h3>\n<p>El curso consta de una sesi\u00f3n introductoria; introducci\u00f3n a la microdosificaci\u00f3n y al uso consciente del objetivo, complementada con consejos personalizados.<\/p>\n","protected":false},"excerpt":{"rendered":"<p>Micro Boost Start est\u00e1 especialmente dise\u00f1ado para cualquier persona que desee aprender m\u00e1s sobre la microdosificaci\u00f3n y descubrir lo que puede hacer por ellos de una manera accesible. En una sesi\u00f3n de unos 40 minutos, se le presentar\u00e1n los fundamentos de la microdosificaci\u00f3n y c\u00f3mo puede apoyar el desarrollo personal cuando se combina con el [&hellip;]<\/p>\n","protected":false},"featured_media":54956,"comment_status":"closed","ping_status":"closed","template":"","meta":[],"product_brand":[],"product_cat":[124],"product_tag":[],"class_list":{"0":"post-55169","1":"product","2":"type-product","3":"status-publish","4":"has-post-thumbnail","6":"product_cat-microdosificacion","8":"first","9":"instock","10":"downloadable","11":"virtual","12":"taxable","13":"purchasable","14":"product-type-simple"},"yoast_head":"<!-- This site is optimized with the Yoast SEO Premium plugin v26.4 (Yoast SEO v27.2) - https:\/\/yoast.com\/product\/yoast-seo-premium-wordpress\/ -->\n<title>Micro Boost Start - Inicie su Coaching con Perspicacia y Enfoque<\/title>\n<meta name=\"description\" content=\"Comience su viaje de crecimiento personal con un coaching 1 a 1 de 40 min. Claridad, direcci\u00f3n y un primer paso hacia la transformaci\u00f3n con microdosificaci\u00f3n.\" \/>\n<meta name=\"robots\" content=\"index, follow, max-snippet:-1, max-image-preview:large, max-video-preview:-1\" \/>\n<link rel=\"canonical\" href=\"https:\/\/dutchmicrodosing.com\/es\/microdosificacion\/micro-boost-start-coaching\/\" \/>\n<meta property=\"og:locale\" content=\"es_ES\" \/>\n<meta property=\"og:type\" content=\"article\" \/>\n<meta property=\"og:title\" content=\"Micro Boost Start - Coaching\" \/>\n<meta property=\"og:description\" content=\"Micro Boost Start est\u00e1 especialmente dise\u00f1ado para cualquier persona que desee aprender m\u00e1s sobre la microdosificaci\u00f3n y descubrir lo que puede hacer por\" \/>\n<meta property=\"og:url\" content=\"https:\/\/dutchmicrodosing.com\/es\/microdosificacion\/micro-boost-start-coaching\/\" \/>\n<meta property=\"og:site_name\" content=\"Dutchmicrodosing\" \/>\n<meta property=\"article:publisher\" content=\"https:\/\/www.facebook.com\/Dutchmicrodosingxp\/\" \/>\n<meta property=\"article:modified_time\" content=\"2025-09-01T16:00:25+00:00\" \/>\n<meta property=\"og:image\" content=\"https:\/\/dutchmicrodosing.com\/wp-content\/uploads\/2025\/08\/b282d6d2-5229-42be-b568-458c20ca5a11.png\" \/>\n\t<meta property=\"og:image:width\" content=\"1024\" \/>\n\t<meta property=\"og:image:height\" content=\"1024\" \/>\n\t<meta property=\"og:image:type\" content=\"image\/png\" \/>\n<meta name=\"twitter:card\" content=\"summary_large_image\" \/>\n<script type=\"application\/ld+json\" class=\"yoast-schema-graph\">{\"@context\":\"https:\/\/schema.org\",\"@graph\":[{\"@type\":\"WebPage\",\"@id\":\"https:\/\/dutchmicrodosing.com\/es\/microdosificacion\/micro-boost-start-coaching\/\",\"url\":\"https:\/\/dutchmicrodosing.com\/es\/microdosificacion\/micro-boost-start-coaching\/\",\"name\":\"Micro Boost Start - Inicie su Coaching con Perspicacia y Enfoque\",\"isPartOf\":{\"@id\":\"https:\/\/dutchmicrodosing.com\/es\/#website\"},\"primaryImageOfPage\":{\"@id\":\"https:\/\/dutchmicrodosing.com\/es\/microdosificacion\/micro-boost-start-coaching\/#primaryimage\"},\"image\":{\"@id\":\"https:\/\/dutchmicrodosing.com\/es\/microdosificacion\/micro-boost-start-coaching\/#primaryimage\"},\"thumbnailUrl\":\"https:\/\/dutchmicrodosing.com\/wp-content\/uploads\/2025\/08\/b282d6d2-5229-42be-b568-458c20ca5a11.png\",\"datePublished\":\"2025-05-21T18:32:17+00:00\",\"dateModified\":\"2025-09-01T16:00:25+00:00\",\"description\":\"Comience su viaje de crecimiento personal con un coaching 1 a 1 de 40 min. Claridad, direcci\u00f3n y un primer paso hacia la transformaci\u00f3n con microdosificaci\u00f3n.\",\"breadcrumb\":{\"@id\":\"https:\/\/dutchmicrodosing.com\/es\/microdosificacion\/micro-boost-start-coaching\/#breadcrumb\"},\"inLanguage\":\"es\",\"potentialAction\":[{\"@type\":\"ReadAction\",\"target\":[\"https:\/\/dutchmicrodosing.com\/es\/microdosificacion\/micro-boost-start-coaching\/\"]}]},{\"@type\":\"ImageObject\",\"inLanguage\":\"es\",\"@id\":\"https:\/\/dutchmicrodosing.com\/es\/microdosificacion\/micro-boost-start-coaching\/#primaryimage\",\"url\":\"https:\/\/dutchmicrodosing.com\/wp-content\/uploads\/2025\/08\/b282d6d2-5229-42be-b568-458c20ca5a11.png\",\"contentUrl\":\"https:\/\/dutchmicrodosing.com\/wp-content\/uploads\/2025\/08\/b282d6d2-5229-42be-b568-458c20ca5a11.png\",\"width\":1024,\"height\":1024,\"caption\":\"microdose start\"},{\"@type\":\"BreadcrumbList\",\"@id\":\"https:\/\/dutchmicrodosing.com\/es\/microdosificacion\/micro-boost-start-coaching\/#breadcrumb\",\"itemListElement\":[{\"@type\":\"ListItem\",\"position\":1,\"name\":\"Home\",\"item\":\"https:\/\/dutchmicrodosing.com\/es\/\"},{\"@type\":\"ListItem\",\"position\":2,\"name\":\"Tienda\",\"item\":\"https:\/\/dutchmicrodosing.com\/es\/tienda\/\"},{\"@type\":\"ListItem\",\"position\":3,\"name\":\"Micro Boost Start &#8211; Coaching\"}]},{\"@type\":\"WebSite\",\"@id\":\"https:\/\/dutchmicrodosing.com\/es\/#website\",\"url\":\"https:\/\/dutchmicrodosing.com\/es\/\",\"name\":\"Dutchmicrodosing\",\"description\":\"\",\"publisher\":{\"@id\":\"https:\/\/dutchmicrodosing.com\/es\/#organization\"},\"potentialAction\":[{\"@type\":\"SearchAction\",\"target\":{\"@type\":\"EntryPoint\",\"urlTemplate\":\"https:\/\/dutchmicrodosing.com\/es\/?s={search_term_string}\"},\"query-input\":{\"@type\":\"PropertyValueSpecification\",\"valueRequired\":true,\"valueName\":\"search_term_string\"}}],\"inLanguage\":\"es\"},{\"@type\":\"Organization\",\"@id\":\"https:\/\/dutchmicrodosing.com\/es\/#organization\",\"name\":\"Dutchmicrodosing\",\"url\":\"https:\/\/dutchmicrodosing.com\/es\/\",\"logo\":{\"@type\":\"ImageObject\",\"inLanguage\":\"es\",\"@id\":\"https:\/\/dutchmicrodosing.com\/es\/#\/schema\/logo\/image\/\",\"url\":\"https:\/\/dutchmicrodosing.com\/wp-content\/uploads\/2021\/01\/microdosing-categorie-pic-nieuw.jpg\",\"contentUrl\":\"https:\/\/dutchmicrodosing.com\/wp-content\/uploads\/2021\/01\/microdosing-categorie-pic-nieuw.jpg\",\"width\":500,\"height\":500,\"caption\":\"Dutchmicrodosing\"},\"image\":{\"@id\":\"https:\/\/dutchmicrodosing.com\/es\/#\/schema\/logo\/image\/\"},\"sameAs\":[\"https:\/\/www.facebook.com\/Dutchmicrodosingxp\/\",\"https:\/\/www.instagram.com\/dutchmicrodosing\/\"]}]}<\/script>\n<meta property=\"product:price:amount\" content=\"75.00\" \/>\n<meta property=\"product:price:currency\" content=\"EUR\" \/>\n<meta property=\"og:availability\" content=\"instock\" \/>\n<meta property=\"product:availability\" content=\"instock\" \/>\n<meta property=\"product:retailer_item_id\" content=\"5208782\" \/>\n<meta property=\"product:condition\" content=\"new\" \/>\n<!-- \/ Yoast SEO Premium plugin. -->","yoast_head_json":{"title":"Micro Boost Start - Inicie su Coaching con Perspicacia y Enfoque","description":"Comience su viaje de crecimiento personal con un coaching 1 a 1 de 40 min. Claridad, direcci\u00f3n y un primer paso hacia la transformaci\u00f3n con microdosificaci\u00f3n.","robots":{"index":"index","follow":"follow","max-snippet":"max-snippet:-1","max-image-preview":"max-image-preview:large","max-video-preview":"max-video-preview:-1"},"canonical":"https:\/\/dutchmicrodosing.com\/es\/microdosificacion\/micro-boost-start-coaching\/","og_locale":"es_ES","og_type":"article","og_title":"Micro Boost Start - Coaching","og_description":"Micro Boost Start est\u00e1 especialmente dise\u00f1ado para cualquier persona que desee aprender m\u00e1s sobre la microdosificaci\u00f3n y descubrir lo que puede hacer por","og_url":"https:\/\/dutchmicrodosing.com\/es\/microdosificacion\/micro-boost-start-coaching\/","og_site_name":"Dutchmicrodosing","article_publisher":"https:\/\/www.facebook.com\/Dutchmicrodosingxp\/","article_modified_time":"2025-09-01T16:00:25+00:00","og_image":[{"width":1024,"height":1024,"url":"https:\/\/dutchmicrodosing.com\/wp-content\/uploads\/2025\/08\/b282d6d2-5229-42be-b568-458c20ca5a11.png","type":"image\/png"}],"twitter_card":"summary_large_image","schema":{"@context":"https:\/\/schema.org","@graph":[{"@type":"WebPage","@id":"https:\/\/dutchmicrodosing.com\/es\/microdosificacion\/micro-boost-start-coaching\/","url":"https:\/\/dutchmicrodosing.com\/es\/microdosificacion\/micro-boost-start-coaching\/","name":"Micro Boost Start - Inicie su Coaching con Perspicacia y Enfoque","isPartOf":{"@id":"https:\/\/dutchmicrodosing.com\/es\/#website"},"primaryImageOfPage":{"@id":"https:\/\/dutchmicrodosing.com\/es\/microdosificacion\/micro-boost-start-coaching\/#primaryimage"},"image":{"@id":"https:\/\/dutchmicrodosing.com\/es\/microdosificacion\/micro-boost-start-coaching\/#primaryimage"},"thumbnailUrl":"https:\/\/dutchmicrodosing.com\/wp-content\/uploads\/2025\/08\/b282d6d2-5229-42be-b568-458c20ca5a11.png","datePublished":"2025-05-21T18:32:17+00:00","dateModified":"2025-09-01T16:00:25+00:00","description":"Comience su viaje de crecimiento personal con un coaching 1 a 1 de 40 min. Claridad, direcci\u00f3n y un primer paso hacia la transformaci\u00f3n con microdosificaci\u00f3n.","breadcrumb":{"@id":"https:\/\/dutchmicrodosing.com\/es\/microdosificacion\/micro-boost-start-coaching\/#breadcrumb"},"inLanguage":"es","potentialAction":[{"@type":"ReadAction","target":["https:\/\/dutchmicrodosing.com\/es\/microdosificacion\/micro-boost-start-coaching\/"]}]},{"@type":"ImageObject","inLanguage":"es","@id":"https:\/\/dutchmicrodosing.com\/es\/microdosificacion\/micro-boost-start-coaching\/#primaryimage","url":"https:\/\/dutchmicrodosing.com\/wp-content\/uploads\/2025\/08\/b282d6d2-5229-42be-b568-458c20ca5a11.png","contentUrl":"https:\/\/dutchmicrodosing.com\/wp-content\/uploads\/2025\/08\/b282d6d2-5229-42be-b568-458c20ca5a11.png","width":1024,"height":1024,"caption":"microdose start"},{"@type":"BreadcrumbList","@id":"https:\/\/dutchmicrodosing.com\/es\/microdosificacion\/micro-boost-start-coaching\/#breadcrumb","itemListElement":[{"@type":"ListItem","position":1,"name":"Home","item":"https:\/\/dutchmicrodosing.com\/es\/"},{"@type":"ListItem","position":2,"name":"Tienda","item":"https:\/\/dutchmicrodosing.com\/es\/tienda\/"},{"@type":"ListItem","position":3,"name":"Micro Boost Start &#8211; Coaching"}]},{"@type":"WebSite","@id":"https:\/\/dutchmicrodosing.com\/es\/#website","url":"https:\/\/dutchmicrodosing.com\/es\/","name":"Dutchmicrodosing","description":"","publisher":{"@id":"https:\/\/dutchmicrodosing.com\/es\/#organization"},"potentialAction":[{"@type":"SearchAction","target":{"@type":"EntryPoint","urlTemplate":"https:\/\/dutchmicrodosing.com\/es\/?s={search_term_string}"},"query-input":{"@type":"PropertyValueSpecification","valueRequired":true,"valueName":"search_term_string"}}],"inLanguage":"es"},{"@type":"Organization","@id":"https:\/\/dutchmicrodosing.com\/es\/#organization","name":"Dutchmicrodosing","url":"https:\/\/dutchmicrodosing.com\/es\/","logo":{"@type":"ImageObject","inLanguage":"es","@id":"https:\/\/dutchmicrodosing.com\/es\/#\/schema\/logo\/image\/","url":"https:\/\/dutchmicrodosing.com\/wp-content\/uploads\/2021\/01\/microdosing-categorie-pic-nieuw.jpg","contentUrl":"https:\/\/dutchmicrodosing.com\/wp-content\/uploads\/2021\/01\/microdosing-categorie-pic-nieuw.jpg","width":500,"height":500,"caption":"Dutchmicrodosing"},"image":{"@id":"https:\/\/dutchmicrodosing.com\/es\/#\/schema\/logo\/image\/"},"sameAs":["https:\/\/www.facebook.com\/Dutchmicrodosingxp\/","https:\/\/www.instagram.com\/dutchmicrodosing\/"]}]},"product_price_amount":"75.00","product_price_currency":"EUR","og_availability":"instock","product_availability":"instock","product_retailer_item_id":"5208782","product_condition":"new"},"_links":{"self":[{"href":"https:\/\/dutchmicrodosing.com\/es\/wp-json\/wp\/v2\/product\/55169","targetHints":{"allow":["GET"]}}],"collection":[{"href":"https:\/\/dutchmicrodosing.com\/es\/wp-json\/wp\/v2\/product"}],"about":[{"href":"https:\/\/dutchmicrodosing.com\/es\/wp-json\/wp\/v2\/types\/product"}],"replies":[{"embeddable":true,"href":"https:\/\/dutchmicrodosing.com\/es\/wp-json\/wp\/v2\/comments?post=55169"}],"version-history":[{"count":0,"href":"https:\/\/dutchmicrodosing.com\/es\/wp-json\/wp\/v2\/product\/55169\/revisions"}],"wp:featuredmedia":[{"embeddable":true,"href":"https:\/\/dutchmicrodosing.com\/es\/wp-json\/wp\/v2\/media\/54956"}],"wp:attachment":[{"href":"https:\/\/dutchmicrodosing.com\/es\/wp-json\/wp\/v2\/media?parent=55169"}],"wp:term":[{"taxonomy":"product_brand","embeddable":true,"href":"https:\/\/dutchmicrodosing.com\/es\/wp-json\/wp\/v2\/product_brand?post=55169"},{"taxonomy":"product_cat","embeddable":true,"href":"https:\/\/dutchmicrodosing.com\/es\/wp-json\/wp\/v2\/product_cat?post=55169"},{"taxonomy":"product_tag","embeddable":true,"href":"https:\/\/dutchmicrodosing.com\/es\/wp-json\/wp\/v2\/product_tag?post=55169"}],"curies":[{"name":"wp","href":"https:\/\/api.w.org\/{rel}","templated":true}]}}