{"id":55186,"date":"2025-05-21T20:36:21","date_gmt":"2025-05-21T18:36:21","guid":{"rendered":"https:\/\/dutchmicrodosing.com\/shop\/sin%20categor\u00eda\/bienestar-y-equilibrio-coaching\/"},"modified":"2025-09-01T17:56:19","modified_gmt":"2025-09-01T15:56:19","slug":"bienestar-y-equilibrio-coaching","status":"publish","type":"product","link":"https:\/\/dutchmicrodosing.com\/es\/microdosificacion\/bienestar-y-equilibrio-coaching\/","title":{"rendered":"Bienestar y Equilibrio &#8211; Coaching"},"content":{"rendered":"<p><strong>Maestr\u00eda en Bienestar y Equilibrio<\/strong> es un programa intensivo de ocho sesiones dise\u00f1ado espec\u00edficamente para aquellos que anhelan una transformaci\u00f3n profunda y un cambio duradero. Este programa de coaching ofrece un espacio para llegar realmente a la esencia de lo que piensas, sientes y haces.<\/p>\n<p>Junto con un coach experimentado, trabajar\u00e1s para romper viejos esquemas, fortalecer tu fuerza interior y crear paz y equilibrio en tu vida. Se empieza con una sesi\u00f3n introductoria de 90 minutos, seguida de ocho sesiones de coaching de 60 minutos. No hay soluciones r\u00e1pidas, sino un proceso sostenible que te sit\u00faa en el centro.<\/p>\n<h3>Caracter\u00edsticas<\/h3>\n<ul>\n<li>Ocho sesiones individuales en profundidad con orientaci\u00f3n personal<\/li>\n<li>Centrarse en el equilibrio, la reducci\u00f3n del estr\u00e9s y la autoconciencia<\/li>\n<li>Espacio para reconocer y romper viejos esquemas<\/li>\n<li>Fortalece tu fuerza interior y tu autoconocimiento<\/li>\n<li>Posibilidad de integrar la microdosificaci\u00f3n (opcional y no obligatoria)<\/li>\n<\/ul>\n<h3>Contenido<\/h3>\n<p>El programa consta de una sesi\u00f3n introductoria y ocho sesiones de coaching que a\u00fanan orientaci\u00f3n, reflexi\u00f3n y acci\u00f3n.<\/p>\n","protected":false},"excerpt":{"rendered":"<p>Maestr\u00eda en Bienestar y Equilibrio es un programa intensivo de ocho sesiones dise\u00f1ado espec\u00edficamente para aquellos que anhelan una transformaci\u00f3n profunda y un cambio duradero. Este programa de coaching ofrece un espacio para llegar realmente a la esencia de lo que piensas, sientes y haces. Junto con un coach experimentado, trabajar\u00e1s para romper viejos esquemas, [&hellip;]<\/p>\n","protected":false},"featured_media":54947,"comment_status":"closed","ping_status":"closed","template":"","meta":[],"product_brand":[],"product_cat":[124],"product_tag":[],"class_list":{"0":"post-55186","1":"product","2":"type-product","3":"status-publish","4":"has-post-thumbnail","6":"product_cat-microdosificacion","8":"first","9":"instock","10":"downloadable","11":"virtual","12":"taxable","13":"purchasable","14":"product-type-simple"},"yoast_head":"<!-- This site is optimized with the Yoast SEO Premium plugin v26.4 (Yoast SEO v27.2) - https:\/\/yoast.com\/product\/yoast-seo-premium-wordpress\/ -->\n<title>Maestr\u00eda en Bienestar y Equilibrio - Coaching para el Descanso Interior<\/title>\n<meta name=\"description\" content=\"Experimente el equilibrio y el bienestar con este programa de coaching de 9 sesiones. Profundiza en tu visi\u00f3n de ti mismo, refuerza tu resiliencia y vive desde la paz y la consciencia.\" \/>\n<meta name=\"robots\" content=\"index, follow, max-snippet:-1, max-image-preview:large, max-video-preview:-1\" \/>\n<link rel=\"canonical\" href=\"https:\/\/dutchmicrodosing.com\/es\/microdosificacion\/bienestar-y-equilibrio-coaching\/\" \/>\n<meta property=\"og:locale\" content=\"es_ES\" \/>\n<meta property=\"og:type\" content=\"article\" \/>\n<meta property=\"og:title\" content=\"Bienestar y Equilibrio - Coaching\" \/>\n<meta property=\"og:description\" content=\"Maestr\u00eda en Bienestar y Equilibrio es un programa intensivo de ocho sesiones dise\u00f1ado espec\u00edficamente para aquellos que anhelan una transformaci\u00f3n\" \/>\n<meta property=\"og:url\" content=\"https:\/\/dutchmicrodosing.com\/es\/microdosificacion\/bienestar-y-equilibrio-coaching\/\" \/>\n<meta property=\"og:site_name\" content=\"Dutchmicrodosing\" \/>\n<meta property=\"article:publisher\" content=\"https:\/\/www.facebook.com\/Dutchmicrodosingxp\/\" \/>\n<meta property=\"article:modified_time\" content=\"2025-09-01T15:56:19+00:00\" \/>\n<meta property=\"og:image\" content=\"https:\/\/dutchmicrodosing.com\/wp-content\/uploads\/2025\/08\/447b653f-710b-4127-8b3d-f1fd2ad7c02b.png\" \/>\n\t<meta property=\"og:image:width\" content=\"1024\" \/>\n\t<meta property=\"og:image:height\" content=\"1024\" \/>\n\t<meta property=\"og:image:type\" content=\"image\/png\" \/>\n<meta name=\"twitter:card\" content=\"summary_large_image\" \/>\n<script type=\"application\/ld+json\" class=\"yoast-schema-graph\">{\"@context\":\"https:\/\/schema.org\",\"@graph\":[{\"@type\":\"WebPage\",\"@id\":\"https:\/\/dutchmicrodosing.com\/es\/microdosificacion\/bienestar-y-equilibrio-coaching\/\",\"url\":\"https:\/\/dutchmicrodosing.com\/es\/microdosificacion\/bienestar-y-equilibrio-coaching\/\",\"name\":\"Maestr\u00eda en Bienestar y Equilibrio - Coaching para el Descanso Interior\",\"isPartOf\":{\"@id\":\"https:\/\/dutchmicrodosing.com\/es\/#website\"},\"primaryImageOfPage\":{\"@id\":\"https:\/\/dutchmicrodosing.com\/es\/microdosificacion\/bienestar-y-equilibrio-coaching\/#primaryimage\"},\"image\":{\"@id\":\"https:\/\/dutchmicrodosing.com\/es\/microdosificacion\/bienestar-y-equilibrio-coaching\/#primaryimage\"},\"thumbnailUrl\":\"https:\/\/dutchmicrodosing.com\/wp-content\/uploads\/2025\/08\/447b653f-710b-4127-8b3d-f1fd2ad7c02b.png\",\"datePublished\":\"2025-05-21T18:36:21+00:00\",\"dateModified\":\"2025-09-01T15:56:19+00:00\",\"description\":\"Experimente el equilibrio y el bienestar con este programa de coaching de 9 sesiones. Profundiza en tu visi\u00f3n de ti mismo, refuerza tu resiliencia y vive desde la paz y la consciencia.\",\"breadcrumb\":{\"@id\":\"https:\/\/dutchmicrodosing.com\/es\/microdosificacion\/bienestar-y-equilibrio-coaching\/#breadcrumb\"},\"inLanguage\":\"es\",\"potentialAction\":[{\"@type\":\"ReadAction\",\"target\":[\"https:\/\/dutchmicrodosing.com\/es\/microdosificacion\/bienestar-y-equilibrio-coaching\/\"]}]},{\"@type\":\"ImageObject\",\"inLanguage\":\"es\",\"@id\":\"https:\/\/dutchmicrodosing.com\/es\/microdosificacion\/bienestar-y-equilibrio-coaching\/#primaryimage\",\"url\":\"https:\/\/dutchmicrodosing.com\/wp-content\/uploads\/2025\/08\/447b653f-710b-4127-8b3d-f1fd2ad7c02b.png\",\"contentUrl\":\"https:\/\/dutchmicrodosing.com\/wp-content\/uploads\/2025\/08\/447b653f-710b-4127-8b3d-f1fd2ad7c02b.png\",\"width\":1024,\"height\":1024,\"caption\":\"WELL-BEING &amp; BALANCE MASTERY\u200b\"},{\"@type\":\"BreadcrumbList\",\"@id\":\"https:\/\/dutchmicrodosing.com\/es\/microdosificacion\/bienestar-y-equilibrio-coaching\/#breadcrumb\",\"itemListElement\":[{\"@type\":\"ListItem\",\"position\":1,\"name\":\"Home\",\"item\":\"https:\/\/dutchmicrodosing.com\/es\/\"},{\"@type\":\"ListItem\",\"position\":2,\"name\":\"Tienda\",\"item\":\"https:\/\/dutchmicrodosing.com\/es\/tienda\/\"},{\"@type\":\"ListItem\",\"position\":3,\"name\":\"Bienestar y Equilibrio &#8211; Coaching\"}]},{\"@type\":\"WebSite\",\"@id\":\"https:\/\/dutchmicrodosing.com\/es\/#website\",\"url\":\"https:\/\/dutchmicrodosing.com\/es\/\",\"name\":\"Dutchmicrodosing\",\"description\":\"\",\"publisher\":{\"@id\":\"https:\/\/dutchmicrodosing.com\/es\/#organization\"},\"potentialAction\":[{\"@type\":\"SearchAction\",\"target\":{\"@type\":\"EntryPoint\",\"urlTemplate\":\"https:\/\/dutchmicrodosing.com\/es\/?s={search_term_string}\"},\"query-input\":{\"@type\":\"PropertyValueSpecification\",\"valueRequired\":true,\"valueName\":\"search_term_string\"}}],\"inLanguage\":\"es\"},{\"@type\":\"Organization\",\"@id\":\"https:\/\/dutchmicrodosing.com\/es\/#organization\",\"name\":\"Dutchmicrodosing\",\"url\":\"https:\/\/dutchmicrodosing.com\/es\/\",\"logo\":{\"@type\":\"ImageObject\",\"inLanguage\":\"es\",\"@id\":\"https:\/\/dutchmicrodosing.com\/es\/#\/schema\/logo\/image\/\",\"url\":\"https:\/\/dutchmicrodosing.com\/wp-content\/uploads\/2021\/01\/microdosing-categorie-pic-nieuw.jpg\",\"contentUrl\":\"https:\/\/dutchmicrodosing.com\/wp-content\/uploads\/2021\/01\/microdosing-categorie-pic-nieuw.jpg\",\"width\":500,\"height\":500,\"caption\":\"Dutchmicrodosing\"},\"image\":{\"@id\":\"https:\/\/dutchmicrodosing.com\/es\/#\/schema\/logo\/image\/\"},\"sameAs\":[\"https:\/\/www.facebook.com\/Dutchmicrodosingxp\/\",\"https:\/\/www.instagram.com\/dutchmicrodosing\/\"]}]}<\/script>\n<meta property=\"product:price:amount\" content=\"1375.00\" \/>\n<meta property=\"product:price:currency\" content=\"EUR\" \/>\n<meta property=\"og:availability\" content=\"instock\" \/>\n<meta property=\"product:availability\" content=\"instock\" \/>\n<meta property=\"product:retailer_item_id\" content=\"5208940\" \/>\n<meta property=\"product:condition\" content=\"new\" \/>\n<!-- \/ Yoast SEO Premium plugin. -->","yoast_head_json":{"title":"Maestr\u00eda en Bienestar y Equilibrio - Coaching para el Descanso Interior","description":"Experimente el equilibrio y el bienestar con este programa de coaching de 9 sesiones. Profundiza en tu visi\u00f3n de ti mismo, refuerza tu resiliencia y vive desde la paz y la consciencia.","robots":{"index":"index","follow":"follow","max-snippet":"max-snippet:-1","max-image-preview":"max-image-preview:large","max-video-preview":"max-video-preview:-1"},"canonical":"https:\/\/dutchmicrodosing.com\/es\/microdosificacion\/bienestar-y-equilibrio-coaching\/","og_locale":"es_ES","og_type":"article","og_title":"Bienestar y Equilibrio - Coaching","og_description":"Maestr\u00eda en Bienestar y Equilibrio es un programa intensivo de ocho sesiones dise\u00f1ado espec\u00edficamente para aquellos que anhelan una transformaci\u00f3n","og_url":"https:\/\/dutchmicrodosing.com\/es\/microdosificacion\/bienestar-y-equilibrio-coaching\/","og_site_name":"Dutchmicrodosing","article_publisher":"https:\/\/www.facebook.com\/Dutchmicrodosingxp\/","article_modified_time":"2025-09-01T15:56:19+00:00","og_image":[{"width":1024,"height":1024,"url":"https:\/\/dutchmicrodosing.com\/wp-content\/uploads\/2025\/08\/447b653f-710b-4127-8b3d-f1fd2ad7c02b.png","type":"image\/png"}],"twitter_card":"summary_large_image","schema":{"@context":"https:\/\/schema.org","@graph":[{"@type":"WebPage","@id":"https:\/\/dutchmicrodosing.com\/es\/microdosificacion\/bienestar-y-equilibrio-coaching\/","url":"https:\/\/dutchmicrodosing.com\/es\/microdosificacion\/bienestar-y-equilibrio-coaching\/","name":"Maestr\u00eda en Bienestar y Equilibrio - Coaching para el Descanso Interior","isPartOf":{"@id":"https:\/\/dutchmicrodosing.com\/es\/#website"},"primaryImageOfPage":{"@id":"https:\/\/dutchmicrodosing.com\/es\/microdosificacion\/bienestar-y-equilibrio-coaching\/#primaryimage"},"image":{"@id":"https:\/\/dutchmicrodosing.com\/es\/microdosificacion\/bienestar-y-equilibrio-coaching\/#primaryimage"},"thumbnailUrl":"https:\/\/dutchmicrodosing.com\/wp-content\/uploads\/2025\/08\/447b653f-710b-4127-8b3d-f1fd2ad7c02b.png","datePublished":"2025-05-21T18:36:21+00:00","dateModified":"2025-09-01T15:56:19+00:00","description":"Experimente el equilibrio y el bienestar con este programa de coaching de 9 sesiones. Profundiza en tu visi\u00f3n de ti mismo, refuerza tu resiliencia y vive desde la paz y la consciencia.","breadcrumb":{"@id":"https:\/\/dutchmicrodosing.com\/es\/microdosificacion\/bienestar-y-equilibrio-coaching\/#breadcrumb"},"inLanguage":"es","potentialAction":[{"@type":"ReadAction","target":["https:\/\/dutchmicrodosing.com\/es\/microdosificacion\/bienestar-y-equilibrio-coaching\/"]}]},{"@type":"ImageObject","inLanguage":"es","@id":"https:\/\/dutchmicrodosing.com\/es\/microdosificacion\/bienestar-y-equilibrio-coaching\/#primaryimage","url":"https:\/\/dutchmicrodosing.com\/wp-content\/uploads\/2025\/08\/447b653f-710b-4127-8b3d-f1fd2ad7c02b.png","contentUrl":"https:\/\/dutchmicrodosing.com\/wp-content\/uploads\/2025\/08\/447b653f-710b-4127-8b3d-f1fd2ad7c02b.png","width":1024,"height":1024,"caption":"WELL-BEING &amp; BALANCE MASTERY\u200b"},{"@type":"BreadcrumbList","@id":"https:\/\/dutchmicrodosing.com\/es\/microdosificacion\/bienestar-y-equilibrio-coaching\/#breadcrumb","itemListElement":[{"@type":"ListItem","position":1,"name":"Home","item":"https:\/\/dutchmicrodosing.com\/es\/"},{"@type":"ListItem","position":2,"name":"Tienda","item":"https:\/\/dutchmicrodosing.com\/es\/tienda\/"},{"@type":"ListItem","position":3,"name":"Bienestar y Equilibrio &#8211; Coaching"}]},{"@type":"WebSite","@id":"https:\/\/dutchmicrodosing.com\/es\/#website","url":"https:\/\/dutchmicrodosing.com\/es\/","name":"Dutchmicrodosing","description":"","publisher":{"@id":"https:\/\/dutchmicrodosing.com\/es\/#organization"},"potentialAction":[{"@type":"SearchAction","target":{"@type":"EntryPoint","urlTemplate":"https:\/\/dutchmicrodosing.com\/es\/?s={search_term_string}"},"query-input":{"@type":"PropertyValueSpecification","valueRequired":true,"valueName":"search_term_string"}}],"inLanguage":"es"},{"@type":"Organization","@id":"https:\/\/dutchmicrodosing.com\/es\/#organization","name":"Dutchmicrodosing","url":"https:\/\/dutchmicrodosing.com\/es\/","logo":{"@type":"ImageObject","inLanguage":"es","@id":"https:\/\/dutchmicrodosing.com\/es\/#\/schema\/logo\/image\/","url":"https:\/\/dutchmicrodosing.com\/wp-content\/uploads\/2021\/01\/microdosing-categorie-pic-nieuw.jpg","contentUrl":"https:\/\/dutchmicrodosing.com\/wp-content\/uploads\/2021\/01\/microdosing-categorie-pic-nieuw.jpg","width":500,"height":500,"caption":"Dutchmicrodosing"},"image":{"@id":"https:\/\/dutchmicrodosing.com\/es\/#\/schema\/logo\/image\/"},"sameAs":["https:\/\/www.facebook.com\/Dutchmicrodosingxp\/","https:\/\/www.instagram.com\/dutchmicrodosing\/"]}]},"product_price_amount":"1375.00","product_price_currency":"EUR","og_availability":"instock","product_availability":"instock","product_retailer_item_id":"5208940","product_condition":"new"},"_links":{"self":[{"href":"https:\/\/dutchmicrodosing.com\/es\/wp-json\/wp\/v2\/product\/55186","targetHints":{"allow":["GET"]}}],"collection":[{"href":"https:\/\/dutchmicrodosing.com\/es\/wp-json\/wp\/v2\/product"}],"about":[{"href":"https:\/\/dutchmicrodosing.com\/es\/wp-json\/wp\/v2\/types\/product"}],"replies":[{"embeddable":true,"href":"https:\/\/dutchmicrodosing.com\/es\/wp-json\/wp\/v2\/comments?post=55186"}],"version-history":[{"count":0,"href":"https:\/\/dutchmicrodosing.com\/es\/wp-json\/wp\/v2\/product\/55186\/revisions"}],"wp:featuredmedia":[{"embeddable":true,"href":"https:\/\/dutchmicrodosing.com\/es\/wp-json\/wp\/v2\/media\/54947"}],"wp:attachment":[{"href":"https:\/\/dutchmicrodosing.com\/es\/wp-json\/wp\/v2\/media?parent=55186"}],"wp:term":[{"taxonomy":"product_brand","embeddable":true,"href":"https:\/\/dutchmicrodosing.com\/es\/wp-json\/wp\/v2\/product_brand?post=55186"},{"taxonomy":"product_cat","embeddable":true,"href":"https:\/\/dutchmicrodosing.com\/es\/wp-json\/wp\/v2\/product_cat?post=55186"},{"taxonomy":"product_tag","embeddable":true,"href":"https:\/\/dutchmicrodosing.com\/es\/wp-json\/wp\/v2\/product_tag?post=55186"}],"curies":[{"name":"wp","href":"https:\/\/api.w.org\/{rel}","templated":true}]}}