{"id":55194,"date":"2025-05-21T20:33:44","date_gmt":"2025-05-21T18:33:44","guid":{"rendered":"https:\/\/dutchmicrodosing.com\/shop\/sin%20categor\u00eda\/acelerador-de-crecimiento-personal-coaching\/"},"modified":"2025-09-01T17:51:59","modified_gmt":"2025-09-01T15:51:59","slug":"acelerador-de-crecimiento-personal-coaching","status":"publish","type":"product","link":"https:\/\/dutchmicrodosing.com\/es\/microdosificacion\/acelerador-de-crecimiento-personal-coaching\/","title":{"rendered":"Acelerador de crecimiento personal &#8211; Coaching"},"content":{"rendered":"<p><strong>El Acelerador de Crecimiento Personal<\/strong> est\u00e1 dise\u00f1ado para cualquier persona que se tome en serio el desarrollo personal, la concienciaci\u00f3n y la eficacia. Tras una sesi\u00f3n introductoria de 40 minutos, seguir\u00e1n cuatro sesiones de coaching de 60 minutos en las que trabajar\u00e1s con determinaci\u00f3n en tu crecimiento.<\/p>\n<h3>Caracter\u00edsticas<\/h3>\n<ul>\n<li>Entrenamiento en profundidad combinado con microdosificaci\u00f3n<\/li>\n<li>Trabajo centrado en objetivos y pautas personales<\/li>\n<li>Herramientas pr\u00e1cticas de aplicaci\u00f3n inmediata en la vida cotidiana<\/li>\n<li>Espacio para explorar y superar bloqueos<\/li>\n<li>Para cualquiera que no s\u00f3lo quiera entender el cambio, sino tambi\u00e9n sentirlo de verdad<\/li>\n<\/ul>\n<h3>Contenido<\/h3>\n<p>El programa consta de una sesi\u00f3n introductoria y cuatro sesiones de coaching que a\u00fanan orientaci\u00f3n, reflexi\u00f3n y acci\u00f3n.<\/p>\n","protected":false},"excerpt":{"rendered":"<p>El Acelerador de Crecimiento Personal est\u00e1 dise\u00f1ado para cualquier persona que se tome en serio el desarrollo personal, la concienciaci\u00f3n y la eficacia. Tras una sesi\u00f3n introductoria de 40 minutos, seguir\u00e1n cuatro sesiones de coaching de 60 minutos en las que trabajar\u00e1s con determinaci\u00f3n en tu crecimiento. Caracter\u00edsticas Entrenamiento en profundidad combinado con microdosificaci\u00f3n Trabajo [&hellip;]<\/p>\n","protected":false},"featured_media":54972,"comment_status":"closed","ping_status":"closed","template":"","meta":[],"product_brand":[],"product_cat":[124],"product_tag":[],"class_list":{"0":"post-55194","1":"product","2":"type-product","3":"status-publish","4":"has-post-thumbnail","6":"product_cat-microdosificacion","8":"first","9":"instock","10":"downloadable","11":"virtual","12":"taxable","13":"purchasable","14":"product-type-simple"},"yoast_head":"<!-- This site is optimized with the Yoast SEO Premium plugin v26.4 (Yoast SEO v27.2) - https:\/\/yoast.com\/product\/yoast-seo-premium-wordpress\/ -->\n<title>Acelerador de crecimiento personal - Coaching personalizado y en profundidad<\/title>\n<meta name=\"description\" content=\"Impulsa tu desarrollo personal. 4 sesiones de coaching con herramientas pr\u00e1cticas, reflexi\u00f3n y orientaci\u00f3n sobre microdosificaci\u00f3n para un crecimiento sostenible.\" \/>\n<meta name=\"robots\" content=\"index, follow, max-snippet:-1, max-image-preview:large, max-video-preview:-1\" \/>\n<link rel=\"canonical\" href=\"https:\/\/dutchmicrodosing.com\/es\/microdosificacion\/acelerador-de-crecimiento-personal-coaching\/\" \/>\n<meta property=\"og:locale\" content=\"es_ES\" \/>\n<meta property=\"og:type\" content=\"article\" \/>\n<meta property=\"og:title\" content=\"Acelerador de crecimiento personal - Coaching\" \/>\n<meta property=\"og:description\" content=\"El Acelerador de Crecimiento Personal est\u00e1 dise\u00f1ado para cualquier persona que se tome en serio el desarrollo personal, la concienciaci\u00f3n y la eficacia.\" \/>\n<meta property=\"og:url\" content=\"https:\/\/dutchmicrodosing.com\/es\/microdosificacion\/acelerador-de-crecimiento-personal-coaching\/\" \/>\n<meta property=\"og:site_name\" content=\"Dutchmicrodosing\" \/>\n<meta property=\"article:publisher\" content=\"https:\/\/www.facebook.com\/Dutchmicrodosingxp\/\" \/>\n<meta property=\"article:modified_time\" content=\"2025-09-01T15:51:59+00:00\" \/>\n<meta property=\"og:image\" content=\"https:\/\/dutchmicrodosing.com\/wp-content\/uploads\/2025\/08\/d86b7c9b-8dba-4903-8155-98755dfde83e.png\" \/>\n\t<meta property=\"og:image:width\" content=\"1024\" \/>\n\t<meta property=\"og:image:height\" content=\"1024\" \/>\n\t<meta property=\"og:image:type\" content=\"image\/png\" \/>\n<meta name=\"twitter:card\" content=\"summary_large_image\" \/>\n<script type=\"application\/ld+json\" class=\"yoast-schema-graph\">{\"@context\":\"https:\/\/schema.org\",\"@graph\":[{\"@type\":\"WebPage\",\"@id\":\"https:\/\/dutchmicrodosing.com\/es\/microdosificacion\/acelerador-de-crecimiento-personal-coaching\/\",\"url\":\"https:\/\/dutchmicrodosing.com\/es\/microdosificacion\/acelerador-de-crecimiento-personal-coaching\/\",\"name\":\"Acelerador de crecimiento personal - Coaching personalizado y en profundidad\",\"isPartOf\":{\"@id\":\"https:\/\/dutchmicrodosing.com\/es\/#website\"},\"primaryImageOfPage\":{\"@id\":\"https:\/\/dutchmicrodosing.com\/es\/microdosificacion\/acelerador-de-crecimiento-personal-coaching\/#primaryimage\"},\"image\":{\"@id\":\"https:\/\/dutchmicrodosing.com\/es\/microdosificacion\/acelerador-de-crecimiento-personal-coaching\/#primaryimage\"},\"thumbnailUrl\":\"https:\/\/dutchmicrodosing.com\/wp-content\/uploads\/2025\/08\/d86b7c9b-8dba-4903-8155-98755dfde83e.png\",\"datePublished\":\"2025-05-21T18:33:44+00:00\",\"dateModified\":\"2025-09-01T15:51:59+00:00\",\"description\":\"Impulsa tu desarrollo personal. 4 sesiones de coaching con herramientas pr\u00e1cticas, reflexi\u00f3n y orientaci\u00f3n sobre microdosificaci\u00f3n para un crecimiento sostenible.\",\"breadcrumb\":{\"@id\":\"https:\/\/dutchmicrodosing.com\/es\/microdosificacion\/acelerador-de-crecimiento-personal-coaching\/#breadcrumb\"},\"inLanguage\":\"es\",\"potentialAction\":[{\"@type\":\"ReadAction\",\"target\":[\"https:\/\/dutchmicrodosing.com\/es\/microdosificacion\/acelerador-de-crecimiento-personal-coaching\/\"]}]},{\"@type\":\"ImageObject\",\"inLanguage\":\"es\",\"@id\":\"https:\/\/dutchmicrodosing.com\/es\/microdosificacion\/acelerador-de-crecimiento-personal-coaching\/#primaryimage\",\"url\":\"https:\/\/dutchmicrodosing.com\/wp-content\/uploads\/2025\/08\/d86b7c9b-8dba-4903-8155-98755dfde83e.png\",\"contentUrl\":\"https:\/\/dutchmicrodosing.com\/wp-content\/uploads\/2025\/08\/d86b7c9b-8dba-4903-8155-98755dfde83e.png\",\"width\":1024,\"height\":1024,\"caption\":\"PERSONAL GROWTH ACCELERATOR\"},{\"@type\":\"BreadcrumbList\",\"@id\":\"https:\/\/dutchmicrodosing.com\/es\/microdosificacion\/acelerador-de-crecimiento-personal-coaching\/#breadcrumb\",\"itemListElement\":[{\"@type\":\"ListItem\",\"position\":1,\"name\":\"Home\",\"item\":\"https:\/\/dutchmicrodosing.com\/es\/\"},{\"@type\":\"ListItem\",\"position\":2,\"name\":\"Tienda\",\"item\":\"https:\/\/dutchmicrodosing.com\/es\/tienda\/\"},{\"@type\":\"ListItem\",\"position\":3,\"name\":\"Acelerador de crecimiento personal &#8211; Coaching\"}]},{\"@type\":\"WebSite\",\"@id\":\"https:\/\/dutchmicrodosing.com\/es\/#website\",\"url\":\"https:\/\/dutchmicrodosing.com\/es\/\",\"name\":\"Dutchmicrodosing\",\"description\":\"\",\"publisher\":{\"@id\":\"https:\/\/dutchmicrodosing.com\/es\/#organization\"},\"potentialAction\":[{\"@type\":\"SearchAction\",\"target\":{\"@type\":\"EntryPoint\",\"urlTemplate\":\"https:\/\/dutchmicrodosing.com\/es\/?s={search_term_string}\"},\"query-input\":{\"@type\":\"PropertyValueSpecification\",\"valueRequired\":true,\"valueName\":\"search_term_string\"}}],\"inLanguage\":\"es\"},{\"@type\":\"Organization\",\"@id\":\"https:\/\/dutchmicrodosing.com\/es\/#organization\",\"name\":\"Dutchmicrodosing\",\"url\":\"https:\/\/dutchmicrodosing.com\/es\/\",\"logo\":{\"@type\":\"ImageObject\",\"inLanguage\":\"es\",\"@id\":\"https:\/\/dutchmicrodosing.com\/es\/#\/schema\/logo\/image\/\",\"url\":\"https:\/\/dutchmicrodosing.com\/wp-content\/uploads\/2021\/01\/microdosing-categorie-pic-nieuw.jpg\",\"contentUrl\":\"https:\/\/dutchmicrodosing.com\/wp-content\/uploads\/2021\/01\/microdosing-categorie-pic-nieuw.jpg\",\"width\":500,\"height\":500,\"caption\":\"Dutchmicrodosing\"},\"image\":{\"@id\":\"https:\/\/dutchmicrodosing.com\/es\/#\/schema\/logo\/image\/\"},\"sameAs\":[\"https:\/\/www.facebook.com\/Dutchmicrodosingxp\/\",\"https:\/\/www.instagram.com\/dutchmicrodosing\/\"]}]}<\/script>\n<meta property=\"product:price:amount\" content=\"675.00\" \/>\n<meta property=\"product:price:currency\" content=\"EUR\" \/>\n<meta property=\"og:availability\" content=\"instock\" \/>\n<meta property=\"product:availability\" content=\"instock\" \/>\n<meta property=\"product:retailer_item_id\" content=\"5208927\" \/>\n<meta property=\"product:condition\" content=\"new\" \/>\n<!-- \/ Yoast SEO Premium plugin. -->","yoast_head_json":{"title":"Acelerador de crecimiento personal - Coaching personalizado y en profundidad","description":"Impulsa tu desarrollo personal. 4 sesiones de coaching con herramientas pr\u00e1cticas, reflexi\u00f3n y orientaci\u00f3n sobre microdosificaci\u00f3n para un crecimiento sostenible.","robots":{"index":"index","follow":"follow","max-snippet":"max-snippet:-1","max-image-preview":"max-image-preview:large","max-video-preview":"max-video-preview:-1"},"canonical":"https:\/\/dutchmicrodosing.com\/es\/microdosificacion\/acelerador-de-crecimiento-personal-coaching\/","og_locale":"es_ES","og_type":"article","og_title":"Acelerador de crecimiento personal - Coaching","og_description":"El Acelerador de Crecimiento Personal est\u00e1 dise\u00f1ado para cualquier persona que se tome en serio el desarrollo personal, la concienciaci\u00f3n y la eficacia.","og_url":"https:\/\/dutchmicrodosing.com\/es\/microdosificacion\/acelerador-de-crecimiento-personal-coaching\/","og_site_name":"Dutchmicrodosing","article_publisher":"https:\/\/www.facebook.com\/Dutchmicrodosingxp\/","article_modified_time":"2025-09-01T15:51:59+00:00","og_image":[{"width":1024,"height":1024,"url":"https:\/\/dutchmicrodosing.com\/wp-content\/uploads\/2025\/08\/d86b7c9b-8dba-4903-8155-98755dfde83e.png","type":"image\/png"}],"twitter_card":"summary_large_image","schema":{"@context":"https:\/\/schema.org","@graph":[{"@type":"WebPage","@id":"https:\/\/dutchmicrodosing.com\/es\/microdosificacion\/acelerador-de-crecimiento-personal-coaching\/","url":"https:\/\/dutchmicrodosing.com\/es\/microdosificacion\/acelerador-de-crecimiento-personal-coaching\/","name":"Acelerador de crecimiento personal - Coaching personalizado y en profundidad","isPartOf":{"@id":"https:\/\/dutchmicrodosing.com\/es\/#website"},"primaryImageOfPage":{"@id":"https:\/\/dutchmicrodosing.com\/es\/microdosificacion\/acelerador-de-crecimiento-personal-coaching\/#primaryimage"},"image":{"@id":"https:\/\/dutchmicrodosing.com\/es\/microdosificacion\/acelerador-de-crecimiento-personal-coaching\/#primaryimage"},"thumbnailUrl":"https:\/\/dutchmicrodosing.com\/wp-content\/uploads\/2025\/08\/d86b7c9b-8dba-4903-8155-98755dfde83e.png","datePublished":"2025-05-21T18:33:44+00:00","dateModified":"2025-09-01T15:51:59+00:00","description":"Impulsa tu desarrollo personal. 4 sesiones de coaching con herramientas pr\u00e1cticas, reflexi\u00f3n y orientaci\u00f3n sobre microdosificaci\u00f3n para un crecimiento sostenible.","breadcrumb":{"@id":"https:\/\/dutchmicrodosing.com\/es\/microdosificacion\/acelerador-de-crecimiento-personal-coaching\/#breadcrumb"},"inLanguage":"es","potentialAction":[{"@type":"ReadAction","target":["https:\/\/dutchmicrodosing.com\/es\/microdosificacion\/acelerador-de-crecimiento-personal-coaching\/"]}]},{"@type":"ImageObject","inLanguage":"es","@id":"https:\/\/dutchmicrodosing.com\/es\/microdosificacion\/acelerador-de-crecimiento-personal-coaching\/#primaryimage","url":"https:\/\/dutchmicrodosing.com\/wp-content\/uploads\/2025\/08\/d86b7c9b-8dba-4903-8155-98755dfde83e.png","contentUrl":"https:\/\/dutchmicrodosing.com\/wp-content\/uploads\/2025\/08\/d86b7c9b-8dba-4903-8155-98755dfde83e.png","width":1024,"height":1024,"caption":"PERSONAL GROWTH ACCELERATOR"},{"@type":"BreadcrumbList","@id":"https:\/\/dutchmicrodosing.com\/es\/microdosificacion\/acelerador-de-crecimiento-personal-coaching\/#breadcrumb","itemListElement":[{"@type":"ListItem","position":1,"name":"Home","item":"https:\/\/dutchmicrodosing.com\/es\/"},{"@type":"ListItem","position":2,"name":"Tienda","item":"https:\/\/dutchmicrodosing.com\/es\/tienda\/"},{"@type":"ListItem","position":3,"name":"Acelerador de crecimiento personal &#8211; Coaching"}]},{"@type":"WebSite","@id":"https:\/\/dutchmicrodosing.com\/es\/#website","url":"https:\/\/dutchmicrodosing.com\/es\/","name":"Dutchmicrodosing","description":"","publisher":{"@id":"https:\/\/dutchmicrodosing.com\/es\/#organization"},"potentialAction":[{"@type":"SearchAction","target":{"@type":"EntryPoint","urlTemplate":"https:\/\/dutchmicrodosing.com\/es\/?s={search_term_string}"},"query-input":{"@type":"PropertyValueSpecification","valueRequired":true,"valueName":"search_term_string"}}],"inLanguage":"es"},{"@type":"Organization","@id":"https:\/\/dutchmicrodosing.com\/es\/#organization","name":"Dutchmicrodosing","url":"https:\/\/dutchmicrodosing.com\/es\/","logo":{"@type":"ImageObject","inLanguage":"es","@id":"https:\/\/dutchmicrodosing.com\/es\/#\/schema\/logo\/image\/","url":"https:\/\/dutchmicrodosing.com\/wp-content\/uploads\/2021\/01\/microdosing-categorie-pic-nieuw.jpg","contentUrl":"https:\/\/dutchmicrodosing.com\/wp-content\/uploads\/2021\/01\/microdosing-categorie-pic-nieuw.jpg","width":500,"height":500,"caption":"Dutchmicrodosing"},"image":{"@id":"https:\/\/dutchmicrodosing.com\/es\/#\/schema\/logo\/image\/"},"sameAs":["https:\/\/www.facebook.com\/Dutchmicrodosingxp\/","https:\/\/www.instagram.com\/dutchmicrodosing\/"]}]},"product_price_amount":"675.00","product_price_currency":"EUR","og_availability":"instock","product_availability":"instock","product_retailer_item_id":"5208927","product_condition":"new"},"_links":{"self":[{"href":"https:\/\/dutchmicrodosing.com\/es\/wp-json\/wp\/v2\/product\/55194","targetHints":{"allow":["GET"]}}],"collection":[{"href":"https:\/\/dutchmicrodosing.com\/es\/wp-json\/wp\/v2\/product"}],"about":[{"href":"https:\/\/dutchmicrodosing.com\/es\/wp-json\/wp\/v2\/types\/product"}],"replies":[{"embeddable":true,"href":"https:\/\/dutchmicrodosing.com\/es\/wp-json\/wp\/v2\/comments?post=55194"}],"version-history":[{"count":0,"href":"https:\/\/dutchmicrodosing.com\/es\/wp-json\/wp\/v2\/product\/55194\/revisions"}],"wp:featuredmedia":[{"embeddable":true,"href":"https:\/\/dutchmicrodosing.com\/es\/wp-json\/wp\/v2\/media\/54972"}],"wp:attachment":[{"href":"https:\/\/dutchmicrodosing.com\/es\/wp-json\/wp\/v2\/media?parent=55194"}],"wp:term":[{"taxonomy":"product_brand","embeddable":true,"href":"https:\/\/dutchmicrodosing.com\/es\/wp-json\/wp\/v2\/product_brand?post=55194"},{"taxonomy":"product_cat","embeddable":true,"href":"https:\/\/dutchmicrodosing.com\/es\/wp-json\/wp\/v2\/product_cat?post=55194"},{"taxonomy":"product_tag","embeddable":true,"href":"https:\/\/dutchmicrodosing.com\/es\/wp-json\/wp\/v2\/product_tag?post=55194"}],"curies":[{"name":"wp","href":"https:\/\/api.w.org\/{rel}","templated":true}]}}