{"id":55280,"date":"2025-08-26T11:02:33","date_gmt":"2025-08-26T09:02:33","guid":{"rendered":"https:\/\/dutchmicrodosing.com\/shop\/sin%20categor\u00eda\/indian-spirit-tintura-de-vena-blanca-10-ml\/"},"modified":"2025-09-30T13:17:34","modified_gmt":"2025-09-30T11:17:34","slug":"indian-spirit-tintura-de-vena-blanca-10-ml","status":"publish","type":"product","link":"https:\/\/dutchmicrodosing.com\/es\/shop\/hierbas-botanicas\/kratom\/indian-spirit-tintura-de-vena-blanca-10-ml\/","title":{"rendered":"Indian Spirit &#8211; Tintura de Vena Blanca &#8211; 10 ML"},"content":{"rendered":"<p><strong>Indian Spirit \u2013 Tintura de vena blanca &#8211; 10 ml<\/strong> es un extracto vegetal que te ayuda a mantenerte concentrado y con energ\u00eda, justo en los momentos en que lo necesitas. Perfecto para jornadas laborales largas, d\u00edas de estudio o proyectos creativos en los que deseas mantener la concentraci\u00f3n y la claridad.<\/p>\n<h3>Caracter\u00edsticas<\/h3>\n<p>Esta tintura es conocida por la sensaci\u00f3n fresca y clara que puede proporcionar. La forma l\u00edquida asegura una r\u00e1pida absorci\u00f3n y facilita su uso, incluso sobre la marcha. El peque\u00f1o frasco se lleva f\u00e1cilmente en el bolsillo o en el bolso. Ideal para cualquiera que busque una alternativa natural a la cafe\u00edna o a las bebidas energ\u00e9ticas, sin los picos y valles conocidos.<\/p>\n<h3>Ingredientes y\/o composici\u00f3n<\/h3>\n<p>Elaborado con Kratom de vena blanca (Mitragyna speciosa) en una soluci\u00f3n a base de tintura alcoh\u00f3lica.<\/p>\n<h3>Utilice<\/h3>\n<p>Agitar bien antes de usar. Coloca la cantidad deseada debajo de la lengua o m\u00e9zclala con un poco de agua. Comienza con una dosis baja para descubrir qu\u00e9 funciona para ti. Evita el uso en combinaci\u00f3n con alcohol u otros estimulantes.<\/p>\n<h3>Contenido<\/h3>\n<p>Frasco de 10 ml de tintura de vena blanca Indian Spirit, provisto de una pipeta para una dosificaci\u00f3n precisa.<\/p>\n<h3>Descargo de responsabilidad<\/h3>\n<p><em>El contenido de este texto es meramente informativo y no sustituye al asesoramiento profesional. Este producto no es un medicamento y no est\u00e1 destinado a diagnosticar, tratar o curar ninguna afecci\u00f3n m\u00e9dica. Consulta a un especialista cualquier duda espec\u00edfica sobre el uso de este producto. Algunos estudios cient\u00edficos sobre los efectos de este producto a\u00fan est\u00e1n en curso y no todas las afirmaciones se han confirmado definitivamente.<\/em><\/p>\n","protected":false},"excerpt":{"rendered":"<p>Indian Spirit \u2013 Tintura de vena blanca &#8211; 10 ml es un extracto vegetal que te ayuda a mantenerte concentrado y con energ\u00eda, justo en los momentos en que lo necesitas. Perfecto para jornadas laborales largas, d\u00edas de estudio o proyectos creativos en los que deseas mantener la concentraci\u00f3n y la claridad. Caracter\u00edsticas Esta tintura [&hellip;]<\/p>\n","protected":false},"featured_media":55277,"comment_status":"closed","ping_status":"closed","template":"","meta":[],"product_brand":[],"product_cat":[418,297,324],"product_tag":[],"class_list":{"0":"post-55280","1":"product","2":"type-product","3":"status-publish","4":"has-post-thumbnail","6":"product_cat-kratom","7":"product_cat-suplementos-energeticos","8":"product_cat-suplementos-para-la-concentracion","10":"first","11":"outofstock","12":"taxable","13":"shipping-taxable","14":"purchasable","15":"product-type-simple"},"yoast_head":"<!-- This site is optimized with the Yoast SEO Premium plugin v26.4 (Yoast SEO v27.2) - https:\/\/yoast.com\/product\/yoast-seo-premium-wordpress\/ -->\n<title>Indian Spirit - Tintura de Vena Blanca - 10 ML - Dutchmicrodosing<\/title>\n<meta name=\"description\" content=\"Descubre la tintura de Kratom de vena blanca \u2013 10 ml: un extracto l\u00edquido natural que ofrece apoyo para la concentraci\u00f3n y la energ\u00eda. Pr\u00e1ctico para llevar...\" \/>\n<meta name=\"robots\" content=\"index, follow, max-snippet:-1, max-image-preview:large, max-video-preview:-1\" \/>\n<link rel=\"canonical\" href=\"https:\/\/dutchmicrodosing.com\/es\/shop\/hierbas-botanicas\/kratom\/indian-spirit-tintura-de-vena-blanca-10-ml\/\" \/>\n<meta property=\"og:locale\" content=\"es_ES\" \/>\n<meta property=\"og:type\" content=\"article\" \/>\n<meta property=\"og:title\" content=\"Indian Spirit - Tintura de Vena Blanca - 10 ML\" \/>\n<meta property=\"og:description\" content=\"Indian Spirit \u2013 Tintura de vena blanca - 10 ml es un extracto vegetal que te ayuda a mantenerte concentrado y con energ\u00eda, justo en los momentos en que lo\" \/>\n<meta property=\"og:url\" content=\"https:\/\/dutchmicrodosing.com\/es\/shop\/hierbas-botanicas\/kratom\/indian-spirit-tintura-de-vena-blanca-10-ml\/\" \/>\n<meta property=\"og:site_name\" content=\"Dutchmicrodosing\" \/>\n<meta property=\"article:publisher\" content=\"https:\/\/www.facebook.com\/Dutchmicrodosingxp\/\" \/>\n<meta property=\"article:modified_time\" content=\"2025-09-30T11:17:34+00:00\" \/>\n<meta property=\"og:image\" content=\"https:\/\/dutchmicrodosing.com\/wp-content\/uploads\/2025\/08\/White-Vein-Kratom-Tinctuur.jpeg\" \/>\n\t<meta property=\"og:image:width\" content=\"600\" \/>\n\t<meta property=\"og:image:height\" content=\"600\" \/>\n\t<meta property=\"og:image:type\" content=\"image\/jpeg\" \/>\n<meta name=\"twitter:card\" content=\"summary_large_image\" \/>\n<script type=\"application\/ld+json\" class=\"yoast-schema-graph\">{\"@context\":\"https:\/\/schema.org\",\"@graph\":[{\"@type\":\"WebPage\",\"@id\":\"https:\/\/dutchmicrodosing.com\/es\/shop\/hierbas-botanicas\/kratom\/indian-spirit-tintura-de-vena-blanca-10-ml\/\",\"url\":\"https:\/\/dutchmicrodosing.com\/es\/shop\/hierbas-botanicas\/kratom\/indian-spirit-tintura-de-vena-blanca-10-ml\/\",\"name\":\"Indian Spirit - Tintura de Vena Blanca - 10 ML - Dutchmicrodosing\",\"isPartOf\":{\"@id\":\"https:\/\/dutchmicrodosing.com\/es\/#website\"},\"primaryImageOfPage\":{\"@id\":\"https:\/\/dutchmicrodosing.com\/es\/shop\/hierbas-botanicas\/kratom\/indian-spirit-tintura-de-vena-blanca-10-ml\/#primaryimage\"},\"image\":{\"@id\":\"https:\/\/dutchmicrodosing.com\/es\/shop\/hierbas-botanicas\/kratom\/indian-spirit-tintura-de-vena-blanca-10-ml\/#primaryimage\"},\"thumbnailUrl\":\"https:\/\/dutchmicrodosing.com\/wp-content\/uploads\/2025\/08\/White-Vein-Kratom-Tinctuur.jpeg\",\"datePublished\":\"2025-08-26T09:02:33+00:00\",\"dateModified\":\"2025-09-30T11:17:34+00:00\",\"description\":\"Descubre la tintura de Kratom de vena blanca \u2013 10 ml: un extracto l\u00edquido natural que ofrece apoyo para la concentraci\u00f3n y la energ\u00eda. Pr\u00e1ctico para llevar...\",\"breadcrumb\":{\"@id\":\"https:\/\/dutchmicrodosing.com\/es\/shop\/hierbas-botanicas\/kratom\/indian-spirit-tintura-de-vena-blanca-10-ml\/#breadcrumb\"},\"inLanguage\":\"es\",\"potentialAction\":[{\"@type\":\"ReadAction\",\"target\":[\"https:\/\/dutchmicrodosing.com\/es\/shop\/hierbas-botanicas\/kratom\/indian-spirit-tintura-de-vena-blanca-10-ml\/\"]}]},{\"@type\":\"ImageObject\",\"inLanguage\":\"es\",\"@id\":\"https:\/\/dutchmicrodosing.com\/es\/shop\/hierbas-botanicas\/kratom\/indian-spirit-tintura-de-vena-blanca-10-ml\/#primaryimage\",\"url\":\"https:\/\/dutchmicrodosing.com\/wp-content\/uploads\/2025\/08\/White-Vein-Kratom-Tinctuur.jpeg\",\"contentUrl\":\"https:\/\/dutchmicrodosing.com\/wp-content\/uploads\/2025\/08\/White-Vein-Kratom-Tinctuur.jpeg\",\"width\":600,\"height\":600,\"caption\":\"A bottle of White Vein Kratom Indian Spirit\"},{\"@type\":\"BreadcrumbList\",\"@id\":\"https:\/\/dutchmicrodosing.com\/es\/shop\/hierbas-botanicas\/kratom\/indian-spirit-tintura-de-vena-blanca-10-ml\/#breadcrumb\",\"itemListElement\":[{\"@type\":\"ListItem\",\"position\":1,\"name\":\"Home\",\"item\":\"https:\/\/dutchmicrodosing.com\/es\/\"},{\"@type\":\"ListItem\",\"position\":2,\"name\":\"Tienda\",\"item\":\"https:\/\/dutchmicrodosing.com\/es\/tienda\/\"},{\"@type\":\"ListItem\",\"position\":3,\"name\":\"Indian Spirit &#8211; Tintura de Vena Blanca &#8211; 10 ML\"}]},{\"@type\":\"WebSite\",\"@id\":\"https:\/\/dutchmicrodosing.com\/es\/#website\",\"url\":\"https:\/\/dutchmicrodosing.com\/es\/\",\"name\":\"Dutchmicrodosing\",\"description\":\"\",\"publisher\":{\"@id\":\"https:\/\/dutchmicrodosing.com\/es\/#organization\"},\"potentialAction\":[{\"@type\":\"SearchAction\",\"target\":{\"@type\":\"EntryPoint\",\"urlTemplate\":\"https:\/\/dutchmicrodosing.com\/es\/?s={search_term_string}\"},\"query-input\":{\"@type\":\"PropertyValueSpecification\",\"valueRequired\":true,\"valueName\":\"search_term_string\"}}],\"inLanguage\":\"es\"},{\"@type\":\"Organization\",\"@id\":\"https:\/\/dutchmicrodosing.com\/es\/#organization\",\"name\":\"Dutchmicrodosing\",\"url\":\"https:\/\/dutchmicrodosing.com\/es\/\",\"logo\":{\"@type\":\"ImageObject\",\"inLanguage\":\"es\",\"@id\":\"https:\/\/dutchmicrodosing.com\/es\/#\/schema\/logo\/image\/\",\"url\":\"https:\/\/dutchmicrodosing.com\/wp-content\/uploads\/2021\/01\/microdosing-categorie-pic-nieuw.jpg\",\"contentUrl\":\"https:\/\/dutchmicrodosing.com\/wp-content\/uploads\/2021\/01\/microdosing-categorie-pic-nieuw.jpg\",\"width\":500,\"height\":500,\"caption\":\"Dutchmicrodosing\"},\"image\":{\"@id\":\"https:\/\/dutchmicrodosing.com\/es\/#\/schema\/logo\/image\/\"},\"sameAs\":[\"https:\/\/www.facebook.com\/Dutchmicrodosingxp\/\",\"https:\/\/www.instagram.com\/dutchmicrodosing\/\"]}]}<\/script>\n<meta property=\"product:price:amount\" content=\"19.95\" \/>\n<meta property=\"product:price:currency\" content=\"EUR\" \/>\n<meta property=\"og:availability\" content=\"out of stock\" \/>\n<meta property=\"product:availability\" content=\"out of stock\" \/>\n<meta property=\"product:retailer_item_id\" content=\"5208394\" \/>\n<meta property=\"product:condition\" content=\"new\" \/>\n<!-- \/ Yoast SEO Premium plugin. -->","yoast_head_json":{"title":"Indian Spirit - Tintura de Vena Blanca - 10 ML - Dutchmicrodosing","description":"Descubre la tintura de Kratom de vena blanca \u2013 10 ml: un extracto l\u00edquido natural que ofrece apoyo para la concentraci\u00f3n y la energ\u00eda. Pr\u00e1ctico para llevar...","robots":{"index":"index","follow":"follow","max-snippet":"max-snippet:-1","max-image-preview":"max-image-preview:large","max-video-preview":"max-video-preview:-1"},"canonical":"https:\/\/dutchmicrodosing.com\/es\/shop\/hierbas-botanicas\/kratom\/indian-spirit-tintura-de-vena-blanca-10-ml\/","og_locale":"es_ES","og_type":"article","og_title":"Indian Spirit - Tintura de Vena Blanca - 10 ML","og_description":"Indian Spirit \u2013 Tintura de vena blanca - 10 ml es un extracto vegetal que te ayuda a mantenerte concentrado y con energ\u00eda, justo en los momentos en que lo","og_url":"https:\/\/dutchmicrodosing.com\/es\/shop\/hierbas-botanicas\/kratom\/indian-spirit-tintura-de-vena-blanca-10-ml\/","og_site_name":"Dutchmicrodosing","article_publisher":"https:\/\/www.facebook.com\/Dutchmicrodosingxp\/","article_modified_time":"2025-09-30T11:17:34+00:00","og_image":[{"width":600,"height":600,"url":"https:\/\/dutchmicrodosing.com\/wp-content\/uploads\/2025\/08\/White-Vein-Kratom-Tinctuur.jpeg","type":"image\/jpeg"}],"twitter_card":"summary_large_image","schema":{"@context":"https:\/\/schema.org","@graph":[{"@type":"WebPage","@id":"https:\/\/dutchmicrodosing.com\/es\/shop\/hierbas-botanicas\/kratom\/indian-spirit-tintura-de-vena-blanca-10-ml\/","url":"https:\/\/dutchmicrodosing.com\/es\/shop\/hierbas-botanicas\/kratom\/indian-spirit-tintura-de-vena-blanca-10-ml\/","name":"Indian Spirit - Tintura de Vena Blanca - 10 ML - Dutchmicrodosing","isPartOf":{"@id":"https:\/\/dutchmicrodosing.com\/es\/#website"},"primaryImageOfPage":{"@id":"https:\/\/dutchmicrodosing.com\/es\/shop\/hierbas-botanicas\/kratom\/indian-spirit-tintura-de-vena-blanca-10-ml\/#primaryimage"},"image":{"@id":"https:\/\/dutchmicrodosing.com\/es\/shop\/hierbas-botanicas\/kratom\/indian-spirit-tintura-de-vena-blanca-10-ml\/#primaryimage"},"thumbnailUrl":"https:\/\/dutchmicrodosing.com\/wp-content\/uploads\/2025\/08\/White-Vein-Kratom-Tinctuur.jpeg","datePublished":"2025-08-26T09:02:33+00:00","dateModified":"2025-09-30T11:17:34+00:00","description":"Descubre la tintura de Kratom de vena blanca \u2013 10 ml: un extracto l\u00edquido natural que ofrece apoyo para la concentraci\u00f3n y la energ\u00eda. Pr\u00e1ctico para llevar...","breadcrumb":{"@id":"https:\/\/dutchmicrodosing.com\/es\/shop\/hierbas-botanicas\/kratom\/indian-spirit-tintura-de-vena-blanca-10-ml\/#breadcrumb"},"inLanguage":"es","potentialAction":[{"@type":"ReadAction","target":["https:\/\/dutchmicrodosing.com\/es\/shop\/hierbas-botanicas\/kratom\/indian-spirit-tintura-de-vena-blanca-10-ml\/"]}]},{"@type":"ImageObject","inLanguage":"es","@id":"https:\/\/dutchmicrodosing.com\/es\/shop\/hierbas-botanicas\/kratom\/indian-spirit-tintura-de-vena-blanca-10-ml\/#primaryimage","url":"https:\/\/dutchmicrodosing.com\/wp-content\/uploads\/2025\/08\/White-Vein-Kratom-Tinctuur.jpeg","contentUrl":"https:\/\/dutchmicrodosing.com\/wp-content\/uploads\/2025\/08\/White-Vein-Kratom-Tinctuur.jpeg","width":600,"height":600,"caption":"A bottle of White Vein Kratom Indian Spirit"},{"@type":"BreadcrumbList","@id":"https:\/\/dutchmicrodosing.com\/es\/shop\/hierbas-botanicas\/kratom\/indian-spirit-tintura-de-vena-blanca-10-ml\/#breadcrumb","itemListElement":[{"@type":"ListItem","position":1,"name":"Home","item":"https:\/\/dutchmicrodosing.com\/es\/"},{"@type":"ListItem","position":2,"name":"Tienda","item":"https:\/\/dutchmicrodosing.com\/es\/tienda\/"},{"@type":"ListItem","position":3,"name":"Indian Spirit &#8211; Tintura de Vena Blanca &#8211; 10 ML"}]},{"@type":"WebSite","@id":"https:\/\/dutchmicrodosing.com\/es\/#website","url":"https:\/\/dutchmicrodosing.com\/es\/","name":"Dutchmicrodosing","description":"","publisher":{"@id":"https:\/\/dutchmicrodosing.com\/es\/#organization"},"potentialAction":[{"@type":"SearchAction","target":{"@type":"EntryPoint","urlTemplate":"https:\/\/dutchmicrodosing.com\/es\/?s={search_term_string}"},"query-input":{"@type":"PropertyValueSpecification","valueRequired":true,"valueName":"search_term_string"}}],"inLanguage":"es"},{"@type":"Organization","@id":"https:\/\/dutchmicrodosing.com\/es\/#organization","name":"Dutchmicrodosing","url":"https:\/\/dutchmicrodosing.com\/es\/","logo":{"@type":"ImageObject","inLanguage":"es","@id":"https:\/\/dutchmicrodosing.com\/es\/#\/schema\/logo\/image\/","url":"https:\/\/dutchmicrodosing.com\/wp-content\/uploads\/2021\/01\/microdosing-categorie-pic-nieuw.jpg","contentUrl":"https:\/\/dutchmicrodosing.com\/wp-content\/uploads\/2021\/01\/microdosing-categorie-pic-nieuw.jpg","width":500,"height":500,"caption":"Dutchmicrodosing"},"image":{"@id":"https:\/\/dutchmicrodosing.com\/es\/#\/schema\/logo\/image\/"},"sameAs":["https:\/\/www.facebook.com\/Dutchmicrodosingxp\/","https:\/\/www.instagram.com\/dutchmicrodosing\/"]}]},"product_price_amount":"19.95","product_price_currency":"EUR","og_availability":"out of stock","product_availability":"out of stock","product_retailer_item_id":"5208394","product_condition":"new"},"_links":{"self":[{"href":"https:\/\/dutchmicrodosing.com\/es\/wp-json\/wp\/v2\/product\/55280","targetHints":{"allow":["GET"]}}],"collection":[{"href":"https:\/\/dutchmicrodosing.com\/es\/wp-json\/wp\/v2\/product"}],"about":[{"href":"https:\/\/dutchmicrodosing.com\/es\/wp-json\/wp\/v2\/types\/product"}],"replies":[{"embeddable":true,"href":"https:\/\/dutchmicrodosing.com\/es\/wp-json\/wp\/v2\/comments?post=55280"}],"version-history":[{"count":0,"href":"https:\/\/dutchmicrodosing.com\/es\/wp-json\/wp\/v2\/product\/55280\/revisions"}],"wp:featuredmedia":[{"embeddable":true,"href":"https:\/\/dutchmicrodosing.com\/es\/wp-json\/wp\/v2\/media\/55277"}],"wp:attachment":[{"href":"https:\/\/dutchmicrodosing.com\/es\/wp-json\/wp\/v2\/media?parent=55280"}],"wp:term":[{"taxonomy":"product_brand","embeddable":true,"href":"https:\/\/dutchmicrodosing.com\/es\/wp-json\/wp\/v2\/product_brand?post=55280"},{"taxonomy":"product_cat","embeddable":true,"href":"https:\/\/dutchmicrodosing.com\/es\/wp-json\/wp\/v2\/product_cat?post=55280"},{"taxonomy":"product_tag","embeddable":true,"href":"https:\/\/dutchmicrodosing.com\/es\/wp-json\/wp\/v2\/product_tag?post=55280"}],"curies":[{"name":"wp","href":"https:\/\/api.w.org\/{rel}","templated":true}]}}