{"id":55308,"date":"2025-08-26T11:18:45","date_gmt":"2025-08-26T09:18:45","guid":{"rendered":"https:\/\/dutchmicrodosing.com\/shop\/sin%20categor\u00eda\/indian-spirit-tintura-de-vena-roja-10-ml\/"},"modified":"2025-09-29T16:39:56","modified_gmt":"2025-09-29T14:39:56","slug":"indian-spirit-tintura-de-vena-roja-10-ml","status":"publish","type":"product","link":"https:\/\/dutchmicrodosing.com\/es\/hierbas-botanicas\/kratom\/indian-spirit-tintura-de-vena-roja-10-ml\/","title":{"rendered":"Indian Spirit &#8211; Tintura de Vena Roja &#8211; 10 ML"},"content":{"rendered":"<p><strong>Indian Spirit \u2013 Tintura Red Vein \u2013 10 ML<\/strong> es un extracto l\u00edquido de las hojas del \u00e1rbol de Kratom (Mitragyna speciosa), originario del sudeste asi\u00e1tico. Esta variante roja es conocida por su car\u00e1cter tranquilo y terrenal, y a menudo se elige cuando quieres reducir la velocidad. Debido a la forma l\u00edquida, la tintura se absorbe r\u00e1pidamente, lo que garantiza una experiencia accesible y directa.<\/p>\n<h3>Caracter\u00edsticas<\/h3>\n<p>Red Vein tiene un perfil suave y relajante, gracias en parte a los alcaloides naturales mitraginina y 7-hidroximitraginina. La tintura es f\u00e1cil de dosificar y encaja perfectamente en una rutina diaria para la calma y el equilibrio. Gracias a la botella compacta, puedes llevarla f\u00e1cilmente contigo, ideal para casa, de viaje o durante un momento de descanso.<\/p>\n<h3>Ingredientes y\/o composici\u00f3n<\/h3>\n<p>Contiene un extracto de la variante Red Vein de Kratom (Mitragyna speciosa), incluidos los alcaloides naturales mitraginina y 7-hidroximitraginina. El alcohol se utiliza como sustancia portadora.<\/p>\n<h3>Utilice<\/h3>\n<p>Aplica de 1 a 2 gotas debajo de la lengua y deja que act\u00fae de 30 segundos a 1 minuto antes de tragar. Si lo deseas, puedes aumentar la dosis hasta 3 o 5 gotas. Si es necesario, aclarar con agua o zumo de fruta. Utilizar preferentemente en un momento tranquilo, durante el d\u00eda o por la noche como parte de tu ritual de relajaci\u00f3n.<\/p>\n<h3>Contenido<\/h3>\n<p>El frasco contiene 10 ml de tintura Red Vein y est\u00e1 equipado con una pipeta para una dosificaci\u00f3n precisa y f\u00e1cil.<\/p>\n<h3>Descargo de responsabilidad<\/h3>\n<p><em>El contenido de este texto es meramente informativo y no sustituye al asesoramiento profesional. Este producto no es un medicamento y no est\u00e1 destinado a diagnosticar, tratar o curar ninguna afecci\u00f3n m\u00e9dica. Consulta a un especialista cualquier duda espec\u00edfica sobre el uso de este producto. Algunos estudios cient\u00edficos sobre los efectos de este producto a\u00fan est\u00e1n en curso y no todas las afirmaciones se han confirmado definitivamente.<\/em><\/p>\n","protected":false},"excerpt":{"rendered":"<p>Indian Spirit \u2013 Tintura Red Vein \u2013 10 ML es un extracto l\u00edquido de las hojas del \u00e1rbol de Kratom (Mitragyna speciosa), originario del sudeste asi\u00e1tico. Esta variante roja es conocida por su car\u00e1cter tranquilo y terrenal, y a menudo se elige cuando quieres reducir la velocidad. Debido a la forma l\u00edquida, la tintura se [&hellip;]<\/p>\n","protected":false},"featured_media":55304,"comment_status":"closed","ping_status":"closed","template":"","meta":[],"product_brand":[],"product_cat":[418,303],"product_tag":[],"class_list":{"0":"post-55308","1":"product","2":"type-product","3":"status-publish","4":"has-post-thumbnail","6":"product_cat-kratom","7":"product_cat-suplementos-relaxt","9":"first","10":"outofstock","11":"taxable","12":"shipping-taxable","13":"purchasable","14":"product-type-simple"},"yoast_head":"<!-- This site is optimized with the Yoast SEO Premium plugin v26.4 (Yoast SEO v27.2) - https:\/\/yoast.com\/product\/yoast-seo-premium-wordpress\/ -->\n<title>Indian Spirit - Tintura de Vena Roja - 10 ML - Dutchmicrodosing<\/title>\n<meta name=\"description\" content=\"Experimenta la calma con la tintura Red Vein de Indian Spirit. 10 ml de extracto l\u00edquido natural de kratom, de r\u00e1pida absorci\u00f3n y f\u00e1cil de dosificar.\" \/>\n<meta name=\"robots\" content=\"index, follow, max-snippet:-1, max-image-preview:large, max-video-preview:-1\" \/>\n<link rel=\"canonical\" href=\"https:\/\/dutchmicrodosing.com\/es\/hierbas-botanicas\/kratom\/indian-spirit-tintura-de-vena-roja-10-ml\/\" \/>\n<meta property=\"og:locale\" content=\"es_ES\" \/>\n<meta property=\"og:type\" content=\"article\" \/>\n<meta property=\"og:title\" content=\"Indian Spirit - Tintura de Vena Roja - 10 ML\" \/>\n<meta property=\"og:description\" content=\"Indian Spirit \u2013 Tintura Red Vein \u2013 10 ML es un extracto l\u00edquido de las hojas del \u00e1rbol de Kratom (Mitragyna speciosa), originario del sudeste asi\u00e1tico.\" \/>\n<meta property=\"og:url\" content=\"https:\/\/dutchmicrodosing.com\/es\/hierbas-botanicas\/kratom\/indian-spirit-tintura-de-vena-roja-10-ml\/\" \/>\n<meta property=\"og:site_name\" content=\"Dutchmicrodosing\" \/>\n<meta property=\"article:publisher\" content=\"https:\/\/www.facebook.com\/Dutchmicrodosingxp\/\" \/>\n<meta property=\"article:modified_time\" content=\"2025-09-29T14:39:56+00:00\" \/>\n<meta property=\"og:image\" content=\"https:\/\/dutchmicrodosing.com\/wp-content\/uploads\/2025\/08\/Red-Vein-Kratom-Tinctuur-Mockup.jpeg\" \/>\n\t<meta property=\"og:image:width\" content=\"600\" \/>\n\t<meta property=\"og:image:height\" content=\"600\" \/>\n\t<meta property=\"og:image:type\" content=\"image\/jpeg\" \/>\n<meta name=\"twitter:card\" content=\"summary_large_image\" \/>\n<script type=\"application\/ld+json\" class=\"yoast-schema-graph\">{\"@context\":\"https:\/\/schema.org\",\"@graph\":[{\"@type\":\"WebPage\",\"@id\":\"https:\/\/dutchmicrodosing.com\/es\/hierbas-botanicas\/kratom\/indian-spirit-tintura-de-vena-roja-10-ml\/\",\"url\":\"https:\/\/dutchmicrodosing.com\/es\/hierbas-botanicas\/kratom\/indian-spirit-tintura-de-vena-roja-10-ml\/\",\"name\":\"Indian Spirit - Tintura de Vena Roja - 10 ML - Dutchmicrodosing\",\"isPartOf\":{\"@id\":\"https:\/\/dutchmicrodosing.com\/es\/#website\"},\"primaryImageOfPage\":{\"@id\":\"https:\/\/dutchmicrodosing.com\/es\/hierbas-botanicas\/kratom\/indian-spirit-tintura-de-vena-roja-10-ml\/#primaryimage\"},\"image\":{\"@id\":\"https:\/\/dutchmicrodosing.com\/es\/hierbas-botanicas\/kratom\/indian-spirit-tintura-de-vena-roja-10-ml\/#primaryimage\"},\"thumbnailUrl\":\"https:\/\/dutchmicrodosing.com\/wp-content\/uploads\/2025\/08\/Red-Vein-Kratom-Tinctuur-Mockup.jpeg\",\"datePublished\":\"2025-08-26T09:18:45+00:00\",\"dateModified\":\"2025-09-29T14:39:56+00:00\",\"description\":\"Experimenta la calma con la tintura Red Vein de Indian Spirit. 10 ml de extracto l\u00edquido natural de kratom, de r\u00e1pida absorci\u00f3n y f\u00e1cil de dosificar.\",\"breadcrumb\":{\"@id\":\"https:\/\/dutchmicrodosing.com\/es\/hierbas-botanicas\/kratom\/indian-spirit-tintura-de-vena-roja-10-ml\/#breadcrumb\"},\"inLanguage\":\"es\",\"potentialAction\":[{\"@type\":\"ReadAction\",\"target\":[\"https:\/\/dutchmicrodosing.com\/es\/hierbas-botanicas\/kratom\/indian-spirit-tintura-de-vena-roja-10-ml\/\"]}]},{\"@type\":\"ImageObject\",\"inLanguage\":\"es\",\"@id\":\"https:\/\/dutchmicrodosing.com\/es\/hierbas-botanicas\/kratom\/indian-spirit-tintura-de-vena-roja-10-ml\/#primaryimage\",\"url\":\"https:\/\/dutchmicrodosing.com\/wp-content\/uploads\/2025\/08\/Red-Vein-Kratom-Tinctuur-Mockup.jpeg\",\"contentUrl\":\"https:\/\/dutchmicrodosing.com\/wp-content\/uploads\/2025\/08\/Red-Vein-Kratom-Tinctuur-Mockup.jpeg\",\"width\":600,\"height\":600,\"caption\":\"A bottle of Red Vain Kraton Indian Spirit\"},{\"@type\":\"BreadcrumbList\",\"@id\":\"https:\/\/dutchmicrodosing.com\/es\/hierbas-botanicas\/kratom\/indian-spirit-tintura-de-vena-roja-10-ml\/#breadcrumb\",\"itemListElement\":[{\"@type\":\"ListItem\",\"position\":1,\"name\":\"Home\",\"item\":\"https:\/\/dutchmicrodosing.com\/es\/\"},{\"@type\":\"ListItem\",\"position\":2,\"name\":\"Tienda\",\"item\":\"https:\/\/dutchmicrodosing.com\/es\/tienda\/\"},{\"@type\":\"ListItem\",\"position\":3,\"name\":\"Indian Spirit &#8211; Tintura de Vena Roja &#8211; 10 ML\"}]},{\"@type\":\"WebSite\",\"@id\":\"https:\/\/dutchmicrodosing.com\/es\/#website\",\"url\":\"https:\/\/dutchmicrodosing.com\/es\/\",\"name\":\"Dutchmicrodosing\",\"description\":\"\",\"publisher\":{\"@id\":\"https:\/\/dutchmicrodosing.com\/es\/#organization\"},\"potentialAction\":[{\"@type\":\"SearchAction\",\"target\":{\"@type\":\"EntryPoint\",\"urlTemplate\":\"https:\/\/dutchmicrodosing.com\/es\/?s={search_term_string}\"},\"query-input\":{\"@type\":\"PropertyValueSpecification\",\"valueRequired\":true,\"valueName\":\"search_term_string\"}}],\"inLanguage\":\"es\"},{\"@type\":\"Organization\",\"@id\":\"https:\/\/dutchmicrodosing.com\/es\/#organization\",\"name\":\"Dutchmicrodosing\",\"url\":\"https:\/\/dutchmicrodosing.com\/es\/\",\"logo\":{\"@type\":\"ImageObject\",\"inLanguage\":\"es\",\"@id\":\"https:\/\/dutchmicrodosing.com\/es\/#\/schema\/logo\/image\/\",\"url\":\"https:\/\/dutchmicrodosing.com\/wp-content\/uploads\/2021\/01\/microdosing-categorie-pic-nieuw.jpg\",\"contentUrl\":\"https:\/\/dutchmicrodosing.com\/wp-content\/uploads\/2021\/01\/microdosing-categorie-pic-nieuw.jpg\",\"width\":500,\"height\":500,\"caption\":\"Dutchmicrodosing\"},\"image\":{\"@id\":\"https:\/\/dutchmicrodosing.com\/es\/#\/schema\/logo\/image\/\"},\"sameAs\":[\"https:\/\/www.facebook.com\/Dutchmicrodosingxp\/\",\"https:\/\/www.instagram.com\/dutchmicrodosing\/\"]}]}<\/script>\n<meta property=\"product:price:amount\" content=\"19.95\" \/>\n<meta property=\"product:price:currency\" content=\"EUR\" \/>\n<meta property=\"og:availability\" content=\"out of stock\" \/>\n<meta property=\"product:availability\" content=\"out of stock\" \/>\n<meta property=\"product:retailer_item_id\" content=\"5208292\" \/>\n<meta property=\"product:condition\" content=\"new\" \/>\n<!-- \/ Yoast SEO Premium plugin. -->","yoast_head_json":{"title":"Indian Spirit - Tintura de Vena Roja - 10 ML - Dutchmicrodosing","description":"Experimenta la calma con la tintura Red Vein de Indian Spirit. 10 ml de extracto l\u00edquido natural de kratom, de r\u00e1pida absorci\u00f3n y f\u00e1cil de dosificar.","robots":{"index":"index","follow":"follow","max-snippet":"max-snippet:-1","max-image-preview":"max-image-preview:large","max-video-preview":"max-video-preview:-1"},"canonical":"https:\/\/dutchmicrodosing.com\/es\/hierbas-botanicas\/kratom\/indian-spirit-tintura-de-vena-roja-10-ml\/","og_locale":"es_ES","og_type":"article","og_title":"Indian Spirit - Tintura de Vena Roja - 10 ML","og_description":"Indian Spirit \u2013 Tintura Red Vein \u2013 10 ML es un extracto l\u00edquido de las hojas del \u00e1rbol de Kratom (Mitragyna speciosa), originario del sudeste asi\u00e1tico.","og_url":"https:\/\/dutchmicrodosing.com\/es\/hierbas-botanicas\/kratom\/indian-spirit-tintura-de-vena-roja-10-ml\/","og_site_name":"Dutchmicrodosing","article_publisher":"https:\/\/www.facebook.com\/Dutchmicrodosingxp\/","article_modified_time":"2025-09-29T14:39:56+00:00","og_image":[{"width":600,"height":600,"url":"https:\/\/dutchmicrodosing.com\/wp-content\/uploads\/2025\/08\/Red-Vein-Kratom-Tinctuur-Mockup.jpeg","type":"image\/jpeg"}],"twitter_card":"summary_large_image","schema":{"@context":"https:\/\/schema.org","@graph":[{"@type":"WebPage","@id":"https:\/\/dutchmicrodosing.com\/es\/hierbas-botanicas\/kratom\/indian-spirit-tintura-de-vena-roja-10-ml\/","url":"https:\/\/dutchmicrodosing.com\/es\/hierbas-botanicas\/kratom\/indian-spirit-tintura-de-vena-roja-10-ml\/","name":"Indian Spirit - Tintura de Vena Roja - 10 ML - Dutchmicrodosing","isPartOf":{"@id":"https:\/\/dutchmicrodosing.com\/es\/#website"},"primaryImageOfPage":{"@id":"https:\/\/dutchmicrodosing.com\/es\/hierbas-botanicas\/kratom\/indian-spirit-tintura-de-vena-roja-10-ml\/#primaryimage"},"image":{"@id":"https:\/\/dutchmicrodosing.com\/es\/hierbas-botanicas\/kratom\/indian-spirit-tintura-de-vena-roja-10-ml\/#primaryimage"},"thumbnailUrl":"https:\/\/dutchmicrodosing.com\/wp-content\/uploads\/2025\/08\/Red-Vein-Kratom-Tinctuur-Mockup.jpeg","datePublished":"2025-08-26T09:18:45+00:00","dateModified":"2025-09-29T14:39:56+00:00","description":"Experimenta la calma con la tintura Red Vein de Indian Spirit. 10 ml de extracto l\u00edquido natural de kratom, de r\u00e1pida absorci\u00f3n y f\u00e1cil de dosificar.","breadcrumb":{"@id":"https:\/\/dutchmicrodosing.com\/es\/hierbas-botanicas\/kratom\/indian-spirit-tintura-de-vena-roja-10-ml\/#breadcrumb"},"inLanguage":"es","potentialAction":[{"@type":"ReadAction","target":["https:\/\/dutchmicrodosing.com\/es\/hierbas-botanicas\/kratom\/indian-spirit-tintura-de-vena-roja-10-ml\/"]}]},{"@type":"ImageObject","inLanguage":"es","@id":"https:\/\/dutchmicrodosing.com\/es\/hierbas-botanicas\/kratom\/indian-spirit-tintura-de-vena-roja-10-ml\/#primaryimage","url":"https:\/\/dutchmicrodosing.com\/wp-content\/uploads\/2025\/08\/Red-Vein-Kratom-Tinctuur-Mockup.jpeg","contentUrl":"https:\/\/dutchmicrodosing.com\/wp-content\/uploads\/2025\/08\/Red-Vein-Kratom-Tinctuur-Mockup.jpeg","width":600,"height":600,"caption":"A bottle of Red Vain Kraton Indian Spirit"},{"@type":"BreadcrumbList","@id":"https:\/\/dutchmicrodosing.com\/es\/hierbas-botanicas\/kratom\/indian-spirit-tintura-de-vena-roja-10-ml\/#breadcrumb","itemListElement":[{"@type":"ListItem","position":1,"name":"Home","item":"https:\/\/dutchmicrodosing.com\/es\/"},{"@type":"ListItem","position":2,"name":"Tienda","item":"https:\/\/dutchmicrodosing.com\/es\/tienda\/"},{"@type":"ListItem","position":3,"name":"Indian Spirit &#8211; Tintura de Vena Roja &#8211; 10 ML"}]},{"@type":"WebSite","@id":"https:\/\/dutchmicrodosing.com\/es\/#website","url":"https:\/\/dutchmicrodosing.com\/es\/","name":"Dutchmicrodosing","description":"","publisher":{"@id":"https:\/\/dutchmicrodosing.com\/es\/#organization"},"potentialAction":[{"@type":"SearchAction","target":{"@type":"EntryPoint","urlTemplate":"https:\/\/dutchmicrodosing.com\/es\/?s={search_term_string}"},"query-input":{"@type":"PropertyValueSpecification","valueRequired":true,"valueName":"search_term_string"}}],"inLanguage":"es"},{"@type":"Organization","@id":"https:\/\/dutchmicrodosing.com\/es\/#organization","name":"Dutchmicrodosing","url":"https:\/\/dutchmicrodosing.com\/es\/","logo":{"@type":"ImageObject","inLanguage":"es","@id":"https:\/\/dutchmicrodosing.com\/es\/#\/schema\/logo\/image\/","url":"https:\/\/dutchmicrodosing.com\/wp-content\/uploads\/2021\/01\/microdosing-categorie-pic-nieuw.jpg","contentUrl":"https:\/\/dutchmicrodosing.com\/wp-content\/uploads\/2021\/01\/microdosing-categorie-pic-nieuw.jpg","width":500,"height":500,"caption":"Dutchmicrodosing"},"image":{"@id":"https:\/\/dutchmicrodosing.com\/es\/#\/schema\/logo\/image\/"},"sameAs":["https:\/\/www.facebook.com\/Dutchmicrodosingxp\/","https:\/\/www.instagram.com\/dutchmicrodosing\/"]}]},"product_price_amount":"19.95","product_price_currency":"EUR","og_availability":"out of stock","product_availability":"out of stock","product_retailer_item_id":"5208292","product_condition":"new"},"_links":{"self":[{"href":"https:\/\/dutchmicrodosing.com\/es\/wp-json\/wp\/v2\/product\/55308","targetHints":{"allow":["GET"]}}],"collection":[{"href":"https:\/\/dutchmicrodosing.com\/es\/wp-json\/wp\/v2\/product"}],"about":[{"href":"https:\/\/dutchmicrodosing.com\/es\/wp-json\/wp\/v2\/types\/product"}],"replies":[{"embeddable":true,"href":"https:\/\/dutchmicrodosing.com\/es\/wp-json\/wp\/v2\/comments?post=55308"}],"version-history":[{"count":0,"href":"https:\/\/dutchmicrodosing.com\/es\/wp-json\/wp\/v2\/product\/55308\/revisions"}],"wp:featuredmedia":[{"embeddable":true,"href":"https:\/\/dutchmicrodosing.com\/es\/wp-json\/wp\/v2\/media\/55304"}],"wp:attachment":[{"href":"https:\/\/dutchmicrodosing.com\/es\/wp-json\/wp\/v2\/media?parent=55308"}],"wp:term":[{"taxonomy":"product_brand","embeddable":true,"href":"https:\/\/dutchmicrodosing.com\/es\/wp-json\/wp\/v2\/product_brand?post=55308"},{"taxonomy":"product_cat","embeddable":true,"href":"https:\/\/dutchmicrodosing.com\/es\/wp-json\/wp\/v2\/product_cat?post=55308"},{"taxonomy":"product_tag","embeddable":true,"href":"https:\/\/dutchmicrodosing.com\/es\/wp-json\/wp\/v2\/product_tag?post=55308"}],"curies":[{"name":"wp","href":"https:\/\/api.w.org\/{rel}","templated":true}]}}