{"id":59394,"date":"2025-10-30T15:46:36","date_gmt":"2025-10-30T14:46:36","guid":{"rendered":"https:\/\/dutchmicrodosing.com\/shop\/sin%20categor\u00eda\/damiana-50-gramos\/"},"modified":"2025-11-11T15:33:43","modified_gmt":"2025-11-11T14:33:43","slug":"damiana-50-gramos","status":"publish","type":"product","link":"https:\/\/dutchmicrodosing.com\/es\/hierbas-afrodisiacas-naturales\/damiana-50-gramos\/","title":{"rendered":"Damiana &#8211; 50 gramos"},"content":{"rendered":"<p><strong>Damiana &#8211; 50 gramos<\/strong> (Turnera diffusa) es una hierba tradicional de Am\u00e9rica Central y del Sur que se ha utilizado durante siglos por sus extraordinarias propiedades. Alrededor de 1870, tambi\u00e9n se hizo popular en los Estados Unidos, especialmente entre la poblaci\u00f3n de mayor edad. En aquel entonces, la Damiana se utilizaba a menudo como parte de las rutinas diarias para mantener el cuerpo y la mente en equilibrio. Hoy en d\u00eda, se valora principalmente por su car\u00e1cter suave y relajante y por la experiencia sutil y estimulante.<\/p>\n<h3>Caracter\u00edsticas<\/h3>\n<ul>\n<li>Utilizada durante siglos en Am\u00e9rica Central y del Sur<\/li>\n<li>Contiene exclusivamente Damiana 100% pura<\/li>\n<li>Ligeramente relajante y euf\u00f3rica<\/li>\n<li>Popular por su sabor suave y herbal en el t\u00e9<\/li>\n<li>Ideal para un momento de descanso o como parte de una mezcla de hierbas<\/li>\n<\/ul>\n<h3>Ingredientes y\/o composici\u00f3n<\/h3>\n<p>Damiana 100% pura (Turnera diffusa)<\/p>\n<h3>Utilice<\/h3>\n<p>A\u00f1ada una cucharadita de Damiana a una taza de agua caliente. Deje que el t\u00e9 repose durante unos 10 minutos, luego cu\u00e9lelo y disfr\u00fatelo a su gusto.<\/p>\n<h3>Contenido<\/h3>\n<p>50 gramos de Damiana \u2013 Indian Elements<\/p>\n<h3>Descargo de responsabilidad<\/h3>\n<p><em>El contenido de este texto es meramente informativo y no sustituye al asesoramiento profesional. Este producto no es un medicamento y no est\u00e1 destinado a diagnosticar, tratar o curar ninguna afecci\u00f3n m\u00e9dica.  <\/em><\/p>\n","protected":false},"excerpt":{"rendered":"<p>Damiana &#8211; 50 gramos (Turnera diffusa) es una hierba tradicional de Am\u00e9rica Central y del Sur que se ha utilizado durante siglos por sus extraordinarias propiedades. Alrededor de 1870, tambi\u00e9n se hizo popular en los Estados Unidos, especialmente entre la poblaci\u00f3n de mayor edad. En aquel entonces, la Damiana se utilizaba a menudo como parte [&hellip;]<\/p>\n","protected":false},"featured_media":59395,"comment_status":"closed","ping_status":"closed","template":"","meta":[],"product_brand":[],"product_cat":[652],"product_tag":[],"class_list":{"0":"post-59394","1":"product","2":"type-product","3":"status-publish","4":"has-post-thumbnail","6":"product_cat-hierbas-afrodisiacas-naturales","8":"first","9":"instock","10":"taxable","11":"shipping-taxable","12":"purchasable","13":"product-type-simple"},"yoast_head":"<!-- This site is optimized with the Yoast SEO Premium plugin v26.4 (Yoast SEO v27.2) - https:\/\/yoast.com\/product\/yoast-seo-premium-wordpress\/ -->\n<title>Damiana - 50 gramos - Dutchmicrodosing<\/title>\n<meta name=\"description\" content=\"Descubre el efecto relajante de la **Damiana**: hierba 100% pura para una experiencia de t\u00e9 suave y euf\u00f3rica. Utilizado tradicionalmente en Am\u00e9rica Central y del Sur.\" \/>\n<meta name=\"robots\" content=\"index, follow, max-snippet:-1, max-image-preview:large, max-video-preview:-1\" \/>\n<link rel=\"canonical\" href=\"https:\/\/dutchmicrodosing.com\/es\/hierbas-afrodisiacas-naturales\/damiana-50-gramos\/\" \/>\n<meta property=\"og:locale\" content=\"es_ES\" \/>\n<meta property=\"og:type\" content=\"article\" \/>\n<meta property=\"og:title\" content=\"Damiana - 50 gramos\" \/>\n<meta property=\"og:description\" content=\"Damiana - 50 gramos (Turnera diffusa) es una hierba tradicional de Am\u00e9rica Central y del Sur que se ha utilizado durante siglos por sus extraordinarias\" \/>\n<meta property=\"og:url\" content=\"https:\/\/dutchmicrodosing.com\/es\/hierbas-afrodisiacas-naturales\/damiana-50-gramos\/\" \/>\n<meta property=\"og:site_name\" content=\"Dutchmicrodosing\" \/>\n<meta property=\"article:publisher\" content=\"https:\/\/www.facebook.com\/Dutchmicrodosingxp\/\" \/>\n<meta property=\"article:modified_time\" content=\"2025-11-11T14:33:43+00:00\" \/>\n<meta property=\"og:image\" content=\"https:\/\/dutchmicrodosing.com\/wp-content\/uploads\/2025\/10\/Damiana.jpg\" \/>\n\t<meta property=\"og:image:width\" content=\"1000\" \/>\n\t<meta property=\"og:image:height\" content=\"1000\" \/>\n\t<meta property=\"og:image:type\" content=\"image\/jpeg\" \/>\n<meta name=\"twitter:card\" content=\"summary_large_image\" \/>\n<script type=\"application\/ld+json\" class=\"yoast-schema-graph\">{\"@context\":\"https:\/\/schema.org\",\"@graph\":[{\"@type\":\"WebPage\",\"@id\":\"https:\/\/dutchmicrodosing.com\/es\/hierbas-afrodisiacas-naturales\/damiana-50-gramos\/\",\"url\":\"https:\/\/dutchmicrodosing.com\/es\/hierbas-afrodisiacas-naturales\/damiana-50-gramos\/\",\"name\":\"Damiana - 50 gramos - Dutchmicrodosing\",\"isPartOf\":{\"@id\":\"https:\/\/dutchmicrodosing.com\/es\/#website\"},\"primaryImageOfPage\":{\"@id\":\"https:\/\/dutchmicrodosing.com\/es\/hierbas-afrodisiacas-naturales\/damiana-50-gramos\/#primaryimage\"},\"image\":{\"@id\":\"https:\/\/dutchmicrodosing.com\/es\/hierbas-afrodisiacas-naturales\/damiana-50-gramos\/#primaryimage\"},\"thumbnailUrl\":\"https:\/\/dutchmicrodosing.com\/wp-content\/uploads\/2025\/10\/Damiana.jpg\",\"datePublished\":\"2025-10-30T14:46:36+00:00\",\"dateModified\":\"2025-11-11T14:33:43+00:00\",\"description\":\"Descubre el efecto relajante de la **Damiana**: hierba 100% pura para una experiencia de t\u00e9 suave y euf\u00f3rica. Utilizado tradicionalmente en Am\u00e9rica Central y del Sur.\",\"breadcrumb\":{\"@id\":\"https:\/\/dutchmicrodosing.com\/es\/hierbas-afrodisiacas-naturales\/damiana-50-gramos\/#breadcrumb\"},\"inLanguage\":\"es\",\"potentialAction\":[{\"@type\":\"ReadAction\",\"target\":[\"https:\/\/dutchmicrodosing.com\/es\/hierbas-afrodisiacas-naturales\/damiana-50-gramos\/\"]}]},{\"@type\":\"ImageObject\",\"inLanguage\":\"es\",\"@id\":\"https:\/\/dutchmicrodosing.com\/es\/hierbas-afrodisiacas-naturales\/damiana-50-gramos\/#primaryimage\",\"url\":\"https:\/\/dutchmicrodosing.com\/wp-content\/uploads\/2025\/10\/Damiana.jpg\",\"contentUrl\":\"https:\/\/dutchmicrodosing.com\/wp-content\/uploads\/2025\/10\/Damiana.jpg\",\"width\":1000,\"height\":1000},{\"@type\":\"BreadcrumbList\",\"@id\":\"https:\/\/dutchmicrodosing.com\/es\/hierbas-afrodisiacas-naturales\/damiana-50-gramos\/#breadcrumb\",\"itemListElement\":[{\"@type\":\"ListItem\",\"position\":1,\"name\":\"Home\",\"item\":\"https:\/\/dutchmicrodosing.com\/es\/\"},{\"@type\":\"ListItem\",\"position\":2,\"name\":\"Tienda\",\"item\":\"https:\/\/dutchmicrodosing.com\/es\/tienda\/\"},{\"@type\":\"ListItem\",\"position\":3,\"name\":\"Damiana &#8211; 50 gramos\"}]},{\"@type\":\"WebSite\",\"@id\":\"https:\/\/dutchmicrodosing.com\/es\/#website\",\"url\":\"https:\/\/dutchmicrodosing.com\/es\/\",\"name\":\"Dutchmicrodosing\",\"description\":\"\",\"publisher\":{\"@id\":\"https:\/\/dutchmicrodosing.com\/es\/#organization\"},\"potentialAction\":[{\"@type\":\"SearchAction\",\"target\":{\"@type\":\"EntryPoint\",\"urlTemplate\":\"https:\/\/dutchmicrodosing.com\/es\/?s={search_term_string}\"},\"query-input\":{\"@type\":\"PropertyValueSpecification\",\"valueRequired\":true,\"valueName\":\"search_term_string\"}}],\"inLanguage\":\"es\"},{\"@type\":\"Organization\",\"@id\":\"https:\/\/dutchmicrodosing.com\/es\/#organization\",\"name\":\"Dutchmicrodosing\",\"url\":\"https:\/\/dutchmicrodosing.com\/es\/\",\"logo\":{\"@type\":\"ImageObject\",\"inLanguage\":\"es\",\"@id\":\"https:\/\/dutchmicrodosing.com\/es\/#\/schema\/logo\/image\/\",\"url\":\"https:\/\/dutchmicrodosing.com\/wp-content\/uploads\/2021\/01\/microdosing-categorie-pic-nieuw.jpg\",\"contentUrl\":\"https:\/\/dutchmicrodosing.com\/wp-content\/uploads\/2021\/01\/microdosing-categorie-pic-nieuw.jpg\",\"width\":500,\"height\":500,\"caption\":\"Dutchmicrodosing\"},\"image\":{\"@id\":\"https:\/\/dutchmicrodosing.com\/es\/#\/schema\/logo\/image\/\"},\"sameAs\":[\"https:\/\/www.facebook.com\/Dutchmicrodosingxp\/\",\"https:\/\/www.instagram.com\/dutchmicrodosing\/\"]}]}<\/script>\n<meta property=\"product:price:amount\" content=\"6.95\" \/>\n<meta property=\"product:price:currency\" content=\"EUR\" \/>\n<meta property=\"og:availability\" content=\"instock\" \/>\n<meta property=\"product:availability\" content=\"instock\" \/>\n<meta property=\"product:retailer_item_id\" content=\"8101867\" \/>\n<meta property=\"product:condition\" content=\"new\" \/>\n<!-- \/ Yoast SEO Premium plugin. -->","yoast_head_json":{"title":"Damiana - 50 gramos - Dutchmicrodosing","description":"Descubre el efecto relajante de la **Damiana**: hierba 100% pura para una experiencia de t\u00e9 suave y euf\u00f3rica. Utilizado tradicionalmente en Am\u00e9rica Central y del Sur.","robots":{"index":"index","follow":"follow","max-snippet":"max-snippet:-1","max-image-preview":"max-image-preview:large","max-video-preview":"max-video-preview:-1"},"canonical":"https:\/\/dutchmicrodosing.com\/es\/hierbas-afrodisiacas-naturales\/damiana-50-gramos\/","og_locale":"es_ES","og_type":"article","og_title":"Damiana - 50 gramos","og_description":"Damiana - 50 gramos (Turnera diffusa) es una hierba tradicional de Am\u00e9rica Central y del Sur que se ha utilizado durante siglos por sus extraordinarias","og_url":"https:\/\/dutchmicrodosing.com\/es\/hierbas-afrodisiacas-naturales\/damiana-50-gramos\/","og_site_name":"Dutchmicrodosing","article_publisher":"https:\/\/www.facebook.com\/Dutchmicrodosingxp\/","article_modified_time":"2025-11-11T14:33:43+00:00","og_image":[{"width":1000,"height":1000,"url":"https:\/\/dutchmicrodosing.com\/wp-content\/uploads\/2025\/10\/Damiana.jpg","type":"image\/jpeg"}],"twitter_card":"summary_large_image","schema":{"@context":"https:\/\/schema.org","@graph":[{"@type":"WebPage","@id":"https:\/\/dutchmicrodosing.com\/es\/hierbas-afrodisiacas-naturales\/damiana-50-gramos\/","url":"https:\/\/dutchmicrodosing.com\/es\/hierbas-afrodisiacas-naturales\/damiana-50-gramos\/","name":"Damiana - 50 gramos - Dutchmicrodosing","isPartOf":{"@id":"https:\/\/dutchmicrodosing.com\/es\/#website"},"primaryImageOfPage":{"@id":"https:\/\/dutchmicrodosing.com\/es\/hierbas-afrodisiacas-naturales\/damiana-50-gramos\/#primaryimage"},"image":{"@id":"https:\/\/dutchmicrodosing.com\/es\/hierbas-afrodisiacas-naturales\/damiana-50-gramos\/#primaryimage"},"thumbnailUrl":"https:\/\/dutchmicrodosing.com\/wp-content\/uploads\/2025\/10\/Damiana.jpg","datePublished":"2025-10-30T14:46:36+00:00","dateModified":"2025-11-11T14:33:43+00:00","description":"Descubre el efecto relajante de la **Damiana**: hierba 100% pura para una experiencia de t\u00e9 suave y euf\u00f3rica. Utilizado tradicionalmente en Am\u00e9rica Central y del Sur.","breadcrumb":{"@id":"https:\/\/dutchmicrodosing.com\/es\/hierbas-afrodisiacas-naturales\/damiana-50-gramos\/#breadcrumb"},"inLanguage":"es","potentialAction":[{"@type":"ReadAction","target":["https:\/\/dutchmicrodosing.com\/es\/hierbas-afrodisiacas-naturales\/damiana-50-gramos\/"]}]},{"@type":"ImageObject","inLanguage":"es","@id":"https:\/\/dutchmicrodosing.com\/es\/hierbas-afrodisiacas-naturales\/damiana-50-gramos\/#primaryimage","url":"https:\/\/dutchmicrodosing.com\/wp-content\/uploads\/2025\/10\/Damiana.jpg","contentUrl":"https:\/\/dutchmicrodosing.com\/wp-content\/uploads\/2025\/10\/Damiana.jpg","width":1000,"height":1000},{"@type":"BreadcrumbList","@id":"https:\/\/dutchmicrodosing.com\/es\/hierbas-afrodisiacas-naturales\/damiana-50-gramos\/#breadcrumb","itemListElement":[{"@type":"ListItem","position":1,"name":"Home","item":"https:\/\/dutchmicrodosing.com\/es\/"},{"@type":"ListItem","position":2,"name":"Tienda","item":"https:\/\/dutchmicrodosing.com\/es\/tienda\/"},{"@type":"ListItem","position":3,"name":"Damiana &#8211; 50 gramos"}]},{"@type":"WebSite","@id":"https:\/\/dutchmicrodosing.com\/es\/#website","url":"https:\/\/dutchmicrodosing.com\/es\/","name":"Dutchmicrodosing","description":"","publisher":{"@id":"https:\/\/dutchmicrodosing.com\/es\/#organization"},"potentialAction":[{"@type":"SearchAction","target":{"@type":"EntryPoint","urlTemplate":"https:\/\/dutchmicrodosing.com\/es\/?s={search_term_string}"},"query-input":{"@type":"PropertyValueSpecification","valueRequired":true,"valueName":"search_term_string"}}],"inLanguage":"es"},{"@type":"Organization","@id":"https:\/\/dutchmicrodosing.com\/es\/#organization","name":"Dutchmicrodosing","url":"https:\/\/dutchmicrodosing.com\/es\/","logo":{"@type":"ImageObject","inLanguage":"es","@id":"https:\/\/dutchmicrodosing.com\/es\/#\/schema\/logo\/image\/","url":"https:\/\/dutchmicrodosing.com\/wp-content\/uploads\/2021\/01\/microdosing-categorie-pic-nieuw.jpg","contentUrl":"https:\/\/dutchmicrodosing.com\/wp-content\/uploads\/2021\/01\/microdosing-categorie-pic-nieuw.jpg","width":500,"height":500,"caption":"Dutchmicrodosing"},"image":{"@id":"https:\/\/dutchmicrodosing.com\/es\/#\/schema\/logo\/image\/"},"sameAs":["https:\/\/www.facebook.com\/Dutchmicrodosingxp\/","https:\/\/www.instagram.com\/dutchmicrodosing\/"]}]},"product_price_amount":"6.95","product_price_currency":"EUR","og_availability":"instock","product_availability":"instock","product_retailer_item_id":"8101867","product_condition":"new"},"_links":{"self":[{"href":"https:\/\/dutchmicrodosing.com\/es\/wp-json\/wp\/v2\/product\/59394","targetHints":{"allow":["GET"]}}],"collection":[{"href":"https:\/\/dutchmicrodosing.com\/es\/wp-json\/wp\/v2\/product"}],"about":[{"href":"https:\/\/dutchmicrodosing.com\/es\/wp-json\/wp\/v2\/types\/product"}],"replies":[{"embeddable":true,"href":"https:\/\/dutchmicrodosing.com\/es\/wp-json\/wp\/v2\/comments?post=59394"}],"version-history":[{"count":1,"href":"https:\/\/dutchmicrodosing.com\/es\/wp-json\/wp\/v2\/product\/59394\/revisions"}],"predecessor-version":[{"id":61611,"href":"https:\/\/dutchmicrodosing.com\/es\/wp-json\/wp\/v2\/product\/59394\/revisions\/61611"}],"wp:featuredmedia":[{"embeddable":true,"href":"https:\/\/dutchmicrodosing.com\/es\/wp-json\/wp\/v2\/media\/59395"}],"wp:attachment":[{"href":"https:\/\/dutchmicrodosing.com\/es\/wp-json\/wp\/v2\/media?parent=59394"}],"wp:term":[{"taxonomy":"product_brand","embeddable":true,"href":"https:\/\/dutchmicrodosing.com\/es\/wp-json\/wp\/v2\/product_brand?post=59394"},{"taxonomy":"product_cat","embeddable":true,"href":"https:\/\/dutchmicrodosing.com\/es\/wp-json\/wp\/v2\/product_cat?post=59394"},{"taxonomy":"product_tag","embeddable":true,"href":"https:\/\/dutchmicrodosing.com\/es\/wp-json\/wp\/v2\/product_tag?post=59394"}],"curies":[{"name":"wp","href":"https:\/\/api.w.org\/{rel}","templated":true}]}}