{"id":59459,"date":"2025-10-30T16:11:04","date_gmt":"2025-10-30T15:11:04","guid":{"rendered":"https:\/\/dutchmicrodosing.com\/shop\/sin%20categor\u00eda\/muira-puama-80-gramos\/"},"modified":"2025-11-11T15:26:34","modified_gmt":"2025-11-11T14:26:34","slug":"muira-puama-80-gramos","status":"publish","type":"product","link":"https:\/\/dutchmicrodosing.com\/es\/hierbas-botanicas\/hierbas-afrodisiacas-naturales\/muira-puama-80-gramos\/","title":{"rendered":"Muira Puama &#8211; 80 gramos"},"content":{"rendered":"<p><strong>Muira Puama &#8211; 80 gramos<\/strong> tambi\u00e9n se conoce como \u00abPotency Wood\u00bb y proviene directamente de la selva tropical. Esta planta especial crece como un peque\u00f1o \u00e1rbol de hasta cuatro metros de altura y se valora especialmente por su corteza y sus ra\u00edces. Perfecto para preparar un t\u00e9 de hierbas potente y arom\u00e1tico. Un cl\u00e1sico aut\u00e9ntico dentro del mundo de las hierbas naturales.<\/p>\n<h3>Caracter\u00edsticas<\/h3>\n<ul>\n<li>Tambi\u00e9n conocido como \u201cPotency Wood\u201d<\/li>\n<li>Origen: el Amazonas<\/li>\n<li>Hecho de la corteza y las ra\u00edces del \u00e1rbol de Muira Puama<\/li>\n<li>Contiene sustancias naturales como \u00e1cidos grasos de cadena larga, esteroles vegetales, cumarina, lupeol y muirapuamina<\/li>\n<li>Popular en las culturas de hierbas tradicionales<\/li>\n<li>Se combina bien con hierbas como la Damiana para una mezcla \u00fanica<\/li>\n<\/ul>\n<h3>Ingredientes y\/o composici\u00f3n<\/h3>\n<p>100% Muira Puama pura (Ptychopetalum Olacoides)<\/p>\n<h3>Utilice<\/h3>\n<p>A\u00f1ade de 1 a 2 cucharadas de Muira Puama a medio litro de agua. Deja que la mezcla hierva a fuego lento durante unos 15 minutos. Cuela el t\u00e9 antes de usarlo y b\u00e9belo con calma.<\/p>\n<p><em>Consejo: Para una experiencia herbal m\u00e1s intensa, puedes combinar Muira Puama con Damiana.<\/em><\/p>\n<h3>Contenido<\/h3>\n<p>80 gramos de Muira Puama \u2013 Indian Elements<\/p>\n<h3>Descargo de responsabilidad<\/h3>\n<p><em>El contenido de este texto es meramente informativo y no sustituye al asesoramiento profesional. Este producto no es un medicamento y no est\u00e1 destinado a diagnosticar, tratar o curar ninguna afecci\u00f3n m\u00e9dica.<\/em><\/p>\n","protected":false},"excerpt":{"rendered":"<p>Muira Puama &#8211; 80 gramos tambi\u00e9n se conoce como \u00abPotency Wood\u00bb y proviene directamente de la selva tropical. Esta planta especial crece como un peque\u00f1o \u00e1rbol de hasta cuatro metros de altura y se valora especialmente por su corteza y sus ra\u00edces. Perfecto para preparar un t\u00e9 de hierbas potente y arom\u00e1tico. Un cl\u00e1sico aut\u00e9ntico [&hellip;]<\/p>\n","protected":false},"featured_media":59460,"comment_status":"closed","ping_status":"closed","template":"","meta":[],"product_brand":[],"product_cat":[652],"product_tag":[],"class_list":{"0":"post-59459","1":"product","2":"type-product","3":"status-publish","4":"has-post-thumbnail","6":"product_cat-hierbas-afrodisiacas-naturales","8":"first","9":"instock","10":"taxable","11":"shipping-taxable","12":"purchasable","13":"product-type-simple"},"yoast_head":"<!-- This site is optimized with the Yoast SEO Premium plugin v26.4 (Yoast SEO v27.2) - https:\/\/yoast.com\/product\/yoast-seo-premium-wordpress\/ -->\n<title>Muira Puama - 80 gramos - Dutchmicrodosing<\/title>\n<meta name=\"description\" content=\"Descubre el poder de Muira Puama - 80 gramos, una hierba tradicional del Amazonas, perfecta para un t\u00e9 de hierbas estimulante. 100% natural y puro.\" \/>\n<meta name=\"robots\" content=\"index, follow, max-snippet:-1, max-image-preview:large, max-video-preview:-1\" \/>\n<link rel=\"canonical\" href=\"https:\/\/dutchmicrodosing.com\/es\/hierbas-botanicas\/hierbas-afrodisiacas-naturales\/muira-puama-80-gramos\/\" \/>\n<meta property=\"og:locale\" content=\"es_ES\" \/>\n<meta property=\"og:type\" content=\"article\" \/>\n<meta property=\"og:title\" content=\"Muira Puama - 80 gramos\" \/>\n<meta property=\"og:description\" content=\"Muira Puama - 80 gramos tambi\u00e9n se conoce como &quot;Potency Wood&quot; y proviene directamente de la selva tropical. Esta planta especial crece como un peque\u00f1o\" \/>\n<meta property=\"og:url\" content=\"https:\/\/dutchmicrodosing.com\/es\/hierbas-botanicas\/hierbas-afrodisiacas-naturales\/muira-puama-80-gramos\/\" \/>\n<meta property=\"og:site_name\" content=\"Dutchmicrodosing\" \/>\n<meta property=\"article:publisher\" content=\"https:\/\/www.facebook.com\/Dutchmicrodosingxp\/\" \/>\n<meta property=\"article:modified_time\" content=\"2025-11-11T14:26:34+00:00\" \/>\n<meta property=\"og:image\" content=\"https:\/\/dutchmicrodosing.com\/wp-content\/uploads\/2025\/10\/Muira-Puama.jpg\" \/>\n\t<meta property=\"og:image:width\" content=\"1000\" \/>\n\t<meta property=\"og:image:height\" content=\"1000\" \/>\n\t<meta property=\"og:image:type\" content=\"image\/jpeg\" \/>\n<meta name=\"twitter:card\" content=\"summary_large_image\" \/>\n<script type=\"application\/ld+json\" class=\"yoast-schema-graph\">{\"@context\":\"https:\/\/schema.org\",\"@graph\":[{\"@type\":\"WebPage\",\"@id\":\"https:\/\/dutchmicrodosing.com\/es\/hierbas-botanicas\/hierbas-afrodisiacas-naturales\/muira-puama-80-gramos\/\",\"url\":\"https:\/\/dutchmicrodosing.com\/es\/hierbas-botanicas\/hierbas-afrodisiacas-naturales\/muira-puama-80-gramos\/\",\"name\":\"Muira Puama - 80 gramos - Dutchmicrodosing\",\"isPartOf\":{\"@id\":\"https:\/\/dutchmicrodosing.com\/es\/#website\"},\"primaryImageOfPage\":{\"@id\":\"https:\/\/dutchmicrodosing.com\/es\/hierbas-botanicas\/hierbas-afrodisiacas-naturales\/muira-puama-80-gramos\/#primaryimage\"},\"image\":{\"@id\":\"https:\/\/dutchmicrodosing.com\/es\/hierbas-botanicas\/hierbas-afrodisiacas-naturales\/muira-puama-80-gramos\/#primaryimage\"},\"thumbnailUrl\":\"https:\/\/dutchmicrodosing.com\/wp-content\/uploads\/2025\/10\/Muira-Puama.jpg\",\"datePublished\":\"2025-10-30T15:11:04+00:00\",\"dateModified\":\"2025-11-11T14:26:34+00:00\",\"description\":\"Descubre el poder de Muira Puama - 80 gramos, una hierba tradicional del Amazonas, perfecta para un t\u00e9 de hierbas estimulante. 100% natural y puro.\",\"breadcrumb\":{\"@id\":\"https:\/\/dutchmicrodosing.com\/es\/hierbas-botanicas\/hierbas-afrodisiacas-naturales\/muira-puama-80-gramos\/#breadcrumb\"},\"inLanguage\":\"es\",\"potentialAction\":[{\"@type\":\"ReadAction\",\"target\":[\"https:\/\/dutchmicrodosing.com\/es\/hierbas-botanicas\/hierbas-afrodisiacas-naturales\/muira-puama-80-gramos\/\"]}]},{\"@type\":\"ImageObject\",\"inLanguage\":\"es\",\"@id\":\"https:\/\/dutchmicrodosing.com\/es\/hierbas-botanicas\/hierbas-afrodisiacas-naturales\/muira-puama-80-gramos\/#primaryimage\",\"url\":\"https:\/\/dutchmicrodosing.com\/wp-content\/uploads\/2025\/10\/Muira-Puama.jpg\",\"contentUrl\":\"https:\/\/dutchmicrodosing.com\/wp-content\/uploads\/2025\/10\/Muira-Puama.jpg\",\"width\":1000,\"height\":1000},{\"@type\":\"BreadcrumbList\",\"@id\":\"https:\/\/dutchmicrodosing.com\/es\/hierbas-botanicas\/hierbas-afrodisiacas-naturales\/muira-puama-80-gramos\/#breadcrumb\",\"itemListElement\":[{\"@type\":\"ListItem\",\"position\":1,\"name\":\"Home\",\"item\":\"https:\/\/dutchmicrodosing.com\/es\/\"},{\"@type\":\"ListItem\",\"position\":2,\"name\":\"Tienda\",\"item\":\"https:\/\/dutchmicrodosing.com\/es\/tienda\/\"},{\"@type\":\"ListItem\",\"position\":3,\"name\":\"Muira Puama &#8211; 80 gramos\"}]},{\"@type\":\"WebSite\",\"@id\":\"https:\/\/dutchmicrodosing.com\/es\/#website\",\"url\":\"https:\/\/dutchmicrodosing.com\/es\/\",\"name\":\"Dutchmicrodosing\",\"description\":\"\",\"publisher\":{\"@id\":\"https:\/\/dutchmicrodosing.com\/es\/#organization\"},\"potentialAction\":[{\"@type\":\"SearchAction\",\"target\":{\"@type\":\"EntryPoint\",\"urlTemplate\":\"https:\/\/dutchmicrodosing.com\/es\/?s={search_term_string}\"},\"query-input\":{\"@type\":\"PropertyValueSpecification\",\"valueRequired\":true,\"valueName\":\"search_term_string\"}}],\"inLanguage\":\"es\"},{\"@type\":\"Organization\",\"@id\":\"https:\/\/dutchmicrodosing.com\/es\/#organization\",\"name\":\"Dutchmicrodosing\",\"url\":\"https:\/\/dutchmicrodosing.com\/es\/\",\"logo\":{\"@type\":\"ImageObject\",\"inLanguage\":\"es\",\"@id\":\"https:\/\/dutchmicrodosing.com\/es\/#\/schema\/logo\/image\/\",\"url\":\"https:\/\/dutchmicrodosing.com\/wp-content\/uploads\/2021\/01\/microdosing-categorie-pic-nieuw.jpg\",\"contentUrl\":\"https:\/\/dutchmicrodosing.com\/wp-content\/uploads\/2021\/01\/microdosing-categorie-pic-nieuw.jpg\",\"width\":500,\"height\":500,\"caption\":\"Dutchmicrodosing\"},\"image\":{\"@id\":\"https:\/\/dutchmicrodosing.com\/es\/#\/schema\/logo\/image\/\"},\"sameAs\":[\"https:\/\/www.facebook.com\/Dutchmicrodosingxp\/\",\"https:\/\/www.instagram.com\/dutchmicrodosing\/\"]}]}<\/script>\n<meta property=\"product:price:amount\" content=\"7.95\" \/>\n<meta property=\"product:price:currency\" content=\"EUR\" \/>\n<meta property=\"og:availability\" content=\"instock\" \/>\n<meta property=\"product:availability\" content=\"instock\" \/>\n<meta property=\"product:retailer_item_id\" content=\"8101693\" \/>\n<meta property=\"product:condition\" content=\"new\" \/>\n<!-- \/ Yoast SEO Premium plugin. -->","yoast_head_json":{"title":"Muira Puama - 80 gramos - Dutchmicrodosing","description":"Descubre el poder de Muira Puama - 80 gramos, una hierba tradicional del Amazonas, perfecta para un t\u00e9 de hierbas estimulante. 100% natural y puro.","robots":{"index":"index","follow":"follow","max-snippet":"max-snippet:-1","max-image-preview":"max-image-preview:large","max-video-preview":"max-video-preview:-1"},"canonical":"https:\/\/dutchmicrodosing.com\/es\/hierbas-botanicas\/hierbas-afrodisiacas-naturales\/muira-puama-80-gramos\/","og_locale":"es_ES","og_type":"article","og_title":"Muira Puama - 80 gramos","og_description":"Muira Puama - 80 gramos tambi\u00e9n se conoce como \"Potency Wood\" y proviene directamente de la selva tropical. Esta planta especial crece como un peque\u00f1o","og_url":"https:\/\/dutchmicrodosing.com\/es\/hierbas-botanicas\/hierbas-afrodisiacas-naturales\/muira-puama-80-gramos\/","og_site_name":"Dutchmicrodosing","article_publisher":"https:\/\/www.facebook.com\/Dutchmicrodosingxp\/","article_modified_time":"2025-11-11T14:26:34+00:00","og_image":[{"width":1000,"height":1000,"url":"https:\/\/dutchmicrodosing.com\/wp-content\/uploads\/2025\/10\/Muira-Puama.jpg","type":"image\/jpeg"}],"twitter_card":"summary_large_image","schema":{"@context":"https:\/\/schema.org","@graph":[{"@type":"WebPage","@id":"https:\/\/dutchmicrodosing.com\/es\/hierbas-botanicas\/hierbas-afrodisiacas-naturales\/muira-puama-80-gramos\/","url":"https:\/\/dutchmicrodosing.com\/es\/hierbas-botanicas\/hierbas-afrodisiacas-naturales\/muira-puama-80-gramos\/","name":"Muira Puama - 80 gramos - Dutchmicrodosing","isPartOf":{"@id":"https:\/\/dutchmicrodosing.com\/es\/#website"},"primaryImageOfPage":{"@id":"https:\/\/dutchmicrodosing.com\/es\/hierbas-botanicas\/hierbas-afrodisiacas-naturales\/muira-puama-80-gramos\/#primaryimage"},"image":{"@id":"https:\/\/dutchmicrodosing.com\/es\/hierbas-botanicas\/hierbas-afrodisiacas-naturales\/muira-puama-80-gramos\/#primaryimage"},"thumbnailUrl":"https:\/\/dutchmicrodosing.com\/wp-content\/uploads\/2025\/10\/Muira-Puama.jpg","datePublished":"2025-10-30T15:11:04+00:00","dateModified":"2025-11-11T14:26:34+00:00","description":"Descubre el poder de Muira Puama - 80 gramos, una hierba tradicional del Amazonas, perfecta para un t\u00e9 de hierbas estimulante. 100% natural y puro.","breadcrumb":{"@id":"https:\/\/dutchmicrodosing.com\/es\/hierbas-botanicas\/hierbas-afrodisiacas-naturales\/muira-puama-80-gramos\/#breadcrumb"},"inLanguage":"es","potentialAction":[{"@type":"ReadAction","target":["https:\/\/dutchmicrodosing.com\/es\/hierbas-botanicas\/hierbas-afrodisiacas-naturales\/muira-puama-80-gramos\/"]}]},{"@type":"ImageObject","inLanguage":"es","@id":"https:\/\/dutchmicrodosing.com\/es\/hierbas-botanicas\/hierbas-afrodisiacas-naturales\/muira-puama-80-gramos\/#primaryimage","url":"https:\/\/dutchmicrodosing.com\/wp-content\/uploads\/2025\/10\/Muira-Puama.jpg","contentUrl":"https:\/\/dutchmicrodosing.com\/wp-content\/uploads\/2025\/10\/Muira-Puama.jpg","width":1000,"height":1000},{"@type":"BreadcrumbList","@id":"https:\/\/dutchmicrodosing.com\/es\/hierbas-botanicas\/hierbas-afrodisiacas-naturales\/muira-puama-80-gramos\/#breadcrumb","itemListElement":[{"@type":"ListItem","position":1,"name":"Home","item":"https:\/\/dutchmicrodosing.com\/es\/"},{"@type":"ListItem","position":2,"name":"Tienda","item":"https:\/\/dutchmicrodosing.com\/es\/tienda\/"},{"@type":"ListItem","position":3,"name":"Muira Puama &#8211; 80 gramos"}]},{"@type":"WebSite","@id":"https:\/\/dutchmicrodosing.com\/es\/#website","url":"https:\/\/dutchmicrodosing.com\/es\/","name":"Dutchmicrodosing","description":"","publisher":{"@id":"https:\/\/dutchmicrodosing.com\/es\/#organization"},"potentialAction":[{"@type":"SearchAction","target":{"@type":"EntryPoint","urlTemplate":"https:\/\/dutchmicrodosing.com\/es\/?s={search_term_string}"},"query-input":{"@type":"PropertyValueSpecification","valueRequired":true,"valueName":"search_term_string"}}],"inLanguage":"es"},{"@type":"Organization","@id":"https:\/\/dutchmicrodosing.com\/es\/#organization","name":"Dutchmicrodosing","url":"https:\/\/dutchmicrodosing.com\/es\/","logo":{"@type":"ImageObject","inLanguage":"es","@id":"https:\/\/dutchmicrodosing.com\/es\/#\/schema\/logo\/image\/","url":"https:\/\/dutchmicrodosing.com\/wp-content\/uploads\/2021\/01\/microdosing-categorie-pic-nieuw.jpg","contentUrl":"https:\/\/dutchmicrodosing.com\/wp-content\/uploads\/2021\/01\/microdosing-categorie-pic-nieuw.jpg","width":500,"height":500,"caption":"Dutchmicrodosing"},"image":{"@id":"https:\/\/dutchmicrodosing.com\/es\/#\/schema\/logo\/image\/"},"sameAs":["https:\/\/www.facebook.com\/Dutchmicrodosingxp\/","https:\/\/www.instagram.com\/dutchmicrodosing\/"]}]},"product_price_amount":"7.95","product_price_currency":"EUR","og_availability":"instock","product_availability":"instock","product_retailer_item_id":"8101693","product_condition":"new"},"_links":{"self":[{"href":"https:\/\/dutchmicrodosing.com\/es\/wp-json\/wp\/v2\/product\/59459","targetHints":{"allow":["GET"]}}],"collection":[{"href":"https:\/\/dutchmicrodosing.com\/es\/wp-json\/wp\/v2\/product"}],"about":[{"href":"https:\/\/dutchmicrodosing.com\/es\/wp-json\/wp\/v2\/types\/product"}],"replies":[{"embeddable":true,"href":"https:\/\/dutchmicrodosing.com\/es\/wp-json\/wp\/v2\/comments?post=59459"}],"version-history":[{"count":1,"href":"https:\/\/dutchmicrodosing.com\/es\/wp-json\/wp\/v2\/product\/59459\/revisions"}],"predecessor-version":[{"id":61593,"href":"https:\/\/dutchmicrodosing.com\/es\/wp-json\/wp\/v2\/product\/59459\/revisions\/61593"}],"wp:featuredmedia":[{"embeddable":true,"href":"https:\/\/dutchmicrodosing.com\/es\/wp-json\/wp\/v2\/media\/59460"}],"wp:attachment":[{"href":"https:\/\/dutchmicrodosing.com\/es\/wp-json\/wp\/v2\/media?parent=59459"}],"wp:term":[{"taxonomy":"product_brand","embeddable":true,"href":"https:\/\/dutchmicrodosing.com\/es\/wp-json\/wp\/v2\/product_brand?post=59459"},{"taxonomy":"product_cat","embeddable":true,"href":"https:\/\/dutchmicrodosing.com\/es\/wp-json\/wp\/v2\/product_cat?post=59459"},{"taxonomy":"product_tag","embeddable":true,"href":"https:\/\/dutchmicrodosing.com\/es\/wp-json\/wp\/v2\/product_tag?post=59459"}],"curies":[{"name":"wp","href":"https:\/\/api.w.org\/{rel}","templated":true}]}}