{"id":59498,"date":"2025-10-31T08:29:08","date_gmt":"2025-10-31T07:29:08","guid":{"rendered":"https:\/\/dutchmicrodosing.com\/shop\/sin%20categor\u00eda\/aphroditemix-50-gramos\/"},"modified":"2025-11-11T15:04:03","modified_gmt":"2025-11-11T14:04:03","slug":"aphroditemix-50-gramos","status":"publish","type":"product","link":"https:\/\/dutchmicrodosing.com\/es\/hierbas-botanicas\/hierbas-afrodisiacas-naturales\/aphroditemix-50-gramos\/","title":{"rendered":"Aphroditemix &#8211; 50 gramos"},"content":{"rendered":"<p><strong>Aphroditemix &#8211; 50 gramos<\/strong> de la marca Indian Elements<strong>,<\/strong> es una mezcla de hierbas sensual, inspirada en la diosa del amor. Esta mezcla especial combina flores y hojas fragantes para crear un t\u00e9 que te invita a experimentar m\u00e1s pasi\u00f3n, calidez y conexi\u00f3n. Una elecci\u00f3n deliciosa para momentos \u00edntimos o cuando te apetece un poco de amor extra.<\/p>\n<h3>Caracter\u00edsticas<\/h3>\n<p>La Aphrodite Mix contiene una combinaci\u00f3n equilibrada de Damiana, Menta, Naranja y Flor de Jazm\u00edn. Estas hierbas son conocidas por sus propiedades relajantes y sensuales. El aroma es refinado, el sabor ligeramente amargo con un trasfondo fresco y floral. Ideal para beber cuando necesitas m\u00e1s suavidad y romanticismo en tu d\u00eda.<\/p>\n<h3>Ingredientes y\/o composici\u00f3n<\/h3>\n<p>Damiana, hojas de menta, naranja y azahar<\/p>\n<h3>Utilice<\/h3>\n<p>Prepara f\u00e1cilmente un t\u00e9 con esta mezcla de hierbas:<br \/>\nA\u00f1ade de 1 a 2 cucharadas soperas a agua hirviendo suavemente y d\u00e9jalo reposar durante 5 minutos. Cuela el t\u00e9 y b\u00e9belo preferiblemente con el est\u00f3mago vac\u00edo. A\u00f1ade un poco de miel si lo deseas para un sabor m\u00e1s suave.<\/p>\n<h3>Contenido<\/h3>\n<p>50 gramos de AphroditeMix, envasado por Indian Elements<\/p>\n<h3>Descargo de responsabilidad<\/h3>\n<p><em>El contenido de este texto es meramente informativo y no sustituye al asesoramiento profesional. Este producto no es un medicamento y no est\u00e1 destinado a diagnosticar, tratar o curar ninguna afecci\u00f3n m\u00e9dica.  <\/em><\/p>\n","protected":false},"excerpt":{"rendered":"<p>Aphroditemix &#8211; 50 gramos de la marca Indian Elements, es una mezcla de hierbas sensual, inspirada en la diosa del amor. Esta mezcla especial combina flores y hojas fragantes para crear un t\u00e9 que te invita a experimentar m\u00e1s pasi\u00f3n, calidez y conexi\u00f3n. Una elecci\u00f3n deliciosa para momentos \u00edntimos o cuando te apetece un poco [&hellip;]<\/p>\n","protected":false},"featured_media":59501,"comment_status":"closed","ping_status":"closed","template":"","meta":[],"product_brand":[],"product_cat":[652],"product_tag":[],"class_list":{"0":"post-59498","1":"product","2":"type-product","3":"status-publish","4":"has-post-thumbnail","6":"product_cat-hierbas-afrodisiacas-naturales","8":"first","9":"instock","10":"taxable","11":"shipping-taxable","12":"purchasable","13":"product-type-simple"},"yoast_head":"<!-- This site is optimized with the Yoast SEO Premium plugin v26.4 (Yoast SEO v27.2) - https:\/\/yoast.com\/product\/yoast-seo-premium-wordpress\/ -->\n<title>Aphroditemix - 50 gramos - Dutchmicrodosing<\/title>\n<meta name=\"description\" content=\"Aphrodite Mix - 50 gramos, es una mezcla de hierbas sensual con Damiana, Menta, Naranja y Jazm\u00edn. Para un t\u00e9 relajante lleno de romanticismo y calidez.\" \/>\n<meta name=\"robots\" content=\"index, follow, max-snippet:-1, max-image-preview:large, max-video-preview:-1\" \/>\n<link rel=\"canonical\" href=\"https:\/\/dutchmicrodosing.com\/es\/hierbas-botanicas\/hierbas-afrodisiacas-naturales\/aphroditemix-50-gramos\/\" \/>\n<meta property=\"og:locale\" content=\"es_ES\" \/>\n<meta property=\"og:type\" content=\"article\" \/>\n<meta property=\"og:title\" content=\"Aphroditemix - 50 gramos\" \/>\n<meta property=\"og:description\" content=\"Aphroditemix - 50 gramos de la marca Indian Elements, es una mezcla de hierbas sensual, inspirada en la diosa del amor. Esta mezcla especial combina\" \/>\n<meta property=\"og:url\" content=\"https:\/\/dutchmicrodosing.com\/es\/hierbas-botanicas\/hierbas-afrodisiacas-naturales\/aphroditemix-50-gramos\/\" \/>\n<meta property=\"og:site_name\" content=\"Dutchmicrodosing\" \/>\n<meta property=\"article:publisher\" content=\"https:\/\/www.facebook.com\/Dutchmicrodosingxp\/\" \/>\n<meta property=\"article:modified_time\" content=\"2025-11-11T14:04:03+00:00\" \/>\n<meta property=\"og:image\" content=\"https:\/\/dutchmicrodosing.com\/wp-content\/uploads\/2025\/10\/Aphrodite-Mix.jpg\" \/>\n\t<meta property=\"og:image:width\" content=\"1000\" \/>\n\t<meta property=\"og:image:height\" content=\"1000\" \/>\n\t<meta property=\"og:image:type\" content=\"image\/jpeg\" \/>\n<meta name=\"twitter:card\" content=\"summary_large_image\" \/>\n<script type=\"application\/ld+json\" class=\"yoast-schema-graph\">{\"@context\":\"https:\/\/schema.org\",\"@graph\":[{\"@type\":\"WebPage\",\"@id\":\"https:\/\/dutchmicrodosing.com\/es\/hierbas-botanicas\/hierbas-afrodisiacas-naturales\/aphroditemix-50-gramos\/\",\"url\":\"https:\/\/dutchmicrodosing.com\/es\/hierbas-botanicas\/hierbas-afrodisiacas-naturales\/aphroditemix-50-gramos\/\",\"name\":\"Aphroditemix - 50 gramos - Dutchmicrodosing\",\"isPartOf\":{\"@id\":\"https:\/\/dutchmicrodosing.com\/es\/#website\"},\"primaryImageOfPage\":{\"@id\":\"https:\/\/dutchmicrodosing.com\/es\/hierbas-botanicas\/hierbas-afrodisiacas-naturales\/aphroditemix-50-gramos\/#primaryimage\"},\"image\":{\"@id\":\"https:\/\/dutchmicrodosing.com\/es\/hierbas-botanicas\/hierbas-afrodisiacas-naturales\/aphroditemix-50-gramos\/#primaryimage\"},\"thumbnailUrl\":\"https:\/\/dutchmicrodosing.com\/wp-content\/uploads\/2025\/10\/Aphrodite-Mix.jpg\",\"datePublished\":\"2025-10-31T07:29:08+00:00\",\"dateModified\":\"2025-11-11T14:04:03+00:00\",\"description\":\"Aphrodite Mix - 50 gramos, es una mezcla de hierbas sensual con Damiana, Menta, Naranja y Jazm\u00edn. Para un t\u00e9 relajante lleno de romanticismo y calidez.\",\"breadcrumb\":{\"@id\":\"https:\/\/dutchmicrodosing.com\/es\/hierbas-botanicas\/hierbas-afrodisiacas-naturales\/aphroditemix-50-gramos\/#breadcrumb\"},\"inLanguage\":\"es\",\"potentialAction\":[{\"@type\":\"ReadAction\",\"target\":[\"https:\/\/dutchmicrodosing.com\/es\/hierbas-botanicas\/hierbas-afrodisiacas-naturales\/aphroditemix-50-gramos\/\"]}]},{\"@type\":\"ImageObject\",\"inLanguage\":\"es\",\"@id\":\"https:\/\/dutchmicrodosing.com\/es\/hierbas-botanicas\/hierbas-afrodisiacas-naturales\/aphroditemix-50-gramos\/#primaryimage\",\"url\":\"https:\/\/dutchmicrodosing.com\/wp-content\/uploads\/2025\/10\/Aphrodite-Mix.jpg\",\"contentUrl\":\"https:\/\/dutchmicrodosing.com\/wp-content\/uploads\/2025\/10\/Aphrodite-Mix.jpg\",\"width\":1000,\"height\":1000},{\"@type\":\"BreadcrumbList\",\"@id\":\"https:\/\/dutchmicrodosing.com\/es\/hierbas-botanicas\/hierbas-afrodisiacas-naturales\/aphroditemix-50-gramos\/#breadcrumb\",\"itemListElement\":[{\"@type\":\"ListItem\",\"position\":1,\"name\":\"Home\",\"item\":\"https:\/\/dutchmicrodosing.com\/es\/\"},{\"@type\":\"ListItem\",\"position\":2,\"name\":\"Tienda\",\"item\":\"https:\/\/dutchmicrodosing.com\/es\/tienda\/\"},{\"@type\":\"ListItem\",\"position\":3,\"name\":\"Aphroditemix &#8211; 50 gramos\"}]},{\"@type\":\"WebSite\",\"@id\":\"https:\/\/dutchmicrodosing.com\/es\/#website\",\"url\":\"https:\/\/dutchmicrodosing.com\/es\/\",\"name\":\"Dutchmicrodosing\",\"description\":\"\",\"publisher\":{\"@id\":\"https:\/\/dutchmicrodosing.com\/es\/#organization\"},\"potentialAction\":[{\"@type\":\"SearchAction\",\"target\":{\"@type\":\"EntryPoint\",\"urlTemplate\":\"https:\/\/dutchmicrodosing.com\/es\/?s={search_term_string}\"},\"query-input\":{\"@type\":\"PropertyValueSpecification\",\"valueRequired\":true,\"valueName\":\"search_term_string\"}}],\"inLanguage\":\"es\"},{\"@type\":\"Organization\",\"@id\":\"https:\/\/dutchmicrodosing.com\/es\/#organization\",\"name\":\"Dutchmicrodosing\",\"url\":\"https:\/\/dutchmicrodosing.com\/es\/\",\"logo\":{\"@type\":\"ImageObject\",\"inLanguage\":\"es\",\"@id\":\"https:\/\/dutchmicrodosing.com\/es\/#\/schema\/logo\/image\/\",\"url\":\"https:\/\/dutchmicrodosing.com\/wp-content\/uploads\/2021\/01\/microdosing-categorie-pic-nieuw.jpg\",\"contentUrl\":\"https:\/\/dutchmicrodosing.com\/wp-content\/uploads\/2021\/01\/microdosing-categorie-pic-nieuw.jpg\",\"width\":500,\"height\":500,\"caption\":\"Dutchmicrodosing\"},\"image\":{\"@id\":\"https:\/\/dutchmicrodosing.com\/es\/#\/schema\/logo\/image\/\"},\"sameAs\":[\"https:\/\/www.facebook.com\/Dutchmicrodosingxp\/\",\"https:\/\/www.instagram.com\/dutchmicrodosing\/\"]}]}<\/script>\n<meta property=\"product:price:amount\" content=\"7.95\" \/>\n<meta property=\"product:price:currency\" content=\"EUR\" \/>\n<meta property=\"og:availability\" content=\"instock\" \/>\n<meta property=\"product:availability\" content=\"instock\" \/>\n<meta property=\"product:retailer_item_id\" content=\"9109823\" \/>\n<meta property=\"product:condition\" content=\"new\" \/>\n<!-- \/ Yoast SEO Premium plugin. -->","yoast_head_json":{"title":"Aphroditemix - 50 gramos - Dutchmicrodosing","description":"Aphrodite Mix - 50 gramos, es una mezcla de hierbas sensual con Damiana, Menta, Naranja y Jazm\u00edn. Para un t\u00e9 relajante lleno de romanticismo y calidez.","robots":{"index":"index","follow":"follow","max-snippet":"max-snippet:-1","max-image-preview":"max-image-preview:large","max-video-preview":"max-video-preview:-1"},"canonical":"https:\/\/dutchmicrodosing.com\/es\/hierbas-botanicas\/hierbas-afrodisiacas-naturales\/aphroditemix-50-gramos\/","og_locale":"es_ES","og_type":"article","og_title":"Aphroditemix - 50 gramos","og_description":"Aphroditemix - 50 gramos de la marca Indian Elements, es una mezcla de hierbas sensual, inspirada en la diosa del amor. Esta mezcla especial combina","og_url":"https:\/\/dutchmicrodosing.com\/es\/hierbas-botanicas\/hierbas-afrodisiacas-naturales\/aphroditemix-50-gramos\/","og_site_name":"Dutchmicrodosing","article_publisher":"https:\/\/www.facebook.com\/Dutchmicrodosingxp\/","article_modified_time":"2025-11-11T14:04:03+00:00","og_image":[{"width":1000,"height":1000,"url":"https:\/\/dutchmicrodosing.com\/wp-content\/uploads\/2025\/10\/Aphrodite-Mix.jpg","type":"image\/jpeg"}],"twitter_card":"summary_large_image","schema":{"@context":"https:\/\/schema.org","@graph":[{"@type":"WebPage","@id":"https:\/\/dutchmicrodosing.com\/es\/hierbas-botanicas\/hierbas-afrodisiacas-naturales\/aphroditemix-50-gramos\/","url":"https:\/\/dutchmicrodosing.com\/es\/hierbas-botanicas\/hierbas-afrodisiacas-naturales\/aphroditemix-50-gramos\/","name":"Aphroditemix - 50 gramos - Dutchmicrodosing","isPartOf":{"@id":"https:\/\/dutchmicrodosing.com\/es\/#website"},"primaryImageOfPage":{"@id":"https:\/\/dutchmicrodosing.com\/es\/hierbas-botanicas\/hierbas-afrodisiacas-naturales\/aphroditemix-50-gramos\/#primaryimage"},"image":{"@id":"https:\/\/dutchmicrodosing.com\/es\/hierbas-botanicas\/hierbas-afrodisiacas-naturales\/aphroditemix-50-gramos\/#primaryimage"},"thumbnailUrl":"https:\/\/dutchmicrodosing.com\/wp-content\/uploads\/2025\/10\/Aphrodite-Mix.jpg","datePublished":"2025-10-31T07:29:08+00:00","dateModified":"2025-11-11T14:04:03+00:00","description":"Aphrodite Mix - 50 gramos, es una mezcla de hierbas sensual con Damiana, Menta, Naranja y Jazm\u00edn. Para un t\u00e9 relajante lleno de romanticismo y calidez.","breadcrumb":{"@id":"https:\/\/dutchmicrodosing.com\/es\/hierbas-botanicas\/hierbas-afrodisiacas-naturales\/aphroditemix-50-gramos\/#breadcrumb"},"inLanguage":"es","potentialAction":[{"@type":"ReadAction","target":["https:\/\/dutchmicrodosing.com\/es\/hierbas-botanicas\/hierbas-afrodisiacas-naturales\/aphroditemix-50-gramos\/"]}]},{"@type":"ImageObject","inLanguage":"es","@id":"https:\/\/dutchmicrodosing.com\/es\/hierbas-botanicas\/hierbas-afrodisiacas-naturales\/aphroditemix-50-gramos\/#primaryimage","url":"https:\/\/dutchmicrodosing.com\/wp-content\/uploads\/2025\/10\/Aphrodite-Mix.jpg","contentUrl":"https:\/\/dutchmicrodosing.com\/wp-content\/uploads\/2025\/10\/Aphrodite-Mix.jpg","width":1000,"height":1000},{"@type":"BreadcrumbList","@id":"https:\/\/dutchmicrodosing.com\/es\/hierbas-botanicas\/hierbas-afrodisiacas-naturales\/aphroditemix-50-gramos\/#breadcrumb","itemListElement":[{"@type":"ListItem","position":1,"name":"Home","item":"https:\/\/dutchmicrodosing.com\/es\/"},{"@type":"ListItem","position":2,"name":"Tienda","item":"https:\/\/dutchmicrodosing.com\/es\/tienda\/"},{"@type":"ListItem","position":3,"name":"Aphroditemix &#8211; 50 gramos"}]},{"@type":"WebSite","@id":"https:\/\/dutchmicrodosing.com\/es\/#website","url":"https:\/\/dutchmicrodosing.com\/es\/","name":"Dutchmicrodosing","description":"","publisher":{"@id":"https:\/\/dutchmicrodosing.com\/es\/#organization"},"potentialAction":[{"@type":"SearchAction","target":{"@type":"EntryPoint","urlTemplate":"https:\/\/dutchmicrodosing.com\/es\/?s={search_term_string}"},"query-input":{"@type":"PropertyValueSpecification","valueRequired":true,"valueName":"search_term_string"}}],"inLanguage":"es"},{"@type":"Organization","@id":"https:\/\/dutchmicrodosing.com\/es\/#organization","name":"Dutchmicrodosing","url":"https:\/\/dutchmicrodosing.com\/es\/","logo":{"@type":"ImageObject","inLanguage":"es","@id":"https:\/\/dutchmicrodosing.com\/es\/#\/schema\/logo\/image\/","url":"https:\/\/dutchmicrodosing.com\/wp-content\/uploads\/2021\/01\/microdosing-categorie-pic-nieuw.jpg","contentUrl":"https:\/\/dutchmicrodosing.com\/wp-content\/uploads\/2021\/01\/microdosing-categorie-pic-nieuw.jpg","width":500,"height":500,"caption":"Dutchmicrodosing"},"image":{"@id":"https:\/\/dutchmicrodosing.com\/es\/#\/schema\/logo\/image\/"},"sameAs":["https:\/\/www.facebook.com\/Dutchmicrodosingxp\/","https:\/\/www.instagram.com\/dutchmicrodosing\/"]}]},"product_price_amount":"7.95","product_price_currency":"EUR","og_availability":"instock","product_availability":"instock","product_retailer_item_id":"9109823","product_condition":"new"},"_links":{"self":[{"href":"https:\/\/dutchmicrodosing.com\/es\/wp-json\/wp\/v2\/product\/59498","targetHints":{"allow":["GET"]}}],"collection":[{"href":"https:\/\/dutchmicrodosing.com\/es\/wp-json\/wp\/v2\/product"}],"about":[{"href":"https:\/\/dutchmicrodosing.com\/es\/wp-json\/wp\/v2\/types\/product"}],"replies":[{"embeddable":true,"href":"https:\/\/dutchmicrodosing.com\/es\/wp-json\/wp\/v2\/comments?post=59498"}],"version-history":[{"count":1,"href":"https:\/\/dutchmicrodosing.com\/es\/wp-json\/wp\/v2\/product\/59498\/revisions"}],"predecessor-version":[{"id":61571,"href":"https:\/\/dutchmicrodosing.com\/es\/wp-json\/wp\/v2\/product\/59498\/revisions\/61571"}],"wp:featuredmedia":[{"embeddable":true,"href":"https:\/\/dutchmicrodosing.com\/es\/wp-json\/wp\/v2\/media\/59501"}],"wp:attachment":[{"href":"https:\/\/dutchmicrodosing.com\/es\/wp-json\/wp\/v2\/media?parent=59498"}],"wp:term":[{"taxonomy":"product_brand","embeddable":true,"href":"https:\/\/dutchmicrodosing.com\/es\/wp-json\/wp\/v2\/product_brand?post=59498"},{"taxonomy":"product_cat","embeddable":true,"href":"https:\/\/dutchmicrodosing.com\/es\/wp-json\/wp\/v2\/product_cat?post=59498"},{"taxonomy":"product_tag","embeddable":true,"href":"https:\/\/dutchmicrodosing.com\/es\/wp-json\/wp\/v2\/product_tag?post=59498"}],"curies":[{"name":"wp","href":"https:\/\/api.w.org\/{rel}","templated":true}]}}