{"id":59531,"date":"2025-10-31T09:00:43","date_gmt":"2025-10-31T08:00:43","guid":{"rendered":"https:\/\/dutchmicrodosing.com\/shop\/sin%20categor\u00eda\/hierbas-de-los-suenos-calea-zacatechichi-50-gramos\/"},"modified":"2025-11-11T14:25:18","modified_gmt":"2025-11-11T13:25:18","slug":"hierbas-de-los-suenos-calea-zacatechichi-50-gramos","status":"publish","type":"product","link":"https:\/\/dutchmicrodosing.com\/es\/hierbas-botanicas\/hierbas-de-suenos\/hierbas-de-los-suenos-calea-zacatechichi-50-gramos\/","title":{"rendered":"Hierbas de los sue\u00f1os (Calea zacatechichi) &#8211; 50 gramos"},"content":{"rendered":"<p><strong>Dream Herbs (Calea zacatechichi) &#8211; 50 gramos<\/strong> de la marca Herbs of the Gods es una hierba para sue\u00f1os cl\u00e1sica de M\u00e9xico que ha sido utilizada durante siglos por pueblos ind\u00edgenas como los Chontal Maya. Esta planta, tambi\u00e9n conocida como la \u00abhoja de los dioses\u00bb, es elegida a menudo por personas que desean experimentar sus sue\u00f1os de forma m\u00e1s consciente o que tienen inter\u00e9s en los sue\u00f1os l\u00facidos.<\/p>\n<p>Las hojas tienen un sabor amargo caracter\u00edstico, que proviene de los alcaloides naturales de la planta.<\/p>\n<h3>Caracter\u00edsticas<\/h3>\n<ul>\n<li>Hierba para sue\u00f1os seca 100% natural<\/li>\n<li>Conocida entre los amantes de los sue\u00f1os l\u00facidos<\/li>\n<li>Sabor ligeramente amargo, que se puede suavizar con miel o az\u00facar<\/li>\n<li>Popular como t\u00e9 para antes de acostarse<\/li>\n<li>Calidad natural de Herbs of the Gods<\/li>\n<\/ul>\n<h3>Ingredientes y\/o composici\u00f3n<\/h3>\n<p>Calea Zacatechichi 100% pura (hoja seca)<\/p>\n<h3>Utilice<\/h3>\n<ul>\n<li>Utilice de 3 a 25 gramos de las hojas secas por medio litro de agua caliente.<\/li>\n<li>D\u00e9jelo reposar durante unos 15 minutos.<\/li>\n<li>El sabor es amargo; a\u00f1ada miel o az\u00facar si lo desea para una experiencia m\u00e1s agradable.<\/li>\n<li>Beba el t\u00e9 preferiblemente por la noche antes de acostarse.<\/li>\n<\/ul>\n<h3>Contenido<\/h3>\n<p>Calea Zacatechichi \u2013 Herbs of the Gods (50 gramos, hojas secas)<\/p>\n<h3>Descargo de responsabilidad<\/h3>\n<p><em>El contenido de este texto es meramente informativo y no sustituye al asesoramiento profesional. Este producto no es un medicamento y no est\u00e1 destinado a diagnosticar, tratar o curar ninguna afecci\u00f3n m\u00e9dica.  <\/em><\/p>\n","protected":false},"excerpt":{"rendered":"<p>Dream Herbs (Calea zacatechichi) &#8211; 50 gramos de la marca Herbs of the Gods es una hierba para sue\u00f1os cl\u00e1sica de M\u00e9xico que ha sido utilizada durante siglos por pueblos ind\u00edgenas como los Chontal Maya. Esta planta, tambi\u00e9n conocida como la \u00abhoja de los dioses\u00bb, es elegida a menudo por personas que desean experimentar sus [&hellip;]<\/p>\n","protected":false},"featured_media":59534,"comment_status":"closed","ping_status":"closed","template":"","meta":[],"product_brand":[],"product_cat":[647],"product_tag":[],"class_list":{"0":"post-59531","1":"product","2":"type-product","3":"status-publish","4":"has-post-thumbnail","6":"product_cat-hierbas-de-suenos","8":"first","9":"instock","10":"taxable","11":"shipping-taxable","12":"purchasable","13":"product-type-simple"},"yoast_head":"<!-- This site is optimized with the Yoast SEO Premium plugin v26.4 (Yoast SEO v27.2) - https:\/\/yoast.com\/product\/yoast-seo-premium-wordpress\/ -->\n<title>Hierbas de los sue\u00f1os (Calea zacatechichi) - 50 gramos - Dutchmicrodosing<\/title>\n<meta name=\"description\" content=\"Experimente sue\u00f1os m\u00e1s conscientes con Calea Zacatechichi de Herbs of the Gods. Hierba para sue\u00f1os 100% natural en forma de t\u00e9. Ideal para sue\u00f1os l\u00facidos.\" \/>\n<meta name=\"robots\" content=\"index, follow, max-snippet:-1, max-image-preview:large, max-video-preview:-1\" \/>\n<link rel=\"canonical\" href=\"https:\/\/dutchmicrodosing.com\/es\/hierbas-botanicas\/hierbas-de-suenos\/hierbas-de-los-suenos-calea-zacatechichi-50-gramos\/\" \/>\n<meta property=\"og:locale\" content=\"es_ES\" \/>\n<meta property=\"og:type\" content=\"article\" \/>\n<meta property=\"og:title\" content=\"Hierbas de los sue\u00f1os (Calea zacatechichi) - 50 gramos\" \/>\n<meta property=\"og:description\" content=\"Dream Herbs (Calea zacatechichi) - 50 gramos de la marca Herbs of the Gods es una hierba para sue\u00f1os cl\u00e1sica de M\u00e9xico que ha sido utilizada durante\" \/>\n<meta property=\"og:url\" content=\"https:\/\/dutchmicrodosing.com\/es\/hierbas-botanicas\/hierbas-de-suenos\/hierbas-de-los-suenos-calea-zacatechichi-50-gramos\/\" \/>\n<meta property=\"og:site_name\" content=\"Dutchmicrodosing\" \/>\n<meta property=\"article:publisher\" content=\"https:\/\/www.facebook.com\/Dutchmicrodosingxp\/\" \/>\n<meta property=\"article:modified_time\" content=\"2025-11-11T13:25:18+00:00\" \/>\n<meta property=\"og:image\" content=\"https:\/\/dutchmicrodosing.com\/wp-content\/uploads\/2025\/10\/droomkruid-calea-zacatechichi-dream-herb-indian-spirit-50-gram.jpg\" \/>\n\t<meta property=\"og:image:width\" content=\"700\" \/>\n\t<meta property=\"og:image:height\" content=\"700\" \/>\n\t<meta property=\"og:image:type\" content=\"image\/jpeg\" \/>\n<meta name=\"twitter:card\" content=\"summary_large_image\" \/>\n<script type=\"application\/ld+json\" class=\"yoast-schema-graph\">{\"@context\":\"https:\/\/schema.org\",\"@graph\":[{\"@type\":\"WebPage\",\"@id\":\"https:\/\/dutchmicrodosing.com\/es\/hierbas-botanicas\/hierbas-de-suenos\/hierbas-de-los-suenos-calea-zacatechichi-50-gramos\/\",\"url\":\"https:\/\/dutchmicrodosing.com\/es\/hierbas-botanicas\/hierbas-de-suenos\/hierbas-de-los-suenos-calea-zacatechichi-50-gramos\/\",\"name\":\"Hierbas de los sue\u00f1os (Calea zacatechichi) - 50 gramos - Dutchmicrodosing\",\"isPartOf\":{\"@id\":\"https:\/\/dutchmicrodosing.com\/es\/#website\"},\"primaryImageOfPage\":{\"@id\":\"https:\/\/dutchmicrodosing.com\/es\/hierbas-botanicas\/hierbas-de-suenos\/hierbas-de-los-suenos-calea-zacatechichi-50-gramos\/#primaryimage\"},\"image\":{\"@id\":\"https:\/\/dutchmicrodosing.com\/es\/hierbas-botanicas\/hierbas-de-suenos\/hierbas-de-los-suenos-calea-zacatechichi-50-gramos\/#primaryimage\"},\"thumbnailUrl\":\"https:\/\/dutchmicrodosing.com\/wp-content\/uploads\/2025\/10\/droomkruid-calea-zacatechichi-dream-herb-indian-spirit-50-gram.jpg\",\"datePublished\":\"2025-10-31T08:00:43+00:00\",\"dateModified\":\"2025-11-11T13:25:18+00:00\",\"description\":\"Experimente sue\u00f1os m\u00e1s conscientes con Calea Zacatechichi de Herbs of the Gods. Hierba para sue\u00f1os 100% natural en forma de t\u00e9. Ideal para sue\u00f1os l\u00facidos.\",\"breadcrumb\":{\"@id\":\"https:\/\/dutchmicrodosing.com\/es\/hierbas-botanicas\/hierbas-de-suenos\/hierbas-de-los-suenos-calea-zacatechichi-50-gramos\/#breadcrumb\"},\"inLanguage\":\"es\",\"potentialAction\":[{\"@type\":\"ReadAction\",\"target\":[\"https:\/\/dutchmicrodosing.com\/es\/hierbas-botanicas\/hierbas-de-suenos\/hierbas-de-los-suenos-calea-zacatechichi-50-gramos\/\"]}]},{\"@type\":\"ImageObject\",\"inLanguage\":\"es\",\"@id\":\"https:\/\/dutchmicrodosing.com\/es\/hierbas-botanicas\/hierbas-de-suenos\/hierbas-de-los-suenos-calea-zacatechichi-50-gramos\/#primaryimage\",\"url\":\"https:\/\/dutchmicrodosing.com\/wp-content\/uploads\/2025\/10\/droomkruid-calea-zacatechichi-dream-herb-indian-spirit-50-gram.jpg\",\"contentUrl\":\"https:\/\/dutchmicrodosing.com\/wp-content\/uploads\/2025\/10\/droomkruid-calea-zacatechichi-dream-herb-indian-spirit-50-gram.jpg\",\"width\":700,\"height\":700},{\"@type\":\"BreadcrumbList\",\"@id\":\"https:\/\/dutchmicrodosing.com\/es\/hierbas-botanicas\/hierbas-de-suenos\/hierbas-de-los-suenos-calea-zacatechichi-50-gramos\/#breadcrumb\",\"itemListElement\":[{\"@type\":\"ListItem\",\"position\":1,\"name\":\"Home\",\"item\":\"https:\/\/dutchmicrodosing.com\/es\/\"},{\"@type\":\"ListItem\",\"position\":2,\"name\":\"Tienda\",\"item\":\"https:\/\/dutchmicrodosing.com\/es\/tienda\/\"},{\"@type\":\"ListItem\",\"position\":3,\"name\":\"Hierbas de los sue\u00f1os (Calea zacatechichi) &#8211; 50 gramos\"}]},{\"@type\":\"WebSite\",\"@id\":\"https:\/\/dutchmicrodosing.com\/es\/#website\",\"url\":\"https:\/\/dutchmicrodosing.com\/es\/\",\"name\":\"Dutchmicrodosing\",\"description\":\"\",\"publisher\":{\"@id\":\"https:\/\/dutchmicrodosing.com\/es\/#organization\"},\"potentialAction\":[{\"@type\":\"SearchAction\",\"target\":{\"@type\":\"EntryPoint\",\"urlTemplate\":\"https:\/\/dutchmicrodosing.com\/es\/?s={search_term_string}\"},\"query-input\":{\"@type\":\"PropertyValueSpecification\",\"valueRequired\":true,\"valueName\":\"search_term_string\"}}],\"inLanguage\":\"es\"},{\"@type\":\"Organization\",\"@id\":\"https:\/\/dutchmicrodosing.com\/es\/#organization\",\"name\":\"Dutchmicrodosing\",\"url\":\"https:\/\/dutchmicrodosing.com\/es\/\",\"logo\":{\"@type\":\"ImageObject\",\"inLanguage\":\"es\",\"@id\":\"https:\/\/dutchmicrodosing.com\/es\/#\/schema\/logo\/image\/\",\"url\":\"https:\/\/dutchmicrodosing.com\/wp-content\/uploads\/2021\/01\/microdosing-categorie-pic-nieuw.jpg\",\"contentUrl\":\"https:\/\/dutchmicrodosing.com\/wp-content\/uploads\/2021\/01\/microdosing-categorie-pic-nieuw.jpg\",\"width\":500,\"height\":500,\"caption\":\"Dutchmicrodosing\"},\"image\":{\"@id\":\"https:\/\/dutchmicrodosing.com\/es\/#\/schema\/logo\/image\/\"},\"sameAs\":[\"https:\/\/www.facebook.com\/Dutchmicrodosingxp\/\",\"https:\/\/www.instagram.com\/dutchmicrodosing\/\"]}]}<\/script>\n<meta property=\"product:price:amount\" content=\"12.95\" \/>\n<meta property=\"product:price:currency\" content=\"EUR\" \/>\n<meta property=\"og:availability\" content=\"instock\" \/>\n<meta property=\"product:availability\" content=\"instock\" \/>\n<meta property=\"product:retailer_item_id\" content=\"2208743\" \/>\n<meta property=\"product:condition\" content=\"new\" \/>\n<!-- \/ Yoast SEO Premium plugin. -->","yoast_head_json":{"title":"Hierbas de los sue\u00f1os (Calea zacatechichi) - 50 gramos - Dutchmicrodosing","description":"Experimente sue\u00f1os m\u00e1s conscientes con Calea Zacatechichi de Herbs of the Gods. Hierba para sue\u00f1os 100% natural en forma de t\u00e9. Ideal para sue\u00f1os l\u00facidos.","robots":{"index":"index","follow":"follow","max-snippet":"max-snippet:-1","max-image-preview":"max-image-preview:large","max-video-preview":"max-video-preview:-1"},"canonical":"https:\/\/dutchmicrodosing.com\/es\/hierbas-botanicas\/hierbas-de-suenos\/hierbas-de-los-suenos-calea-zacatechichi-50-gramos\/","og_locale":"es_ES","og_type":"article","og_title":"Hierbas de los sue\u00f1os (Calea zacatechichi) - 50 gramos","og_description":"Dream Herbs (Calea zacatechichi) - 50 gramos de la marca Herbs of the Gods es una hierba para sue\u00f1os cl\u00e1sica de M\u00e9xico que ha sido utilizada durante","og_url":"https:\/\/dutchmicrodosing.com\/es\/hierbas-botanicas\/hierbas-de-suenos\/hierbas-de-los-suenos-calea-zacatechichi-50-gramos\/","og_site_name":"Dutchmicrodosing","article_publisher":"https:\/\/www.facebook.com\/Dutchmicrodosingxp\/","article_modified_time":"2025-11-11T13:25:18+00:00","og_image":[{"width":700,"height":700,"url":"https:\/\/dutchmicrodosing.com\/wp-content\/uploads\/2025\/10\/droomkruid-calea-zacatechichi-dream-herb-indian-spirit-50-gram.jpg","type":"image\/jpeg"}],"twitter_card":"summary_large_image","schema":{"@context":"https:\/\/schema.org","@graph":[{"@type":"WebPage","@id":"https:\/\/dutchmicrodosing.com\/es\/hierbas-botanicas\/hierbas-de-suenos\/hierbas-de-los-suenos-calea-zacatechichi-50-gramos\/","url":"https:\/\/dutchmicrodosing.com\/es\/hierbas-botanicas\/hierbas-de-suenos\/hierbas-de-los-suenos-calea-zacatechichi-50-gramos\/","name":"Hierbas de los sue\u00f1os (Calea zacatechichi) - 50 gramos - Dutchmicrodosing","isPartOf":{"@id":"https:\/\/dutchmicrodosing.com\/es\/#website"},"primaryImageOfPage":{"@id":"https:\/\/dutchmicrodosing.com\/es\/hierbas-botanicas\/hierbas-de-suenos\/hierbas-de-los-suenos-calea-zacatechichi-50-gramos\/#primaryimage"},"image":{"@id":"https:\/\/dutchmicrodosing.com\/es\/hierbas-botanicas\/hierbas-de-suenos\/hierbas-de-los-suenos-calea-zacatechichi-50-gramos\/#primaryimage"},"thumbnailUrl":"https:\/\/dutchmicrodosing.com\/wp-content\/uploads\/2025\/10\/droomkruid-calea-zacatechichi-dream-herb-indian-spirit-50-gram.jpg","datePublished":"2025-10-31T08:00:43+00:00","dateModified":"2025-11-11T13:25:18+00:00","description":"Experimente sue\u00f1os m\u00e1s conscientes con Calea Zacatechichi de Herbs of the Gods. Hierba para sue\u00f1os 100% natural en forma de t\u00e9. Ideal para sue\u00f1os l\u00facidos.","breadcrumb":{"@id":"https:\/\/dutchmicrodosing.com\/es\/hierbas-botanicas\/hierbas-de-suenos\/hierbas-de-los-suenos-calea-zacatechichi-50-gramos\/#breadcrumb"},"inLanguage":"es","potentialAction":[{"@type":"ReadAction","target":["https:\/\/dutchmicrodosing.com\/es\/hierbas-botanicas\/hierbas-de-suenos\/hierbas-de-los-suenos-calea-zacatechichi-50-gramos\/"]}]},{"@type":"ImageObject","inLanguage":"es","@id":"https:\/\/dutchmicrodosing.com\/es\/hierbas-botanicas\/hierbas-de-suenos\/hierbas-de-los-suenos-calea-zacatechichi-50-gramos\/#primaryimage","url":"https:\/\/dutchmicrodosing.com\/wp-content\/uploads\/2025\/10\/droomkruid-calea-zacatechichi-dream-herb-indian-spirit-50-gram.jpg","contentUrl":"https:\/\/dutchmicrodosing.com\/wp-content\/uploads\/2025\/10\/droomkruid-calea-zacatechichi-dream-herb-indian-spirit-50-gram.jpg","width":700,"height":700},{"@type":"BreadcrumbList","@id":"https:\/\/dutchmicrodosing.com\/es\/hierbas-botanicas\/hierbas-de-suenos\/hierbas-de-los-suenos-calea-zacatechichi-50-gramos\/#breadcrumb","itemListElement":[{"@type":"ListItem","position":1,"name":"Home","item":"https:\/\/dutchmicrodosing.com\/es\/"},{"@type":"ListItem","position":2,"name":"Tienda","item":"https:\/\/dutchmicrodosing.com\/es\/tienda\/"},{"@type":"ListItem","position":3,"name":"Hierbas de los sue\u00f1os (Calea zacatechichi) &#8211; 50 gramos"}]},{"@type":"WebSite","@id":"https:\/\/dutchmicrodosing.com\/es\/#website","url":"https:\/\/dutchmicrodosing.com\/es\/","name":"Dutchmicrodosing","description":"","publisher":{"@id":"https:\/\/dutchmicrodosing.com\/es\/#organization"},"potentialAction":[{"@type":"SearchAction","target":{"@type":"EntryPoint","urlTemplate":"https:\/\/dutchmicrodosing.com\/es\/?s={search_term_string}"},"query-input":{"@type":"PropertyValueSpecification","valueRequired":true,"valueName":"search_term_string"}}],"inLanguage":"es"},{"@type":"Organization","@id":"https:\/\/dutchmicrodosing.com\/es\/#organization","name":"Dutchmicrodosing","url":"https:\/\/dutchmicrodosing.com\/es\/","logo":{"@type":"ImageObject","inLanguage":"es","@id":"https:\/\/dutchmicrodosing.com\/es\/#\/schema\/logo\/image\/","url":"https:\/\/dutchmicrodosing.com\/wp-content\/uploads\/2021\/01\/microdosing-categorie-pic-nieuw.jpg","contentUrl":"https:\/\/dutchmicrodosing.com\/wp-content\/uploads\/2021\/01\/microdosing-categorie-pic-nieuw.jpg","width":500,"height":500,"caption":"Dutchmicrodosing"},"image":{"@id":"https:\/\/dutchmicrodosing.com\/es\/#\/schema\/logo\/image\/"},"sameAs":["https:\/\/www.facebook.com\/Dutchmicrodosingxp\/","https:\/\/www.instagram.com\/dutchmicrodosing\/"]}]},"product_price_amount":"12.95","product_price_currency":"EUR","og_availability":"instock","product_availability":"instock","product_retailer_item_id":"2208743","product_condition":"new"},"_links":{"self":[{"href":"https:\/\/dutchmicrodosing.com\/es\/wp-json\/wp\/v2\/product\/59531","targetHints":{"allow":["GET"]}}],"collection":[{"href":"https:\/\/dutchmicrodosing.com\/es\/wp-json\/wp\/v2\/product"}],"about":[{"href":"https:\/\/dutchmicrodosing.com\/es\/wp-json\/wp\/v2\/types\/product"}],"replies":[{"embeddable":true,"href":"https:\/\/dutchmicrodosing.com\/es\/wp-json\/wp\/v2\/comments?post=59531"}],"version-history":[{"count":2,"href":"https:\/\/dutchmicrodosing.com\/es\/wp-json\/wp\/v2\/product\/59531\/revisions"}],"predecessor-version":[{"id":61527,"href":"https:\/\/dutchmicrodosing.com\/es\/wp-json\/wp\/v2\/product\/59531\/revisions\/61527"}],"wp:featuredmedia":[{"embeddable":true,"href":"https:\/\/dutchmicrodosing.com\/es\/wp-json\/wp\/v2\/media\/59534"}],"wp:attachment":[{"href":"https:\/\/dutchmicrodosing.com\/es\/wp-json\/wp\/v2\/media?parent=59531"}],"wp:term":[{"taxonomy":"product_brand","embeddable":true,"href":"https:\/\/dutchmicrodosing.com\/es\/wp-json\/wp\/v2\/product_brand?post=59531"},{"taxonomy":"product_cat","embeddable":true,"href":"https:\/\/dutchmicrodosing.com\/es\/wp-json\/wp\/v2\/product_cat?post=59531"},{"taxonomy":"product_tag","embeddable":true,"href":"https:\/\/dutchmicrodosing.com\/es\/wp-json\/wp\/v2\/product_tag?post=59531"}],"curies":[{"name":"wp","href":"https:\/\/api.w.org\/{rel}","templated":true}]}}