{"id":60158,"date":"2025-10-31T12:57:38","date_gmt":"2025-10-31T11:57:38","guid":{"rendered":"https:\/\/dutchmicrodosing.com\/shop\/sin%20categor\u00eda\/mezcla-forest-dreams-50-gramos\/"},"modified":"2025-11-11T14:11:58","modified_gmt":"2025-11-11T13:11:58","slug":"mezcla-forest-dreams-50-gramos","status":"publish","type":"product","link":"https:\/\/dutchmicrodosing.com\/es\/hierbas-botanicas\/hierbas-de-suenos\/mezcla-forest-dreams-50-gramos\/","title":{"rendered":"Mezcla Forest Dreams &#8211; 50 gramos"},"content":{"rendered":"<p><strong>Forest Dreams Mix &#8211; 50 gramos<\/strong> Indian Spirit es una mezcla de hierbas relajante perfecta para quienes desean relajarse despu\u00e9s de un d\u00eda ajetreado. La mezcla de hierbas cuidadosamente seleccionadas te ayuda a desconectar del ajetreo de la vida cotidiana y a sumergirte en una atm\u00f3sfera de ensue\u00f1o.<\/p>\n<h3>Caracter\u00edsticas<\/h3>\n<ul>\n<li>Combinaci\u00f3n \u00fanica de hierbas relajantes<\/li>\n<li>Con lechuga silvestre, menta, escutelaria y hierba gatera, entre otras.<\/li>\n<li>Sabor natural con un trasfondo fresco y herbal<\/li>\n<li>Ideal como t\u00e9 nocturno para un momento de tranquilidad<\/li>\n<li>100% vegetal y sin aditivos<\/li>\n<\/ul>\n<h3>Ingredientes y\/o composici\u00f3n<\/h3>\n<ul>\n<li>Lechuga silvestre<\/li>\n<li>Calea<\/li>\n<li>Menta<\/li>\n<li>Hierba gatera<\/li>\n<li>Escutelaria<\/li>\n<\/ul>\n<h3>Utilice<\/h3>\n<p>Utiliza 1 cucharada de la mezcla de hierbas por cada 150 ml de agua.<br \/>\nLleva lentamente la mezcla a ebullici\u00f3n y d\u00e9jala reposar durante 10\u201315 minutos.<br \/>\nLuego, deja que el t\u00e9 se enfr\u00ede hasta la temperatura de consumo y disfr\u00fatalo con tranquilidad.<\/p>\n<h3>Contenido<\/h3>\n<p>Forest Dreams \u2013 Indian Spirit (50 gramos de mezcla de hierbas)<\/p>\n<h3>Descargo de responsabilidad<\/h3>\n<p><em>El contenido de este texto es meramente informativo y no sustituye al asesoramiento profesional. Este producto no es un medicamento y no est\u00e1 destinado a diagnosticar, tratar o curar ninguna afecci\u00f3n m\u00e9dica.  <\/em><\/p>\n","protected":false},"excerpt":{"rendered":"<p>Forest Dreams Mix &#8211; 50 gramos Indian Spirit es una mezcla de hierbas relajante perfecta para quienes desean relajarse despu\u00e9s de un d\u00eda ajetreado. La mezcla de hierbas cuidadosamente seleccionadas te ayuda a desconectar del ajetreo de la vida cotidiana y a sumergirte en una atm\u00f3sfera de ensue\u00f1o. Caracter\u00edsticas Combinaci\u00f3n \u00fanica de hierbas relajantes Con [&hellip;]<\/p>\n","protected":false},"featured_media":60160,"comment_status":"closed","ping_status":"closed","template":"","meta":[],"product_brand":[],"product_cat":[647],"product_tag":[],"class_list":{"0":"post-60158","1":"product","2":"type-product","3":"status-publish","4":"has-post-thumbnail","6":"product_cat-hierbas-de-suenos","8":"first","9":"instock","10":"taxable","11":"shipping-taxable","12":"purchasable","13":"product-type-simple"},"yoast_head":"<!-- This site is optimized with the Yoast SEO Premium plugin v26.4 (Yoast SEO v27.2) - https:\/\/yoast.com\/product\/yoast-seo-premium-wordpress\/ -->\n<title>Mezcla Forest Dreams - 50 gramos - Dutchmicrodosing<\/title>\n<meta name=\"description\" content=\"La mezcla Forest Dreams de Indian Spirit es una mezcla de hierbas con, entre otras, lechuga silvestre y menta. Rel\u00e1jate y descansa con este t\u00e9 nocturno natural.\" \/>\n<meta name=\"robots\" content=\"index, follow, max-snippet:-1, max-image-preview:large, max-video-preview:-1\" \/>\n<link rel=\"canonical\" href=\"https:\/\/dutchmicrodosing.com\/es\/hierbas-botanicas\/hierbas-de-suenos\/mezcla-forest-dreams-50-gramos\/\" \/>\n<meta property=\"og:locale\" content=\"es_ES\" \/>\n<meta property=\"og:type\" content=\"article\" \/>\n<meta property=\"og:title\" content=\"Mezcla Forest Dreams - 50 gramos\" \/>\n<meta property=\"og:description\" content=\"Forest Dreams Mix - 50 gramos Indian Spirit es una mezcla de hierbas relajante perfecta para quienes desean relajarse despu\u00e9s de un d\u00eda ajetreado. La\" \/>\n<meta property=\"og:url\" content=\"https:\/\/dutchmicrodosing.com\/es\/hierbas-botanicas\/hierbas-de-suenos\/mezcla-forest-dreams-50-gramos\/\" \/>\n<meta property=\"og:site_name\" content=\"Dutchmicrodosing\" \/>\n<meta property=\"article:publisher\" content=\"https:\/\/www.facebook.com\/Dutchmicrodosingxp\/\" \/>\n<meta property=\"article:modified_time\" content=\"2025-11-11T13:11:58+00:00\" \/>\n<meta property=\"og:image\" content=\"https:\/\/dutchmicrodosing.com\/wp-content\/uploads\/2025\/10\/Forest-Dreams.jpg\" \/>\n\t<meta property=\"og:image:width\" content=\"1000\" \/>\n\t<meta property=\"og:image:height\" content=\"1000\" \/>\n\t<meta property=\"og:image:type\" content=\"image\/jpeg\" \/>\n<meta name=\"twitter:card\" content=\"summary_large_image\" \/>\n<script type=\"application\/ld+json\" class=\"yoast-schema-graph\">{\"@context\":\"https:\/\/schema.org\",\"@graph\":[{\"@type\":\"WebPage\",\"@id\":\"https:\/\/dutchmicrodosing.com\/es\/hierbas-botanicas\/hierbas-de-suenos\/mezcla-forest-dreams-50-gramos\/\",\"url\":\"https:\/\/dutchmicrodosing.com\/es\/hierbas-botanicas\/hierbas-de-suenos\/mezcla-forest-dreams-50-gramos\/\",\"name\":\"Mezcla Forest Dreams - 50 gramos - Dutchmicrodosing\",\"isPartOf\":{\"@id\":\"https:\/\/dutchmicrodosing.com\/es\/#website\"},\"primaryImageOfPage\":{\"@id\":\"https:\/\/dutchmicrodosing.com\/es\/hierbas-botanicas\/hierbas-de-suenos\/mezcla-forest-dreams-50-gramos\/#primaryimage\"},\"image\":{\"@id\":\"https:\/\/dutchmicrodosing.com\/es\/hierbas-botanicas\/hierbas-de-suenos\/mezcla-forest-dreams-50-gramos\/#primaryimage\"},\"thumbnailUrl\":\"https:\/\/dutchmicrodosing.com\/wp-content\/uploads\/2025\/10\/Forest-Dreams.jpg\",\"datePublished\":\"2025-10-31T11:57:38+00:00\",\"dateModified\":\"2025-11-11T13:11:58+00:00\",\"description\":\"La mezcla Forest Dreams de Indian Spirit es una mezcla de hierbas con, entre otras, lechuga silvestre y menta. Rel\u00e1jate y descansa con este t\u00e9 nocturno natural.\",\"breadcrumb\":{\"@id\":\"https:\/\/dutchmicrodosing.com\/es\/hierbas-botanicas\/hierbas-de-suenos\/mezcla-forest-dreams-50-gramos\/#breadcrumb\"},\"inLanguage\":\"es\",\"potentialAction\":[{\"@type\":\"ReadAction\",\"target\":[\"https:\/\/dutchmicrodosing.com\/es\/hierbas-botanicas\/hierbas-de-suenos\/mezcla-forest-dreams-50-gramos\/\"]}]},{\"@type\":\"ImageObject\",\"inLanguage\":\"es\",\"@id\":\"https:\/\/dutchmicrodosing.com\/es\/hierbas-botanicas\/hierbas-de-suenos\/mezcla-forest-dreams-50-gramos\/#primaryimage\",\"url\":\"https:\/\/dutchmicrodosing.com\/wp-content\/uploads\/2025\/10\/Forest-Dreams.jpg\",\"contentUrl\":\"https:\/\/dutchmicrodosing.com\/wp-content\/uploads\/2025\/10\/Forest-Dreams.jpg\",\"width\":1000,\"height\":1000},{\"@type\":\"BreadcrumbList\",\"@id\":\"https:\/\/dutchmicrodosing.com\/es\/hierbas-botanicas\/hierbas-de-suenos\/mezcla-forest-dreams-50-gramos\/#breadcrumb\",\"itemListElement\":[{\"@type\":\"ListItem\",\"position\":1,\"name\":\"Home\",\"item\":\"https:\/\/dutchmicrodosing.com\/es\/\"},{\"@type\":\"ListItem\",\"position\":2,\"name\":\"Tienda\",\"item\":\"https:\/\/dutchmicrodosing.com\/es\/tienda\/\"},{\"@type\":\"ListItem\",\"position\":3,\"name\":\"Mezcla Forest Dreams &#8211; 50 gramos\"}]},{\"@type\":\"WebSite\",\"@id\":\"https:\/\/dutchmicrodosing.com\/es\/#website\",\"url\":\"https:\/\/dutchmicrodosing.com\/es\/\",\"name\":\"Dutchmicrodosing\",\"description\":\"\",\"publisher\":{\"@id\":\"https:\/\/dutchmicrodosing.com\/es\/#organization\"},\"potentialAction\":[{\"@type\":\"SearchAction\",\"target\":{\"@type\":\"EntryPoint\",\"urlTemplate\":\"https:\/\/dutchmicrodosing.com\/es\/?s={search_term_string}\"},\"query-input\":{\"@type\":\"PropertyValueSpecification\",\"valueRequired\":true,\"valueName\":\"search_term_string\"}}],\"inLanguage\":\"es\"},{\"@type\":\"Organization\",\"@id\":\"https:\/\/dutchmicrodosing.com\/es\/#organization\",\"name\":\"Dutchmicrodosing\",\"url\":\"https:\/\/dutchmicrodosing.com\/es\/\",\"logo\":{\"@type\":\"ImageObject\",\"inLanguage\":\"es\",\"@id\":\"https:\/\/dutchmicrodosing.com\/es\/#\/schema\/logo\/image\/\",\"url\":\"https:\/\/dutchmicrodosing.com\/wp-content\/uploads\/2021\/01\/microdosing-categorie-pic-nieuw.jpg\",\"contentUrl\":\"https:\/\/dutchmicrodosing.com\/wp-content\/uploads\/2021\/01\/microdosing-categorie-pic-nieuw.jpg\",\"width\":500,\"height\":500,\"caption\":\"Dutchmicrodosing\"},\"image\":{\"@id\":\"https:\/\/dutchmicrodosing.com\/es\/#\/schema\/logo\/image\/\"},\"sameAs\":[\"https:\/\/www.facebook.com\/Dutchmicrodosingxp\/\",\"https:\/\/www.instagram.com\/dutchmicrodosing\/\"]}]}<\/script>\n<meta property=\"product:price:amount\" content=\"8.50\" \/>\n<meta property=\"product:price:currency\" content=\"EUR\" \/>\n<meta property=\"og:availability\" content=\"instock\" \/>\n<meta property=\"product:availability\" content=\"instock\" \/>\n<meta property=\"product:retailer_item_id\" content=\"2208513\" \/>\n<meta property=\"product:condition\" content=\"new\" \/>\n<!-- \/ Yoast SEO Premium plugin. -->","yoast_head_json":{"title":"Mezcla Forest Dreams - 50 gramos - Dutchmicrodosing","description":"La mezcla Forest Dreams de Indian Spirit es una mezcla de hierbas con, entre otras, lechuga silvestre y menta. Rel\u00e1jate y descansa con este t\u00e9 nocturno natural.","robots":{"index":"index","follow":"follow","max-snippet":"max-snippet:-1","max-image-preview":"max-image-preview:large","max-video-preview":"max-video-preview:-1"},"canonical":"https:\/\/dutchmicrodosing.com\/es\/hierbas-botanicas\/hierbas-de-suenos\/mezcla-forest-dreams-50-gramos\/","og_locale":"es_ES","og_type":"article","og_title":"Mezcla Forest Dreams - 50 gramos","og_description":"Forest Dreams Mix - 50 gramos Indian Spirit es una mezcla de hierbas relajante perfecta para quienes desean relajarse despu\u00e9s de un d\u00eda ajetreado. La","og_url":"https:\/\/dutchmicrodosing.com\/es\/hierbas-botanicas\/hierbas-de-suenos\/mezcla-forest-dreams-50-gramos\/","og_site_name":"Dutchmicrodosing","article_publisher":"https:\/\/www.facebook.com\/Dutchmicrodosingxp\/","article_modified_time":"2025-11-11T13:11:58+00:00","og_image":[{"width":1000,"height":1000,"url":"https:\/\/dutchmicrodosing.com\/wp-content\/uploads\/2025\/10\/Forest-Dreams.jpg","type":"image\/jpeg"}],"twitter_card":"summary_large_image","schema":{"@context":"https:\/\/schema.org","@graph":[{"@type":"WebPage","@id":"https:\/\/dutchmicrodosing.com\/es\/hierbas-botanicas\/hierbas-de-suenos\/mezcla-forest-dreams-50-gramos\/","url":"https:\/\/dutchmicrodosing.com\/es\/hierbas-botanicas\/hierbas-de-suenos\/mezcla-forest-dreams-50-gramos\/","name":"Mezcla Forest Dreams - 50 gramos - Dutchmicrodosing","isPartOf":{"@id":"https:\/\/dutchmicrodosing.com\/es\/#website"},"primaryImageOfPage":{"@id":"https:\/\/dutchmicrodosing.com\/es\/hierbas-botanicas\/hierbas-de-suenos\/mezcla-forest-dreams-50-gramos\/#primaryimage"},"image":{"@id":"https:\/\/dutchmicrodosing.com\/es\/hierbas-botanicas\/hierbas-de-suenos\/mezcla-forest-dreams-50-gramos\/#primaryimage"},"thumbnailUrl":"https:\/\/dutchmicrodosing.com\/wp-content\/uploads\/2025\/10\/Forest-Dreams.jpg","datePublished":"2025-10-31T11:57:38+00:00","dateModified":"2025-11-11T13:11:58+00:00","description":"La mezcla Forest Dreams de Indian Spirit es una mezcla de hierbas con, entre otras, lechuga silvestre y menta. Rel\u00e1jate y descansa con este t\u00e9 nocturno natural.","breadcrumb":{"@id":"https:\/\/dutchmicrodosing.com\/es\/hierbas-botanicas\/hierbas-de-suenos\/mezcla-forest-dreams-50-gramos\/#breadcrumb"},"inLanguage":"es","potentialAction":[{"@type":"ReadAction","target":["https:\/\/dutchmicrodosing.com\/es\/hierbas-botanicas\/hierbas-de-suenos\/mezcla-forest-dreams-50-gramos\/"]}]},{"@type":"ImageObject","inLanguage":"es","@id":"https:\/\/dutchmicrodosing.com\/es\/hierbas-botanicas\/hierbas-de-suenos\/mezcla-forest-dreams-50-gramos\/#primaryimage","url":"https:\/\/dutchmicrodosing.com\/wp-content\/uploads\/2025\/10\/Forest-Dreams.jpg","contentUrl":"https:\/\/dutchmicrodosing.com\/wp-content\/uploads\/2025\/10\/Forest-Dreams.jpg","width":1000,"height":1000},{"@type":"BreadcrumbList","@id":"https:\/\/dutchmicrodosing.com\/es\/hierbas-botanicas\/hierbas-de-suenos\/mezcla-forest-dreams-50-gramos\/#breadcrumb","itemListElement":[{"@type":"ListItem","position":1,"name":"Home","item":"https:\/\/dutchmicrodosing.com\/es\/"},{"@type":"ListItem","position":2,"name":"Tienda","item":"https:\/\/dutchmicrodosing.com\/es\/tienda\/"},{"@type":"ListItem","position":3,"name":"Mezcla Forest Dreams &#8211; 50 gramos"}]},{"@type":"WebSite","@id":"https:\/\/dutchmicrodosing.com\/es\/#website","url":"https:\/\/dutchmicrodosing.com\/es\/","name":"Dutchmicrodosing","description":"","publisher":{"@id":"https:\/\/dutchmicrodosing.com\/es\/#organization"},"potentialAction":[{"@type":"SearchAction","target":{"@type":"EntryPoint","urlTemplate":"https:\/\/dutchmicrodosing.com\/es\/?s={search_term_string}"},"query-input":{"@type":"PropertyValueSpecification","valueRequired":true,"valueName":"search_term_string"}}],"inLanguage":"es"},{"@type":"Organization","@id":"https:\/\/dutchmicrodosing.com\/es\/#organization","name":"Dutchmicrodosing","url":"https:\/\/dutchmicrodosing.com\/es\/","logo":{"@type":"ImageObject","inLanguage":"es","@id":"https:\/\/dutchmicrodosing.com\/es\/#\/schema\/logo\/image\/","url":"https:\/\/dutchmicrodosing.com\/wp-content\/uploads\/2021\/01\/microdosing-categorie-pic-nieuw.jpg","contentUrl":"https:\/\/dutchmicrodosing.com\/wp-content\/uploads\/2021\/01\/microdosing-categorie-pic-nieuw.jpg","width":500,"height":500,"caption":"Dutchmicrodosing"},"image":{"@id":"https:\/\/dutchmicrodosing.com\/es\/#\/schema\/logo\/image\/"},"sameAs":["https:\/\/www.facebook.com\/Dutchmicrodosingxp\/","https:\/\/www.instagram.com\/dutchmicrodosing\/"]}]},"product_price_amount":"8.50","product_price_currency":"EUR","og_availability":"instock","product_availability":"instock","product_retailer_item_id":"2208513","product_condition":"new"},"_links":{"self":[{"href":"https:\/\/dutchmicrodosing.com\/es\/wp-json\/wp\/v2\/product\/60158","targetHints":{"allow":["GET"]}}],"collection":[{"href":"https:\/\/dutchmicrodosing.com\/es\/wp-json\/wp\/v2\/product"}],"about":[{"href":"https:\/\/dutchmicrodosing.com\/es\/wp-json\/wp\/v2\/types\/product"}],"replies":[{"embeddable":true,"href":"https:\/\/dutchmicrodosing.com\/es\/wp-json\/wp\/v2\/comments?post=60158"}],"version-history":[{"count":1,"href":"https:\/\/dutchmicrodosing.com\/es\/wp-json\/wp\/v2\/product\/60158\/revisions"}],"predecessor-version":[{"id":61502,"href":"https:\/\/dutchmicrodosing.com\/es\/wp-json\/wp\/v2\/product\/60158\/revisions\/61502"}],"wp:featuredmedia":[{"embeddable":true,"href":"https:\/\/dutchmicrodosing.com\/es\/wp-json\/wp\/v2\/media\/60160"}],"wp:attachment":[{"href":"https:\/\/dutchmicrodosing.com\/es\/wp-json\/wp\/v2\/media?parent=60158"}],"wp:term":[{"taxonomy":"product_brand","embeddable":true,"href":"https:\/\/dutchmicrodosing.com\/es\/wp-json\/wp\/v2\/product_brand?post=60158"},{"taxonomy":"product_cat","embeddable":true,"href":"https:\/\/dutchmicrodosing.com\/es\/wp-json\/wp\/v2\/product_cat?post=60158"},{"taxonomy":"product_tag","embeddable":true,"href":"https:\/\/dutchmicrodosing.com\/es\/wp-json\/wp\/v2\/product_tag?post=60158"}],"curies":[{"name":"wp","href":"https:\/\/api.w.org\/{rel}","templated":true}]}}