{"id":60177,"date":"2025-10-31T13:21:13","date_gmt":"2025-10-31T12:21:13","guid":{"rendered":"https:\/\/dutchmicrodosing.com\/shop\/sin%20categor\u00eda\/raiz-de-los-suenos-africanos-5-gramos\/"},"modified":"2025-11-24T16:43:43","modified_gmt":"2025-11-24T15:43:43","slug":"raiz-de-los-suenos-africanos-5-gramos","status":"publish","type":"product","link":"https:\/\/dutchmicrodosing.com\/es\/hierbas-botanicas\/hierbas-de-suenos\/raiz-de-los-suenos-africanos-5-gramos\/","title":{"rendered":"Ra\u00edz de los Sue\u00f1os Africanos &#8211; 5 gramos"},"content":{"rendered":"<p><strong>African Dream Root &#8211; 5 gramos<\/strong> (Silene Capensis) es una planta \u00fanica que ha desempe\u00f1ado un papel importante durante generaciones en las tradiciones de la tribu Xhosa en Sud\u00e1frica. Esta particular ra\u00edz es conocida por su uso durante rituales espirituales donde los sue\u00f1os son fundamentales. Muchas personas valoran esta ra\u00edz debido a las intensas y, a menudo, notables experiencias on\u00edricas que pueden acompa\u00f1arla. Una adici\u00f3n fascinante para aquellos a quienes les gusta profundizar en el mundo de los sue\u00f1os l\u00facidos.<\/p>\n<h3>Caracter\u00edsticas<\/h3>\n<ul>\n<li>Originaria del este de Sud\u00e1frica<\/li>\n<li>Popular entre los amantes de los sue\u00f1os l\u00facidos o conscientes<\/li>\n<li>A menudo se utiliza en rituales nocturnos antes de acostarse<\/li>\n<li>Puede contribuir a una conexi\u00f3n m\u00e1s profunda con el mundo de los sue\u00f1os<\/li>\n<\/ul>\n<h3>Ingredientes y\/o composici\u00f3n<\/h3>\n<p>100% Ra\u00edz de los sue\u00f1os africana (Silene Capensis)<br \/>\nContiene saponinas triterpenoides de forma natural<\/p>\n<h3>Utilice<\/h3>\n<p>Hay dos formas tradicionales de usar la ra\u00edz de los sue\u00f1os:<\/p>\n<ol>\n<li><strong>En c\u00e1psulas<\/strong><br \/>\nMuele la ra\u00edz hasta obtener un polvo fino y rellena c\u00e1psulas con \u00e9l. La dosis recomendada es entre 500 mg y 3 gramos por d\u00eda, durante 3 a 5 d\u00edas seguidos.<\/li>\n<li><strong>Como bebida (m\u00e9todo tradicional)<\/strong><br \/>\nMuele la ra\u00edz hasta obtener polvo y agrega una cucharada a medio litro de agua. Bate esta mezcla hasta que haga espuma. Luego, bebe lentamente la espuma hasta que tengas una ligera sensaci\u00f3n de saciedad. El mejor momento para hacer esto es con el est\u00f3mago vac\u00edo, justo antes de acostarse.<\/li>\n<\/ol>\n<p><strong>Atenci\u00f3n:<\/strong> el efecto no est\u00e1 en el momento de la ingesta justo antes de acostarse, sino en la acumulaci\u00f3n de la sustancia en tu sistema. Por lo tanto, lo tomas por la ma\u00f1ana, pero notas el efecto principalmente al so\u00f1ar por la noche.<\/p>\n<h3>Contenido<\/h3>\n<p>5 gramos de African Dream Root (ra\u00edz de los sue\u00f1os) (Silene Capensis)<\/p>\n<h3>Descargo de responsabilidad<\/h3>\n<p><em>El contenido de este texto es meramente informativo y no sustituye al asesoramiento profesional. Este producto no es un medicamento y no est\u00e1 destinado a diagnosticar, tratar o curar ninguna afecci\u00f3n m\u00e9dica.<\/em><\/p>\n","protected":false},"excerpt":{"rendered":"<p>African Dream Root &#8211; 5 gramos (Silene Capensis) es una planta \u00fanica que ha desempe\u00f1ado un papel importante durante generaciones en las tradiciones de la tribu Xhosa en Sud\u00e1frica. Esta particular ra\u00edz es conocida por su uso durante rituales espirituales donde los sue\u00f1os son fundamentales. Muchas personas valoran esta ra\u00edz debido a las intensas y, [&hellip;]<\/p>\n","protected":false},"featured_media":61489,"comment_status":"closed","ping_status":"closed","template":"","meta":[],"product_brand":[],"product_cat":[647],"product_tag":[],"class_list":{"0":"post-60177","1":"product","2":"type-product","3":"status-publish","4":"has-post-thumbnail","6":"product_cat-hierbas-de-suenos","8":"first","9":"instock","10":"taxable","11":"shipping-taxable","12":"purchasable","13":"product-type-simple"},"yoast_head":"<!-- This site is optimized with the Yoast SEO Premium plugin v26.4 (Yoast SEO v27.2) - https:\/\/yoast.com\/product\/yoast-seo-premium-wordpress\/ -->\n<title>Ra\u00edz de los Sue\u00f1os Africanos - 5 gramos - Dutchmicrodosing<\/title>\n<meta name=\"description\" content=\"Descubre el poder de la ra\u00edz de los sue\u00f1os africana (Silene Capensis). Deze traditionele Zuid-Afrikaanse wortel wordt gebruikt voor diepe, bewuste droomervaringen...\" \/>\n<meta name=\"robots\" content=\"index, follow, max-snippet:-1, max-image-preview:large, max-video-preview:-1\" \/>\n<link rel=\"canonical\" href=\"https:\/\/dutchmicrodosing.com\/es\/hierbas-botanicas\/hierbas-de-suenos\/raiz-de-los-suenos-africanos-5-gramos\/\" \/>\n<meta property=\"og:locale\" content=\"es_ES\" \/>\n<meta property=\"og:type\" content=\"article\" \/>\n<meta property=\"og:title\" content=\"Ra\u00edz de los Sue\u00f1os Africanos - 5 gramos\" \/>\n<meta property=\"og:description\" content=\"African Dream Root - 5 gramos (Silene Capensis) es una planta \u00fanica que ha desempe\u00f1ado un papel importante durante generaciones en las tradiciones de la\" \/>\n<meta property=\"og:url\" content=\"https:\/\/dutchmicrodosing.com\/es\/hierbas-botanicas\/hierbas-de-suenos\/raiz-de-los-suenos-africanos-5-gramos\/\" \/>\n<meta property=\"og:site_name\" content=\"Dutchmicrodosing\" \/>\n<meta property=\"article:publisher\" content=\"https:\/\/www.facebook.com\/Dutchmicrodosingxp\/\" \/>\n<meta property=\"article:modified_time\" content=\"2025-11-24T15:43:43+00:00\" \/>\n<meta property=\"og:image\" content=\"https:\/\/dutchmicrodosing.com\/wp-content\/uploads\/2025\/10\/dreamherb.jpg\" \/>\n\t<meta property=\"og:image:width\" content=\"1024\" \/>\n\t<meta property=\"og:image:height\" content=\"1024\" \/>\n\t<meta property=\"og:image:type\" content=\"image\/jpeg\" \/>\n<meta name=\"twitter:card\" content=\"summary_large_image\" \/>\n<script type=\"application\/ld+json\" class=\"yoast-schema-graph\">{\"@context\":\"https:\/\/schema.org\",\"@graph\":[{\"@type\":\"WebPage\",\"@id\":\"https:\/\/dutchmicrodosing.com\/es\/hierbas-botanicas\/hierbas-de-suenos\/raiz-de-los-suenos-africanos-5-gramos\/\",\"url\":\"https:\/\/dutchmicrodosing.com\/es\/hierbas-botanicas\/hierbas-de-suenos\/raiz-de-los-suenos-africanos-5-gramos\/\",\"name\":\"Ra\u00edz de los Sue\u00f1os Africanos - 5 gramos - Dutchmicrodosing\",\"isPartOf\":{\"@id\":\"https:\/\/dutchmicrodosing.com\/es\/#website\"},\"primaryImageOfPage\":{\"@id\":\"https:\/\/dutchmicrodosing.com\/es\/hierbas-botanicas\/hierbas-de-suenos\/raiz-de-los-suenos-africanos-5-gramos\/#primaryimage\"},\"image\":{\"@id\":\"https:\/\/dutchmicrodosing.com\/es\/hierbas-botanicas\/hierbas-de-suenos\/raiz-de-los-suenos-africanos-5-gramos\/#primaryimage\"},\"thumbnailUrl\":\"https:\/\/dutchmicrodosing.com\/wp-content\/uploads\/2025\/10\/dreamherb.jpg\",\"datePublished\":\"2025-10-31T12:21:13+00:00\",\"dateModified\":\"2025-11-24T15:43:43+00:00\",\"description\":\"Descubre el poder de la ra\u00edz de los sue\u00f1os africana (Silene Capensis). Deze traditionele Zuid-Afrikaanse wortel wordt gebruikt voor diepe, bewuste droomervaringen...\",\"breadcrumb\":{\"@id\":\"https:\/\/dutchmicrodosing.com\/es\/hierbas-botanicas\/hierbas-de-suenos\/raiz-de-los-suenos-africanos-5-gramos\/#breadcrumb\"},\"inLanguage\":\"es\",\"potentialAction\":[{\"@type\":\"ReadAction\",\"target\":[\"https:\/\/dutchmicrodosing.com\/es\/hierbas-botanicas\/hierbas-de-suenos\/raiz-de-los-suenos-africanos-5-gramos\/\"]}]},{\"@type\":\"ImageObject\",\"inLanguage\":\"es\",\"@id\":\"https:\/\/dutchmicrodosing.com\/es\/hierbas-botanicas\/hierbas-de-suenos\/raiz-de-los-suenos-africanos-5-gramos\/#primaryimage\",\"url\":\"https:\/\/dutchmicrodosing.com\/wp-content\/uploads\/2025\/10\/dreamherb.jpg\",\"contentUrl\":\"https:\/\/dutchmicrodosing.com\/wp-content\/uploads\/2025\/10\/dreamherb.jpg\",\"width\":1024,\"height\":1024},{\"@type\":\"BreadcrumbList\",\"@id\":\"https:\/\/dutchmicrodosing.com\/es\/hierbas-botanicas\/hierbas-de-suenos\/raiz-de-los-suenos-africanos-5-gramos\/#breadcrumb\",\"itemListElement\":[{\"@type\":\"ListItem\",\"position\":1,\"name\":\"Home\",\"item\":\"https:\/\/dutchmicrodosing.com\/es\/\"},{\"@type\":\"ListItem\",\"position\":2,\"name\":\"Tienda\",\"item\":\"https:\/\/dutchmicrodosing.com\/es\/tienda\/\"},{\"@type\":\"ListItem\",\"position\":3,\"name\":\"Ra\u00edz de los Sue\u00f1os Africanos &#8211; 5 gramos\"}]},{\"@type\":\"WebSite\",\"@id\":\"https:\/\/dutchmicrodosing.com\/es\/#website\",\"url\":\"https:\/\/dutchmicrodosing.com\/es\/\",\"name\":\"Dutchmicrodosing\",\"description\":\"\",\"publisher\":{\"@id\":\"https:\/\/dutchmicrodosing.com\/es\/#organization\"},\"potentialAction\":[{\"@type\":\"SearchAction\",\"target\":{\"@type\":\"EntryPoint\",\"urlTemplate\":\"https:\/\/dutchmicrodosing.com\/es\/?s={search_term_string}\"},\"query-input\":{\"@type\":\"PropertyValueSpecification\",\"valueRequired\":true,\"valueName\":\"search_term_string\"}}],\"inLanguage\":\"es\"},{\"@type\":\"Organization\",\"@id\":\"https:\/\/dutchmicrodosing.com\/es\/#organization\",\"name\":\"Dutchmicrodosing\",\"url\":\"https:\/\/dutchmicrodosing.com\/es\/\",\"logo\":{\"@type\":\"ImageObject\",\"inLanguage\":\"es\",\"@id\":\"https:\/\/dutchmicrodosing.com\/es\/#\/schema\/logo\/image\/\",\"url\":\"https:\/\/dutchmicrodosing.com\/wp-content\/uploads\/2021\/01\/microdosing-categorie-pic-nieuw.jpg\",\"contentUrl\":\"https:\/\/dutchmicrodosing.com\/wp-content\/uploads\/2021\/01\/microdosing-categorie-pic-nieuw.jpg\",\"width\":500,\"height\":500,\"caption\":\"Dutchmicrodosing\"},\"image\":{\"@id\":\"https:\/\/dutchmicrodosing.com\/es\/#\/schema\/logo\/image\/\"},\"sameAs\":[\"https:\/\/www.facebook.com\/Dutchmicrodosingxp\/\",\"https:\/\/www.instagram.com\/dutchmicrodosing\/\"]}]}<\/script>\n<meta property=\"product:price:amount\" content=\"9.95\" \/>\n<meta property=\"product:price:currency\" content=\"EUR\" \/>\n<meta property=\"og:availability\" content=\"instock\" \/>\n<meta property=\"product:availability\" content=\"instock\" \/>\n<meta property=\"product:retailer_item_id\" content=\"0206647\" \/>\n<meta property=\"product:condition\" content=\"new\" \/>\n<!-- \/ Yoast SEO Premium plugin. -->","yoast_head_json":{"title":"Ra\u00edz de los Sue\u00f1os Africanos - 5 gramos - Dutchmicrodosing","description":"Descubre el poder de la ra\u00edz de los sue\u00f1os africana (Silene Capensis). Deze traditionele Zuid-Afrikaanse wortel wordt gebruikt voor diepe, bewuste droomervaringen...","robots":{"index":"index","follow":"follow","max-snippet":"max-snippet:-1","max-image-preview":"max-image-preview:large","max-video-preview":"max-video-preview:-1"},"canonical":"https:\/\/dutchmicrodosing.com\/es\/hierbas-botanicas\/hierbas-de-suenos\/raiz-de-los-suenos-africanos-5-gramos\/","og_locale":"es_ES","og_type":"article","og_title":"Ra\u00edz de los Sue\u00f1os Africanos - 5 gramos","og_description":"African Dream Root - 5 gramos (Silene Capensis) es una planta \u00fanica que ha desempe\u00f1ado un papel importante durante generaciones en las tradiciones de la","og_url":"https:\/\/dutchmicrodosing.com\/es\/hierbas-botanicas\/hierbas-de-suenos\/raiz-de-los-suenos-africanos-5-gramos\/","og_site_name":"Dutchmicrodosing","article_publisher":"https:\/\/www.facebook.com\/Dutchmicrodosingxp\/","article_modified_time":"2025-11-24T15:43:43+00:00","og_image":[{"width":1024,"height":1024,"url":"https:\/\/dutchmicrodosing.com\/wp-content\/uploads\/2025\/10\/dreamherb.jpg","type":"image\/jpeg"}],"twitter_card":"summary_large_image","schema":{"@context":"https:\/\/schema.org","@graph":[{"@type":"WebPage","@id":"https:\/\/dutchmicrodosing.com\/es\/hierbas-botanicas\/hierbas-de-suenos\/raiz-de-los-suenos-africanos-5-gramos\/","url":"https:\/\/dutchmicrodosing.com\/es\/hierbas-botanicas\/hierbas-de-suenos\/raiz-de-los-suenos-africanos-5-gramos\/","name":"Ra\u00edz de los Sue\u00f1os Africanos - 5 gramos - Dutchmicrodosing","isPartOf":{"@id":"https:\/\/dutchmicrodosing.com\/es\/#website"},"primaryImageOfPage":{"@id":"https:\/\/dutchmicrodosing.com\/es\/hierbas-botanicas\/hierbas-de-suenos\/raiz-de-los-suenos-africanos-5-gramos\/#primaryimage"},"image":{"@id":"https:\/\/dutchmicrodosing.com\/es\/hierbas-botanicas\/hierbas-de-suenos\/raiz-de-los-suenos-africanos-5-gramos\/#primaryimage"},"thumbnailUrl":"https:\/\/dutchmicrodosing.com\/wp-content\/uploads\/2025\/10\/dreamherb.jpg","datePublished":"2025-10-31T12:21:13+00:00","dateModified":"2025-11-24T15:43:43+00:00","description":"Descubre el poder de la ra\u00edz de los sue\u00f1os africana (Silene Capensis). Deze traditionele Zuid-Afrikaanse wortel wordt gebruikt voor diepe, bewuste droomervaringen...","breadcrumb":{"@id":"https:\/\/dutchmicrodosing.com\/es\/hierbas-botanicas\/hierbas-de-suenos\/raiz-de-los-suenos-africanos-5-gramos\/#breadcrumb"},"inLanguage":"es","potentialAction":[{"@type":"ReadAction","target":["https:\/\/dutchmicrodosing.com\/es\/hierbas-botanicas\/hierbas-de-suenos\/raiz-de-los-suenos-africanos-5-gramos\/"]}]},{"@type":"ImageObject","inLanguage":"es","@id":"https:\/\/dutchmicrodosing.com\/es\/hierbas-botanicas\/hierbas-de-suenos\/raiz-de-los-suenos-africanos-5-gramos\/#primaryimage","url":"https:\/\/dutchmicrodosing.com\/wp-content\/uploads\/2025\/10\/dreamherb.jpg","contentUrl":"https:\/\/dutchmicrodosing.com\/wp-content\/uploads\/2025\/10\/dreamherb.jpg","width":1024,"height":1024},{"@type":"BreadcrumbList","@id":"https:\/\/dutchmicrodosing.com\/es\/hierbas-botanicas\/hierbas-de-suenos\/raiz-de-los-suenos-africanos-5-gramos\/#breadcrumb","itemListElement":[{"@type":"ListItem","position":1,"name":"Home","item":"https:\/\/dutchmicrodosing.com\/es\/"},{"@type":"ListItem","position":2,"name":"Tienda","item":"https:\/\/dutchmicrodosing.com\/es\/tienda\/"},{"@type":"ListItem","position":3,"name":"Ra\u00edz de los Sue\u00f1os Africanos &#8211; 5 gramos"}]},{"@type":"WebSite","@id":"https:\/\/dutchmicrodosing.com\/es\/#website","url":"https:\/\/dutchmicrodosing.com\/es\/","name":"Dutchmicrodosing","description":"","publisher":{"@id":"https:\/\/dutchmicrodosing.com\/es\/#organization"},"potentialAction":[{"@type":"SearchAction","target":{"@type":"EntryPoint","urlTemplate":"https:\/\/dutchmicrodosing.com\/es\/?s={search_term_string}"},"query-input":{"@type":"PropertyValueSpecification","valueRequired":true,"valueName":"search_term_string"}}],"inLanguage":"es"},{"@type":"Organization","@id":"https:\/\/dutchmicrodosing.com\/es\/#organization","name":"Dutchmicrodosing","url":"https:\/\/dutchmicrodosing.com\/es\/","logo":{"@type":"ImageObject","inLanguage":"es","@id":"https:\/\/dutchmicrodosing.com\/es\/#\/schema\/logo\/image\/","url":"https:\/\/dutchmicrodosing.com\/wp-content\/uploads\/2021\/01\/microdosing-categorie-pic-nieuw.jpg","contentUrl":"https:\/\/dutchmicrodosing.com\/wp-content\/uploads\/2021\/01\/microdosing-categorie-pic-nieuw.jpg","width":500,"height":500,"caption":"Dutchmicrodosing"},"image":{"@id":"https:\/\/dutchmicrodosing.com\/es\/#\/schema\/logo\/image\/"},"sameAs":["https:\/\/www.facebook.com\/Dutchmicrodosingxp\/","https:\/\/www.instagram.com\/dutchmicrodosing\/"]}]},"product_price_amount":"9.95","product_price_currency":"EUR","og_availability":"instock","product_availability":"instock","product_retailer_item_id":"0206647","product_condition":"new"},"_links":{"self":[{"href":"https:\/\/dutchmicrodosing.com\/es\/wp-json\/wp\/v2\/product\/60177","targetHints":{"allow":["GET"]}}],"collection":[{"href":"https:\/\/dutchmicrodosing.com\/es\/wp-json\/wp\/v2\/product"}],"about":[{"href":"https:\/\/dutchmicrodosing.com\/es\/wp-json\/wp\/v2\/types\/product"}],"replies":[{"embeddable":true,"href":"https:\/\/dutchmicrodosing.com\/es\/wp-json\/wp\/v2\/comments?post=60177"}],"version-history":[{"count":1,"href":"https:\/\/dutchmicrodosing.com\/es\/wp-json\/wp\/v2\/product\/60177\/revisions"}],"predecessor-version":[{"id":61466,"href":"https:\/\/dutchmicrodosing.com\/es\/wp-json\/wp\/v2\/product\/60177\/revisions\/61466"}],"wp:featuredmedia":[{"embeddable":true,"href":"https:\/\/dutchmicrodosing.com\/es\/wp-json\/wp\/v2\/media\/61489"}],"wp:attachment":[{"href":"https:\/\/dutchmicrodosing.com\/es\/wp-json\/wp\/v2\/media?parent=60177"}],"wp:term":[{"taxonomy":"product_brand","embeddable":true,"href":"https:\/\/dutchmicrodosing.com\/es\/wp-json\/wp\/v2\/product_brand?post=60177"},{"taxonomy":"product_cat","embeddable":true,"href":"https:\/\/dutchmicrodosing.com\/es\/wp-json\/wp\/v2\/product_cat?post=60177"},{"taxonomy":"product_tag","embeddable":true,"href":"https:\/\/dutchmicrodosing.com\/es\/wp-json\/wp\/v2\/product_tag?post=60177"}],"curies":[{"name":"wp","href":"https:\/\/api.w.org\/{rel}","templated":true}]}}