{"id":60959,"date":"2025-11-05T08:42:56","date_gmt":"2025-11-05T07:42:56","guid":{"rendered":"https:\/\/dutchmicrodosing.com\/shop\/sin%20categor\u00eda\/kit-de-cultivo-waikiki-waves\/"},"modified":"2025-11-24T16:28:55","modified_gmt":"2025-11-24T15:28:55","slug":"kit-de-cultivo-waikiki-waves","status":"publish","type":"product","link":"https:\/\/dutchmicrodosing.com\/es\/setas-alucinogenas\/kit-de-cultivo-all-in-one\/kit-de-cultivo-waikiki-waves\/","title":{"rendered":"Kit de cultivo Waikiki Waves"},"content":{"rendered":"<p>El <strong>kit de cultivo Waikiki Waves (1200cc)<\/strong> aporta un toque de magia tropical a tu espacio de cultivo. Este h\u00edbrido \u00fanico, procedente de la Psilocybe Anoi, es conocido por sus visuales vibrantes y profundas experiencias internas. Perfecto para quienes desean combinar creatividad y autorreflexi\u00f3n en un ambiente relajado, directamente desde casa.<\/p>\n<h3>Caracter\u00edsticas<\/h3>\n<p>Este kit de cultivo todo en uno de McSmart contiene todo lo que necesitas para empezar de inmediato:<\/p>\n<ul>\n<li>Bandeja de cultivo de 1200cc con micelio<\/li>\n<li>Bolsa de cultivo con filtros de aire<\/li>\n<li>Dos clips<\/li>\n<\/ul>\n<p>Solo tienes que a\u00f1adir agua y prestarle un poco de atenci\u00f3n con cari\u00f1o. En condiciones ideales, el kit proporciona una media de 2 a 3 cosechas, lo que equivale a unos 300 o 400 gramos de setas m\u00e1gicas frescas. La Waikiki Waves es conocida por su estilo tropical y su profundidad espiritual, como si estuvieras surfeando suavemente una ola de conciencia.<\/p>\n<h3>Ingredientes y\/o composici\u00f3n<\/h3>\n<ul>\n<li>Esporas de Psilocybe Anoi (h\u00edbrido)<\/li>\n<li>Sustrato est\u00e9ril con micelio<\/li>\n<li>Bolsa de cultivo con filtros de aire<\/li>\n<li>Clips<\/li>\n<\/ul>\n<h3>Utilice<\/h3>\n<p>Sigue las instrucciones adjuntas cuidadosamente para obtener los mejores resultados. Guarda el kit de cultivo a 2\u20134 \u00b0C si no vas a empezar de inmediato. Una vez que lo actives, el proceso de crecimiento suele comenzar en unos pocos d\u00edas.<\/p>\n<p>Aseg\u00farate de:<\/p>\n<ul>\n<li>Un entorno higi\u00e9nico<\/li>\n<li>Suficiente luz diurna (sin luz solar directa)<\/li>\n<li>Una temperatura constante entre 20 y 25 \u00b0C<\/li>\n<\/ul>\n<p>Despu\u00e9s de la primera cosecha, a menudo puedes esperar 1 o 2 cosechas adicionales.<\/p>\n<p><strong>DESCARGAR AQU\u00cd: <a href=\"https:\/\/dutchmicrodosing.com\/es\/growkit_manual\/\">Manual del kit de cultivo todo en uno Waikiki Waves<\/a><\/strong><\/p>\n<p><strong>Consejo:<\/strong> \u00bfVes que el sustrato empieza a encogerse o a separarse de los bordes? Entonces a\u00f1ade un peque\u00f1o vaso de agua en la bandeja. Aseg\u00farate de que el agua no toque el sustrato; deja aproximadamente 1 o 2 cm de espacio libre. As\u00ed se mantiene el equilibrio de humedad \u00f3ptimo sin que el sustrato se moje demasiado.<\/p>\n<h3>Contenido<\/h3>\n<ul>\n<li>Kit de cultivo de 1200cc con micelio<\/li>\n<li>Bolsa de cultivo con filtros de aire<\/li>\n<li>2 clips<\/li>\n<li>Rendimiento: una media de 300\u2013400 gramos de setas m\u00e1gicas frescas, repartidas en varias cosechas<\/li>\n<\/ul>\n","protected":false},"excerpt":{"rendered":"<p>El kit de cultivo Waikiki Waves (1200cc) aporta un toque de magia tropical a tu espacio de cultivo. Este h\u00edbrido \u00fanico, procedente de la Psilocybe Anoi, es conocido por sus visuales vibrantes y profundas experiencias internas. Perfecto para quienes desean combinar creatividad y autorreflexi\u00f3n en un ambiente relajado, directamente desde casa. Caracter\u00edsticas Este kit de [&hellip;]<\/p>\n","protected":false},"featured_media":60962,"comment_status":"closed","ping_status":"closed","template":"","meta":[],"product_brand":[],"product_cat":[214],"product_tag":[],"class_list":{"0":"post-60959","1":"product","2":"type-product","3":"status-publish","4":"has-post-thumbnail","6":"product_cat-kit-de-cultivo-all-in-one","8":"first","9":"instock","10":"taxable","11":"shipping-taxable","12":"purchasable","13":"product-type-simple"},"yoast_head":"<!-- This site is optimized with the Yoast SEO Premium plugin v26.4 (Yoast SEO v27.2) - https:\/\/yoast.com\/product\/yoast-seo-premium-wordpress\/ -->\n<title>Kit de cultivo Waikiki Waves - Dutchmicrodosing<\/title>\n<meta name=\"description\" content=\"El kit de cultivo Waikiki Waves es un set completo y f\u00e1cil de usar para cultivar tus propias setas m\u00e1gicas. \u00a1Fiable, eficiente y con entrega r\u00e1pida!\" \/>\n<meta name=\"robots\" content=\"index, follow, max-snippet:-1, max-image-preview:large, max-video-preview:-1\" \/>\n<link rel=\"canonical\" href=\"https:\/\/dutchmicrodosing.com\/es\/setas-alucinogenas\/kit-de-cultivo-all-in-one\/kit-de-cultivo-waikiki-waves\/\" \/>\n<meta property=\"og:locale\" content=\"es_ES\" \/>\n<meta property=\"og:type\" content=\"article\" \/>\n<meta property=\"og:title\" content=\"Kit de cultivo Waikiki Waves\" \/>\n<meta property=\"og:description\" content=\"El kit de cultivo Waikiki Waves (1200cc) aporta un toque de magia tropical a tu espacio de cultivo. Este h\u00edbrido \u00fanico, procedente de la Psilocybe Anoi,\" \/>\n<meta property=\"og:url\" content=\"https:\/\/dutchmicrodosing.com\/es\/setas-alucinogenas\/kit-de-cultivo-all-in-one\/kit-de-cultivo-waikiki-waves\/\" \/>\n<meta property=\"og:site_name\" content=\"Dutchmicrodosing\" \/>\n<meta property=\"article:publisher\" content=\"https:\/\/www.facebook.com\/Dutchmicrodosingxp\/\" \/>\n<meta property=\"article:modified_time\" content=\"2025-11-24T15:28:55+00:00\" \/>\n<meta property=\"og:image\" content=\"https:\/\/dutchmicrodosing.com\/wp-content\/uploads\/2025\/11\/Waikiki2-2.jpg\" \/>\n\t<meta property=\"og:image:width\" content=\"1000\" \/>\n\t<meta property=\"og:image:height\" content=\"1000\" \/>\n\t<meta property=\"og:image:type\" content=\"image\/jpeg\" \/>\n<meta name=\"twitter:card\" content=\"summary_large_image\" \/>\n<script type=\"application\/ld+json\" class=\"yoast-schema-graph\">{\"@context\":\"https:\/\/schema.org\",\"@graph\":[{\"@type\":\"WebPage\",\"@id\":\"https:\/\/dutchmicrodosing.com\/es\/setas-alucinogenas\/kit-de-cultivo-all-in-one\/kit-de-cultivo-waikiki-waves\/\",\"url\":\"https:\/\/dutchmicrodosing.com\/es\/setas-alucinogenas\/kit-de-cultivo-all-in-one\/kit-de-cultivo-waikiki-waves\/\",\"name\":\"Kit de cultivo Waikiki Waves - Dutchmicrodosing\",\"isPartOf\":{\"@id\":\"https:\/\/dutchmicrodosing.com\/es\/#website\"},\"primaryImageOfPage\":{\"@id\":\"https:\/\/dutchmicrodosing.com\/es\/setas-alucinogenas\/kit-de-cultivo-all-in-one\/kit-de-cultivo-waikiki-waves\/#primaryimage\"},\"image\":{\"@id\":\"https:\/\/dutchmicrodosing.com\/es\/setas-alucinogenas\/kit-de-cultivo-all-in-one\/kit-de-cultivo-waikiki-waves\/#primaryimage\"},\"thumbnailUrl\":\"https:\/\/dutchmicrodosing.com\/wp-content\/uploads\/2025\/11\/Waikiki2-2.jpg\",\"datePublished\":\"2025-11-05T07:42:56+00:00\",\"dateModified\":\"2025-11-24T15:28:55+00:00\",\"description\":\"El kit de cultivo Waikiki Waves es un set completo y f\u00e1cil de usar para cultivar tus propias setas m\u00e1gicas. \u00a1Fiable, eficiente y con entrega r\u00e1pida!\",\"breadcrumb\":{\"@id\":\"https:\/\/dutchmicrodosing.com\/es\/setas-alucinogenas\/kit-de-cultivo-all-in-one\/kit-de-cultivo-waikiki-waves\/#breadcrumb\"},\"inLanguage\":\"es\",\"potentialAction\":[{\"@type\":\"ReadAction\",\"target\":[\"https:\/\/dutchmicrodosing.com\/es\/setas-alucinogenas\/kit-de-cultivo-all-in-one\/kit-de-cultivo-waikiki-waves\/\"]}]},{\"@type\":\"ImageObject\",\"inLanguage\":\"es\",\"@id\":\"https:\/\/dutchmicrodosing.com\/es\/setas-alucinogenas\/kit-de-cultivo-all-in-one\/kit-de-cultivo-waikiki-waves\/#primaryimage\",\"url\":\"https:\/\/dutchmicrodosing.com\/wp-content\/uploads\/2025\/11\/Waikiki2-2.jpg\",\"contentUrl\":\"https:\/\/dutchmicrodosing.com\/wp-content\/uploads\/2025\/11\/Waikiki2-2.jpg\",\"width\":1000,\"height\":1000},{\"@type\":\"BreadcrumbList\",\"@id\":\"https:\/\/dutchmicrodosing.com\/es\/setas-alucinogenas\/kit-de-cultivo-all-in-one\/kit-de-cultivo-waikiki-waves\/#breadcrumb\",\"itemListElement\":[{\"@type\":\"ListItem\",\"position\":1,\"name\":\"Home\",\"item\":\"https:\/\/dutchmicrodosing.com\/es\/\"},{\"@type\":\"ListItem\",\"position\":2,\"name\":\"Tienda\",\"item\":\"https:\/\/dutchmicrodosing.com\/es\/tienda\/\"},{\"@type\":\"ListItem\",\"position\":3,\"name\":\"Kit de cultivo Waikiki Waves\"}]},{\"@type\":\"WebSite\",\"@id\":\"https:\/\/dutchmicrodosing.com\/es\/#website\",\"url\":\"https:\/\/dutchmicrodosing.com\/es\/\",\"name\":\"Dutchmicrodosing\",\"description\":\"\",\"publisher\":{\"@id\":\"https:\/\/dutchmicrodosing.com\/es\/#organization\"},\"potentialAction\":[{\"@type\":\"SearchAction\",\"target\":{\"@type\":\"EntryPoint\",\"urlTemplate\":\"https:\/\/dutchmicrodosing.com\/es\/?s={search_term_string}\"},\"query-input\":{\"@type\":\"PropertyValueSpecification\",\"valueRequired\":true,\"valueName\":\"search_term_string\"}}],\"inLanguage\":\"es\"},{\"@type\":\"Organization\",\"@id\":\"https:\/\/dutchmicrodosing.com\/es\/#organization\",\"name\":\"Dutchmicrodosing\",\"url\":\"https:\/\/dutchmicrodosing.com\/es\/\",\"logo\":{\"@type\":\"ImageObject\",\"inLanguage\":\"es\",\"@id\":\"https:\/\/dutchmicrodosing.com\/es\/#\/schema\/logo\/image\/\",\"url\":\"https:\/\/dutchmicrodosing.com\/wp-content\/uploads\/2021\/01\/microdosing-categorie-pic-nieuw.jpg\",\"contentUrl\":\"https:\/\/dutchmicrodosing.com\/wp-content\/uploads\/2021\/01\/microdosing-categorie-pic-nieuw.jpg\",\"width\":500,\"height\":500,\"caption\":\"Dutchmicrodosing\"},\"image\":{\"@id\":\"https:\/\/dutchmicrodosing.com\/es\/#\/schema\/logo\/image\/\"},\"sameAs\":[\"https:\/\/www.facebook.com\/Dutchmicrodosingxp\/\",\"https:\/\/www.instagram.com\/dutchmicrodosing\/\"]}]}<\/script>\n<meta property=\"product:price:amount\" content=\"44.95\" \/>\n<meta property=\"product:price:currency\" content=\"EUR\" \/>\n<meta property=\"og:availability\" content=\"instock\" \/>\n<meta property=\"product:availability\" content=\"instock\" \/>\n<meta property=\"product:retailer_item_id\" content=\"5210757\" \/>\n<meta property=\"product:condition\" content=\"new\" \/>\n<!-- \/ Yoast SEO Premium plugin. -->","yoast_head_json":{"title":"Kit de cultivo Waikiki Waves - Dutchmicrodosing","description":"El kit de cultivo Waikiki Waves es un set completo y f\u00e1cil de usar para cultivar tus propias setas m\u00e1gicas. \u00a1Fiable, eficiente y con entrega r\u00e1pida!","robots":{"index":"index","follow":"follow","max-snippet":"max-snippet:-1","max-image-preview":"max-image-preview:large","max-video-preview":"max-video-preview:-1"},"canonical":"https:\/\/dutchmicrodosing.com\/es\/setas-alucinogenas\/kit-de-cultivo-all-in-one\/kit-de-cultivo-waikiki-waves\/","og_locale":"es_ES","og_type":"article","og_title":"Kit de cultivo Waikiki Waves","og_description":"El kit de cultivo Waikiki Waves (1200cc) aporta un toque de magia tropical a tu espacio de cultivo. Este h\u00edbrido \u00fanico, procedente de la Psilocybe Anoi,","og_url":"https:\/\/dutchmicrodosing.com\/es\/setas-alucinogenas\/kit-de-cultivo-all-in-one\/kit-de-cultivo-waikiki-waves\/","og_site_name":"Dutchmicrodosing","article_publisher":"https:\/\/www.facebook.com\/Dutchmicrodosingxp\/","article_modified_time":"2025-11-24T15:28:55+00:00","og_image":[{"width":1000,"height":1000,"url":"https:\/\/dutchmicrodosing.com\/wp-content\/uploads\/2025\/11\/Waikiki2-2.jpg","type":"image\/jpeg"}],"twitter_card":"summary_large_image","schema":{"@context":"https:\/\/schema.org","@graph":[{"@type":"WebPage","@id":"https:\/\/dutchmicrodosing.com\/es\/setas-alucinogenas\/kit-de-cultivo-all-in-one\/kit-de-cultivo-waikiki-waves\/","url":"https:\/\/dutchmicrodosing.com\/es\/setas-alucinogenas\/kit-de-cultivo-all-in-one\/kit-de-cultivo-waikiki-waves\/","name":"Kit de cultivo Waikiki Waves - Dutchmicrodosing","isPartOf":{"@id":"https:\/\/dutchmicrodosing.com\/es\/#website"},"primaryImageOfPage":{"@id":"https:\/\/dutchmicrodosing.com\/es\/setas-alucinogenas\/kit-de-cultivo-all-in-one\/kit-de-cultivo-waikiki-waves\/#primaryimage"},"image":{"@id":"https:\/\/dutchmicrodosing.com\/es\/setas-alucinogenas\/kit-de-cultivo-all-in-one\/kit-de-cultivo-waikiki-waves\/#primaryimage"},"thumbnailUrl":"https:\/\/dutchmicrodosing.com\/wp-content\/uploads\/2025\/11\/Waikiki2-2.jpg","datePublished":"2025-11-05T07:42:56+00:00","dateModified":"2025-11-24T15:28:55+00:00","description":"El kit de cultivo Waikiki Waves es un set completo y f\u00e1cil de usar para cultivar tus propias setas m\u00e1gicas. \u00a1Fiable, eficiente y con entrega r\u00e1pida!","breadcrumb":{"@id":"https:\/\/dutchmicrodosing.com\/es\/setas-alucinogenas\/kit-de-cultivo-all-in-one\/kit-de-cultivo-waikiki-waves\/#breadcrumb"},"inLanguage":"es","potentialAction":[{"@type":"ReadAction","target":["https:\/\/dutchmicrodosing.com\/es\/setas-alucinogenas\/kit-de-cultivo-all-in-one\/kit-de-cultivo-waikiki-waves\/"]}]},{"@type":"ImageObject","inLanguage":"es","@id":"https:\/\/dutchmicrodosing.com\/es\/setas-alucinogenas\/kit-de-cultivo-all-in-one\/kit-de-cultivo-waikiki-waves\/#primaryimage","url":"https:\/\/dutchmicrodosing.com\/wp-content\/uploads\/2025\/11\/Waikiki2-2.jpg","contentUrl":"https:\/\/dutchmicrodosing.com\/wp-content\/uploads\/2025\/11\/Waikiki2-2.jpg","width":1000,"height":1000},{"@type":"BreadcrumbList","@id":"https:\/\/dutchmicrodosing.com\/es\/setas-alucinogenas\/kit-de-cultivo-all-in-one\/kit-de-cultivo-waikiki-waves\/#breadcrumb","itemListElement":[{"@type":"ListItem","position":1,"name":"Home","item":"https:\/\/dutchmicrodosing.com\/es\/"},{"@type":"ListItem","position":2,"name":"Tienda","item":"https:\/\/dutchmicrodosing.com\/es\/tienda\/"},{"@type":"ListItem","position":3,"name":"Kit de cultivo Waikiki Waves"}]},{"@type":"WebSite","@id":"https:\/\/dutchmicrodosing.com\/es\/#website","url":"https:\/\/dutchmicrodosing.com\/es\/","name":"Dutchmicrodosing","description":"","publisher":{"@id":"https:\/\/dutchmicrodosing.com\/es\/#organization"},"potentialAction":[{"@type":"SearchAction","target":{"@type":"EntryPoint","urlTemplate":"https:\/\/dutchmicrodosing.com\/es\/?s={search_term_string}"},"query-input":{"@type":"PropertyValueSpecification","valueRequired":true,"valueName":"search_term_string"}}],"inLanguage":"es"},{"@type":"Organization","@id":"https:\/\/dutchmicrodosing.com\/es\/#organization","name":"Dutchmicrodosing","url":"https:\/\/dutchmicrodosing.com\/es\/","logo":{"@type":"ImageObject","inLanguage":"es","@id":"https:\/\/dutchmicrodosing.com\/es\/#\/schema\/logo\/image\/","url":"https:\/\/dutchmicrodosing.com\/wp-content\/uploads\/2021\/01\/microdosing-categorie-pic-nieuw.jpg","contentUrl":"https:\/\/dutchmicrodosing.com\/wp-content\/uploads\/2021\/01\/microdosing-categorie-pic-nieuw.jpg","width":500,"height":500,"caption":"Dutchmicrodosing"},"image":{"@id":"https:\/\/dutchmicrodosing.com\/es\/#\/schema\/logo\/image\/"},"sameAs":["https:\/\/www.facebook.com\/Dutchmicrodosingxp\/","https:\/\/www.instagram.com\/dutchmicrodosing\/"]}]},"product_price_amount":"44.95","product_price_currency":"EUR","og_availability":"instock","product_availability":"instock","product_retailer_item_id":"5210757","product_condition":"new"},"_links":{"self":[{"href":"https:\/\/dutchmicrodosing.com\/es\/wp-json\/wp\/v2\/product\/60959","targetHints":{"allow":["GET"]}}],"collection":[{"href":"https:\/\/dutchmicrodosing.com\/es\/wp-json\/wp\/v2\/product"}],"about":[{"href":"https:\/\/dutchmicrodosing.com\/es\/wp-json\/wp\/v2\/types\/product"}],"replies":[{"embeddable":true,"href":"https:\/\/dutchmicrodosing.com\/es\/wp-json\/wp\/v2\/comments?post=60959"}],"version-history":[{"count":1,"href":"https:\/\/dutchmicrodosing.com\/es\/wp-json\/wp\/v2\/product\/60959\/revisions"}],"predecessor-version":[{"id":62734,"href":"https:\/\/dutchmicrodosing.com\/es\/wp-json\/wp\/v2\/product\/60959\/revisions\/62734"}],"wp:featuredmedia":[{"embeddable":true,"href":"https:\/\/dutchmicrodosing.com\/es\/wp-json\/wp\/v2\/media\/60962"}],"wp:attachment":[{"href":"https:\/\/dutchmicrodosing.com\/es\/wp-json\/wp\/v2\/media?parent=60959"}],"wp:term":[{"taxonomy":"product_brand","embeddable":true,"href":"https:\/\/dutchmicrodosing.com\/es\/wp-json\/wp\/v2\/product_brand?post=60959"},{"taxonomy":"product_cat","embeddable":true,"href":"https:\/\/dutchmicrodosing.com\/es\/wp-json\/wp\/v2\/product_cat?post=60959"},{"taxonomy":"product_tag","embeddable":true,"href":"https:\/\/dutchmicrodosing.com\/es\/wp-json\/wp\/v2\/product_tag?post=60959"}],"curies":[{"name":"wp","href":"https:\/\/api.w.org\/{rel}","templated":true}]}}