{"id":61342,"date":"2025-11-10T09:30:55","date_gmt":"2025-11-10T08:30:55","guid":{"rendered":"https:\/\/dutchmicrodosing.com\/shop\/sin%20categor\u00eda\/estragon-mexicano-tagetes-lucida\/"},"modified":"2025-11-11T13:39:06","modified_gmt":"2025-11-11T12:39:06","slug":"estragon-mexicano-tagetes-lucida","status":"publish","type":"product","link":"https:\/\/dutchmicrodosing.com\/es\/hierbas-botanicas\/hierbas-de-suenos\/estragon-mexicano-tagetes-lucida\/","title":{"rendered":"Estrag\u00f3n mexicano &#8211; Tagetes lucida"},"content":{"rendered":"<p><strong>El estrag\u00f3n mexicano &#8211; Tagetes lucida<\/strong> es una hierba arom\u00e1tica de M\u00e9xico con un sabor refinado y dulce a an\u00eds. Durante siglos, se ha utilizado tanto en creaciones culinarias como en rituales. Ya sea que prepares una taza de t\u00e9 de hierbas fragante o le des a un plato ese toque extra, esta hierba siempre agrega algo especial.<\/p>\n<h3>Caracter\u00edsticas<\/h3>\n<p>El estrag\u00f3n mexicano proviene de la regi\u00f3n monta\u00f1osa de la Sierra Madre y se reconoce por sus flores amarillas y su aroma fresco. En la cocina, es una alternativa sorprendente al estrag\u00f3n, con un sabor m\u00e1s suave. Gracias a su ligero toque de an\u00eds, combina perfectamente con pescado, verduras o en un t\u00e9 de hierbas relajante, por ejemplo. La combinaci\u00f3n de sabor, tradici\u00f3n y aroma hace que esta hierba sea \u00fanica.<\/p>\n<h3>Ingredientes y\/o composici\u00f3n<\/h3>\n<p>100% Tagetes lucida seca (estrag\u00f3n mexicano).<\/p>\n<h3>Utilice<\/h3>\n<p>Utilice aproximadamente 1 cucharada de la hierba por taza. D\u00e9jelo reposar durante unos 10 minutos en agua caliente, cu\u00e9lelo y b\u00e9balo caliente. En los platos, puede agregar peque\u00f1as cantidades para obtener un sutil sabor a an\u00eds, especialmente delicioso en recetas ligeras y frescas.<\/p>\n<h4>T\u00e9 para antes de dormir para despertar sue\u00f1os:<\/h4>\n<p>Prepara una taza de t\u00e9 de hierbas relajante con estrag\u00f3n mexicano:<\/p>\n<ul>\n<li>Utilice 1 cucharada de la hierba seca<\/li>\n<li>D\u00e9jelo reposar durante 10 minutos en agua caliente (no hirviendo)<\/li>\n<li>Cuele y beba el t\u00e9 aproximadamente media hora antes de acostarse<\/li>\n<\/ul>\n<p>El suave sabor a an\u00eds y el aroma c\u00e1lido hacen de este un buen momento para relajarse y mirar hacia adentro.<\/p>\n<h3>Contenido<\/h3>\n<p>20 gramos de Tagetes lucida seca, envasada en una bolsa resellable.<\/p>\n<h3>Descargo de responsabilidad<\/h3>\n<p><em>El contenido de este texto es meramente informativo y no sustituye al asesoramiento profesional. Este producto no es un medicamento y no est\u00e1 destinado a diagnosticar, tratar o curar ninguna afecci\u00f3n m\u00e9dica.  <\/em><\/p>\n","protected":false},"excerpt":{"rendered":"<p>El estrag\u00f3n mexicano &#8211; Tagetes lucida es una hierba arom\u00e1tica de M\u00e9xico con un sabor refinado y dulce a an\u00eds. Durante siglos, se ha utilizado tanto en creaciones culinarias como en rituales. Ya sea que prepares una taza de t\u00e9 de hierbas fragante o le des a un plato ese toque extra, esta hierba siempre [&hellip;]<\/p>\n","protected":false},"featured_media":61344,"comment_status":"closed","ping_status":"closed","template":"","meta":[],"product_brand":[],"product_cat":[647,303],"product_tag":[],"class_list":{"0":"post-61342","1":"product","2":"type-product","3":"status-publish","4":"has-post-thumbnail","6":"product_cat-hierbas-de-suenos","7":"product_cat-suplementos-relaxt","9":"first","10":"instock","11":"taxable","12":"shipping-taxable","13":"purchasable","14":"product-type-simple"},"yoast_head":"<!-- This site is optimized with the Yoast SEO Premium plugin v26.4 (Yoast SEO v27.4) - https:\/\/yoast.com\/product\/yoast-seo-premium-wordpress\/ -->\n<title>Estrag\u00f3n mexicano - Tagetes lucida - Dutchmicrodosing<\/title>\n<meta name=\"description\" content=\"Descubre el estrag\u00f3n mexicano: una hierba con un sabor dulce a an\u00eds y una rica tradici\u00f3n mexicana. Perfecto para t\u00e9 o en la cocina. 100% natural, 20 gramos.\" \/>\n<meta name=\"robots\" content=\"index, follow, max-snippet:-1, max-image-preview:large, max-video-preview:-1\" \/>\n<link rel=\"canonical\" href=\"https:\/\/dutchmicrodosing.com\/es\/hierbas-botanicas\/hierbas-de-suenos\/estragon-mexicano-tagetes-lucida\/\" \/>\n<meta property=\"og:locale\" content=\"es_ES\" \/>\n<meta property=\"og:type\" content=\"article\" \/>\n<meta property=\"og:title\" content=\"Estrag\u00f3n mexicano - Tagetes lucida\" \/>\n<meta property=\"og:description\" content=\"El estrag\u00f3n mexicano - Tagetes lucida es una hierba arom\u00e1tica de M\u00e9xico con un sabor refinado y dulce a an\u00eds. Durante siglos, se ha utilizado tanto en\" \/>\n<meta property=\"og:url\" content=\"https:\/\/dutchmicrodosing.com\/es\/hierbas-botanicas\/hierbas-de-suenos\/estragon-mexicano-tagetes-lucida\/\" \/>\n<meta property=\"og:site_name\" content=\"Dutchmicrodosing\" \/>\n<meta property=\"article:publisher\" content=\"https:\/\/www.facebook.com\/Dutchmicrodosingxp\/\" \/>\n<meta property=\"article:modified_time\" content=\"2025-11-11T12:39:06+00:00\" \/>\n<meta property=\"og:image\" content=\"https:\/\/dutchmicrodosing.com\/wp-content\/uploads\/2025\/11\/mexican-tarragon-1.jpg\" \/>\n\t<meta property=\"og:image:width\" content=\"1468\" \/>\n\t<meta property=\"og:image:height\" content=\"1807\" \/>\n\t<meta property=\"og:image:type\" content=\"image\/jpeg\" \/>\n<meta name=\"twitter:card\" content=\"summary_large_image\" \/>\n<script type=\"application\/ld+json\" class=\"yoast-schema-graph\">{\"@context\":\"https:\\\/\\\/schema.org\",\"@graph\":[{\"@type\":\"WebPage\",\"@id\":\"https:\\\/\\\/dutchmicrodosing.com\\\/es\\\/hierbas-botanicas\\\/hierbas-de-suenos\\\/estragon-mexicano-tagetes-lucida\\\/\",\"url\":\"https:\\\/\\\/dutchmicrodosing.com\\\/es\\\/hierbas-botanicas\\\/hierbas-de-suenos\\\/estragon-mexicano-tagetes-lucida\\\/\",\"name\":\"Estrag\u00f3n mexicano - Tagetes lucida - Dutchmicrodosing\",\"isPartOf\":{\"@id\":\"https:\\\/\\\/dutchmicrodosing.com\\\/es\\\/#website\"},\"primaryImageOfPage\":{\"@id\":\"https:\\\/\\\/dutchmicrodosing.com\\\/es\\\/hierbas-botanicas\\\/hierbas-de-suenos\\\/estragon-mexicano-tagetes-lucida\\\/#primaryimage\"},\"image\":{\"@id\":\"https:\\\/\\\/dutchmicrodosing.com\\\/es\\\/hierbas-botanicas\\\/hierbas-de-suenos\\\/estragon-mexicano-tagetes-lucida\\\/#primaryimage\"},\"thumbnailUrl\":\"https:\\\/\\\/dutchmicrodosing.com\\\/wp-content\\\/uploads\\\/2025\\\/11\\\/mexican-tarragon-1.jpg\",\"datePublished\":\"2025-11-10T08:30:55+00:00\",\"dateModified\":\"2025-11-11T12:39:06+00:00\",\"description\":\"Descubre el estrag\u00f3n mexicano: una hierba con un sabor dulce a an\u00eds y una rica tradici\u00f3n mexicana. Perfecto para t\u00e9 o en la cocina. 100% natural, 20 gramos.\",\"breadcrumb\":{\"@id\":\"https:\\\/\\\/dutchmicrodosing.com\\\/es\\\/hierbas-botanicas\\\/hierbas-de-suenos\\\/estragon-mexicano-tagetes-lucida\\\/#breadcrumb\"},\"inLanguage\":\"es\",\"potentialAction\":[{\"@type\":\"ReadAction\",\"target\":[\"https:\\\/\\\/dutchmicrodosing.com\\\/es\\\/hierbas-botanicas\\\/hierbas-de-suenos\\\/estragon-mexicano-tagetes-lucida\\\/\"]}]},{\"@type\":\"ImageObject\",\"inLanguage\":\"es\",\"@id\":\"https:\\\/\\\/dutchmicrodosing.com\\\/es\\\/hierbas-botanicas\\\/hierbas-de-suenos\\\/estragon-mexicano-tagetes-lucida\\\/#primaryimage\",\"url\":\"https:\\\/\\\/dutchmicrodosing.com\\\/wp-content\\\/uploads\\\/2025\\\/11\\\/mexican-tarragon-1.jpg\",\"contentUrl\":\"https:\\\/\\\/dutchmicrodosing.com\\\/wp-content\\\/uploads\\\/2025\\\/11\\\/mexican-tarragon-1.jpg\",\"width\":1468,\"height\":1807},{\"@type\":\"BreadcrumbList\",\"@id\":\"https:\\\/\\\/dutchmicrodosing.com\\\/es\\\/hierbas-botanicas\\\/hierbas-de-suenos\\\/estragon-mexicano-tagetes-lucida\\\/#breadcrumb\",\"itemListElement\":[{\"@type\":\"ListItem\",\"position\":1,\"name\":\"Home\",\"item\":\"https:\\\/\\\/dutchmicrodosing.com\\\/es\\\/\"},{\"@type\":\"ListItem\",\"position\":2,\"name\":\"Tienda\",\"item\":\"https:\\\/\\\/dutchmicrodosing.com\\\/es\\\/tienda\\\/\"},{\"@type\":\"ListItem\",\"position\":3,\"name\":\"Estrag\u00f3n mexicano &#8211; Tagetes lucida\"}]},{\"@type\":\"WebSite\",\"@id\":\"https:\\\/\\\/dutchmicrodosing.com\\\/es\\\/#website\",\"url\":\"https:\\\/\\\/dutchmicrodosing.com\\\/es\\\/\",\"name\":\"Dutchmicrodosing\",\"description\":\"\",\"publisher\":{\"@id\":\"https:\\\/\\\/dutchmicrodosing.com\\\/es\\\/#organization\"},\"potentialAction\":[{\"@type\":\"SearchAction\",\"target\":{\"@type\":\"EntryPoint\",\"urlTemplate\":\"https:\\\/\\\/dutchmicrodosing.com\\\/es\\\/?s={search_term_string}\"},\"query-input\":{\"@type\":\"PropertyValueSpecification\",\"valueRequired\":true,\"valueName\":\"search_term_string\"}}],\"inLanguage\":\"es\"},{\"@type\":\"Organization\",\"@id\":\"https:\\\/\\\/dutchmicrodosing.com\\\/es\\\/#organization\",\"name\":\"Dutchmicrodosing\",\"url\":\"https:\\\/\\\/dutchmicrodosing.com\\\/es\\\/\",\"logo\":{\"@type\":\"ImageObject\",\"inLanguage\":\"es\",\"@id\":\"https:\\\/\\\/dutchmicrodosing.com\\\/es\\\/#\\\/schema\\\/logo\\\/image\\\/\",\"url\":\"https:\\\/\\\/dutchmicrodosing.com\\\/wp-content\\\/uploads\\\/2021\\\/01\\\/microdosing-categorie-pic-nieuw.jpg\",\"contentUrl\":\"https:\\\/\\\/dutchmicrodosing.com\\\/wp-content\\\/uploads\\\/2021\\\/01\\\/microdosing-categorie-pic-nieuw.jpg\",\"width\":500,\"height\":500,\"caption\":\"Dutchmicrodosing\"},\"image\":{\"@id\":\"https:\\\/\\\/dutchmicrodosing.com\\\/es\\\/#\\\/schema\\\/logo\\\/image\\\/\"},\"sameAs\":[\"https:\\\/\\\/www.facebook.com\\\/Dutchmicrodosingxp\\\/\",\"https:\\\/\\\/www.instagram.com\\\/dutchmicrodosing\\\/\"]}]}<\/script>\n<meta property=\"product:price:amount\" content=\"6.95\" \/>\n<meta property=\"product:price:currency\" content=\"EUR\" \/>\n<meta property=\"og:availability\" content=\"instock\" \/>\n<meta property=\"product:availability\" content=\"instock\" \/>\n<meta property=\"product:retailer_item_id\" content=\"5211869\" \/>\n<meta property=\"product:condition\" content=\"new\" \/>\n<!-- \/ Yoast SEO Premium plugin. -->","yoast_head_json":{"title":"Estrag\u00f3n mexicano - Tagetes lucida - Dutchmicrodosing","description":"Descubre el estrag\u00f3n mexicano: una hierba con un sabor dulce a an\u00eds y una rica tradici\u00f3n mexicana. Perfecto para t\u00e9 o en la cocina. 100% natural, 20 gramos.","robots":{"index":"index","follow":"follow","max-snippet":"max-snippet:-1","max-image-preview":"max-image-preview:large","max-video-preview":"max-video-preview:-1"},"canonical":"https:\/\/dutchmicrodosing.com\/es\/hierbas-botanicas\/hierbas-de-suenos\/estragon-mexicano-tagetes-lucida\/","og_locale":"es_ES","og_type":"article","og_title":"Estrag\u00f3n mexicano - Tagetes lucida","og_description":"El estrag\u00f3n mexicano - Tagetes lucida es una hierba arom\u00e1tica de M\u00e9xico con un sabor refinado y dulce a an\u00eds. Durante siglos, se ha utilizado tanto en","og_url":"https:\/\/dutchmicrodosing.com\/es\/hierbas-botanicas\/hierbas-de-suenos\/estragon-mexicano-tagetes-lucida\/","og_site_name":"Dutchmicrodosing","article_publisher":"https:\/\/www.facebook.com\/Dutchmicrodosingxp\/","article_modified_time":"2025-11-11T12:39:06+00:00","og_image":[{"width":1468,"height":1807,"url":"https:\/\/dutchmicrodosing.com\/wp-content\/uploads\/2025\/11\/mexican-tarragon-1.jpg","type":"image\/jpeg"}],"twitter_card":"summary_large_image","schema":{"@context":"https:\/\/schema.org","@graph":[{"@type":"WebPage","@id":"https:\/\/dutchmicrodosing.com\/es\/hierbas-botanicas\/hierbas-de-suenos\/estragon-mexicano-tagetes-lucida\/","url":"https:\/\/dutchmicrodosing.com\/es\/hierbas-botanicas\/hierbas-de-suenos\/estragon-mexicano-tagetes-lucida\/","name":"Estrag\u00f3n mexicano - Tagetes lucida - Dutchmicrodosing","isPartOf":{"@id":"https:\/\/dutchmicrodosing.com\/es\/#website"},"primaryImageOfPage":{"@id":"https:\/\/dutchmicrodosing.com\/es\/hierbas-botanicas\/hierbas-de-suenos\/estragon-mexicano-tagetes-lucida\/#primaryimage"},"image":{"@id":"https:\/\/dutchmicrodosing.com\/es\/hierbas-botanicas\/hierbas-de-suenos\/estragon-mexicano-tagetes-lucida\/#primaryimage"},"thumbnailUrl":"https:\/\/dutchmicrodosing.com\/wp-content\/uploads\/2025\/11\/mexican-tarragon-1.jpg","datePublished":"2025-11-10T08:30:55+00:00","dateModified":"2025-11-11T12:39:06+00:00","description":"Descubre el estrag\u00f3n mexicano: una hierba con un sabor dulce a an\u00eds y una rica tradici\u00f3n mexicana. Perfecto para t\u00e9 o en la cocina. 100% natural, 20 gramos.","breadcrumb":{"@id":"https:\/\/dutchmicrodosing.com\/es\/hierbas-botanicas\/hierbas-de-suenos\/estragon-mexicano-tagetes-lucida\/#breadcrumb"},"inLanguage":"es","potentialAction":[{"@type":"ReadAction","target":["https:\/\/dutchmicrodosing.com\/es\/hierbas-botanicas\/hierbas-de-suenos\/estragon-mexicano-tagetes-lucida\/"]}]},{"@type":"ImageObject","inLanguage":"es","@id":"https:\/\/dutchmicrodosing.com\/es\/hierbas-botanicas\/hierbas-de-suenos\/estragon-mexicano-tagetes-lucida\/#primaryimage","url":"https:\/\/dutchmicrodosing.com\/wp-content\/uploads\/2025\/11\/mexican-tarragon-1.jpg","contentUrl":"https:\/\/dutchmicrodosing.com\/wp-content\/uploads\/2025\/11\/mexican-tarragon-1.jpg","width":1468,"height":1807},{"@type":"BreadcrumbList","@id":"https:\/\/dutchmicrodosing.com\/es\/hierbas-botanicas\/hierbas-de-suenos\/estragon-mexicano-tagetes-lucida\/#breadcrumb","itemListElement":[{"@type":"ListItem","position":1,"name":"Home","item":"https:\/\/dutchmicrodosing.com\/es\/"},{"@type":"ListItem","position":2,"name":"Tienda","item":"https:\/\/dutchmicrodosing.com\/es\/tienda\/"},{"@type":"ListItem","position":3,"name":"Estrag\u00f3n mexicano &#8211; Tagetes lucida"}]},{"@type":"WebSite","@id":"https:\/\/dutchmicrodosing.com\/es\/#website","url":"https:\/\/dutchmicrodosing.com\/es\/","name":"Dutchmicrodosing","description":"","publisher":{"@id":"https:\/\/dutchmicrodosing.com\/es\/#organization"},"potentialAction":[{"@type":"SearchAction","target":{"@type":"EntryPoint","urlTemplate":"https:\/\/dutchmicrodosing.com\/es\/?s={search_term_string}"},"query-input":{"@type":"PropertyValueSpecification","valueRequired":true,"valueName":"search_term_string"}}],"inLanguage":"es"},{"@type":"Organization","@id":"https:\/\/dutchmicrodosing.com\/es\/#organization","name":"Dutchmicrodosing","url":"https:\/\/dutchmicrodosing.com\/es\/","logo":{"@type":"ImageObject","inLanguage":"es","@id":"https:\/\/dutchmicrodosing.com\/es\/#\/schema\/logo\/image\/","url":"https:\/\/dutchmicrodosing.com\/wp-content\/uploads\/2021\/01\/microdosing-categorie-pic-nieuw.jpg","contentUrl":"https:\/\/dutchmicrodosing.com\/wp-content\/uploads\/2021\/01\/microdosing-categorie-pic-nieuw.jpg","width":500,"height":500,"caption":"Dutchmicrodosing"},"image":{"@id":"https:\/\/dutchmicrodosing.com\/es\/#\/schema\/logo\/image\/"},"sameAs":["https:\/\/www.facebook.com\/Dutchmicrodosingxp\/","https:\/\/www.instagram.com\/dutchmicrodosing\/"]}]},"product_price_amount":"6.95","product_price_currency":"EUR","og_availability":"instock","product_availability":"instock","product_retailer_item_id":"5211869","product_condition":"new"},"_links":{"self":[{"href":"https:\/\/dutchmicrodosing.com\/es\/wp-json\/wp\/v2\/product\/61342","targetHints":{"allow":["GET"]}}],"collection":[{"href":"https:\/\/dutchmicrodosing.com\/es\/wp-json\/wp\/v2\/product"}],"about":[{"href":"https:\/\/dutchmicrodosing.com\/es\/wp-json\/wp\/v2\/types\/product"}],"replies":[{"embeddable":true,"href":"https:\/\/dutchmicrodosing.com\/es\/wp-json\/wp\/v2\/comments?post=61342"}],"version-history":[{"count":1,"href":"https:\/\/dutchmicrodosing.com\/es\/wp-json\/wp\/v2\/product\/61342\/revisions"}],"predecessor-version":[{"id":61456,"href":"https:\/\/dutchmicrodosing.com\/es\/wp-json\/wp\/v2\/product\/61342\/revisions\/61456"}],"wp:featuredmedia":[{"embeddable":true,"href":"https:\/\/dutchmicrodosing.com\/es\/wp-json\/wp\/v2\/media\/61344"}],"wp:attachment":[{"href":"https:\/\/dutchmicrodosing.com\/es\/wp-json\/wp\/v2\/media?parent=61342"}],"wp:term":[{"taxonomy":"product_brand","embeddable":true,"href":"https:\/\/dutchmicrodosing.com\/es\/wp-json\/wp\/v2\/product_brand?post=61342"},{"taxonomy":"product_cat","embeddable":true,"href":"https:\/\/dutchmicrodosing.com\/es\/wp-json\/wp\/v2\/product_cat?post=61342"},{"taxonomy":"product_tag","embeddable":true,"href":"https:\/\/dutchmicrodosing.com\/es\/wp-json\/wp\/v2\/product_tag?post=61342"}],"curies":[{"name":"wp","href":"https:\/\/api.w.org\/{rel}","templated":true}]}}