{"id":61750,"date":"2025-11-12T10:21:39","date_gmt":"2025-11-12T09:21:39","guid":{"rendered":"https:\/\/dutchmicrodosing.com\/shop\/sin%20categor\u00eda\/synaptolepis-kirkii-uvuma-omhlope\/"},"modified":"2025-11-24T15:32:04","modified_gmt":"2025-11-24T14:32:04","slug":"synaptolepis-kirkii-uvuma-omhlope","status":"publish","type":"product","link":"https:\/\/dutchmicrodosing.com\/es\/hierbas-botanicas\/hierbas-de-suenos\/synaptolepis-kirkii-uvuma-omhlope\/","title":{"rendered":"Synaptolepis Kirkii &#8211; Uvuma omhlope"},"content":{"rendered":"<p><strong>Synaptolepis Kirkii &#8211; Uvuma omhlope<\/strong>, tambi\u00e9n conocida como Kirkii, es una hierba azul verdosa llamativa con ra\u00edces blancas y un lugar especial dentro de la tradici\u00f3n sudafricana. Como parte de las plantas &#8216;Ubaluwa&#8217;, se ha utilizado durante generaciones en rituales espirituales que giran en torno a los sue\u00f1os y la conciencia. Ideal para quienes buscan un a\u00f1adido m\u00edstico a la rutina nocturna o desean profundizar en el viaje nocturno de la mente.<\/p>\n<h3>Caracter\u00edsticas<\/h3>\n<ul>\n<li>Hierba azul verdosa con caracter\u00edsticas ra\u00edces blancas<\/li>\n<li>Procedente de la tradici\u00f3n de los pueblos zul\u00fa y xhosa<\/li>\n<li>Parte de la familia de hierbas &#8216;Ubaluwa&#8217;<\/li>\n<li>Muy utilizada en rituales que se centran en los sue\u00f1os y la intuici\u00f3n<\/li>\n<\/ul>\n<h3>Ingredientes y\/o composici\u00f3n<\/h3>\n<p>100% ra\u00edz de Synaptolepis Kirkii seca.<\/p>\n<h3>Utilice<\/h3>\n<p>Kirkii se utiliza tradicionalmente como parte de un ritual o bebida para so\u00f1ar. Por ejemplo, puedes prepararla como t\u00e9: deja que una peque\u00f1a cantidad (aprox. 0,25 a 0,5 gramos) repose en agua caliente. Es preferible beberlo por la noche, como parte de un momento de relajaci\u00f3n. Empieza siempre con una dosis baja para descubrir c\u00f3mo reacciona tu cuerpo. No recomendado para uso diario.<\/p>\n<h3>Contenido<\/h3>\n<p>3 gramos de ra\u00edz de Synaptolepis Kirkii seca.<\/p>\n<h3>Descargo de responsabilidad<\/h3>\n<p><em>El contenido de este texto es meramente informativo y no sustituye al asesoramiento profesional. Este producto no es un medicamento y no est\u00e1 destinado a diagnosticar, tratar o curar ninguna afecci\u00f3n m\u00e9dica. No recomendado para mujeres embarazadas, mujeres en periodo de lactancia, ni\u00f1os o personas con afecciones m\u00e9dicas sin consultar previamente con un m\u00e9dico.<\/em><\/p>\n","protected":false},"excerpt":{"rendered":"<p>Synaptolepis Kirkii &#8211; Uvuma omhlope, tambi\u00e9n conocida como Kirkii, es una hierba azul verdosa llamativa con ra\u00edces blancas y un lugar especial dentro de la tradici\u00f3n sudafricana. Como parte de las plantas &#8216;Ubaluwa&#8217;, se ha utilizado durante generaciones en rituales espirituales que giran en torno a los sue\u00f1os y la conciencia. Ideal para quienes buscan [&hellip;]<\/p>\n","protected":false},"featured_media":61752,"comment_status":"closed","ping_status":"closed","template":"","meta":[],"product_brand":[],"product_cat":[647],"product_tag":[],"class_list":{"0":"post-61750","1":"product","2":"type-product","3":"status-publish","4":"has-post-thumbnail","6":"product_cat-hierbas-de-suenos","8":"first","9":"instock","10":"taxable","11":"shipping-taxable","12":"purchasable","13":"product-type-simple"},"yoast_head":"<!-- This site is optimized with the Yoast SEO Premium plugin v26.4 (Yoast SEO v27.2) - https:\/\/yoast.com\/product\/yoast-seo-premium-wordpress\/ -->\n<title>Synaptolepis Kirkii - Uvuma omhlope - Dutchmicrodosing<\/title>\n<meta name=\"description\" content=\"Hierba de los sue\u00f1os sudafricana tradicional Synaptolepis Kirkii (Kirkii) \u2013 ideal para rituales espirituales y un a\u00f1adido m\u00edstico a tu rutina nocturna...\" \/>\n<meta name=\"robots\" content=\"index, follow, max-snippet:-1, max-image-preview:large, max-video-preview:-1\" \/>\n<link rel=\"canonical\" href=\"https:\/\/dutchmicrodosing.com\/es\/hierbas-botanicas\/hierbas-de-suenos\/synaptolepis-kirkii-uvuma-omhlope\/\" \/>\n<meta property=\"og:locale\" content=\"es_ES\" \/>\n<meta property=\"og:type\" content=\"article\" \/>\n<meta property=\"og:title\" content=\"Synaptolepis Kirkii - Uvuma omhlope\" \/>\n<meta property=\"og:description\" content=\"Synaptolepis Kirkii - Uvuma omhlope, tambi\u00e9n conocida como Kirkii, es una hierba azul verdosa llamativa con ra\u00edces blancas y un lugar especial dentro de\" \/>\n<meta property=\"og:url\" content=\"https:\/\/dutchmicrodosing.com\/es\/hierbas-botanicas\/hierbas-de-suenos\/synaptolepis-kirkii-uvuma-omhlope\/\" \/>\n<meta property=\"og:site_name\" content=\"Dutchmicrodosing\" \/>\n<meta property=\"article:publisher\" content=\"https:\/\/www.facebook.com\/Dutchmicrodosingxp\/\" \/>\n<meta property=\"article:modified_time\" content=\"2025-11-24T14:32:04+00:00\" \/>\n<meta property=\"og:image\" content=\"https:\/\/dutchmicrodosing.com\/wp-content\/uploads\/2025\/11\/kirkii-synaptolepis-uvuma-omhlope-1.png\" \/>\n\t<meta property=\"og:image:width\" content=\"420\" \/>\n\t<meta property=\"og:image:height\" content=\"638\" \/>\n\t<meta property=\"og:image:type\" content=\"image\/png\" \/>\n<meta name=\"twitter:card\" content=\"summary_large_image\" \/>\n<script type=\"application\/ld+json\" class=\"yoast-schema-graph\">{\"@context\":\"https:\/\/schema.org\",\"@graph\":[{\"@type\":\"WebPage\",\"@id\":\"https:\/\/dutchmicrodosing.com\/es\/hierbas-botanicas\/hierbas-de-suenos\/synaptolepis-kirkii-uvuma-omhlope\/\",\"url\":\"https:\/\/dutchmicrodosing.com\/es\/hierbas-botanicas\/hierbas-de-suenos\/synaptolepis-kirkii-uvuma-omhlope\/\",\"name\":\"Synaptolepis Kirkii - Uvuma omhlope - Dutchmicrodosing\",\"isPartOf\":{\"@id\":\"https:\/\/dutchmicrodosing.com\/es\/#website\"},\"primaryImageOfPage\":{\"@id\":\"https:\/\/dutchmicrodosing.com\/es\/hierbas-botanicas\/hierbas-de-suenos\/synaptolepis-kirkii-uvuma-omhlope\/#primaryimage\"},\"image\":{\"@id\":\"https:\/\/dutchmicrodosing.com\/es\/hierbas-botanicas\/hierbas-de-suenos\/synaptolepis-kirkii-uvuma-omhlope\/#primaryimage\"},\"thumbnailUrl\":\"https:\/\/dutchmicrodosing.com\/wp-content\/uploads\/2025\/11\/kirkii-synaptolepis-uvuma-omhlope-1.png\",\"datePublished\":\"2025-11-12T09:21:39+00:00\",\"dateModified\":\"2025-11-24T14:32:04+00:00\",\"description\":\"Hierba de los sue\u00f1os sudafricana tradicional Synaptolepis Kirkii (Kirkii) \u2013 ideal para rituales espirituales y un a\u00f1adido m\u00edstico a tu rutina nocturna...\",\"breadcrumb\":{\"@id\":\"https:\/\/dutchmicrodosing.com\/es\/hierbas-botanicas\/hierbas-de-suenos\/synaptolepis-kirkii-uvuma-omhlope\/#breadcrumb\"},\"inLanguage\":\"es\",\"potentialAction\":[{\"@type\":\"ReadAction\",\"target\":[\"https:\/\/dutchmicrodosing.com\/es\/hierbas-botanicas\/hierbas-de-suenos\/synaptolepis-kirkii-uvuma-omhlope\/\"]}]},{\"@type\":\"ImageObject\",\"inLanguage\":\"es\",\"@id\":\"https:\/\/dutchmicrodosing.com\/es\/hierbas-botanicas\/hierbas-de-suenos\/synaptolepis-kirkii-uvuma-omhlope\/#primaryimage\",\"url\":\"https:\/\/dutchmicrodosing.com\/wp-content\/uploads\/2025\/11\/kirkii-synaptolepis-uvuma-omhlope-1.png\",\"contentUrl\":\"https:\/\/dutchmicrodosing.com\/wp-content\/uploads\/2025\/11\/kirkii-synaptolepis-uvuma-omhlope-1.png\",\"width\":420,\"height\":638},{\"@type\":\"BreadcrumbList\",\"@id\":\"https:\/\/dutchmicrodosing.com\/es\/hierbas-botanicas\/hierbas-de-suenos\/synaptolepis-kirkii-uvuma-omhlope\/#breadcrumb\",\"itemListElement\":[{\"@type\":\"ListItem\",\"position\":1,\"name\":\"Home\",\"item\":\"https:\/\/dutchmicrodosing.com\/es\/\"},{\"@type\":\"ListItem\",\"position\":2,\"name\":\"Tienda\",\"item\":\"https:\/\/dutchmicrodosing.com\/es\/tienda\/\"},{\"@type\":\"ListItem\",\"position\":3,\"name\":\"Synaptolepis Kirkii &#8211; Uvuma omhlope\"}]},{\"@type\":\"WebSite\",\"@id\":\"https:\/\/dutchmicrodosing.com\/es\/#website\",\"url\":\"https:\/\/dutchmicrodosing.com\/es\/\",\"name\":\"Dutchmicrodosing\",\"description\":\"\",\"publisher\":{\"@id\":\"https:\/\/dutchmicrodosing.com\/es\/#organization\"},\"potentialAction\":[{\"@type\":\"SearchAction\",\"target\":{\"@type\":\"EntryPoint\",\"urlTemplate\":\"https:\/\/dutchmicrodosing.com\/es\/?s={search_term_string}\"},\"query-input\":{\"@type\":\"PropertyValueSpecification\",\"valueRequired\":true,\"valueName\":\"search_term_string\"}}],\"inLanguage\":\"es\"},{\"@type\":\"Organization\",\"@id\":\"https:\/\/dutchmicrodosing.com\/es\/#organization\",\"name\":\"Dutchmicrodosing\",\"url\":\"https:\/\/dutchmicrodosing.com\/es\/\",\"logo\":{\"@type\":\"ImageObject\",\"inLanguage\":\"es\",\"@id\":\"https:\/\/dutchmicrodosing.com\/es\/#\/schema\/logo\/image\/\",\"url\":\"https:\/\/dutchmicrodosing.com\/wp-content\/uploads\/2021\/01\/microdosing-categorie-pic-nieuw.jpg\",\"contentUrl\":\"https:\/\/dutchmicrodosing.com\/wp-content\/uploads\/2021\/01\/microdosing-categorie-pic-nieuw.jpg\",\"width\":500,\"height\":500,\"caption\":\"Dutchmicrodosing\"},\"image\":{\"@id\":\"https:\/\/dutchmicrodosing.com\/es\/#\/schema\/logo\/image\/\"},\"sameAs\":[\"https:\/\/www.facebook.com\/Dutchmicrodosingxp\/\",\"https:\/\/www.instagram.com\/dutchmicrodosing\/\"]}]}<\/script>\n<meta property=\"product:price:amount\" content=\"6.95\" \/>\n<meta property=\"product:price:currency\" content=\"EUR\" \/>\n<meta property=\"og:availability\" content=\"instock\" \/>\n<meta property=\"product:availability\" content=\"instock\" \/>\n<meta property=\"product:retailer_item_id\" content=\"5211733\" \/>\n<meta property=\"product:condition\" content=\"new\" \/>\n<!-- \/ Yoast SEO Premium plugin. -->","yoast_head_json":{"title":"Synaptolepis Kirkii - Uvuma omhlope - Dutchmicrodosing","description":"Hierba de los sue\u00f1os sudafricana tradicional Synaptolepis Kirkii (Kirkii) \u2013 ideal para rituales espirituales y un a\u00f1adido m\u00edstico a tu rutina nocturna...","robots":{"index":"index","follow":"follow","max-snippet":"max-snippet:-1","max-image-preview":"max-image-preview:large","max-video-preview":"max-video-preview:-1"},"canonical":"https:\/\/dutchmicrodosing.com\/es\/hierbas-botanicas\/hierbas-de-suenos\/synaptolepis-kirkii-uvuma-omhlope\/","og_locale":"es_ES","og_type":"article","og_title":"Synaptolepis Kirkii - Uvuma omhlope","og_description":"Synaptolepis Kirkii - Uvuma omhlope, tambi\u00e9n conocida como Kirkii, es una hierba azul verdosa llamativa con ra\u00edces blancas y un lugar especial dentro de","og_url":"https:\/\/dutchmicrodosing.com\/es\/hierbas-botanicas\/hierbas-de-suenos\/synaptolepis-kirkii-uvuma-omhlope\/","og_site_name":"Dutchmicrodosing","article_publisher":"https:\/\/www.facebook.com\/Dutchmicrodosingxp\/","article_modified_time":"2025-11-24T14:32:04+00:00","og_image":[{"width":420,"height":638,"url":"https:\/\/dutchmicrodosing.com\/wp-content\/uploads\/2025\/11\/kirkii-synaptolepis-uvuma-omhlope-1.png","type":"image\/png"}],"twitter_card":"summary_large_image","schema":{"@context":"https:\/\/schema.org","@graph":[{"@type":"WebPage","@id":"https:\/\/dutchmicrodosing.com\/es\/hierbas-botanicas\/hierbas-de-suenos\/synaptolepis-kirkii-uvuma-omhlope\/","url":"https:\/\/dutchmicrodosing.com\/es\/hierbas-botanicas\/hierbas-de-suenos\/synaptolepis-kirkii-uvuma-omhlope\/","name":"Synaptolepis Kirkii - Uvuma omhlope - Dutchmicrodosing","isPartOf":{"@id":"https:\/\/dutchmicrodosing.com\/es\/#website"},"primaryImageOfPage":{"@id":"https:\/\/dutchmicrodosing.com\/es\/hierbas-botanicas\/hierbas-de-suenos\/synaptolepis-kirkii-uvuma-omhlope\/#primaryimage"},"image":{"@id":"https:\/\/dutchmicrodosing.com\/es\/hierbas-botanicas\/hierbas-de-suenos\/synaptolepis-kirkii-uvuma-omhlope\/#primaryimage"},"thumbnailUrl":"https:\/\/dutchmicrodosing.com\/wp-content\/uploads\/2025\/11\/kirkii-synaptolepis-uvuma-omhlope-1.png","datePublished":"2025-11-12T09:21:39+00:00","dateModified":"2025-11-24T14:32:04+00:00","description":"Hierba de los sue\u00f1os sudafricana tradicional Synaptolepis Kirkii (Kirkii) \u2013 ideal para rituales espirituales y un a\u00f1adido m\u00edstico a tu rutina nocturna...","breadcrumb":{"@id":"https:\/\/dutchmicrodosing.com\/es\/hierbas-botanicas\/hierbas-de-suenos\/synaptolepis-kirkii-uvuma-omhlope\/#breadcrumb"},"inLanguage":"es","potentialAction":[{"@type":"ReadAction","target":["https:\/\/dutchmicrodosing.com\/es\/hierbas-botanicas\/hierbas-de-suenos\/synaptolepis-kirkii-uvuma-omhlope\/"]}]},{"@type":"ImageObject","inLanguage":"es","@id":"https:\/\/dutchmicrodosing.com\/es\/hierbas-botanicas\/hierbas-de-suenos\/synaptolepis-kirkii-uvuma-omhlope\/#primaryimage","url":"https:\/\/dutchmicrodosing.com\/wp-content\/uploads\/2025\/11\/kirkii-synaptolepis-uvuma-omhlope-1.png","contentUrl":"https:\/\/dutchmicrodosing.com\/wp-content\/uploads\/2025\/11\/kirkii-synaptolepis-uvuma-omhlope-1.png","width":420,"height":638},{"@type":"BreadcrumbList","@id":"https:\/\/dutchmicrodosing.com\/es\/hierbas-botanicas\/hierbas-de-suenos\/synaptolepis-kirkii-uvuma-omhlope\/#breadcrumb","itemListElement":[{"@type":"ListItem","position":1,"name":"Home","item":"https:\/\/dutchmicrodosing.com\/es\/"},{"@type":"ListItem","position":2,"name":"Tienda","item":"https:\/\/dutchmicrodosing.com\/es\/tienda\/"},{"@type":"ListItem","position":3,"name":"Synaptolepis Kirkii &#8211; Uvuma omhlope"}]},{"@type":"WebSite","@id":"https:\/\/dutchmicrodosing.com\/es\/#website","url":"https:\/\/dutchmicrodosing.com\/es\/","name":"Dutchmicrodosing","description":"","publisher":{"@id":"https:\/\/dutchmicrodosing.com\/es\/#organization"},"potentialAction":[{"@type":"SearchAction","target":{"@type":"EntryPoint","urlTemplate":"https:\/\/dutchmicrodosing.com\/es\/?s={search_term_string}"},"query-input":{"@type":"PropertyValueSpecification","valueRequired":true,"valueName":"search_term_string"}}],"inLanguage":"es"},{"@type":"Organization","@id":"https:\/\/dutchmicrodosing.com\/es\/#organization","name":"Dutchmicrodosing","url":"https:\/\/dutchmicrodosing.com\/es\/","logo":{"@type":"ImageObject","inLanguage":"es","@id":"https:\/\/dutchmicrodosing.com\/es\/#\/schema\/logo\/image\/","url":"https:\/\/dutchmicrodosing.com\/wp-content\/uploads\/2021\/01\/microdosing-categorie-pic-nieuw.jpg","contentUrl":"https:\/\/dutchmicrodosing.com\/wp-content\/uploads\/2021\/01\/microdosing-categorie-pic-nieuw.jpg","width":500,"height":500,"caption":"Dutchmicrodosing"},"image":{"@id":"https:\/\/dutchmicrodosing.com\/es\/#\/schema\/logo\/image\/"},"sameAs":["https:\/\/www.facebook.com\/Dutchmicrodosingxp\/","https:\/\/www.instagram.com\/dutchmicrodosing\/"]}]},"product_price_amount":"6.95","product_price_currency":"EUR","og_availability":"instock","product_availability":"instock","product_retailer_item_id":"5211733","product_condition":"new"},"_links":{"self":[{"href":"https:\/\/dutchmicrodosing.com\/es\/wp-json\/wp\/v2\/product\/61750","targetHints":{"allow":["GET"]}}],"collection":[{"href":"https:\/\/dutchmicrodosing.com\/es\/wp-json\/wp\/v2\/product"}],"about":[{"href":"https:\/\/dutchmicrodosing.com\/es\/wp-json\/wp\/v2\/types\/product"}],"replies":[{"embeddable":true,"href":"https:\/\/dutchmicrodosing.com\/es\/wp-json\/wp\/v2\/comments?post=61750"}],"version-history":[{"count":1,"href":"https:\/\/dutchmicrodosing.com\/es\/wp-json\/wp\/v2\/product\/61750\/revisions"}],"predecessor-version":[{"id":62724,"href":"https:\/\/dutchmicrodosing.com\/es\/wp-json\/wp\/v2\/product\/61750\/revisions\/62724"}],"wp:featuredmedia":[{"embeddable":true,"href":"https:\/\/dutchmicrodosing.com\/es\/wp-json\/wp\/v2\/media\/61752"}],"wp:attachment":[{"href":"https:\/\/dutchmicrodosing.com\/es\/wp-json\/wp\/v2\/media?parent=61750"}],"wp:term":[{"taxonomy":"product_brand","embeddable":true,"href":"https:\/\/dutchmicrodosing.com\/es\/wp-json\/wp\/v2\/product_brand?post=61750"},{"taxonomy":"product_cat","embeddable":true,"href":"https:\/\/dutchmicrodosing.com\/es\/wp-json\/wp\/v2\/product_cat?post=61750"},{"taxonomy":"product_tag","embeddable":true,"href":"https:\/\/dutchmicrodosing.com\/es\/wp-json\/wp\/v2\/product_tag?post=61750"}],"curies":[{"name":"wp","href":"https:\/\/api.w.org\/{rel}","templated":true}]}}