{"id":61783,"date":"2025-11-12T10:34:51","date_gmt":"2025-11-12T09:34:51","guid":{"rendered":"https:\/\/dutchmicrodosing.com\/shop\/sin%20categor\u00eda\/entada-rheedii-1-semilla\/"},"modified":"2025-11-24T16:36:21","modified_gmt":"2025-11-24T15:36:21","slug":"entada-rheedii-1-semilla","status":"publish","type":"product","link":"https:\/\/dutchmicrodosing.com\/es\/hierbas-botanicas\/hierbas-de-suenos\/entada-rheedii-1-semilla\/","title":{"rendered":"Entada Rheedii 1 Semilla"},"content":{"rendered":"<p>La <strong>Entada Rheedii 1 Semilla<\/strong>, m\u00e1s conocida como Semilla Africana de los Sue\u00f1os, se ha utilizado durante generaciones en rituales tradicionales para profundizar las experiencias on\u00edricas. Con solo una semilla, dar\u00e1s el primer paso hacia un paisaje on\u00edrico m\u00e1s consciente en el que la claridad y el autoconocimiento pueden ser fundamentales.<\/p>\n<h3>Caracter\u00edsticas<\/h3>\n<ul>\n<li>Utilizado tradicionalmente para la exploraci\u00f3n de sue\u00f1os<\/li>\n<li>Puede contribuir a experiencias de sue\u00f1o m\u00e1s intensas y conscientes<\/li>\n<li>Popular en rutinas espirituales y meditativas<\/li>\n<li>Producto natural y puro, sin aditivos<\/li>\n<\/ul>\n<h3>Ingredientes y\/o composici\u00f3n<\/h3>\n<p>Contiene 1 semilla de la planta Entada rheedii, sin te\u00f1ir y sin procesar.<\/p>\n<h3>Utilice<\/h3>\n<p>La semilla generalmente se abre, despu\u00e9s de lo cual se usa el n\u00facleo blanco. Esta parte se puede masticar o procesar en una infusi\u00f3n, seg\u00fan tu preferencia personal. Lo ideal es usarlo justo antes de acostarse y en un ambiente tranquilo.<\/p>\n<p><em>En caso de complicaciones m\u00e9dicas, uso de medicamentos, embarazo o lactancia, consulta a un m\u00e9dico, farmac\u00e9utico o experto antes de usarlo.<\/em><\/p>\n<h3>Contenido<\/h3>\n<p>Entada rheedii \u2013 1 semilla<\/p>\n<h3>Descargo de responsabilidad<\/h3>\n<p><em>El contenido de este texto es meramente informativo y no sustituye al asesoramiento profesional. Este producto no es un medicamento y no est\u00e1 destinado a diagnosticar, tratar o curar ninguna afecci\u00f3n m\u00e9dica. Consulta a un especialista cualquier duda espec\u00edfica sobre el uso de este producto.<\/em><\/p>\n","protected":false},"excerpt":{"rendered":"<p>La Entada Rheedii 1 Semilla, m\u00e1s conocida como Semilla Africana de los Sue\u00f1os, se ha utilizado durante generaciones en rituales tradicionales para profundizar las experiencias on\u00edricas. Con solo una semilla, dar\u00e1s el primer paso hacia un paisaje on\u00edrico m\u00e1s consciente en el que la claridad y el autoconocimiento pueden ser fundamentales. Caracter\u00edsticas Utilizado tradicionalmente para [&hellip;]<\/p>\n","protected":false},"featured_media":61784,"comment_status":"closed","ping_status":"closed","template":"","meta":[],"product_brand":[],"product_cat":[647],"product_tag":[],"class_list":{"0":"post-61783","1":"product","2":"type-product","3":"status-publish","4":"has-post-thumbnail","6":"product_cat-hierbas-de-suenos","8":"first","9":"instock","10":"taxable","11":"shipping-taxable","12":"purchasable","13":"product-type-simple"},"yoast_head":"<!-- This site is optimized with the Yoast SEO Premium plugin v26.4 (Yoast SEO v27.2) - https:\/\/yoast.com\/product\/yoast-seo-premium-wordpress\/ -->\n<title>Dutchmicrodosing Entada Rheedii 1 Semilla<\/title>\n<meta name=\"description\" content=\"Descubre el poder de la Rheedii 1 Semilla, tambi\u00e9n conocida como Semilla Africana de los Sue\u00f1os. Ideal para quienes desean explorar los sue\u00f1os l\u00facidos. Natural, puro y tradicional.\" \/>\n<meta name=\"robots\" content=\"index, follow, max-snippet:-1, max-image-preview:large, max-video-preview:-1\" \/>\n<link rel=\"canonical\" href=\"https:\/\/dutchmicrodosing.com\/es\/hierbas-botanicas\/hierbas-de-suenos\/entada-rheedii-1-semilla\/\" \/>\n<meta property=\"og:locale\" content=\"es_ES\" \/>\n<meta property=\"og:type\" content=\"article\" \/>\n<meta property=\"og:title\" content=\"Entada Rheedii 1 Semilla\" \/>\n<meta property=\"og:description\" content=\"La Entada Rheedii 1 Semilla, m\u00e1s conocida como Semilla Africana de los Sue\u00f1os, se ha utilizado durante generaciones en rituales tradicionales para\" \/>\n<meta property=\"og:url\" content=\"https:\/\/dutchmicrodosing.com\/es\/hierbas-botanicas\/hierbas-de-suenos\/entada-rheedii-1-semilla\/\" \/>\n<meta property=\"og:site_name\" content=\"Dutchmicrodosing\" \/>\n<meta property=\"article:publisher\" content=\"https:\/\/www.facebook.com\/Dutchmicrodosingxp\/\" \/>\n<meta property=\"article:modified_time\" content=\"2025-11-24T15:36:21+00:00\" \/>\n<meta property=\"og:image\" content=\"https:\/\/dutchmicrodosing.com\/wp-content\/uploads\/2025\/11\/african-dream-seed.jpg\" \/>\n\t<meta property=\"og:image:width\" content=\"500\" \/>\n\t<meta property=\"og:image:height\" content=\"500\" \/>\n\t<meta property=\"og:image:type\" content=\"image\/jpeg\" \/>\n<meta name=\"twitter:card\" content=\"summary_large_image\" \/>\n<script type=\"application\/ld+json\" class=\"yoast-schema-graph\">{\"@context\":\"https:\/\/schema.org\",\"@graph\":[{\"@type\":\"WebPage\",\"@id\":\"https:\/\/dutchmicrodosing.com\/es\/hierbas-botanicas\/hierbas-de-suenos\/entada-rheedii-1-semilla\/\",\"url\":\"https:\/\/dutchmicrodosing.com\/es\/hierbas-botanicas\/hierbas-de-suenos\/entada-rheedii-1-semilla\/\",\"name\":\"Dutchmicrodosing Entada Rheedii 1 Semilla\",\"isPartOf\":{\"@id\":\"https:\/\/dutchmicrodosing.com\/es\/#website\"},\"primaryImageOfPage\":{\"@id\":\"https:\/\/dutchmicrodosing.com\/es\/hierbas-botanicas\/hierbas-de-suenos\/entada-rheedii-1-semilla\/#primaryimage\"},\"image\":{\"@id\":\"https:\/\/dutchmicrodosing.com\/es\/hierbas-botanicas\/hierbas-de-suenos\/entada-rheedii-1-semilla\/#primaryimage\"},\"thumbnailUrl\":\"https:\/\/dutchmicrodosing.com\/wp-content\/uploads\/2025\/11\/african-dream-seed.jpg\",\"datePublished\":\"2025-11-12T09:34:51+00:00\",\"dateModified\":\"2025-11-24T15:36:21+00:00\",\"description\":\"Descubre el poder de la Rheedii 1 Semilla, tambi\u00e9n conocida como Semilla Africana de los Sue\u00f1os. Ideal para quienes desean explorar los sue\u00f1os l\u00facidos. Natural, puro y tradicional.\",\"breadcrumb\":{\"@id\":\"https:\/\/dutchmicrodosing.com\/es\/hierbas-botanicas\/hierbas-de-suenos\/entada-rheedii-1-semilla\/#breadcrumb\"},\"inLanguage\":\"es\",\"potentialAction\":[{\"@type\":\"ReadAction\",\"target\":[\"https:\/\/dutchmicrodosing.com\/es\/hierbas-botanicas\/hierbas-de-suenos\/entada-rheedii-1-semilla\/\"]}]},{\"@type\":\"ImageObject\",\"inLanguage\":\"es\",\"@id\":\"https:\/\/dutchmicrodosing.com\/es\/hierbas-botanicas\/hierbas-de-suenos\/entada-rheedii-1-semilla\/#primaryimage\",\"url\":\"https:\/\/dutchmicrodosing.com\/wp-content\/uploads\/2025\/11\/african-dream-seed.jpg\",\"contentUrl\":\"https:\/\/dutchmicrodosing.com\/wp-content\/uploads\/2025\/11\/african-dream-seed.jpg\",\"width\":500,\"height\":500},{\"@type\":\"BreadcrumbList\",\"@id\":\"https:\/\/dutchmicrodosing.com\/es\/hierbas-botanicas\/hierbas-de-suenos\/entada-rheedii-1-semilla\/#breadcrumb\",\"itemListElement\":[{\"@type\":\"ListItem\",\"position\":1,\"name\":\"Home\",\"item\":\"https:\/\/dutchmicrodosing.com\/es\/\"},{\"@type\":\"ListItem\",\"position\":2,\"name\":\"Tienda\",\"item\":\"https:\/\/dutchmicrodosing.com\/es\/tienda\/\"},{\"@type\":\"ListItem\",\"position\":3,\"name\":\"Entada Rheedii 1 Semilla\"}]},{\"@type\":\"WebSite\",\"@id\":\"https:\/\/dutchmicrodosing.com\/es\/#website\",\"url\":\"https:\/\/dutchmicrodosing.com\/es\/\",\"name\":\"Dutchmicrodosing\",\"description\":\"\",\"publisher\":{\"@id\":\"https:\/\/dutchmicrodosing.com\/es\/#organization\"},\"potentialAction\":[{\"@type\":\"SearchAction\",\"target\":{\"@type\":\"EntryPoint\",\"urlTemplate\":\"https:\/\/dutchmicrodosing.com\/es\/?s={search_term_string}\"},\"query-input\":{\"@type\":\"PropertyValueSpecification\",\"valueRequired\":true,\"valueName\":\"search_term_string\"}}],\"inLanguage\":\"es\"},{\"@type\":\"Organization\",\"@id\":\"https:\/\/dutchmicrodosing.com\/es\/#organization\",\"name\":\"Dutchmicrodosing\",\"url\":\"https:\/\/dutchmicrodosing.com\/es\/\",\"logo\":{\"@type\":\"ImageObject\",\"inLanguage\":\"es\",\"@id\":\"https:\/\/dutchmicrodosing.com\/es\/#\/schema\/logo\/image\/\",\"url\":\"https:\/\/dutchmicrodosing.com\/wp-content\/uploads\/2021\/01\/microdosing-categorie-pic-nieuw.jpg\",\"contentUrl\":\"https:\/\/dutchmicrodosing.com\/wp-content\/uploads\/2021\/01\/microdosing-categorie-pic-nieuw.jpg\",\"width\":500,\"height\":500,\"caption\":\"Dutchmicrodosing\"},\"image\":{\"@id\":\"https:\/\/dutchmicrodosing.com\/es\/#\/schema\/logo\/image\/\"},\"sameAs\":[\"https:\/\/www.facebook.com\/Dutchmicrodosingxp\/\",\"https:\/\/www.instagram.com\/dutchmicrodosing\/\"]}]}<\/script>\n<meta property=\"product:price:amount\" content=\"6.95\" \/>\n<meta property=\"product:price:currency\" content=\"EUR\" \/>\n<meta property=\"og:availability\" content=\"instock\" \/>\n<meta property=\"product:availability\" content=\"instock\" \/>\n<meta property=\"product:retailer_item_id\" content=\"5211176\" \/>\n<meta property=\"product:condition\" content=\"new\" \/>\n<!-- \/ Yoast SEO Premium plugin. -->","yoast_head_json":{"title":"Dutchmicrodosing Entada Rheedii 1 Semilla","description":"Descubre el poder de la Rheedii 1 Semilla, tambi\u00e9n conocida como Semilla Africana de los Sue\u00f1os. Ideal para quienes desean explorar los sue\u00f1os l\u00facidos. Natural, puro y tradicional.","robots":{"index":"index","follow":"follow","max-snippet":"max-snippet:-1","max-image-preview":"max-image-preview:large","max-video-preview":"max-video-preview:-1"},"canonical":"https:\/\/dutchmicrodosing.com\/es\/hierbas-botanicas\/hierbas-de-suenos\/entada-rheedii-1-semilla\/","og_locale":"es_ES","og_type":"article","og_title":"Entada Rheedii 1 Semilla","og_description":"La Entada Rheedii 1 Semilla, m\u00e1s conocida como Semilla Africana de los Sue\u00f1os, se ha utilizado durante generaciones en rituales tradicionales para","og_url":"https:\/\/dutchmicrodosing.com\/es\/hierbas-botanicas\/hierbas-de-suenos\/entada-rheedii-1-semilla\/","og_site_name":"Dutchmicrodosing","article_publisher":"https:\/\/www.facebook.com\/Dutchmicrodosingxp\/","article_modified_time":"2025-11-24T15:36:21+00:00","og_image":[{"width":500,"height":500,"url":"https:\/\/dutchmicrodosing.com\/wp-content\/uploads\/2025\/11\/african-dream-seed.jpg","type":"image\/jpeg"}],"twitter_card":"summary_large_image","schema":{"@context":"https:\/\/schema.org","@graph":[{"@type":"WebPage","@id":"https:\/\/dutchmicrodosing.com\/es\/hierbas-botanicas\/hierbas-de-suenos\/entada-rheedii-1-semilla\/","url":"https:\/\/dutchmicrodosing.com\/es\/hierbas-botanicas\/hierbas-de-suenos\/entada-rheedii-1-semilla\/","name":"Dutchmicrodosing Entada Rheedii 1 Semilla","isPartOf":{"@id":"https:\/\/dutchmicrodosing.com\/es\/#website"},"primaryImageOfPage":{"@id":"https:\/\/dutchmicrodosing.com\/es\/hierbas-botanicas\/hierbas-de-suenos\/entada-rheedii-1-semilla\/#primaryimage"},"image":{"@id":"https:\/\/dutchmicrodosing.com\/es\/hierbas-botanicas\/hierbas-de-suenos\/entada-rheedii-1-semilla\/#primaryimage"},"thumbnailUrl":"https:\/\/dutchmicrodosing.com\/wp-content\/uploads\/2025\/11\/african-dream-seed.jpg","datePublished":"2025-11-12T09:34:51+00:00","dateModified":"2025-11-24T15:36:21+00:00","description":"Descubre el poder de la Rheedii 1 Semilla, tambi\u00e9n conocida como Semilla Africana de los Sue\u00f1os. Ideal para quienes desean explorar los sue\u00f1os l\u00facidos. Natural, puro y tradicional.","breadcrumb":{"@id":"https:\/\/dutchmicrodosing.com\/es\/hierbas-botanicas\/hierbas-de-suenos\/entada-rheedii-1-semilla\/#breadcrumb"},"inLanguage":"es","potentialAction":[{"@type":"ReadAction","target":["https:\/\/dutchmicrodosing.com\/es\/hierbas-botanicas\/hierbas-de-suenos\/entada-rheedii-1-semilla\/"]}]},{"@type":"ImageObject","inLanguage":"es","@id":"https:\/\/dutchmicrodosing.com\/es\/hierbas-botanicas\/hierbas-de-suenos\/entada-rheedii-1-semilla\/#primaryimage","url":"https:\/\/dutchmicrodosing.com\/wp-content\/uploads\/2025\/11\/african-dream-seed.jpg","contentUrl":"https:\/\/dutchmicrodosing.com\/wp-content\/uploads\/2025\/11\/african-dream-seed.jpg","width":500,"height":500},{"@type":"BreadcrumbList","@id":"https:\/\/dutchmicrodosing.com\/es\/hierbas-botanicas\/hierbas-de-suenos\/entada-rheedii-1-semilla\/#breadcrumb","itemListElement":[{"@type":"ListItem","position":1,"name":"Home","item":"https:\/\/dutchmicrodosing.com\/es\/"},{"@type":"ListItem","position":2,"name":"Tienda","item":"https:\/\/dutchmicrodosing.com\/es\/tienda\/"},{"@type":"ListItem","position":3,"name":"Entada Rheedii 1 Semilla"}]},{"@type":"WebSite","@id":"https:\/\/dutchmicrodosing.com\/es\/#website","url":"https:\/\/dutchmicrodosing.com\/es\/","name":"Dutchmicrodosing","description":"","publisher":{"@id":"https:\/\/dutchmicrodosing.com\/es\/#organization"},"potentialAction":[{"@type":"SearchAction","target":{"@type":"EntryPoint","urlTemplate":"https:\/\/dutchmicrodosing.com\/es\/?s={search_term_string}"},"query-input":{"@type":"PropertyValueSpecification","valueRequired":true,"valueName":"search_term_string"}}],"inLanguage":"es"},{"@type":"Organization","@id":"https:\/\/dutchmicrodosing.com\/es\/#organization","name":"Dutchmicrodosing","url":"https:\/\/dutchmicrodosing.com\/es\/","logo":{"@type":"ImageObject","inLanguage":"es","@id":"https:\/\/dutchmicrodosing.com\/es\/#\/schema\/logo\/image\/","url":"https:\/\/dutchmicrodosing.com\/wp-content\/uploads\/2021\/01\/microdosing-categorie-pic-nieuw.jpg","contentUrl":"https:\/\/dutchmicrodosing.com\/wp-content\/uploads\/2021\/01\/microdosing-categorie-pic-nieuw.jpg","width":500,"height":500,"caption":"Dutchmicrodosing"},"image":{"@id":"https:\/\/dutchmicrodosing.com\/es\/#\/schema\/logo\/image\/"},"sameAs":["https:\/\/www.facebook.com\/Dutchmicrodosingxp\/","https:\/\/www.instagram.com\/dutchmicrodosing\/"]}]},"product_price_amount":"6.95","product_price_currency":"EUR","og_availability":"instock","product_availability":"instock","product_retailer_item_id":"5211176","product_condition":"new"},"_links":{"self":[{"href":"https:\/\/dutchmicrodosing.com\/es\/wp-json\/wp\/v2\/product\/61783","targetHints":{"allow":["GET"]}}],"collection":[{"href":"https:\/\/dutchmicrodosing.com\/es\/wp-json\/wp\/v2\/product"}],"about":[{"href":"https:\/\/dutchmicrodosing.com\/es\/wp-json\/wp\/v2\/types\/product"}],"replies":[{"embeddable":true,"href":"https:\/\/dutchmicrodosing.com\/es\/wp-json\/wp\/v2\/comments?post=61783"}],"version-history":[{"count":2,"href":"https:\/\/dutchmicrodosing.com\/es\/wp-json\/wp\/v2\/product\/61783\/revisions"}],"predecessor-version":[{"id":62739,"href":"https:\/\/dutchmicrodosing.com\/es\/wp-json\/wp\/v2\/product\/61783\/revisions\/62739"}],"wp:featuredmedia":[{"embeddable":true,"href":"https:\/\/dutchmicrodosing.com\/es\/wp-json\/wp\/v2\/media\/61784"}],"wp:attachment":[{"href":"https:\/\/dutchmicrodosing.com\/es\/wp-json\/wp\/v2\/media?parent=61783"}],"wp:term":[{"taxonomy":"product_brand","embeddable":true,"href":"https:\/\/dutchmicrodosing.com\/es\/wp-json\/wp\/v2\/product_brand?post=61783"},{"taxonomy":"product_cat","embeddable":true,"href":"https:\/\/dutchmicrodosing.com\/es\/wp-json\/wp\/v2\/product_cat?post=61783"},{"taxonomy":"product_tag","embeddable":true,"href":"https:\/\/dutchmicrodosing.com\/es\/wp-json\/wp\/v2\/product_tag?post=61783"}],"curies":[{"name":"wp","href":"https:\/\/api.w.org\/{rel}","templated":true}]}}