{"id":62781,"date":"2025-11-24T16:03:53","date_gmt":"2025-11-24T15:03:53","guid":{"rendered":"https:\/\/dutchmicrodosing.com\/shop\/sin%20categor\u00eda\/vaso-medidor-1-ltr\/"},"modified":"2026-02-03T16:49:17","modified_gmt":"2026-02-03T15:49:17","slug":"vaso-medidor-1-ltr","status":"publish","type":"product","link":"https:\/\/dutchmicrodosing.com\/es\/setas-alucinogenas\/vaso-medidor-1-ltr\/","title":{"rendered":"Vaso medidor &#8211; 1 Ltr"},"content":{"rendered":"<p>El <strong>Vaso medidor &#8211; 1 L<\/strong> es tu ayudante ideal si quieres medir l\u00edquidos con precisi\u00f3n. Ya sea que est\u00e9s en la cocina, en el jard\u00edn o cultivando setas, con este robusto vaso medidor siempre trabajar\u00e1s de manera eficiente. La clara escala y el c\u00f3modo mango lo hacen s\u00faper pr\u00e1ctico de usar.<\/p>\n<h3>Caracter\u00edsticas del vaso medidor &#8211; 1 Ltr<\/h3>\n<ul>\n<li>Capacidad de 1000 ml (1 litro)<\/li>\n<li>Fabricado en polipropileno (PP) transparente y resistente<\/li>\n<li>Equipado con una clara escala graduada cada 50 ml y 100 ml<\/li>\n<li>Mango robusto que tambi\u00e9n funciona bien con las manos mojadas<\/li>\n<li>Pico vertedor que ayuda a evitar derrames<\/li>\n<li>Ligero, apilable y f\u00e1cil de guardar<\/li>\n<\/ul>\n<h3>Ingredientes y\/o composici\u00f3n<\/h3>\n<p>El vaso medidor est\u00e1 hecho de polipropileno (PP) duradero, un pl\u00e1stico resistente que soporta bien el uso intensivo. F\u00e1cil de limpiar y dise\u00f1ado para un uso prolongado.<\/p>\n<h3>Utilice<\/h3>\n<p>Ideal para medir con precisi\u00f3n agua, l\u00edquidos o nutrientes. \u00datil para mezclar suplementos para tu cultivo de setas, pero igual de \u00fatil para cocinar o trabajar en el jard\u00edn. Gracias al agarre ergon\u00f3mico y al pico antigoteo, trabajar\u00e1s de forma limpia y controlada.<\/p>\n<h3>Contenido<\/h3>\n<p>1 litro (1000 ml). Se entrega como un vaso medidor de pl\u00e1stico suelto con una clara escala.<\/p>\n","protected":false},"excerpt":{"rendered":"<p>El Vaso medidor &#8211; 1 L es tu ayudante ideal si quieres medir l\u00edquidos con precisi\u00f3n. Ya sea que est\u00e9s en la cocina, en el jard\u00edn o cultivando setas, con este robusto vaso medidor siempre trabajar\u00e1s de manera eficiente. La clara escala y el c\u00f3modo mango lo hacen s\u00faper pr\u00e1ctico de usar. Caracter\u00edsticas del vaso [&hellip;]<\/p>\n","protected":false},"featured_media":62752,"comment_status":"closed","ping_status":"closed","template":"","meta":[],"product_brand":[],"product_cat":[658,220],"product_tag":[],"class_list":{"0":"post-62781","1":"product","2":"type-product","3":"status-publish","4":"has-post-thumbnail","6":"product_cat-accesorios-de-cultivo","7":"product_cat-setas-alucinogenas","9":"first","10":"instock","11":"taxable","12":"shipping-taxable","13":"purchasable","14":"product-type-simple"},"yoast_head":"<!-- This site is optimized with the Yoast SEO Premium plugin v26.4 (Yoast SEO v27.2) - https:\/\/yoast.com\/product\/yoast-seo-premium-wordpress\/ -->\n<title>Vaso medidor - 1 Ltr - Dutchmicrodosing<\/title>\n<meta name=\"description\" content=\"Vaso medidor resistente de 1 Ltr fabricado en polipropileno duradero. Ideal para el cultivo de setas, la cocina o el jard\u00edn. Provisto de una escala clara y un pico vertedor.\" \/>\n<meta name=\"robots\" content=\"index, follow, max-snippet:-1, max-image-preview:large, max-video-preview:-1\" \/>\n<link rel=\"canonical\" href=\"https:\/\/dutchmicrodosing.com\/es\/setas-alucinogenas\/vaso-medidor-1-ltr\/\" \/>\n<meta property=\"og:locale\" content=\"es_ES\" \/>\n<meta property=\"og:type\" content=\"article\" \/>\n<meta property=\"og:title\" content=\"Vaso medidor - 1 Ltr\" \/>\n<meta property=\"og:description\" content=\"El Vaso medidor - 1 L es tu ayudante ideal si quieres medir l\u00edquidos con precisi\u00f3n. Ya sea que est\u00e9s en la cocina, en el jard\u00edn o cultivando setas, con\" \/>\n<meta property=\"og:url\" content=\"https:\/\/dutchmicrodosing.com\/es\/setas-alucinogenas\/vaso-medidor-1-ltr\/\" \/>\n<meta property=\"og:site_name\" content=\"Dutchmicrodosing\" \/>\n<meta property=\"article:publisher\" content=\"https:\/\/www.facebook.com\/Dutchmicrodosingxp\/\" \/>\n<meta property=\"article:modified_time\" content=\"2026-02-03T15:49:17+00:00\" \/>\n<meta property=\"og:image\" content=\"https:\/\/dutchmicrodosing.com\/wp-content\/uploads\/2025\/11\/570137.webp\" \/>\n\t<meta property=\"og:image:width\" content=\"800\" \/>\n\t<meta property=\"og:image:height\" content=\"800\" \/>\n\t<meta property=\"og:image:type\" content=\"image\/webp\" \/>\n<meta name=\"twitter:card\" content=\"summary_large_image\" \/>\n<script type=\"application\/ld+json\" class=\"yoast-schema-graph\">{\"@context\":\"https:\/\/schema.org\",\"@graph\":[{\"@type\":\"WebPage\",\"@id\":\"https:\/\/dutchmicrodosing.com\/es\/setas-alucinogenas\/vaso-medidor-1-ltr\/\",\"url\":\"https:\/\/dutchmicrodosing.com\/es\/setas-alucinogenas\/vaso-medidor-1-ltr\/\",\"name\":\"Vaso medidor - 1 Ltr - Dutchmicrodosing\",\"isPartOf\":{\"@id\":\"https:\/\/dutchmicrodosing.com\/es\/#website\"},\"primaryImageOfPage\":{\"@id\":\"https:\/\/dutchmicrodosing.com\/es\/setas-alucinogenas\/vaso-medidor-1-ltr\/#primaryimage\"},\"image\":{\"@id\":\"https:\/\/dutchmicrodosing.com\/es\/setas-alucinogenas\/vaso-medidor-1-ltr\/#primaryimage\"},\"thumbnailUrl\":\"https:\/\/dutchmicrodosing.com\/wp-content\/uploads\/2025\/11\/570137.webp\",\"datePublished\":\"2025-11-24T15:03:53+00:00\",\"dateModified\":\"2026-02-03T15:49:17+00:00\",\"description\":\"Vaso medidor resistente de 1 Ltr fabricado en polipropileno duradero. Ideal para el cultivo de setas, la cocina o el jard\u00edn. Provisto de una escala clara y un pico vertedor.\",\"breadcrumb\":{\"@id\":\"https:\/\/dutchmicrodosing.com\/es\/setas-alucinogenas\/vaso-medidor-1-ltr\/#breadcrumb\"},\"inLanguage\":\"es\",\"potentialAction\":[{\"@type\":\"ReadAction\",\"target\":[\"https:\/\/dutchmicrodosing.com\/es\/setas-alucinogenas\/vaso-medidor-1-ltr\/\"]}]},{\"@type\":\"ImageObject\",\"inLanguage\":\"es\",\"@id\":\"https:\/\/dutchmicrodosing.com\/es\/setas-alucinogenas\/vaso-medidor-1-ltr\/#primaryimage\",\"url\":\"https:\/\/dutchmicrodosing.com\/wp-content\/uploads\/2025\/11\/570137.webp\",\"contentUrl\":\"https:\/\/dutchmicrodosing.com\/wp-content\/uploads\/2025\/11\/570137.webp\",\"width\":800,\"height\":800},{\"@type\":\"BreadcrumbList\",\"@id\":\"https:\/\/dutchmicrodosing.com\/es\/setas-alucinogenas\/vaso-medidor-1-ltr\/#breadcrumb\",\"itemListElement\":[{\"@type\":\"ListItem\",\"position\":1,\"name\":\"Home\",\"item\":\"https:\/\/dutchmicrodosing.com\/es\/\"},{\"@type\":\"ListItem\",\"position\":2,\"name\":\"Tienda\",\"item\":\"https:\/\/dutchmicrodosing.com\/es\/tienda\/\"},{\"@type\":\"ListItem\",\"position\":3,\"name\":\"Vaso medidor &#8211; 1 Ltr\"}]},{\"@type\":\"WebSite\",\"@id\":\"https:\/\/dutchmicrodosing.com\/es\/#website\",\"url\":\"https:\/\/dutchmicrodosing.com\/es\/\",\"name\":\"Dutchmicrodosing\",\"description\":\"\",\"publisher\":{\"@id\":\"https:\/\/dutchmicrodosing.com\/es\/#organization\"},\"potentialAction\":[{\"@type\":\"SearchAction\",\"target\":{\"@type\":\"EntryPoint\",\"urlTemplate\":\"https:\/\/dutchmicrodosing.com\/es\/?s={search_term_string}\"},\"query-input\":{\"@type\":\"PropertyValueSpecification\",\"valueRequired\":true,\"valueName\":\"search_term_string\"}}],\"inLanguage\":\"es\"},{\"@type\":\"Organization\",\"@id\":\"https:\/\/dutchmicrodosing.com\/es\/#organization\",\"name\":\"Dutchmicrodosing\",\"url\":\"https:\/\/dutchmicrodosing.com\/es\/\",\"logo\":{\"@type\":\"ImageObject\",\"inLanguage\":\"es\",\"@id\":\"https:\/\/dutchmicrodosing.com\/es\/#\/schema\/logo\/image\/\",\"url\":\"https:\/\/dutchmicrodosing.com\/wp-content\/uploads\/2021\/01\/microdosing-categorie-pic-nieuw.jpg\",\"contentUrl\":\"https:\/\/dutchmicrodosing.com\/wp-content\/uploads\/2021\/01\/microdosing-categorie-pic-nieuw.jpg\",\"width\":500,\"height\":500,\"caption\":\"Dutchmicrodosing\"},\"image\":{\"@id\":\"https:\/\/dutchmicrodosing.com\/es\/#\/schema\/logo\/image\/\"},\"sameAs\":[\"https:\/\/www.facebook.com\/Dutchmicrodosingxp\/\",\"https:\/\/www.instagram.com\/dutchmicrodosing\/\"]}]}<\/script>\n<meta property=\"product:price:amount\" content=\"2.95\" \/>\n<meta property=\"product:price:currency\" content=\"EUR\" \/>\n<meta property=\"og:availability\" content=\"instock\" \/>\n<meta property=\"product:availability\" content=\"instock\" \/>\n<meta property=\"product:retailer_item_id\" content=\"5209305\" \/>\n<meta property=\"product:condition\" content=\"new\" \/>\n<!-- \/ Yoast SEO Premium plugin. -->","yoast_head_json":{"title":"Vaso medidor - 1 Ltr - Dutchmicrodosing","description":"Vaso medidor resistente de 1 Ltr fabricado en polipropileno duradero. Ideal para el cultivo de setas, la cocina o el jard\u00edn. Provisto de una escala clara y un pico vertedor.","robots":{"index":"index","follow":"follow","max-snippet":"max-snippet:-1","max-image-preview":"max-image-preview:large","max-video-preview":"max-video-preview:-1"},"canonical":"https:\/\/dutchmicrodosing.com\/es\/setas-alucinogenas\/vaso-medidor-1-ltr\/","og_locale":"es_ES","og_type":"article","og_title":"Vaso medidor - 1 Ltr","og_description":"El Vaso medidor - 1 L es tu ayudante ideal si quieres medir l\u00edquidos con precisi\u00f3n. Ya sea que est\u00e9s en la cocina, en el jard\u00edn o cultivando setas, con","og_url":"https:\/\/dutchmicrodosing.com\/es\/setas-alucinogenas\/vaso-medidor-1-ltr\/","og_site_name":"Dutchmicrodosing","article_publisher":"https:\/\/www.facebook.com\/Dutchmicrodosingxp\/","article_modified_time":"2026-02-03T15:49:17+00:00","og_image":[{"width":800,"height":800,"url":"https:\/\/dutchmicrodosing.com\/wp-content\/uploads\/2025\/11\/570137.webp","type":"image\/webp"}],"twitter_card":"summary_large_image","schema":{"@context":"https:\/\/schema.org","@graph":[{"@type":"WebPage","@id":"https:\/\/dutchmicrodosing.com\/es\/setas-alucinogenas\/vaso-medidor-1-ltr\/","url":"https:\/\/dutchmicrodosing.com\/es\/setas-alucinogenas\/vaso-medidor-1-ltr\/","name":"Vaso medidor - 1 Ltr - Dutchmicrodosing","isPartOf":{"@id":"https:\/\/dutchmicrodosing.com\/es\/#website"},"primaryImageOfPage":{"@id":"https:\/\/dutchmicrodosing.com\/es\/setas-alucinogenas\/vaso-medidor-1-ltr\/#primaryimage"},"image":{"@id":"https:\/\/dutchmicrodosing.com\/es\/setas-alucinogenas\/vaso-medidor-1-ltr\/#primaryimage"},"thumbnailUrl":"https:\/\/dutchmicrodosing.com\/wp-content\/uploads\/2025\/11\/570137.webp","datePublished":"2025-11-24T15:03:53+00:00","dateModified":"2026-02-03T15:49:17+00:00","description":"Vaso medidor resistente de 1 Ltr fabricado en polipropileno duradero. Ideal para el cultivo de setas, la cocina o el jard\u00edn. Provisto de una escala clara y un pico vertedor.","breadcrumb":{"@id":"https:\/\/dutchmicrodosing.com\/es\/setas-alucinogenas\/vaso-medidor-1-ltr\/#breadcrumb"},"inLanguage":"es","potentialAction":[{"@type":"ReadAction","target":["https:\/\/dutchmicrodosing.com\/es\/setas-alucinogenas\/vaso-medidor-1-ltr\/"]}]},{"@type":"ImageObject","inLanguage":"es","@id":"https:\/\/dutchmicrodosing.com\/es\/setas-alucinogenas\/vaso-medidor-1-ltr\/#primaryimage","url":"https:\/\/dutchmicrodosing.com\/wp-content\/uploads\/2025\/11\/570137.webp","contentUrl":"https:\/\/dutchmicrodosing.com\/wp-content\/uploads\/2025\/11\/570137.webp","width":800,"height":800},{"@type":"BreadcrumbList","@id":"https:\/\/dutchmicrodosing.com\/es\/setas-alucinogenas\/vaso-medidor-1-ltr\/#breadcrumb","itemListElement":[{"@type":"ListItem","position":1,"name":"Home","item":"https:\/\/dutchmicrodosing.com\/es\/"},{"@type":"ListItem","position":2,"name":"Tienda","item":"https:\/\/dutchmicrodosing.com\/es\/tienda\/"},{"@type":"ListItem","position":3,"name":"Vaso medidor &#8211; 1 Ltr"}]},{"@type":"WebSite","@id":"https:\/\/dutchmicrodosing.com\/es\/#website","url":"https:\/\/dutchmicrodosing.com\/es\/","name":"Dutchmicrodosing","description":"","publisher":{"@id":"https:\/\/dutchmicrodosing.com\/es\/#organization"},"potentialAction":[{"@type":"SearchAction","target":{"@type":"EntryPoint","urlTemplate":"https:\/\/dutchmicrodosing.com\/es\/?s={search_term_string}"},"query-input":{"@type":"PropertyValueSpecification","valueRequired":true,"valueName":"search_term_string"}}],"inLanguage":"es"},{"@type":"Organization","@id":"https:\/\/dutchmicrodosing.com\/es\/#organization","name":"Dutchmicrodosing","url":"https:\/\/dutchmicrodosing.com\/es\/","logo":{"@type":"ImageObject","inLanguage":"es","@id":"https:\/\/dutchmicrodosing.com\/es\/#\/schema\/logo\/image\/","url":"https:\/\/dutchmicrodosing.com\/wp-content\/uploads\/2021\/01\/microdosing-categorie-pic-nieuw.jpg","contentUrl":"https:\/\/dutchmicrodosing.com\/wp-content\/uploads\/2021\/01\/microdosing-categorie-pic-nieuw.jpg","width":500,"height":500,"caption":"Dutchmicrodosing"},"image":{"@id":"https:\/\/dutchmicrodosing.com\/es\/#\/schema\/logo\/image\/"},"sameAs":["https:\/\/www.facebook.com\/Dutchmicrodosingxp\/","https:\/\/www.instagram.com\/dutchmicrodosing\/"]}]},"product_price_amount":"2.95","product_price_currency":"EUR","og_availability":"instock","product_availability":"instock","product_retailer_item_id":"5209305","product_condition":"new"},"_links":{"self":[{"href":"https:\/\/dutchmicrodosing.com\/es\/wp-json\/wp\/v2\/product\/62781","targetHints":{"allow":["GET"]}}],"collection":[{"href":"https:\/\/dutchmicrodosing.com\/es\/wp-json\/wp\/v2\/product"}],"about":[{"href":"https:\/\/dutchmicrodosing.com\/es\/wp-json\/wp\/v2\/types\/product"}],"replies":[{"embeddable":true,"href":"https:\/\/dutchmicrodosing.com\/es\/wp-json\/wp\/v2\/comments?post=62781"}],"version-history":[{"count":1,"href":"https:\/\/dutchmicrodosing.com\/es\/wp-json\/wp\/v2\/product\/62781\/revisions"}],"predecessor-version":[{"id":64347,"href":"https:\/\/dutchmicrodosing.com\/es\/wp-json\/wp\/v2\/product\/62781\/revisions\/64347"}],"wp:featuredmedia":[{"embeddable":true,"href":"https:\/\/dutchmicrodosing.com\/es\/wp-json\/wp\/v2\/media\/62752"}],"wp:attachment":[{"href":"https:\/\/dutchmicrodosing.com\/es\/wp-json\/wp\/v2\/media?parent=62781"}],"wp:term":[{"taxonomy":"product_brand","embeddable":true,"href":"https:\/\/dutchmicrodosing.com\/es\/wp-json\/wp\/v2\/product_brand?post=62781"},{"taxonomy":"product_cat","embeddable":true,"href":"https:\/\/dutchmicrodosing.com\/es\/wp-json\/wp\/v2\/product_cat?post=62781"},{"taxonomy":"product_tag","embeddable":true,"href":"https:\/\/dutchmicrodosing.com\/es\/wp-json\/wp\/v2\/product_tag?post=62781"}],"curies":[{"name":"wp","href":"https:\/\/api.w.org\/{rel}","templated":true}]}}