{"id":63084,"date":"2025-11-19T11:15:40","date_gmt":"2025-11-19T10:15:40","guid":{"rendered":"https:\/\/dutchmicrodosing.com\/shop\/sin%20categor\u00eda\/monotub-inflable-boomer-shroomer\/"},"modified":"2026-02-03T16:48:17","modified_gmt":"2026-02-03T15:48:17","slug":"monotub-inflable-boomer-shroomer","status":"publish","type":"product","link":"https:\/\/dutchmicrodosing.com\/es\/setas-alucinogenas\/accesorios-de-cultivo\/monotub-inflable-boomer-shroomer\/","title":{"rendered":"Monotub inflable &#8211; Boomer Shroomer"},"content":{"rendered":"<p>El <strong>Monotub inflable \u2013 Boomer Shroomer<\/strong> es la soluci\u00f3n inteligente y compacta para cualquiera que quiera cultivar setas en casa. Tanto si est\u00e1s empezando como si ya tienes experiencia, este sistema f\u00e1cil de usar hace que el proceso sea sencillo y ahorra espacio. Perfecto para especies culinarias como las setas ostra u shiitake, pero tambi\u00e9n adecuado para variantes m\u00e1s especiales.<\/p>\n<h3>Caracter\u00edsticas del <strong>Monotub inflable \u2013 Boomer Shroomer<\/strong><\/h3>\n<p>Este monotub patentado est\u00e1 dise\u00f1ado pensando en la facilidad de uso y la eficiencia. No tienes que construir, perforar ni pegar nada: simplemente inflar, llenar y cultivar. Las paredes transparentes te dan una buena visi\u00f3n del proceso de crecimiento sin perturbar el entorno.<\/p>\n<p>Gracias a los filtros de aire intercambiables y al revestimiento interior incluido, crear\u00e1s las condiciones ideales para tus setas. Despu\u00e9s de usarlo, lo desinflas y lo guardas f\u00e1cilmente en el armario, \u00bfa que es pr\u00e1ctico?<\/p>\n<p>Ventajas importantes de un vistazo:<\/p>\n<ul>\n<li>Dise\u00f1o Plug-and-play, no se necesitan herramientas<\/li>\n<li>Solo 10 cm de grosor cuando se desinfla<\/li>\n<li>Sistema de drenaje inteligente con orificio incorporado en la parte inferior<\/li>\n<li>Circulaci\u00f3n de aire ajustable con tapones rojos y filtros blancos<\/li>\n<li>Material transparente para seguir tu proceso de cultivo<\/li>\n<li>Menos crecimiento lateral gracias al revestimiento interior<\/li>\n<\/ul>\n<h3>Ingredientes y\/o composici\u00f3n<\/h3>\n<p>Este completo set de monotub incluye:<\/p>\n<ul>\n<li>1 c\u00e1mara de cultivo inflable con v\u00e1lvula<\/li>\n<li>10 tapones rojos (para la fase de crecimiento)<\/li>\n<li>10 filtros de aire blancos (para la fase de cosecha)<\/li>\n<li>Revestimiento interior extra\u00edble<\/li>\n<li>Orificio de drenaje incorporado<\/li>\n<li>Manual con instrucciones claras<\/li>\n<\/ul>\n<h3>Utilice<\/h3>\n<p><strong>Paso 1 \u2013 Preparaci\u00f3n<\/strong><br \/>\nInfla la tina (\u00b12 minutos). Limpia bien tus manos, brazos y la tina con alcohol al 70%. No te olvides de los tapones.<\/p>\n<p><strong>Paso 2 \u2013 Preparar la mezcla<\/strong><br \/>\nMezcla el grano de siembra totalmente colonizado con una mezcla de sustrato h\u00famedo. La proporci\u00f3n correcta es de 2 partes de sustrato por 1 parte de esporas. Comprueba la humedad: al apretar debe salir 1 o 2 gotas de agua.<\/p>\n<p><strong>Paso 3 \u2013 Llenado<\/strong><br \/>\nLlena la tina con la mezcla, mezcla bien y presiona ligeramente para eliminar las burbujas de aire.<\/p>\n<p><strong>Paso 4 \u2013 Fase de crecimiento<\/strong><br \/>\nDeja la tina durante 7 a 14 d\u00edas a una temperatura de 21-24\u00b0C. El micelio debe ocupar aproximadamente el 80% del sustrato.<\/p>\n<p><strong>Paso 5 \u2013 Cosecha<\/strong><br \/>\nSustituye los tapones rojos por los filtros blancos. Ventila diariamente durante unos 10 segundos. Cosecha cuando la membrana bajo el sombrero se desprenda.<\/p>\n<p><strong>Paso 6 \u2013 Reinicio<\/strong><br \/>\nPara una nueva ronda, a\u00f1ade 1-2 litros de agua. D\u00e9jalo reposar durante 2 horas, drena a trav\u00e9s del orificio de drenaje y estar\u00e1s listo para un nuevo cultivo. Bueno para 3 a 5 cosechas.<\/p>\n<h3>Contenido<\/h3>\n<ul>\n<li>1 monotub inflable (reutilizable)<\/li>\n<li>10 tapones rojos<\/li>\n<li>10 filtros de aire blancos (2,54 cm)<\/li>\n<li>Revestimiento extra\u00edble<\/li>\n<li>Orificio de drenaje incorporado<\/li>\n<li>Gu\u00eda de instalaci\u00f3n<\/li>\n<\/ul>\n","protected":false},"excerpt":{"rendered":"<p>El Monotub inflable \u2013 Boomer Shroomer es la soluci\u00f3n inteligente y compacta para cualquiera que quiera cultivar setas en casa. Tanto si est\u00e1s empezando como si ya tienes experiencia, este sistema f\u00e1cil de usar hace que el proceso sea sencillo y ahorra espacio. Perfecto para especies culinarias como las setas ostra u shiitake, pero tambi\u00e9n [&hellip;]<\/p>\n","protected":false},"featured_media":63083,"comment_status":"closed","ping_status":"closed","template":"","meta":[],"product_brand":[],"product_cat":[658],"product_tag":[],"class_list":{"0":"post-63084","1":"product","2":"type-product","3":"status-publish","4":"has-post-thumbnail","6":"product_cat-accesorios-de-cultivo","8":"first","9":"instock","10":"taxable","11":"shipping-taxable","12":"purchasable","13":"product-type-simple"},"yoast_head":"<!-- This site is optimized with the Yoast SEO Premium plugin v26.4 (Yoast SEO v27.4) - https:\/\/yoast.com\/product\/yoast-seo-premium-wordpress\/ -->\n<title>Monotub inflable - Boomer Shroomer - Dutchmicrodosing<\/title>\n<meta name=\"description\" content=\"\u00a1Cultiva f\u00e1cilmente tus propias setas en casa con el Monotub inflable \u2013 Boomer Shroomer! \u00a1F\u00e1cil de usar y de limpiar!\" \/>\n<meta name=\"robots\" content=\"index, follow, max-snippet:-1, max-image-preview:large, max-video-preview:-1\" \/>\n<link rel=\"canonical\" href=\"https:\/\/dutchmicrodosing.com\/es\/setas-alucinogenas\/accesorios-de-cultivo\/monotub-inflable-boomer-shroomer\/\" \/>\n<meta property=\"og:locale\" content=\"es_ES\" \/>\n<meta property=\"og:type\" content=\"article\" \/>\n<meta property=\"og:title\" content=\"Monotub inflable - Boomer Shroomer\" \/>\n<meta property=\"og:description\" content=\"El Monotub inflable \u2013 Boomer Shroomer es la soluci\u00f3n inteligente y compacta para cualquiera que quiera cultivar setas en casa. Tanto si est\u00e1s empezando\" \/>\n<meta property=\"og:url\" content=\"https:\/\/dutchmicrodosing.com\/es\/setas-alucinogenas\/accesorios-de-cultivo\/monotub-inflable-boomer-shroomer\/\" \/>\n<meta property=\"og:site_name\" content=\"Dutchmicrodosing\" \/>\n<meta property=\"article:publisher\" content=\"https:\/\/www.facebook.com\/Dutchmicrodosingxp\/\" \/>\n<meta property=\"article:modified_time\" content=\"2026-02-03T15:48:17+00:00\" \/>\n<meta property=\"og:image\" content=\"https:\/\/dutchmicrodosing.com\/wp-content\/uploads\/2025\/11\/BS-Amazon-Images.zip-Bundle-For-1-Kit-Email.jpeg\" \/>\n\t<meta property=\"og:image:width\" content=\"1080\" \/>\n\t<meta property=\"og:image:height\" content=\"1080\" \/>\n\t<meta property=\"og:image:type\" content=\"image\/jpeg\" \/>\n<meta name=\"twitter:card\" content=\"summary_large_image\" \/>\n<script type=\"application\/ld+json\" class=\"yoast-schema-graph\">{\"@context\":\"https:\\\/\\\/schema.org\",\"@graph\":[{\"@type\":\"WebPage\",\"@id\":\"https:\\\/\\\/dutchmicrodosing.com\\\/es\\\/setas-alucinogenas\\\/accesorios-de-cultivo\\\/monotub-inflable-boomer-shroomer\\\/\",\"url\":\"https:\\\/\\\/dutchmicrodosing.com\\\/es\\\/setas-alucinogenas\\\/accesorios-de-cultivo\\\/monotub-inflable-boomer-shroomer\\\/\",\"name\":\"Monotub inflable - Boomer Shroomer - Dutchmicrodosing\",\"isPartOf\":{\"@id\":\"https:\\\/\\\/dutchmicrodosing.com\\\/es\\\/#website\"},\"primaryImageOfPage\":{\"@id\":\"https:\\\/\\\/dutchmicrodosing.com\\\/es\\\/setas-alucinogenas\\\/accesorios-de-cultivo\\\/monotub-inflable-boomer-shroomer\\\/#primaryimage\"},\"image\":{\"@id\":\"https:\\\/\\\/dutchmicrodosing.com\\\/es\\\/setas-alucinogenas\\\/accesorios-de-cultivo\\\/monotub-inflable-boomer-shroomer\\\/#primaryimage\"},\"thumbnailUrl\":\"https:\\\/\\\/dutchmicrodosing.com\\\/wp-content\\\/uploads\\\/2025\\\/11\\\/BS-Amazon-Images.zip-Bundle-For-1-Kit-Email.jpeg\",\"datePublished\":\"2025-11-19T10:15:40+00:00\",\"dateModified\":\"2026-02-03T15:48:17+00:00\",\"description\":\"\u00a1Cultiva f\u00e1cilmente tus propias setas en casa con el Monotub inflable \u2013 Boomer Shroomer! \u00a1F\u00e1cil de usar y de limpiar!\",\"breadcrumb\":{\"@id\":\"https:\\\/\\\/dutchmicrodosing.com\\\/es\\\/setas-alucinogenas\\\/accesorios-de-cultivo\\\/monotub-inflable-boomer-shroomer\\\/#breadcrumb\"},\"inLanguage\":\"es\",\"potentialAction\":[{\"@type\":\"ReadAction\",\"target\":[\"https:\\\/\\\/dutchmicrodosing.com\\\/es\\\/setas-alucinogenas\\\/accesorios-de-cultivo\\\/monotub-inflable-boomer-shroomer\\\/\"]}]},{\"@type\":\"ImageObject\",\"inLanguage\":\"es\",\"@id\":\"https:\\\/\\\/dutchmicrodosing.com\\\/es\\\/setas-alucinogenas\\\/accesorios-de-cultivo\\\/monotub-inflable-boomer-shroomer\\\/#primaryimage\",\"url\":\"https:\\\/\\\/dutchmicrodosing.com\\\/wp-content\\\/uploads\\\/2025\\\/11\\\/BS-Amazon-Images.zip-Bundle-For-1-Kit-Email.jpeg\",\"contentUrl\":\"https:\\\/\\\/dutchmicrodosing.com\\\/wp-content\\\/uploads\\\/2025\\\/11\\\/BS-Amazon-Images.zip-Bundle-For-1-Kit-Email.jpeg\",\"width\":1080,\"height\":1080},{\"@type\":\"BreadcrumbList\",\"@id\":\"https:\\\/\\\/dutchmicrodosing.com\\\/es\\\/setas-alucinogenas\\\/accesorios-de-cultivo\\\/monotub-inflable-boomer-shroomer\\\/#breadcrumb\",\"itemListElement\":[{\"@type\":\"ListItem\",\"position\":1,\"name\":\"Home\",\"item\":\"https:\\\/\\\/dutchmicrodosing.com\\\/es\\\/\"},{\"@type\":\"ListItem\",\"position\":2,\"name\":\"Tienda\",\"item\":\"https:\\\/\\\/dutchmicrodosing.com\\\/es\\\/tienda\\\/\"},{\"@type\":\"ListItem\",\"position\":3,\"name\":\"Monotub inflable &#8211; Boomer Shroomer\"}]},{\"@type\":\"WebSite\",\"@id\":\"https:\\\/\\\/dutchmicrodosing.com\\\/es\\\/#website\",\"url\":\"https:\\\/\\\/dutchmicrodosing.com\\\/es\\\/\",\"name\":\"Dutchmicrodosing\",\"description\":\"\",\"publisher\":{\"@id\":\"https:\\\/\\\/dutchmicrodosing.com\\\/es\\\/#organization\"},\"potentialAction\":[{\"@type\":\"SearchAction\",\"target\":{\"@type\":\"EntryPoint\",\"urlTemplate\":\"https:\\\/\\\/dutchmicrodosing.com\\\/es\\\/?s={search_term_string}\"},\"query-input\":{\"@type\":\"PropertyValueSpecification\",\"valueRequired\":true,\"valueName\":\"search_term_string\"}}],\"inLanguage\":\"es\"},{\"@type\":\"Organization\",\"@id\":\"https:\\\/\\\/dutchmicrodosing.com\\\/es\\\/#organization\",\"name\":\"Dutchmicrodosing\",\"url\":\"https:\\\/\\\/dutchmicrodosing.com\\\/es\\\/\",\"logo\":{\"@type\":\"ImageObject\",\"inLanguage\":\"es\",\"@id\":\"https:\\\/\\\/dutchmicrodosing.com\\\/es\\\/#\\\/schema\\\/logo\\\/image\\\/\",\"url\":\"https:\\\/\\\/dutchmicrodosing.com\\\/wp-content\\\/uploads\\\/2021\\\/01\\\/microdosing-categorie-pic-nieuw.jpg\",\"contentUrl\":\"https:\\\/\\\/dutchmicrodosing.com\\\/wp-content\\\/uploads\\\/2021\\\/01\\\/microdosing-categorie-pic-nieuw.jpg\",\"width\":500,\"height\":500,\"caption\":\"Dutchmicrodosing\"},\"image\":{\"@id\":\"https:\\\/\\\/dutchmicrodosing.com\\\/es\\\/#\\\/schema\\\/logo\\\/image\\\/\"},\"sameAs\":[\"https:\\\/\\\/www.facebook.com\\\/Dutchmicrodosingxp\\\/\",\"https:\\\/\\\/www.instagram.com\\\/dutchmicrodosing\\\/\"]}]}<\/script>\n<meta property=\"product:price:amount\" content=\"34.50\" \/>\n<meta property=\"product:price:currency\" content=\"EUR\" \/>\n<meta property=\"og:availability\" content=\"instock\" \/>\n<meta property=\"product:availability\" content=\"instock\" \/>\n<meta property=\"product:retailer_item_id\" content=\"5209129\" \/>\n<meta property=\"product:condition\" content=\"new\" \/>\n<!-- \/ Yoast SEO Premium plugin. -->","yoast_head_json":{"title":"Monotub inflable - Boomer Shroomer - Dutchmicrodosing","description":"\u00a1Cultiva f\u00e1cilmente tus propias setas en casa con el Monotub inflable \u2013 Boomer Shroomer! \u00a1F\u00e1cil de usar y de limpiar!","robots":{"index":"index","follow":"follow","max-snippet":"max-snippet:-1","max-image-preview":"max-image-preview:large","max-video-preview":"max-video-preview:-1"},"canonical":"https:\/\/dutchmicrodosing.com\/es\/setas-alucinogenas\/accesorios-de-cultivo\/monotub-inflable-boomer-shroomer\/","og_locale":"es_ES","og_type":"article","og_title":"Monotub inflable - Boomer Shroomer","og_description":"El Monotub inflable \u2013 Boomer Shroomer es la soluci\u00f3n inteligente y compacta para cualquiera que quiera cultivar setas en casa. Tanto si est\u00e1s empezando","og_url":"https:\/\/dutchmicrodosing.com\/es\/setas-alucinogenas\/accesorios-de-cultivo\/monotub-inflable-boomer-shroomer\/","og_site_name":"Dutchmicrodosing","article_publisher":"https:\/\/www.facebook.com\/Dutchmicrodosingxp\/","article_modified_time":"2026-02-03T15:48:17+00:00","og_image":[{"width":1080,"height":1080,"url":"https:\/\/dutchmicrodosing.com\/wp-content\/uploads\/2025\/11\/BS-Amazon-Images.zip-Bundle-For-1-Kit-Email.jpeg","type":"image\/jpeg"}],"twitter_card":"summary_large_image","schema":{"@context":"https:\/\/schema.org","@graph":[{"@type":"WebPage","@id":"https:\/\/dutchmicrodosing.com\/es\/setas-alucinogenas\/accesorios-de-cultivo\/monotub-inflable-boomer-shroomer\/","url":"https:\/\/dutchmicrodosing.com\/es\/setas-alucinogenas\/accesorios-de-cultivo\/monotub-inflable-boomer-shroomer\/","name":"Monotub inflable - Boomer Shroomer - Dutchmicrodosing","isPartOf":{"@id":"https:\/\/dutchmicrodosing.com\/es\/#website"},"primaryImageOfPage":{"@id":"https:\/\/dutchmicrodosing.com\/es\/setas-alucinogenas\/accesorios-de-cultivo\/monotub-inflable-boomer-shroomer\/#primaryimage"},"image":{"@id":"https:\/\/dutchmicrodosing.com\/es\/setas-alucinogenas\/accesorios-de-cultivo\/monotub-inflable-boomer-shroomer\/#primaryimage"},"thumbnailUrl":"https:\/\/dutchmicrodosing.com\/wp-content\/uploads\/2025\/11\/BS-Amazon-Images.zip-Bundle-For-1-Kit-Email.jpeg","datePublished":"2025-11-19T10:15:40+00:00","dateModified":"2026-02-03T15:48:17+00:00","description":"\u00a1Cultiva f\u00e1cilmente tus propias setas en casa con el Monotub inflable \u2013 Boomer Shroomer! \u00a1F\u00e1cil de usar y de limpiar!","breadcrumb":{"@id":"https:\/\/dutchmicrodosing.com\/es\/setas-alucinogenas\/accesorios-de-cultivo\/monotub-inflable-boomer-shroomer\/#breadcrumb"},"inLanguage":"es","potentialAction":[{"@type":"ReadAction","target":["https:\/\/dutchmicrodosing.com\/es\/setas-alucinogenas\/accesorios-de-cultivo\/monotub-inflable-boomer-shroomer\/"]}]},{"@type":"ImageObject","inLanguage":"es","@id":"https:\/\/dutchmicrodosing.com\/es\/setas-alucinogenas\/accesorios-de-cultivo\/monotub-inflable-boomer-shroomer\/#primaryimage","url":"https:\/\/dutchmicrodosing.com\/wp-content\/uploads\/2025\/11\/BS-Amazon-Images.zip-Bundle-For-1-Kit-Email.jpeg","contentUrl":"https:\/\/dutchmicrodosing.com\/wp-content\/uploads\/2025\/11\/BS-Amazon-Images.zip-Bundle-For-1-Kit-Email.jpeg","width":1080,"height":1080},{"@type":"BreadcrumbList","@id":"https:\/\/dutchmicrodosing.com\/es\/setas-alucinogenas\/accesorios-de-cultivo\/monotub-inflable-boomer-shroomer\/#breadcrumb","itemListElement":[{"@type":"ListItem","position":1,"name":"Home","item":"https:\/\/dutchmicrodosing.com\/es\/"},{"@type":"ListItem","position":2,"name":"Tienda","item":"https:\/\/dutchmicrodosing.com\/es\/tienda\/"},{"@type":"ListItem","position":3,"name":"Monotub inflable &#8211; Boomer Shroomer"}]},{"@type":"WebSite","@id":"https:\/\/dutchmicrodosing.com\/es\/#website","url":"https:\/\/dutchmicrodosing.com\/es\/","name":"Dutchmicrodosing","description":"","publisher":{"@id":"https:\/\/dutchmicrodosing.com\/es\/#organization"},"potentialAction":[{"@type":"SearchAction","target":{"@type":"EntryPoint","urlTemplate":"https:\/\/dutchmicrodosing.com\/es\/?s={search_term_string}"},"query-input":{"@type":"PropertyValueSpecification","valueRequired":true,"valueName":"search_term_string"}}],"inLanguage":"es"},{"@type":"Organization","@id":"https:\/\/dutchmicrodosing.com\/es\/#organization","name":"Dutchmicrodosing","url":"https:\/\/dutchmicrodosing.com\/es\/","logo":{"@type":"ImageObject","inLanguage":"es","@id":"https:\/\/dutchmicrodosing.com\/es\/#\/schema\/logo\/image\/","url":"https:\/\/dutchmicrodosing.com\/wp-content\/uploads\/2021\/01\/microdosing-categorie-pic-nieuw.jpg","contentUrl":"https:\/\/dutchmicrodosing.com\/wp-content\/uploads\/2021\/01\/microdosing-categorie-pic-nieuw.jpg","width":500,"height":500,"caption":"Dutchmicrodosing"},"image":{"@id":"https:\/\/dutchmicrodosing.com\/es\/#\/schema\/logo\/image\/"},"sameAs":["https:\/\/www.facebook.com\/Dutchmicrodosingxp\/","https:\/\/www.instagram.com\/dutchmicrodosing\/"]}]},"product_price_amount":"34.50","product_price_currency":"EUR","og_availability":"instock","product_availability":"instock","product_retailer_item_id":"5209129","product_condition":"new"},"_links":{"self":[{"href":"https:\/\/dutchmicrodosing.com\/es\/wp-json\/wp\/v2\/product\/63084","targetHints":{"allow":["GET"]}}],"collection":[{"href":"https:\/\/dutchmicrodosing.com\/es\/wp-json\/wp\/v2\/product"}],"about":[{"href":"https:\/\/dutchmicrodosing.com\/es\/wp-json\/wp\/v2\/types\/product"}],"replies":[{"embeddable":true,"href":"https:\/\/dutchmicrodosing.com\/es\/wp-json\/wp\/v2\/comments?post=63084"}],"version-history":[{"count":1,"href":"https:\/\/dutchmicrodosing.com\/es\/wp-json\/wp\/v2\/product\/63084\/revisions"}],"predecessor-version":[{"id":64343,"href":"https:\/\/dutchmicrodosing.com\/es\/wp-json\/wp\/v2\/product\/63084\/revisions\/64343"}],"wp:featuredmedia":[{"embeddable":true,"href":"https:\/\/dutchmicrodosing.com\/es\/wp-json\/wp\/v2\/media\/63083"}],"wp:attachment":[{"href":"https:\/\/dutchmicrodosing.com\/es\/wp-json\/wp\/v2\/media?parent=63084"}],"wp:term":[{"taxonomy":"product_brand","embeddable":true,"href":"https:\/\/dutchmicrodosing.com\/es\/wp-json\/wp\/v2\/product_brand?post=63084"},{"taxonomy":"product_cat","embeddable":true,"href":"https:\/\/dutchmicrodosing.com\/es\/wp-json\/wp\/v2\/product_cat?post=63084"},{"taxonomy":"product_tag","embeddable":true,"href":"https:\/\/dutchmicrodosing.com\/es\/wp-json\/wp\/v2\/product_tag?post=63084"}],"curies":[{"name":"wp","href":"https:\/\/api.w.org\/{rel}","templated":true}]}}