{"id":63275,"date":"2025-12-03T13:23:41","date_gmt":"2025-12-03T12:23:41","guid":{"rendered":"https:\/\/dutchmicrodosing.com\/shop\/sin%20categor\u00eda\/bolsa-de-cria-de-maiz-esteril-2000-cc\/"},"modified":"2025-12-08T11:12:45","modified_gmt":"2025-12-08T10:12:45","slug":"bolsa-de-cria-de-maiz-esteril-2000-cc","status":"publish","type":"product","link":"https:\/\/dutchmicrodosing.com\/es\/setas-alucinogenas\/accesorios-de-cultivo\/bolsa-de-cria-de-maiz-esteril-2000-cc\/","title":{"rendered":"Bolsa de cr\u00eda de ma\u00edz est\u00e9ril &#8211; 2000 cc"},"content":{"rendered":"<p>Con la <strong>Bolsa de cr\u00eda de ma\u00edz est\u00e9ril \u2013 2000 cc<\/strong> lista para usar, tendr\u00e1s directamente una base profesional para el cultivo de diversas especies de setas. Tanto si eres principiante como si ya tienes experiencia, esta bolsa de cr\u00eda hace que el proceso sea sencillo y fiable.<br \/>\nLa bolsa est\u00e1 completamente lista para usar, perfectamente hidratada, esterilizada y provista de un puerto de inyecci\u00f3n autorreparable. Gracias al filtro de 0,2 \u03bcm, se mantiene una \u00f3ptima y segura ventilaci\u00f3n, evitando la contaminaci\u00f3n.<\/p>\n<h3>Caracter\u00edsticas<\/h3>\n<p>Estas bolsas de cr\u00eda est\u00e1n dise\u00f1adas para ofrecer la m\u00e1xima sencillez y fiabilidad en el proceso de cultivo. Gracias a la \u00f3ptima hidrataci\u00f3n y esterilizaci\u00f3n, el micelio crece de manera uniforme y vigorosa.<\/p>\n<ul>\n<li>Disponible en 2 o 3 litros<\/li>\n<li>Puerto de inyecci\u00f3n autorreparable para una inoculaci\u00f3n sencilla<\/li>\n<li>Filtro de 0,2 \u03bcm para una ventilaci\u00f3n segura<\/li>\n<li>Completamente hidratada y esterilizada profesionalmente<\/li>\n<li>Ideal para configuraciones de monotub<\/li>\n<li>Apta tanto para principiantes como para expertos<\/li>\n<\/ul>\n<h3>Ingredientes y\/o composici\u00f3n<\/h3>\n<ul>\n<li>100% ma\u00edz, hidratado hasta el contenido de humedad ideal<\/li>\n<li>Envasado en una resistente bolsa de cultivo con puerto de inyecci\u00f3n<\/li>\n<li>Provista de una v\u00e1lvula de filtro de 0,2 \u03bcm<\/li>\n<\/ul>\n<h3>Utilice<\/h3>\n<p><strong>Inoculaci\u00f3n:<\/strong><br \/>\nInyecta de 2,5 a 5 ml de soluci\u00f3n de esporas o cultivo l\u00edquido a trav\u00e9s del puerto de inyecci\u00f3n. Trabaja de forma higi\u00e9nica y utiliza guantes.<\/p>\n<p><strong>Incubaci\u00f3n:<\/strong><br \/>\nGuarda la bolsa en un lugar oscuro a una temperatura de entre 20 y 24 \u00b0C.<\/p>\n<p><strong>Colonizaci\u00f3n:<\/strong><br \/>\nCuando el micelio se haya extendido unos 7 a 10 cm, puedes amasar suavemente la bolsa para acelerar el proceso.<\/p>\n<p><strong>Uso en monotub:<\/strong><br \/>\nCuando todo el contenido est\u00e9 colonizado (blanco por el micelio), mezcla 1 parte de cr\u00eda con 5 partes de sustrato para un mayor crecimiento.<\/p>\n<p>Tras la colonizaci\u00f3n completa, son posibles varias cosechas.<\/p>\n<h3>Setas adecuadas<\/h3>\n<p>Perfecta para especies de Psilocybe cubensis como Golden Teacher, Mexican y otras variedades. Tambi\u00e9n apta para especies comestibles como la seta ostra, el shiitake y la melena de le\u00f3n.<\/p>\n<p>Para especies como Psilocybe cyanescens, azurescens o zapotecorum, utiliza esta cr\u00eda como fase intermedia para inocular m\u00e1s tarde astillas de madera o paja.<\/p>\n<h3>Contenido<\/h3>\n<ul>\n<li>Posibilidad de elegir entre 2 litros o 3 litros<\/li>\n<li>Larga duraci\u00f3n a temperatura ambiente, siempre que no se abra y se mantenga alejada de la luz solar directa<\/li>\n<\/ul>\n","protected":false},"excerpt":{"rendered":"<p>Con la Bolsa de cr\u00eda de ma\u00edz est\u00e9ril \u2013 2000 cc lista para usar, tendr\u00e1s directamente una base profesional para el cultivo de diversas especies de setas. Tanto si eres principiante como si ya tienes experiencia, esta bolsa de cr\u00eda hace que el proceso sea sencillo y fiable. La bolsa est\u00e1 completamente lista para usar, [&hellip;]<\/p>\n","protected":false},"featured_media":63283,"comment_status":"closed","ping_status":"closed","template":"","meta":[],"product_brand":[],"product_cat":[658],"product_tag":[],"class_list":{"0":"post-63275","1":"product","2":"type-product","3":"status-publish","4":"has-post-thumbnail","6":"product_cat-accesorios-de-cultivo","8":"first","9":"outofstock","10":"taxable","11":"shipping-taxable","12":"purchasable","13":"product-type-simple"},"yoast_head":"<!-- This site is optimized with the Yoast SEO Premium plugin v26.4 (Yoast SEO v27.2) - https:\/\/yoast.com\/product\/yoast-seo-premium-wordpress\/ -->\n<title>Bolsa de cr\u00eda de ma\u00edz est\u00e9ril - 2000 cc - Dutchmicrodosing<\/title>\n<meta name=\"description\" content=\"Bolsa de cr\u00eda de ma\u00edz est\u00e9ril de 2000 cc para el cultivo sencillo de setas. Completamente hidratada, esterilizada y lista para usar.\" \/>\n<meta name=\"robots\" content=\"index, follow, max-snippet:-1, max-image-preview:large, max-video-preview:-1\" \/>\n<link rel=\"canonical\" href=\"https:\/\/dutchmicrodosing.com\/es\/setas-alucinogenas\/accesorios-de-cultivo\/bolsa-de-cria-de-maiz-esteril-2000-cc\/\" \/>\n<meta property=\"og:locale\" content=\"es_ES\" \/>\n<meta property=\"og:type\" content=\"article\" \/>\n<meta property=\"og:title\" content=\"Bolsa de cr\u00eda de ma\u00edz est\u00e9ril - 2000 cc\" \/>\n<meta property=\"og:description\" content=\"Con la Bolsa de cr\u00eda de ma\u00edz est\u00e9ril \u2013 2000 cc lista para usar, tendr\u00e1s directamente una base profesional para el cultivo de diversas especies de setas.\" \/>\n<meta property=\"og:url\" content=\"https:\/\/dutchmicrodosing.com\/es\/setas-alucinogenas\/accesorios-de-cultivo\/bolsa-de-cria-de-maiz-esteril-2000-cc\/\" \/>\n<meta property=\"og:site_name\" content=\"Dutchmicrodosing\" \/>\n<meta property=\"article:publisher\" content=\"https:\/\/www.facebook.com\/Dutchmicrodosingxp\/\" \/>\n<meta property=\"article:modified_time\" content=\"2025-12-08T10:12:45+00:00\" \/>\n<meta property=\"og:image\" content=\"https:\/\/dutchmicrodosing.com\/wp-content\/uploads\/2025\/12\/image-_21_.jpeg\" \/>\n\t<meta property=\"og:image:width\" content=\"150\" \/>\n\t<meta property=\"og:image:height\" content=\"150\" \/>\n\t<meta property=\"og:image:type\" content=\"image\/jpeg\" \/>\n<meta name=\"twitter:card\" content=\"summary_large_image\" \/>\n<script type=\"application\/ld+json\" class=\"yoast-schema-graph\">{\"@context\":\"https:\/\/schema.org\",\"@graph\":[{\"@type\":\"WebPage\",\"@id\":\"https:\/\/dutchmicrodosing.com\/es\/setas-alucinogenas\/accesorios-de-cultivo\/bolsa-de-cria-de-maiz-esteril-2000-cc\/\",\"url\":\"https:\/\/dutchmicrodosing.com\/es\/setas-alucinogenas\/accesorios-de-cultivo\/bolsa-de-cria-de-maiz-esteril-2000-cc\/\",\"name\":\"Bolsa de cr\u00eda de ma\u00edz est\u00e9ril - 2000 cc - Dutchmicrodosing\",\"isPartOf\":{\"@id\":\"https:\/\/dutchmicrodosing.com\/es\/#website\"},\"primaryImageOfPage\":{\"@id\":\"https:\/\/dutchmicrodosing.com\/es\/setas-alucinogenas\/accesorios-de-cultivo\/bolsa-de-cria-de-maiz-esteril-2000-cc\/#primaryimage\"},\"image\":{\"@id\":\"https:\/\/dutchmicrodosing.com\/es\/setas-alucinogenas\/accesorios-de-cultivo\/bolsa-de-cria-de-maiz-esteril-2000-cc\/#primaryimage\"},\"thumbnailUrl\":\"https:\/\/dutchmicrodosing.com\/wp-content\/uploads\/2025\/12\/steriele-maiszak-2000cc.jpg\",\"datePublished\":\"2025-12-03T12:23:41+00:00\",\"dateModified\":\"2025-12-08T10:12:45+00:00\",\"description\":\"Bolsa de cr\u00eda de ma\u00edz est\u00e9ril de 2000 cc para el cultivo sencillo de setas. Completamente hidratada, esterilizada y lista para usar.\",\"breadcrumb\":{\"@id\":\"https:\/\/dutchmicrodosing.com\/es\/setas-alucinogenas\/accesorios-de-cultivo\/bolsa-de-cria-de-maiz-esteril-2000-cc\/#breadcrumb\"},\"inLanguage\":\"es\",\"potentialAction\":[{\"@type\":\"ReadAction\",\"target\":[\"https:\/\/dutchmicrodosing.com\/es\/setas-alucinogenas\/accesorios-de-cultivo\/bolsa-de-cria-de-maiz-esteril-2000-cc\/\"]}]},{\"@type\":\"ImageObject\",\"inLanguage\":\"es\",\"@id\":\"https:\/\/dutchmicrodosing.com\/es\/setas-alucinogenas\/accesorios-de-cultivo\/bolsa-de-cria-de-maiz-esteril-2000-cc\/#primaryimage\",\"url\":\"https:\/\/dutchmicrodosing.com\/wp-content\/uploads\/2025\/12\/steriele-maiszak-2000cc.jpg\",\"contentUrl\":\"https:\/\/dutchmicrodosing.com\/wp-content\/uploads\/2025\/12\/steriele-maiszak-2000cc.jpg\",\"width\":1024,\"height\":1024,\"caption\":\"Steriele maiszakken\"},{\"@type\":\"BreadcrumbList\",\"@id\":\"https:\/\/dutchmicrodosing.com\/es\/setas-alucinogenas\/accesorios-de-cultivo\/bolsa-de-cria-de-maiz-esteril-2000-cc\/#breadcrumb\",\"itemListElement\":[{\"@type\":\"ListItem\",\"position\":1,\"name\":\"Home\",\"item\":\"https:\/\/dutchmicrodosing.com\/es\/\"},{\"@type\":\"ListItem\",\"position\":2,\"name\":\"Tienda\",\"item\":\"https:\/\/dutchmicrodosing.com\/es\/tienda\/\"},{\"@type\":\"ListItem\",\"position\":3,\"name\":\"Bolsa de cr\u00eda de ma\u00edz est\u00e9ril &#8211; 2000 cc\"}]},{\"@type\":\"WebSite\",\"@id\":\"https:\/\/dutchmicrodosing.com\/es\/#website\",\"url\":\"https:\/\/dutchmicrodosing.com\/es\/\",\"name\":\"Dutchmicrodosing\",\"description\":\"\",\"publisher\":{\"@id\":\"https:\/\/dutchmicrodosing.com\/es\/#organization\"},\"potentialAction\":[{\"@type\":\"SearchAction\",\"target\":{\"@type\":\"EntryPoint\",\"urlTemplate\":\"https:\/\/dutchmicrodosing.com\/es\/?s={search_term_string}\"},\"query-input\":{\"@type\":\"PropertyValueSpecification\",\"valueRequired\":true,\"valueName\":\"search_term_string\"}}],\"inLanguage\":\"es\"},{\"@type\":\"Organization\",\"@id\":\"https:\/\/dutchmicrodosing.com\/es\/#organization\",\"name\":\"Dutchmicrodosing\",\"url\":\"https:\/\/dutchmicrodosing.com\/es\/\",\"logo\":{\"@type\":\"ImageObject\",\"inLanguage\":\"es\",\"@id\":\"https:\/\/dutchmicrodosing.com\/es\/#\/schema\/logo\/image\/\",\"url\":\"https:\/\/dutchmicrodosing.com\/wp-content\/uploads\/2021\/01\/microdosing-categorie-pic-nieuw.jpg\",\"contentUrl\":\"https:\/\/dutchmicrodosing.com\/wp-content\/uploads\/2021\/01\/microdosing-categorie-pic-nieuw.jpg\",\"width\":500,\"height\":500,\"caption\":\"Dutchmicrodosing\"},\"image\":{\"@id\":\"https:\/\/dutchmicrodosing.com\/es\/#\/schema\/logo\/image\/\"},\"sameAs\":[\"https:\/\/www.facebook.com\/Dutchmicrodosingxp\/\",\"https:\/\/www.instagram.com\/dutchmicrodosing\/\"]}]}<\/script>\n<meta property=\"product:price:amount\" content=\"18.95\" \/>\n<meta property=\"product:price:currency\" content=\"EUR\" \/>\n<meta property=\"og:availability\" content=\"out of stock\" \/>\n<meta property=\"product:availability\" content=\"out of stock\" \/>\n<meta property=\"product:retailer_item_id\" content=\"5209121\" \/>\n<meta property=\"product:condition\" content=\"new\" \/>\n<!-- \/ Yoast SEO Premium plugin. -->","yoast_head_json":{"title":"Bolsa de cr\u00eda de ma\u00edz est\u00e9ril - 2000 cc - Dutchmicrodosing","description":"Bolsa de cr\u00eda de ma\u00edz est\u00e9ril de 2000 cc para el cultivo sencillo de setas. Completamente hidratada, esterilizada y lista para usar.","robots":{"index":"index","follow":"follow","max-snippet":"max-snippet:-1","max-image-preview":"max-image-preview:large","max-video-preview":"max-video-preview:-1"},"canonical":"https:\/\/dutchmicrodosing.com\/es\/setas-alucinogenas\/accesorios-de-cultivo\/bolsa-de-cria-de-maiz-esteril-2000-cc\/","og_locale":"es_ES","og_type":"article","og_title":"Bolsa de cr\u00eda de ma\u00edz est\u00e9ril - 2000 cc","og_description":"Con la Bolsa de cr\u00eda de ma\u00edz est\u00e9ril \u2013 2000 cc lista para usar, tendr\u00e1s directamente una base profesional para el cultivo de diversas especies de setas.","og_url":"https:\/\/dutchmicrodosing.com\/es\/setas-alucinogenas\/accesorios-de-cultivo\/bolsa-de-cria-de-maiz-esteril-2000-cc\/","og_site_name":"Dutchmicrodosing","article_publisher":"https:\/\/www.facebook.com\/Dutchmicrodosingxp\/","article_modified_time":"2025-12-08T10:12:45+00:00","og_image":[{"width":150,"height":150,"url":"https:\/\/dutchmicrodosing.com\/wp-content\/uploads\/2025\/12\/image-_21_.jpeg","type":"image\/jpeg"}],"twitter_card":"summary_large_image","schema":{"@context":"https:\/\/schema.org","@graph":[{"@type":"WebPage","@id":"https:\/\/dutchmicrodosing.com\/es\/setas-alucinogenas\/accesorios-de-cultivo\/bolsa-de-cria-de-maiz-esteril-2000-cc\/","url":"https:\/\/dutchmicrodosing.com\/es\/setas-alucinogenas\/accesorios-de-cultivo\/bolsa-de-cria-de-maiz-esteril-2000-cc\/","name":"Bolsa de cr\u00eda de ma\u00edz est\u00e9ril - 2000 cc - Dutchmicrodosing","isPartOf":{"@id":"https:\/\/dutchmicrodosing.com\/es\/#website"},"primaryImageOfPage":{"@id":"https:\/\/dutchmicrodosing.com\/es\/setas-alucinogenas\/accesorios-de-cultivo\/bolsa-de-cria-de-maiz-esteril-2000-cc\/#primaryimage"},"image":{"@id":"https:\/\/dutchmicrodosing.com\/es\/setas-alucinogenas\/accesorios-de-cultivo\/bolsa-de-cria-de-maiz-esteril-2000-cc\/#primaryimage"},"thumbnailUrl":"https:\/\/dutchmicrodosing.com\/wp-content\/uploads\/2025\/12\/steriele-maiszak-2000cc.jpg","datePublished":"2025-12-03T12:23:41+00:00","dateModified":"2025-12-08T10:12:45+00:00","description":"Bolsa de cr\u00eda de ma\u00edz est\u00e9ril de 2000 cc para el cultivo sencillo de setas. Completamente hidratada, esterilizada y lista para usar.","breadcrumb":{"@id":"https:\/\/dutchmicrodosing.com\/es\/setas-alucinogenas\/accesorios-de-cultivo\/bolsa-de-cria-de-maiz-esteril-2000-cc\/#breadcrumb"},"inLanguage":"es","potentialAction":[{"@type":"ReadAction","target":["https:\/\/dutchmicrodosing.com\/es\/setas-alucinogenas\/accesorios-de-cultivo\/bolsa-de-cria-de-maiz-esteril-2000-cc\/"]}]},{"@type":"ImageObject","inLanguage":"es","@id":"https:\/\/dutchmicrodosing.com\/es\/setas-alucinogenas\/accesorios-de-cultivo\/bolsa-de-cria-de-maiz-esteril-2000-cc\/#primaryimage","url":"https:\/\/dutchmicrodosing.com\/wp-content\/uploads\/2025\/12\/steriele-maiszak-2000cc.jpg","contentUrl":"https:\/\/dutchmicrodosing.com\/wp-content\/uploads\/2025\/12\/steriele-maiszak-2000cc.jpg","width":1024,"height":1024,"caption":"Steriele maiszakken"},{"@type":"BreadcrumbList","@id":"https:\/\/dutchmicrodosing.com\/es\/setas-alucinogenas\/accesorios-de-cultivo\/bolsa-de-cria-de-maiz-esteril-2000-cc\/#breadcrumb","itemListElement":[{"@type":"ListItem","position":1,"name":"Home","item":"https:\/\/dutchmicrodosing.com\/es\/"},{"@type":"ListItem","position":2,"name":"Tienda","item":"https:\/\/dutchmicrodosing.com\/es\/tienda\/"},{"@type":"ListItem","position":3,"name":"Bolsa de cr\u00eda de ma\u00edz est\u00e9ril &#8211; 2000 cc"}]},{"@type":"WebSite","@id":"https:\/\/dutchmicrodosing.com\/es\/#website","url":"https:\/\/dutchmicrodosing.com\/es\/","name":"Dutchmicrodosing","description":"","publisher":{"@id":"https:\/\/dutchmicrodosing.com\/es\/#organization"},"potentialAction":[{"@type":"SearchAction","target":{"@type":"EntryPoint","urlTemplate":"https:\/\/dutchmicrodosing.com\/es\/?s={search_term_string}"},"query-input":{"@type":"PropertyValueSpecification","valueRequired":true,"valueName":"search_term_string"}}],"inLanguage":"es"},{"@type":"Organization","@id":"https:\/\/dutchmicrodosing.com\/es\/#organization","name":"Dutchmicrodosing","url":"https:\/\/dutchmicrodosing.com\/es\/","logo":{"@type":"ImageObject","inLanguage":"es","@id":"https:\/\/dutchmicrodosing.com\/es\/#\/schema\/logo\/image\/","url":"https:\/\/dutchmicrodosing.com\/wp-content\/uploads\/2021\/01\/microdosing-categorie-pic-nieuw.jpg","contentUrl":"https:\/\/dutchmicrodosing.com\/wp-content\/uploads\/2021\/01\/microdosing-categorie-pic-nieuw.jpg","width":500,"height":500,"caption":"Dutchmicrodosing"},"image":{"@id":"https:\/\/dutchmicrodosing.com\/es\/#\/schema\/logo\/image\/"},"sameAs":["https:\/\/www.facebook.com\/Dutchmicrodosingxp\/","https:\/\/www.instagram.com\/dutchmicrodosing\/"]}]},"product_price_amount":"18.95","product_price_currency":"EUR","og_availability":"out of stock","product_availability":"out of stock","product_retailer_item_id":"5209121","product_condition":"new"},"_links":{"self":[{"href":"https:\/\/dutchmicrodosing.com\/es\/wp-json\/wp\/v2\/product\/63275","targetHints":{"allow":["GET"]}}],"collection":[{"href":"https:\/\/dutchmicrodosing.com\/es\/wp-json\/wp\/v2\/product"}],"about":[{"href":"https:\/\/dutchmicrodosing.com\/es\/wp-json\/wp\/v2\/types\/product"}],"replies":[{"embeddable":true,"href":"https:\/\/dutchmicrodosing.com\/es\/wp-json\/wp\/v2\/comments?post=63275"}],"version-history":[{"count":1,"href":"https:\/\/dutchmicrodosing.com\/es\/wp-json\/wp\/v2\/product\/63275\/revisions"}],"predecessor-version":[{"id":63289,"href":"https:\/\/dutchmicrodosing.com\/es\/wp-json\/wp\/v2\/product\/63275\/revisions\/63289"}],"wp:featuredmedia":[{"embeddable":true,"href":"https:\/\/dutchmicrodosing.com\/es\/wp-json\/wp\/v2\/media\/63283"}],"wp:attachment":[{"href":"https:\/\/dutchmicrodosing.com\/es\/wp-json\/wp\/v2\/media?parent=63275"}],"wp:term":[{"taxonomy":"product_brand","embeddable":true,"href":"https:\/\/dutchmicrodosing.com\/es\/wp-json\/wp\/v2\/product_brand?post=63275"},{"taxonomy":"product_cat","embeddable":true,"href":"https:\/\/dutchmicrodosing.com\/es\/wp-json\/wp\/v2\/product_cat?post=63275"},{"taxonomy":"product_tag","embeddable":true,"href":"https:\/\/dutchmicrodosing.com\/es\/wp-json\/wp\/v2\/product_tag?post=63275"}],"curies":[{"name":"wp","href":"https:\/\/api.w.org\/{rel}","templated":true}]}}