{"id":64128,"date":"2026-02-02T15:24:16","date_gmt":"2026-02-02T14:24:16","guid":{"rendered":"https:\/\/dutchmicrodosing.com\/shop\/sin categor\u00eda\/kit-de-cultivo-royale-flush-melmac-116\/"},"modified":"2026-02-02T17:23:01","modified_gmt":"2026-02-02T16:23:01","slug":"kit-de-cultivo-royale-flush-melmac-116","status":"publish","type":"product","link":"https:\/\/dutchmicrodosing.com\/es\/setas-alucinogenas\/kits-de-cultivo-especiales\/kit-de-cultivo-royale-flush-melmac-116\/","title":{"rendered":"Kit de cultivo Royale Flush Melmac 116"},"content":{"rendered":"<p>El <strong>Kit de cultivo Royale Flush Melmac 116<\/strong> es una variante especial de <em>Psilocybe cubensis<\/em> (seta m\u00e1gica) conocida por su fuerte patr\u00f3n de crecimiento y sus setas notablemente grandes. Esta especie suele ser elegida por cultivadores con algo de experiencia que buscan un cultivo con car\u00e1cter, resultados estables y un aspecto impresionante.<\/p>\n<blockquote><p>Melmac 116 es una variante de cubensis desarrollada a partir de la familia Melmac, apreciada por su potente crecimiento, sus setas grandes y sus cosechas consistentes.<\/p><\/blockquote>\n<h2>\u00bfQu\u00e9 es el kit de cultivo Melmac 116?<\/h2>\n<p>Melmac 116 pertenece a la familia <em>Psilocybe cubensis<\/em> y surgi\u00f3 de una selecci\u00f3n rara de la gen\u00e9tica original de Melmac. Gracias a un desarrollo espec\u00edfico, esta variante se ha optimizado para la fuerza de crecimiento y el rendimiento. Esto da como resultado un cultivo que produce setas robustas y, con un buen cuidado, puede proporcionar varias rondas de cosecha.<\/p>\n<h2>Caracter\u00edsticas y forma de crecimiento<\/h2>\n<p>Lo que hace que Melmac 116 sea reconocible de inmediato es el tama\u00f1o de las setas. Crecen de forma compacta y robusta, con tallos gruesos y sombreros anchos. Muchos cultivadores eligen esta especie por la combinaci\u00f3n de apariencia y rendimiento.<\/p>\n<ul>\n<li>Grandes cuerpos fruct\u00edferos con un aspecto macizo<\/li>\n<li>Rendimiento total medio de unos 400\u2013800 gramos<\/li>\n<li>Posibilidad de m\u00faltiples cosechas (normalmente 2\u20133)<\/li>\n<li>Derivado de la conocida gen\u00e9tica Penis Envy<\/li>\n<\/ul>\n<h2>\u00bfQu\u00e9 contiene el kit de cultivo?<\/h2>\n<p>Este kit de cultivo contiene un sustrato cuidadosamente elaborado que ha sido colonizado por completo con micelio de Melmac 116. Todo est\u00e1 preparado de forma est\u00e9ril, para que puedas empezar sin necesidad de nada m\u00e1s.<\/p>\n<ul>\n<li>Kit de cultivo de 1200 cc<\/li>\n<li>Micelio activo de Melmac 116<\/li>\n<li>Sustrato seleccionado para un proceso de cultivo estable<\/li>\n<\/ul>\n<h2>\u00bfC\u00f3mo se utiliza el kit de cultivo Melmac 116?<\/h2>\n<p>El m\u00e9todo de cultivo es similar al de otros kits de cultivo de cubensis, pero requiere un poco m\u00e1s de atenci\u00f3n a las condiciones adecuadas. La tranquilidad, la paciencia y el trabajo limpio son importantes en este caso.<\/p>\n<ul>\n<li>Coloca el kit de cultivo en un lugar limpio y tranquilo<\/li>\n<li>Temperatura recomendada: 20\u201325 \u00b0C<\/li>\n<li>Suficiente luz diurna, sin luz solar directa<\/li>\n<li>Aseg\u00farate de que haya aire fresco con regularidad<\/li>\n<\/ul>\n<p>Las primeras setas suelen aparecer despu\u00e9s de unas 3 o 4 semanas. Despu\u00e9s de la cosecha, puedes volver a utilizar el kit para la siguiente cosecha. Para obtener los mejores resultados, sigue el manual (incluido con el kit de cultivo o disponible en: <span style=\"text-decoration: underline; color: #0000ff;\"><a style=\"text-decoration: underline; color: #0000ff;\" href=\"https:\/\/royaleflush.nl\/es\/growguide\/?v=1a13105b7e4e\">Manual<\/a><\/span>) con explicaciones claras y fotos.<\/p>\n<h2>\u00bfQu\u00e9 puedes esperar de este cultivo?<\/h2>\n<p>Melmac 116 suele ser elegida por los cultivadores que valoran un rendimiento s\u00f3lido y una forma de crecimiento pronunciada. En condiciones estables, el cultivo suele ser fiable. Los resultados finales var\u00edan seg\u00fan el entorno, el usuario y el cuidado.<\/p>\n<h2>\u00bfPara qui\u00e9n es adecuado Melmac 116?<\/h2>\n<p>Este kit de cultivo es adecuado para:<\/p>\n<ul>\n<li>Cultivadores con algo de experiencia<\/li>\n<li>Personas que buscan setas grandes y robustas<\/li>\n<li>Usuarios que quieren obtener m\u00faltiples cosechas de un solo kit<\/li>\n<\/ul>\n<p>\u00bfAcabas de empezar a cultivar? Entonces, una variante de cubensis m\u00e1s sencilla puede ser un primer paso m\u00e1s agradable.<\/p>\n<h2>Alternativas y variantes<\/h2>\n<p>Adem\u00e1s de Melmac 116, dentro de la gama tambi\u00e9n hay otros kits de cultivo de <em>Psilocybe cubensis<\/em> disponibles, incluyendo especies que son m\u00e1s adecuadas para principiantes o variantes con una colonizaci\u00f3n m\u00e1s r\u00e1pida. As\u00ed podr\u00e1s elegir un cultivo que se adapte a tu experiencia y a tus deseos.<\/p>\n<h2>Seguridad y puntos a tener en cuenta<\/h2>\n<p>Aseg\u00farate siempre de utilizar un m\u00e9todo de trabajo higi\u00e9nico y sigue las instrucciones cuidadosamente. Mant\u00e9n el kit de cultivo fuera del alcance de los ni\u00f1os y las mascotas. Este producto est\u00e1 destinado a fines educativos y de colecci\u00f3n.<\/p>\n","protected":false},"excerpt":{"rendered":"<p>El Kit de cultivo Royale Flush Melmac 116 es una variante especial de Psilocybe cubensis (seta m\u00e1gica) conocida por su fuerte patr\u00f3n de crecimiento y sus setas notablemente grandes. Esta especie suele ser elegida por cultivadores con algo de experiencia que buscan un cultivo con car\u00e1cter, resultados estables y un aspecto impresionante. Melmac 116 es [&hellip;]<\/p>\n","protected":false},"featured_media":64126,"comment_status":"closed","ping_status":"closed","template":"","meta":[],"product_brand":[],"product_cat":[407],"product_tag":[],"class_list":{"0":"post-64128","1":"product","2":"type-product","3":"status-publish","4":"has-post-thumbnail","6":"product_cat-kits-de-cultivo-especiales","8":"first","9":"instock","10":"taxable","11":"shipping-taxable","12":"purchasable","13":"product-type-simple"},"yoast_head":"<!-- This site is optimized with the Yoast SEO Premium plugin v26.4 (Yoast SEO v27.4) - https:\/\/yoast.com\/product\/yoast-seo-premium-wordpress\/ -->\n<title>Kit de cultivo Royale Flush Melmac 116 - Dutchmicrodosing<\/title>\n<meta name=\"description\" content=\"Descubre qu\u00e9 es el kit de cultivo Melmac 116, c\u00f3mo se desarrolla el cultivo, qu\u00e9 puedes esperar y para qui\u00e9n es adecuada esta variante de cubensis. \u00a1Incluye manual en PDF!\" \/>\n<meta name=\"robots\" content=\"index, follow, max-snippet:-1, max-image-preview:large, max-video-preview:-1\" \/>\n<link rel=\"canonical\" href=\"https:\/\/dutchmicrodosing.com\/es\/setas-alucinogenas\/kits-de-cultivo-especiales\/kit-de-cultivo-royale-flush-melmac-116\/\" \/>\n<meta property=\"og:locale\" content=\"es_ES\" \/>\n<meta property=\"og:type\" content=\"article\" \/>\n<meta property=\"og:title\" content=\"Kit de cultivo Royale Flush Melmac 116\" \/>\n<meta property=\"og:description\" content=\"El Kit de cultivo Royale Flush Melmac 116 es una variante especial de Psilocybe cubensis (seta m\u00e1gica) conocida por su fuerte patr\u00f3n de crecimiento y sus\" \/>\n<meta property=\"og:url\" content=\"https:\/\/dutchmicrodosing.com\/es\/setas-alucinogenas\/kits-de-cultivo-especiales\/kit-de-cultivo-royale-flush-melmac-116\/\" \/>\n<meta property=\"og:site_name\" content=\"Dutchmicrodosing\" \/>\n<meta property=\"article:publisher\" content=\"https:\/\/www.facebook.com\/Dutchmicrodosingxp\/\" \/>\n<meta property=\"article:modified_time\" content=\"2026-02-02T16:23:01+00:00\" \/>\n<meta property=\"og:image\" content=\"https:\/\/dutchmicrodosing.com\/wp-content\/uploads\/2026\/02\/RoyaleFlush1200ccgrowkit-nobg.webp\" \/>\n\t<meta property=\"og:image:width\" content=\"1548\" \/>\n\t<meta property=\"og:image:height\" content=\"1032\" \/>\n\t<meta property=\"og:image:type\" content=\"image\/webp\" \/>\n<meta name=\"twitter:card\" content=\"summary_large_image\" \/>\n<script type=\"application\/ld+json\" class=\"yoast-schema-graph\">{\"@context\":\"https:\\\/\\\/schema.org\",\"@graph\":[{\"@type\":\"WebPage\",\"@id\":\"https:\\\/\\\/dutchmicrodosing.com\\\/es\\\/setas-alucinogenas\\\/kits-de-cultivo-especiales\\\/kit-de-cultivo-royale-flush-melmac-116\\\/\",\"url\":\"https:\\\/\\\/dutchmicrodosing.com\\\/es\\\/setas-alucinogenas\\\/kits-de-cultivo-especiales\\\/kit-de-cultivo-royale-flush-melmac-116\\\/\",\"name\":\"Kit de cultivo Royale Flush Melmac 116 - Dutchmicrodosing\",\"isPartOf\":{\"@id\":\"https:\\\/\\\/dutchmicrodosing.com\\\/es\\\/#website\"},\"primaryImageOfPage\":{\"@id\":\"https:\\\/\\\/dutchmicrodosing.com\\\/es\\\/setas-alucinogenas\\\/kits-de-cultivo-especiales\\\/kit-de-cultivo-royale-flush-melmac-116\\\/#primaryimage\"},\"image\":{\"@id\":\"https:\\\/\\\/dutchmicrodosing.com\\\/es\\\/setas-alucinogenas\\\/kits-de-cultivo-especiales\\\/kit-de-cultivo-royale-flush-melmac-116\\\/#primaryimage\"},\"thumbnailUrl\":\"https:\\\/\\\/dutchmicrodosing.com\\\/wp-content\\\/uploads\\\/2026\\\/02\\\/RoyaleFlush1200ccgrowkit-nobg.webp\",\"datePublished\":\"2026-02-02T14:24:16+00:00\",\"dateModified\":\"2026-02-02T16:23:01+00:00\",\"description\":\"Descubre qu\u00e9 es el kit de cultivo Melmac 116, c\u00f3mo se desarrolla el cultivo, qu\u00e9 puedes esperar y para qui\u00e9n es adecuada esta variante de cubensis. \u00a1Incluye manual en PDF!\",\"breadcrumb\":{\"@id\":\"https:\\\/\\\/dutchmicrodosing.com\\\/es\\\/setas-alucinogenas\\\/kits-de-cultivo-especiales\\\/kit-de-cultivo-royale-flush-melmac-116\\\/#breadcrumb\"},\"inLanguage\":\"es\",\"potentialAction\":[{\"@type\":\"ReadAction\",\"target\":[\"https:\\\/\\\/dutchmicrodosing.com\\\/es\\\/setas-alucinogenas\\\/kits-de-cultivo-especiales\\\/kit-de-cultivo-royale-flush-melmac-116\\\/\"]}]},{\"@type\":\"ImageObject\",\"inLanguage\":\"es\",\"@id\":\"https:\\\/\\\/dutchmicrodosing.com\\\/es\\\/setas-alucinogenas\\\/kits-de-cultivo-especiales\\\/kit-de-cultivo-royale-flush-melmac-116\\\/#primaryimage\",\"url\":\"https:\\\/\\\/dutchmicrodosing.com\\\/wp-content\\\/uploads\\\/2026\\\/02\\\/RoyaleFlush1200ccgrowkit-nobg.webp\",\"contentUrl\":\"https:\\\/\\\/dutchmicrodosing.com\\\/wp-content\\\/uploads\\\/2026\\\/02\\\/RoyaleFlush1200ccgrowkit-nobg.webp\",\"width\":1548,\"height\":1032,\"caption\":\"Kit de cultivo Royale Flush Melmac 116\"},{\"@type\":\"BreadcrumbList\",\"@id\":\"https:\\\/\\\/dutchmicrodosing.com\\\/es\\\/setas-alucinogenas\\\/kits-de-cultivo-especiales\\\/kit-de-cultivo-royale-flush-melmac-116\\\/#breadcrumb\",\"itemListElement\":[{\"@type\":\"ListItem\",\"position\":1,\"name\":\"Home\",\"item\":\"https:\\\/\\\/dutchmicrodosing.com\\\/es\\\/\"},{\"@type\":\"ListItem\",\"position\":2,\"name\":\"Tienda\",\"item\":\"https:\\\/\\\/dutchmicrodosing.com\\\/es\\\/tienda\\\/\"},{\"@type\":\"ListItem\",\"position\":3,\"name\":\"Kit de cultivo Royale Flush Melmac 116\"}]},{\"@type\":\"WebSite\",\"@id\":\"https:\\\/\\\/dutchmicrodosing.com\\\/es\\\/#website\",\"url\":\"https:\\\/\\\/dutchmicrodosing.com\\\/es\\\/\",\"name\":\"Dutchmicrodosing\",\"description\":\"\",\"publisher\":{\"@id\":\"https:\\\/\\\/dutchmicrodosing.com\\\/es\\\/#organization\"},\"potentialAction\":[{\"@type\":\"SearchAction\",\"target\":{\"@type\":\"EntryPoint\",\"urlTemplate\":\"https:\\\/\\\/dutchmicrodosing.com\\\/es\\\/?s={search_term_string}\"},\"query-input\":{\"@type\":\"PropertyValueSpecification\",\"valueRequired\":true,\"valueName\":\"search_term_string\"}}],\"inLanguage\":\"es\"},{\"@type\":\"Organization\",\"@id\":\"https:\\\/\\\/dutchmicrodosing.com\\\/es\\\/#organization\",\"name\":\"Dutchmicrodosing\",\"url\":\"https:\\\/\\\/dutchmicrodosing.com\\\/es\\\/\",\"logo\":{\"@type\":\"ImageObject\",\"inLanguage\":\"es\",\"@id\":\"https:\\\/\\\/dutchmicrodosing.com\\\/es\\\/#\\\/schema\\\/logo\\\/image\\\/\",\"url\":\"https:\\\/\\\/dutchmicrodosing.com\\\/wp-content\\\/uploads\\\/2021\\\/01\\\/microdosing-categorie-pic-nieuw.jpg\",\"contentUrl\":\"https:\\\/\\\/dutchmicrodosing.com\\\/wp-content\\\/uploads\\\/2021\\\/01\\\/microdosing-categorie-pic-nieuw.jpg\",\"width\":500,\"height\":500,\"caption\":\"Dutchmicrodosing\"},\"image\":{\"@id\":\"https:\\\/\\\/dutchmicrodosing.com\\\/es\\\/#\\\/schema\\\/logo\\\/image\\\/\"},\"sameAs\":[\"https:\\\/\\\/www.facebook.com\\\/Dutchmicrodosingxp\\\/\",\"https:\\\/\\\/www.instagram.com\\\/dutchmicrodosing\\\/\"]}]}<\/script>\n<meta property=\"product:price:amount\" content=\"37.50\" \/>\n<meta property=\"product:price:currency\" content=\"EUR\" \/>\n<meta property=\"og:availability\" content=\"instock\" \/>\n<meta property=\"product:availability\" content=\"instock\" \/>\n<meta property=\"product:retailer_item_id\" content=\"6201703\" \/>\n<meta property=\"product:condition\" content=\"new\" \/>\n<!-- \/ Yoast SEO Premium plugin. -->","yoast_head_json":{"title":"Kit de cultivo Royale Flush Melmac 116 - Dutchmicrodosing","description":"Descubre qu\u00e9 es el kit de cultivo Melmac 116, c\u00f3mo se desarrolla el cultivo, qu\u00e9 puedes esperar y para qui\u00e9n es adecuada esta variante de cubensis. \u00a1Incluye manual en PDF!","robots":{"index":"index","follow":"follow","max-snippet":"max-snippet:-1","max-image-preview":"max-image-preview:large","max-video-preview":"max-video-preview:-1"},"canonical":"https:\/\/dutchmicrodosing.com\/es\/setas-alucinogenas\/kits-de-cultivo-especiales\/kit-de-cultivo-royale-flush-melmac-116\/","og_locale":"es_ES","og_type":"article","og_title":"Kit de cultivo Royale Flush Melmac 116","og_description":"El Kit de cultivo Royale Flush Melmac 116 es una variante especial de Psilocybe cubensis (seta m\u00e1gica) conocida por su fuerte patr\u00f3n de crecimiento y sus","og_url":"https:\/\/dutchmicrodosing.com\/es\/setas-alucinogenas\/kits-de-cultivo-especiales\/kit-de-cultivo-royale-flush-melmac-116\/","og_site_name":"Dutchmicrodosing","article_publisher":"https:\/\/www.facebook.com\/Dutchmicrodosingxp\/","article_modified_time":"2026-02-02T16:23:01+00:00","og_image":[{"width":1548,"height":1032,"url":"https:\/\/dutchmicrodosing.com\/wp-content\/uploads\/2026\/02\/RoyaleFlush1200ccgrowkit-nobg.webp","type":"image\/webp"}],"twitter_card":"summary_large_image","schema":{"@context":"https:\/\/schema.org","@graph":[{"@type":"WebPage","@id":"https:\/\/dutchmicrodosing.com\/es\/setas-alucinogenas\/kits-de-cultivo-especiales\/kit-de-cultivo-royale-flush-melmac-116\/","url":"https:\/\/dutchmicrodosing.com\/es\/setas-alucinogenas\/kits-de-cultivo-especiales\/kit-de-cultivo-royale-flush-melmac-116\/","name":"Kit de cultivo Royale Flush Melmac 116 - Dutchmicrodosing","isPartOf":{"@id":"https:\/\/dutchmicrodosing.com\/es\/#website"},"primaryImageOfPage":{"@id":"https:\/\/dutchmicrodosing.com\/es\/setas-alucinogenas\/kits-de-cultivo-especiales\/kit-de-cultivo-royale-flush-melmac-116\/#primaryimage"},"image":{"@id":"https:\/\/dutchmicrodosing.com\/es\/setas-alucinogenas\/kits-de-cultivo-especiales\/kit-de-cultivo-royale-flush-melmac-116\/#primaryimage"},"thumbnailUrl":"https:\/\/dutchmicrodosing.com\/wp-content\/uploads\/2026\/02\/RoyaleFlush1200ccgrowkit-nobg.webp","datePublished":"2026-02-02T14:24:16+00:00","dateModified":"2026-02-02T16:23:01+00:00","description":"Descubre qu\u00e9 es el kit de cultivo Melmac 116, c\u00f3mo se desarrolla el cultivo, qu\u00e9 puedes esperar y para qui\u00e9n es adecuada esta variante de cubensis. \u00a1Incluye manual en PDF!","breadcrumb":{"@id":"https:\/\/dutchmicrodosing.com\/es\/setas-alucinogenas\/kits-de-cultivo-especiales\/kit-de-cultivo-royale-flush-melmac-116\/#breadcrumb"},"inLanguage":"es","potentialAction":[{"@type":"ReadAction","target":["https:\/\/dutchmicrodosing.com\/es\/setas-alucinogenas\/kits-de-cultivo-especiales\/kit-de-cultivo-royale-flush-melmac-116\/"]}]},{"@type":"ImageObject","inLanguage":"es","@id":"https:\/\/dutchmicrodosing.com\/es\/setas-alucinogenas\/kits-de-cultivo-especiales\/kit-de-cultivo-royale-flush-melmac-116\/#primaryimage","url":"https:\/\/dutchmicrodosing.com\/wp-content\/uploads\/2026\/02\/RoyaleFlush1200ccgrowkit-nobg.webp","contentUrl":"https:\/\/dutchmicrodosing.com\/wp-content\/uploads\/2026\/02\/RoyaleFlush1200ccgrowkit-nobg.webp","width":1548,"height":1032,"caption":"Kit de cultivo Royale Flush Melmac 116"},{"@type":"BreadcrumbList","@id":"https:\/\/dutchmicrodosing.com\/es\/setas-alucinogenas\/kits-de-cultivo-especiales\/kit-de-cultivo-royale-flush-melmac-116\/#breadcrumb","itemListElement":[{"@type":"ListItem","position":1,"name":"Home","item":"https:\/\/dutchmicrodosing.com\/es\/"},{"@type":"ListItem","position":2,"name":"Tienda","item":"https:\/\/dutchmicrodosing.com\/es\/tienda\/"},{"@type":"ListItem","position":3,"name":"Kit de cultivo Royale Flush Melmac 116"}]},{"@type":"WebSite","@id":"https:\/\/dutchmicrodosing.com\/es\/#website","url":"https:\/\/dutchmicrodosing.com\/es\/","name":"Dutchmicrodosing","description":"","publisher":{"@id":"https:\/\/dutchmicrodosing.com\/es\/#organization"},"potentialAction":[{"@type":"SearchAction","target":{"@type":"EntryPoint","urlTemplate":"https:\/\/dutchmicrodosing.com\/es\/?s={search_term_string}"},"query-input":{"@type":"PropertyValueSpecification","valueRequired":true,"valueName":"search_term_string"}}],"inLanguage":"es"},{"@type":"Organization","@id":"https:\/\/dutchmicrodosing.com\/es\/#organization","name":"Dutchmicrodosing","url":"https:\/\/dutchmicrodosing.com\/es\/","logo":{"@type":"ImageObject","inLanguage":"es","@id":"https:\/\/dutchmicrodosing.com\/es\/#\/schema\/logo\/image\/","url":"https:\/\/dutchmicrodosing.com\/wp-content\/uploads\/2021\/01\/microdosing-categorie-pic-nieuw.jpg","contentUrl":"https:\/\/dutchmicrodosing.com\/wp-content\/uploads\/2021\/01\/microdosing-categorie-pic-nieuw.jpg","width":500,"height":500,"caption":"Dutchmicrodosing"},"image":{"@id":"https:\/\/dutchmicrodosing.com\/es\/#\/schema\/logo\/image\/"},"sameAs":["https:\/\/www.facebook.com\/Dutchmicrodosingxp\/","https:\/\/www.instagram.com\/dutchmicrodosing\/"]}]},"product_price_amount":"37.50","product_price_currency":"EUR","og_availability":"instock","product_availability":"instock","product_retailer_item_id":"6201703","product_condition":"new"},"_links":{"self":[{"href":"https:\/\/dutchmicrodosing.com\/es\/wp-json\/wp\/v2\/product\/64128","targetHints":{"allow":["GET"]}}],"collection":[{"href":"https:\/\/dutchmicrodosing.com\/es\/wp-json\/wp\/v2\/product"}],"about":[{"href":"https:\/\/dutchmicrodosing.com\/es\/wp-json\/wp\/v2\/types\/product"}],"replies":[{"embeddable":true,"href":"https:\/\/dutchmicrodosing.com\/es\/wp-json\/wp\/v2\/comments?post=64128"}],"version-history":[{"count":0,"href":"https:\/\/dutchmicrodosing.com\/es\/wp-json\/wp\/v2\/product\/64128\/revisions"}],"wp:featuredmedia":[{"embeddable":true,"href":"https:\/\/dutchmicrodosing.com\/es\/wp-json\/wp\/v2\/media\/64126"}],"wp:attachment":[{"href":"https:\/\/dutchmicrodosing.com\/es\/wp-json\/wp\/v2\/media?parent=64128"}],"wp:term":[{"taxonomy":"product_brand","embeddable":true,"href":"https:\/\/dutchmicrodosing.com\/es\/wp-json\/wp\/v2\/product_brand?post=64128"},{"taxonomy":"product_cat","embeddable":true,"href":"https:\/\/dutchmicrodosing.com\/es\/wp-json\/wp\/v2\/product_cat?post=64128"},{"taxonomy":"product_tag","embeddable":true,"href":"https:\/\/dutchmicrodosing.com\/es\/wp-json\/wp\/v2\/product_tag?post=64128"}],"curies":[{"name":"wp","href":"https:\/\/api.w.org\/{rel}","templated":true}]}}