{"id":64154,"date":"2026-02-03T05:28:38","date_gmt":"2026-02-03T04:28:38","guid":{"rendered":"https:\/\/dutchmicrodosing.com\/shop\/sin%20categor\u00eda\/kit-de-cultivo-de-setas-ape221-albino-penis-envy\/"},"modified":"2026-02-03T16:47:14","modified_gmt":"2026-02-03T15:47:14","slug":"kit-de-cultivo-de-setas-ape221-albino-penis-envy","status":"publish","type":"product","link":"https:\/\/dutchmicrodosing.com\/es\/setas-alucinogenas\/kits-de-cultivo-mystic-fungi\/kit-de-cultivo-de-setas-ape221-albino-penis-envy\/","title":{"rendered":"Kit de cultivo de setas APE221 (Albino Penis Envy)"},"content":{"rendered":"<p>El <strong>kit de cultivo de setas APE221 (Albino Penis Envy)<\/strong> de Mystic Fungi te proporciona todo lo que necesitas para cultivar tus propias setas en casa de forma sencilla y con \u00e9xito. Esta variante especial de Psilocybe cubensis, procedente de la l\u00ednea Albino Penis Envy, se reconoce por sus tallos firmes, sombreros claros y aspecto llamativo. Ideal para cultivadores que buscan algo especial y potente.<\/p>\n<h2>Caracter\u00edsticas<\/h2>\n<ul>\n<li>Enfoque de cultivo innovador con mayor rendimiento que los kits de cultivo regulares.<\/li>\n<li>Rendimiento de hasta 700 gramos de setas frescas por kit aproximadamente.<\/li>\n<li>No necesita atenci\u00f3n diaria: no es necesario abrir ni rociar.<\/li>\n<li>Solo se requiere suficiente aire fresco.<\/li>\n<li>Primera cosecha posible despu\u00e9s de 2\u20133 semanas.<\/li>\n<li>Se entrega con un pr\u00e1ctico clip para la bolsa: no es necesario sellar.<\/li>\n<li>Apto tanto para cultivadores principiantes como experimentados.<\/li>\n<\/ul>\n<h2>Ingredientes y\/o composici\u00f3n<\/h2>\n<p>El kit de cultivo consta de una bandeja de cultivo resistente con sustrato completamente colonizado, inoculado con la cepa APE221 de Psilocybe cubensis. Adem\u00e1s, el kit contiene una bolsa de cultivo y un clip para cerrar bien la bolsa.<\/p>\n<h2>Utilice<\/h2>\n<p>Coloca el kit de cultivo en la bolsa de cultivo suministrada, ci\u00e9rrala con el clip adjunto y aseg\u00farate de que haya suficiente ventilaci\u00f3n. No se necesitan manipulaciones adicionales, como rociar o abrir diariamente. Despu\u00e9s de aproximadamente 2 a 3 semanas, puedes esperar la primera cosecha. Para obtener resultados \u00f3ptimos, sigue las instrucciones adjuntas cuidadosamente.<\/p>\n<h2>Instrucciones para configurar el kit de cultivo APE221<\/h2>\n<p>Aseg\u00farate de tener un entorno de trabajo limpio para evitar la contaminaci\u00f3n por microorganismos no deseados. Es esencial trabajar de forma higi\u00e9nica. Utiliza exclusivamente agua del grifo limpia o agua mineral al rociar y remojar el kit de cultivo. El agua destilada o desmineralizada no es adecuada para esto.<\/p>\n<ol>\n<li>Saca la bolsa del embalaje y desenvu\u00e9lvela por completo.<\/li>\n<li>Abre la bolsa retirando el clip herm\u00e9tico de la parte superior. Deja entrar con cuidado un poco de aire fresco en la bolsa estir\u00e1ndola suavemente y luego ci\u00e9rrala de nuevo con el clip. Para limitar el crecimiento en los lados del sustrato, puedes colocar una goma el\u00e1stica alrededor del exterior de la bolsa, aproximadamente 1,5 cm por debajo del borde superior del sustrato.<\/li>\n<li>Sigue el desarrollo: vigila de cerca la bolsa tan pronto como empiecen a crecer las setas. Durante las dos primeras rondas no es necesario regar. Cuando los sombreros se abren, ha llegado el momento de la cosecha. Atenci\u00f3n: no todas las especies forman un velo o dejan caer esporas.<\/li>\n<li>Cosecha: Aseg\u00farate de un entorno higi\u00e9nico desinfectando tus manos con alcohol y preferiblemente usando guantes. Gira las setas con cuidado en el sentido de las agujas del reloj para soltarlas. Cosecha tan pronto como los sombreros comiencen a abrirse para obtener la mejor potencia. Dependiendo de las circunstancias y la especie, las setas estar\u00e1n listas para cosechar despu\u00e9s de dos a cuatro semanas.<\/li>\n<li>Mantenimiento despu\u00e9s de la cosecha: Despu\u00e9s del segundo flush, a\u00f1ade una peque\u00f1a cantidad de agua (aproximadamente un tercio hasta el nivel del sustrato). Cierra la bolsa herm\u00e9ticamente con el clip y vuelve a proporcionar aire fresco retirando y volviendo a colocar el clip brevemente. Desecha el exceso de agua que no se haya absorbido despu\u00e9s de doce horas.<\/li>\n<li>Control de temperatura: Mant\u00e9n la temperatura lo m\u00e1s constante posible entre 20 y 25 grados Celsius (68\u201377 \u00b0F) para un crecimiento \u00f3ptimo. Evita grandes fluctuaciones de temperatura.<\/li>\n<li>Cosechas posteriores: Puedes contar con un m\u00ednimo de dos cosechas por bolsa, pero a veces tambi\u00e9n son posibles tres o incluso cuatro rondas. Despu\u00e9s de cada cosecha, cierra la bolsa de nuevo y a\u00f1ade agua para estimular un nuevo crecimiento.<\/li>\n<\/ol>\n<h2>Contenido<\/h2>\n<ul>\n<li>1\u00d7 Kit de cultivo de setas m\u00e1gicas APE221<\/li>\n<li>1\u00d7 bolsa de cultivo con filtro<\/li>\n<li>1\u00d7 clip de cierre<\/li>\n<li>Manual detallado<\/li>\n<li>Rendimiento: hasta 700 gramos de setas frescas<\/li>\n<\/ul>\n<h2>\u00bfC\u00f3mo guardo el kit de cultivo?<\/h2>\n<p>Para obtener el mejor resultado, comienza a cultivar directamente despu\u00e9s de recibir el kit. Si quieres empezar m\u00e1s tarde, lo que puede influir en la calidad, puedes guardar el kit de cultivo en el frigor\u00edfico durante un m\u00e1ximo de dos semanas a una temperatura de 2 \u00b0C a 8 \u00b0C. Deja la bolsa de cultivo con micelio en la caja original y col\u00f3cala en un frigor\u00edfico limpio y libre de moho. Para mayor protecci\u00f3n, puedes poner el kit en una bolsa de pl\u00e1stico limpia o en una bolsa de cultivo adicional.<\/p>\n","protected":false},"excerpt":{"rendered":"<p>El kit de cultivo de setas APE221 (Albino Penis Envy) de Mystic Fungi te proporciona todo lo que necesitas para cultivar tus propias setas en casa de forma sencilla y con \u00e9xito. Esta variante especial de Psilocybe cubensis, procedente de la l\u00ednea Albino Penis Envy, se reconoce por sus tallos firmes, sombreros claros y aspecto [&hellip;]<\/p>\n","protected":false},"featured_media":64151,"comment_status":"closed","ping_status":"closed","template":"","meta":[],"product_brand":[],"product_cat":[345],"product_tag":[],"class_list":{"0":"post-64154","1":"product","2":"type-product","3":"status-publish","4":"has-post-thumbnail","6":"product_cat-kits-de-cultivo-mystic-fungi","8":"first","9":"instock","10":"taxable","11":"shipping-taxable","12":"purchasable","13":"product-type-simple"},"yoast_head":"<!-- This site is optimized with the Yoast SEO Premium plugin v26.4 (Yoast SEO v27.2) - https:\/\/yoast.com\/product\/yoast-seo-premium-wordpress\/ -->\n<title>Kit de cultivo de setas APE221 (Albino Penis Envy) - Dutchmicrodosing<\/title>\n<meta name=\"description\" content=\"Kit de cultivo de setas APE221 (Albino Penis Envy) para uso dom\u00e9stico. Set completo, f\u00e1cil de instalar y con poco mantenimiento.\" \/>\n<meta name=\"robots\" content=\"index, follow, max-snippet:-1, max-image-preview:large, max-video-preview:-1\" \/>\n<link rel=\"canonical\" href=\"https:\/\/dutchmicrodosing.com\/es\/setas-alucinogenas\/kits-de-cultivo-mystic-fungi\/kit-de-cultivo-de-setas-ape221-albino-penis-envy\/\" \/>\n<meta property=\"og:locale\" content=\"es_ES\" \/>\n<meta property=\"og:type\" content=\"article\" \/>\n<meta property=\"og:title\" content=\"Kit de cultivo de setas APE221 (Albino Penis Envy)\" \/>\n<meta property=\"og:description\" content=\"El kit de cultivo de setas APE221 (Albino Penis Envy) de Mystic Fungi te proporciona todo lo que necesitas para cultivar tus propias setas en casa de\" \/>\n<meta property=\"og:url\" content=\"https:\/\/dutchmicrodosing.com\/es\/setas-alucinogenas\/kits-de-cultivo-mystic-fungi\/kit-de-cultivo-de-setas-ape221-albino-penis-envy\/\" \/>\n<meta property=\"og:site_name\" content=\"Dutchmicrodosing\" \/>\n<meta property=\"article:publisher\" content=\"https:\/\/www.facebook.com\/Dutchmicrodosingxp\/\" \/>\n<meta property=\"article:modified_time\" content=\"2026-02-03T15:47:14+00:00\" \/>\n<meta property=\"og:image\" content=\"https:\/\/dutchmicrodosing.com\/wp-content\/uploads\/2026\/02\/APE221-1-600x600-1.png\" \/>\n\t<meta property=\"og:image:width\" content=\"600\" \/>\n\t<meta property=\"og:image:height\" content=\"600\" \/>\n\t<meta property=\"og:image:type\" content=\"image\/png\" \/>\n<meta name=\"twitter:card\" content=\"summary_large_image\" \/>\n<script type=\"application\/ld+json\" class=\"yoast-schema-graph\">{\"@context\":\"https:\/\/schema.org\",\"@graph\":[{\"@type\":\"WebPage\",\"@id\":\"https:\/\/dutchmicrodosing.com\/es\/setas-alucinogenas\/kits-de-cultivo-mystic-fungi\/kit-de-cultivo-de-setas-ape221-albino-penis-envy\/\",\"url\":\"https:\/\/dutchmicrodosing.com\/es\/setas-alucinogenas\/kits-de-cultivo-mystic-fungi\/kit-de-cultivo-de-setas-ape221-albino-penis-envy\/\",\"name\":\"Kit de cultivo de setas APE221 (Albino Penis Envy) - Dutchmicrodosing\",\"isPartOf\":{\"@id\":\"https:\/\/dutchmicrodosing.com\/es\/#website\"},\"primaryImageOfPage\":{\"@id\":\"https:\/\/dutchmicrodosing.com\/es\/setas-alucinogenas\/kits-de-cultivo-mystic-fungi\/kit-de-cultivo-de-setas-ape221-albino-penis-envy\/#primaryimage\"},\"image\":{\"@id\":\"https:\/\/dutchmicrodosing.com\/es\/setas-alucinogenas\/kits-de-cultivo-mystic-fungi\/kit-de-cultivo-de-setas-ape221-albino-penis-envy\/#primaryimage\"},\"thumbnailUrl\":\"https:\/\/dutchmicrodosing.com\/wp-content\/uploads\/2026\/02\/APE221-1-600x600-1.png\",\"datePublished\":\"2026-02-03T04:28:38+00:00\",\"dateModified\":\"2026-02-03T15:47:14+00:00\",\"description\":\"Kit de cultivo de setas APE221 (Albino Penis Envy) para uso dom\u00e9stico. Set completo, f\u00e1cil de instalar y con poco mantenimiento.\",\"breadcrumb\":{\"@id\":\"https:\/\/dutchmicrodosing.com\/es\/setas-alucinogenas\/kits-de-cultivo-mystic-fungi\/kit-de-cultivo-de-setas-ape221-albino-penis-envy\/#breadcrumb\"},\"inLanguage\":\"es\",\"potentialAction\":[{\"@type\":\"ReadAction\",\"target\":[\"https:\/\/dutchmicrodosing.com\/es\/setas-alucinogenas\/kits-de-cultivo-mystic-fungi\/kit-de-cultivo-de-setas-ape221-albino-penis-envy\/\"]}]},{\"@type\":\"ImageObject\",\"inLanguage\":\"es\",\"@id\":\"https:\/\/dutchmicrodosing.com\/es\/setas-alucinogenas\/kits-de-cultivo-mystic-fungi\/kit-de-cultivo-de-setas-ape221-albino-penis-envy\/#primaryimage\",\"url\":\"https:\/\/dutchmicrodosing.com\/wp-content\/uploads\/2026\/02\/APE221-1-600x600-1.png\",\"contentUrl\":\"https:\/\/dutchmicrodosing.com\/wp-content\/uploads\/2026\/02\/APE221-1-600x600-1.png\",\"width\":600,\"height\":600,\"caption\":\"Kit de cultivo de setas APE221 (Albino Penis Envy)\"},{\"@type\":\"BreadcrumbList\",\"@id\":\"https:\/\/dutchmicrodosing.com\/es\/setas-alucinogenas\/kits-de-cultivo-mystic-fungi\/kit-de-cultivo-de-setas-ape221-albino-penis-envy\/#breadcrumb\",\"itemListElement\":[{\"@type\":\"ListItem\",\"position\":1,\"name\":\"Home\",\"item\":\"https:\/\/dutchmicrodosing.com\/es\/\"},{\"@type\":\"ListItem\",\"position\":2,\"name\":\"Tienda\",\"item\":\"https:\/\/dutchmicrodosing.com\/es\/tienda\/\"},{\"@type\":\"ListItem\",\"position\":3,\"name\":\"Kit de cultivo de setas APE221 (Albino Penis Envy)\"}]},{\"@type\":\"WebSite\",\"@id\":\"https:\/\/dutchmicrodosing.com\/es\/#website\",\"url\":\"https:\/\/dutchmicrodosing.com\/es\/\",\"name\":\"Dutchmicrodosing\",\"description\":\"\",\"publisher\":{\"@id\":\"https:\/\/dutchmicrodosing.com\/es\/#organization\"},\"potentialAction\":[{\"@type\":\"SearchAction\",\"target\":{\"@type\":\"EntryPoint\",\"urlTemplate\":\"https:\/\/dutchmicrodosing.com\/es\/?s={search_term_string}\"},\"query-input\":{\"@type\":\"PropertyValueSpecification\",\"valueRequired\":true,\"valueName\":\"search_term_string\"}}],\"inLanguage\":\"es\"},{\"@type\":\"Organization\",\"@id\":\"https:\/\/dutchmicrodosing.com\/es\/#organization\",\"name\":\"Dutchmicrodosing\",\"url\":\"https:\/\/dutchmicrodosing.com\/es\/\",\"logo\":{\"@type\":\"ImageObject\",\"inLanguage\":\"es\",\"@id\":\"https:\/\/dutchmicrodosing.com\/es\/#\/schema\/logo\/image\/\",\"url\":\"https:\/\/dutchmicrodosing.com\/wp-content\/uploads\/2021\/01\/microdosing-categorie-pic-nieuw.jpg\",\"contentUrl\":\"https:\/\/dutchmicrodosing.com\/wp-content\/uploads\/2021\/01\/microdosing-categorie-pic-nieuw.jpg\",\"width\":500,\"height\":500,\"caption\":\"Dutchmicrodosing\"},\"image\":{\"@id\":\"https:\/\/dutchmicrodosing.com\/es\/#\/schema\/logo\/image\/\"},\"sameAs\":[\"https:\/\/www.facebook.com\/Dutchmicrodosingxp\/\",\"https:\/\/www.instagram.com\/dutchmicrodosing\/\"]}]}<\/script>\n<meta property=\"product:price:amount\" content=\"44.95\" \/>\n<meta property=\"product:price:currency\" content=\"EUR\" \/>\n<meta property=\"og:availability\" content=\"instock\" \/>\n<meta property=\"product:availability\" content=\"instock\" \/>\n<meta property=\"product:condition\" content=\"new\" \/>\n<!-- \/ Yoast SEO Premium plugin. -->","yoast_head_json":{"title":"Kit de cultivo de setas APE221 (Albino Penis Envy) - Dutchmicrodosing","description":"Kit de cultivo de setas APE221 (Albino Penis Envy) para uso dom\u00e9stico. Set completo, f\u00e1cil de instalar y con poco mantenimiento.","robots":{"index":"index","follow":"follow","max-snippet":"max-snippet:-1","max-image-preview":"max-image-preview:large","max-video-preview":"max-video-preview:-1"},"canonical":"https:\/\/dutchmicrodosing.com\/es\/setas-alucinogenas\/kits-de-cultivo-mystic-fungi\/kit-de-cultivo-de-setas-ape221-albino-penis-envy\/","og_locale":"es_ES","og_type":"article","og_title":"Kit de cultivo de setas APE221 (Albino Penis Envy)","og_description":"El kit de cultivo de setas APE221 (Albino Penis Envy) de Mystic Fungi te proporciona todo lo que necesitas para cultivar tus propias setas en casa de","og_url":"https:\/\/dutchmicrodosing.com\/es\/setas-alucinogenas\/kits-de-cultivo-mystic-fungi\/kit-de-cultivo-de-setas-ape221-albino-penis-envy\/","og_site_name":"Dutchmicrodosing","article_publisher":"https:\/\/www.facebook.com\/Dutchmicrodosingxp\/","article_modified_time":"2026-02-03T15:47:14+00:00","og_image":[{"width":600,"height":600,"url":"https:\/\/dutchmicrodosing.com\/wp-content\/uploads\/2026\/02\/APE221-1-600x600-1.png","type":"image\/png"}],"twitter_card":"summary_large_image","schema":{"@context":"https:\/\/schema.org","@graph":[{"@type":"WebPage","@id":"https:\/\/dutchmicrodosing.com\/es\/setas-alucinogenas\/kits-de-cultivo-mystic-fungi\/kit-de-cultivo-de-setas-ape221-albino-penis-envy\/","url":"https:\/\/dutchmicrodosing.com\/es\/setas-alucinogenas\/kits-de-cultivo-mystic-fungi\/kit-de-cultivo-de-setas-ape221-albino-penis-envy\/","name":"Kit de cultivo de setas APE221 (Albino Penis Envy) - Dutchmicrodosing","isPartOf":{"@id":"https:\/\/dutchmicrodosing.com\/es\/#website"},"primaryImageOfPage":{"@id":"https:\/\/dutchmicrodosing.com\/es\/setas-alucinogenas\/kits-de-cultivo-mystic-fungi\/kit-de-cultivo-de-setas-ape221-albino-penis-envy\/#primaryimage"},"image":{"@id":"https:\/\/dutchmicrodosing.com\/es\/setas-alucinogenas\/kits-de-cultivo-mystic-fungi\/kit-de-cultivo-de-setas-ape221-albino-penis-envy\/#primaryimage"},"thumbnailUrl":"https:\/\/dutchmicrodosing.com\/wp-content\/uploads\/2026\/02\/APE221-1-600x600-1.png","datePublished":"2026-02-03T04:28:38+00:00","dateModified":"2026-02-03T15:47:14+00:00","description":"Kit de cultivo de setas APE221 (Albino Penis Envy) para uso dom\u00e9stico. Set completo, f\u00e1cil de instalar y con poco mantenimiento.","breadcrumb":{"@id":"https:\/\/dutchmicrodosing.com\/es\/setas-alucinogenas\/kits-de-cultivo-mystic-fungi\/kit-de-cultivo-de-setas-ape221-albino-penis-envy\/#breadcrumb"},"inLanguage":"es","potentialAction":[{"@type":"ReadAction","target":["https:\/\/dutchmicrodosing.com\/es\/setas-alucinogenas\/kits-de-cultivo-mystic-fungi\/kit-de-cultivo-de-setas-ape221-albino-penis-envy\/"]}]},{"@type":"ImageObject","inLanguage":"es","@id":"https:\/\/dutchmicrodosing.com\/es\/setas-alucinogenas\/kits-de-cultivo-mystic-fungi\/kit-de-cultivo-de-setas-ape221-albino-penis-envy\/#primaryimage","url":"https:\/\/dutchmicrodosing.com\/wp-content\/uploads\/2026\/02\/APE221-1-600x600-1.png","contentUrl":"https:\/\/dutchmicrodosing.com\/wp-content\/uploads\/2026\/02\/APE221-1-600x600-1.png","width":600,"height":600,"caption":"Kit de cultivo de setas APE221 (Albino Penis Envy)"},{"@type":"BreadcrumbList","@id":"https:\/\/dutchmicrodosing.com\/es\/setas-alucinogenas\/kits-de-cultivo-mystic-fungi\/kit-de-cultivo-de-setas-ape221-albino-penis-envy\/#breadcrumb","itemListElement":[{"@type":"ListItem","position":1,"name":"Home","item":"https:\/\/dutchmicrodosing.com\/es\/"},{"@type":"ListItem","position":2,"name":"Tienda","item":"https:\/\/dutchmicrodosing.com\/es\/tienda\/"},{"@type":"ListItem","position":3,"name":"Kit de cultivo de setas APE221 (Albino Penis Envy)"}]},{"@type":"WebSite","@id":"https:\/\/dutchmicrodosing.com\/es\/#website","url":"https:\/\/dutchmicrodosing.com\/es\/","name":"Dutchmicrodosing","description":"","publisher":{"@id":"https:\/\/dutchmicrodosing.com\/es\/#organization"},"potentialAction":[{"@type":"SearchAction","target":{"@type":"EntryPoint","urlTemplate":"https:\/\/dutchmicrodosing.com\/es\/?s={search_term_string}"},"query-input":{"@type":"PropertyValueSpecification","valueRequired":true,"valueName":"search_term_string"}}],"inLanguage":"es"},{"@type":"Organization","@id":"https:\/\/dutchmicrodosing.com\/es\/#organization","name":"Dutchmicrodosing","url":"https:\/\/dutchmicrodosing.com\/es\/","logo":{"@type":"ImageObject","inLanguage":"es","@id":"https:\/\/dutchmicrodosing.com\/es\/#\/schema\/logo\/image\/","url":"https:\/\/dutchmicrodosing.com\/wp-content\/uploads\/2021\/01\/microdosing-categorie-pic-nieuw.jpg","contentUrl":"https:\/\/dutchmicrodosing.com\/wp-content\/uploads\/2021\/01\/microdosing-categorie-pic-nieuw.jpg","width":500,"height":500,"caption":"Dutchmicrodosing"},"image":{"@id":"https:\/\/dutchmicrodosing.com\/es\/#\/schema\/logo\/image\/"},"sameAs":["https:\/\/www.facebook.com\/Dutchmicrodosingxp\/","https:\/\/www.instagram.com\/dutchmicrodosing\/"]}]},"product_price_amount":"44.95","product_price_currency":"EUR","og_availability":"instock","product_availability":"instock","product_condition":"new"},"_links":{"self":[{"href":"https:\/\/dutchmicrodosing.com\/es\/wp-json\/wp\/v2\/product\/64154","targetHints":{"allow":["GET"]}}],"collection":[{"href":"https:\/\/dutchmicrodosing.com\/es\/wp-json\/wp\/v2\/product"}],"about":[{"href":"https:\/\/dutchmicrodosing.com\/es\/wp-json\/wp\/v2\/types\/product"}],"replies":[{"embeddable":true,"href":"https:\/\/dutchmicrodosing.com\/es\/wp-json\/wp\/v2\/comments?post=64154"}],"version-history":[{"count":1,"href":"https:\/\/dutchmicrodosing.com\/es\/wp-json\/wp\/v2\/product\/64154\/revisions"}],"predecessor-version":[{"id":64339,"href":"https:\/\/dutchmicrodosing.com\/es\/wp-json\/wp\/v2\/product\/64154\/revisions\/64339"}],"wp:featuredmedia":[{"embeddable":true,"href":"https:\/\/dutchmicrodosing.com\/es\/wp-json\/wp\/v2\/media\/64151"}],"wp:attachment":[{"href":"https:\/\/dutchmicrodosing.com\/es\/wp-json\/wp\/v2\/media?parent=64154"}],"wp:term":[{"taxonomy":"product_brand","embeddable":true,"href":"https:\/\/dutchmicrodosing.com\/es\/wp-json\/wp\/v2\/product_brand?post=64154"},{"taxonomy":"product_cat","embeddable":true,"href":"https:\/\/dutchmicrodosing.com\/es\/wp-json\/wp\/v2\/product_cat?post=64154"},{"taxonomy":"product_tag","embeddable":true,"href":"https:\/\/dutchmicrodosing.com\/es\/wp-json\/wp\/v2\/product_tag?post=64154"}],"curies":[{"name":"wp","href":"https:\/\/api.w.org\/{rel}","templated":true}]}}