{"id":64187,"date":"2026-02-03T05:21:10","date_gmt":"2026-02-03T04:21:10","guid":{"rendered":"https:\/\/dutchmicrodosing.com\/shop\/sin%20categor\u00eda\/kit-de-cultivo-de-setas-hillbilly-pumpkin\/"},"modified":"2026-02-03T14:33:17","modified_gmt":"2026-02-03T13:33:17","slug":"kit-de-cultivo-de-setas-hillbilly-pumpkin","status":"publish","type":"product","link":"https:\/\/dutchmicrodosing.com\/es\/setas-alucinogenas\/kits-de-cultivo-mystic-fungi\/kit-de-cultivo-de-setas-hillbilly-pumpkin\/","title":{"rendered":"Kit de cultivo de setas Hillbilly Pumpkin"},"content":{"rendered":"<p>El <strong>Kit de cultivo de setas Hillbilly Pumpkin<\/strong> de Mystic Fungi es un kit de cultivo robusto y llamativo con un car\u00e1cter peculiar. Esta ejecuci\u00f3n especial de la Hillbilly <em>Psilocybe cubensis<\/em> es conocida por sus tallos gruesos y sombreros de color naranja brillante, que recuerdan a peque\u00f1as calabazas. Gracias a su dise\u00f1o inteligente de bajo mantenimiento y su alto rendimiento, este kit de cultivo es ideal tanto para cultivadores principiantes como para aficionados experimentados.<\/p>\n<h2>Caracter\u00edsticas<\/h2>\n<ul>\n<li>Concepto de cultivo renovado con mayor rendimiento que los kits de cultivo tradicionales<\/li>\n<li>Rendimiento de hasta 700 gramos de setas frescas por kit aproximadamente.<\/li>\n<li>M\u00ednimo mantenimiento: no es necesario abrir ni rociar a diario<\/li>\n<li>Solo basta con un suministro regular de aire fresco<\/li>\n<li>Se entrega con un pr\u00e1ctico clip para bolsas, no es necesario un sellador<\/li>\n<li>Listo para la primera cosecha en 2 o 3 semanas<\/li>\n<li>Excelente opci\u00f3n para quienes buscan una variedad especial con una apariencia \u00fanica<\/li>\n<\/ul>\n<h2>Ingredientes y composici\u00f3n<\/h2>\n<p>El kit de cultivo contiene un sustrato especialmente compuesto que est\u00e1 completamente colonizado con micelio de la Hillbilly Pumpkin (<em>Psilocybe cubensis<\/em>). El sustrato est\u00e1 empaquetado en una bandeja de cultivo especialmente dise\u00f1ada. Adem\u00e1s, se incluyen una bolsa de cultivo con filtro y un clip para bolsas reutilizable.<\/p>\n<h2>Instrucciones para configurar el kit de cultivo Hillbilly Pumpkin<\/h2>\n<p>Trabaja siempre en un entorno limpio para evitar la contaminaci\u00f3n por microorganismos no deseados. Es esencial trabajar de forma higi\u00e9nica. Utiliza exclusivamente agua del grifo limpia o agua mineral para rociar y remojar. El agua destilada o desmineralizada no es adecuada para esto.<\/p>\n<ol>\n<li>Saca la bolsa de cultivo del embalaje y \u00e1brela por completo.<\/li>\n<li>Abre la bolsa retirando el clip herm\u00e9tico de la parte superior. Introduce con cuidado un poco de aire fresco en la bolsa estir\u00e1ndola suavemente y luego ci\u00e9rrala de nuevo con el clip. Para limitar el crecimiento lateral de las setas, puedes colocar una goma el\u00e1stica alrededor del exterior de la bolsa, aproximadamente 1,5 cm por debajo de la parte superior del sustrato.<\/li>\n<li>Sigue el proceso de crecimiento: vigila de cerca la bolsa tan pronto como aparezcan las setas. Durante las dos primeras fases de crecimiento no es necesario regar. Cuando los sombreros comiencen a abrirse, habr\u00e1 llegado el momento de la cosecha. Atenci\u00f3n: no todas las variedades forman un velo o liberan esporas.<\/li>\n<li>Cosecha: aseg\u00farate de tener un entorno de trabajo higi\u00e9nico desinfectando tus manos y, preferiblemente, usando guantes. Gira las setas con cuidado en el sentido de las agujas del reloj para soltarlas. Cosecha tan pronto como los sombreros se abran para obtener el mejor resultado. Dependiendo de las circunstancias, las setas suelen estar listas para la cosecha despu\u00e9s de dos a cuatro semanas.<\/li>\n<li>Cuidado despu\u00e9s de la cosecha: despu\u00e9s del segundo flush, a\u00f1ade una peque\u00f1a cantidad de agua (aproximadamente un tercio hasta el nivel del sustrato). Cierra la bolsa de nuevo herm\u00e9ticamente con el clip. No olvides a\u00f1adir aire fresco de vez en cuando. Si queda agua sobrante que no se haya absorbido despu\u00e9s de doce horas, puedes desecharla.<\/li>\n<li>Control de la temperatura: mant\u00e9n la temperatura lo m\u00e1s constante posible entre 20 y 25 \u00b0C para un crecimiento \u00f3ptimo. Las grandes fluctuaciones de temperatura pueden afectar negativamente al rendimiento.<\/li>\n<li>Cosechas posteriores: por cada bolsa de cultivo son posibles al menos dos cosechas, pero en condiciones favorables pueden ser tres o cuatro. Despu\u00e9s de cada cosecha, cierra la bolsa de nuevo y a\u00f1ade agua para estimular un nuevo crecimiento.<\/li>\n<\/ol>\n<h2>Contenido del paquete<\/h2>\n<ul>\n<li>1 kit de cultivo con sustrato totalmente colonizado<\/li>\n<li>1 bolsa de cultivo con microfiltro<\/li>\n<li>1 clip reutilizable para la bolsa<\/li>\n<li>Manual extenso y claro<\/li>\n<\/ul>\n<h2>\u00bfC\u00f3mo guardo el kit de cultivo?<\/h2>\n<p>Es aconsejable iniciar el proceso de cultivo de inmediato, en cuanto recibas el kit de cultivo. Si decides empezar m\u00e1s tarde, lo que puede afectar a la calidad del kit, puedes guardar el kit de cultivo en el frigor\u00edfico hasta 2 semanas (a temperaturas entre 2\u00b0C y 8\u00b0C). Puedes dejar la bolsa de cultivo con micelio en la caja y colocarla en el frigor\u00edfico. Aseg\u00farate de que tu frigor\u00edfico est\u00e1 limpio y sin moho. Como precauci\u00f3n adicional, puedes colocar el conjunto en una bolsa de pl\u00e1stico limpia o en una bolsa de cultivo.<\/p>\n","protected":false},"excerpt":{"rendered":"<p>El Kit de cultivo de setas Hillbilly Pumpkin de Mystic Fungi es un kit de cultivo robusto y llamativo con un car\u00e1cter peculiar. Esta ejecuci\u00f3n especial de la Hillbilly Psilocybe cubensis es conocida por sus tallos gruesos y sombreros de color naranja brillante, que recuerdan a peque\u00f1as calabazas. Gracias a su dise\u00f1o inteligente de bajo [&hellip;]<\/p>\n","protected":false},"featured_media":64184,"comment_status":"closed","ping_status":"closed","template":"","meta":[],"product_brand":[],"product_cat":[345],"product_tag":[],"class_list":{"0":"post-64187","1":"product","2":"type-product","3":"status-publish","4":"has-post-thumbnail","6":"product_cat-kits-de-cultivo-mystic-fungi","8":"first","9":"outofstock","10":"taxable","11":"shipping-taxable","12":"purchasable","13":"product-type-simple"},"yoast_head":"<!-- This site is optimized with the Yoast SEO Premium plugin v26.4 (Yoast SEO v27.2) - https:\/\/yoast.com\/product\/yoast-seo-premium-wordpress\/ -->\n<title>Kit de cultivo de setas Hillbilly Pumpkin - Dutchmicrodosing<\/title>\n<meta name=\"description\" content=\"Cultiva tus propias setas Hillbilly Pumpkin con este kit de cultivo completo de Mystic Fungi. Bajo mantenimiento, alto rendimiento y resultados r\u00e1pidos.\" \/>\n<meta name=\"robots\" content=\"index, follow, max-snippet:-1, max-image-preview:large, max-video-preview:-1\" \/>\n<link rel=\"canonical\" href=\"https:\/\/dutchmicrodosing.com\/es\/setas-alucinogenas\/kits-de-cultivo-mystic-fungi\/kit-de-cultivo-de-setas-hillbilly-pumpkin\/\" \/>\n<meta property=\"og:locale\" content=\"es_ES\" \/>\n<meta property=\"og:type\" content=\"article\" \/>\n<meta property=\"og:title\" content=\"Kit de cultivo de setas Hillbilly Pumpkin\" \/>\n<meta property=\"og:description\" content=\"El Kit de cultivo de setas Hillbilly Pumpkin de Mystic Fungi es un kit de cultivo robusto y llamativo con un car\u00e1cter peculiar. Esta ejecuci\u00f3n especial de\" \/>\n<meta property=\"og:url\" content=\"https:\/\/dutchmicrodosing.com\/es\/setas-alucinogenas\/kits-de-cultivo-mystic-fungi\/kit-de-cultivo-de-setas-hillbilly-pumpkin\/\" \/>\n<meta property=\"og:site_name\" content=\"Dutchmicrodosing\" \/>\n<meta property=\"article:publisher\" content=\"https:\/\/www.facebook.com\/Dutchmicrodosingxp\/\" \/>\n<meta property=\"article:modified_time\" content=\"2026-02-03T13:33:17+00:00\" \/>\n<meta property=\"og:image\" content=\"https:\/\/dutchmicrodosing.com\/wp-content\/uploads\/2026\/02\/Hillbilly-Pumpkin1-600x600-1.png\" \/>\n\t<meta property=\"og:image:width\" content=\"600\" \/>\n\t<meta property=\"og:image:height\" content=\"600\" \/>\n\t<meta property=\"og:image:type\" content=\"image\/png\" \/>\n<meta name=\"twitter:card\" content=\"summary_large_image\" \/>\n<script type=\"application\/ld+json\" class=\"yoast-schema-graph\">{\"@context\":\"https:\/\/schema.org\",\"@graph\":[{\"@type\":\"WebPage\",\"@id\":\"https:\/\/dutchmicrodosing.com\/es\/setas-alucinogenas\/kits-de-cultivo-mystic-fungi\/kit-de-cultivo-de-setas-hillbilly-pumpkin\/\",\"url\":\"https:\/\/dutchmicrodosing.com\/es\/setas-alucinogenas\/kits-de-cultivo-mystic-fungi\/kit-de-cultivo-de-setas-hillbilly-pumpkin\/\",\"name\":\"Kit de cultivo de setas Hillbilly Pumpkin - Dutchmicrodosing\",\"isPartOf\":{\"@id\":\"https:\/\/dutchmicrodosing.com\/es\/#website\"},\"primaryImageOfPage\":{\"@id\":\"https:\/\/dutchmicrodosing.com\/es\/setas-alucinogenas\/kits-de-cultivo-mystic-fungi\/kit-de-cultivo-de-setas-hillbilly-pumpkin\/#primaryimage\"},\"image\":{\"@id\":\"https:\/\/dutchmicrodosing.com\/es\/setas-alucinogenas\/kits-de-cultivo-mystic-fungi\/kit-de-cultivo-de-setas-hillbilly-pumpkin\/#primaryimage\"},\"thumbnailUrl\":\"https:\/\/dutchmicrodosing.com\/wp-content\/uploads\/2026\/02\/Hillbilly-Pumpkin1-600x600-1.png\",\"datePublished\":\"2026-02-03T04:21:10+00:00\",\"dateModified\":\"2026-02-03T13:33:17+00:00\",\"description\":\"Cultiva tus propias setas Hillbilly Pumpkin con este kit de cultivo completo de Mystic Fungi. Bajo mantenimiento, alto rendimiento y resultados r\u00e1pidos.\",\"breadcrumb\":{\"@id\":\"https:\/\/dutchmicrodosing.com\/es\/setas-alucinogenas\/kits-de-cultivo-mystic-fungi\/kit-de-cultivo-de-setas-hillbilly-pumpkin\/#breadcrumb\"},\"inLanguage\":\"es\",\"potentialAction\":[{\"@type\":\"ReadAction\",\"target\":[\"https:\/\/dutchmicrodosing.com\/es\/setas-alucinogenas\/kits-de-cultivo-mystic-fungi\/kit-de-cultivo-de-setas-hillbilly-pumpkin\/\"]}]},{\"@type\":\"ImageObject\",\"inLanguage\":\"es\",\"@id\":\"https:\/\/dutchmicrodosing.com\/es\/setas-alucinogenas\/kits-de-cultivo-mystic-fungi\/kit-de-cultivo-de-setas-hillbilly-pumpkin\/#primaryimage\",\"url\":\"https:\/\/dutchmicrodosing.com\/wp-content\/uploads\/2026\/02\/Hillbilly-Pumpkin1-600x600-1.png\",\"contentUrl\":\"https:\/\/dutchmicrodosing.com\/wp-content\/uploads\/2026\/02\/Hillbilly-Pumpkin1-600x600-1.png\",\"width\":600,\"height\":600,\"caption\":\"Kit de cultivo de setas Hillbilly Pumpkin | Mystic Fungi\"},{\"@type\":\"BreadcrumbList\",\"@id\":\"https:\/\/dutchmicrodosing.com\/es\/setas-alucinogenas\/kits-de-cultivo-mystic-fungi\/kit-de-cultivo-de-setas-hillbilly-pumpkin\/#breadcrumb\",\"itemListElement\":[{\"@type\":\"ListItem\",\"position\":1,\"name\":\"Home\",\"item\":\"https:\/\/dutchmicrodosing.com\/es\/\"},{\"@type\":\"ListItem\",\"position\":2,\"name\":\"Tienda\",\"item\":\"https:\/\/dutchmicrodosing.com\/es\/tienda\/\"},{\"@type\":\"ListItem\",\"position\":3,\"name\":\"Kit de cultivo de setas Hillbilly Pumpkin\"}]},{\"@type\":\"WebSite\",\"@id\":\"https:\/\/dutchmicrodosing.com\/es\/#website\",\"url\":\"https:\/\/dutchmicrodosing.com\/es\/\",\"name\":\"Dutchmicrodosing\",\"description\":\"\",\"publisher\":{\"@id\":\"https:\/\/dutchmicrodosing.com\/es\/#organization\"},\"potentialAction\":[{\"@type\":\"SearchAction\",\"target\":{\"@type\":\"EntryPoint\",\"urlTemplate\":\"https:\/\/dutchmicrodosing.com\/es\/?s={search_term_string}\"},\"query-input\":{\"@type\":\"PropertyValueSpecification\",\"valueRequired\":true,\"valueName\":\"search_term_string\"}}],\"inLanguage\":\"es\"},{\"@type\":\"Organization\",\"@id\":\"https:\/\/dutchmicrodosing.com\/es\/#organization\",\"name\":\"Dutchmicrodosing\",\"url\":\"https:\/\/dutchmicrodosing.com\/es\/\",\"logo\":{\"@type\":\"ImageObject\",\"inLanguage\":\"es\",\"@id\":\"https:\/\/dutchmicrodosing.com\/es\/#\/schema\/logo\/image\/\",\"url\":\"https:\/\/dutchmicrodosing.com\/wp-content\/uploads\/2021\/01\/microdosing-categorie-pic-nieuw.jpg\",\"contentUrl\":\"https:\/\/dutchmicrodosing.com\/wp-content\/uploads\/2021\/01\/microdosing-categorie-pic-nieuw.jpg\",\"width\":500,\"height\":500,\"caption\":\"Dutchmicrodosing\"},\"image\":{\"@id\":\"https:\/\/dutchmicrodosing.com\/es\/#\/schema\/logo\/image\/\"},\"sameAs\":[\"https:\/\/www.facebook.com\/Dutchmicrodosingxp\/\",\"https:\/\/www.instagram.com\/dutchmicrodosing\/\"]}]}<\/script>\n<meta property=\"product:price:amount\" content=\"44.95\" \/>\n<meta property=\"product:price:currency\" content=\"EUR\" \/>\n<meta property=\"og:availability\" content=\"out of stock\" \/>\n<meta property=\"product:availability\" content=\"out of stock\" \/>\n<meta property=\"product:retailer_item_id\" content=\"5212292\" \/>\n<meta property=\"product:condition\" content=\"new\" \/>\n<!-- \/ Yoast SEO Premium plugin. -->","yoast_head_json":{"title":"Kit de cultivo de setas Hillbilly Pumpkin - Dutchmicrodosing","description":"Cultiva tus propias setas Hillbilly Pumpkin con este kit de cultivo completo de Mystic Fungi. Bajo mantenimiento, alto rendimiento y resultados r\u00e1pidos.","robots":{"index":"index","follow":"follow","max-snippet":"max-snippet:-1","max-image-preview":"max-image-preview:large","max-video-preview":"max-video-preview:-1"},"canonical":"https:\/\/dutchmicrodosing.com\/es\/setas-alucinogenas\/kits-de-cultivo-mystic-fungi\/kit-de-cultivo-de-setas-hillbilly-pumpkin\/","og_locale":"es_ES","og_type":"article","og_title":"Kit de cultivo de setas Hillbilly Pumpkin","og_description":"El Kit de cultivo de setas Hillbilly Pumpkin de Mystic Fungi es un kit de cultivo robusto y llamativo con un car\u00e1cter peculiar. Esta ejecuci\u00f3n especial de","og_url":"https:\/\/dutchmicrodosing.com\/es\/setas-alucinogenas\/kits-de-cultivo-mystic-fungi\/kit-de-cultivo-de-setas-hillbilly-pumpkin\/","og_site_name":"Dutchmicrodosing","article_publisher":"https:\/\/www.facebook.com\/Dutchmicrodosingxp\/","article_modified_time":"2026-02-03T13:33:17+00:00","og_image":[{"width":600,"height":600,"url":"https:\/\/dutchmicrodosing.com\/wp-content\/uploads\/2026\/02\/Hillbilly-Pumpkin1-600x600-1.png","type":"image\/png"}],"twitter_card":"summary_large_image","schema":{"@context":"https:\/\/schema.org","@graph":[{"@type":"WebPage","@id":"https:\/\/dutchmicrodosing.com\/es\/setas-alucinogenas\/kits-de-cultivo-mystic-fungi\/kit-de-cultivo-de-setas-hillbilly-pumpkin\/","url":"https:\/\/dutchmicrodosing.com\/es\/setas-alucinogenas\/kits-de-cultivo-mystic-fungi\/kit-de-cultivo-de-setas-hillbilly-pumpkin\/","name":"Kit de cultivo de setas Hillbilly Pumpkin - Dutchmicrodosing","isPartOf":{"@id":"https:\/\/dutchmicrodosing.com\/es\/#website"},"primaryImageOfPage":{"@id":"https:\/\/dutchmicrodosing.com\/es\/setas-alucinogenas\/kits-de-cultivo-mystic-fungi\/kit-de-cultivo-de-setas-hillbilly-pumpkin\/#primaryimage"},"image":{"@id":"https:\/\/dutchmicrodosing.com\/es\/setas-alucinogenas\/kits-de-cultivo-mystic-fungi\/kit-de-cultivo-de-setas-hillbilly-pumpkin\/#primaryimage"},"thumbnailUrl":"https:\/\/dutchmicrodosing.com\/wp-content\/uploads\/2026\/02\/Hillbilly-Pumpkin1-600x600-1.png","datePublished":"2026-02-03T04:21:10+00:00","dateModified":"2026-02-03T13:33:17+00:00","description":"Cultiva tus propias setas Hillbilly Pumpkin con este kit de cultivo completo de Mystic Fungi. Bajo mantenimiento, alto rendimiento y resultados r\u00e1pidos.","breadcrumb":{"@id":"https:\/\/dutchmicrodosing.com\/es\/setas-alucinogenas\/kits-de-cultivo-mystic-fungi\/kit-de-cultivo-de-setas-hillbilly-pumpkin\/#breadcrumb"},"inLanguage":"es","potentialAction":[{"@type":"ReadAction","target":["https:\/\/dutchmicrodosing.com\/es\/setas-alucinogenas\/kits-de-cultivo-mystic-fungi\/kit-de-cultivo-de-setas-hillbilly-pumpkin\/"]}]},{"@type":"ImageObject","inLanguage":"es","@id":"https:\/\/dutchmicrodosing.com\/es\/setas-alucinogenas\/kits-de-cultivo-mystic-fungi\/kit-de-cultivo-de-setas-hillbilly-pumpkin\/#primaryimage","url":"https:\/\/dutchmicrodosing.com\/wp-content\/uploads\/2026\/02\/Hillbilly-Pumpkin1-600x600-1.png","contentUrl":"https:\/\/dutchmicrodosing.com\/wp-content\/uploads\/2026\/02\/Hillbilly-Pumpkin1-600x600-1.png","width":600,"height":600,"caption":"Kit de cultivo de setas Hillbilly Pumpkin | Mystic Fungi"},{"@type":"BreadcrumbList","@id":"https:\/\/dutchmicrodosing.com\/es\/setas-alucinogenas\/kits-de-cultivo-mystic-fungi\/kit-de-cultivo-de-setas-hillbilly-pumpkin\/#breadcrumb","itemListElement":[{"@type":"ListItem","position":1,"name":"Home","item":"https:\/\/dutchmicrodosing.com\/es\/"},{"@type":"ListItem","position":2,"name":"Tienda","item":"https:\/\/dutchmicrodosing.com\/es\/tienda\/"},{"@type":"ListItem","position":3,"name":"Kit de cultivo de setas Hillbilly Pumpkin"}]},{"@type":"WebSite","@id":"https:\/\/dutchmicrodosing.com\/es\/#website","url":"https:\/\/dutchmicrodosing.com\/es\/","name":"Dutchmicrodosing","description":"","publisher":{"@id":"https:\/\/dutchmicrodosing.com\/es\/#organization"},"potentialAction":[{"@type":"SearchAction","target":{"@type":"EntryPoint","urlTemplate":"https:\/\/dutchmicrodosing.com\/es\/?s={search_term_string}"},"query-input":{"@type":"PropertyValueSpecification","valueRequired":true,"valueName":"search_term_string"}}],"inLanguage":"es"},{"@type":"Organization","@id":"https:\/\/dutchmicrodosing.com\/es\/#organization","name":"Dutchmicrodosing","url":"https:\/\/dutchmicrodosing.com\/es\/","logo":{"@type":"ImageObject","inLanguage":"es","@id":"https:\/\/dutchmicrodosing.com\/es\/#\/schema\/logo\/image\/","url":"https:\/\/dutchmicrodosing.com\/wp-content\/uploads\/2021\/01\/microdosing-categorie-pic-nieuw.jpg","contentUrl":"https:\/\/dutchmicrodosing.com\/wp-content\/uploads\/2021\/01\/microdosing-categorie-pic-nieuw.jpg","width":500,"height":500,"caption":"Dutchmicrodosing"},"image":{"@id":"https:\/\/dutchmicrodosing.com\/es\/#\/schema\/logo\/image\/"},"sameAs":["https:\/\/www.facebook.com\/Dutchmicrodosingxp\/","https:\/\/www.instagram.com\/dutchmicrodosing\/"]}]},"product_price_amount":"44.95","product_price_currency":"EUR","og_availability":"out of stock","product_availability":"out of stock","product_retailer_item_id":"5212292","product_condition":"new"},"_links":{"self":[{"href":"https:\/\/dutchmicrodosing.com\/es\/wp-json\/wp\/v2\/product\/64187","targetHints":{"allow":["GET"]}}],"collection":[{"href":"https:\/\/dutchmicrodosing.com\/es\/wp-json\/wp\/v2\/product"}],"about":[{"href":"https:\/\/dutchmicrodosing.com\/es\/wp-json\/wp\/v2\/types\/product"}],"replies":[{"embeddable":true,"href":"https:\/\/dutchmicrodosing.com\/es\/wp-json\/wp\/v2\/comments?post=64187"}],"version-history":[{"count":1,"href":"https:\/\/dutchmicrodosing.com\/es\/wp-json\/wp\/v2\/product\/64187\/revisions"}],"predecessor-version":[{"id":64195,"href":"https:\/\/dutchmicrodosing.com\/es\/wp-json\/wp\/v2\/product\/64187\/revisions\/64195"}],"wp:featuredmedia":[{"embeddable":true,"href":"https:\/\/dutchmicrodosing.com\/es\/wp-json\/wp\/v2\/media\/64184"}],"wp:attachment":[{"href":"https:\/\/dutchmicrodosing.com\/es\/wp-json\/wp\/v2\/media?parent=64187"}],"wp:term":[{"taxonomy":"product_brand","embeddable":true,"href":"https:\/\/dutchmicrodosing.com\/es\/wp-json\/wp\/v2\/product_brand?post=64187"},{"taxonomy":"product_cat","embeddable":true,"href":"https:\/\/dutchmicrodosing.com\/es\/wp-json\/wp\/v2\/product_cat?post=64187"},{"taxonomy":"product_tag","embeddable":true,"href":"https:\/\/dutchmicrodosing.com\/es\/wp-json\/wp\/v2\/product_tag?post=64187"}],"curies":[{"name":"wp","href":"https:\/\/api.w.org\/{rel}","templated":true}]}}