{"id":64214,"date":"2026-02-02T12:28:36","date_gmt":"2026-02-02T11:28:36","guid":{"rendered":"https:\/\/dutchmicrodosing.com\/shop\/sin categor\u00eda\/sustrato-esterilizado-1200-cc\/"},"modified":"2026-02-03T15:21:09","modified_gmt":"2026-02-03T14:21:09","slug":"sustrato-esterilizado-1200-cc","status":"publish","type":"product","link":"https:\/\/dutchmicrodosing.com\/es\/setas-alucinogenas\/accesorios-de-cultivo\/sustrato-esterilizado-1200-cc\/","title":{"rendered":"Sustrato esterilizado &#8211; 1200 cc"},"content":{"rendered":"<p><strong>Sustrato esterilizado \u2013 1200 cc<\/strong> es la base ideal para empezar a cultivar setas m\u00e1gicas. Ya no tienes que preparar nada: este sustrato ya est\u00e1 completamente esterilizado y listo para usar. \u00a1Solo tienes que a\u00f1adir tus esporas o cultivo l\u00edquido favoritos y listo para crecer!<\/p>\n<h3>Caracter\u00edsticas<\/h3>\n<p>Este sustrato es perfecto para quienes desean mantener el control sobre el proceso de cultivo, sin la molestia de mezclar o esterilizar los ingredientes ellos mismos. La mezcla contiene copos de avena, vermiculita, perlita y yeso, con un contenido \u00f3ptimo de humedad de aproximadamente el 60\u201365 %. Esto permite que el micelio colonice de manera uniforme y eficiente. Gracias a la tienda de humedad incluida, puedes crear f\u00e1cilmente un ambiente ideal para la fructificaci\u00f3n.<\/p>\n<h3>Ingredientes y\/o composici\u00f3n<\/h3>\n<ul>\n<li>Copos de avena<\/li>\n<li>Vermiculita<\/li>\n<li>Perlita<\/li>\n<li>Yeso<\/li>\n<li>Contenido de humedad: aproximadamente 60\u201365 %<\/li>\n<\/ul>\n<h3>Utilice<\/h3>\n<ol>\n<li><strong>Inoculaci\u00f3n:<\/strong>\n<ul>\n<li>Jeringa de esporas: 5 ml para 1200 cc<\/li>\n<li>Ampolla de esporas: media ampolla para 1200 cc<\/li>\n<li>Cultivo l\u00edquido: 2\u20135 ml por 1000 cc<\/li>\n<li>Cultivo l\u00edquido casero: primero 2 ml de esporas en un vial, dejar madurar durante 2 semanas y luego usar completamente<\/li>\n<\/ul>\n<\/li>\n<li><strong>Incubaci\u00f3n:<\/strong><br \/>\nColoca la bandeja cerrada en un lugar oscuro y c\u00e1lido (aproximadamente 23 \u00b0C). Utiliza una manta t\u00e9rmica si es necesario.<\/li>\n<li><strong>Colonizaci\u00f3n:<\/strong><br \/>\nDeja el sustrato completamente en reposo hasta que todo est\u00e9 blanco por el micelio. Esto puede tardar algunas semanas.<\/li>\n<li><strong>Preparaci\u00f3n para la fructificaci\u00f3n:<\/strong><br \/>\nLlena la bandeja con agua fr\u00eda, col\u00f3cala en el refrigerador durante 24 horas y luego esc\u00farrela por completo.<\/li>\n<li><strong>Fructificaci\u00f3n:<\/strong><br \/>\nColoca la bandeja en la tienda de humedad con una temperatura entre 23\u201328 \u00b0C, suficiente humedad, algo de luz diurna y aire fresco.<\/li>\n<li><strong>Cuidado diario:<\/strong><br \/>\nVentila dos veces al d\u00eda y roc\u00eda ligeramente. Las primeras setas suelen aparecer en pocos d\u00edas.<\/li>\n<li><strong>Nuevos flushes:<\/strong><br \/>\nDespu\u00e9s de la cosecha, puedes repetir el proceso. A menudo, los siguientes flushes son a\u00fan m\u00e1s productivos.<\/li>\n<\/ol>\n<h3>Contenido<\/h3>\n<ul>\n<li>1\u00d7 bandeja de cultivo con sustrato esterilizado (1200 cc)<\/li>\n<li>1\u00d7 tienda de humedad \/ bolsa de cultivo<\/li>\n<li>1\u00d7 clip<\/li>\n<li>1\u00d7 toallita con alcohol<\/li>\n<li>1\u00d7 puerto de inyecci\u00f3n<\/li>\n<\/ul>\n","protected":false},"excerpt":{"rendered":"<p>Sustrato esterilizado \u2013 1200 cc es la base ideal para empezar a cultivar setas m\u00e1gicas. Ya no tienes que preparar nada: este sustrato ya est\u00e1 completamente esterilizado y listo para usar. \u00a1Solo tienes que a\u00f1adir tus esporas o cultivo l\u00edquido favoritos y listo para crecer! Caracter\u00edsticas Este sustrato es perfecto para quienes desean mantener el [&hellip;]<\/p>\n","protected":false},"featured_media":64213,"comment_status":"closed","ping_status":"closed","template":"","meta":[],"product_brand":[],"product_cat":[658],"product_tag":[],"class_list":{"0":"post-64214","1":"product","2":"type-product","3":"status-publish","4":"has-post-thumbnail","6":"product_cat-accesorios-de-cultivo","8":"first","9":"instock","10":"taxable","11":"shipping-taxable","12":"purchasable","13":"product-type-simple"},"yoast_head":"<!-- This site is optimized with the Yoast SEO Premium plugin v26.4 (Yoast SEO v27.2) - https:\/\/yoast.com\/product\/yoast-seo-premium-wordpress\/ -->\n<title>Sustrato esterilizado - 1200 cc - Dutchmicrodosing<\/title>\n<meta name=\"description\" content=\"Sustrato esterilizado listo para usar (1200 cc) para cultivar setas m\u00e1gicas f\u00e1cilmente. Ideal para cultivadores principiantes y experimentados. \u00a1Listo para inocular!\" \/>\n<meta name=\"robots\" content=\"index, follow, max-snippet:-1, max-image-preview:large, max-video-preview:-1\" \/>\n<link rel=\"canonical\" href=\"https:\/\/dutchmicrodosing.com\/es\/setas-alucinogenas\/accesorios-de-cultivo\/sustrato-esterilizado-1200-cc\/\" \/>\n<meta property=\"og:locale\" content=\"es_ES\" \/>\n<meta property=\"og:type\" content=\"article\" \/>\n<meta property=\"og:title\" content=\"Sustrato esterilizado - 1200 cc\" \/>\n<meta property=\"og:description\" content=\"Sustrato esterilizado \u2013 1200 cc es la base ideal para empezar a cultivar setas m\u00e1gicas. Ya no tienes que preparar nada: este sustrato ya est\u00e1\" \/>\n<meta property=\"og:url\" content=\"https:\/\/dutchmicrodosing.com\/es\/setas-alucinogenas\/accesorios-de-cultivo\/sustrato-esterilizado-1200-cc\/\" \/>\n<meta property=\"og:site_name\" content=\"Dutchmicrodosing\" \/>\n<meta property=\"article:publisher\" content=\"https:\/\/www.facebook.com\/Dutchmicrodosingxp\/\" \/>\n<meta property=\"article:modified_time\" content=\"2026-02-03T14:21:09+00:00\" \/>\n<meta property=\"og:image\" content=\"https:\/\/dutchmicrodosing.com\/wp-content\/uploads\/2026\/02\/b9843ab9-982e-40a6-bf87-02636baab6ec.png\" \/>\n\t<meta property=\"og:image:width\" content=\"1536\" \/>\n\t<meta property=\"og:image:height\" content=\"1024\" \/>\n\t<meta property=\"og:image:type\" content=\"image\/png\" \/>\n<meta name=\"twitter:card\" content=\"summary_large_image\" \/>\n<script type=\"application\/ld+json\" class=\"yoast-schema-graph\">{\"@context\":\"https:\/\/schema.org\",\"@graph\":[{\"@type\":\"WebPage\",\"@id\":\"https:\/\/dutchmicrodosing.com\/es\/setas-alucinogenas\/accesorios-de-cultivo\/sustrato-esterilizado-1200-cc\/\",\"url\":\"https:\/\/dutchmicrodosing.com\/es\/setas-alucinogenas\/accesorios-de-cultivo\/sustrato-esterilizado-1200-cc\/\",\"name\":\"Sustrato esterilizado - 1200 cc - Dutchmicrodosing\",\"isPartOf\":{\"@id\":\"https:\/\/dutchmicrodosing.com\/es\/#website\"},\"primaryImageOfPage\":{\"@id\":\"https:\/\/dutchmicrodosing.com\/es\/setas-alucinogenas\/accesorios-de-cultivo\/sustrato-esterilizado-1200-cc\/#primaryimage\"},\"image\":{\"@id\":\"https:\/\/dutchmicrodosing.com\/es\/setas-alucinogenas\/accesorios-de-cultivo\/sustrato-esterilizado-1200-cc\/#primaryimage\"},\"thumbnailUrl\":\"https:\/\/dutchmicrodosing.com\/wp-content\/uploads\/2026\/02\/b9843ab9-982e-40a6-bf87-02636baab6ec.png\",\"datePublished\":\"2026-02-02T11:28:36+00:00\",\"dateModified\":\"2026-02-03T14:21:09+00:00\",\"description\":\"Sustrato esterilizado listo para usar (1200 cc) para cultivar setas m\u00e1gicas f\u00e1cilmente. Ideal para cultivadores principiantes y experimentados. \u00a1Listo para inocular!\",\"breadcrumb\":{\"@id\":\"https:\/\/dutchmicrodosing.com\/es\/setas-alucinogenas\/accesorios-de-cultivo\/sustrato-esterilizado-1200-cc\/#breadcrumb\"},\"inLanguage\":\"es\",\"potentialAction\":[{\"@type\":\"ReadAction\",\"target\":[\"https:\/\/dutchmicrodosing.com\/es\/setas-alucinogenas\/accesorios-de-cultivo\/sustrato-esterilizado-1200-cc\/\"]}]},{\"@type\":\"ImageObject\",\"inLanguage\":\"es\",\"@id\":\"https:\/\/dutchmicrodosing.com\/es\/setas-alucinogenas\/accesorios-de-cultivo\/sustrato-esterilizado-1200-cc\/#primaryimage\",\"url\":\"https:\/\/dutchmicrodosing.com\/wp-content\/uploads\/2026\/02\/b9843ab9-982e-40a6-bf87-02636baab6ec.png\",\"contentUrl\":\"https:\/\/dutchmicrodosing.com\/wp-content\/uploads\/2026\/02\/b9843ab9-982e-40a6-bf87-02636baab6ec.png\",\"width\":1536,\"height\":1024,\"caption\":\"Sustrato esterilizado - 1200 cc\"},{\"@type\":\"BreadcrumbList\",\"@id\":\"https:\/\/dutchmicrodosing.com\/es\/setas-alucinogenas\/accesorios-de-cultivo\/sustrato-esterilizado-1200-cc\/#breadcrumb\",\"itemListElement\":[{\"@type\":\"ListItem\",\"position\":1,\"name\":\"Home\",\"item\":\"https:\/\/dutchmicrodosing.com\/es\/\"},{\"@type\":\"ListItem\",\"position\":2,\"name\":\"Tienda\",\"item\":\"https:\/\/dutchmicrodosing.com\/es\/tienda\/\"},{\"@type\":\"ListItem\",\"position\":3,\"name\":\"Sustrato esterilizado &#8211; 1200 cc\"}]},{\"@type\":\"WebSite\",\"@id\":\"https:\/\/dutchmicrodosing.com\/es\/#website\",\"url\":\"https:\/\/dutchmicrodosing.com\/es\/\",\"name\":\"Dutchmicrodosing\",\"description\":\"\",\"publisher\":{\"@id\":\"https:\/\/dutchmicrodosing.com\/es\/#organization\"},\"potentialAction\":[{\"@type\":\"SearchAction\",\"target\":{\"@type\":\"EntryPoint\",\"urlTemplate\":\"https:\/\/dutchmicrodosing.com\/es\/?s={search_term_string}\"},\"query-input\":{\"@type\":\"PropertyValueSpecification\",\"valueRequired\":true,\"valueName\":\"search_term_string\"}}],\"inLanguage\":\"es\"},{\"@type\":\"Organization\",\"@id\":\"https:\/\/dutchmicrodosing.com\/es\/#organization\",\"name\":\"Dutchmicrodosing\",\"url\":\"https:\/\/dutchmicrodosing.com\/es\/\",\"logo\":{\"@type\":\"ImageObject\",\"inLanguage\":\"es\",\"@id\":\"https:\/\/dutchmicrodosing.com\/es\/#\/schema\/logo\/image\/\",\"url\":\"https:\/\/dutchmicrodosing.com\/wp-content\/uploads\/2021\/01\/microdosing-categorie-pic-nieuw.jpg\",\"contentUrl\":\"https:\/\/dutchmicrodosing.com\/wp-content\/uploads\/2021\/01\/microdosing-categorie-pic-nieuw.jpg\",\"width\":500,\"height\":500,\"caption\":\"Dutchmicrodosing\"},\"image\":{\"@id\":\"https:\/\/dutchmicrodosing.com\/es\/#\/schema\/logo\/image\/\"},\"sameAs\":[\"https:\/\/www.facebook.com\/Dutchmicrodosingxp\/\",\"https:\/\/www.instagram.com\/dutchmicrodosing\/\"]}]}<\/script>\n<meta property=\"product:price:amount\" content=\"19.95\" \/>\n<meta property=\"product:price:currency\" content=\"EUR\" \/>\n<meta property=\"og:availability\" content=\"instock\" \/>\n<meta property=\"product:availability\" content=\"instock\" \/>\n<meta property=\"product:retailer_item_id\" content=\"5210163\" \/>\n<meta property=\"product:condition\" content=\"new\" \/>\n<!-- \/ Yoast SEO Premium plugin. -->","yoast_head_json":{"title":"Sustrato esterilizado - 1200 cc - Dutchmicrodosing","description":"Sustrato esterilizado listo para usar (1200 cc) para cultivar setas m\u00e1gicas f\u00e1cilmente. Ideal para cultivadores principiantes y experimentados. \u00a1Listo para inocular!","robots":{"index":"index","follow":"follow","max-snippet":"max-snippet:-1","max-image-preview":"max-image-preview:large","max-video-preview":"max-video-preview:-1"},"canonical":"https:\/\/dutchmicrodosing.com\/es\/setas-alucinogenas\/accesorios-de-cultivo\/sustrato-esterilizado-1200-cc\/","og_locale":"es_ES","og_type":"article","og_title":"Sustrato esterilizado - 1200 cc","og_description":"Sustrato esterilizado \u2013 1200 cc es la base ideal para empezar a cultivar setas m\u00e1gicas. Ya no tienes que preparar nada: este sustrato ya est\u00e1","og_url":"https:\/\/dutchmicrodosing.com\/es\/setas-alucinogenas\/accesorios-de-cultivo\/sustrato-esterilizado-1200-cc\/","og_site_name":"Dutchmicrodosing","article_publisher":"https:\/\/www.facebook.com\/Dutchmicrodosingxp\/","article_modified_time":"2026-02-03T14:21:09+00:00","og_image":[{"width":1536,"height":1024,"url":"https:\/\/dutchmicrodosing.com\/wp-content\/uploads\/2026\/02\/b9843ab9-982e-40a6-bf87-02636baab6ec.png","type":"image\/png"}],"twitter_card":"summary_large_image","schema":{"@context":"https:\/\/schema.org","@graph":[{"@type":"WebPage","@id":"https:\/\/dutchmicrodosing.com\/es\/setas-alucinogenas\/accesorios-de-cultivo\/sustrato-esterilizado-1200-cc\/","url":"https:\/\/dutchmicrodosing.com\/es\/setas-alucinogenas\/accesorios-de-cultivo\/sustrato-esterilizado-1200-cc\/","name":"Sustrato esterilizado - 1200 cc - Dutchmicrodosing","isPartOf":{"@id":"https:\/\/dutchmicrodosing.com\/es\/#website"},"primaryImageOfPage":{"@id":"https:\/\/dutchmicrodosing.com\/es\/setas-alucinogenas\/accesorios-de-cultivo\/sustrato-esterilizado-1200-cc\/#primaryimage"},"image":{"@id":"https:\/\/dutchmicrodosing.com\/es\/setas-alucinogenas\/accesorios-de-cultivo\/sustrato-esterilizado-1200-cc\/#primaryimage"},"thumbnailUrl":"https:\/\/dutchmicrodosing.com\/wp-content\/uploads\/2026\/02\/b9843ab9-982e-40a6-bf87-02636baab6ec.png","datePublished":"2026-02-02T11:28:36+00:00","dateModified":"2026-02-03T14:21:09+00:00","description":"Sustrato esterilizado listo para usar (1200 cc) para cultivar setas m\u00e1gicas f\u00e1cilmente. Ideal para cultivadores principiantes y experimentados. \u00a1Listo para inocular!","breadcrumb":{"@id":"https:\/\/dutchmicrodosing.com\/es\/setas-alucinogenas\/accesorios-de-cultivo\/sustrato-esterilizado-1200-cc\/#breadcrumb"},"inLanguage":"es","potentialAction":[{"@type":"ReadAction","target":["https:\/\/dutchmicrodosing.com\/es\/setas-alucinogenas\/accesorios-de-cultivo\/sustrato-esterilizado-1200-cc\/"]}]},{"@type":"ImageObject","inLanguage":"es","@id":"https:\/\/dutchmicrodosing.com\/es\/setas-alucinogenas\/accesorios-de-cultivo\/sustrato-esterilizado-1200-cc\/#primaryimage","url":"https:\/\/dutchmicrodosing.com\/wp-content\/uploads\/2026\/02\/b9843ab9-982e-40a6-bf87-02636baab6ec.png","contentUrl":"https:\/\/dutchmicrodosing.com\/wp-content\/uploads\/2026\/02\/b9843ab9-982e-40a6-bf87-02636baab6ec.png","width":1536,"height":1024,"caption":"Sustrato esterilizado - 1200 cc"},{"@type":"BreadcrumbList","@id":"https:\/\/dutchmicrodosing.com\/es\/setas-alucinogenas\/accesorios-de-cultivo\/sustrato-esterilizado-1200-cc\/#breadcrumb","itemListElement":[{"@type":"ListItem","position":1,"name":"Home","item":"https:\/\/dutchmicrodosing.com\/es\/"},{"@type":"ListItem","position":2,"name":"Tienda","item":"https:\/\/dutchmicrodosing.com\/es\/tienda\/"},{"@type":"ListItem","position":3,"name":"Sustrato esterilizado &#8211; 1200 cc"}]},{"@type":"WebSite","@id":"https:\/\/dutchmicrodosing.com\/es\/#website","url":"https:\/\/dutchmicrodosing.com\/es\/","name":"Dutchmicrodosing","description":"","publisher":{"@id":"https:\/\/dutchmicrodosing.com\/es\/#organization"},"potentialAction":[{"@type":"SearchAction","target":{"@type":"EntryPoint","urlTemplate":"https:\/\/dutchmicrodosing.com\/es\/?s={search_term_string}"},"query-input":{"@type":"PropertyValueSpecification","valueRequired":true,"valueName":"search_term_string"}}],"inLanguage":"es"},{"@type":"Organization","@id":"https:\/\/dutchmicrodosing.com\/es\/#organization","name":"Dutchmicrodosing","url":"https:\/\/dutchmicrodosing.com\/es\/","logo":{"@type":"ImageObject","inLanguage":"es","@id":"https:\/\/dutchmicrodosing.com\/es\/#\/schema\/logo\/image\/","url":"https:\/\/dutchmicrodosing.com\/wp-content\/uploads\/2021\/01\/microdosing-categorie-pic-nieuw.jpg","contentUrl":"https:\/\/dutchmicrodosing.com\/wp-content\/uploads\/2021\/01\/microdosing-categorie-pic-nieuw.jpg","width":500,"height":500,"caption":"Dutchmicrodosing"},"image":{"@id":"https:\/\/dutchmicrodosing.com\/es\/#\/schema\/logo\/image\/"},"sameAs":["https:\/\/www.facebook.com\/Dutchmicrodosingxp\/","https:\/\/www.instagram.com\/dutchmicrodosing\/"]}]},"product_price_amount":"19.95","product_price_currency":"EUR","og_availability":"instock","product_availability":"instock","product_retailer_item_id":"5210163","product_condition":"new"},"_links":{"self":[{"href":"https:\/\/dutchmicrodosing.com\/es\/wp-json\/wp\/v2\/product\/64214","targetHints":{"allow":["GET"]}}],"collection":[{"href":"https:\/\/dutchmicrodosing.com\/es\/wp-json\/wp\/v2\/product"}],"about":[{"href":"https:\/\/dutchmicrodosing.com\/es\/wp-json\/wp\/v2\/types\/product"}],"replies":[{"embeddable":true,"href":"https:\/\/dutchmicrodosing.com\/es\/wp-json\/wp\/v2\/comments?post=64214"}],"version-history":[{"count":0,"href":"https:\/\/dutchmicrodosing.com\/es\/wp-json\/wp\/v2\/product\/64214\/revisions"}],"wp:featuredmedia":[{"embeddable":true,"href":"https:\/\/dutchmicrodosing.com\/es\/wp-json\/wp\/v2\/media\/64213"}],"wp:attachment":[{"href":"https:\/\/dutchmicrodosing.com\/es\/wp-json\/wp\/v2\/media?parent=64214"}],"wp:term":[{"taxonomy":"product_brand","embeddable":true,"href":"https:\/\/dutchmicrodosing.com\/es\/wp-json\/wp\/v2\/product_brand?post=64214"},{"taxonomy":"product_cat","embeddable":true,"href":"https:\/\/dutchmicrodosing.com\/es\/wp-json\/wp\/v2\/product_cat?post=64214"},{"taxonomy":"product_tag","embeddable":true,"href":"https:\/\/dutchmicrodosing.com\/es\/wp-json\/wp\/v2\/product_tag?post=64214"}],"curies":[{"name":"wp","href":"https:\/\/api.w.org\/{rel}","templated":true}]}}