{"id":65443,"date":"2026-03-24T07:26:13","date_gmt":"2026-03-24T06:26:13","guid":{"rendered":"https:\/\/dutchmicrodosing.com\/shop\/sin categor\u00eda\/extracto-de-maca-amarilla-50-ml\/"},"modified":"2026-04-21T14:38:00","modified_gmt":"2026-04-21T12:38:00","slug":"extracto-de-maca-amarilla-50-ml","status":"publish","type":"product","link":"https:\/\/dutchmicrodosing.com\/es\/hierbas-botanicas\/tinturas-y-extractos\/extracto-de-maca-amarilla-50-ml\/","title":{"rendered":"Extracto de Maca Amarilla &#8211; 50 ml"},"content":{"rendered":"<p>Munay Botanicals <strong>Yellow Maca Extract &#8211; 50 ml <\/strong>&#8211; Lepidium meyenii es un extracto l\u00edquido de espectro completo de maca amarilla, un cultivo tradicional de Per\u00fa utilizado durante generaciones en los Andes. Esta variante suave es conocida por su car\u00e1cter accesible y es una forma sencilla de incorporar la maca en tu rutina diaria.<\/p>\n<p>Gracias a su formato l\u00edquido, puedes mezclar el extracto sin esfuerzo con agua, t\u00e9, zumo o un smoothie.<\/p>\n<h3>Caracter\u00edsticas del Extracto de Maca Amarilla<\/h3>\n<ul>\n<li>Extracto de espectro completo de maca amarilla<\/li>\n<li>Originario de Per\u00fa<\/li>\n<li>Formato l\u00edquido para una dosificaci\u00f3n sencilla<\/li>\n<li>F\u00e1cil de mezclar con agua, t\u00e9, zumo o smoothies<\/li>\n<li>Producido mediante extracci\u00f3n a baja temperatura<\/li>\n<li>Formato compacto de 50 ml<\/li>\n<li>Variante de maca accesible<\/li>\n<\/ul>\n<h3>Ingredientes y\/o composici\u00f3n<\/h3>\n<ul>\n<li>Lepidium meyenii (maca amarilla)<\/li>\n<li>Agua purificada<\/li>\n<li>Alcohol (20 %)<\/li>\n<\/ul>\n<h3>Utilice<\/h3>\n<p>A\u00f1ade f\u00e1cilmente la cantidad recomendada al agua, t\u00e9, zumo o a un smoothie e int\u00e9gralo sin esfuerzo en tu rutina diaria. Gracias a su formato l\u00edquido, tambi\u00e9n puedes mezclar el extracto f\u00e1cilmente con yogur u otros alimentos.<\/p>\n<p>Su c\u00f3moda dosificaci\u00f3n hace que el uso sea pr\u00e1ctico y flexible, permiti\u00e9ndote elegir el momento del d\u00eda que mejor se adapte a tu ritmo. Util\u00edzalo siempre siguiendo las instrucciones de la etiqueta.<\/p>\n<h3>Contenido<\/h3>\n<p>50 ml de extracto l\u00edquido en envase compacto.<\/p>\n<h3>Descargo de responsabilidad<\/h3>\n<p><em>El contenido de este texto es meramente informativo y no sustituye al asesoramiento profesional. Este producto no es un medicamento y no est\u00e1 destinado a diagnosticar, tratar o curar ninguna afecci\u00f3n m\u00e9dica. Consulta a un especialista cualquier duda espec\u00edfica sobre el uso de este producto. Algunos estudios cient\u00edficos sobre los efectos de este producto a\u00fan est\u00e1n en curso y no todas las afirmaciones se han confirmado definitivamente.<\/em><\/p>\n","protected":false},"excerpt":{"rendered":"<p>Munay Botanicals Yellow Maca Extract &#8211; 50 ml &#8211; Lepidium meyenii es un extracto l\u00edquido de espectro completo de maca amarilla, un cultivo tradicional de Per\u00fa utilizado durante generaciones en los Andes. Esta variante suave es conocida por su car\u00e1cter accesible y es una forma sencilla de incorporar la maca en tu rutina diaria. Gracias [&hellip;]<\/p>\n","protected":false},"featured_media":65442,"comment_status":"closed","ping_status":"closed","template":"","meta":[],"product_brand":[],"product_cat":[665],"product_tag":[],"class_list":{"0":"post-65443","1":"product","2":"type-product","3":"status-publish","4":"has-post-thumbnail","6":"product_cat-tinturas-y-extractos","8":"first","9":"instock","10":"taxable","11":"shipping-taxable","12":"purchasable","13":"product-type-simple"},"yoast_head":"<!-- This site is optimized with the Yoast SEO Premium plugin v26.4 (Yoast SEO v27.4) - https:\/\/yoast.com\/product\/yoast-seo-premium-wordpress\/ -->\n<title>Extracto de Maca Amarilla - 50 ml - Dutchmicrodosing<\/title>\n<meta name=\"description\" content=\"Descubre el extracto de maca amarilla de Munay Botanicals. Extracto l\u00edquido de espectro completo de Per\u00fa, f\u00e1cil de dosificar, para mezclar con agua, t\u00e9 o smoothies.\" \/>\n<meta name=\"robots\" content=\"index, follow, max-snippet:-1, max-image-preview:large, max-video-preview:-1\" \/>\n<link rel=\"canonical\" href=\"https:\/\/dutchmicrodosing.com\/es\/hierbas-botanicas\/tinturas-y-extractos\/extracto-de-maca-amarilla-50-ml\/\" \/>\n<meta property=\"og:locale\" content=\"es_ES\" \/>\n<meta property=\"og:type\" content=\"article\" \/>\n<meta property=\"og:title\" content=\"Extracto de Maca Amarilla - 50 ml\" \/>\n<meta property=\"og:description\" content=\"Munay Botanicals Yellow Maca Extract - 50 ml - Lepidium meyenii es un extracto l\u00edquido de espectro completo de maca amarilla, un cultivo tradicional de\" \/>\n<meta property=\"og:url\" content=\"https:\/\/dutchmicrodosing.com\/es\/hierbas-botanicas\/tinturas-y-extractos\/extracto-de-maca-amarilla-50-ml\/\" \/>\n<meta property=\"og:site_name\" content=\"Dutchmicrodosing\" \/>\n<meta property=\"article:publisher\" content=\"https:\/\/www.facebook.com\/Dutchmicrodosingxp\/\" \/>\n<meta property=\"article:modified_time\" content=\"2026-04-21T12:38:00+00:00\" \/>\n<meta property=\"og:image\" content=\"https:\/\/dutchmicrodosing.com\/wp-content\/uploads\/2026\/03\/YellowMaca-Munay.png.jpg\" \/>\n\t<meta property=\"og:image:width\" content=\"1024\" \/>\n\t<meta property=\"og:image:height\" content=\"1024\" \/>\n\t<meta property=\"og:image:type\" content=\"image\/jpeg\" \/>\n<meta name=\"twitter:card\" content=\"summary_large_image\" \/>\n<script type=\"application\/ld+json\" class=\"yoast-schema-graph\">{\"@context\":\"https:\\\/\\\/schema.org\",\"@graph\":[{\"@type\":\"WebPage\",\"@id\":\"https:\\\/\\\/dutchmicrodosing.com\\\/es\\\/hierbas-botanicas\\\/tinturas-y-extractos\\\/extracto-de-maca-amarilla-50-ml\\\/\",\"url\":\"https:\\\/\\\/dutchmicrodosing.com\\\/es\\\/hierbas-botanicas\\\/tinturas-y-extractos\\\/extracto-de-maca-amarilla-50-ml\\\/\",\"name\":\"Extracto de Maca Amarilla - 50 ml - Dutchmicrodosing\",\"isPartOf\":{\"@id\":\"https:\\\/\\\/dutchmicrodosing.com\\\/es\\\/#website\"},\"primaryImageOfPage\":{\"@id\":\"https:\\\/\\\/dutchmicrodosing.com\\\/es\\\/hierbas-botanicas\\\/tinturas-y-extractos\\\/extracto-de-maca-amarilla-50-ml\\\/#primaryimage\"},\"image\":{\"@id\":\"https:\\\/\\\/dutchmicrodosing.com\\\/es\\\/hierbas-botanicas\\\/tinturas-y-extractos\\\/extracto-de-maca-amarilla-50-ml\\\/#primaryimage\"},\"thumbnailUrl\":\"https:\\\/\\\/dutchmicrodosing.com\\\/wp-content\\\/uploads\\\/2026\\\/03\\\/YellowMaca-Munay.png.jpg\",\"datePublished\":\"2026-03-24T06:26:13+00:00\",\"dateModified\":\"2026-04-21T12:38:00+00:00\",\"description\":\"Descubre el extracto de maca amarilla de Munay Botanicals. Extracto l\u00edquido de espectro completo de Per\u00fa, f\u00e1cil de dosificar, para mezclar con agua, t\u00e9 o smoothies.\",\"breadcrumb\":{\"@id\":\"https:\\\/\\\/dutchmicrodosing.com\\\/es\\\/hierbas-botanicas\\\/tinturas-y-extractos\\\/extracto-de-maca-amarilla-50-ml\\\/#breadcrumb\"},\"inLanguage\":\"es\",\"potentialAction\":[{\"@type\":\"ReadAction\",\"target\":[\"https:\\\/\\\/dutchmicrodosing.com\\\/es\\\/hierbas-botanicas\\\/tinturas-y-extractos\\\/extracto-de-maca-amarilla-50-ml\\\/\"]}]},{\"@type\":\"ImageObject\",\"inLanguage\":\"es\",\"@id\":\"https:\\\/\\\/dutchmicrodosing.com\\\/es\\\/hierbas-botanicas\\\/tinturas-y-extractos\\\/extracto-de-maca-amarilla-50-ml\\\/#primaryimage\",\"url\":\"https:\\\/\\\/dutchmicrodosing.com\\\/wp-content\\\/uploads\\\/2026\\\/03\\\/YellowMaca-Munay.png.jpg\",\"contentUrl\":\"https:\\\/\\\/dutchmicrodosing.com\\\/wp-content\\\/uploads\\\/2026\\\/03\\\/YellowMaca-Munay.png.jpg\",\"width\":1024,\"height\":1024},{\"@type\":\"BreadcrumbList\",\"@id\":\"https:\\\/\\\/dutchmicrodosing.com\\\/es\\\/hierbas-botanicas\\\/tinturas-y-extractos\\\/extracto-de-maca-amarilla-50-ml\\\/#breadcrumb\",\"itemListElement\":[{\"@type\":\"ListItem\",\"position\":1,\"name\":\"Home\",\"item\":\"https:\\\/\\\/dutchmicrodosing.com\\\/es\\\/\"},{\"@type\":\"ListItem\",\"position\":2,\"name\":\"Tienda\",\"item\":\"https:\\\/\\\/dutchmicrodosing.com\\\/es\\\/tienda\\\/\"},{\"@type\":\"ListItem\",\"position\":3,\"name\":\"Extracto de Maca Amarilla &#8211; 50 ml\"}]},{\"@type\":\"WebSite\",\"@id\":\"https:\\\/\\\/dutchmicrodosing.com\\\/es\\\/#website\",\"url\":\"https:\\\/\\\/dutchmicrodosing.com\\\/es\\\/\",\"name\":\"Dutchmicrodosing\",\"description\":\"\",\"publisher\":{\"@id\":\"https:\\\/\\\/dutchmicrodosing.com\\\/es\\\/#organization\"},\"potentialAction\":[{\"@type\":\"SearchAction\",\"target\":{\"@type\":\"EntryPoint\",\"urlTemplate\":\"https:\\\/\\\/dutchmicrodosing.com\\\/es\\\/?s={search_term_string}\"},\"query-input\":{\"@type\":\"PropertyValueSpecification\",\"valueRequired\":true,\"valueName\":\"search_term_string\"}}],\"inLanguage\":\"es\"},{\"@type\":\"Organization\",\"@id\":\"https:\\\/\\\/dutchmicrodosing.com\\\/es\\\/#organization\",\"name\":\"Dutchmicrodosing\",\"url\":\"https:\\\/\\\/dutchmicrodosing.com\\\/es\\\/\",\"logo\":{\"@type\":\"ImageObject\",\"inLanguage\":\"es\",\"@id\":\"https:\\\/\\\/dutchmicrodosing.com\\\/es\\\/#\\\/schema\\\/logo\\\/image\\\/\",\"url\":\"https:\\\/\\\/dutchmicrodosing.com\\\/wp-content\\\/uploads\\\/2021\\\/01\\\/microdosing-categorie-pic-nieuw.jpg\",\"contentUrl\":\"https:\\\/\\\/dutchmicrodosing.com\\\/wp-content\\\/uploads\\\/2021\\\/01\\\/microdosing-categorie-pic-nieuw.jpg\",\"width\":500,\"height\":500,\"caption\":\"Dutchmicrodosing\"},\"image\":{\"@id\":\"https:\\\/\\\/dutchmicrodosing.com\\\/es\\\/#\\\/schema\\\/logo\\\/image\\\/\"},\"sameAs\":[\"https:\\\/\\\/www.facebook.com\\\/Dutchmicrodosingxp\\\/\",\"https:\\\/\\\/www.instagram.com\\\/dutchmicrodosing\\\/\"]}]}<\/script>\n<meta property=\"product:price:amount\" content=\"19.95\" \/>\n<meta property=\"product:price:currency\" content=\"EUR\" \/>\n<meta property=\"og:availability\" content=\"instock\" \/>\n<meta property=\"product:availability\" content=\"instock\" \/>\n<meta property=\"product:condition\" content=\"new\" \/>\n<!-- \/ Yoast SEO Premium plugin. -->","yoast_head_json":{"title":"Extracto de Maca Amarilla - 50 ml - Dutchmicrodosing","description":"Descubre el extracto de maca amarilla de Munay Botanicals. Extracto l\u00edquido de espectro completo de Per\u00fa, f\u00e1cil de dosificar, para mezclar con agua, t\u00e9 o smoothies.","robots":{"index":"index","follow":"follow","max-snippet":"max-snippet:-1","max-image-preview":"max-image-preview:large","max-video-preview":"max-video-preview:-1"},"canonical":"https:\/\/dutchmicrodosing.com\/es\/hierbas-botanicas\/tinturas-y-extractos\/extracto-de-maca-amarilla-50-ml\/","og_locale":"es_ES","og_type":"article","og_title":"Extracto de Maca Amarilla - 50 ml","og_description":"Munay Botanicals Yellow Maca Extract - 50 ml - Lepidium meyenii es un extracto l\u00edquido de espectro completo de maca amarilla, un cultivo tradicional de","og_url":"https:\/\/dutchmicrodosing.com\/es\/hierbas-botanicas\/tinturas-y-extractos\/extracto-de-maca-amarilla-50-ml\/","og_site_name":"Dutchmicrodosing","article_publisher":"https:\/\/www.facebook.com\/Dutchmicrodosingxp\/","article_modified_time":"2026-04-21T12:38:00+00:00","og_image":[{"width":1024,"height":1024,"url":"https:\/\/dutchmicrodosing.com\/wp-content\/uploads\/2026\/03\/YellowMaca-Munay.png.jpg","type":"image\/jpeg"}],"twitter_card":"summary_large_image","schema":{"@context":"https:\/\/schema.org","@graph":[{"@type":"WebPage","@id":"https:\/\/dutchmicrodosing.com\/es\/hierbas-botanicas\/tinturas-y-extractos\/extracto-de-maca-amarilla-50-ml\/","url":"https:\/\/dutchmicrodosing.com\/es\/hierbas-botanicas\/tinturas-y-extractos\/extracto-de-maca-amarilla-50-ml\/","name":"Extracto de Maca Amarilla - 50 ml - Dutchmicrodosing","isPartOf":{"@id":"https:\/\/dutchmicrodosing.com\/es\/#website"},"primaryImageOfPage":{"@id":"https:\/\/dutchmicrodosing.com\/es\/hierbas-botanicas\/tinturas-y-extractos\/extracto-de-maca-amarilla-50-ml\/#primaryimage"},"image":{"@id":"https:\/\/dutchmicrodosing.com\/es\/hierbas-botanicas\/tinturas-y-extractos\/extracto-de-maca-amarilla-50-ml\/#primaryimage"},"thumbnailUrl":"https:\/\/dutchmicrodosing.com\/wp-content\/uploads\/2026\/03\/YellowMaca-Munay.png.jpg","datePublished":"2026-03-24T06:26:13+00:00","dateModified":"2026-04-21T12:38:00+00:00","description":"Descubre el extracto de maca amarilla de Munay Botanicals. Extracto l\u00edquido de espectro completo de Per\u00fa, f\u00e1cil de dosificar, para mezclar con agua, t\u00e9 o smoothies.","breadcrumb":{"@id":"https:\/\/dutchmicrodosing.com\/es\/hierbas-botanicas\/tinturas-y-extractos\/extracto-de-maca-amarilla-50-ml\/#breadcrumb"},"inLanguage":"es","potentialAction":[{"@type":"ReadAction","target":["https:\/\/dutchmicrodosing.com\/es\/hierbas-botanicas\/tinturas-y-extractos\/extracto-de-maca-amarilla-50-ml\/"]}]},{"@type":"ImageObject","inLanguage":"es","@id":"https:\/\/dutchmicrodosing.com\/es\/hierbas-botanicas\/tinturas-y-extractos\/extracto-de-maca-amarilla-50-ml\/#primaryimage","url":"https:\/\/dutchmicrodosing.com\/wp-content\/uploads\/2026\/03\/YellowMaca-Munay.png.jpg","contentUrl":"https:\/\/dutchmicrodosing.com\/wp-content\/uploads\/2026\/03\/YellowMaca-Munay.png.jpg","width":1024,"height":1024},{"@type":"BreadcrumbList","@id":"https:\/\/dutchmicrodosing.com\/es\/hierbas-botanicas\/tinturas-y-extractos\/extracto-de-maca-amarilla-50-ml\/#breadcrumb","itemListElement":[{"@type":"ListItem","position":1,"name":"Home","item":"https:\/\/dutchmicrodosing.com\/es\/"},{"@type":"ListItem","position":2,"name":"Tienda","item":"https:\/\/dutchmicrodosing.com\/es\/tienda\/"},{"@type":"ListItem","position":3,"name":"Extracto de Maca Amarilla &#8211; 50 ml"}]},{"@type":"WebSite","@id":"https:\/\/dutchmicrodosing.com\/es\/#website","url":"https:\/\/dutchmicrodosing.com\/es\/","name":"Dutchmicrodosing","description":"","publisher":{"@id":"https:\/\/dutchmicrodosing.com\/es\/#organization"},"potentialAction":[{"@type":"SearchAction","target":{"@type":"EntryPoint","urlTemplate":"https:\/\/dutchmicrodosing.com\/es\/?s={search_term_string}"},"query-input":{"@type":"PropertyValueSpecification","valueRequired":true,"valueName":"search_term_string"}}],"inLanguage":"es"},{"@type":"Organization","@id":"https:\/\/dutchmicrodosing.com\/es\/#organization","name":"Dutchmicrodosing","url":"https:\/\/dutchmicrodosing.com\/es\/","logo":{"@type":"ImageObject","inLanguage":"es","@id":"https:\/\/dutchmicrodosing.com\/es\/#\/schema\/logo\/image\/","url":"https:\/\/dutchmicrodosing.com\/wp-content\/uploads\/2021\/01\/microdosing-categorie-pic-nieuw.jpg","contentUrl":"https:\/\/dutchmicrodosing.com\/wp-content\/uploads\/2021\/01\/microdosing-categorie-pic-nieuw.jpg","width":500,"height":500,"caption":"Dutchmicrodosing"},"image":{"@id":"https:\/\/dutchmicrodosing.com\/es\/#\/schema\/logo\/image\/"},"sameAs":["https:\/\/www.facebook.com\/Dutchmicrodosingxp\/","https:\/\/www.instagram.com\/dutchmicrodosing\/"]}]},"product_price_amount":"19.95","product_price_currency":"EUR","og_availability":"instock","product_availability":"instock","product_condition":"new"},"_links":{"self":[{"href":"https:\/\/dutchmicrodosing.com\/es\/wp-json\/wp\/v2\/product\/65443","targetHints":{"allow":["GET"]}}],"collection":[{"href":"https:\/\/dutchmicrodosing.com\/es\/wp-json\/wp\/v2\/product"}],"about":[{"href":"https:\/\/dutchmicrodosing.com\/es\/wp-json\/wp\/v2\/types\/product"}],"replies":[{"embeddable":true,"href":"https:\/\/dutchmicrodosing.com\/es\/wp-json\/wp\/v2\/comments?post=65443"}],"version-history":[{"count":0,"href":"https:\/\/dutchmicrodosing.com\/es\/wp-json\/wp\/v2\/product\/65443\/revisions"}],"wp:featuredmedia":[{"embeddable":true,"href":"https:\/\/dutchmicrodosing.com\/es\/wp-json\/wp\/v2\/media\/65442"}],"wp:attachment":[{"href":"https:\/\/dutchmicrodosing.com\/es\/wp-json\/wp\/v2\/media?parent=65443"}],"wp:term":[{"taxonomy":"product_brand","embeddable":true,"href":"https:\/\/dutchmicrodosing.com\/es\/wp-json\/wp\/v2\/product_brand?post=65443"},{"taxonomy":"product_cat","embeddable":true,"href":"https:\/\/dutchmicrodosing.com\/es\/wp-json\/wp\/v2\/product_cat?post=65443"},{"taxonomy":"product_tag","embeddable":true,"href":"https:\/\/dutchmicrodosing.com\/es\/wp-json\/wp\/v2\/product_tag?post=65443"}],"curies":[{"name":"wp","href":"https:\/\/api.w.org\/{rel}","templated":true}]}}