{"id":8699,"date":"2021-02-27T22:51:44","date_gmt":"2021-02-27T21:51:44","guid":{"rendered":"https:\/\/dutchmicrodosing.com\/shop\/sin%20categor\u00eda\/vitamina-d3-vegana-30-capsulas\/"},"modified":"2026-02-19T00:47:35","modified_gmt":"2026-02-18T23:47:35","slug":"vegan-vitamina-d3-30caps","status":"publish","type":"product","link":"https:\/\/dutchmicrodosing.com\/es\/herbolario\/suplementos-de-vitaminas\/vegan-vitamina-d3-30caps\/","title":{"rendered":"Vitamina D3 vegana &#8211; 30 c\u00e1psulas"},"content":{"rendered":"<p>Esta <strong>vitamina D3<\/strong> especial vegana y vegetal de Together se produce a partir de l\u00edquenes. El liquen es originario de Norteam\u00e9rica y prospera en climas remotos, frescos y monta\u00f1osos, donde el aire es limpio y puro. Es una especie org\u00e1nica peque\u00f1a y \u00fanica que contiene la \u00fanica fuente vegetal de vitamina D3. La adici\u00f3n de aceite de coco mejora la absorci\u00f3n de D3 (vitamina liposoluble).<\/p>\n<p>Este producto es completamente vegano y no contiene aditivos ni otros excipientes. Viene en una bolsa que cabe en el buz\u00f3n. Una bolsa contiene 30 c\u00e1psulas que equivalen a un mes de suministro (una c\u00e1psula al d\u00eda).<\/p>\n<h3>Ingredientes<\/h3>\n<p>Aceite de coco, extracto de tapioca* , liquen con vitamina D3 y c\u00e1psula vegana (celulosa vegetal).<\/p>\n<p><strong>Valores nutricionales por c\u00e1psula:<\/strong><\/p>\n<ul>\n<li>Vitamina D3 (Colecalciferol) 25 \u03bcg \/ 1000 UI<\/li>\n<li>Aceite de coco 250mg<\/li>\n<\/ul>\n<h3>Contenido<\/h3>\n<p>Together Vegan Vitamin D3 &#8211; 30 c\u00e1psulas<\/p>\n","protected":false},"excerpt":{"rendered":"<p>Esta vitamina D3 especial vegana y vegetal de Together se produce a partir de l\u00edquenes. El liquen es originario de Norteam\u00e9rica y prospera en climas remotos, frescos y monta\u00f1osos, donde el aire es limpio y puro. Es una especie org\u00e1nica peque\u00f1a y \u00fanica que contiene la \u00fanica fuente vegetal de vitamina D3. La adici\u00f3n de [&hellip;]<\/p>\n","protected":false},"featured_media":3240,"comment_status":"open","ping_status":"closed","template":"","meta":[],"product_brand":[],"product_cat":[298,301,140],"product_tag":[],"class_list":{"0":"post-8699","1":"product","2":"type-product","3":"status-publish","4":"has-post-thumbnail","6":"product_cat-suplementos-para-el-sistema-inmunitario","7":"product_cat-suplementos-para-dormir","8":"product_cat-suplementos-de-vitaminas","10":"first","11":"instock","12":"taxable","13":"shipping-taxable","14":"purchasable","15":"product-type-simple"},"yoast_head":"<!-- This site is optimized with the Yoast SEO Premium plugin v26.4 (Yoast SEO v27.2) - https:\/\/yoast.com\/product\/yoast-seo-premium-wordpress\/ -->\n<title>Vitamina D3 vegana - 30 c\u00e1psulas - Dutchmicrodosing<\/title>\n<meta name=\"description\" content=\"Esta vitamina D3 especial, vegana y de origen vegetal, se produce a partir de l\u00edquenes. Este liquen es originario de Norteam\u00e9rica y crece en...\" \/>\n<meta name=\"robots\" content=\"index, follow, max-snippet:-1, max-image-preview:large, max-video-preview:-1\" \/>\n<link rel=\"canonical\" href=\"https:\/\/dutchmicrodosing.com\/es\/herbolario\/suplementos-de-vitaminas\/vegan-vitamina-d3-30caps\/\" \/>\n<meta property=\"og:locale\" content=\"es_ES\" \/>\n<meta property=\"og:type\" content=\"article\" \/>\n<meta property=\"og:title\" content=\"Vitamina D3 vegana - 30 c\u00e1psulas\" \/>\n<meta property=\"og:description\" content=\"Esta vitamina D3 especial vegana y vegetal de Together se produce a partir de l\u00edquenes. El liquen es originario de Norteam\u00e9rica y prospera en climas\" \/>\n<meta property=\"og:url\" content=\"https:\/\/dutchmicrodosing.com\/es\/herbolario\/suplementos-de-vitaminas\/vegan-vitamina-d3-30caps\/\" \/>\n<meta property=\"og:site_name\" content=\"Dutchmicrodosing\" \/>\n<meta property=\"article:publisher\" content=\"https:\/\/www.facebook.com\/Dutchmicrodosingxp\/\" \/>\n<meta property=\"article:modified_time\" content=\"2026-02-18T23:47:35+00:00\" \/>\n<meta property=\"og:image\" content=\"https:\/\/dutchmicrodosing.com\/wp-content\/uploads\/2021\/02\/2269-Vegan-Vitamin-D3-Together-Health-30caps-3.jpg\" \/>\n\t<meta property=\"og:image:width\" content=\"1040\" \/>\n\t<meta property=\"og:image:height\" content=\"1040\" \/>\n\t<meta property=\"og:image:type\" content=\"image\/jpeg\" \/>\n<meta name=\"twitter:card\" content=\"summary_large_image\" \/>\n<script type=\"application\/ld+json\" class=\"yoast-schema-graph\">{\"@context\":\"https:\/\/schema.org\",\"@graph\":[{\"@type\":\"WebPage\",\"@id\":\"https:\/\/dutchmicrodosing.com\/es\/herbolario\/suplementos-de-vitaminas\/vegan-vitamina-d3-30caps\/\",\"url\":\"https:\/\/dutchmicrodosing.com\/es\/herbolario\/suplementos-de-vitaminas\/vegan-vitamina-d3-30caps\/\",\"name\":\"Vitamina D3 vegana - 30 c\u00e1psulas - Dutchmicrodosing\",\"isPartOf\":{\"@id\":\"https:\/\/dutchmicrodosing.com\/es\/#website\"},\"primaryImageOfPage\":{\"@id\":\"https:\/\/dutchmicrodosing.com\/es\/herbolario\/suplementos-de-vitaminas\/vegan-vitamina-d3-30caps\/#primaryimage\"},\"image\":{\"@id\":\"https:\/\/dutchmicrodosing.com\/es\/herbolario\/suplementos-de-vitaminas\/vegan-vitamina-d3-30caps\/#primaryimage\"},\"thumbnailUrl\":\"https:\/\/dutchmicrodosing.com\/wp-content\/uploads\/2021\/02\/2269-Vegan-Vitamin-D3-Together-Health-30caps-3.jpg\",\"datePublished\":\"2021-02-27T21:51:44+00:00\",\"dateModified\":\"2026-02-18T23:47:35+00:00\",\"description\":\"Esta vitamina D3 especial, vegana y de origen vegetal, se produce a partir de l\u00edquenes. Este liquen es originario de Norteam\u00e9rica y crece en...\",\"breadcrumb\":{\"@id\":\"https:\/\/dutchmicrodosing.com\/es\/herbolario\/suplementos-de-vitaminas\/vegan-vitamina-d3-30caps\/#breadcrumb\"},\"inLanguage\":\"es\",\"potentialAction\":[{\"@type\":\"ReadAction\",\"target\":[\"https:\/\/dutchmicrodosing.com\/es\/herbolario\/suplementos-de-vitaminas\/vegan-vitamina-d3-30caps\/\"]}]},{\"@type\":\"ImageObject\",\"inLanguage\":\"es\",\"@id\":\"https:\/\/dutchmicrodosing.com\/es\/herbolario\/suplementos-de-vitaminas\/vegan-vitamina-d3-30caps\/#primaryimage\",\"url\":\"https:\/\/dutchmicrodosing.com\/wp-content\/uploads\/2021\/02\/2269-Vegan-Vitamin-D3-Together-Health-30caps-3.jpg\",\"contentUrl\":\"https:\/\/dutchmicrodosing.com\/wp-content\/uploads\/2021\/02\/2269-Vegan-Vitamin-D3-Together-Health-30caps-3.jpg\",\"width\":1040,\"height\":1040},{\"@type\":\"BreadcrumbList\",\"@id\":\"https:\/\/dutchmicrodosing.com\/es\/herbolario\/suplementos-de-vitaminas\/vegan-vitamina-d3-30caps\/#breadcrumb\",\"itemListElement\":[{\"@type\":\"ListItem\",\"position\":1,\"name\":\"Home\",\"item\":\"https:\/\/dutchmicrodosing.com\/es\/\"},{\"@type\":\"ListItem\",\"position\":2,\"name\":\"Tienda\",\"item\":\"https:\/\/dutchmicrodosing.com\/es\/tienda\/\"},{\"@type\":\"ListItem\",\"position\":3,\"name\":\"Vitamina D3 vegana &#8211; 30 c\u00e1psulas\"}]},{\"@type\":\"WebSite\",\"@id\":\"https:\/\/dutchmicrodosing.com\/es\/#website\",\"url\":\"https:\/\/dutchmicrodosing.com\/es\/\",\"name\":\"Dutchmicrodosing\",\"description\":\"\",\"publisher\":{\"@id\":\"https:\/\/dutchmicrodosing.com\/es\/#organization\"},\"potentialAction\":[{\"@type\":\"SearchAction\",\"target\":{\"@type\":\"EntryPoint\",\"urlTemplate\":\"https:\/\/dutchmicrodosing.com\/es\/?s={search_term_string}\"},\"query-input\":{\"@type\":\"PropertyValueSpecification\",\"valueRequired\":true,\"valueName\":\"search_term_string\"}}],\"inLanguage\":\"es\"},{\"@type\":\"Organization\",\"@id\":\"https:\/\/dutchmicrodosing.com\/es\/#organization\",\"name\":\"Dutchmicrodosing\",\"url\":\"https:\/\/dutchmicrodosing.com\/es\/\",\"logo\":{\"@type\":\"ImageObject\",\"inLanguage\":\"es\",\"@id\":\"https:\/\/dutchmicrodosing.com\/es\/#\/schema\/logo\/image\/\",\"url\":\"https:\/\/dutchmicrodosing.com\/wp-content\/uploads\/2021\/01\/microdosing-categorie-pic-nieuw.jpg\",\"contentUrl\":\"https:\/\/dutchmicrodosing.com\/wp-content\/uploads\/2021\/01\/microdosing-categorie-pic-nieuw.jpg\",\"width\":500,\"height\":500,\"caption\":\"Dutchmicrodosing\"},\"image\":{\"@id\":\"https:\/\/dutchmicrodosing.com\/es\/#\/schema\/logo\/image\/\"},\"sameAs\":[\"https:\/\/www.facebook.com\/Dutchmicrodosingxp\/\",\"https:\/\/www.instagram.com\/dutchmicrodosing\/\"]}]}<\/script>\n<meta property=\"product:price:amount\" content=\"8.95\" \/>\n<meta property=\"product:price:currency\" content=\"EUR\" \/>\n<meta property=\"og:availability\" content=\"instock\" \/>\n<meta property=\"product:availability\" content=\"instock\" \/>\n<meta property=\"product:retailer_item_id\" content=\"1202145\" \/>\n<meta property=\"product:condition\" content=\"new\" \/>\n<!-- \/ Yoast SEO Premium plugin. -->","yoast_head_json":{"title":"Vitamina D3 vegana - 30 c\u00e1psulas - Dutchmicrodosing","description":"Esta vitamina D3 especial, vegana y de origen vegetal, se produce a partir de l\u00edquenes. Este liquen es originario de Norteam\u00e9rica y crece en...","robots":{"index":"index","follow":"follow","max-snippet":"max-snippet:-1","max-image-preview":"max-image-preview:large","max-video-preview":"max-video-preview:-1"},"canonical":"https:\/\/dutchmicrodosing.com\/es\/herbolario\/suplementos-de-vitaminas\/vegan-vitamina-d3-30caps\/","og_locale":"es_ES","og_type":"article","og_title":"Vitamina D3 vegana - 30 c\u00e1psulas","og_description":"Esta vitamina D3 especial vegana y vegetal de Together se produce a partir de l\u00edquenes. El liquen es originario de Norteam\u00e9rica y prospera en climas","og_url":"https:\/\/dutchmicrodosing.com\/es\/herbolario\/suplementos-de-vitaminas\/vegan-vitamina-d3-30caps\/","og_site_name":"Dutchmicrodosing","article_publisher":"https:\/\/www.facebook.com\/Dutchmicrodosingxp\/","article_modified_time":"2026-02-18T23:47:35+00:00","og_image":[{"width":1040,"height":1040,"url":"https:\/\/dutchmicrodosing.com\/wp-content\/uploads\/2021\/02\/2269-Vegan-Vitamin-D3-Together-Health-30caps-3.jpg","type":"image\/jpeg"}],"twitter_card":"summary_large_image","schema":{"@context":"https:\/\/schema.org","@graph":[{"@type":"WebPage","@id":"https:\/\/dutchmicrodosing.com\/es\/herbolario\/suplementos-de-vitaminas\/vegan-vitamina-d3-30caps\/","url":"https:\/\/dutchmicrodosing.com\/es\/herbolario\/suplementos-de-vitaminas\/vegan-vitamina-d3-30caps\/","name":"Vitamina D3 vegana - 30 c\u00e1psulas - Dutchmicrodosing","isPartOf":{"@id":"https:\/\/dutchmicrodosing.com\/es\/#website"},"primaryImageOfPage":{"@id":"https:\/\/dutchmicrodosing.com\/es\/herbolario\/suplementos-de-vitaminas\/vegan-vitamina-d3-30caps\/#primaryimage"},"image":{"@id":"https:\/\/dutchmicrodosing.com\/es\/herbolario\/suplementos-de-vitaminas\/vegan-vitamina-d3-30caps\/#primaryimage"},"thumbnailUrl":"https:\/\/dutchmicrodosing.com\/wp-content\/uploads\/2021\/02\/2269-Vegan-Vitamin-D3-Together-Health-30caps-3.jpg","datePublished":"2021-02-27T21:51:44+00:00","dateModified":"2026-02-18T23:47:35+00:00","description":"Esta vitamina D3 especial, vegana y de origen vegetal, se produce a partir de l\u00edquenes. Este liquen es originario de Norteam\u00e9rica y crece en...","breadcrumb":{"@id":"https:\/\/dutchmicrodosing.com\/es\/herbolario\/suplementos-de-vitaminas\/vegan-vitamina-d3-30caps\/#breadcrumb"},"inLanguage":"es","potentialAction":[{"@type":"ReadAction","target":["https:\/\/dutchmicrodosing.com\/es\/herbolario\/suplementos-de-vitaminas\/vegan-vitamina-d3-30caps\/"]}]},{"@type":"ImageObject","inLanguage":"es","@id":"https:\/\/dutchmicrodosing.com\/es\/herbolario\/suplementos-de-vitaminas\/vegan-vitamina-d3-30caps\/#primaryimage","url":"https:\/\/dutchmicrodosing.com\/wp-content\/uploads\/2021\/02\/2269-Vegan-Vitamin-D3-Together-Health-30caps-3.jpg","contentUrl":"https:\/\/dutchmicrodosing.com\/wp-content\/uploads\/2021\/02\/2269-Vegan-Vitamin-D3-Together-Health-30caps-3.jpg","width":1040,"height":1040},{"@type":"BreadcrumbList","@id":"https:\/\/dutchmicrodosing.com\/es\/herbolario\/suplementos-de-vitaminas\/vegan-vitamina-d3-30caps\/#breadcrumb","itemListElement":[{"@type":"ListItem","position":1,"name":"Home","item":"https:\/\/dutchmicrodosing.com\/es\/"},{"@type":"ListItem","position":2,"name":"Tienda","item":"https:\/\/dutchmicrodosing.com\/es\/tienda\/"},{"@type":"ListItem","position":3,"name":"Vitamina D3 vegana &#8211; 30 c\u00e1psulas"}]},{"@type":"WebSite","@id":"https:\/\/dutchmicrodosing.com\/es\/#website","url":"https:\/\/dutchmicrodosing.com\/es\/","name":"Dutchmicrodosing","description":"","publisher":{"@id":"https:\/\/dutchmicrodosing.com\/es\/#organization"},"potentialAction":[{"@type":"SearchAction","target":{"@type":"EntryPoint","urlTemplate":"https:\/\/dutchmicrodosing.com\/es\/?s={search_term_string}"},"query-input":{"@type":"PropertyValueSpecification","valueRequired":true,"valueName":"search_term_string"}}],"inLanguage":"es"},{"@type":"Organization","@id":"https:\/\/dutchmicrodosing.com\/es\/#organization","name":"Dutchmicrodosing","url":"https:\/\/dutchmicrodosing.com\/es\/","logo":{"@type":"ImageObject","inLanguage":"es","@id":"https:\/\/dutchmicrodosing.com\/es\/#\/schema\/logo\/image\/","url":"https:\/\/dutchmicrodosing.com\/wp-content\/uploads\/2021\/01\/microdosing-categorie-pic-nieuw.jpg","contentUrl":"https:\/\/dutchmicrodosing.com\/wp-content\/uploads\/2021\/01\/microdosing-categorie-pic-nieuw.jpg","width":500,"height":500,"caption":"Dutchmicrodosing"},"image":{"@id":"https:\/\/dutchmicrodosing.com\/es\/#\/schema\/logo\/image\/"},"sameAs":["https:\/\/www.facebook.com\/Dutchmicrodosingxp\/","https:\/\/www.instagram.com\/dutchmicrodosing\/"]}]},"product_price_amount":"8.95","product_price_currency":"EUR","og_availability":"instock","product_availability":"instock","product_retailer_item_id":"1202145","product_condition":"new"},"_links":{"self":[{"href":"https:\/\/dutchmicrodosing.com\/es\/wp-json\/wp\/v2\/product\/8699","targetHints":{"allow":["GET"]}}],"collection":[{"href":"https:\/\/dutchmicrodosing.com\/es\/wp-json\/wp\/v2\/product"}],"about":[{"href":"https:\/\/dutchmicrodosing.com\/es\/wp-json\/wp\/v2\/types\/product"}],"replies":[{"embeddable":true,"href":"https:\/\/dutchmicrodosing.com\/es\/wp-json\/wp\/v2\/comments?post=8699"}],"version-history":[{"count":0,"href":"https:\/\/dutchmicrodosing.com\/es\/wp-json\/wp\/v2\/product\/8699\/revisions"}],"wp:featuredmedia":[{"embeddable":true,"href":"https:\/\/dutchmicrodosing.com\/es\/wp-json\/wp\/v2\/media\/3240"}],"wp:attachment":[{"href":"https:\/\/dutchmicrodosing.com\/es\/wp-json\/wp\/v2\/media?parent=8699"}],"wp:term":[{"taxonomy":"product_brand","embeddable":true,"href":"https:\/\/dutchmicrodosing.com\/es\/wp-json\/wp\/v2\/product_brand?post=8699"},{"taxonomy":"product_cat","embeddable":true,"href":"https:\/\/dutchmicrodosing.com\/es\/wp-json\/wp\/v2\/product_cat?post=8699"},{"taxonomy":"product_tag","embeddable":true,"href":"https:\/\/dutchmicrodosing.com\/es\/wp-json\/wp\/v2\/product_tag?post=8699"}],"curies":[{"name":"wp","href":"https:\/\/api.w.org\/{rel}","templated":true}]}}