{"id":3707,"date":"2021-04-27T13:40:53","date_gmt":"2021-04-27T13:40:53","guid":{"rendered":"https:\/\/dutchmicrodosing.com\/fournitures-de-microdosage\/"},"modified":"2025-11-06T21:32:58","modified_gmt":"2025-11-06T20:32:58","slug":"fournitures-de-microdosage","status":"publish","type":"page","link":"https:\/\/dutchmicrodosing.com\/fr\/fournitures-de-microdosage\/","title":{"rendered":"Fournitures de microdosage"},"content":{"rendered":"\t\t<div data-elementor-type=\"wp-page\" data-elementor-id=\"3707\" class=\"elementor elementor-3707 elementor-590\" data-elementor-post-type=\"page\">\n\t\t\t\t\t\t<section class=\"elementor-section elementor-top-section elementor-element elementor-element-b50540a elementor-section-boxed elementor-section-height-default elementor-section-height-default\" data-id=\"b50540a\" data-element_type=\"section\" data-e-type=\"section\">\n\t\t\t\t\t\t<div class=\"elementor-container elementor-column-gap-default\">\n\t\t\t\t\t<div class=\"elementor-column elementor-col-100 elementor-top-column elementor-element elementor-element-cd15175\" data-id=\"cd15175\" data-element_type=\"column\" data-e-type=\"column\">\n\t\t\t<div class=\"elementor-widget-wrap elementor-element-populated\">\n\t\t\t\t\t\t<div class=\"elementor-element elementor-element-5a79ba8 elementor--h-position-center elementor--v-position-middle elementor-arrows-position-inside elementor-pagination-position-inside elementor-widget elementor-widget-slides\" data-id=\"5a79ba8\" data-element_type=\"widget\" data-e-type=\"widget\" data-settings=\"{&quot;navigation&quot;:&quot;both&quot;,&quot;autoplay&quot;:&quot;yes&quot;,&quot;pause_on_hover&quot;:&quot;yes&quot;,&quot;pause_on_interaction&quot;:&quot;yes&quot;,&quot;autoplay_speed&quot;:5000,&quot;infinite&quot;:&quot;yes&quot;,&quot;transition&quot;:&quot;slide&quot;,&quot;transition_speed&quot;:500}\" data-widget_type=\"slides.default\">\n\t\t\t\t<div class=\"elementor-widget-container\">\n\t\t\t\t\t\t\t\t\t<div class=\"elementor-swiper\">\n\t\t\t\t\t<div class=\"elementor-slides-wrapper elementor-main-swiper swiper\" role=\"region\" aria-roledescription=\"carousel\" aria-label=\"Slides\" dir=\"ltr\" data-animation=\"fadeInUp\">\n\t\t\t\t<div class=\"swiper-wrapper elementor-slides\">\n\t\t\t\t\t\t\t\t\t\t<div class=\"elementor-repeater-item-3f771d6 swiper-slide\" role=\"group\" aria-roledescription=\"slide\"><div class=\"swiper-slide-bg\" role=\"img\" aria-label=\"Microdosage de champignons magiques\"><\/div><div class=\"swiper-slide-inner\" ><div class=\"swiper-slide-contents\"><\/div><\/div><\/div>\t\t\t\t<\/div>\n\t\t\t\t\t\t\t<\/div>\n\t\t\t\t<\/div>\n\t\t\t\t\t\t\t\t<\/div>\n\t\t\t\t<\/div>\n\t\t\t\t\t<\/div>\n\t\t<\/div>\n\t\t\t\t\t<\/div>\n\t\t<\/section>\n\t\t\t\t<section class=\"elementor-section elementor-top-section elementor-element elementor-element-bea9fce elementor-section-boxed elementor-section-height-default elementor-section-height-default\" data-id=\"bea9fce\" data-element_type=\"section\" data-e-type=\"section\">\n\t\t\t\t\t\t<div class=\"elementor-container elementor-column-gap-default\">\n\t\t\t\t\t<div class=\"elementor-column elementor-col-100 elementor-top-column elementor-element elementor-element-5e834da\" data-id=\"5e834da\" data-element_type=\"column\" data-e-type=\"column\">\n\t\t\t<div class=\"elementor-widget-wrap elementor-element-populated\">\n\t\t\t\t\t\t<div class=\"elementor-element elementor-element-42861f6 elementor-widget elementor-widget-heading\" data-id=\"42861f6\" data-element_type=\"widget\" data-e-type=\"widget\" data-widget_type=\"heading.default\">\n\t\t\t\t<div class=\"elementor-widget-container\">\n\t\t\t\t\t<h1 class=\"elementor-heading-title elementor-size-default\">Mat\u00e9riel de microdosage<\/h1>\t\t\t\t<\/div>\n\t\t\t\t<\/div>\n\t\t\t\t\t<\/div>\n\t\t<\/div>\n\t\t\t\t\t<\/div>\n\t\t<\/section>\n\t\t\t\t<section class=\"elementor-section elementor-top-section elementor-element elementor-element-0bb2ebc elementor-section-boxed elementor-section-height-default elementor-section-height-default\" data-id=\"0bb2ebc\" data-element_type=\"section\" data-e-type=\"section\">\n\t\t\t\t\t\t<div class=\"elementor-container elementor-column-gap-default\">\n\t\t\t\t\t<div class=\"elementor-column elementor-col-100 elementor-top-column elementor-element elementor-element-024f7f6\" data-id=\"024f7f6\" data-element_type=\"column\" data-e-type=\"column\">\n\t\t\t<div class=\"elementor-widget-wrap elementor-element-populated\">\n\t\t\t\t\t\t<div class=\"elementor-element elementor-element-cd0634d elementor-widget elementor-widget-text-editor\" data-id=\"cd0634d\" data-element_type=\"widget\" data-e-type=\"widget\" data-widget_type=\"text-editor.default\">\n\t\t\t\t<div class=\"elementor-widget-container\">\n\t\t\t\t\t\t\t\t\t<p>Si vous souhaitez utiliser le microdosage, il est pr\u00e9f\u00e9rable d&rsquo;opter pour des substances s\u00e9ch\u00e9es. Cela permet de travailler avec une grande pr\u00e9cision, ce qui est important. Dans cet article, vous d\u00e9couvrirez les principales fournitures pour le microdosage, de la quantit\u00e9 de champignons magiques ou de truffes aux g\u00e9lules avec lesquelles vous prendrez vos microdoses. Utilisez toujours une <a href=\"https:\/\/dutchmicrodosing.com\/fr\/routine-de-microdosage\/\">routine de microdosage<\/a> lors du microdosage.<\/p><h2>De quoi avez-vous besoin pour le microdosage ?<\/h2><p>Les psych\u00e9d\u00e9liques les plus couramment utilis\u00e9s pour le microdosage sont les champignons magiques et les truffes. Vous pouvez les utiliser fra\u00eeches, mais s\u00e9ch\u00e9es, elles vous permettent de travailler avec plus de pr\u00e9cision. Ainsi, vous pouvez \u00eatre s\u00fbr que vous recevez une dose \u00e9gale du m\u00e9dicament \u00e0 chaque fois. Nous parlons bien s\u00fbr du psilocybe, la substance qui (en quantit\u00e9 normale) a un effet psychotrope. Avec le microdosage, vous ing\u00e9rez une quantit\u00e9 tellement faible que vous en remarquez les <a href=\"https:\/\/dutchmicrodosing.com\/fr\/avantages-microdosage\/\">bienfaits<\/a>, mais sans que cela n&rsquo;affecte n\u00e9gativement votre fonctionnement.<\/p><p>Il faut au moins des champignons magiques ou des truffes. Le choix de l&rsquo;un ou de l&rsquo;autre est un choix personnel. Ils contiennent tous deux de la psilocybine, mais les champignons magiques ont un effet plus puissant. Vous aurez \u00e9galement besoin :<\/p><ul><li>Balance pr\u00e9cise (jusqu&rsquo;\u00e0 1\/10e de gramme)<\/li><li>Ventilateur<\/li><li>Moulin \u00e0 caf\u00e9 ou moulin (pour moudre)<\/li><li>Capsules pour le dosage<\/li><\/ul><p><img fetchpriority=\"high\" decoding=\"async\" class=\"aligncenter wp-image-21862 size-full\" src=\"https:\/\/dutchmicrodosing.com\/wp-content\/uploads\/2023\/03\/microdosing-magic-mushrooms-psilocybin-measuring-daily-micro-dose-magic-mushrooms-digital-scale-scaled.jpg\" alt=\"Mat\u00e9riel de microdosage\" width=\"2560\" height=\"1707\" srcset=\"https:\/\/dutchmicrodosing.com\/wp-content\/uploads\/2023\/03\/microdosing-magic-mushrooms-psilocybin-measuring-daily-micro-dose-magic-mushrooms-digital-scale-scaled.jpg 2560w, https:\/\/dutchmicrodosing.com\/wp-content\/uploads\/2023\/03\/microdosing-magic-mushrooms-psilocybin-measuring-daily-micro-dose-magic-mushrooms-digital-scale-scaled-600x400.jpg 600w, https:\/\/dutchmicrodosing.com\/wp-content\/uploads\/2023\/03\/microdosing-magic-mushrooms-psilocybin-measuring-daily-micro-dose-magic-mushrooms-digital-scale-300x200.jpg 300w, https:\/\/dutchmicrodosing.com\/wp-content\/uploads\/2023\/03\/microdosing-magic-mushrooms-psilocybin-measuring-daily-micro-dose-magic-mushrooms-digital-scale-1024x683.jpg 1024w, https:\/\/dutchmicrodosing.com\/wp-content\/uploads\/2023\/03\/microdosing-magic-mushrooms-psilocybin-measuring-daily-micro-dose-magic-mushrooms-digital-scale-768x512.jpg 768w, https:\/\/dutchmicrodosing.com\/wp-content\/uploads\/2023\/03\/microdosing-magic-mushrooms-psilocybin-measuring-daily-micro-dose-magic-mushrooms-digital-scale-1536x1024.jpg 1536w, https:\/\/dutchmicrodosing.com\/wp-content\/uploads\/2023\/03\/microdosing-magic-mushrooms-psilocybin-measuring-daily-micro-dose-magic-mushrooms-digital-scale-2048x1365.jpg 2048w\" sizes=\"(max-width: 2560px) 100vw, 2560px\" \/><\/p><h2>Fournitures de microdosage avec des truffes<\/h2><p>Les truffes font partie du r\u00e9seau de myc\u00e9lium des champignons magiques. Ce sont des morceaux durcis de ce myc\u00e9lium, qui contiennent aussi de la psilocybine. Il existe diff\u00e9rents types de champignons magiques qui produisent des truffes. Si vous ne r\u00e9agissez pas tr\u00e8s bien \u00e0 une esp\u00e8ce, vous pouvez toujours opter pour une autre.<\/p><p><strong>Une microdose de truffes magiques :<\/strong><\/p><p>Truffes s\u00e9ch\u00e9es : 0,2 \u00e0 1 gramme<\/p><p>Truffes fra\u00eeches : 0,5 \u00e0 2 grammes<\/p><p>Vous pouvez faire des <a href=\"https:\/\/dutchmicrodosing.com\/fr\/quest-ce-que-le-microdosage\/\">microdoses<\/a> avec des truffes fra\u00eeches, mais l&rsquo;inconv\u00e9nient est qu&rsquo;elles ne durent pas tr\u00e8s longtemps. Les truffes s\u00e9ch\u00e9es ont l&rsquo;avantage de se conserver longtemps dans un bocal ou un r\u00e9cipient ferm\u00e9. Et il est plus facile de le doser avec pr\u00e9cision. Chaque truffe peut contenir une quantit\u00e9 diff\u00e9rente de <a href=\"https:\/\/www.umcutrecht.nl\/nl\/wetenschappelijk-onderzoek\/de-ptrd-studie\" target=\"_blank\" rel=\"noopener\">psilocybine<\/a>. Si vous les broyez et les m\u00e9langez, vous obtiendrez toujours une force constante.<\/p><p><img decoding=\"async\" class=\"aligncenter wp-image-27177 size-full\" src=\"https:\/\/dutchmicrodosing.com\/wp-content\/uploads\/2023\/08\/old-fan-operation-scaled.jpg\" alt=\"\" width=\"2560\" height=\"1707\" srcset=\"https:\/\/dutchmicrodosing.com\/wp-content\/uploads\/2023\/08\/old-fan-operation-scaled.jpg 2560w, https:\/\/dutchmicrodosing.com\/wp-content\/uploads\/2023\/08\/old-fan-operation-scaled-600x400.jpg 600w, https:\/\/dutchmicrodosing.com\/wp-content\/uploads\/2023\/08\/old-fan-operation-300x200.jpg 300w, https:\/\/dutchmicrodosing.com\/wp-content\/uploads\/2023\/08\/old-fan-operation-1024x683.jpg 1024w, https:\/\/dutchmicrodosing.com\/wp-content\/uploads\/2023\/08\/old-fan-operation-768x512.jpg 768w, https:\/\/dutchmicrodosing.com\/wp-content\/uploads\/2023\/08\/old-fan-operation-1536x1024.jpg 1536w, https:\/\/dutchmicrodosing.com\/wp-content\/uploads\/2023\/08\/old-fan-operation-2048x1365.jpg 2048w\" sizes=\"(max-width: 2560px) 100vw, 2560px\" \/><\/p><h3>S\u00e9chage des truffes<\/h3><p>Si vous souhaitez s\u00e9cher les truffes, proc\u00e9dez comme suit : coupez les truffes en fines tranches. De cette fa\u00e7on, les truffes s\u00e8chent plus rapidement, ce qui est important pour \u00e9viter les moisissures. Placez un torchon propre sur votre plan de travail et laissez-les s\u00e9cher dessus. Vous pouvez utiliser un ventilateur, mais vous n&rsquo;y \u00eates pas oblig\u00e9. Soyez prudent lorsque vous utilisez une source de chaleur : la psilocybine perd sa puissance \u00e0 partir d&rsquo;une temp\u00e9rature de 225 degr\u00e9s. Si vous voulez utiliser un four, ne le r\u00e9glez pas \u00e0 plus de 40 degr\u00e9s. De plus, ne laissez pas les truffes s\u00e9cher au soleil, ce qui entra\u00eenerait \u00e9galement une perte de principes actifs.<\/p><p>Laissez les truffes s\u00e9cher jusqu&rsquo;\u00e0 ce qu&rsquo;elles soient bien s\u00e8ches. Ce n&rsquo;est qu&rsquo;alors que toute l&rsquo;humidit\u00e9 aura disparu. Cela prendra au moins trois jours. Utilisez maintenant un moulin \u00e0 caf\u00e9 ou un broyeur pour moudre les truffes s\u00e8ches. Maintenant, il est temps de mesurer votre microdose. Prenez la <a href=\"https:\/\/dutchmicrodosing.com\/fr\/microdosage\/\">balance<\/a> et utilisez des capsules pour y mettre la poudre. En moyenne, vous pouvez supposer une dose qui se situe entre 0,2 et 0,8 gramme.<\/p><p>La compilation de vos propres microdoses repr\u00e9sente un travail consid\u00e9rable. Si vous n&rsquo;avez ni le temps ni l&rsquo;envie, les truffes \u00e0 microdosage vous facilitent la t\u00e2che. Un pack contient vos essentiels de microdosage : 6 microdoses de truffes magiques, pr\u00e9emball\u00e9es et pr\u00eates \u00e0 l&#8217;emploi. Vous n&rsquo;avez rien \u00e0 craindre.<\/p><p>Outre les champignons magiques et les truffes, d&rsquo;autres substances peuvent \u00eatre utilis\u00e9es pour le microdosage, comme l&rsquo;iboga, le LSD et la mescaline. Ceux-ci sont toutefois utilis\u00e9s moins fr\u00e9quemment, mais le principe est le m\u00eame.<\/p>\t\t\t\t\t\t\t\t<\/div>\n\t\t\t\t<\/div>\n\t\t\t\t\t<\/div>\n\t\t<\/div>\n\t\t\t\t\t<\/div>\n\t\t<\/section>\n\t\t\t\t<\/div>\n\t\t","protected":false},"excerpt":{"rendered":"<p>Mat\u00e9riel de microdosage Si vous souhaitez utiliser le microdosage, il est pr\u00e9f\u00e9rable d&rsquo;opter pour des substances s\u00e9ch\u00e9es. Cela permet de travailler avec une grande pr\u00e9cision, ce qui est important. Dans cet article, vous d\u00e9couvrirez les principales fournitures pour le microdosage, de la quantit\u00e9 de champignons magiques ou de truffes aux g\u00e9lules avec lesquelles vous prendrez [&hellip;]<\/p>\n","protected":false},"author":10,"featured_media":0,"parent":0,"menu_order":0,"comment_status":"closed","ping_status":"closed","template":"","meta":{"footnotes":""},"class_list":["post-3707","page","type-page","status-publish","hentry"],"yoast_head":"<!-- This site is optimized with the Yoast SEO Premium plugin v26.4 (Yoast SEO v27.2) - https:\/\/yoast.com\/product\/yoast-seo-premium-wordpress\/ -->\n<title>Mat\u00e9riel de Microdosage | DutchMicrodosing<\/title>\n<meta name=\"description\" content=\"Mat\u00e9riel de microdosage pour un d\u00e9marrage s\u00e9curis\u00e9 : g\u00e9lules, balances et plus encore. Tout ce dont vous avez besoin en un coup d&#039;\u0153il.\" \/>\n<meta name=\"robots\" content=\"index, follow, max-snippet:-1, max-image-preview:large, max-video-preview:-1\" \/>\n<link rel=\"canonical\" href=\"https:\/\/dutchmicrodosing.com\/fr\/fournitures-de-microdosage\/\" \/>\n<meta property=\"og:locale\" content=\"fr_FR\" \/>\n<meta property=\"og:type\" content=\"article\" \/>\n<meta property=\"og:title\" content=\"Fournitures de microdosage\" \/>\n<meta property=\"og:description\" content=\"Mat\u00e9riel de microdosage Si vous souhaitez utiliser le microdosage, il est pr\u00e9f\u00e9rable d&#039;opter pour des substances s\u00e9ch\u00e9es. Cela permet de travailler avec\" \/>\n<meta property=\"og:url\" content=\"https:\/\/dutchmicrodosing.com\/fr\/fournitures-de-microdosage\/\" \/>\n<meta property=\"og:site_name\" content=\"Dutchmicrodosing\" \/>\n<meta property=\"article:publisher\" content=\"https:\/\/www.facebook.com\/Dutchmicrodosingxp\/\" \/>\n<meta property=\"article:modified_time\" content=\"2025-11-06T20:32:58+00:00\" \/>\n<meta property=\"og:image\" content=\"https:\/\/dutchmicrodosing.com\/wp-content\/uploads\/2023\/03\/microdosing-magic-mushrooms-psilocybin-measuring-daily-micro-dose-magic-mushrooms-digital-scale-scaled.jpg\" \/>\n\t<meta property=\"og:image:width\" content=\"2560\" \/>\n\t<meta property=\"og:image:height\" content=\"1707\" \/>\n\t<meta property=\"og:image:type\" content=\"image\/jpeg\" \/>\n<meta name=\"twitter:card\" content=\"summary_large_image\" \/>\n<script type=\"application\/ld+json\" class=\"yoast-schema-graph\">{\"@context\":\"https:\/\/schema.org\",\"@graph\":[{\"@type\":\"WebPage\",\"@id\":\"https:\/\/dutchmicrodosing.com\/fr\/fournitures-de-microdosage\/\",\"url\":\"https:\/\/dutchmicrodosing.com\/fr\/fournitures-de-microdosage\/\",\"name\":\"Mat\u00e9riel de Microdosage | DutchMicrodosing\",\"isPartOf\":{\"@id\":\"https:\/\/dutchmicrodosing.com\/fr\/#website\"},\"primaryImageOfPage\":{\"@id\":\"https:\/\/dutchmicrodosing.com\/fr\/fournitures-de-microdosage\/#primaryimage\"},\"image\":{\"@id\":\"https:\/\/dutchmicrodosing.com\/fr\/fournitures-de-microdosage\/#primaryimage\"},\"thumbnailUrl\":\"https:\/\/dutchmicrodosing.com\/wp-content\/uploads\/2023\/03\/microdosing-magic-mushrooms-psilocybin-measuring-daily-micro-dose-magic-mushrooms-digital-scale-scaled.jpg\",\"datePublished\":\"2021-04-27T13:40:53+00:00\",\"dateModified\":\"2025-11-06T20:32:58+00:00\",\"description\":\"Mat\u00e9riel de microdosage pour un d\u00e9marrage s\u00e9curis\u00e9 : g\u00e9lules, balances et plus encore. Tout ce dont vous avez besoin en un coup d'\u0153il.\",\"breadcrumb\":{\"@id\":\"https:\/\/dutchmicrodosing.com\/fr\/fournitures-de-microdosage\/#breadcrumb\"},\"inLanguage\":\"fr-FR\",\"potentialAction\":[{\"@type\":\"ReadAction\",\"target\":[\"https:\/\/dutchmicrodosing.com\/fr\/fournitures-de-microdosage\/\"]}]},{\"@type\":\"ImageObject\",\"inLanguage\":\"fr-FR\",\"@id\":\"https:\/\/dutchmicrodosing.com\/fr\/fournitures-de-microdosage\/#primaryimage\",\"url\":\"https:\/\/dutchmicrodosing.com\/wp-content\/uploads\/2023\/03\/microdosing-magic-mushrooms-psilocybin-measuring-daily-micro-dose-magic-mushrooms-digital-scale-scaled.jpg\",\"contentUrl\":\"https:\/\/dutchmicrodosing.com\/wp-content\/uploads\/2023\/03\/microdosing-magic-mushrooms-psilocybin-measuring-daily-micro-dose-magic-mushrooms-digital-scale-scaled.jpg\"},{\"@type\":\"BreadcrumbList\",\"@id\":\"https:\/\/dutchmicrodosing.com\/fr\/fournitures-de-microdosage\/#breadcrumb\",\"itemListElement\":[{\"@type\":\"ListItem\",\"position\":1,\"name\":\"Home\",\"item\":\"https:\/\/dutchmicrodosing.com\/fr\/\"},{\"@type\":\"ListItem\",\"position\":2,\"name\":\"Fournitures de microdosage\"}]},{\"@type\":\"WebSite\",\"@id\":\"https:\/\/dutchmicrodosing.com\/fr\/#website\",\"url\":\"https:\/\/dutchmicrodosing.com\/fr\/\",\"name\":\"Dutchmicrodosing\",\"description\":\"\",\"publisher\":{\"@id\":\"https:\/\/dutchmicrodosing.com\/fr\/#organization\"},\"potentialAction\":[{\"@type\":\"SearchAction\",\"target\":{\"@type\":\"EntryPoint\",\"urlTemplate\":\"https:\/\/dutchmicrodosing.com\/fr\/?s={search_term_string}\"},\"query-input\":{\"@type\":\"PropertyValueSpecification\",\"valueRequired\":true,\"valueName\":\"search_term_string\"}}],\"inLanguage\":\"fr-FR\"},{\"@type\":\"Organization\",\"@id\":\"https:\/\/dutchmicrodosing.com\/fr\/#organization\",\"name\":\"Dutchmicrodosing\",\"url\":\"https:\/\/dutchmicrodosing.com\/fr\/\",\"logo\":{\"@type\":\"ImageObject\",\"inLanguage\":\"fr-FR\",\"@id\":\"https:\/\/dutchmicrodosing.com\/fr\/#\/schema\/logo\/image\/\",\"url\":\"https:\/\/dutchmicrodosing.com\/wp-content\/uploads\/2021\/01\/microdosing-categorie-pic-nieuw.jpg\",\"contentUrl\":\"https:\/\/dutchmicrodosing.com\/wp-content\/uploads\/2021\/01\/microdosing-categorie-pic-nieuw.jpg\",\"width\":500,\"height\":500,\"caption\":\"Dutchmicrodosing\"},\"image\":{\"@id\":\"https:\/\/dutchmicrodosing.com\/fr\/#\/schema\/logo\/image\/\"},\"sameAs\":[\"https:\/\/www.facebook.com\/Dutchmicrodosingxp\/\",\"https:\/\/www.instagram.com\/dutchmicrodosing\/\"]}]}<\/script>\n<!-- \/ Yoast SEO Premium plugin. -->","yoast_head_json":{"title":"Mat\u00e9riel de Microdosage | DutchMicrodosing","description":"Mat\u00e9riel de microdosage pour un d\u00e9marrage s\u00e9curis\u00e9 : g\u00e9lules, balances et plus encore. Tout ce dont vous avez besoin en un coup d'\u0153il.","robots":{"index":"index","follow":"follow","max-snippet":"max-snippet:-1","max-image-preview":"max-image-preview:large","max-video-preview":"max-video-preview:-1"},"canonical":"https:\/\/dutchmicrodosing.com\/fr\/fournitures-de-microdosage\/","og_locale":"fr_FR","og_type":"article","og_title":"Fournitures de microdosage","og_description":"Mat\u00e9riel de microdosage Si vous souhaitez utiliser le microdosage, il est pr\u00e9f\u00e9rable d'opter pour des substances s\u00e9ch\u00e9es. Cela permet de travailler avec","og_url":"https:\/\/dutchmicrodosing.com\/fr\/fournitures-de-microdosage\/","og_site_name":"Dutchmicrodosing","article_publisher":"https:\/\/www.facebook.com\/Dutchmicrodosingxp\/","article_modified_time":"2025-11-06T20:32:58+00:00","og_image":[{"width":2560,"height":1707,"url":"https:\/\/dutchmicrodosing.com\/wp-content\/uploads\/2023\/03\/microdosing-magic-mushrooms-psilocybin-measuring-daily-micro-dose-magic-mushrooms-digital-scale-scaled.jpg","type":"image\/jpeg"}],"twitter_card":"summary_large_image","schema":{"@context":"https:\/\/schema.org","@graph":[{"@type":"WebPage","@id":"https:\/\/dutchmicrodosing.com\/fr\/fournitures-de-microdosage\/","url":"https:\/\/dutchmicrodosing.com\/fr\/fournitures-de-microdosage\/","name":"Mat\u00e9riel de Microdosage | DutchMicrodosing","isPartOf":{"@id":"https:\/\/dutchmicrodosing.com\/fr\/#website"},"primaryImageOfPage":{"@id":"https:\/\/dutchmicrodosing.com\/fr\/fournitures-de-microdosage\/#primaryimage"},"image":{"@id":"https:\/\/dutchmicrodosing.com\/fr\/fournitures-de-microdosage\/#primaryimage"},"thumbnailUrl":"https:\/\/dutchmicrodosing.com\/wp-content\/uploads\/2023\/03\/microdosing-magic-mushrooms-psilocybin-measuring-daily-micro-dose-magic-mushrooms-digital-scale-scaled.jpg","datePublished":"2021-04-27T13:40:53+00:00","dateModified":"2025-11-06T20:32:58+00:00","description":"Mat\u00e9riel de microdosage pour un d\u00e9marrage s\u00e9curis\u00e9 : g\u00e9lules, balances et plus encore. Tout ce dont vous avez besoin en un coup d'\u0153il.","breadcrumb":{"@id":"https:\/\/dutchmicrodosing.com\/fr\/fournitures-de-microdosage\/#breadcrumb"},"inLanguage":"fr-FR","potentialAction":[{"@type":"ReadAction","target":["https:\/\/dutchmicrodosing.com\/fr\/fournitures-de-microdosage\/"]}]},{"@type":"ImageObject","inLanguage":"fr-FR","@id":"https:\/\/dutchmicrodosing.com\/fr\/fournitures-de-microdosage\/#primaryimage","url":"https:\/\/dutchmicrodosing.com\/wp-content\/uploads\/2023\/03\/microdosing-magic-mushrooms-psilocybin-measuring-daily-micro-dose-magic-mushrooms-digital-scale-scaled.jpg","contentUrl":"https:\/\/dutchmicrodosing.com\/wp-content\/uploads\/2023\/03\/microdosing-magic-mushrooms-psilocybin-measuring-daily-micro-dose-magic-mushrooms-digital-scale-scaled.jpg"},{"@type":"BreadcrumbList","@id":"https:\/\/dutchmicrodosing.com\/fr\/fournitures-de-microdosage\/#breadcrumb","itemListElement":[{"@type":"ListItem","position":1,"name":"Home","item":"https:\/\/dutchmicrodosing.com\/fr\/"},{"@type":"ListItem","position":2,"name":"Fournitures de microdosage"}]},{"@type":"WebSite","@id":"https:\/\/dutchmicrodosing.com\/fr\/#website","url":"https:\/\/dutchmicrodosing.com\/fr\/","name":"Dutchmicrodosing","description":"","publisher":{"@id":"https:\/\/dutchmicrodosing.com\/fr\/#organization"},"potentialAction":[{"@type":"SearchAction","target":{"@type":"EntryPoint","urlTemplate":"https:\/\/dutchmicrodosing.com\/fr\/?s={search_term_string}"},"query-input":{"@type":"PropertyValueSpecification","valueRequired":true,"valueName":"search_term_string"}}],"inLanguage":"fr-FR"},{"@type":"Organization","@id":"https:\/\/dutchmicrodosing.com\/fr\/#organization","name":"Dutchmicrodosing","url":"https:\/\/dutchmicrodosing.com\/fr\/","logo":{"@type":"ImageObject","inLanguage":"fr-FR","@id":"https:\/\/dutchmicrodosing.com\/fr\/#\/schema\/logo\/image\/","url":"https:\/\/dutchmicrodosing.com\/wp-content\/uploads\/2021\/01\/microdosing-categorie-pic-nieuw.jpg","contentUrl":"https:\/\/dutchmicrodosing.com\/wp-content\/uploads\/2021\/01\/microdosing-categorie-pic-nieuw.jpg","width":500,"height":500,"caption":"Dutchmicrodosing"},"image":{"@id":"https:\/\/dutchmicrodosing.com\/fr\/#\/schema\/logo\/image\/"},"sameAs":["https:\/\/www.facebook.com\/Dutchmicrodosingxp\/","https:\/\/www.instagram.com\/dutchmicrodosing\/"]}]}},"_links":{"self":[{"href":"https:\/\/dutchmicrodosing.com\/fr\/wp-json\/wp\/v2\/pages\/3707","targetHints":{"allow":["GET"]}}],"collection":[{"href":"https:\/\/dutchmicrodosing.com\/fr\/wp-json\/wp\/v2\/pages"}],"about":[{"href":"https:\/\/dutchmicrodosing.com\/fr\/wp-json\/wp\/v2\/types\/page"}],"author":[{"embeddable":true,"href":"https:\/\/dutchmicrodosing.com\/fr\/wp-json\/wp\/v2\/users\/10"}],"replies":[{"embeddable":true,"href":"https:\/\/dutchmicrodosing.com\/fr\/wp-json\/wp\/v2\/comments?post=3707"}],"version-history":[{"count":3,"href":"https:\/\/dutchmicrodosing.com\/fr\/wp-json\/wp\/v2\/pages\/3707\/revisions"}],"predecessor-version":[{"id":61087,"href":"https:\/\/dutchmicrodosing.com\/fr\/wp-json\/wp\/v2\/pages\/3707\/revisions\/61087"}],"wp:attachment":[{"href":"https:\/\/dutchmicrodosing.com\/fr\/wp-json\/wp\/v2\/media?parent=3707"}],"curies":[{"name":"wp","href":"https:\/\/api.w.org\/{rel}","templated":true}]}}