{"id":3885,"date":"2021-04-29T07:53:22","date_gmt":"2021-04-29T07:53:22","guid":{"rendered":"https:\/\/dutchmicrodosing.com\/informations-et-questions-frequemment-posees\/"},"modified":"2025-11-20T14:42:05","modified_gmt":"2025-11-20T13:42:05","slug":"info-many-questions","status":"publish","type":"page","link":"https:\/\/dutchmicrodosing.com\/fr\/info-many-questions\/","title":{"rendered":"Informations et questions fr\u00e9quemment pos\u00e9es"},"content":{"rendered":"\t\t<div data-elementor-type=\"wp-page\" data-elementor-id=\"3885\" class=\"elementor elementor-3885 elementor-337\" data-elementor-post-type=\"page\">\n\t\t\t\t\t\t<section class=\"elementor-section elementor-top-section elementor-element elementor-element-3770081 elementor-section-boxed elementor-section-height-default elementor-section-height-default\" data-id=\"3770081\" data-element_type=\"section\" data-e-type=\"section\">\n\t\t\t\t\t\t<div class=\"elementor-container elementor-column-gap-default\">\n\t\t\t\t\t<div class=\"elementor-column elementor-col-100 elementor-top-column elementor-element elementor-element-c11591f\" data-id=\"c11591f\" data-element_type=\"column\" data-e-type=\"column\">\n\t\t\t<div class=\"elementor-widget-wrap elementor-element-populated\">\n\t\t\t\t\t\t<div class=\"elementor-element elementor-element-933b331 elementor--h-position-center elementor--v-position-middle elementor-arrows-position-inside elementor-pagination-position-inside elementor-widget elementor-widget-slides\" data-id=\"933b331\" data-element_type=\"widget\" data-e-type=\"widget\" data-settings=\"{&quot;navigation&quot;:&quot;both&quot;,&quot;autoplay&quot;:&quot;yes&quot;,&quot;pause_on_hover&quot;:&quot;yes&quot;,&quot;pause_on_interaction&quot;:&quot;yes&quot;,&quot;autoplay_speed&quot;:5000,&quot;infinite&quot;:&quot;yes&quot;,&quot;transition&quot;:&quot;slide&quot;,&quot;transition_speed&quot;:500}\" data-widget_type=\"slides.default\">\n\t\t\t\t<div class=\"elementor-widget-container\">\n\t\t\t\t\t\t\t\t\t<div class=\"elementor-swiper\">\n\t\t\t\t\t<div class=\"elementor-slides-wrapper elementor-main-swiper swiper\" role=\"region\" aria-roledescription=\"carousel\" aria-label=\"Slides\" dir=\"ltr\" data-animation=\"fadeInUp\">\n\t\t\t\t<div class=\"swiper-wrapper elementor-slides\">\n\t\t\t\t\t\t\t\t\t\t<div class=\"elementor-repeater-item-9fb127a swiper-slide\" role=\"group\" aria-roledescription=\"slide\"><div class=\"swiper-slide-bg\" role=\"img\" aria-label=\"DM Logo 2\"><\/div><div class=\"swiper-slide-inner\" ><div class=\"swiper-slide-contents\"><\/div><\/div><\/div>\t\t\t\t<\/div>\n\t\t\t\t\t\t\t<\/div>\n\t\t\t\t<\/div>\n\t\t\t\t\t\t\t\t<\/div>\n\t\t\t\t<\/div>\n\t\t\t\t\t<\/div>\n\t\t<\/div>\n\t\t\t\t\t<\/div>\n\t\t<\/section>\n\t\t\t\t<section class=\"elementor-section elementor-top-section elementor-element elementor-element-7c885d5 elementor-section-boxed elementor-section-height-default elementor-section-height-default\" data-id=\"7c885d5\" data-element_type=\"section\" data-e-type=\"section\">\n\t\t\t\t\t\t<div class=\"elementor-container elementor-column-gap-default\">\n\t\t\t\t\t<div class=\"elementor-column elementor-col-100 elementor-top-column elementor-element elementor-element-e1154ed\" data-id=\"e1154ed\" data-element_type=\"column\" data-e-type=\"column\">\n\t\t\t<div class=\"elementor-widget-wrap elementor-element-populated\">\n\t\t\t\t\t\t<div class=\"elementor-element elementor-element-8a281eb elementor-widget elementor-widget-heading\" data-id=\"8a281eb\" data-element_type=\"widget\" data-e-type=\"widget\" data-widget_type=\"heading.default\">\n\t\t\t\t<div class=\"elementor-widget-container\">\n\t\t\t\t\t<h1 class=\"elementor-heading-title elementor-size-default\">Informations et questions fr\u00e9quemment pos\u00e9es<\/h1>\t\t\t\t<\/div>\n\t\t\t\t<\/div>\n\t\t\t\t\t<\/div>\n\t\t<\/div>\n\t\t\t\t\t<\/div>\n\t\t<\/section>\n\t\t\t\t<section class=\"elementor-section elementor-top-section elementor-element elementor-element-b5e745f elementor-section-boxed elementor-section-height-default elementor-section-height-default\" data-id=\"b5e745f\" data-element_type=\"section\" data-e-type=\"section\">\n\t\t\t\t\t\t<div class=\"elementor-container elementor-column-gap-default\">\n\t\t\t\t\t<div class=\"elementor-column elementor-col-100 elementor-top-column elementor-element elementor-element-c6c4e30\" data-id=\"c6c4e30\" data-element_type=\"column\" data-e-type=\"column\">\n\t\t\t<div class=\"elementor-widget-wrap elementor-element-populated\">\n\t\t\t\t\t\t<div class=\"elementor-element elementor-element-0f91ceb elementor-widget elementor-widget-heading\" data-id=\"0f91ceb\" data-element_type=\"widget\" data-e-type=\"widget\" data-widget_type=\"heading.default\">\n\t\t\t\t<div class=\"elementor-widget-container\">\n\t\t\t\t\t<h2 class=\"elementor-heading-title elementor-size-default\">Service \u00e0 la client\u00e8le<\/h2>\t\t\t\t<\/div>\n\t\t\t\t<\/div>\n\t\t\t\t<div class=\"elementor-element elementor-element-6f6bcf1 elementor-widget elementor-widget-text-editor\" data-id=\"6f6bcf1\" data-element_type=\"widget\" data-e-type=\"widget\" data-widget_type=\"text-editor.default\">\n\t\t\t\t<div class=\"elementor-widget-container\">\n\t\t\t\t\t\t\t\t\t<p>Si vous avez des questions sur les produits ou des suggestions, vous pouvez toujours nous contacter. Vous obtiendrez une r\u00e9ponse de notre \u00e9quipe d&rsquo;assistance dans les 24 heures ou utilisez le formulaire de contact sur notre site web.<\/p>\t\t\t\t\t\t\t\t<\/div>\n\t\t\t\t<\/div>\n\t\t\t\t<div class=\"elementor-element elementor-element-fe130b1 elementor-widget elementor-widget-heading\" data-id=\"fe130b1\" data-element_type=\"widget\" data-e-type=\"widget\" data-widget_type=\"heading.default\">\n\t\t\t\t<div class=\"elementor-widget-container\">\n\t\t\t\t\t<h2 class=\"elementor-heading-title elementor-size-default\">Comment mon colis sera-t-il livr\u00e9 ?<\/h2>\t\t\t\t<\/div>\n\t\t\t\t<\/div>\n\t\t\t\t<div class=\"elementor-element elementor-element-236d30f elementor-widget elementor-widget-text-editor\" data-id=\"236d30f\" data-element_type=\"widget\" data-e-type=\"widget\" data-widget_type=\"text-editor.default\">\n\t\t\t\t<div class=\"elementor-widget-container\">\n\t\t\t\t\t\t\t\t\t<p>Nous exp\u00e9dions toutes nos commandes par DHL ou GLS Vous pr\u00e9f\u00e9rez un autre mode de transport ? Envoyez votre question \u00e0 info@dutchmicrodosing.com<\/p>\t\t\t\t\t\t\t\t<\/div>\n\t\t\t\t<\/div>\n\t\t\t\t<div class=\"elementor-element elementor-element-90a1d6f elementor-widget elementor-widget-heading\" data-id=\"90a1d6f\" data-element_type=\"widget\" data-e-type=\"widget\" data-widget_type=\"heading.default\">\n\t\t\t\t<div class=\"elementor-widget-container\">\n\t\t\t\t\t<h2 class=\"elementor-heading-title elementor-size-default\">Emballage \/ Exp\u00e9dition  <\/h2>\t\t\t\t<\/div>\n\t\t\t\t<\/div>\n\t\t\t\t<div class=\"elementor-element elementor-element-2cea3a6 elementor-widget elementor-widget-text-editor\" data-id=\"2cea3a6\" data-element_type=\"widget\" data-e-type=\"widget\" data-widget_type=\"text-editor.default\">\n\t\t\t\t<div class=\"elementor-widget-container\">\n\t\t\t\t\t\t\t\t\t<p>En fonction du poids et de la taille des produits, votre commande sera exp\u00e9di\u00e9e discr\u00e8tement dans une enveloppe ou un colis.<br>\u00c0 l&rsquo;ext\u00e9rieur de votre colis postal, seuls votre nom et une adresse de retour seront mentionn\u00e9s.<\/p>\t\t\t\t\t\t\t\t<\/div>\n\t\t\t\t<\/div>\n\t\t\t\t<div class=\"elementor-element elementor-element-666fabe elementor-widget elementor-widget-heading\" data-id=\"666fabe\" data-element_type=\"widget\" data-e-type=\"widget\" data-widget_type=\"heading.default\">\n\t\t\t\t<div class=\"elementor-widget-container\">\n\t\t\t\t\t<h2 class=\"elementor-heading-title elementor-size-default\">D\u00e9lai de livraison et frais d'exp\u00e9dition<\/h2>\t\t\t\t<\/div>\n\t\t\t\t<\/div>\n\t\t\t\t<div class=\"elementor-element elementor-element-188602e elementor-widget elementor-widget-text-editor\" data-id=\"188602e\" data-element_type=\"widget\" data-e-type=\"widget\" data-widget_type=\"text-editor.default\">\n\t\t\t\t<div class=\"elementor-widget-container\">\n\t\t\t\t\t\t\t\t\t<p>Les colis \u00e0 destination des Pays-Bas et de la Belgique,&nbsp;, sont livr\u00e9s dans un d\u00e9lai de 1 \u00e0 2 jours ouvrables s&rsquo;ils sont en stock. Tous nos paquets peuvent \u00eatre suivis avec un track and trace. Pour l&rsquo;Allemagne et la France, le d\u00e9lai de livraison est de 3 \u00e0 5 jours ouvrables. Pour les autres pays d&rsquo;Europe, le d\u00e9lai de livraison est de 4 \u00e0 8 jours ouvrables. Nous n&rsquo;exp\u00e9dions pas de produits en dehors de l&rsquo;Europe. Votre commande ne sera pas exp\u00e9di\u00e9e tant que nous n&rsquo;aurons pas re\u00e7u le paiement.&nbsp;<\/p>\t\t\t\t\t\t\t\t<\/div>\n\t\t\t\t<\/div>\n\t\t\t\t<div class=\"elementor-element elementor-element-86f8b20 elementor-widget elementor-widget-heading\" data-id=\"86f8b20\" data-element_type=\"widget\" data-e-type=\"widget\" data-widget_type=\"heading.default\">\n\t\t\t\t<div class=\"elementor-widget-container\">\n\t\t\t\t\t<h2 class=\"elementor-heading-title elementor-size-default\">Qu'advient-il de mon colis si je ne suis pas chez moi ?<\/h2>\t\t\t\t<\/div>\n\t\t\t\t<\/div>\n\t\t\t\t<div class=\"elementor-element elementor-element-53b535a elementor-widget elementor-widget-text-editor\" data-id=\"53b535a\" data-element_type=\"widget\" data-e-type=\"widget\" data-widget_type=\"text-editor.default\">\n\t\t\t\t<div class=\"elementor-widget-container\">\n\t\t\t\t\t\t\t\t\t<p>Lorsque vous n&rsquo;\u00eates pas \u00e0 la maison, le facteur met un mot dans votre bo\u00eete aux lettres. Le colis reste normalement au bureau de poste pendant 1 \u00e0 2 semaines. Veuillez le r\u00e9cup\u00e9rer \u00e0 l&rsquo;heure. les produits frais que nous avons envoy\u00e9s et qui ne sont pas retir\u00e9s au bureau de poste ou au magasin de colis et qui sont retourn\u00e9s ne seront ni rembours\u00e9s ni remplac\u00e9s.<br>Pour les envois en bo\u00eete aux lettres, vous n&rsquo;avez pas besoin de rester \u00e0 la maison, le facteur se charge de les d\u00e9poser dans votre bo\u00eete aux lettres.<\/p>\t\t\t\t\t\t\t\t<\/div>\n\t\t\t\t<\/div>\n\t\t\t\t<div class=\"elementor-element elementor-element-d5acf8c elementor-widget elementor-widget-heading\" data-id=\"d5acf8c\" data-element_type=\"widget\" data-e-type=\"widget\" data-widget_type=\"heading.default\">\n\t\t\t\t<div class=\"elementor-widget-container\">\n\t\t\t\t\t<h2 class=\"elementor-heading-title elementor-size-default\">Puis-je suivre mon colis en ligne ?<\/h2>\t\t\t\t<\/div>\n\t\t\t\t<\/div>\n\t\t\t\t<div class=\"elementor-element elementor-element-19646a5 elementor-widget elementor-widget-text-editor\" data-id=\"19646a5\" data-element_type=\"widget\" data-e-type=\"widget\" data-widget_type=\"text-editor.default\">\n\t\t\t\t<div class=\"elementor-widget-container\">\n\t\t\t\t\t\t\t\t\t<p>Si votre commande a \u00e9t\u00e9 exp\u00e9di\u00e9e sous forme de colis, vous pouvez la suivre \u00e0 partir de 12 heures environ apr\u00e8s l&rsquo;envoi. Le lien Track &amp; Trac\u00e9 se trouve avec la commande dans mon compte et\/ou vous sera envoy\u00e9 par e-mail.<\/p>\t\t\t\t\t\t\t\t<\/div>\n\t\t\t\t<\/div>\n\t\t\t\t<div class=\"elementor-element elementor-element-8ce45ea elementor-widget elementor-widget-heading\" data-id=\"8ce45ea\" data-element_type=\"widget\" data-e-type=\"widget\" data-widget_type=\"heading.default\">\n\t\t\t\t<div class=\"elementor-widget-container\">\n\t\t\t\t\t<h2 class=\"elementor-heading-title elementor-size-default\">Renvoie \u00e0<\/h2>\t\t\t\t<\/div>\n\t\t\t\t<\/div>\n\t\t\t\t<div class=\"elementor-element elementor-element-19d891a elementor-widget elementor-widget-text-editor\" data-id=\"19d891a\" data-element_type=\"widget\" data-e-type=\"widget\" data-widget_type=\"text-editor.default\">\n\t\t\t\t<div class=\"elementor-widget-container\">\n\t\t\t\t\t\t\t\t\t<p>Les produits \u00e9tant livr\u00e9s frais, ils ne peuvent \u00eatre retourn\u00e9s.<\/p>\t\t\t\t\t\t\t\t<\/div>\n\t\t\t\t<\/div>\n\t\t\t\t<div class=\"elementor-element elementor-element-b4d4f5f elementor-widget elementor-widget-heading\" data-id=\"b4d4f5f\" data-element_type=\"widget\" data-e-type=\"widget\" data-widget_type=\"heading.default\">\n\t\t\t\t<div class=\"elementor-widget-container\">\n\t\t\t\t\t<h2 class=\"elementor-heading-title elementor-size-default\">Remboursement des kits de culture<\/h2>\t\t\t\t<\/div>\n\t\t\t\t<\/div>\n\t\t\t\t<div class=\"elementor-element elementor-element-addba12 elementor-widget elementor-widget-text-editor\" data-id=\"addba12\" data-element_type=\"widget\" data-e-type=\"widget\" data-widget_type=\"text-editor.default\">\n\t\t\t\t<div class=\"elementor-widget-container\">\n\t\t\t\t\t\t\t\t\t<p>Les kits de culture de champignons sont sensibles aux infections et aux bact\u00e9ries. Les fabricants indiquent qu&rsquo;une growbox qui ne montre pas de champignons un mois apr\u00e8s sa mise en place n&rsquo;est plus r\u00e9cup\u00e9rable. Il est donc important de mettre en place la growbox dans les 2 jours suivant sa r\u00e9ception et de nous signaler tout probl\u00e8me \u00e9ventuel dans les 4 semaines suivant la livraison.<\/p><p>Lorsqu&rsquo;une growbox ne fonctionne pas correctement, elle peut \u00eatre \u00e9ligible \u00e0 la garantie du fabricant et nous pouvons lancer le processus de remboursement. Pour cela, il vous suffit d&rsquo;envoyer un e-mail \u00e0 notre service client \u00e0 l&rsquo;adresse suivante :<br><a href=\"https:\/\/dutchmicrodosing.com\/fr\/contacter\/\">https:\/\/dutchmicrodosing.com\/contact\/<\/a><\/p><p>Veuillez inclure :<\/p><ul><li>Une photo de l&rsquo;installation\/growbox<\/li><li>Une explication claire de tout ce que tu as fait pour faire pousser la growbox jusqu&rsquo;au moment de la r\u00e9clamation<\/li><\/ul><p>D\u00e8s r\u00e9ception de votre e-mail, nous lancerons la proc\u00e9dure de remboursement. Vous recevrez une r\u00e9ponse claire de notre part, contenant \u00e9ventuellement des instructions pour tenter de r\u00e9cup\u00e9rer votre kit de culture. S&rsquo;il s&rsquo;av\u00e8re que la growbox n&rsquo;est plus r\u00e9parable m\u00eame apr\u00e8s nos conseils, tu recevras un bon d&rsquo;achat \u00e0 utiliser sur DutchMicrodosing.com.<\/p><p>Attention : Une growbox qui a d\u00e9j\u00e0 \u00e9t\u00e9 rembours\u00e9e n&rsquo;est plus \u00e9ligible \u00e0 un nouveau remboursement.<\/p><p>Nous te demandons de nous signaler tout d\u00e9faut \u00e9ventuel d\u00e8s que possible apr\u00e8s sa d\u00e9couverte.<\/p>\t\t\t\t\t\t\t\t<\/div>\n\t\t\t\t<\/div>\n\t\t\t\t\t<\/div>\n\t\t<\/div>\n\t\t\t\t\t<\/div>\n\t\t<\/section>\n\t\t\t\t<\/div>\n\t\t","protected":false},"excerpt":{"rendered":"<p>Informations et questions fr\u00e9quemment pos\u00e9es Service \u00e0 la client\u00e8le Si vous avez des questions sur les produits ou des suggestions, vous pouvez toujours nous contacter. Vous obtiendrez une r\u00e9ponse de notre \u00e9quipe d&rsquo;assistance dans les 24 heures ou utilisez le formulaire de contact sur notre site web. Comment mon colis sera-t-il livr\u00e9 ? Nous exp\u00e9dions [&hellip;]<\/p>\n","protected":false},"author":10,"featured_media":0,"parent":0,"menu_order":0,"comment_status":"closed","ping_status":"closed","template":"","meta":{"footnotes":""},"class_list":["post-3885","page","type-page","status-publish","hentry"],"yoast_head":"<!-- This site is optimized with the Yoast SEO Premium plugin v26.4 (Yoast SEO v27.2) - https:\/\/yoast.com\/product\/yoast-seo-premium-wordpress\/ -->\n<title>Informations et FAQ | DutchMicrodosing<\/title>\n<meta name=\"description\" content=\"Consultez nos informations et questions fr\u00e9quentes sur le microdosage, les produits et les commandes. Trouvez rapidement des r\u00e9ponses \u00e0 vos questions les plus courantes.\" \/>\n<meta name=\"robots\" content=\"index, follow, max-snippet:-1, max-image-preview:large, max-video-preview:-1\" \/>\n<link rel=\"canonical\" href=\"https:\/\/dutchmicrodosing.com\/fr\/info-many-questions\/\" \/>\n<meta property=\"og:locale\" content=\"fr_FR\" \/>\n<meta property=\"og:type\" content=\"article\" \/>\n<meta property=\"og:title\" content=\"Informations et questions fr\u00e9quemment pos\u00e9es\" \/>\n<meta property=\"og:description\" content=\"Informations et questions fr\u00e9quemment pos\u00e9es Service \u00e0 la client\u00e8le Si vous avez des questions sur les produits ou des suggestions, vous pouvez toujours\" \/>\n<meta property=\"og:url\" content=\"https:\/\/dutchmicrodosing.com\/fr\/info-many-questions\/\" \/>\n<meta property=\"og:site_name\" content=\"Dutchmicrodosing\" \/>\n<meta property=\"article:publisher\" content=\"https:\/\/www.facebook.com\/Dutchmicrodosingxp\/\" \/>\n<meta property=\"article:modified_time\" content=\"2025-11-20T13:42:05+00:00\" \/>\n<meta property=\"og:image\" content=\"https:\/\/dutchmicrodosing.com\/wp-content\/uploads\/2021\/01\/DM-Logo-2.jpg\" \/>\n\t<meta property=\"og:image:width\" content=\"425\" \/>\n\t<meta property=\"og:image:height\" content=\"232\" \/>\n\t<meta property=\"og:image:type\" content=\"image\/jpeg\" \/>\n<meta name=\"twitter:card\" content=\"summary_large_image\" \/>\n<script type=\"application\/ld+json\" class=\"yoast-schema-graph\">{\"@context\":\"https:\/\/schema.org\",\"@graph\":[{\"@type\":\"WebPage\",\"@id\":\"https:\/\/dutchmicrodosing.com\/fr\/info-many-questions\/\",\"url\":\"https:\/\/dutchmicrodosing.com\/fr\/info-many-questions\/\",\"name\":\"Informations et FAQ | DutchMicrodosing\",\"isPartOf\":{\"@id\":\"https:\/\/dutchmicrodosing.com\/fr\/#website\"},\"datePublished\":\"2021-04-29T07:53:22+00:00\",\"dateModified\":\"2025-11-20T13:42:05+00:00\",\"description\":\"Consultez nos informations et questions fr\u00e9quentes sur le microdosage, les produits et les commandes. Trouvez rapidement des r\u00e9ponses \u00e0 vos questions les plus courantes.\",\"breadcrumb\":{\"@id\":\"https:\/\/dutchmicrodosing.com\/fr\/info-many-questions\/#breadcrumb\"},\"inLanguage\":\"fr-FR\",\"potentialAction\":[{\"@type\":\"ReadAction\",\"target\":[\"https:\/\/dutchmicrodosing.com\/fr\/info-many-questions\/\"]}]},{\"@type\":\"BreadcrumbList\",\"@id\":\"https:\/\/dutchmicrodosing.com\/fr\/info-many-questions\/#breadcrumb\",\"itemListElement\":[{\"@type\":\"ListItem\",\"position\":1,\"name\":\"Home\",\"item\":\"https:\/\/dutchmicrodosing.com\/fr\/\"},{\"@type\":\"ListItem\",\"position\":2,\"name\":\"Informations et questions fr\u00e9quemment pos\u00e9es\"}]},{\"@type\":\"WebSite\",\"@id\":\"https:\/\/dutchmicrodosing.com\/fr\/#website\",\"url\":\"https:\/\/dutchmicrodosing.com\/fr\/\",\"name\":\"Dutchmicrodosing\",\"description\":\"\",\"publisher\":{\"@id\":\"https:\/\/dutchmicrodosing.com\/fr\/#organization\"},\"potentialAction\":[{\"@type\":\"SearchAction\",\"target\":{\"@type\":\"EntryPoint\",\"urlTemplate\":\"https:\/\/dutchmicrodosing.com\/fr\/?s={search_term_string}\"},\"query-input\":{\"@type\":\"PropertyValueSpecification\",\"valueRequired\":true,\"valueName\":\"search_term_string\"}}],\"inLanguage\":\"fr-FR\"},{\"@type\":\"Organization\",\"@id\":\"https:\/\/dutchmicrodosing.com\/fr\/#organization\",\"name\":\"Dutchmicrodosing\",\"url\":\"https:\/\/dutchmicrodosing.com\/fr\/\",\"logo\":{\"@type\":\"ImageObject\",\"inLanguage\":\"fr-FR\",\"@id\":\"https:\/\/dutchmicrodosing.com\/fr\/#\/schema\/logo\/image\/\",\"url\":\"https:\/\/dutchmicrodosing.com\/wp-content\/uploads\/2021\/01\/microdosing-categorie-pic-nieuw.jpg\",\"contentUrl\":\"https:\/\/dutchmicrodosing.com\/wp-content\/uploads\/2021\/01\/microdosing-categorie-pic-nieuw.jpg\",\"width\":500,\"height\":500,\"caption\":\"Dutchmicrodosing\"},\"image\":{\"@id\":\"https:\/\/dutchmicrodosing.com\/fr\/#\/schema\/logo\/image\/\"},\"sameAs\":[\"https:\/\/www.facebook.com\/Dutchmicrodosingxp\/\",\"https:\/\/www.instagram.com\/dutchmicrodosing\/\"]}]}<\/script>\n<!-- \/ Yoast SEO Premium plugin. -->","yoast_head_json":{"title":"Informations et FAQ | DutchMicrodosing","description":"Consultez nos informations et questions fr\u00e9quentes sur le microdosage, les produits et les commandes. Trouvez rapidement des r\u00e9ponses \u00e0 vos questions les plus courantes.","robots":{"index":"index","follow":"follow","max-snippet":"max-snippet:-1","max-image-preview":"max-image-preview:large","max-video-preview":"max-video-preview:-1"},"canonical":"https:\/\/dutchmicrodosing.com\/fr\/info-many-questions\/","og_locale":"fr_FR","og_type":"article","og_title":"Informations et questions fr\u00e9quemment pos\u00e9es","og_description":"Informations et questions fr\u00e9quemment pos\u00e9es Service \u00e0 la client\u00e8le Si vous avez des questions sur les produits ou des suggestions, vous pouvez toujours","og_url":"https:\/\/dutchmicrodosing.com\/fr\/info-many-questions\/","og_site_name":"Dutchmicrodosing","article_publisher":"https:\/\/www.facebook.com\/Dutchmicrodosingxp\/","article_modified_time":"2025-11-20T13:42:05+00:00","og_image":[{"width":425,"height":232,"url":"https:\/\/dutchmicrodosing.com\/wp-content\/uploads\/2021\/01\/DM-Logo-2.jpg","type":"image\/jpeg"}],"twitter_card":"summary_large_image","schema":{"@context":"https:\/\/schema.org","@graph":[{"@type":"WebPage","@id":"https:\/\/dutchmicrodosing.com\/fr\/info-many-questions\/","url":"https:\/\/dutchmicrodosing.com\/fr\/info-many-questions\/","name":"Informations et FAQ | DutchMicrodosing","isPartOf":{"@id":"https:\/\/dutchmicrodosing.com\/fr\/#website"},"datePublished":"2021-04-29T07:53:22+00:00","dateModified":"2025-11-20T13:42:05+00:00","description":"Consultez nos informations et questions fr\u00e9quentes sur le microdosage, les produits et les commandes. Trouvez rapidement des r\u00e9ponses \u00e0 vos questions les plus courantes.","breadcrumb":{"@id":"https:\/\/dutchmicrodosing.com\/fr\/info-many-questions\/#breadcrumb"},"inLanguage":"fr-FR","potentialAction":[{"@type":"ReadAction","target":["https:\/\/dutchmicrodosing.com\/fr\/info-many-questions\/"]}]},{"@type":"BreadcrumbList","@id":"https:\/\/dutchmicrodosing.com\/fr\/info-many-questions\/#breadcrumb","itemListElement":[{"@type":"ListItem","position":1,"name":"Home","item":"https:\/\/dutchmicrodosing.com\/fr\/"},{"@type":"ListItem","position":2,"name":"Informations et questions fr\u00e9quemment pos\u00e9es"}]},{"@type":"WebSite","@id":"https:\/\/dutchmicrodosing.com\/fr\/#website","url":"https:\/\/dutchmicrodosing.com\/fr\/","name":"Dutchmicrodosing","description":"","publisher":{"@id":"https:\/\/dutchmicrodosing.com\/fr\/#organization"},"potentialAction":[{"@type":"SearchAction","target":{"@type":"EntryPoint","urlTemplate":"https:\/\/dutchmicrodosing.com\/fr\/?s={search_term_string}"},"query-input":{"@type":"PropertyValueSpecification","valueRequired":true,"valueName":"search_term_string"}}],"inLanguage":"fr-FR"},{"@type":"Organization","@id":"https:\/\/dutchmicrodosing.com\/fr\/#organization","name":"Dutchmicrodosing","url":"https:\/\/dutchmicrodosing.com\/fr\/","logo":{"@type":"ImageObject","inLanguage":"fr-FR","@id":"https:\/\/dutchmicrodosing.com\/fr\/#\/schema\/logo\/image\/","url":"https:\/\/dutchmicrodosing.com\/wp-content\/uploads\/2021\/01\/microdosing-categorie-pic-nieuw.jpg","contentUrl":"https:\/\/dutchmicrodosing.com\/wp-content\/uploads\/2021\/01\/microdosing-categorie-pic-nieuw.jpg","width":500,"height":500,"caption":"Dutchmicrodosing"},"image":{"@id":"https:\/\/dutchmicrodosing.com\/fr\/#\/schema\/logo\/image\/"},"sameAs":["https:\/\/www.facebook.com\/Dutchmicrodosingxp\/","https:\/\/www.instagram.com\/dutchmicrodosing\/"]}]}},"_links":{"self":[{"href":"https:\/\/dutchmicrodosing.com\/fr\/wp-json\/wp\/v2\/pages\/3885","targetHints":{"allow":["GET"]}}],"collection":[{"href":"https:\/\/dutchmicrodosing.com\/fr\/wp-json\/wp\/v2\/pages"}],"about":[{"href":"https:\/\/dutchmicrodosing.com\/fr\/wp-json\/wp\/v2\/types\/page"}],"author":[{"embeddable":true,"href":"https:\/\/dutchmicrodosing.com\/fr\/wp-json\/wp\/v2\/users\/10"}],"replies":[{"embeddable":true,"href":"https:\/\/dutchmicrodosing.com\/fr\/wp-json\/wp\/v2\/comments?post=3885"}],"version-history":[{"count":5,"href":"https:\/\/dutchmicrodosing.com\/fr\/wp-json\/wp\/v2\/pages\/3885\/revisions"}],"predecessor-version":[{"id":62655,"href":"https:\/\/dutchmicrodosing.com\/fr\/wp-json\/wp\/v2\/pages\/3885\/revisions\/62655"}],"wp:attachment":[{"href":"https:\/\/dutchmicrodosing.com\/fr\/wp-json\/wp\/v2\/media?parent=3885"}],"curies":[{"name":"wp","href":"https:\/\/api.w.org\/{rel}","templated":true}]}}