{"id":4833,"date":"2021-05-04T18:51:31","date_gmt":"2021-05-04T18:51:31","guid":{"rendered":"https:\/\/dutchmicrodosing.com\/politique-de-confidentialite\/"},"modified":"2025-10-20T22:29:39","modified_gmt":"2025-10-20T20:29:39","slug":"politique-de-confidentialite","status":"publish","type":"page","link":"https:\/\/dutchmicrodosing.com\/fr\/politique-de-confidentialite\/","title":{"rendered":"Politique de confidentialit\u00e9"},"content":{"rendered":"\t\t<div data-elementor-type=\"wp-page\" data-elementor-id=\"4833\" class=\"elementor elementor-4833 elementor-607\" data-elementor-post-type=\"page\">\n\t\t\t\t\t\t<section class=\"elementor-section elementor-top-section elementor-element elementor-element-5c3d591 elementor-section-boxed elementor-section-height-default elementor-section-height-default\" data-id=\"5c3d591\" data-element_type=\"section\" data-e-type=\"section\">\n\t\t\t\t\t\t<div class=\"elementor-container elementor-column-gap-default\">\n\t\t\t\t\t<div class=\"elementor-column elementor-col-100 elementor-top-column elementor-element elementor-element-2cc1f07\" data-id=\"2cc1f07\" data-element_type=\"column\" data-e-type=\"column\">\n\t\t\t<div class=\"elementor-widget-wrap elementor-element-populated\">\n\t\t\t\t\t\t<div class=\"elementor-element elementor-element-83e8aa7 elementor-widget elementor-widget-spacer\" data-id=\"83e8aa7\" data-element_type=\"widget\" data-e-type=\"widget\" data-widget_type=\"spacer.default\">\n\t\t\t\t<div class=\"elementor-widget-container\">\n\t\t\t\t\t\t\t<div class=\"elementor-spacer\">\n\t\t\t<div class=\"elementor-spacer-inner\"><\/div>\n\t\t<\/div>\n\t\t\t\t\t\t<\/div>\n\t\t\t\t<\/div>\n\t\t\t\t\t<\/div>\n\t\t<\/div>\n\t\t\t\t\t<\/div>\n\t\t<\/section>\n\t\t\t\t<section class=\"elementor-section elementor-top-section elementor-element elementor-element-70793ae elementor-section-boxed elementor-section-height-default elementor-section-height-default\" data-id=\"70793ae\" data-element_type=\"section\" data-e-type=\"section\">\n\t\t\t\t\t\t<div class=\"elementor-container elementor-column-gap-default\">\n\t\t\t\t\t<div class=\"elementor-column elementor-col-100 elementor-top-column elementor-element elementor-element-6326213\" data-id=\"6326213\" data-element_type=\"column\" data-e-type=\"column\">\n\t\t\t<div class=\"elementor-widget-wrap elementor-element-populated\">\n\t\t\t\t\t\t<div class=\"elementor-element elementor-element-9f1ade9 elementor-widget elementor-widget-text-editor\" data-id=\"9f1ade9\" data-element_type=\"widget\" data-e-type=\"widget\" data-widget_type=\"text-editor.default\">\n\t\t\t\t<div class=\"elementor-widget-container\">\n\t\t\t\t\t\t\t\t\t<h1>D\u00e9claration de confidentialit\u00e9 Dutchmicrodosing.com<\/h1><p>Ceci est la d\u00e9claration de confidentialit\u00e9 de Dutchmicrodosing.com.com Ce document explique comment Dutchmicrodosing.com.com g\u00e8re le traitement de vos donn\u00e9es personnelles. Dutchmicrodosing.com traite vos donn\u00e9es personnelles avec le plus grand soin.  <\/p><h3>Base du traitement :<\/h3><p>Dans le cadre de la prestation des services de Dutchmicrodosing.com, vos donn\u00e9es personnelles seront trait\u00e9es. Dutchmicrodosing.com ne traite que les donn\u00e9es que nous jugeons n\u00e9cessaires pour (l&rsquo;am\u00e9lioration de) nos services et nous sommes prudents avec les informations que nous avons recueillies sur vous et votre utilisation de nos services. La base du traitement de ces donn\u00e9es est l&rsquo;accord que vous avez conclu avec Dutchmicrodosing.com. Les donn\u00e9es personnelles vous concernant peuvent \u00e9galement \u00eatre trait\u00e9es en visitant le site web www.Dutchmicrodosing.com.nl si vous avez donn\u00e9 votre consentement.<\/p><h3>Acquisition de donn\u00e9es personnelles :<\/h3><p>Si vous utilisez les services de Dutchmicrodosing.com, vous fournissez certaines informations personnelles \u00e0 Dutchmicrodosing.com, ou des informations personnelles sont obtenues de vous dans le cadre de l&rsquo;accord. Par donn\u00e9es personnelles, on entend toutes les donn\u00e9es relatives \u00e0 une personne physique identifi\u00e9e ou identifiable.<\/p><h3>Cat\u00e9gories de donn\u00e9es \u00e0 caract\u00e8re personnel<\/h3><p>Dutchmicrodosing.com traite les cat\u00e9gories suivantes de donn\u00e9es personnelles :<\/p><p>&#8211; Coordonn\u00e9es et nom et adresse ;<\/p><p>&#8211; Adresse \u00e9lectronique ;<\/p><p>&#8211; Donn\u00e9es financi\u00e8res ;<\/p><p>&#8211; Historique des commandes ;<\/p><p>&#8211; Adresse IP ;<\/p><p>&#8211; D\u00e9tails de l&#8217;emplacement ;<\/p><h3>Besoin de traitement :<\/h3><p>Le traitement de vos donn\u00e9es personnelles est n\u00e9cessaire \u00e0 la r\u00e9alisation de nos services. Les services fournis parDutchmicrodosing.com ne peuvent \u00eatre pleinement ex\u00e9cut\u00e9s sans le traitement de vos donn\u00e9es personnelles. Si votre consentement explicite est requis \u00e0 des fins sp\u00e9cifiques li\u00e9es \u00e0 vos donn\u00e9es, vous devez donner votre consentement s\u00e9par\u00e9.<\/p><h3>Finalit\u00e9 du traitement :<\/h3><p>Les donn\u00e9es personnelles trait\u00e9es par Dutchmicrodosing.com ont les objectifs suivants :<\/p><p>&#8211; Vous contacter pour vous informer des produits que vous avez achet\u00e9s et de leur mise en \u0153uvre ;<\/p><p>&#8211; Ex\u00e9cution de ses services ;<\/p><p>&#8211; Effectuer des paiements ;<\/p><p>&#8211; Respect des obligations l\u00e9gales ;<\/p><p>&#8211; Am\u00e9liorer le site web en analysant le comportement des visiteurs sur le site ;<\/p><p>&#8211; \u00c9change de donn\u00e9es avec des tiers aux fins de la prestation de services.<\/p><h3>P\u00e9riode de conservation :<\/h3><p>Les donn\u00e9es personnelles trait\u00e9es par Dutchmicrodosing.com seront conserv\u00e9es conform\u00e9ment aux lois et r\u00e8glements en vigueur. Dutchmicrodosing.com conserve les donn\u00e9es aussi longtemps que vous \u00eates un de nos clients. Cela signifie que Dutchmicrodosing.com conservera votre profil client jusqu&rsquo;\u00e0 ce que vous indiquiez que vous ne souhaitez plus utiliser nos services. Si vous nous l&rsquo;indiquez, nous l&rsquo;interpr\u00e9terons comme une demande d&rsquo;oubli. Si une p\u00e9riode de conservation plus longue est n\u00e9cessaire en raison de la l\u00e9gislation ou de la r\u00e9glementation, les donn\u00e9es personnelles seront conserv\u00e9es pendant une p\u00e9riode plus longue conform\u00e9ment \u00e0 ces exigences. Sur la base des exigences administratives applicables, nous devons conserver des factures avec vos donn\u00e9es (personnelles), Dutchmicrodosing.com conservera ces informations aussi longtemps que durera le d\u00e9lai applicable.<\/p><h3>Traitement par des tiers :<\/h3><p>Dutchmicrodosing.com ne partage ses donn\u00e9es personnelles avec des tiers que si cela est strictement n\u00e9cessaire \u00e0 l&rsquo;ex\u00e9cution d&rsquo;un contrat et au respect des lois et r\u00e8glements en vigueur. Les tiers avec lesquels les donn\u00e9es personnelles sont partag\u00e9es sont :<\/p><p>Prestataire de paiement aux fins de l&rsquo;ex\u00e9cution de la convention. La cat\u00e9gorie de donn\u00e9es personnelles qui est trait\u00e9e est celle des donn\u00e9es financi\u00e8res.<\/p><p>Hostnet traite les donn\u00e9es dans le but d&rsquo;am\u00e9liorer ses services. La cat\u00e9gorie de donn\u00e9es personnelles trait\u00e9es comprend les coordonn\u00e9es et le nom, l&rsquo;adresse \u00e9lectronique, l&rsquo;adresse IP, l&rsquo;historique des commandes et\/ou les donn\u00e9es financi\u00e8res.<\/p><p>Logiciel de la boutique en ligne. Aux fins de l&rsquo;ex\u00e9cution de l&rsquo;accord. Les cat\u00e9gories de donn\u00e9es personnelles trait\u00e9es sont les coordonn\u00e9es et le nom, l&rsquo;adresse \u00e9lectronique, l&rsquo;adresse IP, l&rsquo;historique des commandes et\/ou les donn\u00e9es financi\u00e8res.<\/p><p>Le service de livraison engag\u00e9, tel que DHL ou Post NL, aux fins de conformit\u00e9 et\/ou d&rsquo;ex\u00e9cution d&rsquo;un accord. Les cat\u00e9gories de donn\u00e9es personnelles trait\u00e9es sont les coordonn\u00e9es et les noms et adresses.<\/p><p>Mailchimp, La cat\u00e9gorie de donn\u00e9es personnelles trait\u00e9es est l&rsquo;adresse email.<\/p><p>D&rsquo;autres institutions financi\u00e8res, pour l&rsquo;ex\u00e9cution de l&rsquo;accord et pour le traitement de l&rsquo;administration financi\u00e8re. Les cat\u00e9gories de donn\u00e9es \u00e0 caract\u00e8re personnel qui sont trait\u00e9es sont les coordonn\u00e9es et le nom et l&rsquo;adresse, l&rsquo;adresse \u00e9lectronique et\/ou les donn\u00e9es financi\u00e8res.<\/p><p>Comptable, afin de s&rsquo;occuper de l&rsquo;administration financi\u00e8re. Les cat\u00e9gories de donn\u00e9es \u00e0 caract\u00e8re personnel qui sont trait\u00e9es sont les coordonn\u00e9es et les noms et adresses et\/ou les donn\u00e9es financi\u00e8res.<\/p><h3>S\u00e9curit\u00e9 des donn\u00e9es personnelles :<\/h3><p>Dutchmicrodosing.com prend au s\u00e9rieux la protection de vos donn\u00e9es personnelles et prend les mesures techniques et organisationnelles appropri\u00e9es pour assurer un niveau de s\u00e9curit\u00e9 adapt\u00e9 aux risques, en tenant compte de l&rsquo;\u00e9tat de la technique, des co\u00fbts de mise en \u0153uvre, ainsi que de la nature, de la port\u00e9e, du contexte et des finalit\u00e9s du traitement et des risques pour les droits et libert\u00e9s des personnes.<\/p><h3>Site web :<\/h3><p>En utilisant le site web www.Dutchmicrodosing.com.nl. vous acceptez la clause de non-responsabilit\u00e9. Dutchmicrodosing.com se r\u00e9serve le droit de modifier le contenu de son site web et\/ou de cette clause de non-responsabilit\u00e9 \u00e0 tout moment sans en informer ses clients et\/ou les utilisateurs du site web. Le contenu du site web a \u00e9t\u00e9 \u00e9labor\u00e9 avec le plus grand soin, mais peut n\u00e9anmoins contenir des inexactitudes ou \u00eatre incomplet. Dutchmicrodosing.com d\u00e9cline toute responsabilit\u00e9 pour les dommages caus\u00e9s par ou d\u00e9coulant de l&rsquo;utilisation du site web. L&rsquo;utilisation de ce site web se fait enti\u00e8rement aux risques et p\u00e9rils de l&rsquo;utilisateur du site. Aucun droit ne peut \u00eatre tir\u00e9 du contenu de ce site web. Tous les textes \u00e0 www.Dutchmicrodosing.com.nl. sont prot\u00e9g\u00e9s par le droit d&rsquo;auteur et appartiennent \u00e0 Dutchmicrodosing.com.<\/p><h3>D\u00e9claration sur les cookies :<\/h3><p>Dutchmicrodosing.com utilise des cookies techniques, fonctionnels et analytiques pour optimiser le site web. Les cookies sont de petits fichiers texte qui sont envoy\u00e9s lors de la visite d&rsquo;un site web afin de rendre l&rsquo;exp\u00e9rience du visiteur plus efficace. Dutchmicrodosing.com est autoris\u00e9 par la loi \u00e0 stocker des cookies sur votre appareil si ces cookies sont strictement n\u00e9cessaires \u00e0 l&rsquo;utilisation du site web. D&rsquo;autres types de cookies n\u00e9cessitent votre consentement. Nous vous recommandons d&rsquo;accepter les cookies pour faciliter l&rsquo;utilisation du site web.<\/p><p>Les cookies utilis\u00e9s par Dutchmicrodosing.com sont des cookies fonctionnels : ces cookies assurent le bon fonctionnement du site web. Ces cookies n&rsquo;affectent pas la vie priv\u00e9e, il n&rsquo;est donc pas n\u00e9cessaire de demander et d&rsquo;accorder une autorisation. Ces cookies sont utilis\u00e9s, par exemple, pour enregistrer les param\u00e8tres de votre navigateur afin que notre site web puisse \u00eatre consult\u00e9 de la meilleure fa\u00e7on possible, ou pour garantir que le site web reste accessible (\u00e9quilibrage de charge), mais aussi des cookies qui garantissent qu&rsquo;aucun autre cookie ne peut \u00eatre plac\u00e9 (no-follow).<\/p><p>Cookies de m\u00e9dias sociaux : il s&rsquo;agit de cookies provenant de tiers et plac\u00e9s par les sites web de m\u00e9dias sociaux eux-m\u00eames. Par exemple, lorsque vous cliquez sur le bouton \u00ab\u00a0Social Media\u00a0\u00bb du site web, un cookie \u00ab\u00a0Social Media\u00a0\u00bb est plac\u00e9. Cela permet \u00e0 la partie m\u00e9dias sociaux de reconna\u00eetre votre adresse IP lorsque vous partagez un article du site web. Pour les cookies des parties de m\u00e9dias sociaux et les donn\u00e9es et\/ou les donn\u00e9es personnelles qu&rsquo;ils collectent, Dutchmicrodosing.com vous renvoie aux politiques de confidentialit\u00e9 et de cookies de ces parties.<\/p><p>Sur le site web de Dutchmicrodosing.com, des cookies sont plac\u00e9s par Google pour Google Analytics. Nous ne conservons pas d&rsquo;informations sur ce que vous faites sur l&rsquo;Internet. Google Analytics peut \u00eatre tenu, en vertu des lois et r\u00e8glements applicables, de donner acc\u00e8s \u00e0 ces donn\u00e9es, ce qui signifie que Dutchmicrodosing.com ne peut pas relier les informations \u00e0 une personne physique. Si vous avez des questions \u00e0 ce sujet, veuillez nous contacter \u00e0 l&rsquo;adresse info@Dutchmicrodosing.com.com.<\/p><h3>Param\u00e8tres du navigateur :<\/h3><p>Si vous ne souhaitez pas que les sites web placent des cookies sur l&rsquo;appareil que vous utilisez pour consulter le site web, vous pouvez modifier les param\u00e8tres de votre navigateur. Avant qu&rsquo;un cookie ne soit plac\u00e9, vous recevrez un avertissement et devrez donner votre autorisation pour que le cookie soit plac\u00e9. Si vous ne le faites pas, le site web pourrait, par exemple, fonctionner moins bien. Vous pouvez r\u00e9gler les param\u00e8tres de votre navigateur de mani\u00e8re \u00e0 ce qu&rsquo;il refuse tous les cookies ainsi que les cookies de tiers. Vous pouvez \u00e9galement supprimer les cookies qui ont \u00e9t\u00e9 plac\u00e9s. Pour ce faire, vous devez ajuster les param\u00e8tres de votre navigateur via les pr\u00e9f\u00e9rences, puis vous pouvez r\u00e9gler les param\u00e8tres de confidentialit\u00e9.<\/p><h3>Droits des personnes concern\u00e9es :<\/h3><p>En tant que personne concern\u00e9e, vous disposez des droits suivants :<\/p><p>Droit d&rsquo;inspection ; En tant que personne concern\u00e9e, vous avez le droit de savoir si vos donn\u00e9es personnelles sont trait\u00e9es ou non et, le cas \u00e9ch\u00e9ant, d&rsquo;y avoir acc\u00e8s.<\/p><p>Droit de rectification. Vous avez le droit d&rsquo;obtenir la rectification et le compl\u00e9ment des donn\u00e9es incorrectes. &#8211; Droit \u00e0 l&rsquo;effacement des donn\u00e9es. Sans retard d\u00e9raisonnable, une personne concern\u00e9e devrait obtenir l&rsquo;effacement des donn\u00e9es \u00e0 caract\u00e8re personnel la concernant.<\/p><p>Droit \u00e0 la limitation du traitement. En tant que personne concern\u00e9e, vous avez le droit de restreindre le traitement de vos donn\u00e9es personnelles. Veuillez contacter Dutchmicrodosing.com pour cela.<\/p><p>Droit \u00e0 la portabilit\u00e9 des donn\u00e9es. Une personne concern\u00e9e a le droit d&rsquo;obtenir les donn\u00e9es personnelles la concernant qu&rsquo;elle a fournies \u00e0 Dutchmicrodosing.com sous une forme structur\u00e9e, couramment utilis\u00e9e et lisible par machine, ainsi que de transf\u00e9rer ces donn\u00e9es \u00e0 Dutchmicrodosing.com sans intervention du responsable du traitement auquel elles ont \u00e9t\u00e9 fournies.<\/p><p>Droit d&rsquo;opposition. La personne concern\u00e9e a le droit de s&rsquo;opposer \u00e0 tout moment, pour des raisons tenant \u00e0 sa situation particuli\u00e8re, au traitement des donn\u00e9es \u00e0 caract\u00e8re personnel la concernant, y compris le profilage fond\u00e9 sur ces dispositions. Dutchmicrodosing.com cessera de traiter les donn\u00e9es \u00e0 caract\u00e8re personnel, \u00e0 moins qu&rsquo;il n&rsquo;ait des motifs l\u00e9gitimes imp\u00e9rieux de le faire, qui l&#8217;emportent sur les int\u00e9r\u00eats, les libert\u00e9s et les droits de la personne concern\u00e9e en ce qui concerne l&rsquo;exercice, l&rsquo;introduction ou le soutien d&rsquo;une action en justice.<\/p><h3>Plainte :<\/h3><p>Si vous avez une r\u00e9clamation concernant la mani\u00e8re dont Dutchmicrodosing.com traite vos donn\u00e9es personnelles, ou si vous souhaitez exercer l&rsquo;un des droits mentionn\u00e9s ci-dessus, vous pouvez nous contacter via [website]. Pour s&rsquo;assurer que vous souhaitez exercer un droit, Dutchmicrodosing.com vous demande de joindre une copie de votre preuve d&rsquo;identit\u00e9. Vous pouvez rendre votre photo de passeport et votre MRZ (bande avec des chiffres en bas) noirs pour prot\u00e9ger votre vie priv\u00e9e. Dutchmicrodosing.com r\u00e9pondra \u00e0 votre demande dans les meilleurs d\u00e9lais, mais au plus tard dans les 4 semaines. Vous pouvez \u00e9galement d\u00e9poser une plainte aupr\u00e8s de l&rsquo;Autorit\u00e9 pour la protection des donn\u00e9es \u00e0 caract\u00e8re personnel. Il s&rsquo;agit de l&rsquo;autorit\u00e9 d&rsquo;ex\u00e9cution comp\u00e9tente. Vous pouvez nous contacter via ce lien : https:\/\/autoriteitpersoonsgegevens.nl\/nl\/contact-met-de-autoriteit-persoonsgegevens\/tip-ons.<\/p><h3>Modifications de la d\u00e9claration de confidentialit\u00e9 :<\/h3><p>Dutchmicrodosing.com peut modifier \u00e0 tout moment la d\u00e9claration de confidentialit\u00e9. La version la plus r\u00e9cente est publi\u00e9e sur le site web. Par cons\u00e9quent, gardez toujours un \u0153il sur le site web pour la version la plus r\u00e9cente. Si la nouvelle politique de confidentialit\u00e9 affecte la mani\u00e8re dont nous traitons d\u00e9j\u00e0 les donn\u00e9es vous concernant, nous vous en informerons par e-mail.<\/p><p>Cette version a \u00e9t\u00e9 \u00e9crite le 23-02-2019<\/p>\t\t\t\t\t\t\t\t<\/div>\n\t\t\t\t<\/div>\n\t\t\t\t\t<\/div>\n\t\t<\/div>\n\t\t\t\t\t<\/div>\n\t\t<\/section>\n\t\t\t\t<\/div>\n\t\t","protected":false},"excerpt":{"rendered":"<p>D\u00e9claration de confidentialit\u00e9 Dutchmicrodosing.com Ceci est la d\u00e9claration de confidentialit\u00e9 de Dutchmicrodosing.com.com Ce document explique comment Dutchmicrodosing.com.com g\u00e8re le traitement de vos donn\u00e9es personnelles. Dutchmicrodosing.com traite vos donn\u00e9es personnelles avec le plus grand soin. Base du traitement : Dans le cadre de la prestation des services de Dutchmicrodosing.com, vos donn\u00e9es personnelles seront trait\u00e9es. Dutchmicrodosing.com ne [&hellip;]<\/p>\n","protected":false},"author":10,"featured_media":0,"parent":0,"menu_order":0,"comment_status":"closed","ping_status":"closed","template":"","meta":{"footnotes":""},"class_list":["post-4833","page","type-page","status-publish","hentry"],"yoast_head":"<!-- This site is optimized with the Yoast SEO Premium plugin v26.4 (Yoast SEO v27.2) - https:\/\/yoast.com\/product\/yoast-seo-premium-wordpress\/ -->\n<title>Politique de confidentialit\u00e9 - Dutchmicrodosing<\/title>\n<meta name=\"description\" content=\"D\u00e9couvrez comment DutchMicrodosing traite votre vie priv\u00e9e et vos donn\u00e9es personnelles. De mani\u00e8re transparente, s\u00e9curis\u00e9e et conforme au RGPD.\" \/>\n<meta name=\"robots\" content=\"index, follow, max-snippet:-1, max-image-preview:large, max-video-preview:-1\" \/>\n<link rel=\"canonical\" href=\"https:\/\/dutchmicrodosing.com\/fr\/politique-de-confidentialite\/\" \/>\n<meta property=\"og:locale\" content=\"fr_FR\" \/>\n<meta property=\"og:type\" content=\"article\" \/>\n<meta property=\"og:title\" content=\"Politique de confidentialit\u00e9\" \/>\n<meta property=\"og:description\" content=\"D\u00e9claration de confidentialit\u00e9 Dutchmicrodosing.comCeci est la d\u00e9claration de confidentialit\u00e9 de Dutchmicrodosing.com.com Ce document explique comment\" \/>\n<meta property=\"og:url\" content=\"https:\/\/dutchmicrodosing.com\/fr\/politique-de-confidentialite\/\" \/>\n<meta property=\"og:site_name\" content=\"Dutchmicrodosing\" \/>\n<meta property=\"article:publisher\" content=\"https:\/\/www.facebook.com\/Dutchmicrodosingxp\/\" \/>\n<meta property=\"article:modified_time\" content=\"2025-10-20T20:29:39+00:00\" \/>\n<meta property=\"og:image\" content=\"https:\/\/dutchmicrodosing.com\/wp-content\/uploads\/2021\/01\/DM-Logo-2.jpg\" \/>\n\t<meta property=\"og:image:width\" content=\"425\" \/>\n\t<meta property=\"og:image:height\" content=\"232\" \/>\n\t<meta property=\"og:image:type\" content=\"image\/jpeg\" \/>\n<meta name=\"twitter:card\" content=\"summary_large_image\" \/>\n<script type=\"application\/ld+json\" class=\"yoast-schema-graph\">{\"@context\":\"https:\/\/schema.org\",\"@graph\":[{\"@type\":\"WebPage\",\"@id\":\"https:\/\/dutchmicrodosing.com\/fr\/politique-de-confidentialite\/\",\"url\":\"https:\/\/dutchmicrodosing.com\/fr\/politique-de-confidentialite\/\",\"name\":\"Politique de confidentialit\u00e9 - Dutchmicrodosing\",\"isPartOf\":{\"@id\":\"https:\/\/dutchmicrodosing.com\/fr\/#website\"},\"datePublished\":\"2021-05-04T18:51:31+00:00\",\"dateModified\":\"2025-10-20T20:29:39+00:00\",\"description\":\"D\u00e9couvrez comment DutchMicrodosing traite votre vie priv\u00e9e et vos donn\u00e9es personnelles. De mani\u00e8re transparente, s\u00e9curis\u00e9e et conforme au RGPD.\",\"breadcrumb\":{\"@id\":\"https:\/\/dutchmicrodosing.com\/fr\/politique-de-confidentialite\/#breadcrumb\"},\"inLanguage\":\"fr-FR\",\"potentialAction\":[{\"@type\":\"ReadAction\",\"target\":[\"https:\/\/dutchmicrodosing.com\/fr\/politique-de-confidentialite\/\"]}]},{\"@type\":\"BreadcrumbList\",\"@id\":\"https:\/\/dutchmicrodosing.com\/fr\/politique-de-confidentialite\/#breadcrumb\",\"itemListElement\":[{\"@type\":\"ListItem\",\"position\":1,\"name\":\"Home\",\"item\":\"https:\/\/dutchmicrodosing.com\/fr\/\"},{\"@type\":\"ListItem\",\"position\":2,\"name\":\"Politique de confidentialit\u00e9\"}]},{\"@type\":\"WebSite\",\"@id\":\"https:\/\/dutchmicrodosing.com\/fr\/#website\",\"url\":\"https:\/\/dutchmicrodosing.com\/fr\/\",\"name\":\"Dutchmicrodosing\",\"description\":\"\",\"publisher\":{\"@id\":\"https:\/\/dutchmicrodosing.com\/fr\/#organization\"},\"potentialAction\":[{\"@type\":\"SearchAction\",\"target\":{\"@type\":\"EntryPoint\",\"urlTemplate\":\"https:\/\/dutchmicrodosing.com\/fr\/?s={search_term_string}\"},\"query-input\":{\"@type\":\"PropertyValueSpecification\",\"valueRequired\":true,\"valueName\":\"search_term_string\"}}],\"inLanguage\":\"fr-FR\"},{\"@type\":\"Organization\",\"@id\":\"https:\/\/dutchmicrodosing.com\/fr\/#organization\",\"name\":\"Dutchmicrodosing\",\"url\":\"https:\/\/dutchmicrodosing.com\/fr\/\",\"logo\":{\"@type\":\"ImageObject\",\"inLanguage\":\"fr-FR\",\"@id\":\"https:\/\/dutchmicrodosing.com\/fr\/#\/schema\/logo\/image\/\",\"url\":\"https:\/\/dutchmicrodosing.com\/wp-content\/uploads\/2021\/01\/microdosing-categorie-pic-nieuw.jpg\",\"contentUrl\":\"https:\/\/dutchmicrodosing.com\/wp-content\/uploads\/2021\/01\/microdosing-categorie-pic-nieuw.jpg\",\"width\":500,\"height\":500,\"caption\":\"Dutchmicrodosing\"},\"image\":{\"@id\":\"https:\/\/dutchmicrodosing.com\/fr\/#\/schema\/logo\/image\/\"},\"sameAs\":[\"https:\/\/www.facebook.com\/Dutchmicrodosingxp\/\",\"https:\/\/www.instagram.com\/dutchmicrodosing\/\"]}]}<\/script>\n<!-- \/ Yoast SEO Premium plugin. -->","yoast_head_json":{"title":"Politique de confidentialit\u00e9 - Dutchmicrodosing","description":"D\u00e9couvrez comment DutchMicrodosing traite votre vie priv\u00e9e et vos donn\u00e9es personnelles. De mani\u00e8re transparente, s\u00e9curis\u00e9e et conforme au RGPD.","robots":{"index":"index","follow":"follow","max-snippet":"max-snippet:-1","max-image-preview":"max-image-preview:large","max-video-preview":"max-video-preview:-1"},"canonical":"https:\/\/dutchmicrodosing.com\/fr\/politique-de-confidentialite\/","og_locale":"fr_FR","og_type":"article","og_title":"Politique de confidentialit\u00e9","og_description":"D\u00e9claration de confidentialit\u00e9 Dutchmicrodosing.comCeci est la d\u00e9claration de confidentialit\u00e9 de Dutchmicrodosing.com.com Ce document explique comment","og_url":"https:\/\/dutchmicrodosing.com\/fr\/politique-de-confidentialite\/","og_site_name":"Dutchmicrodosing","article_publisher":"https:\/\/www.facebook.com\/Dutchmicrodosingxp\/","article_modified_time":"2025-10-20T20:29:39+00:00","og_image":[{"width":425,"height":232,"url":"https:\/\/dutchmicrodosing.com\/wp-content\/uploads\/2021\/01\/DM-Logo-2.jpg","type":"image\/jpeg"}],"twitter_card":"summary_large_image","schema":{"@context":"https:\/\/schema.org","@graph":[{"@type":"WebPage","@id":"https:\/\/dutchmicrodosing.com\/fr\/politique-de-confidentialite\/","url":"https:\/\/dutchmicrodosing.com\/fr\/politique-de-confidentialite\/","name":"Politique de confidentialit\u00e9 - Dutchmicrodosing","isPartOf":{"@id":"https:\/\/dutchmicrodosing.com\/fr\/#website"},"datePublished":"2021-05-04T18:51:31+00:00","dateModified":"2025-10-20T20:29:39+00:00","description":"D\u00e9couvrez comment DutchMicrodosing traite votre vie priv\u00e9e et vos donn\u00e9es personnelles. De mani\u00e8re transparente, s\u00e9curis\u00e9e et conforme au RGPD.","breadcrumb":{"@id":"https:\/\/dutchmicrodosing.com\/fr\/politique-de-confidentialite\/#breadcrumb"},"inLanguage":"fr-FR","potentialAction":[{"@type":"ReadAction","target":["https:\/\/dutchmicrodosing.com\/fr\/politique-de-confidentialite\/"]}]},{"@type":"BreadcrumbList","@id":"https:\/\/dutchmicrodosing.com\/fr\/politique-de-confidentialite\/#breadcrumb","itemListElement":[{"@type":"ListItem","position":1,"name":"Home","item":"https:\/\/dutchmicrodosing.com\/fr\/"},{"@type":"ListItem","position":2,"name":"Politique de confidentialit\u00e9"}]},{"@type":"WebSite","@id":"https:\/\/dutchmicrodosing.com\/fr\/#website","url":"https:\/\/dutchmicrodosing.com\/fr\/","name":"Dutchmicrodosing","description":"","publisher":{"@id":"https:\/\/dutchmicrodosing.com\/fr\/#organization"},"potentialAction":[{"@type":"SearchAction","target":{"@type":"EntryPoint","urlTemplate":"https:\/\/dutchmicrodosing.com\/fr\/?s={search_term_string}"},"query-input":{"@type":"PropertyValueSpecification","valueRequired":true,"valueName":"search_term_string"}}],"inLanguage":"fr-FR"},{"@type":"Organization","@id":"https:\/\/dutchmicrodosing.com\/fr\/#organization","name":"Dutchmicrodosing","url":"https:\/\/dutchmicrodosing.com\/fr\/","logo":{"@type":"ImageObject","inLanguage":"fr-FR","@id":"https:\/\/dutchmicrodosing.com\/fr\/#\/schema\/logo\/image\/","url":"https:\/\/dutchmicrodosing.com\/wp-content\/uploads\/2021\/01\/microdosing-categorie-pic-nieuw.jpg","contentUrl":"https:\/\/dutchmicrodosing.com\/wp-content\/uploads\/2021\/01\/microdosing-categorie-pic-nieuw.jpg","width":500,"height":500,"caption":"Dutchmicrodosing"},"image":{"@id":"https:\/\/dutchmicrodosing.com\/fr\/#\/schema\/logo\/image\/"},"sameAs":["https:\/\/www.facebook.com\/Dutchmicrodosingxp\/","https:\/\/www.instagram.com\/dutchmicrodosing\/"]}]}},"_links":{"self":[{"href":"https:\/\/dutchmicrodosing.com\/fr\/wp-json\/wp\/v2\/pages\/4833","targetHints":{"allow":["GET"]}}],"collection":[{"href":"https:\/\/dutchmicrodosing.com\/fr\/wp-json\/wp\/v2\/pages"}],"about":[{"href":"https:\/\/dutchmicrodosing.com\/fr\/wp-json\/wp\/v2\/types\/page"}],"author":[{"embeddable":true,"href":"https:\/\/dutchmicrodosing.com\/fr\/wp-json\/wp\/v2\/users\/10"}],"replies":[{"embeddable":true,"href":"https:\/\/dutchmicrodosing.com\/fr\/wp-json\/wp\/v2\/comments?post=4833"}],"version-history":[{"count":0,"href":"https:\/\/dutchmicrodosing.com\/fr\/wp-json\/wp\/v2\/pages\/4833\/revisions"}],"wp:attachment":[{"href":"https:\/\/dutchmicrodosing.com\/fr\/wp-json\/wp\/v2\/media?parent=4833"}],"curies":[{"name":"wp","href":"https:\/\/api.w.org\/{rel}","templated":true}]}}