{"id":4840,"date":"2021-05-04T18:51:58","date_gmt":"2021-05-04T18:51:58","guid":{"rendered":"https:\/\/dutchmicrodosing.com\/avis-de-non-responsabilite\/"},"modified":"2025-10-20T22:29:39","modified_gmt":"2025-10-20T20:29:39","slug":"clause-de-non-responsabilite","status":"publish","type":"page","link":"https:\/\/dutchmicrodosing.com\/fr\/clause-de-non-responsabilite\/","title":{"rendered":"Avis de non-responsabilit\u00e9"},"content":{"rendered":"\t\t<div data-elementor-type=\"wp-page\" data-elementor-id=\"4840\" class=\"elementor elementor-4840 elementor-603\" data-elementor-post-type=\"page\">\n\t\t\t\t\t\t<section class=\"elementor-section elementor-top-section elementor-element elementor-element-41723d5 elementor-section-boxed elementor-section-height-default elementor-section-height-default\" data-id=\"41723d5\" data-element_type=\"section\" data-e-type=\"section\">\n\t\t\t\t\t\t<div class=\"elementor-container elementor-column-gap-default\">\n\t\t\t\t\t<div class=\"elementor-column elementor-col-100 elementor-top-column elementor-element elementor-element-0dd9dd5\" data-id=\"0dd9dd5\" data-element_type=\"column\" data-e-type=\"column\">\n\t\t\t<div class=\"elementor-widget-wrap elementor-element-populated\">\n\t\t\t\t\t\t<div class=\"elementor-element elementor-element-9b9d9b7 elementor-widget elementor-widget-text-editor\" data-id=\"9b9d9b7\" data-element_type=\"widget\" data-e-type=\"widget\" data-widget_type=\"text-editor.default\">\n\t\t\t\t<div class=\"elementor-widget-container\">\n\t\t\t\t\t\t\t\t\t<h3>Avis de non-responsabilit\u00e9 Dutchmicrodosing<\/h3><p>Le site web et les produits de Dutchmicrodosing sont destin\u00e9s aux personnes \u00e2g\u00e9es de 18 ans et plus. Dutchmicrodosing rappelle que les personnes \u00e2g\u00e9es de moins de 18 ans ne doivent pas passer de commande. Dutchmicrodosing n&rsquo;accepte aucune responsabilit\u00e9 pour les cons\u00e9quences d&rsquo;une commande pass\u00e9e par une personne de moins de 18 ans. Tous les produits propos\u00e9s par Dutchmicrodosing doivent \u00eatre tenus \u00e0 l&rsquo;\u00e9cart des personnes \u00e2g\u00e9es de moins de 18 ans.<\/p><p> <\/p><p>Dutchmicrodosing d\u00e9cline toute responsabilit\u00e9 dans les situations suivantes : le produit ne donne pas la sensation et\/ou l&rsquo;effet attendu\/souhait\u00e9 par l&rsquo;acheteur ; perte du fonctionnement du produit ; r\u00e9sultats de r\u00e9colte ; plaintes physiques et\/ou mentales (y compris, mais sans s&rsquo;y limiter : vertiges, palpitations, maux de t\u00eate, confusion, induction d&rsquo;une psychose) ; capacit\u00e9 de r\u00e9action alt\u00e9r\u00e9e ; autres dommages corporels et\/ou incapacit\u00e9 suite \u00e0 l&rsquo;utilisation du produit. Les produits propos\u00e9s par Dutchmicrodosing ne doivent pas \u00eatre consid\u00e9r\u00e9s comme des m\u00e9dicaments et ne sont pas destin\u00e9s \u00e0 remplacer un ou des traitements m\u00e9dicaux (d\u00e9j\u00e0 entam\u00e9s) et\/ou l&rsquo;avis m\u00e9dical d&rsquo;un prestataire de soins. Les produits ne peuvent donc pas \u00eatre utilis\u00e9s comme substitut d&rsquo;un m\u00e9dicament ou d&rsquo;une drogue prescrits. Les produits de Dutchmicrodosing ne doivent jamais \u00eatre utilis\u00e9s en combinaison avec des m\u00e9dicaments, de l&rsquo;alcool, des suppl\u00e9ments, des antid\u00e9presseurs (inhibiteurs de MAO, ISRS, SRNI et TCA) et d&rsquo;autres m\u00e9dicaments ayant des effets similaires.<\/p><p> <\/p><p>Dutchmicrodosing ne vend que des produits qui r\u00e9pondent aux conditions d\u00e9crites dans la loi sur l&rsquo;opium et qui ne figurent donc pas sur les listes I et II de la loi sur l&rsquo;opium. Les ventes ne seront effectu\u00e9es que pour des raisons m\u00e9dicales et\/ou scientifiques, conform\u00e9ment \u00e0 l&rsquo;article 8 de la loi sur l&rsquo;opium. Dutchmicrodosing fixe \u00e9galement des restrictions sur les ventes : un acheteur peut acheter un maximum de 5 graines (de chanvre) par jour. . Les produits vendus par Dutchmicrodosing sont destin\u00e9s \u00e0 un usage personnel uniquement. S&rsquo;il y a un soup\u00e7on, y compris le type de produit sur lequel porte la convention, en combinaison ou non avec les personnes auxquelles les produits sont livr\u00e9s, le mode et le lieu de livraison ainsi que la dur\u00e9e et la taille de la livraison, que des cultivateurs ou des commer\u00e7ants \u00e0 grande \u00e9chelle sont approvisionn\u00e9s, Dutchmicrodosing est \u00e0 tout moment en droit de dissoudre la convention. Le remboursement du montant de l&rsquo;achat sera trait\u00e9 d\u00e8s que possible ; le paiement aura lieu dans les 30 jours suivant la r\u00e9ception du retour. Le remboursement sera effectu\u00e9 sur le num\u00e9ro de compte fourni pr\u00e9c\u00e9demment.<\/p><p> <\/p><p>Toutes les informations fournies par Dutchmicrodosing, par le biais du site web, ou par ses employ\u00e9s par t\u00e9l\u00e9phone, par courriel ou par tout autre moyen de communication, le sont uniquement \u00e0 titre d&rsquo;information et ne doivent pas \u00eatre consid\u00e9r\u00e9es comme des conseils m\u00e9dicaux. Bien que Dutchmicrodosing et son personnel s&rsquo;efforcent toujours de faire leur travail au mieux de leurs capacit\u00e9s, Dutchmicrodosing ne peut garantir que les descriptions de produits et les informations fournies par le site web ou par le personnel par e-mail, t\u00e9l\u00e9phone ou autres canaux de communication sont exactes, compl\u00e8tes, fiables, actuelles et sans erreur. Dutchmicrodosing tient \u00e0 signaler que, dans certains cas, la forme et les couleurs des emballages peuvent \u00eatre modifi\u00e9es, m\u00eame si le produit est le m\u00eame que celui d\u00e9crit.<\/p><p> <\/p><p>Outre la consultation du site web ou des employ\u00e9s, l&rsquo;acheteur porte la responsabilit\u00e9 personnelle de s&rsquo;informer (\u00ab\u00a0devoir de recherche\u00a0\u00bb) sur l&rsquo;utilisation, le fonctionnement et les \u00e9ventuels risques pour la sant\u00e9 du produit command\u00e9. Dutchmicrodosing n&rsquo;est pas responsable des dommages caus\u00e9s par une utilisation incorrecte ou ill\u00e9gale des produits livr\u00e9s.<\/p><p> <\/p><h3>LIVRAISONS EN DEHORS DES PAYS-BAS :<\/h3><p> <\/p><p>Tous les produits vendus par Dutchmicrodosing sont conformes \u00e0 la l\u00e9gislation n\u00e9erlandaise, y compris la loi sur l&rsquo;opium. Dutchmicrodosing ne peut fournir des informations fiables \u00e0 100% sur les ventes et les livraisons en dehors des Pays-Bas. L&rsquo;acheteur du produit doit donc s&rsquo;informer sur la l\u00e9galit\u00e9 de l&rsquo;importation du produit et assumer la responsabilit\u00e9 et la l\u00e9galit\u00e9 du respect des lois et r\u00e9glementations douani\u00e8res locales. Dutchmicrodosing n&rsquo;est pas responsable et\/ou redevable des commandes exp\u00e9di\u00e9es au nom de l&rsquo;acheteur, s&rsquo;il appara\u00eet que le produit est ill\u00e9gal dans le pays vers lequel la commande est exp\u00e9di\u00e9e. Dutchmicrodosing n&rsquo;est pas responsable de la saisie et\/ou de la destruction des produits par les autorit\u00e9s douani\u00e8res ou autres dans le pays o\u00f9 la commande a \u00e9t\u00e9 livr\u00e9e ou dans les pays travers\u00e9s pendant l&rsquo;exp\u00e9dition. Si ce qui pr\u00e9c\u00e8de est constat\u00e9, Dutchmicrodosing ne remboursera pas les frais d&rsquo;achat et d&rsquo;exp\u00e9dition et ne versera pas de compensation pour les dommages \u00e0 l&rsquo;acheteur. La responsabilit\u00e9 incombe \u00e0 l&rsquo;acheteur \u00e0 partir du moment o\u00f9 la commande est pass\u00e9e.<\/p><p> <\/p><p>En utilisant notre site web, vous acceptez cette clause de non-responsabilit\u00e9. En cas de litige entre Dutchmicrodosing et l&rsquo;acheteur, concernant des produits achet\u00e9s chez Dutchmicrodosing, le droit n\u00e9erlandais s&rsquo;applique.<\/p>\t\t\t\t\t\t\t\t<\/div>\n\t\t\t\t<\/div>\n\t\t\t\t\t<\/div>\n\t\t<\/div>\n\t\t\t\t\t<\/div>\n\t\t<\/section>\n\t\t\t\t<\/div>\n\t\t","protected":false},"excerpt":{"rendered":"<p>Avis de non-responsabilit\u00e9 Dutchmicrodosing Le site web et les produits de Dutchmicrodosing sont destin\u00e9s aux personnes \u00e2g\u00e9es de 18 ans et plus. Dutchmicrodosing rappelle que les personnes \u00e2g\u00e9es de moins de 18 ans ne doivent pas passer de commande. Dutchmicrodosing n&rsquo;accepte aucune responsabilit\u00e9 pour les cons\u00e9quences d&rsquo;une commande pass\u00e9e par une personne de moins de [&hellip;]<\/p>\n","protected":false},"author":10,"featured_media":0,"parent":0,"menu_order":0,"comment_status":"closed","ping_status":"closed","template":"","meta":{"footnotes":""},"class_list":["post-4840","page","type-page","status-publish","hentry"],"yoast_head":"<!-- This site is optimized with the Yoast SEO Premium plugin v26.4 (Yoast SEO v27.2) - https:\/\/yoast.com\/product\/yoast-seo-premium-wordpress\/ -->\n<title>Avis de non-responsabilit\u00e9 - Dutchmicrodosing<\/title>\n<meta name=\"description\" content=\"Lisez notre clause l\u00e9gale sur l&#039;usage responsable et les conditions de nos produits\" \/>\n<meta name=\"robots\" content=\"index, follow, max-snippet:-1, max-image-preview:large, max-video-preview:-1\" \/>\n<link rel=\"canonical\" href=\"https:\/\/dutchmicrodosing.com\/fr\/clause-de-non-responsabilite\/\" \/>\n<meta property=\"og:locale\" content=\"fr_FR\" \/>\n<meta property=\"og:type\" content=\"article\" \/>\n<meta property=\"og:title\" content=\"Avis de non-responsabilit\u00e9\" \/>\n<meta property=\"og:description\" content=\"Avis de non-responsabilit\u00e9 DutchmicrodosingLe site web et les produits de Dutchmicrodosing sont destin\u00e9s aux personnes \u00e2g\u00e9es de 18 ans et plus.\" \/>\n<meta property=\"og:url\" content=\"https:\/\/dutchmicrodosing.com\/fr\/clause-de-non-responsabilite\/\" \/>\n<meta property=\"og:site_name\" content=\"Dutchmicrodosing\" \/>\n<meta property=\"article:publisher\" content=\"https:\/\/www.facebook.com\/Dutchmicrodosingxp\/\" \/>\n<meta property=\"article:modified_time\" content=\"2025-10-20T20:29:39+00:00\" \/>\n<meta property=\"og:image\" content=\"https:\/\/dutchmicrodosing.com\/wp-content\/uploads\/2021\/01\/DM-Logo-2.jpg\" \/>\n\t<meta property=\"og:image:width\" content=\"425\" \/>\n\t<meta property=\"og:image:height\" content=\"232\" \/>\n\t<meta property=\"og:image:type\" content=\"image\/jpeg\" \/>\n<meta name=\"twitter:card\" content=\"summary_large_image\" \/>\n<script type=\"application\/ld+json\" class=\"yoast-schema-graph\">{\"@context\":\"https:\/\/schema.org\",\"@graph\":[{\"@type\":\"WebPage\",\"@id\":\"https:\/\/dutchmicrodosing.com\/fr\/clause-de-non-responsabilite\/\",\"url\":\"https:\/\/dutchmicrodosing.com\/fr\/clause-de-non-responsabilite\/\",\"name\":\"Avis de non-responsabilit\u00e9 - Dutchmicrodosing\",\"isPartOf\":{\"@id\":\"https:\/\/dutchmicrodosing.com\/fr\/#website\"},\"datePublished\":\"2021-05-04T18:51:58+00:00\",\"dateModified\":\"2025-10-20T20:29:39+00:00\",\"description\":\"Lisez notre clause l\u00e9gale sur l'usage responsable et les conditions de nos produits\",\"breadcrumb\":{\"@id\":\"https:\/\/dutchmicrodosing.com\/fr\/clause-de-non-responsabilite\/#breadcrumb\"},\"inLanguage\":\"fr-FR\",\"potentialAction\":[{\"@type\":\"ReadAction\",\"target\":[\"https:\/\/dutchmicrodosing.com\/fr\/clause-de-non-responsabilite\/\"]}]},{\"@type\":\"BreadcrumbList\",\"@id\":\"https:\/\/dutchmicrodosing.com\/fr\/clause-de-non-responsabilite\/#breadcrumb\",\"itemListElement\":[{\"@type\":\"ListItem\",\"position\":1,\"name\":\"Home\",\"item\":\"https:\/\/dutchmicrodosing.com\/fr\/\"},{\"@type\":\"ListItem\",\"position\":2,\"name\":\"Avis de non-responsabilit\u00e9\"}]},{\"@type\":\"WebSite\",\"@id\":\"https:\/\/dutchmicrodosing.com\/fr\/#website\",\"url\":\"https:\/\/dutchmicrodosing.com\/fr\/\",\"name\":\"Dutchmicrodosing\",\"description\":\"\",\"publisher\":{\"@id\":\"https:\/\/dutchmicrodosing.com\/fr\/#organization\"},\"potentialAction\":[{\"@type\":\"SearchAction\",\"target\":{\"@type\":\"EntryPoint\",\"urlTemplate\":\"https:\/\/dutchmicrodosing.com\/fr\/?s={search_term_string}\"},\"query-input\":{\"@type\":\"PropertyValueSpecification\",\"valueRequired\":true,\"valueName\":\"search_term_string\"}}],\"inLanguage\":\"fr-FR\"},{\"@type\":\"Organization\",\"@id\":\"https:\/\/dutchmicrodosing.com\/fr\/#organization\",\"name\":\"Dutchmicrodosing\",\"url\":\"https:\/\/dutchmicrodosing.com\/fr\/\",\"logo\":{\"@type\":\"ImageObject\",\"inLanguage\":\"fr-FR\",\"@id\":\"https:\/\/dutchmicrodosing.com\/fr\/#\/schema\/logo\/image\/\",\"url\":\"https:\/\/dutchmicrodosing.com\/wp-content\/uploads\/2021\/01\/microdosing-categorie-pic-nieuw.jpg\",\"contentUrl\":\"https:\/\/dutchmicrodosing.com\/wp-content\/uploads\/2021\/01\/microdosing-categorie-pic-nieuw.jpg\",\"width\":500,\"height\":500,\"caption\":\"Dutchmicrodosing\"},\"image\":{\"@id\":\"https:\/\/dutchmicrodosing.com\/fr\/#\/schema\/logo\/image\/\"},\"sameAs\":[\"https:\/\/www.facebook.com\/Dutchmicrodosingxp\/\",\"https:\/\/www.instagram.com\/dutchmicrodosing\/\"]}]}<\/script>\n<!-- \/ Yoast SEO Premium plugin. -->","yoast_head_json":{"title":"Avis de non-responsabilit\u00e9 - Dutchmicrodosing","description":"Lisez notre clause l\u00e9gale sur l'usage responsable et les conditions de nos produits","robots":{"index":"index","follow":"follow","max-snippet":"max-snippet:-1","max-image-preview":"max-image-preview:large","max-video-preview":"max-video-preview:-1"},"canonical":"https:\/\/dutchmicrodosing.com\/fr\/clause-de-non-responsabilite\/","og_locale":"fr_FR","og_type":"article","og_title":"Avis de non-responsabilit\u00e9","og_description":"Avis de non-responsabilit\u00e9 DutchmicrodosingLe site web et les produits de Dutchmicrodosing sont destin\u00e9s aux personnes \u00e2g\u00e9es de 18 ans et plus.","og_url":"https:\/\/dutchmicrodosing.com\/fr\/clause-de-non-responsabilite\/","og_site_name":"Dutchmicrodosing","article_publisher":"https:\/\/www.facebook.com\/Dutchmicrodosingxp\/","article_modified_time":"2025-10-20T20:29:39+00:00","og_image":[{"width":425,"height":232,"url":"https:\/\/dutchmicrodosing.com\/wp-content\/uploads\/2021\/01\/DM-Logo-2.jpg","type":"image\/jpeg"}],"twitter_card":"summary_large_image","schema":{"@context":"https:\/\/schema.org","@graph":[{"@type":"WebPage","@id":"https:\/\/dutchmicrodosing.com\/fr\/clause-de-non-responsabilite\/","url":"https:\/\/dutchmicrodosing.com\/fr\/clause-de-non-responsabilite\/","name":"Avis de non-responsabilit\u00e9 - Dutchmicrodosing","isPartOf":{"@id":"https:\/\/dutchmicrodosing.com\/fr\/#website"},"datePublished":"2021-05-04T18:51:58+00:00","dateModified":"2025-10-20T20:29:39+00:00","description":"Lisez notre clause l\u00e9gale sur l'usage responsable et les conditions de nos produits","breadcrumb":{"@id":"https:\/\/dutchmicrodosing.com\/fr\/clause-de-non-responsabilite\/#breadcrumb"},"inLanguage":"fr-FR","potentialAction":[{"@type":"ReadAction","target":["https:\/\/dutchmicrodosing.com\/fr\/clause-de-non-responsabilite\/"]}]},{"@type":"BreadcrumbList","@id":"https:\/\/dutchmicrodosing.com\/fr\/clause-de-non-responsabilite\/#breadcrumb","itemListElement":[{"@type":"ListItem","position":1,"name":"Home","item":"https:\/\/dutchmicrodosing.com\/fr\/"},{"@type":"ListItem","position":2,"name":"Avis de non-responsabilit\u00e9"}]},{"@type":"WebSite","@id":"https:\/\/dutchmicrodosing.com\/fr\/#website","url":"https:\/\/dutchmicrodosing.com\/fr\/","name":"Dutchmicrodosing","description":"","publisher":{"@id":"https:\/\/dutchmicrodosing.com\/fr\/#organization"},"potentialAction":[{"@type":"SearchAction","target":{"@type":"EntryPoint","urlTemplate":"https:\/\/dutchmicrodosing.com\/fr\/?s={search_term_string}"},"query-input":{"@type":"PropertyValueSpecification","valueRequired":true,"valueName":"search_term_string"}}],"inLanguage":"fr-FR"},{"@type":"Organization","@id":"https:\/\/dutchmicrodosing.com\/fr\/#organization","name":"Dutchmicrodosing","url":"https:\/\/dutchmicrodosing.com\/fr\/","logo":{"@type":"ImageObject","inLanguage":"fr-FR","@id":"https:\/\/dutchmicrodosing.com\/fr\/#\/schema\/logo\/image\/","url":"https:\/\/dutchmicrodosing.com\/wp-content\/uploads\/2021\/01\/microdosing-categorie-pic-nieuw.jpg","contentUrl":"https:\/\/dutchmicrodosing.com\/wp-content\/uploads\/2021\/01\/microdosing-categorie-pic-nieuw.jpg","width":500,"height":500,"caption":"Dutchmicrodosing"},"image":{"@id":"https:\/\/dutchmicrodosing.com\/fr\/#\/schema\/logo\/image\/"},"sameAs":["https:\/\/www.facebook.com\/Dutchmicrodosingxp\/","https:\/\/www.instagram.com\/dutchmicrodosing\/"]}]}},"_links":{"self":[{"href":"https:\/\/dutchmicrodosing.com\/fr\/wp-json\/wp\/v2\/pages\/4840","targetHints":{"allow":["GET"]}}],"collection":[{"href":"https:\/\/dutchmicrodosing.com\/fr\/wp-json\/wp\/v2\/pages"}],"about":[{"href":"https:\/\/dutchmicrodosing.com\/fr\/wp-json\/wp\/v2\/types\/page"}],"author":[{"embeddable":true,"href":"https:\/\/dutchmicrodosing.com\/fr\/wp-json\/wp\/v2\/users\/10"}],"replies":[{"embeddable":true,"href":"https:\/\/dutchmicrodosing.com\/fr\/wp-json\/wp\/v2\/comments?post=4840"}],"version-history":[{"count":0,"href":"https:\/\/dutchmicrodosing.com\/fr\/wp-json\/wp\/v2\/pages\/4840\/revisions"}],"wp:attachment":[{"href":"https:\/\/dutchmicrodosing.com\/fr\/wp-json\/wp\/v2\/media?parent=4840"}],"curies":[{"name":"wp","href":"https:\/\/api.w.org\/{rel}","templated":true}]}}