{"id":4846,"date":"2021-05-04T18:52:14","date_gmt":"2021-05-04T18:52:14","guid":{"rendered":"https:\/\/dutchmicrodosing.com\/personnalite\/"},"modified":"2025-10-20T22:29:36","modified_gmt":"2025-10-20T20:29:36","slug":"personnalite","status":"publish","type":"page","link":"https:\/\/dutchmicrodosing.com\/fr\/personnalite\/","title":{"rendered":"Personnalit\u00e9"},"content":{"rendered":"\t\t<div data-elementor-type=\"wp-page\" data-elementor-id=\"4846\" class=\"elementor elementor-4846 elementor-376\" data-elementor-post-type=\"page\">\n\t\t\t\t\t\t<section class=\"elementor-section elementor-top-section elementor-element elementor-element-b585f78 elementor-section-boxed elementor-section-height-default elementor-section-height-default\" data-id=\"b585f78\" data-element_type=\"section\" data-e-type=\"section\">\n\t\t\t\t\t\t<div class=\"elementor-container elementor-column-gap-default\">\n\t\t\t\t\t<div class=\"elementor-column elementor-col-100 elementor-top-column elementor-element elementor-element-18463c0\" data-id=\"18463c0\" data-element_type=\"column\" data-e-type=\"column\">\n\t\t\t<div class=\"elementor-widget-wrap elementor-element-populated\">\n\t\t\t\t\t\t<div class=\"elementor-element elementor-element-33941b3 elementor--h-position-center elementor--v-position-middle elementor-arrows-position-inside elementor-pagination-position-inside elementor-widget elementor-widget-slides\" data-id=\"33941b3\" data-element_type=\"widget\" data-e-type=\"widget\" data-settings=\"{&quot;navigation&quot;:&quot;both&quot;,&quot;autoplay&quot;:&quot;yes&quot;,&quot;pause_on_hover&quot;:&quot;yes&quot;,&quot;pause_on_interaction&quot;:&quot;yes&quot;,&quot;autoplay_speed&quot;:5000,&quot;infinite&quot;:&quot;yes&quot;,&quot;transition&quot;:&quot;slide&quot;,&quot;transition_speed&quot;:500}\" data-widget_type=\"slides.default\">\n\t\t\t\t<div class=\"elementor-widget-container\">\n\t\t\t\t\t\t\t\t\t<div class=\"elementor-swiper\">\n\t\t\t\t\t<div class=\"elementor-slides-wrapper elementor-main-swiper swiper\" role=\"region\" aria-roledescription=\"carousel\" aria-label=\"Slides\" dir=\"ltr\" data-animation=\"fadeInUp\">\n\t\t\t\t<div class=\"swiper-wrapper elementor-slides\">\n\t\t\t\t\t\t\t\t\t\t<div class=\"elementor-repeater-item-b9603bc swiper-slide\" role=\"group\" aria-roledescription=\"slide\"><div class=\"swiper-slide-bg\" role=\"img\" aria-label=\"Tired woman with headache working with a laptop\"><\/div><div class=\"swiper-slide-inner\" ><div class=\"swiper-slide-contents\"><\/div><\/div><\/div>\t\t\t\t<\/div>\n\t\t\t\t\t\t\t<\/div>\n\t\t\t\t<\/div>\n\t\t\t\t\t\t\t\t<\/div>\n\t\t\t\t<\/div>\n\t\t\t\t\t<\/div>\n\t\t<\/div>\n\t\t\t\t\t<\/div>\n\t\t<\/section>\n\t\t\t\t<section class=\"elementor-section elementor-top-section elementor-element elementor-element-d100629 elementor-section-boxed elementor-section-height-default elementor-section-height-default\" data-id=\"d100629\" data-element_type=\"section\" data-e-type=\"section\">\n\t\t\t\t\t\t<div class=\"elementor-container elementor-column-gap-default\">\n\t\t\t\t\t<div class=\"elementor-column elementor-col-100 elementor-top-column elementor-element elementor-element-26eb0fb\" data-id=\"26eb0fb\" data-element_type=\"column\" data-e-type=\"column\">\n\t\t\t<div class=\"elementor-widget-wrap elementor-element-populated\">\n\t\t\t\t\t\t<div class=\"elementor-element elementor-element-4150db6 elementor-widget elementor-widget-heading\" data-id=\"4150db6\" data-element_type=\"widget\" data-e-type=\"widget\" data-widget_type=\"heading.default\">\n\t\t\t\t<div class=\"elementor-widget-container\">\n\t\t\t\t\t<h1 class=\"elementor-heading-title elementor-size-default\">Microdosage et personnalit\u00e9 : des changements subtils pour une meilleure connaissance de soi<\/h1>\t\t\t\t<\/div>\n\t\t\t\t<\/div>\n\t\t\t\t\t<\/div>\n\t\t<\/div>\n\t\t\t\t\t<\/div>\n\t\t<\/section>\n\t\t\t\t<section class=\"elementor-section elementor-top-section elementor-element elementor-element-284ce49 elementor-section-boxed elementor-section-height-default elementor-section-height-default\" data-id=\"284ce49\" data-element_type=\"section\" data-e-type=\"section\">\n\t\t\t\t\t\t<div class=\"elementor-container elementor-column-gap-default\">\n\t\t\t\t\t<div class=\"elementor-column elementor-col-100 elementor-top-column elementor-element elementor-element-5299847\" data-id=\"5299847\" data-element_type=\"column\" data-e-type=\"column\">\n\t\t\t<div class=\"elementor-widget-wrap elementor-element-populated\">\n\t\t\t\t\t\t<div class=\"elementor-element elementor-element-68df442 elementor-widget elementor-widget-text-editor\" data-id=\"68df442\" data-element_type=\"widget\" data-e-type=\"widget\" data-widget_type=\"text-editor.default\">\n\t\t\t\t<div class=\"elementor-widget-container\">\n\t\t\t\t\t\t\t\t\t<p><span style=\"letter-spacing: 0.4px;\">Le microdosage peut affecter votre personnalit\u00e9 sans pour autant changer radicalement ou devenir une personne totalement diff\u00e9rente. Elle cr\u00e9e principalement des effets subtils dans la fa\u00e7on dont vous voyez la vie et dont vous r\u00e9agissez aux situations. Par exemple, vous pouvez ressentir plus d&rsquo;\u00e9nergie ou devenir un peu moins timide. Ces petits changements vous aident souvent \u00e0 vous sentir mieux dans votre peau et \u00e0 vous rapprocher de ce que vous \u00eates vraiment.<\/span><\/p><h2><span style=\"color: #061738; font-family: 'Barlow Condensed', sans-serif; font-size: 40px; letter-spacing: 0.4px; text-indent: 0cm; font-weight: bold; text-transform: capitalize;\">Plaintes mentales<\/span><\/h2><p>La prise de microdoses de drogues psych\u00e9d\u00e9liques vous donne la possibilit\u00e9 de traiter certains sympt\u00f4mes qui peuvent nuire \u00e0 votre <a href=\"https:\/\/dutchmicrodosing.com\/fr\/sante\/\">sant\u00e9<\/a> mentale. Celles-ci peuvent avoir un rapport avec votre personnalit\u00e9. Une personne timide peut souffrir d&rsquo;anxi\u00e9t\u00e9. Le microdosage peut \u00e9galement aider \u00e0 lutter contre la d\u00e9pression, le stress ou tout simplement le sentiment de ne pas pouvoir g\u00e9rer la vie correctement.<\/p><p>La recherche sur le microdosage ne se fait pas encore \u00e0 grande \u00e9chelle. Et les \u00e9tudes disponibles sont souvent ax\u00e9es sur des plaintes sp\u00e9cifiques (par exemple, la douleur ou la d\u00e9pression). On ne conna\u00eet pas encore l&rsquo;influence du microdosage sur la personnalit\u00e9. Il est clair que des doses normales de drogues psych\u00e9d\u00e9liques peuvent avoir un impact consid\u00e9rable sur ce point. Un trip au LSD ou \u00e0 la psilocybine peut donner lieu \u00e0 de fortes visualisations, \u00e0 des exp\u00e9riences quasi religieuses et \u00e0 des \u00e9motions intenses, ce qui peut entra\u00eener un changement de personnalit\u00e9 par la suite.<\/p><p>Une microdose ne provoque pas ce genre d&rsquo;exp\u00e9rience intense (et ce n&rsquo;est pas son but). Vous ne tr\u00e9bucherez pas et n&rsquo;aurez pas de perceptions perturbatrices du monde. Mais si une dose normale peut affecter la personnalit\u00e9, il n&rsquo;est pas surprenant de supposer qu&rsquo;une microdose affectera \u00e9galement les fonctions <a href=\"https:\/\/dutchmicrodosing.com\/fr\/fonctions-cognitives\/\">cognitives<\/a> d&rsquo;une mani\u00e8re ou d&rsquo;une autre.<\/p><p><img fetchpriority=\"high\" decoding=\"async\" class=\"alignnone\" src=\"https:\/\/dutchmicrodosing.com\/wp-content\/uploads\/2023\/08\/side-view-man-covering-his-eyes-with-his-hands-scaled.jpg\" alt=\"Personnalit\u00e9 du microdosage\" width=\"2560\" height=\"1440\"><\/p><h2 style=\"margin-left: 0cm; text-indent: 0cm; mso-list: l0 level2 lfo1;\">Les effets du microdosage<\/h2><p>Lorsqu&rsquo;on interroge les gens sur les effets du microdosage, ils indiquent qu&rsquo;ils remarquent principalement une am\u00e9lioration de leur humeur et de leur bien-\u00eatre. Ils sont plus cr\u00e9atifs et se sentent mieux dans leur peau. Ils se sentent plus connect\u00e9s \u00e0 la vie, sont plus ouverts d&rsquo;esprit et leur conscience spirituelle est plus grande. Vous pourriez voir cela comme des changements dans leur personnalit\u00e9.<\/p><p>Le <a href=\"https:\/\/dutchmicrodosing.com\/fr\/quest-ce-que-le-microdosage\/\">microdosage<\/a> convient donc \u00e0 tous ceux qui ont besoin d&rsquo;am\u00e9liorer leur vie. Parce que la plupart du temps, ce n&rsquo;est pas \u00e0 cause des circonstances, mais de la fa\u00e7on dont vous g\u00e9rez les \u00e9v\u00e9nements de votre vie. Si vous souffrez d&rsquo;une humeur maussade, si vous vous sentez stress\u00e9 ou malheureux, le microdosage peut transformer votre vision de la vie.<\/p><p>Le microdosage pourrait \u00e9galement aider \u00e0 briser les mauvaises habitudes. Souvent, vous choisissez une mauvaise habitude (manger trop, fumer, faire trop de shopping) parce que vous ne vous sentez pas bien dans votre peau. Tout seul, il est tr\u00e8s difficile d&rsquo;arr\u00eater. Le microdosage peut \u00eatre une aide. Il semble qu&rsquo;une quantit\u00e9 normale de psych\u00e9d\u00e9liques ait \u00e9galement cet effet, en stimulant une plus grande flexibilit\u00e9 ou <a href=\"https:\/\/dutchmicrodosing.com\/fr\/creativite\/\">cr\u00e9ativit\u00e9<\/a> dans la pens\u00e9e et le comportement. Il n&rsquo;est pas certain que l&rsquo;effet du microdosage soit le m\u00eame.<\/p><h2 style=\"margin-left: 0cm; text-indent: 0cm; mso-list: l0 level2 lfo1;\">Microdosage et personnalit\u00e9 : que disent les \u00e9tudes ?<\/h2><p>Un neuroscientifique travaillant sur l&rsquo;impact du microdosage sur le cerveau est David Olsen (Universit\u00e9 de Californie). Il a administr\u00e9 \u00e0 plusieurs reprises \u00e0 des rats une microdose de DMT (dim\u00e9thyltryptamine, la substance psych\u00e9d\u00e9lique contenue, par exemple, dans l&rsquo;Ayahuasca). Il semble avoir une influence positive sur les sympt\u00f4mes d\u00e9pressifs. Les rats ont \u00e9t\u00e9 plac\u00e9s dans un r\u00e9servoir d&rsquo;eau dont ils ne pouvaient pas s&rsquo;\u00e9chapper. Les rats qui avaient re\u00e7u du DMT continuaient \u00e0 essayer de trouver une sortie et \u00e0 nager. Les rats qui n&rsquo;ont pas \u00e9t\u00e9 trait\u00e9s ont abandonn\u00e9 et sont rest\u00e9s \u00e0 flot.<\/p><p>Olsen pense que l&rsquo;effet du DMT et d&rsquo;autres psych\u00e9d\u00e9liques sur les sympt\u00f4mes d\u00e9pressifs vient du fait qu&rsquo;ils stimulent la neuroplasticit\u00e9. Cela signifie donc que le cerveau devient plus flexible. En effet, ses \u00e9tudes montrent que les drogues psych\u00e9d\u00e9liques favorisent la formation de nouvelles connexions neuronales.<\/p><p><img decoding=\"async\" src=\"https:\/\/dutchmicrodosing.com\/wp-content\/uploads\/2023\/08\/ayahuasca-brew.jpg\" alt=\"\" width=\"1920\" height=\"1080\"><\/p><h2 style=\"margin-left: 0cm; text-indent: 0cm; mso-list: l0 level3 lfo1;\">Microdosage pour l&rsquo;anxi\u00e9t\u00e9<\/h2><p>L&rsquo;utilisation de microdoses pour l&rsquo;<a href=\"https:\/\/doubleblindmag.com\/what-you-should-know-about-microdosing-for-anxiety\/\">anxi\u00e9t\u00e9<\/a> en est un exemple. L&rsquo;anxi\u00e9t\u00e9 est souvent mentionn\u00e9e comme un effet secondaire du microdosage. Ce serait bien si on pouvait faire des microdoses pour l&rsquo;anxi\u00e9t\u00e9. Les peurs ont un effet inhibiteur et peuvent vous limiter dans vos activit\u00e9s. Cependant, il semble que le microdosage ne soit pas toujours une bonne id\u00e9e en cas d&rsquo;anxi\u00e9t\u00e9.<\/p><p>James Fadiman a effectu\u00e9 de nombreuses recherches sur les exp\u00e9riences des microdosers. De nombreux utilisateurs prenaient du LSD pour traiter l&rsquo;anxi\u00e9t\u00e9. Mais il s&rsquo;est av\u00e9r\u00e9 que les utilisateurs qui prenaient des microdoses pr\u00e9cis\u00e9ment dans le but de r\u00e9duire leur anxi\u00e9t\u00e9 avaient le plus de probl\u00e8mes. Pour certaines personnes, leur anxi\u00e9t\u00e9 a m\u00eame augment\u00e9.<\/p><p>Une \u00e9tude a \u00e9t\u00e9 r\u00e9alis\u00e9e sur l&rsquo;influence de <a href=\"https:\/\/pubs.acs.org\/doi\/10.1021\/acschemneuro.8b00692\">microdoses de<\/a> DMT pour traiter l&rsquo;anxi\u00e9t\u00e9 et la d\u00e9pression. Lindsey Cameron, de l&rsquo;universit\u00e9 de Californie Davis, a publi\u00e9 les r\u00e9sultats de ses recherches en 2019. Encore une fois, cette \u00e9tude a \u00e9t\u00e9 r\u00e9alis\u00e9e sur des rats. Les rats ont \u00e9t\u00e9 plac\u00e9s dans des situations susceptibles de les rendre anxieux et d&rsquo;induire un comportement d\u00e9pressif. Ils ont re\u00e7u des microdoses de DMT pendant plusieurs mois. L&rsquo;\u00e9tude a r\u00e9v\u00e9l\u00e9 que le DMT r\u00e9duisait les comportements anxieux et d\u00e9pressifs lors d&rsquo;\u00e9v\u00e9nements g\u00e9n\u00e9rateurs de stress.<\/p>\t\t\t\t\t\t\t\t<\/div>\n\t\t\t\t<\/div>\n\t\t\t\t\t<\/div>\n\t\t<\/div>\n\t\t\t\t\t<\/div>\n\t\t<\/section>\n\t\t\t\t<\/div>\n\t\t","protected":false},"excerpt":{"rendered":"<p>Microdosage et personnalit\u00e9 : des changements subtils pour une meilleure connaissance de soi Le microdosage peut affecter votre personnalit\u00e9 sans pour autant changer radicalement ou devenir une personne totalement diff\u00e9rente. Elle cr\u00e9e principalement des effets subtils dans la fa\u00e7on dont vous voyez la vie et dont vous r\u00e9agissez aux situations. Par exemple, vous pouvez ressentir [&hellip;]<\/p>\n","protected":false},"author":10,"featured_media":0,"parent":0,"menu_order":0,"comment_status":"closed","ping_status":"closed","template":"","meta":{"footnotes":""},"class_list":["post-4846","page","type-page","status-publish","hentry"],"yoast_head":"<!-- This site is optimized with the Yoast SEO Premium plugin v26.4 (Yoast SEO v27.2) - https:\/\/yoast.com\/product\/yoast-seo-premium-wordpress\/ -->\n<title>DutchMicrodosing | Influence du microdosage sur la personnalit\u00e9<\/title>\n<meta name=\"description\" content=\"Microdosage de la personnalit\u00e9 : d\u00e9couvrez comment de petites doses de psych\u00e9d\u00e9liques peuvent affecter votre caract\u00e8re et votre d\u00e9veloppement personnel.\" \/>\n<meta name=\"robots\" content=\"index, follow, max-snippet:-1, max-image-preview:large, max-video-preview:-1\" \/>\n<link rel=\"canonical\" href=\"https:\/\/dutchmicrodosing.com\/fr\/personnalite\/\" \/>\n<meta property=\"og:locale\" content=\"fr_FR\" \/>\n<meta property=\"og:type\" content=\"article\" \/>\n<meta property=\"og:title\" content=\"Personnalit\u00e9\" \/>\n<meta property=\"og:description\" content=\"Microdosage et personnalit\u00e9 : des changements subtils pour une meilleure connaissance de soi Le microdosage peut affecter votre personnalit\u00e9 sans pour\" \/>\n<meta property=\"og:url\" content=\"https:\/\/dutchmicrodosing.com\/fr\/personnalite\/\" \/>\n<meta property=\"og:site_name\" content=\"Dutchmicrodosing\" \/>\n<meta property=\"article:publisher\" content=\"https:\/\/www.facebook.com\/Dutchmicrodosingxp\/\" \/>\n<meta property=\"article:modified_time\" content=\"2025-10-20T20:29:36+00:00\" \/>\n<meta property=\"og:image\" content=\"https:\/\/dutchmicrodosing.com\/wp-content\/uploads\/2023\/08\/side-view-man-covering-his-eyes-with-his-hands-scaled.jpg\" \/>\n<meta name=\"twitter:card\" content=\"summary_large_image\" \/>\n<script type=\"application\/ld+json\" class=\"yoast-schema-graph\">{\"@context\":\"https:\/\/schema.org\",\"@graph\":[{\"@type\":\"WebPage\",\"@id\":\"https:\/\/dutchmicrodosing.com\/fr\/personnalite\/\",\"url\":\"https:\/\/dutchmicrodosing.com\/fr\/personnalite\/\",\"name\":\"DutchMicrodosing | Influence du microdosage sur la personnalit\u00e9\",\"isPartOf\":{\"@id\":\"https:\/\/dutchmicrodosing.com\/fr\/#website\"},\"primaryImageOfPage\":{\"@id\":\"https:\/\/dutchmicrodosing.com\/fr\/personnalite\/#primaryimage\"},\"image\":{\"@id\":\"https:\/\/dutchmicrodosing.com\/fr\/personnalite\/#primaryimage\"},\"thumbnailUrl\":\"https:\/\/dutchmicrodosing.com\/wp-content\/uploads\/2023\/08\/side-view-man-covering-his-eyes-with-his-hands-scaled.jpg\",\"datePublished\":\"2021-05-04T18:52:14+00:00\",\"dateModified\":\"2025-10-20T20:29:36+00:00\",\"description\":\"Microdosage de la personnalit\u00e9 : d\u00e9couvrez comment de petites doses de psych\u00e9d\u00e9liques peuvent affecter votre caract\u00e8re et votre d\u00e9veloppement personnel.\",\"breadcrumb\":{\"@id\":\"https:\/\/dutchmicrodosing.com\/fr\/personnalite\/#breadcrumb\"},\"inLanguage\":\"fr-FR\",\"potentialAction\":[{\"@type\":\"ReadAction\",\"target\":[\"https:\/\/dutchmicrodosing.com\/fr\/personnalite\/\"]}]},{\"@type\":\"ImageObject\",\"inLanguage\":\"fr-FR\",\"@id\":\"https:\/\/dutchmicrodosing.com\/fr\/personnalite\/#primaryimage\",\"url\":\"https:\/\/dutchmicrodosing.com\/wp-content\/uploads\/2023\/08\/side-view-man-covering-his-eyes-with-his-hands-scaled.jpg\",\"contentUrl\":\"https:\/\/dutchmicrodosing.com\/wp-content\/uploads\/2023\/08\/side-view-man-covering-his-eyes-with-his-hands-scaled.jpg\"},{\"@type\":\"BreadcrumbList\",\"@id\":\"https:\/\/dutchmicrodosing.com\/fr\/personnalite\/#breadcrumb\",\"itemListElement\":[{\"@type\":\"ListItem\",\"position\":1,\"name\":\"Home\",\"item\":\"https:\/\/dutchmicrodosing.com\/fr\/\"},{\"@type\":\"ListItem\",\"position\":2,\"name\":\"Personnalit\u00e9\"}]},{\"@type\":\"WebSite\",\"@id\":\"https:\/\/dutchmicrodosing.com\/fr\/#website\",\"url\":\"https:\/\/dutchmicrodosing.com\/fr\/\",\"name\":\"Dutchmicrodosing\",\"description\":\"\",\"publisher\":{\"@id\":\"https:\/\/dutchmicrodosing.com\/fr\/#organization\"},\"potentialAction\":[{\"@type\":\"SearchAction\",\"target\":{\"@type\":\"EntryPoint\",\"urlTemplate\":\"https:\/\/dutchmicrodosing.com\/fr\/?s={search_term_string}\"},\"query-input\":{\"@type\":\"PropertyValueSpecification\",\"valueRequired\":true,\"valueName\":\"search_term_string\"}}],\"inLanguage\":\"fr-FR\"},{\"@type\":\"Organization\",\"@id\":\"https:\/\/dutchmicrodosing.com\/fr\/#organization\",\"name\":\"Dutchmicrodosing\",\"url\":\"https:\/\/dutchmicrodosing.com\/fr\/\",\"logo\":{\"@type\":\"ImageObject\",\"inLanguage\":\"fr-FR\",\"@id\":\"https:\/\/dutchmicrodosing.com\/fr\/#\/schema\/logo\/image\/\",\"url\":\"https:\/\/dutchmicrodosing.com\/wp-content\/uploads\/2021\/01\/microdosing-categorie-pic-nieuw.jpg\",\"contentUrl\":\"https:\/\/dutchmicrodosing.com\/wp-content\/uploads\/2021\/01\/microdosing-categorie-pic-nieuw.jpg\",\"width\":500,\"height\":500,\"caption\":\"Dutchmicrodosing\"},\"image\":{\"@id\":\"https:\/\/dutchmicrodosing.com\/fr\/#\/schema\/logo\/image\/\"},\"sameAs\":[\"https:\/\/www.facebook.com\/Dutchmicrodosingxp\/\",\"https:\/\/www.instagram.com\/dutchmicrodosing\/\"]}]}<\/script>\n<!-- \/ Yoast SEO Premium plugin. -->","yoast_head_json":{"title":"DutchMicrodosing | Influence du microdosage sur la personnalit\u00e9","description":"Microdosage de la personnalit\u00e9 : d\u00e9couvrez comment de petites doses de psych\u00e9d\u00e9liques peuvent affecter votre caract\u00e8re et votre d\u00e9veloppement personnel.","robots":{"index":"index","follow":"follow","max-snippet":"max-snippet:-1","max-image-preview":"max-image-preview:large","max-video-preview":"max-video-preview:-1"},"canonical":"https:\/\/dutchmicrodosing.com\/fr\/personnalite\/","og_locale":"fr_FR","og_type":"article","og_title":"Personnalit\u00e9","og_description":"Microdosage et personnalit\u00e9 : des changements subtils pour une meilleure connaissance de soi Le microdosage peut affecter votre personnalit\u00e9 sans pour","og_url":"https:\/\/dutchmicrodosing.com\/fr\/personnalite\/","og_site_name":"Dutchmicrodosing","article_publisher":"https:\/\/www.facebook.com\/Dutchmicrodosingxp\/","article_modified_time":"2025-10-20T20:29:36+00:00","og_image":[{"url":"https:\/\/dutchmicrodosing.com\/wp-content\/uploads\/2023\/08\/side-view-man-covering-his-eyes-with-his-hands-scaled.jpg","type":"","width":"","height":""}],"twitter_card":"summary_large_image","schema":{"@context":"https:\/\/schema.org","@graph":[{"@type":"WebPage","@id":"https:\/\/dutchmicrodosing.com\/fr\/personnalite\/","url":"https:\/\/dutchmicrodosing.com\/fr\/personnalite\/","name":"DutchMicrodosing | Influence du microdosage sur la personnalit\u00e9","isPartOf":{"@id":"https:\/\/dutchmicrodosing.com\/fr\/#website"},"primaryImageOfPage":{"@id":"https:\/\/dutchmicrodosing.com\/fr\/personnalite\/#primaryimage"},"image":{"@id":"https:\/\/dutchmicrodosing.com\/fr\/personnalite\/#primaryimage"},"thumbnailUrl":"https:\/\/dutchmicrodosing.com\/wp-content\/uploads\/2023\/08\/side-view-man-covering-his-eyes-with-his-hands-scaled.jpg","datePublished":"2021-05-04T18:52:14+00:00","dateModified":"2025-10-20T20:29:36+00:00","description":"Microdosage de la personnalit\u00e9 : d\u00e9couvrez comment de petites doses de psych\u00e9d\u00e9liques peuvent affecter votre caract\u00e8re et votre d\u00e9veloppement personnel.","breadcrumb":{"@id":"https:\/\/dutchmicrodosing.com\/fr\/personnalite\/#breadcrumb"},"inLanguage":"fr-FR","potentialAction":[{"@type":"ReadAction","target":["https:\/\/dutchmicrodosing.com\/fr\/personnalite\/"]}]},{"@type":"ImageObject","inLanguage":"fr-FR","@id":"https:\/\/dutchmicrodosing.com\/fr\/personnalite\/#primaryimage","url":"https:\/\/dutchmicrodosing.com\/wp-content\/uploads\/2023\/08\/side-view-man-covering-his-eyes-with-his-hands-scaled.jpg","contentUrl":"https:\/\/dutchmicrodosing.com\/wp-content\/uploads\/2023\/08\/side-view-man-covering-his-eyes-with-his-hands-scaled.jpg"},{"@type":"BreadcrumbList","@id":"https:\/\/dutchmicrodosing.com\/fr\/personnalite\/#breadcrumb","itemListElement":[{"@type":"ListItem","position":1,"name":"Home","item":"https:\/\/dutchmicrodosing.com\/fr\/"},{"@type":"ListItem","position":2,"name":"Personnalit\u00e9"}]},{"@type":"WebSite","@id":"https:\/\/dutchmicrodosing.com\/fr\/#website","url":"https:\/\/dutchmicrodosing.com\/fr\/","name":"Dutchmicrodosing","description":"","publisher":{"@id":"https:\/\/dutchmicrodosing.com\/fr\/#organization"},"potentialAction":[{"@type":"SearchAction","target":{"@type":"EntryPoint","urlTemplate":"https:\/\/dutchmicrodosing.com\/fr\/?s={search_term_string}"},"query-input":{"@type":"PropertyValueSpecification","valueRequired":true,"valueName":"search_term_string"}}],"inLanguage":"fr-FR"},{"@type":"Organization","@id":"https:\/\/dutchmicrodosing.com\/fr\/#organization","name":"Dutchmicrodosing","url":"https:\/\/dutchmicrodosing.com\/fr\/","logo":{"@type":"ImageObject","inLanguage":"fr-FR","@id":"https:\/\/dutchmicrodosing.com\/fr\/#\/schema\/logo\/image\/","url":"https:\/\/dutchmicrodosing.com\/wp-content\/uploads\/2021\/01\/microdosing-categorie-pic-nieuw.jpg","contentUrl":"https:\/\/dutchmicrodosing.com\/wp-content\/uploads\/2021\/01\/microdosing-categorie-pic-nieuw.jpg","width":500,"height":500,"caption":"Dutchmicrodosing"},"image":{"@id":"https:\/\/dutchmicrodosing.com\/fr\/#\/schema\/logo\/image\/"},"sameAs":["https:\/\/www.facebook.com\/Dutchmicrodosingxp\/","https:\/\/www.instagram.com\/dutchmicrodosing\/"]}]}},"_links":{"self":[{"href":"https:\/\/dutchmicrodosing.com\/fr\/wp-json\/wp\/v2\/pages\/4846","targetHints":{"allow":["GET"]}}],"collection":[{"href":"https:\/\/dutchmicrodosing.com\/fr\/wp-json\/wp\/v2\/pages"}],"about":[{"href":"https:\/\/dutchmicrodosing.com\/fr\/wp-json\/wp\/v2\/types\/page"}],"author":[{"embeddable":true,"href":"https:\/\/dutchmicrodosing.com\/fr\/wp-json\/wp\/v2\/users\/10"}],"replies":[{"embeddable":true,"href":"https:\/\/dutchmicrodosing.com\/fr\/wp-json\/wp\/v2\/comments?post=4846"}],"version-history":[{"count":0,"href":"https:\/\/dutchmicrodosing.com\/fr\/wp-json\/wp\/v2\/pages\/4846\/revisions"}],"wp:attachment":[{"href":"https:\/\/dutchmicrodosing.com\/fr\/wp-json\/wp\/v2\/media?parent=4846"}],"curies":[{"name":"wp","href":"https:\/\/api.w.org\/{rel}","templated":true}]}}