{"id":4856,"date":"2021-05-04T18:52:31","date_gmt":"2021-05-04T18:52:31","guid":{"rendered":"https:\/\/dutchmicrodosing.com\/sante\/"},"modified":"2025-10-20T22:29:36","modified_gmt":"2025-10-20T20:29:36","slug":"sante","status":"publish","type":"page","link":"https:\/\/dutchmicrodosing.com\/fr\/sante\/","title":{"rendered":"Sant\u00e9"},"content":{"rendered":"\t\t<div data-elementor-type=\"wp-page\" data-elementor-id=\"4856\" class=\"elementor elementor-4856 elementor-373\" data-elementor-post-type=\"page\">\n\t\t\t\t\t\t<section class=\"elementor-section elementor-top-section elementor-element elementor-element-2a60fa8 elementor-section-boxed elementor-section-height-default elementor-section-height-default\" data-id=\"2a60fa8\" data-element_type=\"section\" data-e-type=\"section\">\n\t\t\t\t\t\t<div class=\"elementor-container elementor-column-gap-default\">\n\t\t\t\t\t<div class=\"elementor-column elementor-col-100 elementor-top-column elementor-element elementor-element-4d47990\" data-id=\"4d47990\" data-element_type=\"column\" data-e-type=\"column\">\n\t\t\t<div class=\"elementor-widget-wrap elementor-element-populated\">\n\t\t\t\t\t\t<div class=\"elementor-element elementor-element-b63197a elementor--h-position-center elementor--v-position-middle elementor-arrows-position-inside elementor-pagination-position-inside elementor-widget elementor-widget-slides\" data-id=\"b63197a\" data-element_type=\"widget\" data-e-type=\"widget\" data-settings=\"{&quot;navigation&quot;:&quot;both&quot;,&quot;autoplay&quot;:&quot;yes&quot;,&quot;pause_on_hover&quot;:&quot;yes&quot;,&quot;pause_on_interaction&quot;:&quot;yes&quot;,&quot;autoplay_speed&quot;:5000,&quot;infinite&quot;:&quot;yes&quot;,&quot;transition&quot;:&quot;slide&quot;,&quot;transition_speed&quot;:500}\" data-widget_type=\"slides.default\">\n\t\t\t\t<div class=\"elementor-widget-container\">\n\t\t\t\t\t\t\t\t\t<div class=\"elementor-swiper\">\n\t\t\t\t\t<div class=\"elementor-slides-wrapper elementor-main-swiper swiper\" role=\"region\" aria-roledescription=\"carousel\" aria-label=\"Slides\" dir=\"ltr\" data-animation=\"fadeInUp\">\n\t\t\t\t<div class=\"swiper-wrapper elementor-slides\">\n\t\t\t\t\t\t\t\t\t\t<div class=\"elementor-repeater-item-f0113e1 swiper-slide\" role=\"group\" aria-roledescription=\"slide\"><div class=\"swiper-slide-bg\" role=\"img\" aria-label=\"nature. sunset in the woods\"><\/div><div class=\"swiper-slide-inner\" ><div class=\"swiper-slide-contents\"><\/div><\/div><\/div>\t\t\t\t<\/div>\n\t\t\t\t\t\t\t<\/div>\n\t\t\t\t<\/div>\n\t\t\t\t\t\t\t\t<\/div>\n\t\t\t\t<\/div>\n\t\t\t\t\t<\/div>\n\t\t<\/div>\n\t\t\t\t\t<\/div>\n\t\t<\/section>\n\t\t\t\t<section class=\"elementor-section elementor-top-section elementor-element elementor-element-4714d75 elementor-section-boxed elementor-section-height-default elementor-section-height-default\" data-id=\"4714d75\" data-element_type=\"section\" data-e-type=\"section\">\n\t\t\t\t\t\t<div class=\"elementor-container elementor-column-gap-default\">\n\t\t\t\t\t<div class=\"elementor-column elementor-col-100 elementor-top-column elementor-element elementor-element-9598663\" data-id=\"9598663\" data-element_type=\"column\" data-e-type=\"column\">\n\t\t\t<div class=\"elementor-widget-wrap elementor-element-populated\">\n\t\t\t\t\t\t<div class=\"elementor-element elementor-element-e714dc6 elementor-widget elementor-widget-heading\" data-id=\"e714dc6\" data-element_type=\"widget\" data-e-type=\"widget\" data-widget_type=\"heading.default\">\n\t\t\t\t<div class=\"elementor-widget-container\">\n\t\t\t\t\t<h1 class=\"elementor-heading-title elementor-size-default\">Quel est le lien entre le microdosage et la sant\u00e9 ?<\/h1>\t\t\t\t<\/div>\n\t\t\t\t<\/div>\n\t\t\t\t\t<\/div>\n\t\t<\/div>\n\t\t\t\t\t<\/div>\n\t\t<\/section>\n\t\t\t\t<section class=\"elementor-section elementor-top-section elementor-element elementor-element-b3cf1b8 elementor-section-boxed elementor-section-height-default elementor-section-height-default\" data-id=\"b3cf1b8\" data-element_type=\"section\" data-e-type=\"section\">\n\t\t\t\t\t\t<div class=\"elementor-container elementor-column-gap-default\">\n\t\t\t\t\t<div class=\"elementor-column elementor-col-100 elementor-top-column elementor-element elementor-element-4c6f783\" data-id=\"4c6f783\" data-element_type=\"column\" data-e-type=\"column\">\n\t\t\t<div class=\"elementor-widget-wrap elementor-element-populated\">\n\t\t\t\t\t\t<div class=\"elementor-element elementor-element-c6f6e27 elementor-widget elementor-widget-text-editor\" data-id=\"c6f6e27\" data-element_type=\"widget\" data-e-type=\"widget\" data-widget_type=\"text-editor.default\">\n\t\t\t\t<div class=\"elementor-widget-container\">\n\t\t\t\t\t\t\t\t\t<p>De plus en plus de personnes se demandent si le microdosage peut avoir une influence sur la sant\u00e9 et soulager certains sympt\u00f4mes. Le microdosage consiste \u00e0 prendre une tr\u00e8s petite quantit\u00e9 d&rsquo;une substance psych\u00e9d\u00e9lique. Vous constatez des effets b\u00e9n\u00e9fiques subtils, mais vous ne ressentez pas d&rsquo;effets hallucinog\u00e8nes. La recherche montre que le microdosage peut avoir un effet positif sur la sant\u00e9, par exemple en cas de migraines, de d\u00e9pressions et de stress.<\/p><h2 style=\"margin-left: 0cm; text-indent: 0cm; mso-list: l0 level2 lfo1;\">Microdosage du cannabis pour la douleur<\/h2><p>Le THC est le composant de l&rsquo;herbe qui vous fait planer. Cependant, si vous en prenez des microdoses, cela pourrait soulager les douleurs chroniques. La soci\u00e9t\u00e9 isra\u00e9lienne Seqe Medical a men\u00e9 des <a href=\"https:\/\/onlinelibrary.wiley.com\/doi\/10.1002\/ejp.1605\">recherches<\/a> \u00e0 ce sujet. Les participants ont inhal\u00e9 des microdoses de THC mesur\u00e9es tr\u00e8s pr\u00e9cis\u00e9ment. Il semble que ces petites doses (500 microgrammes de THC ont \u00e9t\u00e9 inhal\u00e9s) puissent soulager de mani\u00e8re significative les douleurs chroniques. La r\u00e9duction de la douleur a \u00e9t\u00e9 mesur\u00e9e par des chiffres et la r\u00e9duction a persist\u00e9 pendant au moins 150 minutes. Les participants n&rsquo;ont pas ressenti d&rsquo;impact n\u00e9gatif sur leurs <a href=\"https:\/\/dutchmicrodosing.com\/fr\/fonctions-cognitives\/\">capacit\u00e9s cognitives<\/a>. L&rsquo;\u00e9tude a \u00e9t\u00e9 r\u00e9alis\u00e9e en double aveugle avec un placebo.<\/p><h2 style=\"margin-left: 0cm; text-indent: 0cm; mso-list: l0 level2 lfo1;\">Les avantages en cas de stress<\/h2><p><img fetchpriority=\"high\" decoding=\"async\" class=\"alignnone\" src=\"https:\/\/dutchmicrodosing.com\/wp-content\/uploads\/2023\/08\/frustrated-young-woman-having-terrible-headache-keeping-hands-head-frowning-her-face-with-pain-looking-unhappy-stressful-female-student-despair-having-stressful-situation-university-scaled.jpg\" alt=\"Microdosage et sant\u00e9\" width=\"2560\" height=\"1707\"><\/p><p><span style=\"letter-spacing: 0.4px;\" data-start=\"195\" data-end=\"261\">Le stress peut avoir des cons\u00e9quences importantes sur le corps et l&rsquo;esprit.<\/span><span style=\"letter-spacing: 0.4px;\">  De nombreuses personnes souffrant de stress sont anxieuses, se font beaucoup de soucis et pr\u00e9sentent des sympt\u00f4mes tels que l&rsquo;hypertension, l&rsquo;insomnie et les maux de t\u00eate. Le microdosage est de plus en plus souvent mentionn\u00e9 comme une solution possible \u00e0 ce type de plaintes. Dans le contexte du microdosage et de la sant\u00e9, nous constatons qu&rsquo;il peut aider les gens \u00e0 mieux se concentrer, \u00e0 ressentir moins de tension et \u00e0 mieux vivre l&rsquo;instant pr\u00e9sent. Gr\u00e2ce \u00e0 ses propri\u00e9t\u00e9s analg\u00e9siques, il peut \u00e9galement soulager les maux de t\u00eate. De nombreux utilisateurs indiquent qu&rsquo;ils se sentent davantage dans le \u00ab\u00a0moment pr\u00e9sent\u00a0\u00bb et qu&rsquo;ils sont moins pr\u00e9occup\u00e9s par le pass\u00e9 ou l&rsquo;avenir. Cela contribue \u00e0 un meilleur bien-\u00eatre g\u00e9n\u00e9ral.<\/span><\/p><p><span style=\"color: #061738; font-family: 'Barlow Condensed', sans-serif; font-size: 35px; font-weight: bold; letter-spacing: 0.5px; text-indent: 0cm; text-transform: capitalize;\">D\u00e9pression<\/span><\/p><p><img decoding=\"async\" class=\"alignnone\" src=\"https:\/\/dutchmicrodosing.com\/wp-content\/uploads\/2023\/08\/face-expressions-illustrations-emotions-feelings-1-scaled.jpg\" alt=\"Microdosage et d\u00e9pression de sant\u00e9\" width=\"2560\" height=\"1709\"><\/p><p>Il existe de plus en plus de preuves que les champignons magiques peuvent aider \u00e0 lutter contre la d\u00e9pression grave. Il n&rsquo;y a pas encore beaucoup de recherches scientifiques sur ce sujet. Mais, par exemple, Erica Avey, interview\u00e9e par le <a href=\"https:\/\/www.theguardian.com\/science\/2018\/sep\/01\/it-lifted-me-out-of-depression-is-microdosing-good-for-your-mind\">Guardian<\/a> en 2018, raconte comment elle a pris des microdoses de LSD. Elle souffrait d&rsquo;une d\u00e9pression assez s\u00e9v\u00e8re. En prenant 1\/6 d&rsquo;une dose normale de LSD tous les trois jours, elle a pu continuer \u00e0 fonctionner et sa <a href=\"https:\/\/dutchmicrodosing.com\/fr\/creativite\/\">cr\u00e9ativit\u00e9<\/a> a augment\u00e9.<\/p><p>D&rsquo;autres utilisent \u00e9galement le microdosage pour la d\u00e9pression. Ayelet Waldman a \u00e9crit un livre \u00e0 ce sujet (A Really Good Day : How Microdosing Made a Mega Difference in My Mood, My Marriage, and My Life). Elle avait essay\u00e9 les m\u00e9dicaments normaux, mais \u00e7a n&rsquo;a pas aid\u00e9. Des microdoses de LSD l&rsquo;ont lib\u00e9r\u00e9e d&rsquo;humeurs d\u00e9pressives insupportables.<\/p><p>James Fadiman a \u00e9galement recueilli les exp\u00e9riences des microdosers. Ses donn\u00e9es ont \u00e9t\u00e9 rassembl\u00e9es par deux chercheurs. Les microdosers semblent moins souffrir d&rsquo;\u00e9motions n\u00e9gatives et de comportements dysfonctionnels. L&rsquo;<a href=\"https:\/\/entheonation.com\/blog\/microdosing-psilocybin-mushrooms-treating-depression\/\">efficacit\u00e9<\/a> des psych\u00e9d\u00e9liques dans la d\u00e9pression pourrait provenir de leur influence unique sur le cerveau. Ces agents d\u00e9sactivent un r\u00e9seau de contr\u00f4le normalement responsable de l&rsquo;autor\u00e9flexion et de la conscience de soi. Il semble que ce r\u00e9seau soit hyperactif chez les personnes d\u00e9prim\u00e9es. Par cons\u00e9quent, cela peut conduire \u00e0 des pens\u00e9es n\u00e9gatives obsessionnelles. Donc, si le microdosage de psych\u00e9d\u00e9liques peut rendre ce r\u00e9seau moins actif, il peut vous aider \u00e0 vous lib\u00e9rer de ces pens\u00e9es n\u00e9gatives <a href=\"https:\/\/dutchmicrodosing.com\/fr\/personnalite\/\">personnelles<\/a>.<\/p><h2 style=\"margin-left: 0cm; text-indent: 0cm; mso-list: l0 level2 lfo1;\">Migraines et c\u00e9phal\u00e9es en grappe<\/h2><p><img decoding=\"async\" class=\"alignnone\" src=\"https:\/\/dutchmicrodosing.com\/wp-content\/uploads\/2023\/08\/having-headache-problem-scaled.jpg\" alt=\"Microdosage et maux de t\u00eate\" width=\"2560\" height=\"1707\"><\/p><p>Les migraines et les c\u00e9phal\u00e9es en grappe provoquent une douleur presque insupportable. Ils limitent dans une large mesure votre capacit\u00e9 \u00e0 fonctionner. En particulier dans le cas des maux de t\u00eate en grappe, les m\u00e9dicaments habituels peuvent ne pas fonctionner. Les personnes qui effectuent r\u00e9guli\u00e8rement des microdoses d\u00e9clarent en tirer profit. Cela est vrai pour les migraines et les c\u00e9phal\u00e9es en grappe.<\/p><p>La meilleure fa\u00e7on de traiter les maux de t\u00eate (normaux, migraines et c\u00e9phal\u00e9es en grappe) est la psilocybine (avec les champignons magiques et les truffes). C&rsquo;est parce qu&rsquo;il contient un alcalo\u00efde appel\u00e9 tryptamine. Cette substance active la production de s\u00e9rotonine dans le cerveau. \u00c0 son tour, la s\u00e9rotonine affecte le traitement des stimuli de la douleur. Mais le LSD et le DMT contiennent \u00e9galement de la tryptamine, vous pouvez donc \u00e9galement essayer ces psych\u00e9d\u00e9liques. L&rsquo;effet se manifeste g\u00e9n\u00e9ralement dans les 45 minutes.<\/p><p>Les utilisateurs rapportent que <a href=\"https:\/\/www.ncbi.nlm.nih.gov\/pmc\/articles\/PMC5584001\/\">la psilocybine<\/a> peut agir au moins aussi bien que les analg\u00e9siques habituels. Mais surtout pour les personnes qui souffrent de c\u00e9phal\u00e9es en grappe qui ne r\u00e9pondent pas aux analg\u00e9siques, la psilocybine peut \u00eatre une aubaine. Non seulement il r\u00e9duit la douleur, mais il peut aussi pr\u00e9venir les crises. En outre, le microdosage a g\u00e9n\u00e9ralement peu d&rsquo;effets secondaires<\/p>\t\t\t\t\t\t\t\t<\/div>\n\t\t\t\t<\/div>\n\t\t\t\t\t<\/div>\n\t\t<\/div>\n\t\t\t\t\t<\/div>\n\t\t<\/section>\n\t\t\t\t<\/div>\n\t\t","protected":false},"excerpt":{"rendered":"<p>Quel est le lien entre le microdosage et la sant\u00e9 ? De plus en plus de personnes se demandent si le microdosage peut avoir une influence sur la sant\u00e9 et soulager certains sympt\u00f4mes. Le microdosage consiste \u00e0 prendre une tr\u00e8s petite quantit\u00e9 d&rsquo;une substance psych\u00e9d\u00e9lique. Vous constatez des effets b\u00e9n\u00e9fiques subtils, mais vous ne ressentez [&hellip;]<\/p>\n","protected":false},"author":10,"featured_media":0,"parent":0,"menu_order":0,"comment_status":"closed","ping_status":"closed","template":"","meta":{"footnotes":""},"class_list":["post-4856","page","type-page","status-publish","hentry"],"yoast_head":"<!-- This site is optimized with the Yoast SEO Premium plugin v26.4 (Yoast SEO v27.2) - https:\/\/yoast.com\/product\/yoast-seo-premium-wordpress\/ -->\n<title>DutchMicrodosing | Microdosage et sant\u00e9<\/title>\n<meta name=\"description\" content=\"Microdosage et sant\u00e9 : d\u00e9couvrez comment le microdosage peut contribuer \u00e0 l&#039;\u00e9quilibre mental, \u00e0 la r\u00e9duction du stress et au bien-\u00eatre g\u00e9n\u00e9ral.\" \/>\n<meta name=\"robots\" content=\"index, follow, max-snippet:-1, max-image-preview:large, max-video-preview:-1\" \/>\n<link rel=\"canonical\" href=\"https:\/\/dutchmicrodosing.com\/fr\/sante\/\" \/>\n<meta property=\"og:locale\" content=\"fr_FR\" \/>\n<meta property=\"og:type\" content=\"article\" \/>\n<meta property=\"og:title\" content=\"Sant\u00e9\" \/>\n<meta property=\"og:description\" content=\"Quel est le lien entre le microdosage et la sant\u00e9 ? De plus en plus de personnes se demandent si le microdosage peut avoir une influence sur la sant\u00e9 et\" \/>\n<meta property=\"og:url\" content=\"https:\/\/dutchmicrodosing.com\/fr\/sante\/\" \/>\n<meta property=\"og:site_name\" content=\"Dutchmicrodosing\" \/>\n<meta property=\"article:publisher\" content=\"https:\/\/www.facebook.com\/Dutchmicrodosingxp\/\" \/>\n<meta property=\"article:modified_time\" content=\"2025-10-20T20:29:36+00:00\" \/>\n<meta property=\"og:image\" content=\"https:\/\/dutchmicrodosing.com\/wp-content\/uploads\/2023\/08\/frustrated-young-woman-having-terrible-headache-keeping-hands-head-frowning-her-face-with-pain-looking-unhappy-stressful-female-student-despair-having-stressful-situation-university-scaled.jpg\" \/>\n<meta name=\"twitter:card\" content=\"summary_large_image\" \/>\n<script type=\"application\/ld+json\" class=\"yoast-schema-graph\">{\"@context\":\"https:\/\/schema.org\",\"@graph\":[{\"@type\":\"WebPage\",\"@id\":\"https:\/\/dutchmicrodosing.com\/fr\/sante\/\",\"url\":\"https:\/\/dutchmicrodosing.com\/fr\/sante\/\",\"name\":\"DutchMicrodosing | Microdosage et sant\u00e9\",\"isPartOf\":{\"@id\":\"https:\/\/dutchmicrodosing.com\/fr\/#website\"},\"primaryImageOfPage\":{\"@id\":\"https:\/\/dutchmicrodosing.com\/fr\/sante\/#primaryimage\"},\"image\":{\"@id\":\"https:\/\/dutchmicrodosing.com\/fr\/sante\/#primaryimage\"},\"thumbnailUrl\":\"https:\/\/dutchmicrodosing.com\/wp-content\/uploads\/2023\/08\/frustrated-young-woman-having-terrible-headache-keeping-hands-head-frowning-her-face-with-pain-looking-unhappy-stressful-female-student-despair-having-stressful-situation-university-scaled.jpg\",\"datePublished\":\"2021-05-04T18:52:31+00:00\",\"dateModified\":\"2025-10-20T20:29:36+00:00\",\"description\":\"Microdosage et sant\u00e9 : d\u00e9couvrez comment le microdosage peut contribuer \u00e0 l'\u00e9quilibre mental, \u00e0 la r\u00e9duction du stress et au bien-\u00eatre g\u00e9n\u00e9ral.\",\"breadcrumb\":{\"@id\":\"https:\/\/dutchmicrodosing.com\/fr\/sante\/#breadcrumb\"},\"inLanguage\":\"fr-FR\",\"potentialAction\":[{\"@type\":\"ReadAction\",\"target\":[\"https:\/\/dutchmicrodosing.com\/fr\/sante\/\"]}]},{\"@type\":\"ImageObject\",\"inLanguage\":\"fr-FR\",\"@id\":\"https:\/\/dutchmicrodosing.com\/fr\/sante\/#primaryimage\",\"url\":\"https:\/\/dutchmicrodosing.com\/wp-content\/uploads\/2023\/08\/frustrated-young-woman-having-terrible-headache-keeping-hands-head-frowning-her-face-with-pain-looking-unhappy-stressful-female-student-despair-having-stressful-situation-university-scaled.jpg\",\"contentUrl\":\"https:\/\/dutchmicrodosing.com\/wp-content\/uploads\/2023\/08\/frustrated-young-woman-having-terrible-headache-keeping-hands-head-frowning-her-face-with-pain-looking-unhappy-stressful-female-student-despair-having-stressful-situation-university-scaled.jpg\"},{\"@type\":\"BreadcrumbList\",\"@id\":\"https:\/\/dutchmicrodosing.com\/fr\/sante\/#breadcrumb\",\"itemListElement\":[{\"@type\":\"ListItem\",\"position\":1,\"name\":\"Home\",\"item\":\"https:\/\/dutchmicrodosing.com\/fr\/\"},{\"@type\":\"ListItem\",\"position\":2,\"name\":\"Sant\u00e9\"}]},{\"@type\":\"WebSite\",\"@id\":\"https:\/\/dutchmicrodosing.com\/fr\/#website\",\"url\":\"https:\/\/dutchmicrodosing.com\/fr\/\",\"name\":\"Dutchmicrodosing\",\"description\":\"\",\"publisher\":{\"@id\":\"https:\/\/dutchmicrodosing.com\/fr\/#organization\"},\"potentialAction\":[{\"@type\":\"SearchAction\",\"target\":{\"@type\":\"EntryPoint\",\"urlTemplate\":\"https:\/\/dutchmicrodosing.com\/fr\/?s={search_term_string}\"},\"query-input\":{\"@type\":\"PropertyValueSpecification\",\"valueRequired\":true,\"valueName\":\"search_term_string\"}}],\"inLanguage\":\"fr-FR\"},{\"@type\":\"Organization\",\"@id\":\"https:\/\/dutchmicrodosing.com\/fr\/#organization\",\"name\":\"Dutchmicrodosing\",\"url\":\"https:\/\/dutchmicrodosing.com\/fr\/\",\"logo\":{\"@type\":\"ImageObject\",\"inLanguage\":\"fr-FR\",\"@id\":\"https:\/\/dutchmicrodosing.com\/fr\/#\/schema\/logo\/image\/\",\"url\":\"https:\/\/dutchmicrodosing.com\/wp-content\/uploads\/2021\/01\/microdosing-categorie-pic-nieuw.jpg\",\"contentUrl\":\"https:\/\/dutchmicrodosing.com\/wp-content\/uploads\/2021\/01\/microdosing-categorie-pic-nieuw.jpg\",\"width\":500,\"height\":500,\"caption\":\"Dutchmicrodosing\"},\"image\":{\"@id\":\"https:\/\/dutchmicrodosing.com\/fr\/#\/schema\/logo\/image\/\"},\"sameAs\":[\"https:\/\/www.facebook.com\/Dutchmicrodosingxp\/\",\"https:\/\/www.instagram.com\/dutchmicrodosing\/\"]}]}<\/script>\n<!-- \/ Yoast SEO Premium plugin. -->","yoast_head_json":{"title":"DutchMicrodosing | Microdosage et sant\u00e9","description":"Microdosage et sant\u00e9 : d\u00e9couvrez comment le microdosage peut contribuer \u00e0 l'\u00e9quilibre mental, \u00e0 la r\u00e9duction du stress et au bien-\u00eatre g\u00e9n\u00e9ral.","robots":{"index":"index","follow":"follow","max-snippet":"max-snippet:-1","max-image-preview":"max-image-preview:large","max-video-preview":"max-video-preview:-1"},"canonical":"https:\/\/dutchmicrodosing.com\/fr\/sante\/","og_locale":"fr_FR","og_type":"article","og_title":"Sant\u00e9","og_description":"Quel est le lien entre le microdosage et la sant\u00e9 ? De plus en plus de personnes se demandent si le microdosage peut avoir une influence sur la sant\u00e9 et","og_url":"https:\/\/dutchmicrodosing.com\/fr\/sante\/","og_site_name":"Dutchmicrodosing","article_publisher":"https:\/\/www.facebook.com\/Dutchmicrodosingxp\/","article_modified_time":"2025-10-20T20:29:36+00:00","og_image":[{"url":"https:\/\/dutchmicrodosing.com\/wp-content\/uploads\/2023\/08\/frustrated-young-woman-having-terrible-headache-keeping-hands-head-frowning-her-face-with-pain-looking-unhappy-stressful-female-student-despair-having-stressful-situation-university-scaled.jpg","type":"","width":"","height":""}],"twitter_card":"summary_large_image","schema":{"@context":"https:\/\/schema.org","@graph":[{"@type":"WebPage","@id":"https:\/\/dutchmicrodosing.com\/fr\/sante\/","url":"https:\/\/dutchmicrodosing.com\/fr\/sante\/","name":"DutchMicrodosing | Microdosage et sant\u00e9","isPartOf":{"@id":"https:\/\/dutchmicrodosing.com\/fr\/#website"},"primaryImageOfPage":{"@id":"https:\/\/dutchmicrodosing.com\/fr\/sante\/#primaryimage"},"image":{"@id":"https:\/\/dutchmicrodosing.com\/fr\/sante\/#primaryimage"},"thumbnailUrl":"https:\/\/dutchmicrodosing.com\/wp-content\/uploads\/2023\/08\/frustrated-young-woman-having-terrible-headache-keeping-hands-head-frowning-her-face-with-pain-looking-unhappy-stressful-female-student-despair-having-stressful-situation-university-scaled.jpg","datePublished":"2021-05-04T18:52:31+00:00","dateModified":"2025-10-20T20:29:36+00:00","description":"Microdosage et sant\u00e9 : d\u00e9couvrez comment le microdosage peut contribuer \u00e0 l'\u00e9quilibre mental, \u00e0 la r\u00e9duction du stress et au bien-\u00eatre g\u00e9n\u00e9ral.","breadcrumb":{"@id":"https:\/\/dutchmicrodosing.com\/fr\/sante\/#breadcrumb"},"inLanguage":"fr-FR","potentialAction":[{"@type":"ReadAction","target":["https:\/\/dutchmicrodosing.com\/fr\/sante\/"]}]},{"@type":"ImageObject","inLanguage":"fr-FR","@id":"https:\/\/dutchmicrodosing.com\/fr\/sante\/#primaryimage","url":"https:\/\/dutchmicrodosing.com\/wp-content\/uploads\/2023\/08\/frustrated-young-woman-having-terrible-headache-keeping-hands-head-frowning-her-face-with-pain-looking-unhappy-stressful-female-student-despair-having-stressful-situation-university-scaled.jpg","contentUrl":"https:\/\/dutchmicrodosing.com\/wp-content\/uploads\/2023\/08\/frustrated-young-woman-having-terrible-headache-keeping-hands-head-frowning-her-face-with-pain-looking-unhappy-stressful-female-student-despair-having-stressful-situation-university-scaled.jpg"},{"@type":"BreadcrumbList","@id":"https:\/\/dutchmicrodosing.com\/fr\/sante\/#breadcrumb","itemListElement":[{"@type":"ListItem","position":1,"name":"Home","item":"https:\/\/dutchmicrodosing.com\/fr\/"},{"@type":"ListItem","position":2,"name":"Sant\u00e9"}]},{"@type":"WebSite","@id":"https:\/\/dutchmicrodosing.com\/fr\/#website","url":"https:\/\/dutchmicrodosing.com\/fr\/","name":"Dutchmicrodosing","description":"","publisher":{"@id":"https:\/\/dutchmicrodosing.com\/fr\/#organization"},"potentialAction":[{"@type":"SearchAction","target":{"@type":"EntryPoint","urlTemplate":"https:\/\/dutchmicrodosing.com\/fr\/?s={search_term_string}"},"query-input":{"@type":"PropertyValueSpecification","valueRequired":true,"valueName":"search_term_string"}}],"inLanguage":"fr-FR"},{"@type":"Organization","@id":"https:\/\/dutchmicrodosing.com\/fr\/#organization","name":"Dutchmicrodosing","url":"https:\/\/dutchmicrodosing.com\/fr\/","logo":{"@type":"ImageObject","inLanguage":"fr-FR","@id":"https:\/\/dutchmicrodosing.com\/fr\/#\/schema\/logo\/image\/","url":"https:\/\/dutchmicrodosing.com\/wp-content\/uploads\/2021\/01\/microdosing-categorie-pic-nieuw.jpg","contentUrl":"https:\/\/dutchmicrodosing.com\/wp-content\/uploads\/2021\/01\/microdosing-categorie-pic-nieuw.jpg","width":500,"height":500,"caption":"Dutchmicrodosing"},"image":{"@id":"https:\/\/dutchmicrodosing.com\/fr\/#\/schema\/logo\/image\/"},"sameAs":["https:\/\/www.facebook.com\/Dutchmicrodosingxp\/","https:\/\/www.instagram.com\/dutchmicrodosing\/"]}]}},"_links":{"self":[{"href":"https:\/\/dutchmicrodosing.com\/fr\/wp-json\/wp\/v2\/pages\/4856","targetHints":{"allow":["GET"]}}],"collection":[{"href":"https:\/\/dutchmicrodosing.com\/fr\/wp-json\/wp\/v2\/pages"}],"about":[{"href":"https:\/\/dutchmicrodosing.com\/fr\/wp-json\/wp\/v2\/types\/page"}],"author":[{"embeddable":true,"href":"https:\/\/dutchmicrodosing.com\/fr\/wp-json\/wp\/v2\/users\/10"}],"replies":[{"embeddable":true,"href":"https:\/\/dutchmicrodosing.com\/fr\/wp-json\/wp\/v2\/comments?post=4856"}],"version-history":[{"count":0,"href":"https:\/\/dutchmicrodosing.com\/fr\/wp-json\/wp\/v2\/pages\/4856\/revisions"}],"wp:attachment":[{"href":"https:\/\/dutchmicrodosing.com\/fr\/wp-json\/wp\/v2\/media?parent=4856"}],"curies":[{"name":"wp","href":"https:\/\/api.w.org\/{rel}","templated":true}]}}