{"id":4864,"date":"2021-05-04T18:52:50","date_gmt":"2021-05-04T18:52:50","guid":{"rendered":"https:\/\/dutchmicrodosing.com\/creativite\/"},"modified":"2025-10-20T22:29:35","modified_gmt":"2025-10-20T20:29:35","slug":"creativite","status":"publish","type":"page","link":"https:\/\/dutchmicrodosing.com\/fr\/creativite\/","title":{"rendered":"Cr\u00e9ativit\u00e9"},"content":{"rendered":"\t\t<div data-elementor-type=\"wp-page\" data-elementor-id=\"4864\" class=\"elementor elementor-4864 elementor-370\" data-elementor-post-type=\"page\">\n\t\t\t\t\t\t<section class=\"elementor-section elementor-top-section elementor-element elementor-element-49ca3c3 elementor-section-boxed elementor-section-height-default elementor-section-height-default\" data-id=\"49ca3c3\" data-element_type=\"section\" data-e-type=\"section\">\n\t\t\t\t\t\t<div class=\"elementor-container elementor-column-gap-default\">\n\t\t\t\t\t<div class=\"elementor-column elementor-col-100 elementor-top-column elementor-element elementor-element-73a09b9\" data-id=\"73a09b9\" data-element_type=\"column\" data-e-type=\"column\">\n\t\t\t<div class=\"elementor-widget-wrap elementor-element-populated\">\n\t\t\t\t\t\t<div class=\"elementor-element elementor-element-2376d63 elementor--h-position-center elementor--v-position-middle elementor-arrows-position-inside elementor-pagination-position-inside elementor-widget elementor-widget-slides\" data-id=\"2376d63\" data-element_type=\"widget\" data-e-type=\"widget\" data-settings=\"{&quot;navigation&quot;:&quot;both&quot;,&quot;autoplay&quot;:&quot;yes&quot;,&quot;pause_on_hover&quot;:&quot;yes&quot;,&quot;pause_on_interaction&quot;:&quot;yes&quot;,&quot;autoplay_speed&quot;:5000,&quot;infinite&quot;:&quot;yes&quot;,&quot;transition&quot;:&quot;slide&quot;,&quot;transition_speed&quot;:500}\" data-widget_type=\"slides.default\">\n\t\t\t\t<div class=\"elementor-widget-container\">\n\t\t\t\t\t\t\t\t\t<div class=\"elementor-swiper\">\n\t\t\t\t\t<div class=\"elementor-slides-wrapper elementor-main-swiper swiper\" role=\"region\" aria-roledescription=\"carousel\" aria-label=\"Slides\" dir=\"ltr\" data-animation=\"fadeInUp\">\n\t\t\t\t<div class=\"swiper-wrapper elementor-slides\">\n\t\t\t\t\t\t\t\t\t\t<div class=\"elementor-repeater-item-f0595d4 swiper-slide\" role=\"group\" aria-roledescription=\"slide\"><div class=\"swiper-slide-bg\" role=\"img\" aria-label=\"The master processes the valuable metal in the home workshop\"><\/div><div class=\"swiper-slide-inner\" ><div class=\"swiper-slide-contents\"><\/div><\/div><\/div><div class=\"elementor-repeater-item-6f8f2b7 swiper-slide\" role=\"group\" aria-roledescription=\"slide\"><div class=\"swiper-slide-bg\" role=\"img\" aria-label=\"nature. sunset in the woods\"><\/div><div class=\"swiper-slide-inner\" ><div class=\"swiper-slide-contents\"><\/div><\/div><\/div><div class=\"elementor-repeater-item-1af16f0 swiper-slide\" role=\"group\" aria-roledescription=\"slide\"><div class=\"swiper-slide-bg\" role=\"img\" aria-label=\"Smart student or teacher drawing mathematic formula at blackboard, dressed in university uniform\"><\/div><div class=\"swiper-slide-inner\" ><div class=\"swiper-slide-contents\"><\/div><\/div><\/div>\t\t\t\t<\/div>\n\t\t\t\t\t\t\t\t\t\t\t\t\t\t\t<div class=\"elementor-swiper-button elementor-swiper-button-prev\" role=\"button\" tabindex=\"0\" aria-label=\"Diapositive pr\u00e9c\u00e9dente\">\n\t\t\t\t\t\t\t<i aria-hidden=\"true\" class=\"eicon-chevron-left\"><\/i>\t\t\t\t\t\t<\/div>\n\t\t\t\t\t\t<div class=\"elementor-swiper-button elementor-swiper-button-next\" role=\"button\" tabindex=\"0\" aria-label=\"Diapositive suivante\">\n\t\t\t\t\t\t\t<i aria-hidden=\"true\" class=\"eicon-chevron-right\"><\/i>\t\t\t\t\t\t<\/div>\n\t\t\t\t\t\t\t\t\t\t\t\t\t\t\t\t<div class=\"swiper-pagination\"><\/div>\n\t\t\t\t\t\t\t\t\t\t\t\t<\/div>\n\t\t\t\t<\/div>\n\t\t\t\t\t\t\t\t<\/div>\n\t\t\t\t<\/div>\n\t\t\t\t\t<\/div>\n\t\t<\/div>\n\t\t\t\t\t<\/div>\n\t\t<\/section>\n\t\t\t\t<section class=\"elementor-section elementor-top-section elementor-element elementor-element-1781246 elementor-section-boxed elementor-section-height-default elementor-section-height-default\" data-id=\"1781246\" data-element_type=\"section\" data-e-type=\"section\">\n\t\t\t\t\t\t<div class=\"elementor-container elementor-column-gap-default\">\n\t\t\t\t\t<div class=\"elementor-column elementor-col-100 elementor-top-column elementor-element elementor-element-118bd09\" data-id=\"118bd09\" data-element_type=\"column\" data-e-type=\"column\">\n\t\t\t<div class=\"elementor-widget-wrap elementor-element-populated\">\n\t\t\t\t\t\t<div class=\"elementor-element elementor-element-3f8c9b3 elementor-widget elementor-widget-heading\" data-id=\"3f8c9b3\" data-element_type=\"widget\" data-e-type=\"widget\" data-widget_type=\"heading.default\">\n\t\t\t\t<div class=\"elementor-widget-container\">\n\t\t\t\t\t<h1 class=\"elementor-heading-title elementor-size-default\">Le microdosage augmente-t-il la cr\u00e9ativit\u00e9 ?<\/h1>\t\t\t\t<\/div>\n\t\t\t\t<\/div>\n\t\t\t\t\t<\/div>\n\t\t<\/div>\n\t\t\t\t\t<\/div>\n\t\t<\/section>\n\t\t\t\t<section class=\"elementor-section elementor-top-section elementor-element elementor-element-583e9ad elementor-section-boxed elementor-section-height-default elementor-section-height-default\" data-id=\"583e9ad\" data-element_type=\"section\" data-e-type=\"section\">\n\t\t\t\t\t\t<div class=\"elementor-container elementor-column-gap-default\">\n\t\t\t\t\t<div class=\"elementor-column elementor-col-100 elementor-top-column elementor-element elementor-element-155ecee\" data-id=\"155ecee\" data-element_type=\"column\" data-e-type=\"column\">\n\t\t\t<div class=\"elementor-widget-wrap elementor-element-populated\">\n\t\t\t\t\t\t<div class=\"elementor-element elementor-element-dd36332 elementor-widget elementor-widget-text-editor\" data-id=\"dd36332\" data-element_type=\"widget\" data-e-type=\"widget\" data-widget_type=\"text-editor.default\">\n\t\t\t\t<div class=\"elementor-widget-container\">\n\t\t\t\t\t\t\t\t\t<p class=\"MsoNormal\">La cr\u00e9ativit\u00e9 est une qualit\u00e9 souvent admir\u00e9e : les personnes cr\u00e9atives peignent, chantent ou \u00e9crivent et ont r\u00e9guli\u00e8rement des id\u00e9es p\u00e9tillantes et particuli\u00e8res. La cr\u00e9ativit\u00e9 est aussi quelque chose qui ne s&rsquo;impose pas facilement. C&rsquo;est pourquoi le microdosage peut \u00eatre une aubaine : un rem\u00e8de naturel qui peut stimuler la cr\u00e9ativit\u00e9. De plus en plus d&rsquo;\u00e9tudes montrent que la prise de microdoses de psych\u00e9d\u00e9liques peut vous aider \u00e0 sortir des sentiers battus. Le microdosage permet donc une plus grande cr\u00e9ativit\u00e9.<\/p>\n<h2 style=\"margin-left: 0cm; text-indent: 0cm; mso-list: l0 level2 lfo1;\">La magie de la cr\u00e9ativit\u00e9<\/h2>\n<p class=\"MsoNormal\">La cr\u00e9ativit\u00e9 est un trait de caract\u00e8re admir\u00e9 mais insaisissable. Ce n&rsquo;est pas pour rien que les gens de l&rsquo;Antiquit\u00e9 pensaient que votre talent cr\u00e9atif d\u00e9pendait d&rsquo;une muse (inspiration venant d&rsquo;une d\u00e9esse) ou \u00e9tait donn\u00e9 par Dieu. Vous n&rsquo;avez pas eu votre mot \u00e0 dire. Cela ressort \u00e9galement du fait que les artistes peuvent tous souffrir d&rsquo;un blocage (le fameux writer&rsquo;s block, qui n&rsquo;est en r\u00e9alit\u00e9 pas un probl\u00e8me r\u00e9serv\u00e9 aux \u00e9crivains) de sorte que rien ne sort de leurs doigts. Si la cr\u00e9ativit\u00e9 n&rsquo;est pas au rendez-vous, il suffit d&rsquo;attendre qu&rsquo;elle le soit \u00e0 nouveau.<\/p>\n<p class=\"MsoNormal\">Mais il y a peut-\u00eatre quelque chose \u00e0 faire \u00e0 ce sujet, \u00e0 savoir le microdosage. Les utilisateurs qui prennent des microdoses de substances psych\u00e9d\u00e9liques (comme les champignons magiques ou les truffes) affirment que cela stimule leur cr\u00e9ativit\u00e9. Le microdosage semble stimuler certains r\u00e9cepteurs, rendant votre pens\u00e9e plus flexible et augmentant vos capacit\u00e9s de r\u00e9solution de probl\u00e8mes.<\/p>\n<p><img fetchpriority=\"high\" decoding=\"async\" class=\"aligncenter wp-image-27251 size-full\" src=\"https:\/\/dutchmicrodosing.com\/wp-content\/uploads\/2023\/08\/idea-concept-scaled.jpg\" alt=\"Le microdosage au service de la cr\u00e9ativit\u00e9  \" width=\"2560\" height=\"1707\" srcset=\"https:\/\/dutchmicrodosing.com\/wp-content\/uploads\/2023\/08\/idea-concept-scaled.jpg 2560w, https:\/\/dutchmicrodosing.com\/wp-content\/uploads\/2023\/08\/idea-concept-scaled-600x400.jpg 600w, https:\/\/dutchmicrodosing.com\/wp-content\/uploads\/2023\/08\/idea-concept-300x200.jpg 300w, https:\/\/dutchmicrodosing.com\/wp-content\/uploads\/2023\/08\/idea-concept-1024x683.jpg 1024w, https:\/\/dutchmicrodosing.com\/wp-content\/uploads\/2023\/08\/idea-concept-768x512.jpg 768w, https:\/\/dutchmicrodosing.com\/wp-content\/uploads\/2023\/08\/idea-concept-1536x1024.jpg 1536w, https:\/\/dutchmicrodosing.com\/wp-content\/uploads\/2023\/08\/idea-concept-2048x1365.jpg 2048w\" sizes=\"(max-width: 2560px) 100vw, 2560px\" \/><\/p>\n<h2 style=\"margin-left: 0cm; text-indent: 0cm; mso-list: l0 level2 lfo1;\">Comment le microdosage stimule la cr\u00e9ativit\u00e9<\/h2>\n<p class=\"MsoNormal\">Le microdosage a beaucoup de potentiel pour am\u00e9liorer notre&#8230;&nbsp;stimulent les <a href=\"https:\/\/dutchmicrodosing.com\/fr\/fonctions-cognitives\/\">processus cognitifs<\/a> et certains chercheurs veulent en savoir plus \u00e0 ce sujet. L&rsquo;un de ces chercheurs est Luisa Prochazkova, de l&rsquo;universit\u00e9 de Leiden. Des doses normales de psych\u00e9d\u00e9liques, comme le LSD, stimulent la flexibilit\u00e9 cognitive et la pens\u00e9e divergente. Mais vous avez aussi l&rsquo;effet perturbateur des hallucinations. Le microdosage vous donne la possibilit\u00e9 de profiter des bienfaits des psych\u00e9d\u00e9liques, sans les effets psychotropes et sans le risque d&rsquo;un \u00e9ventuel \u00ab\u00a0bad trip\u00a0\u00bb.<\/p>\n<p class=\"MsoNormal\">La recherche de Prochazkova visait \u00e0 d\u00e9terminer sur lequel des trois domaines de la cognition le microdosage avait un effet : la pens\u00e9e convergente (trouver une solution), la pens\u00e9e divergente (non lin\u00e9aire, trouver plusieurs solutions \u00e0 un probl\u00e8me) et l&rsquo;intelligence fluide. La pens\u00e9e divergente est particuli\u00e8rement importante pour \u00eatre cr\u00e9atif. On a constat\u00e9 que le microdosage avait un impact positif sur la pens\u00e9e divergente. Les participants ont indiqu\u00e9 qu&rsquo;ils avaient remarqu\u00e9 une am\u00e9lioration de leur capacit\u00e9 \u00e0 sortir des sentiers battus. Le microdosage peut \u00e9galement \u00eatre utile en tant qu&rsquo;<a href=\"https:\/\/dutchmicrodosing.com\/fr\/applications-medicales\/\">application m\u00e9dicale<\/a>.<\/p>\n<p class=\"MsoNormal\">Prochazkova d\u00e9clare qu&rsquo;elle trouve frappant que la pens\u00e9e divergente et convergente soit influenc\u00e9e par le microdosage. Ces deux fa\u00e7ons de penser ne sont pas normalement li\u00e9es et sont influenc\u00e9es par d&rsquo;autres facteurs. Il est donc surprenant que le microdosage ait un impact positif sur les deux. Il se pourrait m\u00eame, selon le chercheur, qu&rsquo;une dose normale de psych\u00e9d\u00e9liques stimule la cr\u00e9ativit\u00e9, mais au d\u00e9triment de la pens\u00e9e rationnelle. En revanche, le microdosage pourrait stimuler le cerveau pour qu&rsquo;il trouve un \u00e9quilibre optimal entre flexibilit\u00e9 et pens\u00e9e logique.<\/p>\n<p><img decoding=\"async\" class=\"aligncenter wp-image-27258 size-full\" src=\"https:\/\/dutchmicrodosing.com\/wp-content\/uploads\/2023\/08\/diverse-people-with-creative-inspiration-speech-bubbles-scaled.jpg\" alt=\"Plus de cr\u00e9ativit\u00e9 gr\u00e2ce au microdosage\" width=\"2560\" height=\"1828\" srcset=\"https:\/\/dutchmicrodosing.com\/wp-content\/uploads\/2023\/08\/diverse-people-with-creative-inspiration-speech-bubbles-scaled.jpg 2560w, https:\/\/dutchmicrodosing.com\/wp-content\/uploads\/2023\/08\/diverse-people-with-creative-inspiration-speech-bubbles-scaled-600x428.jpg 600w, https:\/\/dutchmicrodosing.com\/wp-content\/uploads\/2023\/08\/diverse-people-with-creative-inspiration-speech-bubbles-300x214.jpg 300w, https:\/\/dutchmicrodosing.com\/wp-content\/uploads\/2023\/08\/diverse-people-with-creative-inspiration-speech-bubbles-1024x731.jpg 1024w, https:\/\/dutchmicrodosing.com\/wp-content\/uploads\/2023\/08\/diverse-people-with-creative-inspiration-speech-bubbles-768x549.jpg 768w, https:\/\/dutchmicrodosing.com\/wp-content\/uploads\/2023\/08\/diverse-people-with-creative-inspiration-speech-bubbles-1536x1097.jpg 1536w, https:\/\/dutchmicrodosing.com\/wp-content\/uploads\/2023\/08\/diverse-people-with-creative-inspiration-speech-bubbles-2048x1463.jpg 2048w\" sizes=\"(max-width: 2560px) 100vw, 2560px\" \/><\/p>\n<h2 style=\"margin-left: 0cm; text-indent: 0cm; mso-list: l0 level2 lfo1;\">Recherche parmi les microdoseurs<\/h2>\n<p class=\"MsoNormal\">Le site journalistique theconverstation.com a r\u00e9alis\u00e9 une enqu\u00eate <a href=\"https:\/\/theconversation.com\/microdosers-of-psychedelics-report-improved-mood-focus-and-creativity-120279\">\n  <span class=\"Internetkoppeling\">recherche<\/span>\n<\/a> chez les personnes qui prennent r\u00e9guli\u00e8rement des microdoses. Ils voulaient savoir ce qu&rsquo;ils aimaient et n&rsquo;aimaient pas dans le microdosage. 909 participants ont particip\u00e9 \u00e0 l&rsquo;\u00e9tude. Les avantages les plus fr\u00e9quemment mentionn\u00e9s sont les suivants<\/p>\n<ul style=\"margin-top: 0cm;\" type=\"disc\">\n<li class=\"MsoNormal\">Am\u00e9lioration de l&rsquo;humeur<\/li>\n<li class=\"MsoNormal\">Am\u00e9lioration de la concentration<\/li>\n<li class=\"MsoNormal\">Plus de cr\u00e9ativit\u00e9<\/li>\n<\/ul>\n<p class=\"MsoNormal\">De nombreuses personnes (26 %) ont signal\u00e9 une am\u00e9lioration de l&rsquo;humeur, mais la cr\u00e9ativit\u00e9 a \u00e9galement \u00e9t\u00e9 fr\u00e9quemment mentionn\u00e9e. Parmi les autres effets positifs sur <a href=\"https:\/\/dutchmicrodosing.com\/fr\/sante\/\">la sant\u00e9<\/a> mentale, citons l&rsquo;augmentation de la confiance en soi, de la motivation et de la productivit\u00e9. Bien qu&rsquo;il s&rsquo;agisse de domaines diff\u00e9rents, on peut \u00e9galement dire qu&rsquo;ils sont li\u00e9s. La plupart des gens ne sont pas cr\u00e9atifs lorsqu&rsquo;ils se sentent d\u00e9prim\u00e9s. La confiance en soi est \u00e9galement importante si vous souhaitez vous exprimer de mani\u00e8re cr\u00e9ative, et une bonne concentration y contribue \u00e9galement.<\/p>\n<p class=\"MsoNormal\">Donc, si le microdosage a un impact positif sur tous ces domaines, il est de toute fa\u00e7on bon pour votre cr\u00e9ativit\u00e9. Les donn\u00e9es de recherche sur la cr\u00e9ativit\u00e9 et le microdosage sont malheureusement encore assez rares. Et donc certaines des \u00e9tudes n&rsquo;ont pas \u00e9t\u00e9 faites cliniquement non plus. Malgr\u00e9 cela, les donn\u00e9es semblent indiquer que le microdosage peut donner un grand coup de pouce \u00e0 votre cr\u00e9ativit\u00e9. La <a href=\"https:\/\/dutchmicrodosing.com\/fr\/personnalite\/\">personnalit\u00e9<\/a> qui a parfois du mal \u00e0 se mettre dans le bain de la cr\u00e9ativit\u00e9 pourrait vouloir tenter sa chance.<\/p>\t\t\t\t\t\t\t\t<\/div>\n\t\t\t\t<\/div>\n\t\t\t\t\t<\/div>\n\t\t<\/div>\n\t\t\t\t\t<\/div>\n\t\t<\/section>\n\t\t\t\t<\/div>\n\t\t","protected":false},"excerpt":{"rendered":"<p>Le microdosage augmente-t-il la cr\u00e9ativit\u00e9 ? La cr\u00e9ativit\u00e9 est une qualit\u00e9 souvent admir\u00e9e : les personnes cr\u00e9atives peignent, chantent ou \u00e9crivent et ont r\u00e9guli\u00e8rement des id\u00e9es p\u00e9tillantes et particuli\u00e8res. La cr\u00e9ativit\u00e9 est aussi quelque chose qui ne s&rsquo;impose pas facilement. C&rsquo;est pourquoi le microdosage peut \u00eatre une aubaine : un rem\u00e8de naturel qui peut stimuler [&hellip;]<\/p>\n","protected":false},"author":10,"featured_media":0,"parent":0,"menu_order":0,"comment_status":"closed","ping_status":"closed","template":"","meta":{"footnotes":""},"class_list":["post-4864","page","type-page","status-publish","hentry"],"yoast_head":"<!-- This site is optimized with the Yoast SEO Premium plugin v26.4 (Yoast SEO v27.2) - https:\/\/yoast.com\/product\/yoast-seo-premium-wordpress\/ -->\n<title>DutchMicrodosing | Le microdosage pour plus de cr\u00e9ativit\u00e9<\/title>\n<meta name=\"description\" content=\"Le microdosage au service de la cr\u00e9ativit\u00e9 ? D\u00e9couvrez comment de petites doses de psych\u00e9d\u00e9liques am\u00e9liorent vos capacit\u00e9s de r\u00e9flexion cr\u00e9ative gr\u00e2ce \u00e0 la pratique et \u00e0 la recherche.\" \/>\n<meta name=\"robots\" content=\"index, follow, max-snippet:-1, max-image-preview:large, max-video-preview:-1\" \/>\n<link rel=\"canonical\" href=\"https:\/\/dutchmicrodosing.com\/fr\/creativite\/\" \/>\n<meta property=\"og:locale\" content=\"fr_FR\" \/>\n<meta property=\"og:type\" content=\"article\" \/>\n<meta property=\"og:title\" content=\"Cr\u00e9ativit\u00e9\" \/>\n<meta property=\"og:description\" content=\"Le microdosage augmente-t-il la cr\u00e9ativit\u00e9 ? La cr\u00e9ativit\u00e9 est une qualit\u00e9 souvent admir\u00e9e : les personnes cr\u00e9atives peignent, chantent ou \u00e9crivent et ont\" \/>\n<meta property=\"og:url\" content=\"https:\/\/dutchmicrodosing.com\/fr\/creativite\/\" \/>\n<meta property=\"og:site_name\" content=\"Dutchmicrodosing\" \/>\n<meta property=\"article:publisher\" content=\"https:\/\/www.facebook.com\/Dutchmicrodosingxp\/\" \/>\n<meta property=\"article:modified_time\" content=\"2025-10-20T20:29:35+00:00\" \/>\n<meta property=\"og:image\" content=\"https:\/\/dutchmicrodosing.com\/wp-content\/uploads\/2023\/08\/idea-concept-scaled.jpg\" \/>\n\t<meta property=\"og:image:width\" content=\"2560\" \/>\n\t<meta property=\"og:image:height\" content=\"1707\" \/>\n\t<meta property=\"og:image:type\" content=\"image\/jpeg\" \/>\n<meta name=\"twitter:card\" content=\"summary_large_image\" \/>\n<script type=\"application\/ld+json\" class=\"yoast-schema-graph\">{\"@context\":\"https:\/\/schema.org\",\"@graph\":[{\"@type\":\"WebPage\",\"@id\":\"https:\/\/dutchmicrodosing.com\/fr\/creativite\/\",\"url\":\"https:\/\/dutchmicrodosing.com\/fr\/creativite\/\",\"name\":\"DutchMicrodosing | Le microdosage pour plus de cr\u00e9ativit\u00e9\",\"isPartOf\":{\"@id\":\"https:\/\/dutchmicrodosing.com\/fr\/#website\"},\"primaryImageOfPage\":{\"@id\":\"https:\/\/dutchmicrodosing.com\/fr\/creativite\/#primaryimage\"},\"image\":{\"@id\":\"https:\/\/dutchmicrodosing.com\/fr\/creativite\/#primaryimage\"},\"thumbnailUrl\":\"https:\/\/dutchmicrodosing.com\/wp-content\/uploads\/2023\/08\/idea-concept-scaled.jpg\",\"datePublished\":\"2021-05-04T18:52:50+00:00\",\"dateModified\":\"2025-10-20T20:29:35+00:00\",\"description\":\"Le microdosage au service de la cr\u00e9ativit\u00e9 ? D\u00e9couvrez comment de petites doses de psych\u00e9d\u00e9liques am\u00e9liorent vos capacit\u00e9s de r\u00e9flexion cr\u00e9ative gr\u00e2ce \u00e0 la pratique et \u00e0 la recherche.\",\"breadcrumb\":{\"@id\":\"https:\/\/dutchmicrodosing.com\/fr\/creativite\/#breadcrumb\"},\"inLanguage\":\"fr-FR\",\"potentialAction\":[{\"@type\":\"ReadAction\",\"target\":[\"https:\/\/dutchmicrodosing.com\/fr\/creativite\/\"]}]},{\"@type\":\"ImageObject\",\"inLanguage\":\"fr-FR\",\"@id\":\"https:\/\/dutchmicrodosing.com\/fr\/creativite\/#primaryimage\",\"url\":\"https:\/\/dutchmicrodosing.com\/wp-content\/uploads\/2023\/08\/idea-concept-scaled.jpg\",\"contentUrl\":\"https:\/\/dutchmicrodosing.com\/wp-content\/uploads\/2023\/08\/idea-concept-scaled.jpg\"},{\"@type\":\"BreadcrumbList\",\"@id\":\"https:\/\/dutchmicrodosing.com\/fr\/creativite\/#breadcrumb\",\"itemListElement\":[{\"@type\":\"ListItem\",\"position\":1,\"name\":\"Home\",\"item\":\"https:\/\/dutchmicrodosing.com\/fr\/\"},{\"@type\":\"ListItem\",\"position\":2,\"name\":\"Cr\u00e9ativit\u00e9\"}]},{\"@type\":\"WebSite\",\"@id\":\"https:\/\/dutchmicrodosing.com\/fr\/#website\",\"url\":\"https:\/\/dutchmicrodosing.com\/fr\/\",\"name\":\"Dutchmicrodosing\",\"description\":\"\",\"publisher\":{\"@id\":\"https:\/\/dutchmicrodosing.com\/fr\/#organization\"},\"potentialAction\":[{\"@type\":\"SearchAction\",\"target\":{\"@type\":\"EntryPoint\",\"urlTemplate\":\"https:\/\/dutchmicrodosing.com\/fr\/?s={search_term_string}\"},\"query-input\":{\"@type\":\"PropertyValueSpecification\",\"valueRequired\":true,\"valueName\":\"search_term_string\"}}],\"inLanguage\":\"fr-FR\"},{\"@type\":\"Organization\",\"@id\":\"https:\/\/dutchmicrodosing.com\/fr\/#organization\",\"name\":\"Dutchmicrodosing\",\"url\":\"https:\/\/dutchmicrodosing.com\/fr\/\",\"logo\":{\"@type\":\"ImageObject\",\"inLanguage\":\"fr-FR\",\"@id\":\"https:\/\/dutchmicrodosing.com\/fr\/#\/schema\/logo\/image\/\",\"url\":\"https:\/\/dutchmicrodosing.com\/wp-content\/uploads\/2021\/01\/microdosing-categorie-pic-nieuw.jpg\",\"contentUrl\":\"https:\/\/dutchmicrodosing.com\/wp-content\/uploads\/2021\/01\/microdosing-categorie-pic-nieuw.jpg\",\"width\":500,\"height\":500,\"caption\":\"Dutchmicrodosing\"},\"image\":{\"@id\":\"https:\/\/dutchmicrodosing.com\/fr\/#\/schema\/logo\/image\/\"},\"sameAs\":[\"https:\/\/www.facebook.com\/Dutchmicrodosingxp\/\",\"https:\/\/www.instagram.com\/dutchmicrodosing\/\"]}]}<\/script>\n<!-- \/ Yoast SEO Premium plugin. -->","yoast_head_json":{"title":"DutchMicrodosing | Le microdosage pour plus de cr\u00e9ativit\u00e9","description":"Le microdosage au service de la cr\u00e9ativit\u00e9 ? D\u00e9couvrez comment de petites doses de psych\u00e9d\u00e9liques am\u00e9liorent vos capacit\u00e9s de r\u00e9flexion cr\u00e9ative gr\u00e2ce \u00e0 la pratique et \u00e0 la recherche.","robots":{"index":"index","follow":"follow","max-snippet":"max-snippet:-1","max-image-preview":"max-image-preview:large","max-video-preview":"max-video-preview:-1"},"canonical":"https:\/\/dutchmicrodosing.com\/fr\/creativite\/","og_locale":"fr_FR","og_type":"article","og_title":"Cr\u00e9ativit\u00e9","og_description":"Le microdosage augmente-t-il la cr\u00e9ativit\u00e9 ? La cr\u00e9ativit\u00e9 est une qualit\u00e9 souvent admir\u00e9e : les personnes cr\u00e9atives peignent, chantent ou \u00e9crivent et ont","og_url":"https:\/\/dutchmicrodosing.com\/fr\/creativite\/","og_site_name":"Dutchmicrodosing","article_publisher":"https:\/\/www.facebook.com\/Dutchmicrodosingxp\/","article_modified_time":"2025-10-20T20:29:35+00:00","og_image":[{"width":2560,"height":1707,"url":"https:\/\/dutchmicrodosing.com\/wp-content\/uploads\/2023\/08\/idea-concept-scaled.jpg","type":"image\/jpeg"}],"twitter_card":"summary_large_image","schema":{"@context":"https:\/\/schema.org","@graph":[{"@type":"WebPage","@id":"https:\/\/dutchmicrodosing.com\/fr\/creativite\/","url":"https:\/\/dutchmicrodosing.com\/fr\/creativite\/","name":"DutchMicrodosing | Le microdosage pour plus de cr\u00e9ativit\u00e9","isPartOf":{"@id":"https:\/\/dutchmicrodosing.com\/fr\/#website"},"primaryImageOfPage":{"@id":"https:\/\/dutchmicrodosing.com\/fr\/creativite\/#primaryimage"},"image":{"@id":"https:\/\/dutchmicrodosing.com\/fr\/creativite\/#primaryimage"},"thumbnailUrl":"https:\/\/dutchmicrodosing.com\/wp-content\/uploads\/2023\/08\/idea-concept-scaled.jpg","datePublished":"2021-05-04T18:52:50+00:00","dateModified":"2025-10-20T20:29:35+00:00","description":"Le microdosage au service de la cr\u00e9ativit\u00e9 ? D\u00e9couvrez comment de petites doses de psych\u00e9d\u00e9liques am\u00e9liorent vos capacit\u00e9s de r\u00e9flexion cr\u00e9ative gr\u00e2ce \u00e0 la pratique et \u00e0 la recherche.","breadcrumb":{"@id":"https:\/\/dutchmicrodosing.com\/fr\/creativite\/#breadcrumb"},"inLanguage":"fr-FR","potentialAction":[{"@type":"ReadAction","target":["https:\/\/dutchmicrodosing.com\/fr\/creativite\/"]}]},{"@type":"ImageObject","inLanguage":"fr-FR","@id":"https:\/\/dutchmicrodosing.com\/fr\/creativite\/#primaryimage","url":"https:\/\/dutchmicrodosing.com\/wp-content\/uploads\/2023\/08\/idea-concept-scaled.jpg","contentUrl":"https:\/\/dutchmicrodosing.com\/wp-content\/uploads\/2023\/08\/idea-concept-scaled.jpg"},{"@type":"BreadcrumbList","@id":"https:\/\/dutchmicrodosing.com\/fr\/creativite\/#breadcrumb","itemListElement":[{"@type":"ListItem","position":1,"name":"Home","item":"https:\/\/dutchmicrodosing.com\/fr\/"},{"@type":"ListItem","position":2,"name":"Cr\u00e9ativit\u00e9"}]},{"@type":"WebSite","@id":"https:\/\/dutchmicrodosing.com\/fr\/#website","url":"https:\/\/dutchmicrodosing.com\/fr\/","name":"Dutchmicrodosing","description":"","publisher":{"@id":"https:\/\/dutchmicrodosing.com\/fr\/#organization"},"potentialAction":[{"@type":"SearchAction","target":{"@type":"EntryPoint","urlTemplate":"https:\/\/dutchmicrodosing.com\/fr\/?s={search_term_string}"},"query-input":{"@type":"PropertyValueSpecification","valueRequired":true,"valueName":"search_term_string"}}],"inLanguage":"fr-FR"},{"@type":"Organization","@id":"https:\/\/dutchmicrodosing.com\/fr\/#organization","name":"Dutchmicrodosing","url":"https:\/\/dutchmicrodosing.com\/fr\/","logo":{"@type":"ImageObject","inLanguage":"fr-FR","@id":"https:\/\/dutchmicrodosing.com\/fr\/#\/schema\/logo\/image\/","url":"https:\/\/dutchmicrodosing.com\/wp-content\/uploads\/2021\/01\/microdosing-categorie-pic-nieuw.jpg","contentUrl":"https:\/\/dutchmicrodosing.com\/wp-content\/uploads\/2021\/01\/microdosing-categorie-pic-nieuw.jpg","width":500,"height":500,"caption":"Dutchmicrodosing"},"image":{"@id":"https:\/\/dutchmicrodosing.com\/fr\/#\/schema\/logo\/image\/"},"sameAs":["https:\/\/www.facebook.com\/Dutchmicrodosingxp\/","https:\/\/www.instagram.com\/dutchmicrodosing\/"]}]}},"_links":{"self":[{"href":"https:\/\/dutchmicrodosing.com\/fr\/wp-json\/wp\/v2\/pages\/4864","targetHints":{"allow":["GET"]}}],"collection":[{"href":"https:\/\/dutchmicrodosing.com\/fr\/wp-json\/wp\/v2\/pages"}],"about":[{"href":"https:\/\/dutchmicrodosing.com\/fr\/wp-json\/wp\/v2\/types\/page"}],"author":[{"embeddable":true,"href":"https:\/\/dutchmicrodosing.com\/fr\/wp-json\/wp\/v2\/users\/10"}],"replies":[{"embeddable":true,"href":"https:\/\/dutchmicrodosing.com\/fr\/wp-json\/wp\/v2\/comments?post=4864"}],"version-history":[{"count":0,"href":"https:\/\/dutchmicrodosing.com\/fr\/wp-json\/wp\/v2\/pages\/4864\/revisions"}],"wp:attachment":[{"href":"https:\/\/dutchmicrodosing.com\/fr\/wp-json\/wp\/v2\/media?parent=4864"}],"curies":[{"name":"wp","href":"https:\/\/api.w.org\/{rel}","templated":true}]}}