{"id":4918,"date":"2021-05-04T18:55:28","date_gmt":"2021-05-04T18:55:28","guid":{"rendered":"https:\/\/dutchmicrodosing.com\/effets-secondaires-et-risques\/"},"modified":"2025-10-20T22:29:31","modified_gmt":"2025-10-20T20:29:31","slug":"effets-secondaires-et-risques","status":"publish","type":"page","link":"https:\/\/dutchmicrodosing.com\/fr\/effets-secondaires-et-risques\/","title":{"rendered":"Effets secondaires et risques"},"content":{"rendered":"\t\t<div data-elementor-type=\"wp-page\" data-elementor-id=\"4918\" class=\"elementor elementor-4918 elementor-228\" data-elementor-post-type=\"page\">\n\t\t\t\t\t\t<section class=\"elementor-section elementor-top-section elementor-element elementor-element-b4abb1a elementor-section-boxed elementor-section-height-default elementor-section-height-default\" data-id=\"b4abb1a\" data-element_type=\"section\" data-e-type=\"section\">\n\t\t\t\t\t\t<div class=\"elementor-container elementor-column-gap-default\">\n\t\t\t\t\t<div class=\"elementor-column elementor-col-100 elementor-top-column elementor-element elementor-element-81a7415\" data-id=\"81a7415\" data-element_type=\"column\" data-e-type=\"column\">\n\t\t\t<div class=\"elementor-widget-wrap elementor-element-populated\">\n\t\t\t\t\t\t<div class=\"elementor-element elementor-element-3e6aa01 elementor--h-position-center elementor--v-position-middle elementor-arrows-position-inside elementor-pagination-position-inside elementor-widget elementor-widget-slides\" data-id=\"3e6aa01\" data-element_type=\"widget\" data-e-type=\"widget\" data-settings=\"{&quot;navigation&quot;:&quot;both&quot;,&quot;autoplay&quot;:&quot;yes&quot;,&quot;pause_on_hover&quot;:&quot;yes&quot;,&quot;pause_on_interaction&quot;:&quot;yes&quot;,&quot;autoplay_speed&quot;:5000,&quot;infinite&quot;:&quot;yes&quot;,&quot;transition&quot;:&quot;slide&quot;,&quot;transition_speed&quot;:500}\" data-widget_type=\"slides.default\">\n\t\t\t\t<div class=\"elementor-widget-container\">\n\t\t\t\t\t\t\t\t\t<div class=\"elementor-swiper\">\n\t\t\t\t\t<div class=\"elementor-slides-wrapper elementor-main-swiper swiper\" role=\"region\" aria-roledescription=\"carousel\" aria-label=\"Slides\" dir=\"ltr\" data-animation=\"fadeInUp\">\n\t\t\t\t<div class=\"swiper-wrapper elementor-slides\">\n\t\t\t\t\t\t\t\t\t\t<div class=\"elementor-repeater-item-529bbbd swiper-slide\" role=\"group\" aria-roledescription=\"slide\"><div class=\"swiper-slide-bg\" role=\"img\" aria-label=\"Image of breaking lightbulb with brain depicting ideas, something mindblowing\"><\/div><div class=\"swiper-slide-inner\" ><div class=\"swiper-slide-contents\"><\/div><\/div><\/div>\t\t\t\t<\/div>\n\t\t\t\t\t\t\t<\/div>\n\t\t\t\t<\/div>\n\t\t\t\t\t\t\t\t<\/div>\n\t\t\t\t<\/div>\n\t\t\t\t\t<\/div>\n\t\t<\/div>\n\t\t\t\t\t<\/div>\n\t\t<\/section>\n\t\t\t\t<section class=\"elementor-section elementor-top-section elementor-element elementor-element-90f6ec9 elementor-section-boxed elementor-section-height-default elementor-section-height-default\" data-id=\"90f6ec9\" data-element_type=\"section\" data-e-type=\"section\">\n\t\t\t\t\t\t<div class=\"elementor-container elementor-column-gap-default\">\n\t\t\t\t\t<div class=\"elementor-column elementor-col-100 elementor-top-column elementor-element elementor-element-14d64b9\" data-id=\"14d64b9\" data-element_type=\"column\" data-e-type=\"column\">\n\t\t\t<div class=\"elementor-widget-wrap elementor-element-populated\">\n\t\t\t\t\t\t<div class=\"elementor-element elementor-element-392c1d7 elementor-widget elementor-widget-heading\" data-id=\"392c1d7\" data-element_type=\"widget\" data-e-type=\"widget\" data-widget_type=\"heading.default\">\n\t\t\t\t<div class=\"elementor-widget-container\">\n\t\t\t\t\t<h1 class=\"elementor-heading-title elementor-size-default\">Effets secondaires et risques du microdosage<\/h1>\t\t\t\t<\/div>\n\t\t\t\t<\/div>\n\t\t\t\t\t<\/div>\n\t\t<\/div>\n\t\t\t\t\t<\/div>\n\t\t<\/section>\n\t\t\t\t<section class=\"elementor-section elementor-top-section elementor-element elementor-element-c63631d elementor-section-boxed elementor-section-height-default elementor-section-height-default\" data-id=\"c63631d\" data-element_type=\"section\" data-e-type=\"section\">\n\t\t\t\t\t\t<div class=\"elementor-container elementor-column-gap-default\">\n\t\t\t\t\t<div class=\"elementor-column elementor-col-100 elementor-top-column elementor-element elementor-element-9f9418c\" data-id=\"9f9418c\" data-element_type=\"column\" data-e-type=\"column\">\n\t\t\t<div class=\"elementor-widget-wrap elementor-element-populated\">\n\t\t\t\t\t\t<div class=\"elementor-element elementor-element-234304f elementor-widget elementor-widget-text-editor\" data-id=\"234304f\" data-element_type=\"widget\" data-e-type=\"widget\" data-widget_type=\"text-editor.default\">\n\t\t\t\t<div class=\"elementor-widget-container\">\n\t\t\t\t\t\t\t\t\t<p>Prendre une microdose de psych\u00e9d\u00e9liques signifie que vous en prenez une tr\u00e8s petite quantit\u00e9. Cela permet de b\u00e9n\u00e9ficier des avantages de la drogue, mais sans qu&rsquo;elle ait d&rsquo;effet sur l&rsquo;esprit. Par exemple, le <a href=\"https:\/\/dutchmicrodosing.com\/fr\/quest-ce-que-le-microdosage\/\">microdosage<\/a> peut vous aider \u00e0 am\u00e9liorer votre niveau d&rsquo;\u00e9nergie, \u00e0 stimuler votre concentration ou \u00e0 vous sentir plus \u00e0 l&rsquo;aise dans votre peau. Mais le microdosage pr\u00e9sente-t-il des effets secondaires et des risques ?&nbsp;<\/p>\n<p>Les risques des psych\u00e9d\u00e9liques sont presque n\u00e9gligeables. Il est pratiquement impossible de prendre une dose mortelle de champignons, il faudrait en consommer d&rsquo;\u00e9normes quantit\u00e9s, ce qui n&rsquo;est jamais arriv\u00e9. La dose l\u00e9tale (pr\u00e9sum\u00e9e) des champignons magiques pour les humains est estim\u00e9e \u00e0 une quantit\u00e9 de champignons \u00e9gale au poids corporel de l&rsquo;utilisateur.<\/p>\n<h2>Recherche sur les effets secondaires et les risques du microdosage<\/h2>\n<p><span style=\"letter-spacing: 0.4px;\">Le microdosage est de plus en plus utilis\u00e9 pour favoriser la sant\u00e9. Il apporte de nombreux <a href=\"https:\/\/dutchmicrodosing.com\/fr\/avantages-microdosage\/\">avantages<\/a>, mais il est \u00e9galement bon de prendre en compte les effets secondaires et les risques possibles du microdosage. Jusqu&rsquo;\u00e0 r\u00e9cemment, il n&rsquo;y avait pas beaucoup de donn\u00e9es disponibles, mais heureusement, de plus en plus de recherches sont men\u00e9es sur les effets du microdosage.<\/span><\/p>\n<p><a href=\"https:\/\/en.wikipedia.org\/wiki\/James_Fadiman\" target=\"_blank\" style=\"background-color: rgb(255, 255, 255); letter-spacing: 0.4px;\">James Fadiman<\/a> a pass\u00e9 des ann\u00e9es \u00e0 collecter des donn\u00e9es (aupr\u00e8s de 1800 personnes de 59 pays diff\u00e9rents) qui lui ont envoy\u00e9 leurs exp\u00e9riences de microdosage. \u00c0 partir de ces informations et de ce que nous savons sur la prise de doses plus \u00e9lev\u00e9es de psych\u00e9d\u00e9liques, nous pouvons tirer certaines conclusions, telles que : pour la plupart des gens, le microdosage est sans danger.<\/p>\n<p><span style=\"letter-spacing: 0.4px;\">En prenant une dose aussi faible, on \u00e9vite de faire un mauvais trip. La dose n&rsquo;affectera pas votre conscience, dans le sens o\u00f9 vous n&rsquo;aurez pas d&rsquo;hallucinations. Parmi les personnes qui ont relat\u00e9 leur exp\u00e9rience \u00e0 Fadiman, aucune n&rsquo;avait souffert de psychose. \u00c0 terme, le microdosage de psilocybine sera consid\u00e9r\u00e9 comme une <a href=\"https:\/\/dutchmicrodosing.com\/fr\/applications-medicales\/\">application m\u00e9dicale<\/a>.<\/span><\/p>\n<p><img fetchpriority=\"high\" decoding=\"async\" class=\"aligncenter wp-image-27121 size-full\" src=\"https:\/\/dutchmicrodosing.com\/wp-content\/uploads\/2023\/08\/young-woman-sadness-hides-black-window-generated-by-ai.jpg\" alt=\"\" width=\"1500\" height=\"857\" srcset=\"https:\/\/dutchmicrodosing.com\/wp-content\/uploads\/2023\/08\/young-woman-sadness-hides-black-window-generated-by-ai.jpg 1500w, https:\/\/dutchmicrodosing.com\/wp-content\/uploads\/2023\/08\/young-woman-sadness-hides-black-window-generated-by-ai-600x343.jpg 600w, https:\/\/dutchmicrodosing.com\/wp-content\/uploads\/2023\/08\/young-woman-sadness-hides-black-window-generated-by-ai-300x171.jpg 300w, https:\/\/dutchmicrodosing.com\/wp-content\/uploads\/2023\/08\/young-woman-sadness-hides-black-window-generated-by-ai-1024x585.jpg 1024w, https:\/\/dutchmicrodosing.com\/wp-content\/uploads\/2023\/08\/young-woman-sadness-hides-black-window-generated-by-ai-768x439.jpg 768w\" sizes=\"(max-width: 1500px) 100vw, 1500px\" \/><\/p>\n<h3>Effets secondaires et risques possibles du microdosage :<\/h3>\n<ul>\n<li>Augmentation de l&rsquo;anxi\u00e9t\u00e9 : si vous souffrez d\u00e9j\u00e0 d&rsquo;anxi\u00e9t\u00e9, vous pouvez constater que vos craintes augmentent. Dans ce cas, le microdosage n&rsquo;est pas recommand\u00e9.<\/li>\n<li>Fatigue : elle survient surtout lors du microdosage de champignons magiques, qui contiennent de la psilocybine. Cela ne doit pas toujours \u00eatre un inconv\u00e9nient, si vous faites un microdosage pour avoir une meilleure nuit de sommeil. En option, vous pouvez choisir de prendre de la vitamine B12.<\/li>\n<li>Maux d&rsquo;estomac\/naus\u00e9es : l&rsquo;utilisation de champignons peut provoquer des naus\u00e9es ou des maux d&rsquo;estomac, qui dispara\u00eetront apr\u00e8s un certain temps.<\/li>\n<li>Sympt\u00f4mes dans les troubles bipolaires : Pendant la phase d\u00e9pressive, le microdosage a permis de r\u00e9duire les sympt\u00f4mes. Cependant, les personnes souffrant de troubles bipolaires ont d\u00e9conseill\u00e9 l&rsquo;utilisation de ce produit pendant une phase maniaque.<\/li>\n<li>Le daltonisme : les hommes qui sont daltoniens peuvent avoir des images r\u00e9manentes ou de l\u00e9g\u00e8res hallucinations. Cela ne doit pas arriver \u00e0 tout le monde.<\/li>\n<li>Maux de t\u00eate : le microdosage de psilocybine \u00ab\u00a0peut\u00a0\u00bb provoquer des maux de t\u00eate.<\/li>\n<\/ul>\n<h3>Raisons de ne pas utiliser le microdosage<\/h3>\n<p>Si le microdosage est sans danger pour la plupart des gens, il existe certains groupes de personnes qui ne devraient pas le faire. Il s&rsquo;agit de personnes souffrant de certaines pathologies ou lorsque vous prenez des m\u00e9dicaments.<\/p>\n<ul>\n<li>Lithium : si vous prenez du carbonate de lithium, il n&rsquo;est pas recommand\u00e9 de faire des microdoses avec des psych\u00e9d\u00e9liques. Cela peut repr\u00e9senter un risque et les recherches sur les effets de ces substances les unes sur les autres sont encore insuffisantes.<\/li>\n<li>Trouble anxieux : si vous souffrez d\u00e9j\u00e0 d&rsquo;un trouble anxieux, le microdosage peut l&rsquo;aggraver. Les craintes peuvent \u00eatre amplifi\u00e9es ou vous pouvez en prendre conscience. En cas de d\u00e9pression accompagn\u00e9e d&rsquo;anxi\u00e9t\u00e9, le microdosage peut apporter un soulagement.<\/li>\n<li>Parano\u00efa et suspicion : les sympt\u00f4mes peuvent s&rsquo;aggraver, mais c&rsquo;est tr\u00e8s rare.<\/li>\n<li>Psychose : si vous avez d\u00e9j\u00e0 eu une psychose ou si vous en souffrez encore, il n&rsquo;est pas recommand\u00e9 d&rsquo;utiliser ce m\u00e9dicament. Une forte dose d&rsquo;une drogue psych\u00e9d\u00e9lique peut induire une psychose. C&rsquo;est pourquoi le microdosage n&rsquo;est pas non plus recommand\u00e9.<\/li>\n<\/ul>\n<p><span style=\"letter-spacing: 0.4px;\">Tu ne devrais pas prendre de microdoses si tu.. :<\/span><\/p>\n<ul>\n<li>Vous avez 18 ans ou moins<\/li>\n<li>Enceinte ou allaitant<\/li>\n<\/ul>\n<p><span style=\"letter-spacing: 0.4px;\">Le microdosage n&rsquo;est pas non plus recommand\u00e9 en combinaison avec de l&rsquo;alcool ou d&rsquo;autres drogues. <\/span>Si vous utilisez des m\u00e9dicaments et que vous n&rsquo;\u00eates pas s\u00fbr de pouvoir les combiner, nous vous conseillons de contacter d&rsquo;abord votre m\u00e9decin traitant.<\/p>\n<p><img decoding=\"async\" class=\"aligncenter wp-image-27127 size-full\" src=\"https:\/\/dutchmicrodosing.com\/wp-content\/uploads\/2023\/08\/smiling-female-doctor-wearing-headset-while-working-medical-call-center-looking-camera-scaled.jpg\" alt=\"Effets secondaires du microdosage\" width=\"2560\" height=\"1707\" srcset=\"https:\/\/dutchmicrodosing.com\/wp-content\/uploads\/2023\/08\/smiling-female-doctor-wearing-headset-while-working-medical-call-center-looking-camera-scaled.jpg 2560w, https:\/\/dutchmicrodosing.com\/wp-content\/uploads\/2023\/08\/smiling-female-doctor-wearing-headset-while-working-medical-call-center-looking-camera-scaled-600x400.jpg 600w, https:\/\/dutchmicrodosing.com\/wp-content\/uploads\/2023\/08\/smiling-female-doctor-wearing-headset-while-working-medical-call-center-looking-camera-300x200.jpg 300w, https:\/\/dutchmicrodosing.com\/wp-content\/uploads\/2023\/08\/smiling-female-doctor-wearing-headset-while-working-medical-call-center-looking-camera-1024x683.jpg 1024w, https:\/\/dutchmicrodosing.com\/wp-content\/uploads\/2023\/08\/smiling-female-doctor-wearing-headset-while-working-medical-call-center-looking-camera-768x512.jpg 768w, https:\/\/dutchmicrodosing.com\/wp-content\/uploads\/2023\/08\/smiling-female-doctor-wearing-headset-while-working-medical-call-center-looking-camera-1536x1024.jpg 1536w, https:\/\/dutchmicrodosing.com\/wp-content\/uploads\/2023\/08\/smiling-female-doctor-wearing-headset-while-working-medical-call-center-looking-camera-2048x1365.jpg 2048w\" sizes=\"(max-width: 2560px) 100vw, 2560px\" \/><\/p>\n<h3>De quoi devez-vous faire attention ?<\/h3>\n<h4>Dosages<\/h4>\n<p>La microdose moyenne consiste en 10 % d&rsquo;une quantit\u00e9 normale. Cela peut parfois \u00eatre difficile \u00e0 mesurer. Il arrive donc que quelqu&rsquo;un en prenne trop au d\u00e9but. Mais vous pouvez en souffrir, et cela affecte votre <a href=\"https:\/\/dutchmicrodosing.com\/fr\/fonctions-cognitives\/\">fonctionnement quotidien<\/a>. Si vous prenez une microdose pour la premi\u00e8re fois, faites-le pendant un jour de repos afin de vous m\u00e9nager et de sentir ce qu&rsquo;il vous fait.<\/p>\n<h4>Effet en cas d&rsquo;utilisation et de non-utilisation<\/h4>\n<p>Un des effets du microdosage, c&rsquo;est qu&rsquo;on se sent bien quand on le prend. Par exemple : les sympt\u00f4mes d\u00e9pressifs diminuent ou vous avez plus d&rsquo;\u00e9nergie. Mais si vous arr\u00eatez de prendre le m\u00e9dicament (ce qui est recommand\u00e9 pour \u00e9viter la tol\u00e9rance), vos sympt\u00f4mes peuvent r\u00e9appara\u00eetre.<\/p>\n<h4>D\u00e9veloppement d&rsquo;une tol\u00e9rance ou d&rsquo;une d\u00e9pendance<\/h4>\n<p>Il n&rsquo;existe aucune preuve r\u00e9elle que l&rsquo;on puisse d\u00e9velopper une tol\u00e9rance au LSD ou \u00e0 la psilocybine, mais on suppose que c&rsquo;est le cas. Si vous \u00eates tol\u00e9rant au m\u00e9dicament, cela signifie qu&rsquo;il aura de moins en moins d&rsquo;effet. Cela peut donc arriver si vous en prenez tous les jours ou si vous utilisez une <a href=\"https:\/\/dutchmicrodosing.com\/fr\/routine-de-microdosage\/\">routine de prise<\/a> pendant une longue p\u00e9riode d&rsquo;affil\u00e9e. Un autre inconv\u00e9nient est que vous vous sentiriez d\u00e9pendant des microdoses, dans le sens o\u00f9 vous commenceriez \u00e0 penser que sans vos microdoses vous ne pourriez pas vous sentir bien, \u00eatre heureux ou cr\u00e9atif.<\/p>\t\t\t\t\t\t\t\t<\/div>\n\t\t\t\t<\/div>\n\t\t\t\t\t<\/div>\n\t\t<\/div>\n\t\t\t\t\t<\/div>\n\t\t<\/section>\n\t\t\t\t<\/div>\n\t\t","protected":false},"excerpt":{"rendered":"<p>Effets secondaires et risques du microdosage Prendre une microdose de psych\u00e9d\u00e9liques signifie que vous en prenez une tr\u00e8s petite quantit\u00e9. Cela permet de b\u00e9n\u00e9ficier des avantages de la drogue, mais sans qu&rsquo;elle ait d&rsquo;effet sur l&rsquo;esprit. Par exemple, le microdosage peut vous aider \u00e0 am\u00e9liorer votre niveau d&rsquo;\u00e9nergie, \u00e0 stimuler votre concentration ou \u00e0 vous [&hellip;]<\/p>\n","protected":false},"author":10,"featured_media":0,"parent":0,"menu_order":0,"comment_status":"closed","ping_status":"closed","template":"","meta":{"footnotes":""},"class_list":["post-4918","page","type-page","status-publish","hentry"],"yoast_head":"<!-- This site is optimized with the Yoast SEO Premium plugin v26.4 (Yoast SEO v27.2) - https:\/\/yoast.com\/product\/yoast-seo-premium-wordpress\/ -->\n<title>DutchMicrodosing | Effets secondaires et risques du microdosage<\/title>\n<meta name=\"description\" content=\"Lisez tout sur les effets secondaires du microdosage et d\u00e9couvrez quels sont les inconv\u00e9nients ou les r\u00e9actions possibles lors du microdosage.\" \/>\n<meta name=\"robots\" content=\"index, follow, max-snippet:-1, max-image-preview:large, max-video-preview:-1\" \/>\n<link rel=\"canonical\" href=\"https:\/\/dutchmicrodosing.com\/fr\/effets-secondaires-et-risques\/\" \/>\n<meta property=\"og:locale\" content=\"fr_FR\" \/>\n<meta property=\"og:type\" content=\"article\" \/>\n<meta property=\"og:title\" content=\"Effets secondaires et risques\" \/>\n<meta property=\"og:description\" content=\"Effets secondaires et risques du microdosage Prendre une microdose de psych\u00e9d\u00e9liques signifie que vous en prenez une tr\u00e8s petite quantit\u00e9. Cela permet de\" \/>\n<meta property=\"og:url\" content=\"https:\/\/dutchmicrodosing.com\/fr\/effets-secondaires-et-risques\/\" \/>\n<meta property=\"og:site_name\" content=\"Dutchmicrodosing\" \/>\n<meta property=\"article:publisher\" content=\"https:\/\/www.facebook.com\/Dutchmicrodosingxp\/\" \/>\n<meta property=\"article:modified_time\" content=\"2025-10-20T20:29:31+00:00\" \/>\n<meta property=\"og:image\" content=\"https:\/\/dutchmicrodosing.com\/wp-content\/uploads\/2023\/08\/young-woman-sadness-hides-black-window-generated-by-ai.jpg\" \/>\n\t<meta property=\"og:image:width\" content=\"1500\" \/>\n\t<meta property=\"og:image:height\" content=\"857\" \/>\n\t<meta property=\"og:image:type\" content=\"image\/jpeg\" \/>\n<meta name=\"twitter:card\" content=\"summary_large_image\" \/>\n<script type=\"application\/ld+json\" class=\"yoast-schema-graph\">{\"@context\":\"https:\/\/schema.org\",\"@graph\":[{\"@type\":\"WebPage\",\"@id\":\"https:\/\/dutchmicrodosing.com\/fr\/effets-secondaires-et-risques\/\",\"url\":\"https:\/\/dutchmicrodosing.com\/fr\/effets-secondaires-et-risques\/\",\"name\":\"DutchMicrodosing | Effets secondaires et risques du microdosage\",\"isPartOf\":{\"@id\":\"https:\/\/dutchmicrodosing.com\/fr\/#website\"},\"primaryImageOfPage\":{\"@id\":\"https:\/\/dutchmicrodosing.com\/fr\/effets-secondaires-et-risques\/#primaryimage\"},\"image\":{\"@id\":\"https:\/\/dutchmicrodosing.com\/fr\/effets-secondaires-et-risques\/#primaryimage\"},\"thumbnailUrl\":\"https:\/\/dutchmicrodosing.com\/wp-content\/uploads\/2023\/08\/young-woman-sadness-hides-black-window-generated-by-ai.jpg\",\"datePublished\":\"2021-05-04T18:55:28+00:00\",\"dateModified\":\"2025-10-20T20:29:31+00:00\",\"description\":\"Lisez tout sur les effets secondaires du microdosage et d\u00e9couvrez quels sont les inconv\u00e9nients ou les r\u00e9actions possibles lors du microdosage.\",\"breadcrumb\":{\"@id\":\"https:\/\/dutchmicrodosing.com\/fr\/effets-secondaires-et-risques\/#breadcrumb\"},\"inLanguage\":\"fr-FR\",\"potentialAction\":[{\"@type\":\"ReadAction\",\"target\":[\"https:\/\/dutchmicrodosing.com\/fr\/effets-secondaires-et-risques\/\"]}]},{\"@type\":\"ImageObject\",\"inLanguage\":\"fr-FR\",\"@id\":\"https:\/\/dutchmicrodosing.com\/fr\/effets-secondaires-et-risques\/#primaryimage\",\"url\":\"https:\/\/dutchmicrodosing.com\/wp-content\/uploads\/2023\/08\/young-woman-sadness-hides-black-window-generated-by-ai.jpg\",\"contentUrl\":\"https:\/\/dutchmicrodosing.com\/wp-content\/uploads\/2023\/08\/young-woman-sadness-hides-black-window-generated-by-ai.jpg\"},{\"@type\":\"BreadcrumbList\",\"@id\":\"https:\/\/dutchmicrodosing.com\/fr\/effets-secondaires-et-risques\/#breadcrumb\",\"itemListElement\":[{\"@type\":\"ListItem\",\"position\":1,\"name\":\"Home\",\"item\":\"https:\/\/dutchmicrodosing.com\/fr\/\"},{\"@type\":\"ListItem\",\"position\":2,\"name\":\"Effets secondaires et risques\"}]},{\"@type\":\"WebSite\",\"@id\":\"https:\/\/dutchmicrodosing.com\/fr\/#website\",\"url\":\"https:\/\/dutchmicrodosing.com\/fr\/\",\"name\":\"Dutchmicrodosing\",\"description\":\"\",\"publisher\":{\"@id\":\"https:\/\/dutchmicrodosing.com\/fr\/#organization\"},\"potentialAction\":[{\"@type\":\"SearchAction\",\"target\":{\"@type\":\"EntryPoint\",\"urlTemplate\":\"https:\/\/dutchmicrodosing.com\/fr\/?s={search_term_string}\"},\"query-input\":{\"@type\":\"PropertyValueSpecification\",\"valueRequired\":true,\"valueName\":\"search_term_string\"}}],\"inLanguage\":\"fr-FR\"},{\"@type\":\"Organization\",\"@id\":\"https:\/\/dutchmicrodosing.com\/fr\/#organization\",\"name\":\"Dutchmicrodosing\",\"url\":\"https:\/\/dutchmicrodosing.com\/fr\/\",\"logo\":{\"@type\":\"ImageObject\",\"inLanguage\":\"fr-FR\",\"@id\":\"https:\/\/dutchmicrodosing.com\/fr\/#\/schema\/logo\/image\/\",\"url\":\"https:\/\/dutchmicrodosing.com\/wp-content\/uploads\/2021\/01\/microdosing-categorie-pic-nieuw.jpg\",\"contentUrl\":\"https:\/\/dutchmicrodosing.com\/wp-content\/uploads\/2021\/01\/microdosing-categorie-pic-nieuw.jpg\",\"width\":500,\"height\":500,\"caption\":\"Dutchmicrodosing\"},\"image\":{\"@id\":\"https:\/\/dutchmicrodosing.com\/fr\/#\/schema\/logo\/image\/\"},\"sameAs\":[\"https:\/\/www.facebook.com\/Dutchmicrodosingxp\/\",\"https:\/\/www.instagram.com\/dutchmicrodosing\/\"]}]}<\/script>\n<!-- \/ Yoast SEO Premium plugin. -->","yoast_head_json":{"title":"DutchMicrodosing | Effets secondaires et risques du microdosage","description":"Lisez tout sur les effets secondaires du microdosage et d\u00e9couvrez quels sont les inconv\u00e9nients ou les r\u00e9actions possibles lors du microdosage.","robots":{"index":"index","follow":"follow","max-snippet":"max-snippet:-1","max-image-preview":"max-image-preview:large","max-video-preview":"max-video-preview:-1"},"canonical":"https:\/\/dutchmicrodosing.com\/fr\/effets-secondaires-et-risques\/","og_locale":"fr_FR","og_type":"article","og_title":"Effets secondaires et risques","og_description":"Effets secondaires et risques du microdosage Prendre une microdose de psych\u00e9d\u00e9liques signifie que vous en prenez une tr\u00e8s petite quantit\u00e9. Cela permet de","og_url":"https:\/\/dutchmicrodosing.com\/fr\/effets-secondaires-et-risques\/","og_site_name":"Dutchmicrodosing","article_publisher":"https:\/\/www.facebook.com\/Dutchmicrodosingxp\/","article_modified_time":"2025-10-20T20:29:31+00:00","og_image":[{"width":1500,"height":857,"url":"https:\/\/dutchmicrodosing.com\/wp-content\/uploads\/2023\/08\/young-woman-sadness-hides-black-window-generated-by-ai.jpg","type":"image\/jpeg"}],"twitter_card":"summary_large_image","schema":{"@context":"https:\/\/schema.org","@graph":[{"@type":"WebPage","@id":"https:\/\/dutchmicrodosing.com\/fr\/effets-secondaires-et-risques\/","url":"https:\/\/dutchmicrodosing.com\/fr\/effets-secondaires-et-risques\/","name":"DutchMicrodosing | Effets secondaires et risques du microdosage","isPartOf":{"@id":"https:\/\/dutchmicrodosing.com\/fr\/#website"},"primaryImageOfPage":{"@id":"https:\/\/dutchmicrodosing.com\/fr\/effets-secondaires-et-risques\/#primaryimage"},"image":{"@id":"https:\/\/dutchmicrodosing.com\/fr\/effets-secondaires-et-risques\/#primaryimage"},"thumbnailUrl":"https:\/\/dutchmicrodosing.com\/wp-content\/uploads\/2023\/08\/young-woman-sadness-hides-black-window-generated-by-ai.jpg","datePublished":"2021-05-04T18:55:28+00:00","dateModified":"2025-10-20T20:29:31+00:00","description":"Lisez tout sur les effets secondaires du microdosage et d\u00e9couvrez quels sont les inconv\u00e9nients ou les r\u00e9actions possibles lors du microdosage.","breadcrumb":{"@id":"https:\/\/dutchmicrodosing.com\/fr\/effets-secondaires-et-risques\/#breadcrumb"},"inLanguage":"fr-FR","potentialAction":[{"@type":"ReadAction","target":["https:\/\/dutchmicrodosing.com\/fr\/effets-secondaires-et-risques\/"]}]},{"@type":"ImageObject","inLanguage":"fr-FR","@id":"https:\/\/dutchmicrodosing.com\/fr\/effets-secondaires-et-risques\/#primaryimage","url":"https:\/\/dutchmicrodosing.com\/wp-content\/uploads\/2023\/08\/young-woman-sadness-hides-black-window-generated-by-ai.jpg","contentUrl":"https:\/\/dutchmicrodosing.com\/wp-content\/uploads\/2023\/08\/young-woman-sadness-hides-black-window-generated-by-ai.jpg"},{"@type":"BreadcrumbList","@id":"https:\/\/dutchmicrodosing.com\/fr\/effets-secondaires-et-risques\/#breadcrumb","itemListElement":[{"@type":"ListItem","position":1,"name":"Home","item":"https:\/\/dutchmicrodosing.com\/fr\/"},{"@type":"ListItem","position":2,"name":"Effets secondaires et risques"}]},{"@type":"WebSite","@id":"https:\/\/dutchmicrodosing.com\/fr\/#website","url":"https:\/\/dutchmicrodosing.com\/fr\/","name":"Dutchmicrodosing","description":"","publisher":{"@id":"https:\/\/dutchmicrodosing.com\/fr\/#organization"},"potentialAction":[{"@type":"SearchAction","target":{"@type":"EntryPoint","urlTemplate":"https:\/\/dutchmicrodosing.com\/fr\/?s={search_term_string}"},"query-input":{"@type":"PropertyValueSpecification","valueRequired":true,"valueName":"search_term_string"}}],"inLanguage":"fr-FR"},{"@type":"Organization","@id":"https:\/\/dutchmicrodosing.com\/fr\/#organization","name":"Dutchmicrodosing","url":"https:\/\/dutchmicrodosing.com\/fr\/","logo":{"@type":"ImageObject","inLanguage":"fr-FR","@id":"https:\/\/dutchmicrodosing.com\/fr\/#\/schema\/logo\/image\/","url":"https:\/\/dutchmicrodosing.com\/wp-content\/uploads\/2021\/01\/microdosing-categorie-pic-nieuw.jpg","contentUrl":"https:\/\/dutchmicrodosing.com\/wp-content\/uploads\/2021\/01\/microdosing-categorie-pic-nieuw.jpg","width":500,"height":500,"caption":"Dutchmicrodosing"},"image":{"@id":"https:\/\/dutchmicrodosing.com\/fr\/#\/schema\/logo\/image\/"},"sameAs":["https:\/\/www.facebook.com\/Dutchmicrodosingxp\/","https:\/\/www.instagram.com\/dutchmicrodosing\/"]}]}},"_links":{"self":[{"href":"https:\/\/dutchmicrodosing.com\/fr\/wp-json\/wp\/v2\/pages\/4918","targetHints":{"allow":["GET"]}}],"collection":[{"href":"https:\/\/dutchmicrodosing.com\/fr\/wp-json\/wp\/v2\/pages"}],"about":[{"href":"https:\/\/dutchmicrodosing.com\/fr\/wp-json\/wp\/v2\/types\/page"}],"author":[{"embeddable":true,"href":"https:\/\/dutchmicrodosing.com\/fr\/wp-json\/wp\/v2\/users\/10"}],"replies":[{"embeddable":true,"href":"https:\/\/dutchmicrodosing.com\/fr\/wp-json\/wp\/v2\/comments?post=4918"}],"version-history":[{"count":0,"href":"https:\/\/dutchmicrodosing.com\/fr\/wp-json\/wp\/v2\/pages\/4918\/revisions"}],"wp:attachment":[{"href":"https:\/\/dutchmicrodosing.com\/fr\/wp-json\/wp\/v2\/media?parent=4918"}],"curies":[{"name":"wp","href":"https:\/\/api.w.org\/{rel}","templated":true}]}}