{"id":12542,"date":"2022-04-06T16:53:42","date_gmt":"2022-04-10T20:26:08","guid":{"rendered":"https:\/\/dutchmicrodosing.com\/shop\/pajaritos-truffes-15-gr\/"},"modified":"2023-03-11T12:39:26","modified_gmt":"2023-03-11T11:39:26","slug":"pajaritos-truffes-15-gr","status":"publish","type":"product","link":"https:\/\/dutchmicrodosing.com\/fr\/truffes-a-la-psilocybine\/truffes-magiques\/pajaritos-truffes-15-gr\/","title":{"rendered":"Truffes Pajaritos 15 Gr"},"content":{"rendered":"<p>Si vous n&rsquo;avez pas encore l&rsquo;habitude d&rsquo;utiliser des truffes magiques, la truffe Pajaritos est une bonne option ! La truffe magique heureuse est de force moyenne, ce qui la rend appropri\u00e9e si vous avez d\u00e9j\u00e0 utilis\u00e9 des truffes. Les effets vous laissent dans l&rsquo;euphorie et le rire. Plus tard au cours du voyage, vous vous calmez et vous vous repliez sur vous-m\u00eame pendant un certain temps afin de parvenir \u00e0 une compr\u00e9hension philosophique. La truffe magique Pajaritos vous donne un surplus d&rsquo;\u00e9nergie et est de force moyenne. De plus, la truffe Pajaritos vous aide \u00e0 faire preuve d&rsquo;une grande cr\u00e9ativit\u00e9 pour r\u00e9soudre les probl\u00e8mes que vous rencontrez depuis un certain temps. Le happy trip en fait une bonne truffe \u00e0 emporter avec ses amis. La truffe peut provoquer de l\u00e9g\u00e8res hallucinations et fournit des images color\u00e9es.<\/p>\n<h2>D&rsquo;o\u00f9 vient la truffe Pajaritos ?<\/h2>\n<p>La truffe magique Pajaritos est une truffe l\u00e9g\u00e8rement plus puissante que la truffe Mexicana. Et pourtant, elle est l\u00e9g\u00e8rement plus faible que la truffe magique Tampanensis. En effet, la truffe de Pajaritos n&rsquo;est pas tr\u00e8s riche en psilocybine, un compos\u00e9 psychoactif. Il s&rsquo;agit donc d&rsquo;une bonne \u00e9tape, qui convient \u00e9galement aux psychonautes exp\u00e9riment\u00e9s qui ont besoin d&rsquo;un voyage stimulant.<\/p>\n<h2>Pr\u00e9parer un voyage sur les truffes magiques de Pajaritos<\/h2>\n<p>Il est essentiel de se pr\u00e9parer \u00e0 un voyage sur les truffes magiques. Pour que les truffes magiques fonctionnent correctement, mangez-les \u00e0 jeun. Cela signifie ne rien manger quelques heures avant le voyage. Pendant le voyage, vous pouvez bien s\u00fbr manger et boire comme d&rsquo;habitude. Alors assurez-vous de le pr\u00e9parer pour ne pas avoir \u00e0 chercher entre toutes les hallucinations. Les d\u00e9placements se font dans un environnement familier et s\u00fbr. Ce faisant, vous vous assurez de bien conna\u00eetre et de faire confiance \u00e0 vos coll\u00e8gues psychonautes. En outre, assurez-vous qu&rsquo;un tripteur est pr\u00e9sent. Il s&rsquo;agit d&rsquo;un ami ou d&rsquo;un associ\u00e9 sobre qui vous aide pendant le voyage. En fait, votre voyage est peut-\u00eatre trop intense. Alors il est bon d&rsquo;avoir un ami terre-\u00e0-terre sur lequel vous pouvez compter et qui vous aidera quand vous en aurez besoin. En effet, lors d&rsquo;un voyage avec les truffes Pajaritos, on perd la notion du temps et de l&rsquo;espace. Enfin, assurez-vous d&rsquo;avoir un dispositif de s\u00e9curit\u00e9 dans la maison. Cela vous aide, lors d&rsquo;un voyage difficile, \u00e0 vous d\u00e9tendre et \u00e0 acc\u00e9l\u00e9rer le processus de d\u00e9composition.<\/p>\n<h2>Comment conserver les truffes Pajaritos ?<\/h2>\n<p>Si vous d\u00e9cidez de ne pas consommer les truffes Pajaritos fra\u00eeches tout de suite, vous pouvez les conserver. Conservez-les au frais et au sec. Le r\u00e9frig\u00e9rateur est un excellent endroit pour cela. Vous pouvez alors souvent les conserver pendant au moins un mois de plus. La temp\u00e9rature id\u00e9ale se situe entre 2 et 4 degr\u00e9s Celsius. Veillez \u00e0 v\u00e9rifier la date de p\u00e9remption indiqu\u00e9e sur l&#8217;emballage pour savoir combien de temps ils se conservent.<\/p>\n<h2>Programme de dosage des truffes magiques<\/h2>\n<p>Ces doses sont destin\u00e9es aux personnes qui veulent faire connaissance avec les truffes \u00e0 la psilocybine pour la premi\u00e8re fois. Si vous avez d\u00e9j\u00e0 une exp\u00e9rience des truffes \u00e0 la psilocybine ou des champignons magiques, vous pouvez augmenter la dose en fonction de votre d\u00e9sir.<\/p>\n<p><strong>Voyage l\u00e9ger Voyage l\u00e9ger Voyage lourd<\/strong><\/p>\n<ul>\n<li>50 kg = 5 grammes 6,7 grammes 11,2 grammes<\/li>\n<li>60 kg = 6 grammes 8 grammes 13,4 grammes<\/li>\n<li>70 kg = 7 grammes 9,3 grammes 15,6 grammes<\/li>\n<li>80 kg = 8 grammes 10,6 grammes 17,8 grammes<\/li>\n<li>90 kg = 9 grammes 11,9 grammes 20 grammes<\/li>\n<li>100 kg = 10 grammes 13,5 grammes 22,2 grammes<\/li>\n<\/ul>\n<p>Pour un voyage l\u00e9ger, augmentez la dose de +\/- 0,1 gramme par kilo de poids corporel, par exemple : 51 kilos = 5,1 grammes.<br \/>\nPour un voyage en Douceur, augmentez la dose de +\/- 0,13\/15 grammes par kilogramme de poids corporel, par exemple : 51 kilogrammes = 6,85 grammes.<br \/>\nPour un voyage lourd, augmentez la dose de +\/-0,22 gramme par kilo de poids corporel, par exemple : 51 kilos = 11,42 grammes.<\/p>\n<h2>Avertissement sur le produit<\/h2>\n<ul>\n<li>N&rsquo;utilisez pas les truffes aux champignons si vous \u00eates de mauvaise humeur, d\u00e9prim\u00e9, psychotique ou si vous avez des probl\u00e8mes mentaux. Les truffes magiques ne conviennent pas aux mineurs ni aux femmes enceintes. Il n&rsquo;est pas non plus judicieux de conduire ou d&rsquo;utiliser des machines lourdes sous l&rsquo;influence de la psilocybine.<\/li>\n<li>Les truffes aux champignons ne doivent jamais \u00eatre utilis\u00e9es en association avec de l&rsquo;alcool ou d&rsquo;autres drogues (prescrites ou ill\u00e9gales). Commencez par une petite dose et assurez-vous que vous \u00eates \u00e0 l&rsquo;aise en compagnie et dans votre environnement.<\/li>\n<\/ul>\n","protected":false},"excerpt":{"rendered":"<p>Si vous n&rsquo;avez pas encore l&rsquo;habitude d&rsquo;utiliser des truffes magiques, la truffe Pajaritos est une bonne option ! La truffe magique heureuse est de force moyenne, ce qui la rend appropri\u00e9e si vous avez d\u00e9j\u00e0 utilis\u00e9 des truffes. Les effets vous laissent dans l&rsquo;euphorie et le rire. Plus tard au cours du voyage, vous vous [&hellip;]<\/p>\n","protected":false},"featured_media":12225,"comment_status":"closed","ping_status":"closed","template":"","meta":[],"product_brand":[],"product_cat":[201],"product_tag":[],"class_list":{"0":"post-12542","1":"product","2":"type-product","3":"status-publish","4":"has-post-thumbnail","6":"product_cat-truffes-magiques","8":"first","9":"instock","10":"taxable","11":"shipping-taxable","12":"purchasable","13":"product-type-simple"},"yoast_head":"<!-- This site is optimized with the Yoast SEO Premium plugin v26.4 (Yoast SEO v27.4) - https:\/\/yoast.com\/product\/yoast-seo-premium-wordpress\/ -->\n<title>Truffes Pajaritos 15 Gr - Dutchmicrodosing<\/title>\n<meta name=\"robots\" content=\"index, follow, max-snippet:-1, max-image-preview:large, max-video-preview:-1\" \/>\n<link rel=\"canonical\" href=\"https:\/\/dutchmicrodosing.com\/fr\/truffes-a-la-psilocybine\/truffes-magiques\/pajaritos-truffes-15-gr\/\" \/>\n<meta property=\"og:locale\" content=\"fr_FR\" \/>\n<meta property=\"og:type\" content=\"article\" \/>\n<meta property=\"og:title\" content=\"Truffes Pajaritos 15 Gr\" \/>\n<meta property=\"og:description\" content=\"Si vous n&#039;avez pas encore l&#039;habitude d&#039;utiliser des truffes magiques, la truffe Pajaritos est une bonne option ! La truffe magique heureuse est de force\" \/>\n<meta property=\"og:url\" content=\"https:\/\/dutchmicrodosing.com\/fr\/truffes-a-la-psilocybine\/truffes-magiques\/pajaritos-truffes-15-gr\/\" \/>\n<meta property=\"og:site_name\" content=\"Dutchmicrodosing\" \/>\n<meta property=\"article:publisher\" content=\"https:\/\/www.facebook.com\/Dutchmicrodosingxp\/\" \/>\n<meta property=\"article:modified_time\" content=\"2023-03-11T11:39:26+00:00\" \/>\n<meta property=\"og:image\" content=\"https:\/\/dutchmicrodosing.com\/wp-content\/uploads\/2022\/04\/royal-magic-truffles-pajaritos-truffels.jpg\" \/>\n\t<meta property=\"og:image:width\" content=\"300\" \/>\n\t<meta property=\"og:image:height\" content=\"300\" \/>\n\t<meta property=\"og:image:type\" content=\"image\/jpeg\" \/>\n<meta name=\"twitter:card\" content=\"summary_large_image\" \/>\n<script type=\"application\/ld+json\" class=\"yoast-schema-graph\">{\"@context\":\"https:\\\/\\\/schema.org\",\"@graph\":[{\"@type\":\"WebPage\",\"@id\":\"https:\\\/\\\/dutchmicrodosing.com\\\/fr\\\/truffes-a-la-psilocybine\\\/truffes-magiques\\\/pajaritos-truffes-15-gr\\\/\",\"url\":\"https:\\\/\\\/dutchmicrodosing.com\\\/fr\\\/truffes-a-la-psilocybine\\\/truffes-magiques\\\/pajaritos-truffes-15-gr\\\/\",\"name\":\"Truffes Pajaritos 15 Gr - Dutchmicrodosing\",\"isPartOf\":{\"@id\":\"https:\\\/\\\/dutchmicrodosing.com\\\/fr\\\/#website\"},\"primaryImageOfPage\":{\"@id\":\"https:\\\/\\\/dutchmicrodosing.com\\\/fr\\\/truffes-a-la-psilocybine\\\/truffes-magiques\\\/pajaritos-truffes-15-gr\\\/#primaryimage\"},\"image\":{\"@id\":\"https:\\\/\\\/dutchmicrodosing.com\\\/fr\\\/truffes-a-la-psilocybine\\\/truffes-magiques\\\/pajaritos-truffes-15-gr\\\/#primaryimage\"},\"thumbnailUrl\":\"https:\\\/\\\/dutchmicrodosing.com\\\/wp-content\\\/uploads\\\/2022\\\/04\\\/royal-magic-truffles-pajaritos-truffels.jpg\",\"datePublished\":\"2022-04-10T20:26:08+00:00\",\"dateModified\":\"2023-03-11T11:39:26+00:00\",\"breadcrumb\":{\"@id\":\"https:\\\/\\\/dutchmicrodosing.com\\\/fr\\\/truffes-a-la-psilocybine\\\/truffes-magiques\\\/pajaritos-truffes-15-gr\\\/#breadcrumb\"},\"inLanguage\":\"fr-FR\",\"potentialAction\":[{\"@type\":\"ReadAction\",\"target\":[\"https:\\\/\\\/dutchmicrodosing.com\\\/fr\\\/truffes-a-la-psilocybine\\\/truffes-magiques\\\/pajaritos-truffes-15-gr\\\/\"]}]},{\"@type\":\"ImageObject\",\"inLanguage\":\"fr-FR\",\"@id\":\"https:\\\/\\\/dutchmicrodosing.com\\\/fr\\\/truffes-a-la-psilocybine\\\/truffes-magiques\\\/pajaritos-truffes-15-gr\\\/#primaryimage\",\"url\":\"https:\\\/\\\/dutchmicrodosing.com\\\/wp-content\\\/uploads\\\/2022\\\/04\\\/royal-magic-truffles-pajaritos-truffels.jpg\",\"contentUrl\":\"https:\\\/\\\/dutchmicrodosing.com\\\/wp-content\\\/uploads\\\/2022\\\/04\\\/royal-magic-truffles-pajaritos-truffels.jpg\",\"width\":300,\"height\":300},{\"@type\":\"BreadcrumbList\",\"@id\":\"https:\\\/\\\/dutchmicrodosing.com\\\/fr\\\/truffes-a-la-psilocybine\\\/truffes-magiques\\\/pajaritos-truffes-15-gr\\\/#breadcrumb\",\"itemListElement\":[{\"@type\":\"ListItem\",\"position\":1,\"name\":\"Home\",\"item\":\"https:\\\/\\\/dutchmicrodosing.com\\\/fr\\\/\"},{\"@type\":\"ListItem\",\"position\":2,\"name\":\"Boutique\",\"item\":\"https:\\\/\\\/dutchmicrodosing.com\\\/fr\\\/boutique\\\/\"},{\"@type\":\"ListItem\",\"position\":3,\"name\":\"Truffes Pajaritos 15 Gr\"}]},{\"@type\":\"WebSite\",\"@id\":\"https:\\\/\\\/dutchmicrodosing.com\\\/fr\\\/#website\",\"url\":\"https:\\\/\\\/dutchmicrodosing.com\\\/fr\\\/\",\"name\":\"Dutchmicrodosing\",\"description\":\"\",\"publisher\":{\"@id\":\"https:\\\/\\\/dutchmicrodosing.com\\\/fr\\\/#organization\"},\"potentialAction\":[{\"@type\":\"SearchAction\",\"target\":{\"@type\":\"EntryPoint\",\"urlTemplate\":\"https:\\\/\\\/dutchmicrodosing.com\\\/fr\\\/?s={search_term_string}\"},\"query-input\":{\"@type\":\"PropertyValueSpecification\",\"valueRequired\":true,\"valueName\":\"search_term_string\"}}],\"inLanguage\":\"fr-FR\"},{\"@type\":\"Organization\",\"@id\":\"https:\\\/\\\/dutchmicrodosing.com\\\/fr\\\/#organization\",\"name\":\"Dutchmicrodosing\",\"url\":\"https:\\\/\\\/dutchmicrodosing.com\\\/fr\\\/\",\"logo\":{\"@type\":\"ImageObject\",\"inLanguage\":\"fr-FR\",\"@id\":\"https:\\\/\\\/dutchmicrodosing.com\\\/fr\\\/#\\\/schema\\\/logo\\\/image\\\/\",\"url\":\"https:\\\/\\\/dutchmicrodosing.com\\\/wp-content\\\/uploads\\\/2021\\\/01\\\/microdosing-categorie-pic-nieuw.jpg\",\"contentUrl\":\"https:\\\/\\\/dutchmicrodosing.com\\\/wp-content\\\/uploads\\\/2021\\\/01\\\/microdosing-categorie-pic-nieuw.jpg\",\"width\":500,\"height\":500,\"caption\":\"Dutchmicrodosing\"},\"image\":{\"@id\":\"https:\\\/\\\/dutchmicrodosing.com\\\/fr\\\/#\\\/schema\\\/logo\\\/image\\\/\"},\"sameAs\":[\"https:\\\/\\\/www.facebook.com\\\/Dutchmicrodosingxp\\\/\",\"https:\\\/\\\/www.instagram.com\\\/dutchmicrodosing\\\/\"]}]}<\/script>\n<meta property=\"product:price:amount\" content=\"14.95\" \/>\n<meta property=\"product:price:currency\" content=\"EUR\" \/>\n<meta property=\"og:availability\" content=\"instock\" \/>\n<meta property=\"product:availability\" content=\"instock\" \/>\n<meta property=\"product:retailer_item_id\" content=\"0201173\" \/>\n<meta property=\"product:condition\" content=\"new\" \/>\n<!-- \/ Yoast SEO Premium plugin. -->","yoast_head_json":{"title":"Truffes Pajaritos 15 Gr - Dutchmicrodosing","robots":{"index":"index","follow":"follow","max-snippet":"max-snippet:-1","max-image-preview":"max-image-preview:large","max-video-preview":"max-video-preview:-1"},"canonical":"https:\/\/dutchmicrodosing.com\/fr\/truffes-a-la-psilocybine\/truffes-magiques\/pajaritos-truffes-15-gr\/","og_locale":"fr_FR","og_type":"article","og_title":"Truffes Pajaritos 15 Gr","og_description":"Si vous n'avez pas encore l'habitude d'utiliser des truffes magiques, la truffe Pajaritos est une bonne option ! La truffe magique heureuse est de force","og_url":"https:\/\/dutchmicrodosing.com\/fr\/truffes-a-la-psilocybine\/truffes-magiques\/pajaritos-truffes-15-gr\/","og_site_name":"Dutchmicrodosing","article_publisher":"https:\/\/www.facebook.com\/Dutchmicrodosingxp\/","article_modified_time":"2023-03-11T11:39:26+00:00","og_image":[{"width":300,"height":300,"url":"https:\/\/dutchmicrodosing.com\/wp-content\/uploads\/2022\/04\/royal-magic-truffles-pajaritos-truffels.jpg","type":"image\/jpeg"}],"twitter_card":"summary_large_image","schema":{"@context":"https:\/\/schema.org","@graph":[{"@type":"WebPage","@id":"https:\/\/dutchmicrodosing.com\/fr\/truffes-a-la-psilocybine\/truffes-magiques\/pajaritos-truffes-15-gr\/","url":"https:\/\/dutchmicrodosing.com\/fr\/truffes-a-la-psilocybine\/truffes-magiques\/pajaritos-truffes-15-gr\/","name":"Truffes Pajaritos 15 Gr - Dutchmicrodosing","isPartOf":{"@id":"https:\/\/dutchmicrodosing.com\/fr\/#website"},"primaryImageOfPage":{"@id":"https:\/\/dutchmicrodosing.com\/fr\/truffes-a-la-psilocybine\/truffes-magiques\/pajaritos-truffes-15-gr\/#primaryimage"},"image":{"@id":"https:\/\/dutchmicrodosing.com\/fr\/truffes-a-la-psilocybine\/truffes-magiques\/pajaritos-truffes-15-gr\/#primaryimage"},"thumbnailUrl":"https:\/\/dutchmicrodosing.com\/wp-content\/uploads\/2022\/04\/royal-magic-truffles-pajaritos-truffels.jpg","datePublished":"2022-04-10T20:26:08+00:00","dateModified":"2023-03-11T11:39:26+00:00","breadcrumb":{"@id":"https:\/\/dutchmicrodosing.com\/fr\/truffes-a-la-psilocybine\/truffes-magiques\/pajaritos-truffes-15-gr\/#breadcrumb"},"inLanguage":"fr-FR","potentialAction":[{"@type":"ReadAction","target":["https:\/\/dutchmicrodosing.com\/fr\/truffes-a-la-psilocybine\/truffes-magiques\/pajaritos-truffes-15-gr\/"]}]},{"@type":"ImageObject","inLanguage":"fr-FR","@id":"https:\/\/dutchmicrodosing.com\/fr\/truffes-a-la-psilocybine\/truffes-magiques\/pajaritos-truffes-15-gr\/#primaryimage","url":"https:\/\/dutchmicrodosing.com\/wp-content\/uploads\/2022\/04\/royal-magic-truffles-pajaritos-truffels.jpg","contentUrl":"https:\/\/dutchmicrodosing.com\/wp-content\/uploads\/2022\/04\/royal-magic-truffles-pajaritos-truffels.jpg","width":300,"height":300},{"@type":"BreadcrumbList","@id":"https:\/\/dutchmicrodosing.com\/fr\/truffes-a-la-psilocybine\/truffes-magiques\/pajaritos-truffes-15-gr\/#breadcrumb","itemListElement":[{"@type":"ListItem","position":1,"name":"Home","item":"https:\/\/dutchmicrodosing.com\/fr\/"},{"@type":"ListItem","position":2,"name":"Boutique","item":"https:\/\/dutchmicrodosing.com\/fr\/boutique\/"},{"@type":"ListItem","position":3,"name":"Truffes Pajaritos 15 Gr"}]},{"@type":"WebSite","@id":"https:\/\/dutchmicrodosing.com\/fr\/#website","url":"https:\/\/dutchmicrodosing.com\/fr\/","name":"Dutchmicrodosing","description":"","publisher":{"@id":"https:\/\/dutchmicrodosing.com\/fr\/#organization"},"potentialAction":[{"@type":"SearchAction","target":{"@type":"EntryPoint","urlTemplate":"https:\/\/dutchmicrodosing.com\/fr\/?s={search_term_string}"},"query-input":{"@type":"PropertyValueSpecification","valueRequired":true,"valueName":"search_term_string"}}],"inLanguage":"fr-FR"},{"@type":"Organization","@id":"https:\/\/dutchmicrodosing.com\/fr\/#organization","name":"Dutchmicrodosing","url":"https:\/\/dutchmicrodosing.com\/fr\/","logo":{"@type":"ImageObject","inLanguage":"fr-FR","@id":"https:\/\/dutchmicrodosing.com\/fr\/#\/schema\/logo\/image\/","url":"https:\/\/dutchmicrodosing.com\/wp-content\/uploads\/2021\/01\/microdosing-categorie-pic-nieuw.jpg","contentUrl":"https:\/\/dutchmicrodosing.com\/wp-content\/uploads\/2021\/01\/microdosing-categorie-pic-nieuw.jpg","width":500,"height":500,"caption":"Dutchmicrodosing"},"image":{"@id":"https:\/\/dutchmicrodosing.com\/fr\/#\/schema\/logo\/image\/"},"sameAs":["https:\/\/www.facebook.com\/Dutchmicrodosingxp\/","https:\/\/www.instagram.com\/dutchmicrodosing\/"]}]},"product_price_amount":"14.95","product_price_currency":"EUR","og_availability":"instock","product_availability":"instock","product_retailer_item_id":"0201173","product_condition":"new"},"_links":{"self":[{"href":"https:\/\/dutchmicrodosing.com\/fr\/wp-json\/wp\/v2\/product\/12542","targetHints":{"allow":["GET"]}}],"collection":[{"href":"https:\/\/dutchmicrodosing.com\/fr\/wp-json\/wp\/v2\/product"}],"about":[{"href":"https:\/\/dutchmicrodosing.com\/fr\/wp-json\/wp\/v2\/types\/product"}],"replies":[{"embeddable":true,"href":"https:\/\/dutchmicrodosing.com\/fr\/wp-json\/wp\/v2\/comments?post=12542"}],"version-history":[{"count":0,"href":"https:\/\/dutchmicrodosing.com\/fr\/wp-json\/wp\/v2\/product\/12542\/revisions"}],"wp:featuredmedia":[{"embeddable":true,"href":"https:\/\/dutchmicrodosing.com\/fr\/wp-json\/wp\/v2\/media\/12225"}],"wp:attachment":[{"href":"https:\/\/dutchmicrodosing.com\/fr\/wp-json\/wp\/v2\/media?parent=12542"}],"wp:term":[{"taxonomy":"product_brand","embeddable":true,"href":"https:\/\/dutchmicrodosing.com\/fr\/wp-json\/wp\/v2\/product_brand?post=12542"},{"taxonomy":"product_cat","embeddable":true,"href":"https:\/\/dutchmicrodosing.com\/fr\/wp-json\/wp\/v2\/product_cat?post=12542"},{"taxonomy":"product_tag","embeddable":true,"href":"https:\/\/dutchmicrodosing.com\/fr\/wp-json\/wp\/v2\/product_tag?post=12542"}],"curies":[{"name":"wp","href":"https:\/\/api.w.org\/{rel}","templated":true}]}}