{"id":12543,"date":"2022-04-06T21:59:56","date_gmt":"2022-04-10T20:26:10","guid":{"rendered":"https:\/\/dutchmicrodosing.com\/shop\/truffes-amazonia-galindoi\/"},"modified":"2025-02-20T14:16:50","modified_gmt":"2025-02-20T13:16:50","slug":"truffes-amazonia-galindoi","status":"publish","type":"product","link":"https:\/\/dutchmicrodosing.com\/fr\/truffes-a-la-psilocybine\/truffes-magiques\/truffes-amazonia-galindoi\/","title":{"rendered":"Truffes Amazonia Galindoi 25 Gr."},"content":{"rendered":"<p>Cette truffe magique tropicale est une truffe puissante \u00e0 forte teneur en psilocybine, un compos\u00e9 psychoactif. Entrez en contact avec la nature et acqu\u00e9rez de nouvelles connaissances avec la truffe magique Amazonia Galindoi. La truffe appartient au champignon tropical PES et vous aide \u00e0 acqu\u00e9rir de nouvelles connaissances. La truffe \u00e9tait autrefois utilis\u00e9e par les chamans pour acc\u00e9der \u00e0 de nouvelles connaissances par le biais de visions et d&rsquo;hallucinations r\u00e9alistes, et elle am\u00e9liore les capacit\u00e9s de r\u00e9solution des probl\u00e8mes. La truffe magique est donc particuli\u00e8rement adapt\u00e9e pour \u00eatre utilis\u00e9e \u00e0 des fins spirituelles. Vous voulez toujours utiliser une truffe magique tropicale, mais vous avez peu d&rsquo;exp\u00e9rience ? Alors la truffe magique Pajaritos est une tr\u00e8s bonne option !<\/p>\n<h2>Dosage de la truffe Amazonia Galindoi<\/h2>\n<p>Vous pouvez consid\u00e9rer la truffe magique Amazonia Galindoi comme un dosage an sich. Le paquet contient une dose de pas moins de 25 grammes. Il suffit d&rsquo;entrer dans de nouveaux mondes quand on fait un trip avec ce champignon. Il s&rsquo;agit cependant d&rsquo;une portion d\u00e9cente, il est donc pr\u00e9f\u00e9rable de manger par \u00e9tapes. Vous voulez un voyage plus l\u00e9ger ? Dans ce cas, une dose de plus de 10 grammes est d\u00e9j\u00e0 suffisante. Vous aurez alors des visuels l\u00e9gers et vous remarquerez d\u00e9j\u00e0 les premiers effets, mais pas n\u00e9cessairement des trips profonds et intenses.<\/p>\n<h2>Dur\u00e9e d&rsquo;un voyage sur les truffes magiques Amazonia Galindoi<\/h2>\n<p>Les truffes Amazonia Galindoi commenceront \u00e0 fonctionner apr\u00e8s environ 45 minutes. Le voyage dure environ 6 \u00e0 8 heures. C&rsquo;est une truffe qui convient parfaitement aux psychonautes exp\u00e9riment\u00e9s pour une raison.<\/p>\n<h2>Pr\u00e9paration d&rsquo;un voyage sur les truffes magiques Amazonia Galindoi<\/h2>\n<p>Il est important de bien se pr\u00e9parer au voyage. Pour que les truffes magiques fonctionnent correctement, mangez-les \u00e0 jeun. Cela signifie ne rien manger pendant plusieurs heures avant le voyage. Pendant le voyage, vous pouvez bien s\u00fbr manger et boire comme d&rsquo;habitude. Alors assurez-vous de le pr\u00e9parer pour ne pas avoir \u00e0 chercher entre toutes les hallucinations. Les d\u00e9placements se font dans un environnement familier et s\u00fbr. Ce faisant, vous vous assurez de bien conna\u00eetre et de faire confiance \u00e0 vos coll\u00e8gues psychonautes. Il est donc pr\u00e9f\u00e9rable de voyager avec votre partenaire ou vos amis. En outre, assurez-vous qu&rsquo;un tripteur est pr\u00e9sent. Il s&rsquo;agit d&rsquo;un ami ou d&rsquo;un associ\u00e9 sobre qui vous aide pendant le voyage. En fait, votre voyage est peut-\u00eatre trop intense. Alors il est bon d&rsquo;avoir un ami terre-\u00e0-terre sur lequel vous pouvez compter et qui vous aidera quand vous en aurez besoin. Vous pouvez \u00e9galement utiliser un bouchon de voyage. Cela enl\u00e8ve les bords tranchants du voyage.<\/p>\n<h2>Conservation des truffes Amazonia Galindoi<\/h2>\n<p>Si vous d\u00e9cidez de ne pas consommer imm\u00e9diatement les truffes Galindoi d&rsquo;Amazonie fra\u00eeches, vous pouvez les conserver. Conservez-les au frais et au sec. Le r\u00e9frig\u00e9rateur est un excellent endroit pour cela. Vous pouvez alors souvent les conserver pendant au moins un mois de plus. La temp\u00e9rature id\u00e9ale se situe entre 2 et 4 degr\u00e9s Celsius. Veillez \u00e0 v\u00e9rifier la date de p\u00e9remption indiqu\u00e9e sur l&#8217;emballage pour savoir combien de temps ils se conservent.<\/p>\n<h2>Avertissement sur le produit<\/h2>\n<ul>\n<li>N&rsquo;utilisez pas les truffes aux champignons si vous \u00eates de mauvaise humeur, d\u00e9prim\u00e9, psychotique ou si vous avez des probl\u00e8mes mentaux. Les truffes magiques ne conviennent pas aux mineurs ni aux femmes enceintes. Il n&rsquo;est pas non plus judicieux de conduire ou d&rsquo;utiliser des machines lourdes sous l&rsquo;influence de la psilocybine.<\/li>\n<li>Les truffes aux champignons ne doivent jamais \u00eatre utilis\u00e9es en association avec de l&rsquo;alcool ou d&rsquo;autres drogues (prescrites ou ill\u00e9gales). Commencez par une petite dose et assurez-vous que vous \u00eates \u00e0 l&rsquo;aise en compagnie et dans votre environnement.<\/li>\n<li>Toutes nos truffes Magic Mushroom sont fra\u00eechement emball\u00e9es. Vous devez les conserver au r\u00e9frig\u00e9rateur. Non ouverts, vous pouvez les conserver au r\u00e9frig\u00e9rateur pendant environ 2 mois. Une fois ouvertes, les truffes ne peuvent toutefois \u00eatre conserv\u00e9es que quelques jours.<\/li>\n<\/ul>\n<h2>Programme de dosage des truffes magiques<\/h2>\n<p>Ces doses sont destin\u00e9es aux personnes qui veulent faire connaissance avec les truffes \u00e0 la psilocybine pour la premi\u00e8re fois. Si vous avez d\u00e9j\u00e0 une exp\u00e9rience des truffes \u00e0 la psilocybine ou des champignons magiques, vous pouvez augmenter la dose en fonction de votre d\u00e9sir.<\/p>\n<p><strong>Voyage l\u00e9ger Voyage l\u00e9ger Voyage lourd<\/strong><\/p>\n<ul>\n<li>50 kg = 5 grammes 6,7 grammes 11,2 grammes<\/li>\n<li>60 kg = 6 grammes 8 grammes 13,4 grammes<\/li>\n<li>70 kg = 7 grammes 9,3 grammes 15,6 grammes<\/li>\n<li>80 kg = 8 grammes 10,6 grammes 17,8 grammes<\/li>\n<li>90 kg = 9 grammes 11,9 grammes 20 grammes<\/li>\n<li>100 kg = 10 grammes 13,5 grammes 22,2 grammes<\/li>\n<\/ul>\n<div>Pour un voyage l\u00e9ger, augmentez la dose de +\/- 0,1 gramme par kilo de poids corporel, par exemple : 51 kilos = 5,1 grammes.<br \/>\nPour un voyage en Douceur, augmentez la dose de +\/- 0,13\/15 grammes par kilogramme de poids corporel, par exemple : 51 kilogrammes = 6,85 grammes.<br \/>\nPour un voyage lourd, augmentez la dose de +\/-0,22 gramme par kilo de poids corporel, par exemple : 51 kilos = 11,42 grammes.<\/div>\n<h2>Les truffes magiques contiennent les valeurs nutritionnelles suivantes pour 100 grammes :<\/h2>\n<ul>\n<li>\u00c9nergie 464,7 kJ<\/li>\n<li>\u00c9nergie 110,5 kcal<\/li>\n<li>Glucides 13,2 grammes<\/li>\n<li>Prot\u00e9ines 5,3 grammes<\/li>\n<li>Graisses 0,4 grammes<\/li>\n<li>Fibres alimentaires 16,7 grammes<\/li>\n<li>Sel ( NaCl ) 0,3 grammes<\/li>\n<li>Vitamine D 10,0 UI<\/li>\n<li>Sodium (Na) 13,6 mg<\/li>\n<li>Phosphore (P) 169,3 mg<\/li>\n<li>Potassium (K) 210,0 mg<\/li>\n<li>Calcium (Ca) 12,5 mg<\/li>\n<li>Fer (F) 0,7 mg<\/li>\n<\/ul>\n","protected":false},"excerpt":{"rendered":"<p>Cette truffe magique tropicale est une truffe puissante \u00e0 forte teneur en psilocybine, un compos\u00e9 psychoactif. Entrez en contact avec la nature et acqu\u00e9rez de nouvelles connaissances avec la truffe magique Amazonia Galindoi. La truffe appartient au champignon tropical PES et vous aide \u00e0 acqu\u00e9rir de nouvelles connaissances. La truffe \u00e9tait autrefois utilis\u00e9e par les [&hellip;]<\/p>\n","protected":false},"featured_media":42694,"comment_status":"closed","ping_status":"closed","template":"","meta":[],"product_brand":[],"product_cat":[201],"product_tag":[],"class_list":{"0":"post-12543","1":"product","2":"type-product","3":"status-publish","4":"has-post-thumbnail","6":"product_cat-truffes-magiques","8":"first","9":"instock","10":"taxable","11":"shipping-taxable","12":"purchasable","13":"product-type-simple"},"yoast_head":"<!-- This site is optimized with the Yoast SEO Premium plugin v26.4 (Yoast SEO v27.2) - https:\/\/yoast.com\/product\/yoast-seo-premium-wordpress\/ -->\n<title>Truffes Amazonia Galindoi 25 Gr. - Dutchmicrodosing<\/title>\n<meta name=\"robots\" content=\"index, follow, max-snippet:-1, max-image-preview:large, max-video-preview:-1\" \/>\n<link rel=\"canonical\" href=\"https:\/\/dutchmicrodosing.com\/fr\/truffes-a-la-psilocybine\/truffes-magiques\/truffes-amazonia-galindoi\/\" \/>\n<meta property=\"og:locale\" content=\"fr_FR\" \/>\n<meta property=\"og:type\" content=\"article\" \/>\n<meta property=\"og:title\" content=\"Truffes Amazonia Galindoi 25 Gr.\" \/>\n<meta property=\"og:description\" content=\"Cette truffe magique tropicale est une truffe puissante \u00e0 forte teneur en psilocybine, un compos\u00e9 psychoactif. Entrez en contact avec la nature et\" \/>\n<meta property=\"og:url\" content=\"https:\/\/dutchmicrodosing.com\/fr\/truffes-a-la-psilocybine\/truffes-magiques\/truffes-amazonia-galindoi\/\" \/>\n<meta property=\"og:site_name\" content=\"Dutchmicrodosing\" \/>\n<meta property=\"article:publisher\" content=\"https:\/\/www.facebook.com\/Dutchmicrodosingxp\/\" \/>\n<meta property=\"article:modified_time\" content=\"2025-02-20T13:16:50+00:00\" \/>\n<meta property=\"og:image\" content=\"https:\/\/dutchmicrodosing.com\/wp-content\/uploads\/2022\/04\/ama.jpg\" \/>\n\t<meta property=\"og:image:width\" content=\"1000\" \/>\n\t<meta property=\"og:image:height\" content=\"1000\" \/>\n\t<meta property=\"og:image:type\" content=\"image\/jpeg\" \/>\n<meta name=\"twitter:card\" content=\"summary_large_image\" \/>\n<script type=\"application\/ld+json\" class=\"yoast-schema-graph\">{\"@context\":\"https:\/\/schema.org\",\"@graph\":[{\"@type\":\"WebPage\",\"@id\":\"https:\/\/dutchmicrodosing.com\/fr\/truffes-a-la-psilocybine\/truffes-magiques\/truffes-amazonia-galindoi\/\",\"url\":\"https:\/\/dutchmicrodosing.com\/fr\/truffes-a-la-psilocybine\/truffes-magiques\/truffes-amazonia-galindoi\/\",\"name\":\"Truffes Amazonia Galindoi 25 Gr. - Dutchmicrodosing\",\"isPartOf\":{\"@id\":\"https:\/\/dutchmicrodosing.com\/fr\/#website\"},\"primaryImageOfPage\":{\"@id\":\"https:\/\/dutchmicrodosing.com\/fr\/truffes-a-la-psilocybine\/truffes-magiques\/truffes-amazonia-galindoi\/#primaryimage\"},\"image\":{\"@id\":\"https:\/\/dutchmicrodosing.com\/fr\/truffes-a-la-psilocybine\/truffes-magiques\/truffes-amazonia-galindoi\/#primaryimage\"},\"thumbnailUrl\":\"https:\/\/dutchmicrodosing.com\/wp-content\/uploads\/2022\/04\/ama.jpg\",\"datePublished\":\"2022-04-10T20:26:10+00:00\",\"dateModified\":\"2025-02-20T13:16:50+00:00\",\"breadcrumb\":{\"@id\":\"https:\/\/dutchmicrodosing.com\/fr\/truffes-a-la-psilocybine\/truffes-magiques\/truffes-amazonia-galindoi\/#breadcrumb\"},\"inLanguage\":\"fr-FR\",\"potentialAction\":[{\"@type\":\"ReadAction\",\"target\":[\"https:\/\/dutchmicrodosing.com\/fr\/truffes-a-la-psilocybine\/truffes-magiques\/truffes-amazonia-galindoi\/\"]}]},{\"@type\":\"ImageObject\",\"inLanguage\":\"fr-FR\",\"@id\":\"https:\/\/dutchmicrodosing.com\/fr\/truffes-a-la-psilocybine\/truffes-magiques\/truffes-amazonia-galindoi\/#primaryimage\",\"url\":\"https:\/\/dutchmicrodosing.com\/wp-content\/uploads\/2022\/04\/ama.jpg\",\"contentUrl\":\"https:\/\/dutchmicrodosing.com\/wp-content\/uploads\/2022\/04\/ama.jpg\",\"width\":1000,\"height\":1000},{\"@type\":\"BreadcrumbList\",\"@id\":\"https:\/\/dutchmicrodosing.com\/fr\/truffes-a-la-psilocybine\/truffes-magiques\/truffes-amazonia-galindoi\/#breadcrumb\",\"itemListElement\":[{\"@type\":\"ListItem\",\"position\":1,\"name\":\"Home\",\"item\":\"https:\/\/dutchmicrodosing.com\/fr\/\"},{\"@type\":\"ListItem\",\"position\":2,\"name\":\"Boutique\",\"item\":\"https:\/\/dutchmicrodosing.com\/fr\/boutique\/\"},{\"@type\":\"ListItem\",\"position\":3,\"name\":\"Truffes Amazonia Galindoi 25 Gr.\"}]},{\"@type\":\"WebSite\",\"@id\":\"https:\/\/dutchmicrodosing.com\/fr\/#website\",\"url\":\"https:\/\/dutchmicrodosing.com\/fr\/\",\"name\":\"Dutchmicrodosing\",\"description\":\"\",\"publisher\":{\"@id\":\"https:\/\/dutchmicrodosing.com\/fr\/#organization\"},\"potentialAction\":[{\"@type\":\"SearchAction\",\"target\":{\"@type\":\"EntryPoint\",\"urlTemplate\":\"https:\/\/dutchmicrodosing.com\/fr\/?s={search_term_string}\"},\"query-input\":{\"@type\":\"PropertyValueSpecification\",\"valueRequired\":true,\"valueName\":\"search_term_string\"}}],\"inLanguage\":\"fr-FR\"},{\"@type\":\"Organization\",\"@id\":\"https:\/\/dutchmicrodosing.com\/fr\/#organization\",\"name\":\"Dutchmicrodosing\",\"url\":\"https:\/\/dutchmicrodosing.com\/fr\/\",\"logo\":{\"@type\":\"ImageObject\",\"inLanguage\":\"fr-FR\",\"@id\":\"https:\/\/dutchmicrodosing.com\/fr\/#\/schema\/logo\/image\/\",\"url\":\"https:\/\/dutchmicrodosing.com\/wp-content\/uploads\/2021\/01\/microdosing-categorie-pic-nieuw.jpg\",\"contentUrl\":\"https:\/\/dutchmicrodosing.com\/wp-content\/uploads\/2021\/01\/microdosing-categorie-pic-nieuw.jpg\",\"width\":500,\"height\":500,\"caption\":\"Dutchmicrodosing\"},\"image\":{\"@id\":\"https:\/\/dutchmicrodosing.com\/fr\/#\/schema\/logo\/image\/\"},\"sameAs\":[\"https:\/\/www.facebook.com\/Dutchmicrodosingxp\/\",\"https:\/\/www.instagram.com\/dutchmicrodosing\/\"]}]}<\/script>\n<meta property=\"product:price:amount\" content=\"19.95\" \/>\n<meta property=\"product:price:currency\" content=\"EUR\" \/>\n<meta property=\"og:availability\" content=\"instock\" \/>\n<meta property=\"product:availability\" content=\"instock\" \/>\n<meta property=\"product:retailer_item_id\" content=\"0210570\" \/>\n<meta property=\"product:condition\" content=\"new\" \/>\n<!-- \/ Yoast SEO Premium plugin. -->","yoast_head_json":{"title":"Truffes Amazonia Galindoi 25 Gr. - Dutchmicrodosing","robots":{"index":"index","follow":"follow","max-snippet":"max-snippet:-1","max-image-preview":"max-image-preview:large","max-video-preview":"max-video-preview:-1"},"canonical":"https:\/\/dutchmicrodosing.com\/fr\/truffes-a-la-psilocybine\/truffes-magiques\/truffes-amazonia-galindoi\/","og_locale":"fr_FR","og_type":"article","og_title":"Truffes Amazonia Galindoi 25 Gr.","og_description":"Cette truffe magique tropicale est une truffe puissante \u00e0 forte teneur en psilocybine, un compos\u00e9 psychoactif. Entrez en contact avec la nature et","og_url":"https:\/\/dutchmicrodosing.com\/fr\/truffes-a-la-psilocybine\/truffes-magiques\/truffes-amazonia-galindoi\/","og_site_name":"Dutchmicrodosing","article_publisher":"https:\/\/www.facebook.com\/Dutchmicrodosingxp\/","article_modified_time":"2025-02-20T13:16:50+00:00","og_image":[{"width":1000,"height":1000,"url":"https:\/\/dutchmicrodosing.com\/wp-content\/uploads\/2022\/04\/ama.jpg","type":"image\/jpeg"}],"twitter_card":"summary_large_image","schema":{"@context":"https:\/\/schema.org","@graph":[{"@type":"WebPage","@id":"https:\/\/dutchmicrodosing.com\/fr\/truffes-a-la-psilocybine\/truffes-magiques\/truffes-amazonia-galindoi\/","url":"https:\/\/dutchmicrodosing.com\/fr\/truffes-a-la-psilocybine\/truffes-magiques\/truffes-amazonia-galindoi\/","name":"Truffes Amazonia Galindoi 25 Gr. - Dutchmicrodosing","isPartOf":{"@id":"https:\/\/dutchmicrodosing.com\/fr\/#website"},"primaryImageOfPage":{"@id":"https:\/\/dutchmicrodosing.com\/fr\/truffes-a-la-psilocybine\/truffes-magiques\/truffes-amazonia-galindoi\/#primaryimage"},"image":{"@id":"https:\/\/dutchmicrodosing.com\/fr\/truffes-a-la-psilocybine\/truffes-magiques\/truffes-amazonia-galindoi\/#primaryimage"},"thumbnailUrl":"https:\/\/dutchmicrodosing.com\/wp-content\/uploads\/2022\/04\/ama.jpg","datePublished":"2022-04-10T20:26:10+00:00","dateModified":"2025-02-20T13:16:50+00:00","breadcrumb":{"@id":"https:\/\/dutchmicrodosing.com\/fr\/truffes-a-la-psilocybine\/truffes-magiques\/truffes-amazonia-galindoi\/#breadcrumb"},"inLanguage":"fr-FR","potentialAction":[{"@type":"ReadAction","target":["https:\/\/dutchmicrodosing.com\/fr\/truffes-a-la-psilocybine\/truffes-magiques\/truffes-amazonia-galindoi\/"]}]},{"@type":"ImageObject","inLanguage":"fr-FR","@id":"https:\/\/dutchmicrodosing.com\/fr\/truffes-a-la-psilocybine\/truffes-magiques\/truffes-amazonia-galindoi\/#primaryimage","url":"https:\/\/dutchmicrodosing.com\/wp-content\/uploads\/2022\/04\/ama.jpg","contentUrl":"https:\/\/dutchmicrodosing.com\/wp-content\/uploads\/2022\/04\/ama.jpg","width":1000,"height":1000},{"@type":"BreadcrumbList","@id":"https:\/\/dutchmicrodosing.com\/fr\/truffes-a-la-psilocybine\/truffes-magiques\/truffes-amazonia-galindoi\/#breadcrumb","itemListElement":[{"@type":"ListItem","position":1,"name":"Home","item":"https:\/\/dutchmicrodosing.com\/fr\/"},{"@type":"ListItem","position":2,"name":"Boutique","item":"https:\/\/dutchmicrodosing.com\/fr\/boutique\/"},{"@type":"ListItem","position":3,"name":"Truffes Amazonia Galindoi 25 Gr."}]},{"@type":"WebSite","@id":"https:\/\/dutchmicrodosing.com\/fr\/#website","url":"https:\/\/dutchmicrodosing.com\/fr\/","name":"Dutchmicrodosing","description":"","publisher":{"@id":"https:\/\/dutchmicrodosing.com\/fr\/#organization"},"potentialAction":[{"@type":"SearchAction","target":{"@type":"EntryPoint","urlTemplate":"https:\/\/dutchmicrodosing.com\/fr\/?s={search_term_string}"},"query-input":{"@type":"PropertyValueSpecification","valueRequired":true,"valueName":"search_term_string"}}],"inLanguage":"fr-FR"},{"@type":"Organization","@id":"https:\/\/dutchmicrodosing.com\/fr\/#organization","name":"Dutchmicrodosing","url":"https:\/\/dutchmicrodosing.com\/fr\/","logo":{"@type":"ImageObject","inLanguage":"fr-FR","@id":"https:\/\/dutchmicrodosing.com\/fr\/#\/schema\/logo\/image\/","url":"https:\/\/dutchmicrodosing.com\/wp-content\/uploads\/2021\/01\/microdosing-categorie-pic-nieuw.jpg","contentUrl":"https:\/\/dutchmicrodosing.com\/wp-content\/uploads\/2021\/01\/microdosing-categorie-pic-nieuw.jpg","width":500,"height":500,"caption":"Dutchmicrodosing"},"image":{"@id":"https:\/\/dutchmicrodosing.com\/fr\/#\/schema\/logo\/image\/"},"sameAs":["https:\/\/www.facebook.com\/Dutchmicrodosingxp\/","https:\/\/www.instagram.com\/dutchmicrodosing\/"]}]},"product_price_amount":"19.95","product_price_currency":"EUR","og_availability":"instock","product_availability":"instock","product_retailer_item_id":"0210570","product_condition":"new"},"_links":{"self":[{"href":"https:\/\/dutchmicrodosing.com\/fr\/wp-json\/wp\/v2\/product\/12543","targetHints":{"allow":["GET"]}}],"collection":[{"href":"https:\/\/dutchmicrodosing.com\/fr\/wp-json\/wp\/v2\/product"}],"about":[{"href":"https:\/\/dutchmicrodosing.com\/fr\/wp-json\/wp\/v2\/types\/product"}],"replies":[{"embeddable":true,"href":"https:\/\/dutchmicrodosing.com\/fr\/wp-json\/wp\/v2\/comments?post=12543"}],"version-history":[{"count":0,"href":"https:\/\/dutchmicrodosing.com\/fr\/wp-json\/wp\/v2\/product\/12543\/revisions"}],"wp:featuredmedia":[{"embeddable":true,"href":"https:\/\/dutchmicrodosing.com\/fr\/wp-json\/wp\/v2\/media\/42694"}],"wp:attachment":[{"href":"https:\/\/dutchmicrodosing.com\/fr\/wp-json\/wp\/v2\/media?parent=12543"}],"wp:term":[{"taxonomy":"product_brand","embeddable":true,"href":"https:\/\/dutchmicrodosing.com\/fr\/wp-json\/wp\/v2\/product_brand?post=12543"},{"taxonomy":"product_cat","embeddable":true,"href":"https:\/\/dutchmicrodosing.com\/fr\/wp-json\/wp\/v2\/product_cat?post=12543"},{"taxonomy":"product_tag","embeddable":true,"href":"https:\/\/dutchmicrodosing.com\/fr\/wp-json\/wp\/v2\/product_tag?post=12543"}],"curies":[{"name":"wp","href":"https:\/\/api.w.org\/{rel}","templated":true}]}}