{"id":12614,"date":"2022-04-04T21:09:30","date_gmt":"2022-04-04T19:09:30","guid":{"rendered":"https:\/\/dutchmicrodosing.com\/shop\/kit-de-croissance-colombien-tout-en-un\/"},"modified":"2025-10-11T18:21:54","modified_gmt":"2025-10-11T16:21:54","slug":"all-in-one-colombian","status":"publish","type":"product","link":"https:\/\/dutchmicrodosing.com\/fr\/champignons-magiques\/kit-de-culture-all-in-one\/all-in-one-colombian\/","title":{"rendered":"Kit de culture All In One &#8211; Colombian"},"content":{"rendered":"<p>Les champignons magiques Colombian sont des champignons un peu plus forts. Le champignon magique colombien contient un taux plus \u00e9lev\u00e9 de psilocybine. C&rsquo;est la substance qui vous fait halluciner. Le voyage avec le champignon magique colombien est puissant et aussi spirituel. Il vous donne de nouvelles perspectives et les visuels sont \u00e9galement tr\u00e8s agr\u00e9ables. Le champignon magique colombien peut \u00eatre consid\u00e9r\u00e9 comme une \u00e9tape interm\u00e9diaire avant d&rsquo;aller vers les plus puissants des champignons magiques. Le champignon magique colombien est l\u00e9g\u00e8rement plus fort que les champignons magiques mexicains et tha\u00eflandais. Vous voulez un voyage spirituel pas trop intense ? Alors choisissez le champignon colombien !<\/p>\n<h2>Les effets du champignon magique colombien<\/h2>\n<p>Le voyage est tr\u00e8s spirituel et beaucoup moins visuel qu&rsquo;un voyage avec, par exemple, le champignon McKennai. Avec ce champignon spirituel, vous remarquerez rapidement que vous commencez \u00e0 vous explorer vous-m\u00eame. De cette fa\u00e7on, vous acquerrez de nouvelles connaissances et vous remarquerez bient\u00f4t que vous parviendrez \u00e0 des solutions profondes pour des probl\u00e8mes avec lesquels vous vous battez peut-\u00eatre depuis des ann\u00e9es. Enfin, le champignon magique colombien n&rsquo;est pas tr\u00e8s visuel. L&rsquo;avantage est qu&rsquo;un mauvais voyage est rare.<\/p>\n<h2>Pr\u00e9paration pour le trip avec les champignons de Colombie<\/h2>\n<p>Si vous prenez le temps de pr\u00e9parer un voyage avec des champignons colombiens, vous augmentez les chances de vivre une exp\u00e9rience spectaculaire, mais aussi s\u00fbre. Choisissez un espace que vous connaissez bien et entourez-vous de bons amis en qui vous pouvez avoir confiance. Prenez \u00e9galement des dispositions pour qu&rsquo;il y ait un \u00ab\u00a0tripteur\u00a0\u00bb. Il peut s&rsquo;agir d&rsquo;un ami qui ne consomme pas de drogues ou d&rsquo;alcool pendant que vous faites un trip. Le tripteur s&rsquo;assure que vous \u00eates en s\u00e9curit\u00e9 et il peut vous guider. Lors d&rsquo;un voyage avec des champignons colombiens, il peut arriver que l&rsquo;on perde la notion du temps et de l&rsquo;espace. Le tripteur peut alors vous aider et vous rassurer.<\/p>\n<p>Le bouchon de voyage peut \u00e9galement s&rsquo;av\u00e9rer utile ici. Ce m\u00e9dicament agit en att\u00e9nuant les effets d&rsquo;un trip. Le simple fait de savoir que vous avez un dispositif de s\u00e9curit\u00e9 \u00e0 la maison peut \u00eatre apaisant.<\/p>\n<h2>Vous cherchez un kit de culture de champignons colombiens ?<\/h2>\n<p>Avec le kit de culture All In One, vous pouvez d\u00e9sormais cultiver facilement ces champignons extr\u00eamement puissants \u00e0 la maison. Apr\u00e8s votre commande, nous emballons votre kit de culture de champignons colombiens (dans un emballage discret et s\u00fbr) et vous l&rsquo;envoyons dans les meilleurs d\u00e9lais. En quelques semaines, vous pouvez avoir une r\u00e9colte d\u00e9cente.<\/p>\n<h2>Les 9 \u00e9tapes du kit de culture de champignons colombiens<\/h2>\n<p><a href=\"https:\/\/dutchmicrodosing.fr\/growkit_manual\/\">T\u00e9l\u00e9charger ici : Manuel du kit de culture All In One<\/a><\/p>\n<ul>\n<li>\n<ol>\n<li>Lavez vos mains soigneusement et nettoyez l&rsquo;ext\u00e9rieur du kit de culture avec un chiffon propre et humide. Retirez le couvercle, mais gardez-le pour l&rsquo;\u00e9tape 3.<\/li>\n<li>Remplissez le GrowKit d&rsquo;eau ti\u00e8de (20\u00baC) jusqu&rsquo;au bord. Remettez le couvercle en place et laissez tremper le kit de culture pendant 5 \u00e0 50 minutes maximum. Remarque : ne jamais laisser tremper plus d&rsquo;une heure.<\/li>\n<li>Apr\u00e8s le trempage, retirez le couvercle du GrowKit et videz soigneusement l&rsquo;exc\u00e8s d&rsquo;eau. Laissez le GrowKit s&rsquo;\u00e9goutter pendant 5 \u00e0 10 secondes.<\/li>\n<li>Ajoutez de l&rsquo;eau ti\u00e8de (20\u00baC) dans le sac de culture : Pour le kit de culture 2100cc : 1 tasse (0,25 litre). Pour le GrowKit 1200cc : 1 tasse (0,25 litre).<\/li>\n<li>Placez le GrowKit dans le sac de culture. Assurez-vous que l&rsquo;eau ne d\u00e9passe pas le bord du GrowKit.<\/li>\n<li>Fermez le sac de culture en faisant un couvercle en haut et en le fixant avec deux trombones (faisant partie de l&#8217;emballage du kit de culture).<\/li>\n<li>Placez le kit de culture dans un endroit \u00e0 l&rsquo;abri de la lumi\u00e8re directe du soleil. Ne placez pas le GrowKit sous une lampe ou sur ou pr\u00e8s d&rsquo;une cuisini\u00e8re ou d&rsquo;une source de chaleur. La temp\u00e9rature id\u00e9ale se situe entre 20 et 25 \u00ba C. \u00ab\u00a0Laissez le sac <strong>ferm\u00e9 <\/strong>jusqu&rsquo;\u00e0 ce que les pr\u00e9-pins commencent \u00e0 se former\u00a0\u00bb (cela peut prendre une ou deux semaines). Dans cette phase, le kit n&rsquo;a pas besoin d&rsquo;oxyg\u00e8ne, mais d&rsquo;un niveau \u00e9lev\u00e9 de CO2.<\/li>\n<li>\u00ab\u00a0Apr\u00e8s que les pr\u00e9-\u00e9pingles aient commenc\u00e9 \u00e0 pousser\u00a0\u00bb Humidifiez le kit quotidiennement \u00e0 l&rsquo;aide d&rsquo;un vaporisateur (1 \u00e0 2 pompes maximum). Dans cette phase, les champignons ont besoin de H20 et d&rsquo;O2 frais et le CO2 doit s&rsquo;\u00e9chapper. Ceci est \u00e9galement important apr\u00e8s la r\u00e9colte.<\/li>\n<li>Les premiers champignons seront visibles dans une quinzaine de jours. Soyez patient, les premiers champignons peuvent mettre plus de temps \u00e0 pousser. Les champignons doivent \u00eatre r\u00e9colt\u00e9s juste avant que la membrane sous le chapeau ne commence \u00e0 se d\u00e9tacher.<\/li>\n<\/ol>\n<p><strong>La r\u00e9colte :<\/strong> Saisissez le pied avec pr\u00e9caution, tournez-le doucement de gauche \u00e0 droite, puis tirez-le doucement vers le haut pour extraire le champignon le plus compl\u00e8tement possible. De cette fa\u00e7on, il est possible de faire pousser de nouveaux champignons.<\/li>\n<\/ul>\n<h2>La r\u00e9colte de votre kit de culture de champignons colombiens<\/h2>\n<p>Apr\u00e8s avoir cultiv\u00e9 vos champignons colombiens de mani\u00e8re professionnelle, il est temps de les r\u00e9colter. Combien de champignons peut-on obtenir avec un kit de culture de champignons ? Le kit de culture de champignons est disponible en 1200 cc. Il est bon de savoir qu&rsquo;\u00e0 partir de chaque kit de culture de champignons, plusieurs pouss\u00e9es peuvent \u00eatre obtenues. Cela signifie que plusieurs r\u00e9coltes sont possibles \u00e0 partir d&rsquo;un seul des kits de culture de champignons.<\/p>\n<ul>\n<li>Un kit de culture de champignons colombiens de 1200 cc permet d&rsquo;obtenir environ 400 grammes de champignons.<\/li>\n<\/ul>\n<p>Bien s\u00fbr, cela d\u00e9pend de la fa\u00e7on dont vous manipulez le kit de culture de champignons et de la qualit\u00e9 de la culture. Maintenant, les champignons magiques colombiens sont tr\u00e8s agr\u00e9ables \u00e0 cultiver. Ils peuvent tol\u00e9rer beaucoup de choses. Le kit de culture de champignons colombiens vous permet toujours d&rsquo;obtenir une belle r\u00e9colte.<\/p>\n<h2>Stockage de votre kit de culture de champignons colombiens<\/h2>\n<p>S&rsquo;agissant d&rsquo;un produit frais, nous vous conseillons de mettre en place votre kit de culture de champignons imm\u00e9diatement. Vous obtiendrez ainsi les meilleurs r\u00e9sultats et vous vous assurerez une belle r\u00e9colte de champignons. La plupart des kits de culture de champignons peuvent \u00eatre conserv\u00e9s au r\u00e9frig\u00e9rateur pendant 3 \u00e0 6 mois avant de commencer la culture. V\u00e9rifiez la date de p\u00e9remption sur l&#8217;emballage.<\/p>\n","protected":false},"excerpt":{"rendered":"<p>Les champignons magiques Colombian sont des champignons un peu plus forts. Le champignon magique colombien contient un taux plus \u00e9lev\u00e9 de psilocybine. C&rsquo;est la substance qui vous fait halluciner. Le voyage avec le champignon magique colombien est puissant et aussi spirituel. Il vous donne de nouvelles perspectives et les visuels sont \u00e9galement tr\u00e8s agr\u00e9ables. Le [&hellip;]<\/p>\n","protected":false},"featured_media":12087,"comment_status":"closed","ping_status":"closed","template":"","meta":[],"product_brand":[],"product_cat":[211],"product_tag":[],"class_list":{"0":"post-12614","1":"product","2":"type-product","3":"status-publish","4":"has-post-thumbnail","6":"product_cat-kit-de-culture-all-in-one","8":"first","9":"instock","10":"taxable","11":"shipping-taxable","12":"purchasable","13":"product-type-simple"},"yoast_head":"<!-- This site is optimized with the Yoast SEO Premium plugin v26.4 (Yoast SEO v27.2) - https:\/\/yoast.com\/product\/yoast-seo-premium-wordpress\/ -->\n<title>Kit de culture All In One - Colombian - Dutchmicrodosing<\/title>\n<meta name=\"robots\" content=\"index, follow, max-snippet:-1, max-image-preview:large, max-video-preview:-1\" \/>\n<link rel=\"canonical\" href=\"https:\/\/dutchmicrodosing.com\/fr\/champignons-magiques\/kit-de-culture-all-in-one\/all-in-one-colombian\/\" \/>\n<meta property=\"og:locale\" content=\"fr_FR\" \/>\n<meta property=\"og:type\" content=\"article\" \/>\n<meta property=\"og:title\" content=\"Kit de culture All In One - Colombian\" \/>\n<meta property=\"og:description\" content=\"Les champignons magiques Colombian sont des champignons un peu plus forts. Le champignon magique colombien contient un taux plus \u00e9lev\u00e9 de psilocybine.\" \/>\n<meta property=\"og:url\" content=\"https:\/\/dutchmicrodosing.com\/fr\/champignons-magiques\/kit-de-culture-all-in-one\/all-in-one-colombian\/\" \/>\n<meta property=\"og:site_name\" content=\"Dutchmicrodosing\" \/>\n<meta property=\"article:publisher\" content=\"https:\/\/www.facebook.com\/Dutchmicrodosingxp\/\" \/>\n<meta property=\"article:modified_time\" content=\"2025-10-11T16:21:54+00:00\" \/>\n<meta property=\"og:image\" content=\"https:\/\/dutchmicrodosing.com\/wp-content\/uploads\/2022\/04\/colombian-all-in-one-growkit.png\" \/>\n\t<meta property=\"og:image:width\" content=\"1100\" \/>\n\t<meta property=\"og:image:height\" content=\"720\" \/>\n\t<meta property=\"og:image:type\" content=\"image\/png\" \/>\n<meta name=\"twitter:card\" content=\"summary_large_image\" \/>\n<script type=\"application\/ld+json\" class=\"yoast-schema-graph\">{\"@context\":\"https:\/\/schema.org\",\"@graph\":[{\"@type\":\"WebPage\",\"@id\":\"https:\/\/dutchmicrodosing.com\/fr\/champignons-magiques\/kit-de-culture-all-in-one\/all-in-one-colombian\/\",\"url\":\"https:\/\/dutchmicrodosing.com\/fr\/champignons-magiques\/kit-de-culture-all-in-one\/all-in-one-colombian\/\",\"name\":\"Kit de culture All In One - Colombian - Dutchmicrodosing\",\"isPartOf\":{\"@id\":\"https:\/\/dutchmicrodosing.com\/fr\/#website\"},\"primaryImageOfPage\":{\"@id\":\"https:\/\/dutchmicrodosing.com\/fr\/champignons-magiques\/kit-de-culture-all-in-one\/all-in-one-colombian\/#primaryimage\"},\"image\":{\"@id\":\"https:\/\/dutchmicrodosing.com\/fr\/champignons-magiques\/kit-de-culture-all-in-one\/all-in-one-colombian\/#primaryimage\"},\"thumbnailUrl\":\"https:\/\/dutchmicrodosing.com\/wp-content\/uploads\/2022\/04\/colombian-all-in-one-growkit.png\",\"datePublished\":\"2022-04-04T19:09:30+00:00\",\"dateModified\":\"2025-10-11T16:21:54+00:00\",\"breadcrumb\":{\"@id\":\"https:\/\/dutchmicrodosing.com\/fr\/champignons-magiques\/kit-de-culture-all-in-one\/all-in-one-colombian\/#breadcrumb\"},\"inLanguage\":\"fr-FR\",\"potentialAction\":[{\"@type\":\"ReadAction\",\"target\":[\"https:\/\/dutchmicrodosing.com\/fr\/champignons-magiques\/kit-de-culture-all-in-one\/all-in-one-colombian\/\"]}]},{\"@type\":\"ImageObject\",\"inLanguage\":\"fr-FR\",\"@id\":\"https:\/\/dutchmicrodosing.com\/fr\/champignons-magiques\/kit-de-culture-all-in-one\/all-in-one-colombian\/#primaryimage\",\"url\":\"https:\/\/dutchmicrodosing.com\/wp-content\/uploads\/2022\/04\/colombian-all-in-one-growkit.png\",\"contentUrl\":\"https:\/\/dutchmicrodosing.com\/wp-content\/uploads\/2022\/04\/colombian-all-in-one-growkit.png\",\"width\":1100,\"height\":720},{\"@type\":\"BreadcrumbList\",\"@id\":\"https:\/\/dutchmicrodosing.com\/fr\/champignons-magiques\/kit-de-culture-all-in-one\/all-in-one-colombian\/#breadcrumb\",\"itemListElement\":[{\"@type\":\"ListItem\",\"position\":1,\"name\":\"Home\",\"item\":\"https:\/\/dutchmicrodosing.com\/fr\/\"},{\"@type\":\"ListItem\",\"position\":2,\"name\":\"Boutique\",\"item\":\"https:\/\/dutchmicrodosing.com\/fr\/boutique\/\"},{\"@type\":\"ListItem\",\"position\":3,\"name\":\"Kit de culture All In One &#8211; Colombian\"}]},{\"@type\":\"WebSite\",\"@id\":\"https:\/\/dutchmicrodosing.com\/fr\/#website\",\"url\":\"https:\/\/dutchmicrodosing.com\/fr\/\",\"name\":\"Dutchmicrodosing\",\"description\":\"\",\"publisher\":{\"@id\":\"https:\/\/dutchmicrodosing.com\/fr\/#organization\"},\"potentialAction\":[{\"@type\":\"SearchAction\",\"target\":{\"@type\":\"EntryPoint\",\"urlTemplate\":\"https:\/\/dutchmicrodosing.com\/fr\/?s={search_term_string}\"},\"query-input\":{\"@type\":\"PropertyValueSpecification\",\"valueRequired\":true,\"valueName\":\"search_term_string\"}}],\"inLanguage\":\"fr-FR\"},{\"@type\":\"Organization\",\"@id\":\"https:\/\/dutchmicrodosing.com\/fr\/#organization\",\"name\":\"Dutchmicrodosing\",\"url\":\"https:\/\/dutchmicrodosing.com\/fr\/\",\"logo\":{\"@type\":\"ImageObject\",\"inLanguage\":\"fr-FR\",\"@id\":\"https:\/\/dutchmicrodosing.com\/fr\/#\/schema\/logo\/image\/\",\"url\":\"https:\/\/dutchmicrodosing.com\/wp-content\/uploads\/2021\/01\/microdosing-categorie-pic-nieuw.jpg\",\"contentUrl\":\"https:\/\/dutchmicrodosing.com\/wp-content\/uploads\/2021\/01\/microdosing-categorie-pic-nieuw.jpg\",\"width\":500,\"height\":500,\"caption\":\"Dutchmicrodosing\"},\"image\":{\"@id\":\"https:\/\/dutchmicrodosing.com\/fr\/#\/schema\/logo\/image\/\"},\"sameAs\":[\"https:\/\/www.facebook.com\/Dutchmicrodosingxp\/\",\"https:\/\/www.instagram.com\/dutchmicrodosing\/\"]}]}<\/script>\n<meta property=\"product:price:amount\" content=\"34.95\" \/>\n<meta property=\"product:price:currency\" content=\"EUR\" \/>\n<meta property=\"og:availability\" content=\"instock\" \/>\n<meta property=\"product:availability\" content=\"instock\" \/>\n<meta property=\"product:retailer_item_id\" content=\"8108631\" \/>\n<meta property=\"product:condition\" content=\"new\" \/>\n<!-- \/ Yoast SEO Premium plugin. -->","yoast_head_json":{"title":"Kit de culture All In One - Colombian - Dutchmicrodosing","robots":{"index":"index","follow":"follow","max-snippet":"max-snippet:-1","max-image-preview":"max-image-preview:large","max-video-preview":"max-video-preview:-1"},"canonical":"https:\/\/dutchmicrodosing.com\/fr\/champignons-magiques\/kit-de-culture-all-in-one\/all-in-one-colombian\/","og_locale":"fr_FR","og_type":"article","og_title":"Kit de culture All In One - Colombian","og_description":"Les champignons magiques Colombian sont des champignons un peu plus forts. Le champignon magique colombien contient un taux plus \u00e9lev\u00e9 de psilocybine.","og_url":"https:\/\/dutchmicrodosing.com\/fr\/champignons-magiques\/kit-de-culture-all-in-one\/all-in-one-colombian\/","og_site_name":"Dutchmicrodosing","article_publisher":"https:\/\/www.facebook.com\/Dutchmicrodosingxp\/","article_modified_time":"2025-10-11T16:21:54+00:00","og_image":[{"width":1100,"height":720,"url":"https:\/\/dutchmicrodosing.com\/wp-content\/uploads\/2022\/04\/colombian-all-in-one-growkit.png","type":"image\/png"}],"twitter_card":"summary_large_image","schema":{"@context":"https:\/\/schema.org","@graph":[{"@type":"WebPage","@id":"https:\/\/dutchmicrodosing.com\/fr\/champignons-magiques\/kit-de-culture-all-in-one\/all-in-one-colombian\/","url":"https:\/\/dutchmicrodosing.com\/fr\/champignons-magiques\/kit-de-culture-all-in-one\/all-in-one-colombian\/","name":"Kit de culture All In One - Colombian - Dutchmicrodosing","isPartOf":{"@id":"https:\/\/dutchmicrodosing.com\/fr\/#website"},"primaryImageOfPage":{"@id":"https:\/\/dutchmicrodosing.com\/fr\/champignons-magiques\/kit-de-culture-all-in-one\/all-in-one-colombian\/#primaryimage"},"image":{"@id":"https:\/\/dutchmicrodosing.com\/fr\/champignons-magiques\/kit-de-culture-all-in-one\/all-in-one-colombian\/#primaryimage"},"thumbnailUrl":"https:\/\/dutchmicrodosing.com\/wp-content\/uploads\/2022\/04\/colombian-all-in-one-growkit.png","datePublished":"2022-04-04T19:09:30+00:00","dateModified":"2025-10-11T16:21:54+00:00","breadcrumb":{"@id":"https:\/\/dutchmicrodosing.com\/fr\/champignons-magiques\/kit-de-culture-all-in-one\/all-in-one-colombian\/#breadcrumb"},"inLanguage":"fr-FR","potentialAction":[{"@type":"ReadAction","target":["https:\/\/dutchmicrodosing.com\/fr\/champignons-magiques\/kit-de-culture-all-in-one\/all-in-one-colombian\/"]}]},{"@type":"ImageObject","inLanguage":"fr-FR","@id":"https:\/\/dutchmicrodosing.com\/fr\/champignons-magiques\/kit-de-culture-all-in-one\/all-in-one-colombian\/#primaryimage","url":"https:\/\/dutchmicrodosing.com\/wp-content\/uploads\/2022\/04\/colombian-all-in-one-growkit.png","contentUrl":"https:\/\/dutchmicrodosing.com\/wp-content\/uploads\/2022\/04\/colombian-all-in-one-growkit.png","width":1100,"height":720},{"@type":"BreadcrumbList","@id":"https:\/\/dutchmicrodosing.com\/fr\/champignons-magiques\/kit-de-culture-all-in-one\/all-in-one-colombian\/#breadcrumb","itemListElement":[{"@type":"ListItem","position":1,"name":"Home","item":"https:\/\/dutchmicrodosing.com\/fr\/"},{"@type":"ListItem","position":2,"name":"Boutique","item":"https:\/\/dutchmicrodosing.com\/fr\/boutique\/"},{"@type":"ListItem","position":3,"name":"Kit de culture All In One &#8211; Colombian"}]},{"@type":"WebSite","@id":"https:\/\/dutchmicrodosing.com\/fr\/#website","url":"https:\/\/dutchmicrodosing.com\/fr\/","name":"Dutchmicrodosing","description":"","publisher":{"@id":"https:\/\/dutchmicrodosing.com\/fr\/#organization"},"potentialAction":[{"@type":"SearchAction","target":{"@type":"EntryPoint","urlTemplate":"https:\/\/dutchmicrodosing.com\/fr\/?s={search_term_string}"},"query-input":{"@type":"PropertyValueSpecification","valueRequired":true,"valueName":"search_term_string"}}],"inLanguage":"fr-FR"},{"@type":"Organization","@id":"https:\/\/dutchmicrodosing.com\/fr\/#organization","name":"Dutchmicrodosing","url":"https:\/\/dutchmicrodosing.com\/fr\/","logo":{"@type":"ImageObject","inLanguage":"fr-FR","@id":"https:\/\/dutchmicrodosing.com\/fr\/#\/schema\/logo\/image\/","url":"https:\/\/dutchmicrodosing.com\/wp-content\/uploads\/2021\/01\/microdosing-categorie-pic-nieuw.jpg","contentUrl":"https:\/\/dutchmicrodosing.com\/wp-content\/uploads\/2021\/01\/microdosing-categorie-pic-nieuw.jpg","width":500,"height":500,"caption":"Dutchmicrodosing"},"image":{"@id":"https:\/\/dutchmicrodosing.com\/fr\/#\/schema\/logo\/image\/"},"sameAs":["https:\/\/www.facebook.com\/Dutchmicrodosingxp\/","https:\/\/www.instagram.com\/dutchmicrodosing\/"]}]},"product_price_amount":"34.95","product_price_currency":"EUR","og_availability":"instock","product_availability":"instock","product_retailer_item_id":"8108631","product_condition":"new"},"_links":{"self":[{"href":"https:\/\/dutchmicrodosing.com\/fr\/wp-json\/wp\/v2\/product\/12614","targetHints":{"allow":["GET"]}}],"collection":[{"href":"https:\/\/dutchmicrodosing.com\/fr\/wp-json\/wp\/v2\/product"}],"about":[{"href":"https:\/\/dutchmicrodosing.com\/fr\/wp-json\/wp\/v2\/types\/product"}],"replies":[{"embeddable":true,"href":"https:\/\/dutchmicrodosing.com\/fr\/wp-json\/wp\/v2\/comments?post=12614"}],"version-history":[{"count":0,"href":"https:\/\/dutchmicrodosing.com\/fr\/wp-json\/wp\/v2\/product\/12614\/revisions"}],"wp:featuredmedia":[{"embeddable":true,"href":"https:\/\/dutchmicrodosing.com\/fr\/wp-json\/wp\/v2\/media\/12087"}],"wp:attachment":[{"href":"https:\/\/dutchmicrodosing.com\/fr\/wp-json\/wp\/v2\/media?parent=12614"}],"wp:term":[{"taxonomy":"product_brand","embeddable":true,"href":"https:\/\/dutchmicrodosing.com\/fr\/wp-json\/wp\/v2\/product_brand?post=12614"},{"taxonomy":"product_cat","embeddable":true,"href":"https:\/\/dutchmicrodosing.com\/fr\/wp-json\/wp\/v2\/product_cat?post=12614"},{"taxonomy":"product_tag","embeddable":true,"href":"https:\/\/dutchmicrodosing.com\/fr\/wp-json\/wp\/v2\/product_tag?post=12614"}],"curies":[{"name":"wp","href":"https:\/\/api.w.org\/{rel}","templated":true}]}}