{"id":13365,"date":"2022-04-04T21:05:17","date_gmt":"2022-04-04T19:05:17","guid":{"rendered":"https:\/\/dutchmicrodosing.com\/shop\/non%20class\u00e9\/mazatapec-all-in-one-growkit\/"},"modified":"2026-03-09T16:40:14","modified_gmt":"2026-03-09T15:40:14","slug":"kit-de-culture-all-in-one-mazatapec","status":"publish","type":"product","link":"https:\/\/dutchmicrodosing.com\/fr\/champignons-magiques\/kit-de-culture-all-in-one\/kit-de-culture-all-in-one-mazatapec\/","title":{"rendered":"Kit de culture All in One &#8211; Mazatapec"},"content":{"rendered":"<p>Tout comme le champignon mexicain, il s&rsquo;agit d&rsquo;un champignon d&rsquo;Am\u00e9rique centrale (Mexique). Le champignon Mazatapec \u00e9tait utilis\u00e9 par les anciennes tribus pour contacter les dieux. Mais il y a une grande diff\u00e9rence : le champignon de Mazatapec est destin\u00e9 aux psychonautes plus exp\u00e9riment\u00e9s. Il est pr\u00e9f\u00e9rable de ne prendre ce champignon qu&rsquo;apr\u00e8s l&rsquo;avoir utilis\u00e9 plusieurs fois. Avec ce kit de culture tout-en-un, vous pouvez facilement cultiver ce champignon vous-m\u00eame. En seulement deux semaines, vous aurez de magnifiques champignons magiques riches en psilocybine, une substance psychoactive, pour vous faire tripper !<\/p>\n<h2>Les effets du champignon de Mazatapec<\/h2>\n<p>Bien que chaque champignon magique ressemble \u00e0 une chute, en r\u00e8gle g\u00e9n\u00e9rale, vous pouvez vous attendre \u00e0 b\u00e9n\u00e9ficier de merveilleux effets visuels. Les couleurs deviennent plus vives et les sons peuvent \u00eatre assourdissants. Le voyage est aussi quelque chose de spirituel et votre sens du temps et de l&rsquo;espace est compl\u00e8tement diff\u00e9rent. Le voyage lui-m\u00eame dure plusieurs heures et les effets se font sentir apr\u00e8s environ 45 minutes.<\/p>\n<h2>Pr\u00e9paration pour le tripping avec les champignons de Mazatapec<\/h2>\n<p>Si vous prenez le temps de pr\u00e9parer votre voyage avec les champignons de Mazatapec, vous augmentez les chances de vivre une exp\u00e9rience spectaculaire, mais aussi s\u00fbre. Choisissez un espace que vous connaissez bien et entourez-vous de bons amis en qui vous pouvez avoir confiance. Prenez \u00e9galement des dispositions pour qu&rsquo;il y ait un \u00ab\u00a0tripteur\u00a0\u00bb. Il peut s&rsquo;agir d&rsquo;un ami qui ne consomme pas de drogues ou d&rsquo;alcool pendant que vous faites un trip. Le tripteur s&rsquo;assure que vous \u00eates en s\u00e9curit\u00e9 et il peut vous guider. Au cours d&rsquo;un voyage avec les champignons Mazatapec, il peut arriver que l&rsquo;on perde la notion du temps et de l&rsquo;espace. Le tripteur peut alors vous aider et vous rassurer.<\/p>\n<p>Le bouchon de voyage peut \u00e9galement s&rsquo;av\u00e9rer utile ici. Ce m\u00e9dicament agit en att\u00e9nuant les effets d&rsquo;un trip. Le simple fait de savoir que vous avez un dispositif de s\u00e9curit\u00e9 \u00e0 la maison peut \u00eatre apaisant.<\/p>\n<h2>Vous cherchez un kit de culture de champignons de Mazatapec ?<\/h2>\n<p>Avec le kit de culture All In One, vous pouvez d\u00e9sormais cultiver facilement ces champignons extr\u00eamement puissants \u00e0 la maison. Apr\u00e8s avoir pass\u00e9 votre commande, nous emballons votre kit de culture de champignons Mazatapec (dans un emballage discret et s\u00fbr) et vous l&rsquo;envoyons dans les meilleurs d\u00e9lais. En quelques semaines, vous pouvez avoir une r\u00e9colte d\u00e9cente.<\/p>\n<h2>Les 9 \u00e9tapes du kit de culture de champignons Mazatapec<\/h2>\n<p><a href=\"https:\/\/dutchmicrodosing.fr\/growkit_manual\/\">T\u00e9l\u00e9charger ici : Manuel du kit de culture All In One<\/a><\/p>\n<ol>\n<li>Lavez vos mains soigneusement et nettoyez l&rsquo;ext\u00e9rieur du kit de culture avec un chiffon propre et humide. Retirez le couvercle, mais gardez-le pour l&rsquo;\u00e9tape 3.<\/li>\n<li>Remplissez le GrowKit d&rsquo;eau ti\u00e8de (20\u00baC) jusqu&rsquo;au bord. Remettez le couvercle en place et laissez tremper le kit de culture pendant 5 \u00e0 50 minutes maximum. Remarque : ne jamais laisser tremper plus d&rsquo;une heure.<\/li>\n<li>Apr\u00e8s le trempage, retirez le couvercle du GrowKit et videz soigneusement l&rsquo;exc\u00e8s d&rsquo;eau. Laissez le GrowKit s&rsquo;\u00e9goutter pendant 5 \u00e0 10 secondes.<\/li>\n<li>Ajoutez de l&rsquo;eau ti\u00e8de (20\u00baC) dans le sac de culture : Pour le kit de culture 1200cc : 1 tasse (0,25 litre).<\/li>\n<li>Placez le GrowKit dans le sac de culture. Assurez-vous que l&rsquo;eau ne d\u00e9passe pas le bord du GrowKit.<\/li>\n<li>Fermez le sac de culture en faisant un couvercle en haut et en le fixant avec deux trombones (faisant partie de l&#8217;emballage du kit de culture).<\/li>\n<li>Placez le kit de culture dans un endroit \u00e0 l&rsquo;abri de la lumi\u00e8re directe du soleil. Ne placez pas le GrowKit sous une lampe ou sur ou pr\u00e8s d&rsquo;une cuisini\u00e8re ou d&rsquo;une source de chaleur. La temp\u00e9rature id\u00e9ale se situe entre 20 et 25 \u00ba C. \u00ab\u00a0Laissez le sac ferm\u00e9 jusqu&rsquo;\u00e0 ce que les pr\u00e9-pins commencent \u00e0 se former\u00a0\u00bb (cela peut prendre une ou deux semaines). Dans cette phase, le kit n&rsquo;a pas besoin d&rsquo;oxyg\u00e8ne, mais d&rsquo;un niveau \u00e9lev\u00e9 de CO2.<\/li>\n<li>\u00ab\u00a0Apr\u00e8s que les pr\u00e9-\u00e9pingles aient commenc\u00e9 \u00e0 pousser\u00a0\u00bb Humidifiez le kit quotidiennement \u00e0 l&rsquo;aide d&rsquo;un vaporisateur (1 \u00e0 2 pompes maximum). Dans cette phase, les champignons ont besoin de H20 et d&rsquo;O2 frais et le CO2 doit s&rsquo;\u00e9chapper. Ceci est \u00e9galement important apr\u00e8s la r\u00e9colte.<\/li>\n<li>Les premiers champignons seront visibles dans une quinzaine de jours. Soyez patient, les premiers champignons peuvent mettre plus de temps \u00e0 pousser. Les champignons doivent \u00eatre r\u00e9colt\u00e9s juste avant que la membrane sous le chapeau ne commence \u00e0 se d\u00e9tacher.<\/li>\n<\/ol>\n<p>La r\u00e9colte : Saisissez le pied avec pr\u00e9caution, tournez-le doucement de gauche \u00e0 droite, puis tirez-le doucement vers le haut pour extraire le champignon le plus compl\u00e8tement possible. De cette fa\u00e7on, il est possible de faire pousser de nouveaux champignons.<\/p>\n<h2>La r\u00e9colte de votre kit d&rsquo;\u00e9levage de champignons Mazatapec<\/h2>\n<p>Apr\u00e8s avoir cultiv\u00e9 vos champignons de Mazatapec de mani\u00e8re professionnelle, il est temps de les r\u00e9colter. Combien de champignons peut-on obtenir avec un kit de culture de champignons ? Le kit de culture de champignons est disponible en 1200 cc. Il est bon de savoir qu&rsquo;\u00e0 partir de chaque kit de culture de champignons, plusieurs pouss\u00e9es peuvent \u00eatre obtenues. Cela signifie que plusieurs r\u00e9coltes sont possibles \u00e0 partir d&rsquo;un seul des kits de culture de champignons.<\/p>\n<ul>\n<li>Le kit de culture de champignons Mazatapec 1200 cc donne 400 grammes de champignons<\/li>\n<\/ul>\n<p>Bien s\u00fbr, cela d\u00e9pend de la fa\u00e7on dont vous manipulez le kit de culture de champignons et de la qualit\u00e9 de la culture. Aujourd&rsquo;hui, les champignons de Mazatapec sont tr\u00e8s agr\u00e9ables \u00e0 cultiver. Ils peuvent tol\u00e9rer beaucoup de choses. Le kit de culture de champignons Mazatapec vous permettra toujours d&rsquo;obtenir une belle r\u00e9colte.<\/p>\n<h2>Rangement de votre kit de culture de champignons Mazatapec<\/h2>\n<p>S&rsquo;agissant d&rsquo;un produit frais, nous vous conseillons de mettre en place votre kit de culture de champignons imm\u00e9diatement. Vous obtiendrez ainsi les meilleurs r\u00e9sultats et vous vous assurerez une belle r\u00e9colte de champignons. La plupart des kits de culture de champignons peuvent \u00eatre conserv\u00e9s au r\u00e9frig\u00e9rateur pendant 3 \u00e0 6 mois avant de commencer la culture. V\u00e9rifiez la date de p\u00e9remption sur l&#8217;emballage.<\/p>\n","protected":false},"excerpt":{"rendered":"<p>Tout comme le champignon mexicain, il s&rsquo;agit d&rsquo;un champignon d&rsquo;Am\u00e9rique centrale (Mexique). Le champignon Mazatapec \u00e9tait utilis\u00e9 par les anciennes tribus pour contacter les dieux. Mais il y a une grande diff\u00e9rence : le champignon de Mazatapec est destin\u00e9 aux psychonautes plus exp\u00e9riment\u00e9s. Il est pr\u00e9f\u00e9rable de ne prendre ce champignon qu&rsquo;apr\u00e8s l&rsquo;avoir utilis\u00e9 plusieurs [&hellip;]<\/p>\n","protected":false},"featured_media":12073,"comment_status":"closed","ping_status":"closed","template":"","meta":[],"product_brand":[],"product_cat":[211],"product_tag":[],"class_list":{"0":"post-13365","1":"product","2":"type-product","3":"status-publish","4":"has-post-thumbnail","6":"product_cat-kit-de-culture-all-in-one","8":"first","9":"instock","10":"taxable","11":"shipping-taxable","12":"purchasable","13":"product-type-simple"},"yoast_head":"<!-- This site is optimized with the Yoast SEO Premium plugin v26.4 (Yoast SEO v27.2) - https:\/\/yoast.com\/product\/yoast-seo-premium-wordpress\/ -->\n<title>Kit de culture All in One - Mazatapec - Dutchmicrodosing<\/title>\n<meta name=\"robots\" content=\"index, follow, max-snippet:-1, max-image-preview:large, max-video-preview:-1\" \/>\n<link rel=\"canonical\" href=\"https:\/\/dutchmicrodosing.com\/fr\/champignons-magiques\/kit-de-culture-all-in-one\/kit-de-culture-all-in-one-mazatapec\/\" \/>\n<meta property=\"og:locale\" content=\"fr_FR\" \/>\n<meta property=\"og:type\" content=\"article\" \/>\n<meta property=\"og:title\" content=\"Kit de culture All in One - Mazatapec\" \/>\n<meta property=\"og:description\" content=\"Tout comme le champignon mexicain, il s&#039;agit d&#039;un champignon d&#039;Am\u00e9rique centrale (Mexique). Le champignon Mazatapec \u00e9tait utilis\u00e9 par les anciennes tribus\" \/>\n<meta property=\"og:url\" content=\"https:\/\/dutchmicrodosing.com\/fr\/champignons-magiques\/kit-de-culture-all-in-one\/kit-de-culture-all-in-one-mazatapec\/\" \/>\n<meta property=\"og:site_name\" content=\"Dutchmicrodosing\" \/>\n<meta property=\"article:publisher\" content=\"https:\/\/www.facebook.com\/Dutchmicrodosingxp\/\" \/>\n<meta property=\"article:modified_time\" content=\"2026-03-09T15:40:14+00:00\" \/>\n<meta property=\"og:image\" content=\"https:\/\/dutchmicrodosing.com\/wp-content\/uploads\/2022\/04\/mazatapec-all-in-one-growkit.png\" \/>\n\t<meta property=\"og:image:width\" content=\"1100\" \/>\n\t<meta property=\"og:image:height\" content=\"720\" \/>\n\t<meta property=\"og:image:type\" content=\"image\/png\" \/>\n<meta name=\"twitter:card\" content=\"summary_large_image\" \/>\n<script type=\"application\/ld+json\" class=\"yoast-schema-graph\">{\"@context\":\"https:\/\/schema.org\",\"@graph\":[{\"@type\":\"WebPage\",\"@id\":\"https:\/\/dutchmicrodosing.com\/fr\/champignons-magiques\/kit-de-culture-all-in-one\/kit-de-culture-all-in-one-mazatapec\/\",\"url\":\"https:\/\/dutchmicrodosing.com\/fr\/champignons-magiques\/kit-de-culture-all-in-one\/kit-de-culture-all-in-one-mazatapec\/\",\"name\":\"Kit de culture All in One - Mazatapec - Dutchmicrodosing\",\"isPartOf\":{\"@id\":\"https:\/\/dutchmicrodosing.com\/fr\/#website\"},\"primaryImageOfPage\":{\"@id\":\"https:\/\/dutchmicrodosing.com\/fr\/champignons-magiques\/kit-de-culture-all-in-one\/kit-de-culture-all-in-one-mazatapec\/#primaryimage\"},\"image\":{\"@id\":\"https:\/\/dutchmicrodosing.com\/fr\/champignons-magiques\/kit-de-culture-all-in-one\/kit-de-culture-all-in-one-mazatapec\/#primaryimage\"},\"thumbnailUrl\":\"https:\/\/dutchmicrodosing.com\/wp-content\/uploads\/2022\/04\/mazatapec-all-in-one-growkit.png\",\"datePublished\":\"2022-04-04T19:05:17+00:00\",\"dateModified\":\"2026-03-09T15:40:14+00:00\",\"breadcrumb\":{\"@id\":\"https:\/\/dutchmicrodosing.com\/fr\/champignons-magiques\/kit-de-culture-all-in-one\/kit-de-culture-all-in-one-mazatapec\/#breadcrumb\"},\"inLanguage\":\"fr-FR\",\"potentialAction\":[{\"@type\":\"ReadAction\",\"target\":[\"https:\/\/dutchmicrodosing.com\/fr\/champignons-magiques\/kit-de-culture-all-in-one\/kit-de-culture-all-in-one-mazatapec\/\"]}]},{\"@type\":\"ImageObject\",\"inLanguage\":\"fr-FR\",\"@id\":\"https:\/\/dutchmicrodosing.com\/fr\/champignons-magiques\/kit-de-culture-all-in-one\/kit-de-culture-all-in-one-mazatapec\/#primaryimage\",\"url\":\"https:\/\/dutchmicrodosing.com\/wp-content\/uploads\/2022\/04\/mazatapec-all-in-one-growkit.png\",\"contentUrl\":\"https:\/\/dutchmicrodosing.com\/wp-content\/uploads\/2022\/04\/mazatapec-all-in-one-growkit.png\",\"width\":1100,\"height\":720},{\"@type\":\"BreadcrumbList\",\"@id\":\"https:\/\/dutchmicrodosing.com\/fr\/champignons-magiques\/kit-de-culture-all-in-one\/kit-de-culture-all-in-one-mazatapec\/#breadcrumb\",\"itemListElement\":[{\"@type\":\"ListItem\",\"position\":1,\"name\":\"Home\",\"item\":\"https:\/\/dutchmicrodosing.com\/fr\/\"},{\"@type\":\"ListItem\",\"position\":2,\"name\":\"Boutique\",\"item\":\"https:\/\/dutchmicrodosing.com\/fr\/boutique\/\"},{\"@type\":\"ListItem\",\"position\":3,\"name\":\"Kit de culture All in One &#8211; Mazatapec\"}]},{\"@type\":\"WebSite\",\"@id\":\"https:\/\/dutchmicrodosing.com\/fr\/#website\",\"url\":\"https:\/\/dutchmicrodosing.com\/fr\/\",\"name\":\"Dutchmicrodosing\",\"description\":\"\",\"publisher\":{\"@id\":\"https:\/\/dutchmicrodosing.com\/fr\/#organization\"},\"potentialAction\":[{\"@type\":\"SearchAction\",\"target\":{\"@type\":\"EntryPoint\",\"urlTemplate\":\"https:\/\/dutchmicrodosing.com\/fr\/?s={search_term_string}\"},\"query-input\":{\"@type\":\"PropertyValueSpecification\",\"valueRequired\":true,\"valueName\":\"search_term_string\"}}],\"inLanguage\":\"fr-FR\"},{\"@type\":\"Organization\",\"@id\":\"https:\/\/dutchmicrodosing.com\/fr\/#organization\",\"name\":\"Dutchmicrodosing\",\"url\":\"https:\/\/dutchmicrodosing.com\/fr\/\",\"logo\":{\"@type\":\"ImageObject\",\"inLanguage\":\"fr-FR\",\"@id\":\"https:\/\/dutchmicrodosing.com\/fr\/#\/schema\/logo\/image\/\",\"url\":\"https:\/\/dutchmicrodosing.com\/wp-content\/uploads\/2021\/01\/microdosing-categorie-pic-nieuw.jpg\",\"contentUrl\":\"https:\/\/dutchmicrodosing.com\/wp-content\/uploads\/2021\/01\/microdosing-categorie-pic-nieuw.jpg\",\"width\":500,\"height\":500,\"caption\":\"Dutchmicrodosing\"},\"image\":{\"@id\":\"https:\/\/dutchmicrodosing.com\/fr\/#\/schema\/logo\/image\/\"},\"sameAs\":[\"https:\/\/www.facebook.com\/Dutchmicrodosingxp\/\",\"https:\/\/www.instagram.com\/dutchmicrodosing\/\"]}]}<\/script>\n<meta property=\"product:price:amount\" content=\"34.95\" \/>\n<meta property=\"product:price:currency\" content=\"EUR\" \/>\n<meta property=\"og:availability\" content=\"instock\" \/>\n<meta property=\"product:availability\" content=\"instock\" \/>\n<meta property=\"product:retailer_item_id\" content=\"7112182\" \/>\n<meta property=\"product:condition\" content=\"new\" \/>\n<!-- \/ Yoast SEO Premium plugin. -->","yoast_head_json":{"title":"Kit de culture All in One - Mazatapec - Dutchmicrodosing","robots":{"index":"index","follow":"follow","max-snippet":"max-snippet:-1","max-image-preview":"max-image-preview:large","max-video-preview":"max-video-preview:-1"},"canonical":"https:\/\/dutchmicrodosing.com\/fr\/champignons-magiques\/kit-de-culture-all-in-one\/kit-de-culture-all-in-one-mazatapec\/","og_locale":"fr_FR","og_type":"article","og_title":"Kit de culture All in One - Mazatapec","og_description":"Tout comme le champignon mexicain, il s'agit d'un champignon d'Am\u00e9rique centrale (Mexique). Le champignon Mazatapec \u00e9tait utilis\u00e9 par les anciennes tribus","og_url":"https:\/\/dutchmicrodosing.com\/fr\/champignons-magiques\/kit-de-culture-all-in-one\/kit-de-culture-all-in-one-mazatapec\/","og_site_name":"Dutchmicrodosing","article_publisher":"https:\/\/www.facebook.com\/Dutchmicrodosingxp\/","article_modified_time":"2026-03-09T15:40:14+00:00","og_image":[{"width":1100,"height":720,"url":"https:\/\/dutchmicrodosing.com\/wp-content\/uploads\/2022\/04\/mazatapec-all-in-one-growkit.png","type":"image\/png"}],"twitter_card":"summary_large_image","schema":{"@context":"https:\/\/schema.org","@graph":[{"@type":"WebPage","@id":"https:\/\/dutchmicrodosing.com\/fr\/champignons-magiques\/kit-de-culture-all-in-one\/kit-de-culture-all-in-one-mazatapec\/","url":"https:\/\/dutchmicrodosing.com\/fr\/champignons-magiques\/kit-de-culture-all-in-one\/kit-de-culture-all-in-one-mazatapec\/","name":"Kit de culture All in One - Mazatapec - Dutchmicrodosing","isPartOf":{"@id":"https:\/\/dutchmicrodosing.com\/fr\/#website"},"primaryImageOfPage":{"@id":"https:\/\/dutchmicrodosing.com\/fr\/champignons-magiques\/kit-de-culture-all-in-one\/kit-de-culture-all-in-one-mazatapec\/#primaryimage"},"image":{"@id":"https:\/\/dutchmicrodosing.com\/fr\/champignons-magiques\/kit-de-culture-all-in-one\/kit-de-culture-all-in-one-mazatapec\/#primaryimage"},"thumbnailUrl":"https:\/\/dutchmicrodosing.com\/wp-content\/uploads\/2022\/04\/mazatapec-all-in-one-growkit.png","datePublished":"2022-04-04T19:05:17+00:00","dateModified":"2026-03-09T15:40:14+00:00","breadcrumb":{"@id":"https:\/\/dutchmicrodosing.com\/fr\/champignons-magiques\/kit-de-culture-all-in-one\/kit-de-culture-all-in-one-mazatapec\/#breadcrumb"},"inLanguage":"fr-FR","potentialAction":[{"@type":"ReadAction","target":["https:\/\/dutchmicrodosing.com\/fr\/champignons-magiques\/kit-de-culture-all-in-one\/kit-de-culture-all-in-one-mazatapec\/"]}]},{"@type":"ImageObject","inLanguage":"fr-FR","@id":"https:\/\/dutchmicrodosing.com\/fr\/champignons-magiques\/kit-de-culture-all-in-one\/kit-de-culture-all-in-one-mazatapec\/#primaryimage","url":"https:\/\/dutchmicrodosing.com\/wp-content\/uploads\/2022\/04\/mazatapec-all-in-one-growkit.png","contentUrl":"https:\/\/dutchmicrodosing.com\/wp-content\/uploads\/2022\/04\/mazatapec-all-in-one-growkit.png","width":1100,"height":720},{"@type":"BreadcrumbList","@id":"https:\/\/dutchmicrodosing.com\/fr\/champignons-magiques\/kit-de-culture-all-in-one\/kit-de-culture-all-in-one-mazatapec\/#breadcrumb","itemListElement":[{"@type":"ListItem","position":1,"name":"Home","item":"https:\/\/dutchmicrodosing.com\/fr\/"},{"@type":"ListItem","position":2,"name":"Boutique","item":"https:\/\/dutchmicrodosing.com\/fr\/boutique\/"},{"@type":"ListItem","position":3,"name":"Kit de culture All in One &#8211; Mazatapec"}]},{"@type":"WebSite","@id":"https:\/\/dutchmicrodosing.com\/fr\/#website","url":"https:\/\/dutchmicrodosing.com\/fr\/","name":"Dutchmicrodosing","description":"","publisher":{"@id":"https:\/\/dutchmicrodosing.com\/fr\/#organization"},"potentialAction":[{"@type":"SearchAction","target":{"@type":"EntryPoint","urlTemplate":"https:\/\/dutchmicrodosing.com\/fr\/?s={search_term_string}"},"query-input":{"@type":"PropertyValueSpecification","valueRequired":true,"valueName":"search_term_string"}}],"inLanguage":"fr-FR"},{"@type":"Organization","@id":"https:\/\/dutchmicrodosing.com\/fr\/#organization","name":"Dutchmicrodosing","url":"https:\/\/dutchmicrodosing.com\/fr\/","logo":{"@type":"ImageObject","inLanguage":"fr-FR","@id":"https:\/\/dutchmicrodosing.com\/fr\/#\/schema\/logo\/image\/","url":"https:\/\/dutchmicrodosing.com\/wp-content\/uploads\/2021\/01\/microdosing-categorie-pic-nieuw.jpg","contentUrl":"https:\/\/dutchmicrodosing.com\/wp-content\/uploads\/2021\/01\/microdosing-categorie-pic-nieuw.jpg","width":500,"height":500,"caption":"Dutchmicrodosing"},"image":{"@id":"https:\/\/dutchmicrodosing.com\/fr\/#\/schema\/logo\/image\/"},"sameAs":["https:\/\/www.facebook.com\/Dutchmicrodosingxp\/","https:\/\/www.instagram.com\/dutchmicrodosing\/"]}]},"product_price_amount":"34.95","product_price_currency":"EUR","og_availability":"instock","product_availability":"instock","product_retailer_item_id":"7112182","product_condition":"new"},"_links":{"self":[{"href":"https:\/\/dutchmicrodosing.com\/fr\/wp-json\/wp\/v2\/product\/13365","targetHints":{"allow":["GET"]}}],"collection":[{"href":"https:\/\/dutchmicrodosing.com\/fr\/wp-json\/wp\/v2\/product"}],"about":[{"href":"https:\/\/dutchmicrodosing.com\/fr\/wp-json\/wp\/v2\/types\/product"}],"replies":[{"embeddable":true,"href":"https:\/\/dutchmicrodosing.com\/fr\/wp-json\/wp\/v2\/comments?post=13365"}],"version-history":[{"count":0,"href":"https:\/\/dutchmicrodosing.com\/fr\/wp-json\/wp\/v2\/product\/13365\/revisions"}],"wp:featuredmedia":[{"embeddable":true,"href":"https:\/\/dutchmicrodosing.com\/fr\/wp-json\/wp\/v2\/media\/12073"}],"wp:attachment":[{"href":"https:\/\/dutchmicrodosing.com\/fr\/wp-json\/wp\/v2\/media?parent=13365"}],"wp:term":[{"taxonomy":"product_brand","embeddable":true,"href":"https:\/\/dutchmicrodosing.com\/fr\/wp-json\/wp\/v2\/product_brand?post=13365"},{"taxonomy":"product_cat","embeddable":true,"href":"https:\/\/dutchmicrodosing.com\/fr\/wp-json\/wp\/v2\/product_cat?post=13365"},{"taxonomy":"product_tag","embeddable":true,"href":"https:\/\/dutchmicrodosing.com\/fr\/wp-json\/wp\/v2\/product_tag?post=13365"}],"curies":[{"name":"wp","href":"https:\/\/api.w.org\/{rel}","templated":true}]}}