{"id":13382,"date":"2022-04-04T20:57:43","date_gmt":"2022-04-04T18:57:43","guid":{"rendered":"https:\/\/dutchmicrodosing.com\/shop\/non%20class\u00e9\/golden-teacher-all-in-one-growkit\/"},"modified":"2026-01-18T10:55:01","modified_gmt":"2026-01-18T09:55:01","slug":"kit-de-culture-all-in-one-golden-teacher","status":"publish","type":"product","link":"https:\/\/dutchmicrodosing.com\/fr\/champignons-magiques\/kit-de-culture-all-in-one\/kit-de-culture-all-in-one-golden-teacher\/","title":{"rendered":"Kit de culture All in one &#8211; Golden Teacher"},"content":{"rendered":"<p>Le Golden Teacher est l&rsquo;un des plus beaux champignons magiques que l&rsquo;on puisse cultiver. Les beaux chapeaux dor\u00e9s pousseront en deux semaines seulement et deviendront tr\u00e8s grands ! Le professeur d&rsquo;or a un nom pas tout \u00e0 fait surprenant. Le Golden Teacher est l&rsquo;un de ces champignons magiques qui vous font d\u00e9couvrir le monde \u00e0 nouveau. Le voyage avec ce champignon peut durer des heures et c&rsquo;est aussi un champignon philosophique. Le champignon magique vous fait non seulement vous replier sur vous-m\u00eame, mais vous permet aussi de voyager dans l&rsquo;univers. Pour cette raison, c&rsquo;est le champignon magique par excellence si vous recherchez l&rsquo;illumination et la connexion avec le monde.<\/p>\n<h2>Qu&rsquo;est-ce qui rend les champignons Golden Teacher magiques ?<\/h2>\n<p>Les champignons et les truffes magiques, et donc aussi les champignons Golden Teacher, contiennent la substance psychoactive psilocybine. C&rsquo;est la substance qui provoque le trip. Il se transforme en psilocine dans le corps. Cette substance peut s&rsquo;attacher \u00e0 des r\u00e9cepteurs dans votre cerveau et vous faire tr\u00e9bucher. Les premiers effets apparaissent apr\u00e8s environ 45 minutes et peuvent durer des heures !<\/p>\n<h2>Pr\u00e9paration au trip avec les champignons du professeur Golden<\/h2>\n<p>Si vous prenez le temps de vous pr\u00e9parer \u00e0 faire un trip avec les champignons magiques Golden Teacher, vous augmentez les chances de vivre une exp\u00e9rience spectaculaire, mais aussi s\u00fbre. Choisissez un espace que vous connaissez bien et entourez-vous de bons amis en qui vous pouvez avoir confiance. Prenez \u00e9galement des dispositions pour qu&rsquo;il y ait un \u00ab\u00a0tripteur\u00a0\u00bb. Il peut s&rsquo;agir d&rsquo;un ami qui ne consomme pas de drogues ou d&rsquo;alcool pendant que vous faites un trip. Le tripteur s&rsquo;assure que vous \u00eates en s\u00e9curit\u00e9 et il peut vous guider. Pendant un voyage avec les champignons magiques Golden Teacher, il peut arriver que l&rsquo;on perde la notion du temps et de l&rsquo;espace. Le tripteur peut alors vous aider et vous rassurer.<\/p>\n<p>Le bouchon de voyage peut \u00e9galement s&rsquo;av\u00e9rer utile ici. Ce m\u00e9dicament agit en att\u00e9nuant les effets d&rsquo;un trip. Le simple fait de savoir que vous avez un dispositif de s\u00e9curit\u00e9 \u00e0 la maison peut \u00eatre apaisant.<\/p>\n<h2>Vous recherchez un kit de culture de champignons Golden Teacher ?<\/h2>\n<p>Avec le kit de culture All In One, vous pouvez d\u00e9sormais cultiver facilement ces champignons extr\u00eamement puissants \u00e0 la maison. Apr\u00e8s votre commande, nous emballons votre kit de culture de champignons Golden Teacher (dans un emballage discret et s\u00fbr) et vous l&rsquo;envoyons dans les meilleurs d\u00e9lais. En quelques semaines, vous pouvez avoir une r\u00e9colte d\u00e9cente.<\/p>\n<h2>Les 9 \u00e9tapes pour le kit de culture de champignons Golden Teacher<\/h2>\n<p><a href=\"https:\/\/dutchmicrodosing.fr\/growkit_manual\/\">T\u00e9l\u00e9charger ici : Manuel du kit de culture All In One<\/a><\/p>\n<ul>\n<li>\n<ol>\n<li>Lavez vos mains soigneusement et nettoyez l&rsquo;ext\u00e9rieur du kit de culture avec un chiffon propre et humide. Retirez le couvercle, mais gardez-le pour l&rsquo;\u00e9tape 3.<\/li>\n<li>Remplissez le GrowKit d&rsquo;eau ti\u00e8de (20\u00baC) jusqu&rsquo;au bord. Remettez le couvercle en place et laissez tremper le kit de culture pendant 5 \u00e0 50 minutes maximum. Remarque : ne jamais laisser tremper plus d&rsquo;une heure.<\/li>\n<li>Apr\u00e8s le trempage, retirez le couvercle du GrowKit et videz soigneusement l&rsquo;exc\u00e8s d&rsquo;eau. Laissez le GrowKit s&rsquo;\u00e9goutter pendant 5 \u00e0 10 secondes.<\/li>\n<li>Ajoutez de l&rsquo;eau ti\u00e8de (20\u00baC) dans le sac de culture : Pour le kit de culture 2100cc : 1 tasse (0,25 litre). Pour le GrowKit 1200cc : 1 tasse (0,25 litre).<\/li>\n<li>Placez le GrowKit dans le sac de culture. Assurez-vous que l&rsquo;eau ne d\u00e9passe pas le bord du GrowKit.<\/li>\n<li>Fermez le sac de culture en faisant un couvercle en haut et en le fixant avec deux trombones (faisant partie de l&#8217;emballage du kit de culture).<\/li>\n<li>Placez le kit de culture dans un endroit \u00e0 l&rsquo;abri de la lumi\u00e8re directe du soleil. Ne placez pas le GrowKit sous une lampe ou sur ou pr\u00e8s d&rsquo;une cuisini\u00e8re ou d&rsquo;une source de chaleur. La temp\u00e9rature id\u00e9ale se situe entre 20 et 25 \u00ba C. \u00ab\u00a0Laissez le sac <strong>ferm\u00e9 <\/strong>jusqu&rsquo;\u00e0 ce que les pr\u00e9-pins commencent \u00e0 se former\u00a0\u00bb (cela peut prendre une ou deux semaines). Dans cette phase, le kit n&rsquo;a pas besoin d&rsquo;oxyg\u00e8ne, mais d&rsquo;un niveau \u00e9lev\u00e9 de CO2.<\/li>\n<li>\u00ab\u00a0Apr\u00e8s que les pr\u00e9-\u00e9pingles aient commenc\u00e9 \u00e0 pousser\u00a0\u00bb Humidifiez le kit quotidiennement \u00e0 l&rsquo;aide d&rsquo;un vaporisateur (1 \u00e0 2 pompes maximum). Dans cette phase, les champignons ont besoin de H20 et d&rsquo;O2 frais et le CO2 doit s&rsquo;\u00e9chapper. Ceci est \u00e9galement important apr\u00e8s la r\u00e9colte.<\/li>\n<li>Les premiers champignons seront visibles dans une quinzaine de jours. Soyez patient, les premiers champignons peuvent mettre plus de temps \u00e0 pousser. Les champignons doivent \u00eatre r\u00e9colt\u00e9s juste avant que la membrane sous le chapeau ne commence \u00e0 se d\u00e9tacher.<\/li>\n<\/ol>\n<p><strong>La r\u00e9colte :<\/strong> Saisissez le pied avec pr\u00e9caution, tournez-le doucement de gauche \u00e0 droite, puis tirez-le doucement vers le haut pour extraire le champignon le plus compl\u00e8tement possible. De cette fa\u00e7on, il est possible de faire pousser de nouveaux champignons.<\/li>\n<\/ul>\n<h2>La r\u00e9colte de votre kit de reproduction de champignons Golden Teacher<\/h2>\n<p>Apr\u00e8s avoir fait pousser vos champignons Golden Teacher de mani\u00e8re professionnelle, il est temps de les r\u00e9colter. Combien de champignons peut-on obtenir avec un kit de culture de champignons ? Il est bon de savoir que chaque kit de culture de champignons permet d&rsquo;obtenir plusieurs pousses. Cela signifie que plusieurs r\u00e9coltes sont possibles \u00e0 partir d&rsquo;un seul des kits de culture de champignons.<\/p>\n<ul>\n<li>Le kit de culture de champignons Golden Teacher 1200 cc donne 400 grammes de champignons.<\/li>\n<\/ul>\n<p>Bien s\u00fbr, cela d\u00e9pend de la fa\u00e7on dont vous manipulez le kit de culture de champignons et de la qualit\u00e9 de la culture. Maintenant, les champignons magiques Golden Teacher sont tr\u00e8s agr\u00e9ables \u00e0 cultiver. Ils peuvent tol\u00e9rer beaucoup de choses. Le kit de culture de champignons Golden Teacher vous permettra toujours d&rsquo;obtenir une belle r\u00e9colte.<\/p>\n<h2>Stockage de votre kit de culture de champignons Golden Teacher<\/h2>\n<p>S&rsquo;agissant d&rsquo;un produit frais, nous vous conseillons de mettre en place votre kit de culture de champignons imm\u00e9diatement. Vous obtiendrez ainsi les meilleurs r\u00e9sultats et vous vous assurerez une belle r\u00e9colte de champignons.<\/p>\n","protected":false},"excerpt":{"rendered":"<p>Le Golden Teacher est l&rsquo;un des plus beaux champignons magiques que l&rsquo;on puisse cultiver. Les beaux chapeaux dor\u00e9s pousseront en deux semaines seulement et deviendront tr\u00e8s grands ! Le professeur d&rsquo;or a un nom pas tout \u00e0 fait surprenant. Le Golden Teacher est l&rsquo;un de ces champignons magiques qui vous font d\u00e9couvrir le monde \u00e0 [&hellip;]<\/p>\n","protected":false},"featured_media":12052,"comment_status":"closed","ping_status":"closed","template":"","meta":[],"product_brand":[],"product_cat":[211],"product_tag":[],"class_list":{"0":"post-13382","1":"product","2":"type-product","3":"status-publish","4":"has-post-thumbnail","6":"product_cat-kit-de-culture-all-in-one","8":"first","9":"instock","10":"taxable","11":"shipping-taxable","12":"purchasable","13":"product-type-simple"},"yoast_head":"<!-- This site is optimized with the Yoast SEO Premium plugin v26.4 (Yoast SEO v27.2) - https:\/\/yoast.com\/product\/yoast-seo-premium-wordpress\/ -->\n<title>Kit de culture All in one - Golden Teacher - Dutchmicrodosing<\/title>\n<meta name=\"robots\" content=\"index, follow, max-snippet:-1, max-image-preview:large, max-video-preview:-1\" \/>\n<link rel=\"canonical\" href=\"https:\/\/dutchmicrodosing.com\/fr\/champignons-magiques\/kit-de-culture-all-in-one\/kit-de-culture-all-in-one-golden-teacher\/\" \/>\n<meta property=\"og:locale\" content=\"fr_FR\" \/>\n<meta property=\"og:type\" content=\"article\" \/>\n<meta property=\"og:title\" content=\"Kit de culture All in one - Golden Teacher\" \/>\n<meta property=\"og:description\" content=\"Le Golden Teacher est l&#039;un des plus beaux champignons magiques que l&#039;on puisse cultiver. Les beaux chapeaux dor\u00e9s pousseront en deux semaines seulement et\" \/>\n<meta property=\"og:url\" content=\"https:\/\/dutchmicrodosing.com\/fr\/champignons-magiques\/kit-de-culture-all-in-one\/kit-de-culture-all-in-one-golden-teacher\/\" \/>\n<meta property=\"og:site_name\" content=\"Dutchmicrodosing\" \/>\n<meta property=\"article:publisher\" content=\"https:\/\/www.facebook.com\/Dutchmicrodosingxp\/\" \/>\n<meta property=\"article:modified_time\" content=\"2026-01-18T09:55:01+00:00\" \/>\n<meta property=\"og:image\" content=\"https:\/\/dutchmicrodosing.com\/wp-content\/uploads\/2022\/04\/golden-teacher-all-in-one-growkit.png\" \/>\n\t<meta property=\"og:image:width\" content=\"1100\" \/>\n\t<meta property=\"og:image:height\" content=\"720\" \/>\n\t<meta property=\"og:image:type\" content=\"image\/png\" \/>\n<meta name=\"twitter:card\" content=\"summary_large_image\" \/>\n<script type=\"application\/ld+json\" class=\"yoast-schema-graph\">{\"@context\":\"https:\/\/schema.org\",\"@graph\":[{\"@type\":\"WebPage\",\"@id\":\"https:\/\/dutchmicrodosing.com\/fr\/champignons-magiques\/kit-de-culture-all-in-one\/kit-de-culture-all-in-one-golden-teacher\/\",\"url\":\"https:\/\/dutchmicrodosing.com\/fr\/champignons-magiques\/kit-de-culture-all-in-one\/kit-de-culture-all-in-one-golden-teacher\/\",\"name\":\"Kit de culture All in one - Golden Teacher - Dutchmicrodosing\",\"isPartOf\":{\"@id\":\"https:\/\/dutchmicrodosing.com\/fr\/#website\"},\"primaryImageOfPage\":{\"@id\":\"https:\/\/dutchmicrodosing.com\/fr\/champignons-magiques\/kit-de-culture-all-in-one\/kit-de-culture-all-in-one-golden-teacher\/#primaryimage\"},\"image\":{\"@id\":\"https:\/\/dutchmicrodosing.com\/fr\/champignons-magiques\/kit-de-culture-all-in-one\/kit-de-culture-all-in-one-golden-teacher\/#primaryimage\"},\"thumbnailUrl\":\"https:\/\/dutchmicrodosing.com\/wp-content\/uploads\/2022\/04\/golden-teacher-all-in-one-growkit.png\",\"datePublished\":\"2022-04-04T18:57:43+00:00\",\"dateModified\":\"2026-01-18T09:55:01+00:00\",\"breadcrumb\":{\"@id\":\"https:\/\/dutchmicrodosing.com\/fr\/champignons-magiques\/kit-de-culture-all-in-one\/kit-de-culture-all-in-one-golden-teacher\/#breadcrumb\"},\"inLanguage\":\"fr-FR\",\"potentialAction\":[{\"@type\":\"ReadAction\",\"target\":[\"https:\/\/dutchmicrodosing.com\/fr\/champignons-magiques\/kit-de-culture-all-in-one\/kit-de-culture-all-in-one-golden-teacher\/\"]}]},{\"@type\":\"ImageObject\",\"inLanguage\":\"fr-FR\",\"@id\":\"https:\/\/dutchmicrodosing.com\/fr\/champignons-magiques\/kit-de-culture-all-in-one\/kit-de-culture-all-in-one-golden-teacher\/#primaryimage\",\"url\":\"https:\/\/dutchmicrodosing.com\/wp-content\/uploads\/2022\/04\/golden-teacher-all-in-one-growkit.png\",\"contentUrl\":\"https:\/\/dutchmicrodosing.com\/wp-content\/uploads\/2022\/04\/golden-teacher-all-in-one-growkit.png\",\"width\":1100,\"height\":720},{\"@type\":\"BreadcrumbList\",\"@id\":\"https:\/\/dutchmicrodosing.com\/fr\/champignons-magiques\/kit-de-culture-all-in-one\/kit-de-culture-all-in-one-golden-teacher\/#breadcrumb\",\"itemListElement\":[{\"@type\":\"ListItem\",\"position\":1,\"name\":\"Home\",\"item\":\"https:\/\/dutchmicrodosing.com\/fr\/\"},{\"@type\":\"ListItem\",\"position\":2,\"name\":\"Boutique\",\"item\":\"https:\/\/dutchmicrodosing.com\/fr\/boutique\/\"},{\"@type\":\"ListItem\",\"position\":3,\"name\":\"Kit de culture All in one &#8211; Golden Teacher\"}]},{\"@type\":\"WebSite\",\"@id\":\"https:\/\/dutchmicrodosing.com\/fr\/#website\",\"url\":\"https:\/\/dutchmicrodosing.com\/fr\/\",\"name\":\"Dutchmicrodosing\",\"description\":\"\",\"publisher\":{\"@id\":\"https:\/\/dutchmicrodosing.com\/fr\/#organization\"},\"potentialAction\":[{\"@type\":\"SearchAction\",\"target\":{\"@type\":\"EntryPoint\",\"urlTemplate\":\"https:\/\/dutchmicrodosing.com\/fr\/?s={search_term_string}\"},\"query-input\":{\"@type\":\"PropertyValueSpecification\",\"valueRequired\":true,\"valueName\":\"search_term_string\"}}],\"inLanguage\":\"fr-FR\"},{\"@type\":\"Organization\",\"@id\":\"https:\/\/dutchmicrodosing.com\/fr\/#organization\",\"name\":\"Dutchmicrodosing\",\"url\":\"https:\/\/dutchmicrodosing.com\/fr\/\",\"logo\":{\"@type\":\"ImageObject\",\"inLanguage\":\"fr-FR\",\"@id\":\"https:\/\/dutchmicrodosing.com\/fr\/#\/schema\/logo\/image\/\",\"url\":\"https:\/\/dutchmicrodosing.com\/wp-content\/uploads\/2021\/01\/microdosing-categorie-pic-nieuw.jpg\",\"contentUrl\":\"https:\/\/dutchmicrodosing.com\/wp-content\/uploads\/2021\/01\/microdosing-categorie-pic-nieuw.jpg\",\"width\":500,\"height\":500,\"caption\":\"Dutchmicrodosing\"},\"image\":{\"@id\":\"https:\/\/dutchmicrodosing.com\/fr\/#\/schema\/logo\/image\/\"},\"sameAs\":[\"https:\/\/www.facebook.com\/Dutchmicrodosingxp\/\",\"https:\/\/www.instagram.com\/dutchmicrodosing\/\"]}]}<\/script>\n<meta property=\"product:price:amount\" content=\"34.95\" \/>\n<meta property=\"product:price:currency\" content=\"EUR\" \/>\n<meta property=\"og:availability\" content=\"instock\" \/>\n<meta property=\"product:availability\" content=\"instock\" \/>\n<meta property=\"product:retailer_item_id\" content=\"8108904\" \/>\n<meta property=\"product:condition\" content=\"new\" \/>\n<!-- \/ Yoast SEO Premium plugin. -->","yoast_head_json":{"title":"Kit de culture All in one - Golden Teacher - Dutchmicrodosing","robots":{"index":"index","follow":"follow","max-snippet":"max-snippet:-1","max-image-preview":"max-image-preview:large","max-video-preview":"max-video-preview:-1"},"canonical":"https:\/\/dutchmicrodosing.com\/fr\/champignons-magiques\/kit-de-culture-all-in-one\/kit-de-culture-all-in-one-golden-teacher\/","og_locale":"fr_FR","og_type":"article","og_title":"Kit de culture All in one - Golden Teacher","og_description":"Le Golden Teacher est l'un des plus beaux champignons magiques que l'on puisse cultiver. Les beaux chapeaux dor\u00e9s pousseront en deux semaines seulement et","og_url":"https:\/\/dutchmicrodosing.com\/fr\/champignons-magiques\/kit-de-culture-all-in-one\/kit-de-culture-all-in-one-golden-teacher\/","og_site_name":"Dutchmicrodosing","article_publisher":"https:\/\/www.facebook.com\/Dutchmicrodosingxp\/","article_modified_time":"2026-01-18T09:55:01+00:00","og_image":[{"width":1100,"height":720,"url":"https:\/\/dutchmicrodosing.com\/wp-content\/uploads\/2022\/04\/golden-teacher-all-in-one-growkit.png","type":"image\/png"}],"twitter_card":"summary_large_image","schema":{"@context":"https:\/\/schema.org","@graph":[{"@type":"WebPage","@id":"https:\/\/dutchmicrodosing.com\/fr\/champignons-magiques\/kit-de-culture-all-in-one\/kit-de-culture-all-in-one-golden-teacher\/","url":"https:\/\/dutchmicrodosing.com\/fr\/champignons-magiques\/kit-de-culture-all-in-one\/kit-de-culture-all-in-one-golden-teacher\/","name":"Kit de culture All in one - Golden Teacher - Dutchmicrodosing","isPartOf":{"@id":"https:\/\/dutchmicrodosing.com\/fr\/#website"},"primaryImageOfPage":{"@id":"https:\/\/dutchmicrodosing.com\/fr\/champignons-magiques\/kit-de-culture-all-in-one\/kit-de-culture-all-in-one-golden-teacher\/#primaryimage"},"image":{"@id":"https:\/\/dutchmicrodosing.com\/fr\/champignons-magiques\/kit-de-culture-all-in-one\/kit-de-culture-all-in-one-golden-teacher\/#primaryimage"},"thumbnailUrl":"https:\/\/dutchmicrodosing.com\/wp-content\/uploads\/2022\/04\/golden-teacher-all-in-one-growkit.png","datePublished":"2022-04-04T18:57:43+00:00","dateModified":"2026-01-18T09:55:01+00:00","breadcrumb":{"@id":"https:\/\/dutchmicrodosing.com\/fr\/champignons-magiques\/kit-de-culture-all-in-one\/kit-de-culture-all-in-one-golden-teacher\/#breadcrumb"},"inLanguage":"fr-FR","potentialAction":[{"@type":"ReadAction","target":["https:\/\/dutchmicrodosing.com\/fr\/champignons-magiques\/kit-de-culture-all-in-one\/kit-de-culture-all-in-one-golden-teacher\/"]}]},{"@type":"ImageObject","inLanguage":"fr-FR","@id":"https:\/\/dutchmicrodosing.com\/fr\/champignons-magiques\/kit-de-culture-all-in-one\/kit-de-culture-all-in-one-golden-teacher\/#primaryimage","url":"https:\/\/dutchmicrodosing.com\/wp-content\/uploads\/2022\/04\/golden-teacher-all-in-one-growkit.png","contentUrl":"https:\/\/dutchmicrodosing.com\/wp-content\/uploads\/2022\/04\/golden-teacher-all-in-one-growkit.png","width":1100,"height":720},{"@type":"BreadcrumbList","@id":"https:\/\/dutchmicrodosing.com\/fr\/champignons-magiques\/kit-de-culture-all-in-one\/kit-de-culture-all-in-one-golden-teacher\/#breadcrumb","itemListElement":[{"@type":"ListItem","position":1,"name":"Home","item":"https:\/\/dutchmicrodosing.com\/fr\/"},{"@type":"ListItem","position":2,"name":"Boutique","item":"https:\/\/dutchmicrodosing.com\/fr\/boutique\/"},{"@type":"ListItem","position":3,"name":"Kit de culture All in one &#8211; Golden Teacher"}]},{"@type":"WebSite","@id":"https:\/\/dutchmicrodosing.com\/fr\/#website","url":"https:\/\/dutchmicrodosing.com\/fr\/","name":"Dutchmicrodosing","description":"","publisher":{"@id":"https:\/\/dutchmicrodosing.com\/fr\/#organization"},"potentialAction":[{"@type":"SearchAction","target":{"@type":"EntryPoint","urlTemplate":"https:\/\/dutchmicrodosing.com\/fr\/?s={search_term_string}"},"query-input":{"@type":"PropertyValueSpecification","valueRequired":true,"valueName":"search_term_string"}}],"inLanguage":"fr-FR"},{"@type":"Organization","@id":"https:\/\/dutchmicrodosing.com\/fr\/#organization","name":"Dutchmicrodosing","url":"https:\/\/dutchmicrodosing.com\/fr\/","logo":{"@type":"ImageObject","inLanguage":"fr-FR","@id":"https:\/\/dutchmicrodosing.com\/fr\/#\/schema\/logo\/image\/","url":"https:\/\/dutchmicrodosing.com\/wp-content\/uploads\/2021\/01\/microdosing-categorie-pic-nieuw.jpg","contentUrl":"https:\/\/dutchmicrodosing.com\/wp-content\/uploads\/2021\/01\/microdosing-categorie-pic-nieuw.jpg","width":500,"height":500,"caption":"Dutchmicrodosing"},"image":{"@id":"https:\/\/dutchmicrodosing.com\/fr\/#\/schema\/logo\/image\/"},"sameAs":["https:\/\/www.facebook.com\/Dutchmicrodosingxp\/","https:\/\/www.instagram.com\/dutchmicrodosing\/"]}]},"product_price_amount":"34.95","product_price_currency":"EUR","og_availability":"instock","product_availability":"instock","product_retailer_item_id":"8108904","product_condition":"new"},"_links":{"self":[{"href":"https:\/\/dutchmicrodosing.com\/fr\/wp-json\/wp\/v2\/product\/13382","targetHints":{"allow":["GET"]}}],"collection":[{"href":"https:\/\/dutchmicrodosing.com\/fr\/wp-json\/wp\/v2\/product"}],"about":[{"href":"https:\/\/dutchmicrodosing.com\/fr\/wp-json\/wp\/v2\/types\/product"}],"replies":[{"embeddable":true,"href":"https:\/\/dutchmicrodosing.com\/fr\/wp-json\/wp\/v2\/comments?post=13382"}],"version-history":[{"count":0,"href":"https:\/\/dutchmicrodosing.com\/fr\/wp-json\/wp\/v2\/product\/13382\/revisions"}],"wp:featuredmedia":[{"embeddable":true,"href":"https:\/\/dutchmicrodosing.com\/fr\/wp-json\/wp\/v2\/media\/12052"}],"wp:attachment":[{"href":"https:\/\/dutchmicrodosing.com\/fr\/wp-json\/wp\/v2\/media?parent=13382"}],"wp:term":[{"taxonomy":"product_brand","embeddable":true,"href":"https:\/\/dutchmicrodosing.com\/fr\/wp-json\/wp\/v2\/product_brand?post=13382"},{"taxonomy":"product_cat","embeddable":true,"href":"https:\/\/dutchmicrodosing.com\/fr\/wp-json\/wp\/v2\/product_cat?post=13382"},{"taxonomy":"product_tag","embeddable":true,"href":"https:\/\/dutchmicrodosing.com\/fr\/wp-json\/wp\/v2\/product_tag?post=13382"}],"curies":[{"name":"wp","href":"https:\/\/api.w.org\/{rel}","templated":true}]}}