{"id":15740,"date":"2022-09-16T14:22:11","date_gmt":"2022-09-16T12:22:11","guid":{"rendered":"https:\/\/dutchmicrodosing.com\/shop\/non%20class\u00e9\/mcmicrodose-2-x-5-gramme\/"},"modified":"2026-03-08T20:46:59","modified_gmt":"2026-03-08T19:46:59","slug":"mcmicrodose-2-x-5-gramme","status":"publish","type":"product","link":"https:\/\/dutchmicrodosing.com\/fr\/microdosage\/mcmicrodose-2-x-5-gramme\/","title":{"rendered":"McMicrodose &#8211; 2 x 5 grammes"},"content":{"rendered":"<p>Le microdosage est une pratique qui consiste \u00e0 ing\u00e9rer des quantit\u00e9s minuscules d&rsquo;une substance psychoactive. Le microdosage des truffes <strong>McMicrodose \u00e0<\/strong> la psilocybine consiste \u00e0 consommer de tr\u00e8s petites quantit\u00e9s de ces truffes &#8211; qui contiennent la substance psychoactive psilocybine &#8211; afin d&rsquo;obtenir des b\u00e9n\u00e9fices cognitifs sans l&rsquo;exp\u00e9rience classique du \u00ab\u00a0trip\u00a0\u00bb. L&rsquo;int\u00e9r\u00eat pour le microdosage s&rsquo;est consid\u00e9rablement accru ces derni\u00e8res ann\u00e9es, en particulier au sein des communaut\u00e9s ax\u00e9es sur le d\u00e9veloppement personnel, le bien-\u00eatre et l&rsquo;am\u00e9lioration cognitive. Les partisans de cette pratique affirment que le microdosage peut aider \u00e0.. :<\/p>\n<ul>\n<li>Renforcer la cr\u00e9ativit\u00e9<\/li>\n<li>Augmentation de l&rsquo;\u00e9nergie et de la concentration<\/li>\n<li>Sentiment de bien-\u00eatre accru<\/li>\n<li>R\u00e9duction des sympt\u00f4mes de d\u00e9pression et d&rsquo;anxi\u00e9t\u00e9<\/li>\n<li>Am\u00e9lioration des comp\u00e9tences en mati\u00e8re de r\u00e9solution de probl\u00e8mes<\/li>\n<\/ul>\n<h3><strong>Utilisation<\/strong><\/h3>\n<p>Ouvrir un sachet de truffes et placer le contenu dans le plateau. Placer l&rsquo;autre sac au r\u00e9frig\u00e9rateur. Utilisez une micro balance pour peser la bonne quantit\u00e9. Utiliser entre 0,5 et 1,5 gramme par jour pour le microdosage. Une mastication bonne et lente am\u00e9liore l&rsquo;effet. Les truffes se d\u00e9gustent mieux \u00e0 jeun. La m\u00e9ditation et le repos contribuent \u00e0 de meilleurs r\u00e9sultats.<\/p>\n<h3>Conseils de stockage<\/h3>\n<p>Conserver les truffes \u00e0 l&rsquo;abri de la lumi\u00e8re, entre 2\u00b0C et 4\u00b0C.<\/p>\n<h3>Contenu<\/h3>\n<p>McMicrodose &#8211; 2 x 5 grammes<\/p>\n<h3>Note !<\/h3>\n<ul>\n<li>N&rsquo;utilisez les truffes que si vous souffrez de troubles mentaux, d&rsquo;absence de d\u00e9pression, d&rsquo;hypertension ou d&rsquo;hypotension, de maladies cardiaques et\/ou pulmonaires, de diab\u00e8te ou de grossesse.<\/li>\n<li>Ne pas utiliser en combinaison avec de l&rsquo;alcool, des m\u00e9dicaments et\/ou d&rsquo;autres drogues.<\/li>\n<li>Ne pas utiliser pendant la grossesse et l&rsquo;allaitement.<\/li>\n<li>Ne pas utiliser en dessous de 18 ans.<\/li>\n<\/ul>\n","protected":false},"excerpt":{"rendered":"<p>Le microdosage est une pratique qui consiste \u00e0 ing\u00e9rer des quantit\u00e9s minuscules d&rsquo;une substance psychoactive. Le microdosage des truffes McMicrodose \u00e0 la psilocybine consiste \u00e0 consommer de tr\u00e8s petites quantit\u00e9s de ces truffes &#8211; qui contiennent la substance psychoactive psilocybine &#8211; afin d&rsquo;obtenir des b\u00e9n\u00e9fices cognitifs sans l&rsquo;exp\u00e9rience classique du \u00ab\u00a0trip\u00a0\u00bb. L&rsquo;int\u00e9r\u00eat pour le microdosage [&hellip;]<\/p>\n","protected":false},"featured_media":15722,"comment_status":"closed","ping_status":"closed","template":"","meta":[],"product_brand":[],"product_cat":[100,316],"product_tag":[],"class_list":{"0":"post-15740","1":"product","2":"type-product","3":"status-publish","4":"has-post-thumbnail","6":"product_cat-microdosage","7":"product_cat-supplements-pour-la-creativite","9":"first","10":"instock","11":"taxable","12":"shipping-taxable","13":"purchasable","14":"product-type-simple"},"yoast_head":"<!-- This site is optimized with the Yoast SEO Premium plugin v26.4 (Yoast SEO v27.2) - https:\/\/yoast.com\/product\/yoast-seo-premium-wordpress\/ -->\n<title>McMicrodose - 2 x 5 grammes - Dutchmicrodosing<\/title>\n<meta name=\"robots\" content=\"index, follow, max-snippet:-1, max-image-preview:large, max-video-preview:-1\" \/>\n<link rel=\"canonical\" href=\"https:\/\/dutchmicrodosing.com\/fr\/microdosage\/mcmicrodose-2-x-5-gramme\/\" \/>\n<meta property=\"og:locale\" content=\"fr_FR\" \/>\n<meta property=\"og:type\" content=\"article\" \/>\n<meta property=\"og:title\" content=\"McMicrodose - 2 x 5 grammes\" \/>\n<meta property=\"og:description\" content=\"Le microdosage est une pratique qui consiste \u00e0 ing\u00e9rer des quantit\u00e9s minuscules d&#039;une substance psychoactive. Le microdosage des truffes McMicrodose \u00e0 la\" \/>\n<meta property=\"og:url\" content=\"https:\/\/dutchmicrodosing.com\/fr\/microdosage\/mcmicrodose-2-x-5-gramme\/\" \/>\n<meta property=\"og:site_name\" content=\"Dutchmicrodosing\" \/>\n<meta property=\"article:publisher\" content=\"https:\/\/www.facebook.com\/Dutchmicrodosingxp\/\" \/>\n<meta property=\"article:modified_time\" content=\"2026-03-08T19:46:59+00:00\" \/>\n<meta property=\"og:image\" content=\"https:\/\/dutchmicrodosing.com\/wp-content\/uploads\/2022\/09\/McMicrodose-2x5-2-768x768-1.jpg\" \/>\n\t<meta property=\"og:image:width\" content=\"768\" \/>\n\t<meta property=\"og:image:height\" content=\"768\" \/>\n\t<meta property=\"og:image:type\" content=\"image\/jpeg\" \/>\n<meta name=\"twitter:card\" content=\"summary_large_image\" \/>\n<script type=\"application\/ld+json\" class=\"yoast-schema-graph\">{\"@context\":\"https:\/\/schema.org\",\"@graph\":[{\"@type\":\"WebPage\",\"@id\":\"https:\/\/dutchmicrodosing.com\/fr\/microdosage\/mcmicrodose-2-x-5-gramme\/\",\"url\":\"https:\/\/dutchmicrodosing.com\/fr\/microdosage\/mcmicrodose-2-x-5-gramme\/\",\"name\":\"McMicrodose - 2 x 5 grammes - Dutchmicrodosing\",\"isPartOf\":{\"@id\":\"https:\/\/dutchmicrodosing.com\/fr\/#website\"},\"primaryImageOfPage\":{\"@id\":\"https:\/\/dutchmicrodosing.com\/fr\/microdosage\/mcmicrodose-2-x-5-gramme\/#primaryimage\"},\"image\":{\"@id\":\"https:\/\/dutchmicrodosing.com\/fr\/microdosage\/mcmicrodose-2-x-5-gramme\/#primaryimage\"},\"thumbnailUrl\":\"https:\/\/dutchmicrodosing.com\/wp-content\/uploads\/2022\/09\/McMicrodose-2x5-2-768x768-1.jpg\",\"datePublished\":\"2022-09-16T12:22:11+00:00\",\"dateModified\":\"2026-03-08T19:46:59+00:00\",\"breadcrumb\":{\"@id\":\"https:\/\/dutchmicrodosing.com\/fr\/microdosage\/mcmicrodose-2-x-5-gramme\/#breadcrumb\"},\"inLanguage\":\"fr-FR\",\"potentialAction\":[{\"@type\":\"ReadAction\",\"target\":[\"https:\/\/dutchmicrodosing.com\/fr\/microdosage\/mcmicrodose-2-x-5-gramme\/\"]}]},{\"@type\":\"ImageObject\",\"inLanguage\":\"fr-FR\",\"@id\":\"https:\/\/dutchmicrodosing.com\/fr\/microdosage\/mcmicrodose-2-x-5-gramme\/#primaryimage\",\"url\":\"https:\/\/dutchmicrodosing.com\/wp-content\/uploads\/2022\/09\/McMicrodose-2x5-2-768x768-1.jpg\",\"contentUrl\":\"https:\/\/dutchmicrodosing.com\/wp-content\/uploads\/2022\/09\/McMicrodose-2x5-2-768x768-1.jpg\",\"width\":768,\"height\":768},{\"@type\":\"BreadcrumbList\",\"@id\":\"https:\/\/dutchmicrodosing.com\/fr\/microdosage\/mcmicrodose-2-x-5-gramme\/#breadcrumb\",\"itemListElement\":[{\"@type\":\"ListItem\",\"position\":1,\"name\":\"Home\",\"item\":\"https:\/\/dutchmicrodosing.com\/fr\/\"},{\"@type\":\"ListItem\",\"position\":2,\"name\":\"Boutique\",\"item\":\"https:\/\/dutchmicrodosing.com\/fr\/boutique\/\"},{\"@type\":\"ListItem\",\"position\":3,\"name\":\"McMicrodose &#8211; 2 x 5 grammes\"}]},{\"@type\":\"WebSite\",\"@id\":\"https:\/\/dutchmicrodosing.com\/fr\/#website\",\"url\":\"https:\/\/dutchmicrodosing.com\/fr\/\",\"name\":\"Dutchmicrodosing\",\"description\":\"\",\"publisher\":{\"@id\":\"https:\/\/dutchmicrodosing.com\/fr\/#organization\"},\"potentialAction\":[{\"@type\":\"SearchAction\",\"target\":{\"@type\":\"EntryPoint\",\"urlTemplate\":\"https:\/\/dutchmicrodosing.com\/fr\/?s={search_term_string}\"},\"query-input\":{\"@type\":\"PropertyValueSpecification\",\"valueRequired\":true,\"valueName\":\"search_term_string\"}}],\"inLanguage\":\"fr-FR\"},{\"@type\":\"Organization\",\"@id\":\"https:\/\/dutchmicrodosing.com\/fr\/#organization\",\"name\":\"Dutchmicrodosing\",\"url\":\"https:\/\/dutchmicrodosing.com\/fr\/\",\"logo\":{\"@type\":\"ImageObject\",\"inLanguage\":\"fr-FR\",\"@id\":\"https:\/\/dutchmicrodosing.com\/fr\/#\/schema\/logo\/image\/\",\"url\":\"https:\/\/dutchmicrodosing.com\/wp-content\/uploads\/2021\/01\/microdosing-categorie-pic-nieuw.jpg\",\"contentUrl\":\"https:\/\/dutchmicrodosing.com\/wp-content\/uploads\/2021\/01\/microdosing-categorie-pic-nieuw.jpg\",\"width\":500,\"height\":500,\"caption\":\"Dutchmicrodosing\"},\"image\":{\"@id\":\"https:\/\/dutchmicrodosing.com\/fr\/#\/schema\/logo\/image\/\"},\"sameAs\":[\"https:\/\/www.facebook.com\/Dutchmicrodosingxp\/\",\"https:\/\/www.instagram.com\/dutchmicrodosing\/\"]}]}<\/script>\n<meta property=\"product:price:amount\" content=\"9.95\" \/>\n<meta property=\"product:price:currency\" content=\"EUR\" \/>\n<meta property=\"og:availability\" content=\"instock\" \/>\n<meta property=\"product:availability\" content=\"instock\" \/>\n<meta property=\"product:retailer_item_id\" content=\"2209618\" \/>\n<meta property=\"product:condition\" content=\"new\" \/>\n<!-- \/ Yoast SEO Premium plugin. -->","yoast_head_json":{"title":"McMicrodose - 2 x 5 grammes - Dutchmicrodosing","robots":{"index":"index","follow":"follow","max-snippet":"max-snippet:-1","max-image-preview":"max-image-preview:large","max-video-preview":"max-video-preview:-1"},"canonical":"https:\/\/dutchmicrodosing.com\/fr\/microdosage\/mcmicrodose-2-x-5-gramme\/","og_locale":"fr_FR","og_type":"article","og_title":"McMicrodose - 2 x 5 grammes","og_description":"Le microdosage est une pratique qui consiste \u00e0 ing\u00e9rer des quantit\u00e9s minuscules d'une substance psychoactive. Le microdosage des truffes McMicrodose \u00e0 la","og_url":"https:\/\/dutchmicrodosing.com\/fr\/microdosage\/mcmicrodose-2-x-5-gramme\/","og_site_name":"Dutchmicrodosing","article_publisher":"https:\/\/www.facebook.com\/Dutchmicrodosingxp\/","article_modified_time":"2026-03-08T19:46:59+00:00","og_image":[{"width":768,"height":768,"url":"https:\/\/dutchmicrodosing.com\/wp-content\/uploads\/2022\/09\/McMicrodose-2x5-2-768x768-1.jpg","type":"image\/jpeg"}],"twitter_card":"summary_large_image","schema":{"@context":"https:\/\/schema.org","@graph":[{"@type":"WebPage","@id":"https:\/\/dutchmicrodosing.com\/fr\/microdosage\/mcmicrodose-2-x-5-gramme\/","url":"https:\/\/dutchmicrodosing.com\/fr\/microdosage\/mcmicrodose-2-x-5-gramme\/","name":"McMicrodose - 2 x 5 grammes - Dutchmicrodosing","isPartOf":{"@id":"https:\/\/dutchmicrodosing.com\/fr\/#website"},"primaryImageOfPage":{"@id":"https:\/\/dutchmicrodosing.com\/fr\/microdosage\/mcmicrodose-2-x-5-gramme\/#primaryimage"},"image":{"@id":"https:\/\/dutchmicrodosing.com\/fr\/microdosage\/mcmicrodose-2-x-5-gramme\/#primaryimage"},"thumbnailUrl":"https:\/\/dutchmicrodosing.com\/wp-content\/uploads\/2022\/09\/McMicrodose-2x5-2-768x768-1.jpg","datePublished":"2022-09-16T12:22:11+00:00","dateModified":"2026-03-08T19:46:59+00:00","breadcrumb":{"@id":"https:\/\/dutchmicrodosing.com\/fr\/microdosage\/mcmicrodose-2-x-5-gramme\/#breadcrumb"},"inLanguage":"fr-FR","potentialAction":[{"@type":"ReadAction","target":["https:\/\/dutchmicrodosing.com\/fr\/microdosage\/mcmicrodose-2-x-5-gramme\/"]}]},{"@type":"ImageObject","inLanguage":"fr-FR","@id":"https:\/\/dutchmicrodosing.com\/fr\/microdosage\/mcmicrodose-2-x-5-gramme\/#primaryimage","url":"https:\/\/dutchmicrodosing.com\/wp-content\/uploads\/2022\/09\/McMicrodose-2x5-2-768x768-1.jpg","contentUrl":"https:\/\/dutchmicrodosing.com\/wp-content\/uploads\/2022\/09\/McMicrodose-2x5-2-768x768-1.jpg","width":768,"height":768},{"@type":"BreadcrumbList","@id":"https:\/\/dutchmicrodosing.com\/fr\/microdosage\/mcmicrodose-2-x-5-gramme\/#breadcrumb","itemListElement":[{"@type":"ListItem","position":1,"name":"Home","item":"https:\/\/dutchmicrodosing.com\/fr\/"},{"@type":"ListItem","position":2,"name":"Boutique","item":"https:\/\/dutchmicrodosing.com\/fr\/boutique\/"},{"@type":"ListItem","position":3,"name":"McMicrodose &#8211; 2 x 5 grammes"}]},{"@type":"WebSite","@id":"https:\/\/dutchmicrodosing.com\/fr\/#website","url":"https:\/\/dutchmicrodosing.com\/fr\/","name":"Dutchmicrodosing","description":"","publisher":{"@id":"https:\/\/dutchmicrodosing.com\/fr\/#organization"},"potentialAction":[{"@type":"SearchAction","target":{"@type":"EntryPoint","urlTemplate":"https:\/\/dutchmicrodosing.com\/fr\/?s={search_term_string}"},"query-input":{"@type":"PropertyValueSpecification","valueRequired":true,"valueName":"search_term_string"}}],"inLanguage":"fr-FR"},{"@type":"Organization","@id":"https:\/\/dutchmicrodosing.com\/fr\/#organization","name":"Dutchmicrodosing","url":"https:\/\/dutchmicrodosing.com\/fr\/","logo":{"@type":"ImageObject","inLanguage":"fr-FR","@id":"https:\/\/dutchmicrodosing.com\/fr\/#\/schema\/logo\/image\/","url":"https:\/\/dutchmicrodosing.com\/wp-content\/uploads\/2021\/01\/microdosing-categorie-pic-nieuw.jpg","contentUrl":"https:\/\/dutchmicrodosing.com\/wp-content\/uploads\/2021\/01\/microdosing-categorie-pic-nieuw.jpg","width":500,"height":500,"caption":"Dutchmicrodosing"},"image":{"@id":"https:\/\/dutchmicrodosing.com\/fr\/#\/schema\/logo\/image\/"},"sameAs":["https:\/\/www.facebook.com\/Dutchmicrodosingxp\/","https:\/\/www.instagram.com\/dutchmicrodosing\/"]}]},"product_price_amount":"9.95","product_price_currency":"EUR","og_availability":"instock","product_availability":"instock","product_retailer_item_id":"2209618","product_condition":"new"},"_links":{"self":[{"href":"https:\/\/dutchmicrodosing.com\/fr\/wp-json\/wp\/v2\/product\/15740","targetHints":{"allow":["GET"]}}],"collection":[{"href":"https:\/\/dutchmicrodosing.com\/fr\/wp-json\/wp\/v2\/product"}],"about":[{"href":"https:\/\/dutchmicrodosing.com\/fr\/wp-json\/wp\/v2\/types\/product"}],"replies":[{"embeddable":true,"href":"https:\/\/dutchmicrodosing.com\/fr\/wp-json\/wp\/v2\/comments?post=15740"}],"version-history":[{"count":0,"href":"https:\/\/dutchmicrodosing.com\/fr\/wp-json\/wp\/v2\/product\/15740\/revisions"}],"wp:featuredmedia":[{"embeddable":true,"href":"https:\/\/dutchmicrodosing.com\/fr\/wp-json\/wp\/v2\/media\/15722"}],"wp:attachment":[{"href":"https:\/\/dutchmicrodosing.com\/fr\/wp-json\/wp\/v2\/media?parent=15740"}],"wp:term":[{"taxonomy":"product_brand","embeddable":true,"href":"https:\/\/dutchmicrodosing.com\/fr\/wp-json\/wp\/v2\/product_brand?post=15740"},{"taxonomy":"product_cat","embeddable":true,"href":"https:\/\/dutchmicrodosing.com\/fr\/wp-json\/wp\/v2\/product_cat?post=15740"},{"taxonomy":"product_tag","embeddable":true,"href":"https:\/\/dutchmicrodosing.com\/fr\/wp-json\/wp\/v2\/product_tag?post=15740"}],"curies":[{"name":"wp","href":"https:\/\/api.w.org\/{rel}","templated":true}]}}