{"id":15760,"date":"2022-05-14T07:48:44","date_gmt":"2022-05-14T05:48:44","guid":{"rendered":"https:\/\/dutchmicrodosing.com\/shop\/non%20class\u00e9\/magic-truffle-growkit-utopia\/"},"modified":"2026-04-21T16:51:52","modified_gmt":"2026-04-21T14:51:52","slug":"magic-truffle-growkit-utopia","status":"publish","type":"product","link":"https:\/\/dutchmicrodosing.com\/fr\/truffes-a-la-psilocybine\/truffes-magiques\/magic-truffle-growkit-utopia\/","title":{"rendered":"Kit de culture de truffes magiques"},"content":{"rendered":"<p>Le <strong>kit de culture de truffes magiques<\/strong> a \u00e9t\u00e9 con\u00e7u pour les personnes qui choisissent consciemment une exp\u00e9rience de truffes fra\u00eeches et de qualit\u00e9. Tu recevras un ensemble pr\u00eat \u00e0 l\u2019emploi avec des truffes magiques fra\u00eeches, pr\u00eates \u00e0 \u00eatre consomm\u00e9es d\u00e8s la livraison. Tu peux aussi choisir de les laisser pousser encore un peu pour obtenir une r\u00e9colte plus importante.<\/p>\n<blockquote><p>Le kit de culture de truffes magiques est un ensemble pr\u00eat \u00e0 l\u2019emploi contenant des truffes vivantes qui peuvent \u00eatre consomm\u00e9es imm\u00e9diatement ou laiss\u00e9es \u00e0 cro\u00eetre pour un rendement plus \u00e9lev\u00e9. Cela offre une flexibilit\u00e9 entre commodit\u00e9 et contr\u00f4le sur le processus de culture.<\/p><\/blockquote>\n<p>Tu souhaites en savoir plus sur les diff\u00e9rentes vari\u00e9t\u00e9s de truffes et leurs propri\u00e9t\u00e9s ? D\u00e9couvre la cat\u00e9gorie compl\u00e8te des <span style=\"text-decoration: underline; color: #1a20e8;\"><span style=\"color: #0000ff;\"><a style=\"color: #0000ff; text-decoration: underline;\" href=\"\/psilocybine-truffels\/magictruffels\/\">truffes magiques<\/a><\/span><\/span><\/p>\n<p>Pour plus d\u2019informations sur les truffes \u00e0 psilocybine et leur usage traditionnel, consulte notre guide : <span style=\"text-decoration: underline; color: #1a20e8;\"><a style=\"color: #1a20e8; text-decoration: underline;\" href=\"https:\/\/dutchmicrodosing.com\/fr\/blog\/psilocybine-truffes-un-monde-magique-decouvert\/\">Truffes \u00e0 psilocybine : \u00e0 la d\u00e9couverte d\u2019un monde magique<\/a><\/span><\/p>\n<h2>Choisis ta vari\u00e9t\u00e9<\/h2>\n<p>Les truffes magiques Pandora sont disponibles en quatre vari\u00e9t\u00e9s, chacune ayant son propre caract\u00e8re :<\/p>\n<ul>\n<li>Atlantis \u2013 \u00e9quilibr\u00e9e et cr\u00e9ative<\/li>\n<li>Mexicana \u2013 douce et accessible<\/li>\n<li>Utopia \u2013 profonde et introspective<\/li>\n<li>Tampanensis \u2013 philosophique et r\u00e9v\u00e9latrice<\/li>\n<\/ul>\n<p>Tu choisis une vari\u00e9t\u00e9 sp\u00e9cifique qui correspond \u00e0 tes pr\u00e9f\u00e9rences et \u00e0 ton exp\u00e9rience.<\/p>\n<h2>Que sont les truffes magiques ?<\/h2>\n<p>Les truffes magiques (scl\u00e9rotes) sont des structures souterraines compactes contenant naturellement de la psilocybine. Ce kit est enti\u00e8rement pr\u00eat \u00e0 l\u2019emploi et ne n\u00e9cessite aucune exp\u00e9rience de culture ni manipulation suppl\u00e9mentaire.<\/p>\n<h2>Exp\u00e9rience et effets du kit de culture de truffes magiques<\/h2>\n<p>L\u2019exp\u00e9rience d\u00e9pend de la vari\u00e9t\u00e9 choisie, du dosage et de l\u2019\u00e9tat d\u2019esprit personnel. De nombreux utilisateurs ressentent :<\/p>\n<ul>\n<li>Une perception visuelle accrue<\/li>\n<li>Une exp\u00e9rience musicale plus intense<\/li>\n<li>Des pens\u00e9es cr\u00e9atives ou r\u00e9flexives<\/li>\n<li>Des moments d\u2019euphorie<\/li>\n<\/ul>\n<p>Les effets commencent en moyenne apr\u00e8s 30 \u00e0 45 minutes et durent souvent de 6 \u00e0 8 heures. L\u2019intensit\u00e9 d\u00e9pend de la quantit\u00e9, de ton poids corporel et de ton \u00e9tat d\u2019esprit.<\/p>\n<h2>Dosage<\/h2>\n<p>Commence toujours avec prudence, surtout si tu ne connais pas encore cette vari\u00e9t\u00e9.<\/p>\n<ul>\n<li>Exp\u00e9rience l\u00e9g\u00e8re<br \/>\n\u00b1 0,1 g par kilo de poids corporel<\/li>\n<li>Exp\u00e9rience mod\u00e9r\u00e9e<br \/>\n\u00b1 0,13 \u2013 0,15 g par kilo<\/li>\n<li>Exp\u00e9rience intense<br \/>\n\u00b1 0,22 g par kilo<\/li>\n<\/ul>\n<p>\u00c0 consommer de pr\u00e9f\u00e9rence \u00e0 jeun et dans un environnement calme et s\u00fbr.<\/p>\n<h2>Utilisation<\/h2>\n<p>Sors les truffes du bac, rince-les d\u00e9licatement si n\u00e9cessaire et tapote-les pour les s\u00e9cher. Tu peux les consommer imm\u00e9diatement ou les conserver bri\u00e8vement au r\u00e9frig\u00e9rateur.<\/p>\n<p>Si tu souhaites une r\u00e9colte plus importante, tu peux laisser le kit ferm\u00e9 continuer \u00e0 pousser pendant un mois maximum \u00e0 temp\u00e9rature ambiante, \u00e0 l\u2019abri de la lumi\u00e8re directe du soleil.<\/p>\n<p>La r\u00e9colte attendue se situe entre 40 et 70 g, selon les conditions.<\/p>\n<h2>\u00c0 qui cela s\u2019adresse-t-il ?<\/h2>\n<p>Ces truffes sont souvent choisies par des personnes qui :<\/p>\n<ul>\n<li>veulent choisir une vari\u00e9t\u00e9 sp\u00e9cifique<\/li>\n<li>s\u2019int\u00e9ressent aux effets visuels ou cr\u00e9atifs<\/li>\n<li>prennent consciemment du temps pour l\u2019introspection<\/li>\n<li>veulent vivre la musique ou la nature plus intens\u00e9ment<\/li>\n<\/ul>\n<h2>Informations importantes<\/h2>\n<p>Ne pas utiliser ce produit en combinaison avec de l\u2019alcool ou certains m\u00e9dicaments. Ne pas utiliser pendant la grossesse ou en cas d\u2019instabilit\u00e9 psychique. Ne pas conduire apr\u00e8s usage.<\/p>\n<h2>Contenu<\/h2>\n<p>1 kit de truffes magiques fra\u00eeches<br \/>\n1 vari\u00e9t\u00e9 au choix : Atlantis, Mexicana, Utopia ou Tampanensis<br \/>\nR\u00e9colte attendue : 40 \u00e0 70 g<\/p>\n","protected":false},"excerpt":{"rendered":"<p>Le kit de culture de truffes magiques a \u00e9t\u00e9 con\u00e7u pour les personnes qui choisissent consciemment une exp\u00e9rience de truffes fra\u00eeches et de qualit\u00e9. Tu recevras un ensemble pr\u00eat \u00e0 l\u2019emploi avec des truffes magiques fra\u00eeches, pr\u00eates \u00e0 \u00eatre consomm\u00e9es d\u00e8s la livraison. Tu peux aussi choisir de les laisser pousser encore un peu pour [&hellip;]<\/p>\n","protected":false},"featured_media":65117,"comment_status":"closed","ping_status":"closed","template":"","meta":[],"product_brand":[],"product_cat":[201],"product_tag":[],"class_list":{"0":"post-15760","1":"product","2":"type-product","3":"status-publish","4":"has-post-thumbnail","6":"product_cat-truffes-magiques","8":"first","9":"instock","10":"taxable","11":"shipping-taxable","12":"purchasable","13":"product-type-variable"},"yoast_head":"<!-- This site is optimized with the Yoast SEO Premium plugin v26.4 (Yoast SEO v27.4) - https:\/\/yoast.com\/product\/yoast-seo-premium-wordpress\/ -->\n<title>Kit de culture de truffes magiques - Dutchmicrodosing<\/title>\n<meta name=\"description\" content=\"Cultiver tes propres truffes magiques ? Nos kits de culture de truffes sont pr\u00eats \u00e0 l\u2019emploi et disponibles en plusieurs vari\u00e9t\u00e9s. adapt\u00e9 aux d\u00e9butants.\" \/>\n<meta name=\"robots\" content=\"index, follow, max-snippet:-1, max-image-preview:large, max-video-preview:-1\" \/>\n<link rel=\"canonical\" href=\"https:\/\/dutchmicrodosing.com\/fr\/truffes-a-la-psilocybine\/truffes-magiques\/magic-truffle-growkit-utopia\/\" \/>\n<meta property=\"og:locale\" content=\"fr_FR\" \/>\n<meta property=\"og:type\" content=\"article\" \/>\n<meta property=\"og:title\" content=\"Kit de culture de truffes magiques\" \/>\n<meta property=\"og:description\" content=\"Le kit de culture de truffes magiques a \u00e9t\u00e9 con\u00e7u pour les personnes qui choisissent consciemment une exp\u00e9rience de truffes fra\u00eeches et de qualit\u00e9. Tu\" \/>\n<meta property=\"og:url\" content=\"https:\/\/dutchmicrodosing.com\/fr\/truffes-a-la-psilocybine\/truffes-magiques\/magic-truffle-growkit-utopia\/\" \/>\n<meta property=\"og:site_name\" content=\"Dutchmicrodosing\" \/>\n<meta property=\"article:publisher\" content=\"https:\/\/www.facebook.com\/Dutchmicrodosingxp\/\" \/>\n<meta property=\"article:modified_time\" content=\"2026-04-21T14:51:52+00:00\" \/>\n<meta property=\"og:image\" content=\"https:\/\/dutchmicrodosing.com\/wp-content\/uploads\/2022\/05\/b5271d66-c434-4cad-abdc-09b5ec1a50fc.png\" \/>\n\t<meta property=\"og:image:width\" content=\"1024\" \/>\n\t<meta property=\"og:image:height\" content=\"1024\" \/>\n\t<meta property=\"og:image:type\" content=\"image\/png\" \/>\n<meta name=\"twitter:card\" content=\"summary_large_image\" \/>\n<script type=\"application\/ld+json\" class=\"yoast-schema-graph\">{\"@context\":\"https:\\\/\\\/schema.org\",\"@graph\":[{\"@type\":\"WebPage\",\"@id\":\"https:\\\/\\\/dutchmicrodosing.com\\\/fr\\\/truffes-a-la-psilocybine\\\/truffes-magiques\\\/magic-truffle-growkit-utopia\\\/\",\"url\":\"https:\\\/\\\/dutchmicrodosing.com\\\/fr\\\/truffes-a-la-psilocybine\\\/truffes-magiques\\\/magic-truffle-growkit-utopia\\\/\",\"name\":\"Kit de culture de truffes magiques - Dutchmicrodosing\",\"isPartOf\":{\"@id\":\"https:\\\/\\\/dutchmicrodosing.com\\\/fr\\\/#website\"},\"primaryImageOfPage\":{\"@id\":\"https:\\\/\\\/dutchmicrodosing.com\\\/fr\\\/truffes-a-la-psilocybine\\\/truffes-magiques\\\/magic-truffle-growkit-utopia\\\/#primaryimage\"},\"image\":{\"@id\":\"https:\\\/\\\/dutchmicrodosing.com\\\/fr\\\/truffes-a-la-psilocybine\\\/truffes-magiques\\\/magic-truffle-growkit-utopia\\\/#primaryimage\"},\"thumbnailUrl\":\"https:\\\/\\\/dutchmicrodosing.com\\\/wp-content\\\/uploads\\\/2022\\\/05\\\/b5271d66-c434-4cad-abdc-09b5ec1a50fc.png\",\"datePublished\":\"2022-05-14T05:48:44+00:00\",\"dateModified\":\"2026-04-21T14:51:52+00:00\",\"description\":\"Cultiver tes propres truffes magiques ? Nos kits de culture de truffes sont pr\u00eats \u00e0 l\u2019emploi et disponibles en plusieurs vari\u00e9t\u00e9s. adapt\u00e9 aux d\u00e9butants.\",\"breadcrumb\":{\"@id\":\"https:\\\/\\\/dutchmicrodosing.com\\\/fr\\\/truffes-a-la-psilocybine\\\/truffes-magiques\\\/magic-truffle-growkit-utopia\\\/#breadcrumb\"},\"inLanguage\":\"fr-FR\",\"potentialAction\":[{\"@type\":\"ReadAction\",\"target\":[\"https:\\\/\\\/dutchmicrodosing.com\\\/fr\\\/truffes-a-la-psilocybine\\\/truffes-magiques\\\/magic-truffle-growkit-utopia\\\/\"]}]},{\"@type\":\"ImageObject\",\"inLanguage\":\"fr-FR\",\"@id\":\"https:\\\/\\\/dutchmicrodosing.com\\\/fr\\\/truffes-a-la-psilocybine\\\/truffes-magiques\\\/magic-truffle-growkit-utopia\\\/#primaryimage\",\"url\":\"https:\\\/\\\/dutchmicrodosing.com\\\/wp-content\\\/uploads\\\/2022\\\/05\\\/b5271d66-c434-4cad-abdc-09b5ec1a50fc.png\",\"contentUrl\":\"https:\\\/\\\/dutchmicrodosing.com\\\/wp-content\\\/uploads\\\/2022\\\/05\\\/b5271d66-c434-4cad-abdc-09b5ec1a50fc.png\",\"width\":1024,\"height\":1024,\"caption\":\"Kit de culture de truffes magiques\"},{\"@type\":\"BreadcrumbList\",\"@id\":\"https:\\\/\\\/dutchmicrodosing.com\\\/fr\\\/truffes-a-la-psilocybine\\\/truffes-magiques\\\/magic-truffle-growkit-utopia\\\/#breadcrumb\",\"itemListElement\":[{\"@type\":\"ListItem\",\"position\":1,\"name\":\"Home\",\"item\":\"https:\\\/\\\/dutchmicrodosing.com\\\/fr\\\/\"},{\"@type\":\"ListItem\",\"position\":2,\"name\":\"Boutique\",\"item\":\"https:\\\/\\\/dutchmicrodosing.com\\\/fr\\\/boutique\\\/\"},{\"@type\":\"ListItem\",\"position\":3,\"name\":\"Kit de culture de truffes magiques\"}]},{\"@type\":\"WebSite\",\"@id\":\"https:\\\/\\\/dutchmicrodosing.com\\\/fr\\\/#website\",\"url\":\"https:\\\/\\\/dutchmicrodosing.com\\\/fr\\\/\",\"name\":\"Dutchmicrodosing\",\"description\":\"\",\"publisher\":{\"@id\":\"https:\\\/\\\/dutchmicrodosing.com\\\/fr\\\/#organization\"},\"potentialAction\":[{\"@type\":\"SearchAction\",\"target\":{\"@type\":\"EntryPoint\",\"urlTemplate\":\"https:\\\/\\\/dutchmicrodosing.com\\\/fr\\\/?s={search_term_string}\"},\"query-input\":{\"@type\":\"PropertyValueSpecification\",\"valueRequired\":true,\"valueName\":\"search_term_string\"}}],\"inLanguage\":\"fr-FR\"},{\"@type\":\"Organization\",\"@id\":\"https:\\\/\\\/dutchmicrodosing.com\\\/fr\\\/#organization\",\"name\":\"Dutchmicrodosing\",\"url\":\"https:\\\/\\\/dutchmicrodosing.com\\\/fr\\\/\",\"logo\":{\"@type\":\"ImageObject\",\"inLanguage\":\"fr-FR\",\"@id\":\"https:\\\/\\\/dutchmicrodosing.com\\\/fr\\\/#\\\/schema\\\/logo\\\/image\\\/\",\"url\":\"https:\\\/\\\/dutchmicrodosing.com\\\/wp-content\\\/uploads\\\/2021\\\/01\\\/microdosing-categorie-pic-nieuw.jpg\",\"contentUrl\":\"https:\\\/\\\/dutchmicrodosing.com\\\/wp-content\\\/uploads\\\/2021\\\/01\\\/microdosing-categorie-pic-nieuw.jpg\",\"width\":500,\"height\":500,\"caption\":\"Dutchmicrodosing\"},\"image\":{\"@id\":\"https:\\\/\\\/dutchmicrodosing.com\\\/fr\\\/#\\\/schema\\\/logo\\\/image\\\/\"},\"sameAs\":[\"https:\\\/\\\/www.facebook.com\\\/Dutchmicrodosingxp\\\/\",\"https:\\\/\\\/www.instagram.com\\\/dutchmicrodosing\\\/\"]}]}<\/script>\n<meta property=\"og:availability\" content=\"instock\" \/>\n<meta property=\"product:availability\" content=\"instock\" \/>\n<meta property=\"product:condition\" content=\"new\" \/>\n<!-- \/ Yoast SEO Premium plugin. -->","yoast_head_json":{"title":"Kit de culture de truffes magiques - Dutchmicrodosing","description":"Cultiver tes propres truffes magiques ? Nos kits de culture de truffes sont pr\u00eats \u00e0 l\u2019emploi et disponibles en plusieurs vari\u00e9t\u00e9s. adapt\u00e9 aux d\u00e9butants.","robots":{"index":"index","follow":"follow","max-snippet":"max-snippet:-1","max-image-preview":"max-image-preview:large","max-video-preview":"max-video-preview:-1"},"canonical":"https:\/\/dutchmicrodosing.com\/fr\/truffes-a-la-psilocybine\/truffes-magiques\/magic-truffle-growkit-utopia\/","og_locale":"fr_FR","og_type":"article","og_title":"Kit de culture de truffes magiques","og_description":"Le kit de culture de truffes magiques a \u00e9t\u00e9 con\u00e7u pour les personnes qui choisissent consciemment une exp\u00e9rience de truffes fra\u00eeches et de qualit\u00e9. Tu","og_url":"https:\/\/dutchmicrodosing.com\/fr\/truffes-a-la-psilocybine\/truffes-magiques\/magic-truffle-growkit-utopia\/","og_site_name":"Dutchmicrodosing","article_publisher":"https:\/\/www.facebook.com\/Dutchmicrodosingxp\/","article_modified_time":"2026-04-21T14:51:52+00:00","og_image":[{"width":1024,"height":1024,"url":"https:\/\/dutchmicrodosing.com\/wp-content\/uploads\/2022\/05\/b5271d66-c434-4cad-abdc-09b5ec1a50fc.png","type":"image\/png"}],"twitter_card":"summary_large_image","schema":{"@context":"https:\/\/schema.org","@graph":[{"@type":"WebPage","@id":"https:\/\/dutchmicrodosing.com\/fr\/truffes-a-la-psilocybine\/truffes-magiques\/magic-truffle-growkit-utopia\/","url":"https:\/\/dutchmicrodosing.com\/fr\/truffes-a-la-psilocybine\/truffes-magiques\/magic-truffle-growkit-utopia\/","name":"Kit de culture de truffes magiques - Dutchmicrodosing","isPartOf":{"@id":"https:\/\/dutchmicrodosing.com\/fr\/#website"},"primaryImageOfPage":{"@id":"https:\/\/dutchmicrodosing.com\/fr\/truffes-a-la-psilocybine\/truffes-magiques\/magic-truffle-growkit-utopia\/#primaryimage"},"image":{"@id":"https:\/\/dutchmicrodosing.com\/fr\/truffes-a-la-psilocybine\/truffes-magiques\/magic-truffle-growkit-utopia\/#primaryimage"},"thumbnailUrl":"https:\/\/dutchmicrodosing.com\/wp-content\/uploads\/2022\/05\/b5271d66-c434-4cad-abdc-09b5ec1a50fc.png","datePublished":"2022-05-14T05:48:44+00:00","dateModified":"2026-04-21T14:51:52+00:00","description":"Cultiver tes propres truffes magiques ? Nos kits de culture de truffes sont pr\u00eats \u00e0 l\u2019emploi et disponibles en plusieurs vari\u00e9t\u00e9s. adapt\u00e9 aux d\u00e9butants.","breadcrumb":{"@id":"https:\/\/dutchmicrodosing.com\/fr\/truffes-a-la-psilocybine\/truffes-magiques\/magic-truffle-growkit-utopia\/#breadcrumb"},"inLanguage":"fr-FR","potentialAction":[{"@type":"ReadAction","target":["https:\/\/dutchmicrodosing.com\/fr\/truffes-a-la-psilocybine\/truffes-magiques\/magic-truffle-growkit-utopia\/"]}]},{"@type":"ImageObject","inLanguage":"fr-FR","@id":"https:\/\/dutchmicrodosing.com\/fr\/truffes-a-la-psilocybine\/truffes-magiques\/magic-truffle-growkit-utopia\/#primaryimage","url":"https:\/\/dutchmicrodosing.com\/wp-content\/uploads\/2022\/05\/b5271d66-c434-4cad-abdc-09b5ec1a50fc.png","contentUrl":"https:\/\/dutchmicrodosing.com\/wp-content\/uploads\/2022\/05\/b5271d66-c434-4cad-abdc-09b5ec1a50fc.png","width":1024,"height":1024,"caption":"Kit de culture de truffes magiques"},{"@type":"BreadcrumbList","@id":"https:\/\/dutchmicrodosing.com\/fr\/truffes-a-la-psilocybine\/truffes-magiques\/magic-truffle-growkit-utopia\/#breadcrumb","itemListElement":[{"@type":"ListItem","position":1,"name":"Home","item":"https:\/\/dutchmicrodosing.com\/fr\/"},{"@type":"ListItem","position":2,"name":"Boutique","item":"https:\/\/dutchmicrodosing.com\/fr\/boutique\/"},{"@type":"ListItem","position":3,"name":"Kit de culture de truffes magiques"}]},{"@type":"WebSite","@id":"https:\/\/dutchmicrodosing.com\/fr\/#website","url":"https:\/\/dutchmicrodosing.com\/fr\/","name":"Dutchmicrodosing","description":"","publisher":{"@id":"https:\/\/dutchmicrodosing.com\/fr\/#organization"},"potentialAction":[{"@type":"SearchAction","target":{"@type":"EntryPoint","urlTemplate":"https:\/\/dutchmicrodosing.com\/fr\/?s={search_term_string}"},"query-input":{"@type":"PropertyValueSpecification","valueRequired":true,"valueName":"search_term_string"}}],"inLanguage":"fr-FR"},{"@type":"Organization","@id":"https:\/\/dutchmicrodosing.com\/fr\/#organization","name":"Dutchmicrodosing","url":"https:\/\/dutchmicrodosing.com\/fr\/","logo":{"@type":"ImageObject","inLanguage":"fr-FR","@id":"https:\/\/dutchmicrodosing.com\/fr\/#\/schema\/logo\/image\/","url":"https:\/\/dutchmicrodosing.com\/wp-content\/uploads\/2021\/01\/microdosing-categorie-pic-nieuw.jpg","contentUrl":"https:\/\/dutchmicrodosing.com\/wp-content\/uploads\/2021\/01\/microdosing-categorie-pic-nieuw.jpg","width":500,"height":500,"caption":"Dutchmicrodosing"},"image":{"@id":"https:\/\/dutchmicrodosing.com\/fr\/#\/schema\/logo\/image\/"},"sameAs":["https:\/\/www.facebook.com\/Dutchmicrodosingxp\/","https:\/\/www.instagram.com\/dutchmicrodosing\/"]}]},"og_availability":"instock","product_availability":"instock","product_condition":"new"},"_links":{"self":[{"href":"https:\/\/dutchmicrodosing.com\/fr\/wp-json\/wp\/v2\/product\/15760","targetHints":{"allow":["GET"]}}],"collection":[{"href":"https:\/\/dutchmicrodosing.com\/fr\/wp-json\/wp\/v2\/product"}],"about":[{"href":"https:\/\/dutchmicrodosing.com\/fr\/wp-json\/wp\/v2\/types\/product"}],"replies":[{"embeddable":true,"href":"https:\/\/dutchmicrodosing.com\/fr\/wp-json\/wp\/v2\/comments?post=15760"}],"version-history":[{"count":2,"href":"https:\/\/dutchmicrodosing.com\/fr\/wp-json\/wp\/v2\/product\/15760\/revisions"}],"predecessor-version":[{"id":65462,"href":"https:\/\/dutchmicrodosing.com\/fr\/wp-json\/wp\/v2\/product\/15760\/revisions\/65462"}],"wp:featuredmedia":[{"embeddable":true,"href":"https:\/\/dutchmicrodosing.com\/fr\/wp-json\/wp\/v2\/media\/65117"}],"wp:attachment":[{"href":"https:\/\/dutchmicrodosing.com\/fr\/wp-json\/wp\/v2\/media?parent=15760"}],"wp:term":[{"taxonomy":"product_brand","embeddable":true,"href":"https:\/\/dutchmicrodosing.com\/fr\/wp-json\/wp\/v2\/product_brand?post=15760"},{"taxonomy":"product_cat","embeddable":true,"href":"https:\/\/dutchmicrodosing.com\/fr\/wp-json\/wp\/v2\/product_cat?post=15760"},{"taxonomy":"product_tag","embeddable":true,"href":"https:\/\/dutchmicrodosing.com\/fr\/wp-json\/wp\/v2\/product_tag?post=15760"}],"curies":[{"name":"wp","href":"https:\/\/api.w.org\/{rel}","templated":true}]}}