{"id":15761,"date":"2022-05-10T08:54:20","date_gmt":"2022-09-16T12:54:00","guid":{"rendered":"https:\/\/dutchmicrodosing.com\/shop\/non%20class\u00e9\/microdosage-pajaritos\/"},"modified":"2025-03-26T14:06:42","modified_gmt":"2025-03-26T13:06:42","slug":"microdosage-pajaritos","status":"publish","type":"product","link":"https:\/\/dutchmicrodosing.com\/fr\/microdosage\/microdosage-pajaritos\/","title":{"rendered":"Microdosage Pajaritos"},"content":{"rendered":"<p>Dans le monde du microdosage, les truffes Mondo Pajaritos sont r\u00e9put\u00e9es pour leur qualit\u00e9 et leur r\u00e9gularit\u00e9. Le microdosage est l&rsquo;ingestion r\u00e9guli\u00e8re de quantit\u00e9s extr\u00eamement faibles de substances psychoactives, dans le but d&rsquo;am\u00e9liorer les fonctions cognitives, la cr\u00e9ativit\u00e9 et le bien-\u00eatre g\u00e9n\u00e9ral sans ressentir d&rsquo;effets psychotropes notables. Il existe 4 programmes de prise en charge diff\u00e9rents au dos de l&#8217;emballage, de sorte qu&rsquo;il y a un protocole adapt\u00e9 \u00e0 chaque personne. La <strong>microdose de Mondo Pajaritos<\/strong> contient des truffes de haute qualit\u00e9 soigneusement s\u00e9lectionn\u00e9es. La bo\u00eete contient 10 sachets de 1 gramme, ce qui vous permet de consommer exactement ce dont vous avez besoin.<\/p>\n<h3>Les avantages du microdosage :<\/h3>\n<ul>\n<li>Moins d&rsquo;anxi\u00e9t\u00e9 et de stress<\/li>\n<li>Am\u00e9lioration de la concentration et de la focalisation<\/li>\n<li>  Am\u00e9lioration de la cr\u00e9ativit\u00e9<\/li>\n<li>  Abandonner d&rsquo;autres (mauvaises) habitudes<\/li>\n<\/ul>\n<h3>Conseils de stockage<\/h3>\n<p>Conservez vos truffes Mondo Microdosing dans un r\u00e9frig\u00e9rateur \u00e0 une temp\u00e9rature comprise entre 2 et 4 degr\u00e9s Celsius. Veillez \u00e0 v\u00e9rifier la date de p\u00e9remption indiqu\u00e9e sur l&#8217;emballage pour savoir combien de temps ils se conservent.<\/p>\n<h3>Contenu<\/h3>\n<p>10 sachets de 1 gramme sous vide.<\/p>\n<h3>IMPORTANT<\/h3>\n<p>Ne pas utiliser les truffes Mondo Microdosing :<\/p>\n<ul>\n<li>En combinaison avec l&rsquo;alcool ou d&rsquo;autres drogues<\/li>\n<li>En cas de grossesse ou d&rsquo;allaitement<\/li>\n<li>En association avec le carbonate de lithium<\/li>\n<li>Dans le cas d&rsquo;un trouble et\/ou d&rsquo;une maladie mentale ou physique<\/li>\n<li>En cas de daltonisme<\/li>\n<\/ul>\n","protected":false},"excerpt":{"rendered":"<p>Dans le monde du microdosage, les truffes Mondo Pajaritos sont r\u00e9put\u00e9es pour leur qualit\u00e9 et leur r\u00e9gularit\u00e9. Le microdosage est l&rsquo;ingestion r\u00e9guli\u00e8re de quantit\u00e9s extr\u00eamement faibles de substances psychoactives, dans le but d&rsquo;am\u00e9liorer les fonctions cognitives, la cr\u00e9ativit\u00e9 et le bien-\u00eatre g\u00e9n\u00e9ral sans ressentir d&rsquo;effets psychotropes notables. Il existe 4 programmes de prise en charge [&hellip;]<\/p>\n","protected":false},"featured_media":13071,"comment_status":"closed","ping_status":"closed","template":"","meta":[],"product_brand":[],"product_cat":[100,316],"product_tag":[],"class_list":{"0":"post-15761","1":"product","2":"type-product","3":"status-publish","4":"has-post-thumbnail","6":"product_cat-microdosage","7":"product_cat-supplements-pour-la-creativite","9":"first","10":"outofstock","11":"taxable","12":"shipping-taxable","13":"purchasable","14":"product-type-simple"},"yoast_head":"<!-- This site is optimized with the Yoast SEO Premium plugin v26.4 (Yoast SEO v27.4) - https:\/\/yoast.com\/product\/yoast-seo-premium-wordpress\/ -->\n<title>Microdosage Pajaritos - Dutchmicrodosing<\/title>\n<meta name=\"robots\" content=\"index, follow, max-snippet:-1, max-image-preview:large, max-video-preview:-1\" \/>\n<link rel=\"canonical\" href=\"https:\/\/dutchmicrodosing.com\/fr\/microdosage\/microdosage-pajaritos\/\" \/>\n<meta property=\"og:locale\" content=\"fr_FR\" \/>\n<meta property=\"og:type\" content=\"article\" \/>\n<meta property=\"og:title\" content=\"Microdosage Pajaritos\" \/>\n<meta property=\"og:description\" content=\"Dans le monde du microdosage, les truffes Mondo Pajaritos sont r\u00e9put\u00e9es pour leur qualit\u00e9 et leur r\u00e9gularit\u00e9. Le microdosage est l&#039;ingestion r\u00e9guli\u00e8re de\" \/>\n<meta property=\"og:url\" content=\"https:\/\/dutchmicrodosing.com\/fr\/microdosage\/microdosage-pajaritos\/\" \/>\n<meta property=\"og:site_name\" content=\"Dutchmicrodosing\" \/>\n<meta property=\"article:publisher\" content=\"https:\/\/www.facebook.com\/Dutchmicrodosingxp\/\" \/>\n<meta property=\"article:modified_time\" content=\"2025-03-26T13:06:42+00:00\" \/>\n<meta property=\"og:image\" content=\"https:\/\/dutchmicrodosing.com\/wp-content\/uploads\/2022\/05\/Mondo-Microdosing-Mockup-Pajaritos.png\" \/>\n\t<meta property=\"og:image:width\" content=\"2560\" \/>\n\t<meta property=\"og:image:height\" content=\"1942\" \/>\n\t<meta property=\"og:image:type\" content=\"image\/png\" \/>\n<meta name=\"twitter:card\" content=\"summary_large_image\" \/>\n<script type=\"application\/ld+json\" class=\"yoast-schema-graph\">{\"@context\":\"https:\\\/\\\/schema.org\",\"@graph\":[{\"@type\":\"WebPage\",\"@id\":\"https:\\\/\\\/dutchmicrodosing.com\\\/fr\\\/microdosage\\\/microdosage-pajaritos\\\/\",\"url\":\"https:\\\/\\\/dutchmicrodosing.com\\\/fr\\\/microdosage\\\/microdosage-pajaritos\\\/\",\"name\":\"Microdosage Pajaritos - Dutchmicrodosing\",\"isPartOf\":{\"@id\":\"https:\\\/\\\/dutchmicrodosing.com\\\/fr\\\/#website\"},\"primaryImageOfPage\":{\"@id\":\"https:\\\/\\\/dutchmicrodosing.com\\\/fr\\\/microdosage\\\/microdosage-pajaritos\\\/#primaryimage\"},\"image\":{\"@id\":\"https:\\\/\\\/dutchmicrodosing.com\\\/fr\\\/microdosage\\\/microdosage-pajaritos\\\/#primaryimage\"},\"thumbnailUrl\":\"https:\\\/\\\/dutchmicrodosing.com\\\/wp-content\\\/uploads\\\/2022\\\/05\\\/Mondo-Microdosing-Mockup-Pajaritos.png\",\"datePublished\":\"2022-09-16T12:54:00+00:00\",\"dateModified\":\"2025-03-26T13:06:42+00:00\",\"breadcrumb\":{\"@id\":\"https:\\\/\\\/dutchmicrodosing.com\\\/fr\\\/microdosage\\\/microdosage-pajaritos\\\/#breadcrumb\"},\"inLanguage\":\"fr-FR\",\"potentialAction\":[{\"@type\":\"ReadAction\",\"target\":[\"https:\\\/\\\/dutchmicrodosing.com\\\/fr\\\/microdosage\\\/microdosage-pajaritos\\\/\"]}]},{\"@type\":\"ImageObject\",\"inLanguage\":\"fr-FR\",\"@id\":\"https:\\\/\\\/dutchmicrodosing.com\\\/fr\\\/microdosage\\\/microdosage-pajaritos\\\/#primaryimage\",\"url\":\"https:\\\/\\\/dutchmicrodosing.com\\\/wp-content\\\/uploads\\\/2022\\\/05\\\/Mondo-Microdosing-Mockup-Pajaritos.png\",\"contentUrl\":\"https:\\\/\\\/dutchmicrodosing.com\\\/wp-content\\\/uploads\\\/2022\\\/05\\\/Mondo-Microdosing-Mockup-Pajaritos.png\",\"width\":2560,\"height\":1942},{\"@type\":\"BreadcrumbList\",\"@id\":\"https:\\\/\\\/dutchmicrodosing.com\\\/fr\\\/microdosage\\\/microdosage-pajaritos\\\/#breadcrumb\",\"itemListElement\":[{\"@type\":\"ListItem\",\"position\":1,\"name\":\"Home\",\"item\":\"https:\\\/\\\/dutchmicrodosing.com\\\/fr\\\/\"},{\"@type\":\"ListItem\",\"position\":2,\"name\":\"Boutique\",\"item\":\"https:\\\/\\\/dutchmicrodosing.com\\\/fr\\\/boutique\\\/\"},{\"@type\":\"ListItem\",\"position\":3,\"name\":\"Microdosage Pajaritos\"}]},{\"@type\":\"WebSite\",\"@id\":\"https:\\\/\\\/dutchmicrodosing.com\\\/fr\\\/#website\",\"url\":\"https:\\\/\\\/dutchmicrodosing.com\\\/fr\\\/\",\"name\":\"Dutchmicrodosing\",\"description\":\"\",\"publisher\":{\"@id\":\"https:\\\/\\\/dutchmicrodosing.com\\\/fr\\\/#organization\"},\"potentialAction\":[{\"@type\":\"SearchAction\",\"target\":{\"@type\":\"EntryPoint\",\"urlTemplate\":\"https:\\\/\\\/dutchmicrodosing.com\\\/fr\\\/?s={search_term_string}\"},\"query-input\":{\"@type\":\"PropertyValueSpecification\",\"valueRequired\":true,\"valueName\":\"search_term_string\"}}],\"inLanguage\":\"fr-FR\"},{\"@type\":\"Organization\",\"@id\":\"https:\\\/\\\/dutchmicrodosing.com\\\/fr\\\/#organization\",\"name\":\"Dutchmicrodosing\",\"url\":\"https:\\\/\\\/dutchmicrodosing.com\\\/fr\\\/\",\"logo\":{\"@type\":\"ImageObject\",\"inLanguage\":\"fr-FR\",\"@id\":\"https:\\\/\\\/dutchmicrodosing.com\\\/fr\\\/#\\\/schema\\\/logo\\\/image\\\/\",\"url\":\"https:\\\/\\\/dutchmicrodosing.com\\\/wp-content\\\/uploads\\\/2021\\\/01\\\/microdosing-categorie-pic-nieuw.jpg\",\"contentUrl\":\"https:\\\/\\\/dutchmicrodosing.com\\\/wp-content\\\/uploads\\\/2021\\\/01\\\/microdosing-categorie-pic-nieuw.jpg\",\"width\":500,\"height\":500,\"caption\":\"Dutchmicrodosing\"},\"image\":{\"@id\":\"https:\\\/\\\/dutchmicrodosing.com\\\/fr\\\/#\\\/schema\\\/logo\\\/image\\\/\"},\"sameAs\":[\"https:\\\/\\\/www.facebook.com\\\/Dutchmicrodosingxp\\\/\",\"https:\\\/\\\/www.instagram.com\\\/dutchmicrodosing\\\/\"]}]}<\/script>\n<meta property=\"product:price:amount\" content=\"14.95\" \/>\n<meta property=\"product:price:currency\" content=\"EUR\" \/>\n<meta property=\"og:availability\" content=\"out of stock\" \/>\n<meta property=\"product:availability\" content=\"out of stock\" \/>\n<meta property=\"product:retailer_item_id\" content=\"2205456\" \/>\n<meta property=\"product:condition\" content=\"new\" \/>\n<!-- \/ Yoast SEO Premium plugin. -->","yoast_head_json":{"title":"Microdosage Pajaritos - Dutchmicrodosing","robots":{"index":"index","follow":"follow","max-snippet":"max-snippet:-1","max-image-preview":"max-image-preview:large","max-video-preview":"max-video-preview:-1"},"canonical":"https:\/\/dutchmicrodosing.com\/fr\/microdosage\/microdosage-pajaritos\/","og_locale":"fr_FR","og_type":"article","og_title":"Microdosage Pajaritos","og_description":"Dans le monde du microdosage, les truffes Mondo Pajaritos sont r\u00e9put\u00e9es pour leur qualit\u00e9 et leur r\u00e9gularit\u00e9. Le microdosage est l'ingestion r\u00e9guli\u00e8re de","og_url":"https:\/\/dutchmicrodosing.com\/fr\/microdosage\/microdosage-pajaritos\/","og_site_name":"Dutchmicrodosing","article_publisher":"https:\/\/www.facebook.com\/Dutchmicrodosingxp\/","article_modified_time":"2025-03-26T13:06:42+00:00","og_image":[{"width":2560,"height":1942,"url":"https:\/\/dutchmicrodosing.com\/wp-content\/uploads\/2022\/05\/Mondo-Microdosing-Mockup-Pajaritos.png","type":"image\/png"}],"twitter_card":"summary_large_image","schema":{"@context":"https:\/\/schema.org","@graph":[{"@type":"WebPage","@id":"https:\/\/dutchmicrodosing.com\/fr\/microdosage\/microdosage-pajaritos\/","url":"https:\/\/dutchmicrodosing.com\/fr\/microdosage\/microdosage-pajaritos\/","name":"Microdosage Pajaritos - Dutchmicrodosing","isPartOf":{"@id":"https:\/\/dutchmicrodosing.com\/fr\/#website"},"primaryImageOfPage":{"@id":"https:\/\/dutchmicrodosing.com\/fr\/microdosage\/microdosage-pajaritos\/#primaryimage"},"image":{"@id":"https:\/\/dutchmicrodosing.com\/fr\/microdosage\/microdosage-pajaritos\/#primaryimage"},"thumbnailUrl":"https:\/\/dutchmicrodosing.com\/wp-content\/uploads\/2022\/05\/Mondo-Microdosing-Mockup-Pajaritos.png","datePublished":"2022-09-16T12:54:00+00:00","dateModified":"2025-03-26T13:06:42+00:00","breadcrumb":{"@id":"https:\/\/dutchmicrodosing.com\/fr\/microdosage\/microdosage-pajaritos\/#breadcrumb"},"inLanguage":"fr-FR","potentialAction":[{"@type":"ReadAction","target":["https:\/\/dutchmicrodosing.com\/fr\/microdosage\/microdosage-pajaritos\/"]}]},{"@type":"ImageObject","inLanguage":"fr-FR","@id":"https:\/\/dutchmicrodosing.com\/fr\/microdosage\/microdosage-pajaritos\/#primaryimage","url":"https:\/\/dutchmicrodosing.com\/wp-content\/uploads\/2022\/05\/Mondo-Microdosing-Mockup-Pajaritos.png","contentUrl":"https:\/\/dutchmicrodosing.com\/wp-content\/uploads\/2022\/05\/Mondo-Microdosing-Mockup-Pajaritos.png","width":2560,"height":1942},{"@type":"BreadcrumbList","@id":"https:\/\/dutchmicrodosing.com\/fr\/microdosage\/microdosage-pajaritos\/#breadcrumb","itemListElement":[{"@type":"ListItem","position":1,"name":"Home","item":"https:\/\/dutchmicrodosing.com\/fr\/"},{"@type":"ListItem","position":2,"name":"Boutique","item":"https:\/\/dutchmicrodosing.com\/fr\/boutique\/"},{"@type":"ListItem","position":3,"name":"Microdosage Pajaritos"}]},{"@type":"WebSite","@id":"https:\/\/dutchmicrodosing.com\/fr\/#website","url":"https:\/\/dutchmicrodosing.com\/fr\/","name":"Dutchmicrodosing","description":"","publisher":{"@id":"https:\/\/dutchmicrodosing.com\/fr\/#organization"},"potentialAction":[{"@type":"SearchAction","target":{"@type":"EntryPoint","urlTemplate":"https:\/\/dutchmicrodosing.com\/fr\/?s={search_term_string}"},"query-input":{"@type":"PropertyValueSpecification","valueRequired":true,"valueName":"search_term_string"}}],"inLanguage":"fr-FR"},{"@type":"Organization","@id":"https:\/\/dutchmicrodosing.com\/fr\/#organization","name":"Dutchmicrodosing","url":"https:\/\/dutchmicrodosing.com\/fr\/","logo":{"@type":"ImageObject","inLanguage":"fr-FR","@id":"https:\/\/dutchmicrodosing.com\/fr\/#\/schema\/logo\/image\/","url":"https:\/\/dutchmicrodosing.com\/wp-content\/uploads\/2021\/01\/microdosing-categorie-pic-nieuw.jpg","contentUrl":"https:\/\/dutchmicrodosing.com\/wp-content\/uploads\/2021\/01\/microdosing-categorie-pic-nieuw.jpg","width":500,"height":500,"caption":"Dutchmicrodosing"},"image":{"@id":"https:\/\/dutchmicrodosing.com\/fr\/#\/schema\/logo\/image\/"},"sameAs":["https:\/\/www.facebook.com\/Dutchmicrodosingxp\/","https:\/\/www.instagram.com\/dutchmicrodosing\/"]}]},"product_price_amount":"14.95","product_price_currency":"EUR","og_availability":"out of stock","product_availability":"out of stock","product_retailer_item_id":"2205456","product_condition":"new"},"_links":{"self":[{"href":"https:\/\/dutchmicrodosing.com\/fr\/wp-json\/wp\/v2\/product\/15761","targetHints":{"allow":["GET"]}}],"collection":[{"href":"https:\/\/dutchmicrodosing.com\/fr\/wp-json\/wp\/v2\/product"}],"about":[{"href":"https:\/\/dutchmicrodosing.com\/fr\/wp-json\/wp\/v2\/types\/product"}],"replies":[{"embeddable":true,"href":"https:\/\/dutchmicrodosing.com\/fr\/wp-json\/wp\/v2\/comments?post=15761"}],"version-history":[{"count":0,"href":"https:\/\/dutchmicrodosing.com\/fr\/wp-json\/wp\/v2\/product\/15761\/revisions"}],"wp:featuredmedia":[{"embeddable":true,"href":"https:\/\/dutchmicrodosing.com\/fr\/wp-json\/wp\/v2\/media\/13071"}],"wp:attachment":[{"href":"https:\/\/dutchmicrodosing.com\/fr\/wp-json\/wp\/v2\/media?parent=15761"}],"wp:term":[{"taxonomy":"product_brand","embeddable":true,"href":"https:\/\/dutchmicrodosing.com\/fr\/wp-json\/wp\/v2\/product_brand?post=15761"},{"taxonomy":"product_cat","embeddable":true,"href":"https:\/\/dutchmicrodosing.com\/fr\/wp-json\/wp\/v2\/product_cat?post=15761"},{"taxonomy":"product_tag","embeddable":true,"href":"https:\/\/dutchmicrodosing.com\/fr\/wp-json\/wp\/v2\/product_tag?post=15761"}],"curies":[{"name":"wp","href":"https:\/\/api.w.org\/{rel}","templated":true}]}}