{"id":15774,"date":"2022-04-22T12:07:34","date_gmt":"2022-04-22T10:07:34","guid":{"rendered":"https:\/\/dutchmicrodosing.com\/shop\/non%20class\u00e9\/extrait-dhomme-lion-30ml\/"},"modified":"2025-08-21T08:58:11","modified_gmt":"2025-08-21T06:58:11","slug":"extrait-dhomme-lion-30ml","status":"publish","type":"product","link":"https:\/\/dutchmicrodosing.com\/fr\/champignons-medicinaux\/extrait-dhomme-lion-30ml\/","title":{"rendered":"Extrait de crini\u00e8re de lion 30ml"},"content":{"rendered":"<p>La crini\u00e8re de lion, \u00e9galement connue sous le nom de champignon \u00e0 perruque, est un champignon m\u00e9dicinal \u00e0 l&rsquo;aspect unique ! Apr\u00e8s tout, \u00e7a ressemble \u00e0 la crini\u00e8re d&rsquo;un lion. Le champignon m\u00e9dicinal est tr\u00e8s important dans la m\u00e9decine bouddhiste. Ce champignon est \u00e9galement utilis\u00e9 au Japon depuis des si\u00e8cles. Il stimule potentiellement la production de neurotrophines, qui aident \u00e0 prot\u00e9ger les cellules nerveuses. La crini\u00e8re de lion de Foodspores est puissante et concentr\u00e9e pour un effet optimal.<\/p>\n<h2>Ingr\u00e9dients<\/h2>\n<p>Pour 10 gouttes :<\/p>\n<ul>\n<li>Crini\u00e8re de lion 500mg<\/li>\n<li>Vitamine B6 225\u03bcg<\/li>\n<li>Alcool<\/li>\n<\/ul>\n<h2>Utilisation<\/h2>\n<p>Ne convient qu&rsquo;aux adultes. Ne prenez pas plus de 3 x 10 gouttes par jour.<\/p>\n<h2>Effets possibles<\/h2>\n<ul>\n<li>En tant que stimulant des neutrophines<\/li>\n<li>Prot\u00e8ge les cellules nerveuses<\/li>\n<li>Un impact positif possible dans le contr\u00f4le des sympt\u00f4mes du diab\u00e8te<\/li>\n<\/ul>\n<h2>Conseils de stockage<\/h2>\n<p>Conservez ce produit dans un endroit frais et sombre (15\u00b0C- 20\u00b0C) tel qu&rsquo;un placard de cuisine et hors de port\u00e9e des enfants.<\/p>\n<h2>Contenu<\/h2>\n<p>Extrait de champignon crini\u00e8re de lion (Foodspores) &#8211; 30ml.<\/p>\n<h2>Note !<\/h2>\n<p>Ce compl\u00e9ment alimentaire ne convient pas aux enfants de moins de 10 ans (d\u00e9claration obligatoire pour les produits contenant plus de 5 mg de vitamine B6 par dose journali\u00e8re). L&rsquo;utilisation quotidienne \u00e0 long terme de cette quantit\u00e9 de vitamine B6 peut provoquer de l\u00e9gers picotements ou engourdissements dans les membres.<\/p>\n","protected":false},"excerpt":{"rendered":"<p>La crini\u00e8re de lion, \u00e9galement connue sous le nom de champignon \u00e0 perruque, est un champignon m\u00e9dicinal \u00e0 l&rsquo;aspect unique ! Apr\u00e8s tout, \u00e7a ressemble \u00e0 la crini\u00e8re d&rsquo;un lion. Le champignon m\u00e9dicinal est tr\u00e8s important dans la m\u00e9decine bouddhiste. Ce champignon est \u00e9galement utilis\u00e9 au Japon depuis des si\u00e8cles. Il stimule potentiellement la production [&hellip;]<\/p>\n","protected":false},"featured_media":12849,"comment_status":"closed","ping_status":"closed","template":"","meta":[],"product_brand":[],"product_cat":[129,291],"product_tag":[],"class_list":{"0":"post-15774","1":"product","2":"type-product","3":"status-publish","4":"has-post-thumbnail","6":"product_cat-champignons-medicinaux","7":"product_cat-supplements-pour-le-systeme-immunitaire","9":"first","10":"instock","11":"taxable","12":"shipping-taxable","13":"purchasable","14":"product-type-simple"},"yoast_head":"<!-- This site is optimized with the Yoast SEO Premium plugin v26.4 (Yoast SEO v27.4) - https:\/\/yoast.com\/product\/yoast-seo-premium-wordpress\/ -->\n<title>Extrait de crini\u00e8re de lion 30ml - Dutchmicrodosing<\/title>\n<meta name=\"robots\" content=\"index, follow, max-snippet:-1, max-image-preview:large, max-video-preview:-1\" \/>\n<link rel=\"canonical\" href=\"https:\/\/dutchmicrodosing.com\/fr\/champignons-medicinaux\/extrait-dhomme-lion-30ml\/\" \/>\n<meta property=\"og:locale\" content=\"fr_FR\" \/>\n<meta property=\"og:type\" content=\"article\" \/>\n<meta property=\"og:title\" content=\"Extrait de crini\u00e8re de lion 30ml\" \/>\n<meta property=\"og:description\" content=\"La crini\u00e8re de lion, \u00e9galement connue sous le nom de champignon \u00e0 perruque, est un champignon m\u00e9dicinal \u00e0 l&#039;aspect unique ! Apr\u00e8s tout, \u00e7a ressemble \u00e0 la\" \/>\n<meta property=\"og:url\" content=\"https:\/\/dutchmicrodosing.com\/fr\/champignons-medicinaux\/extrait-dhomme-lion-30ml\/\" \/>\n<meta property=\"og:site_name\" content=\"Dutchmicrodosing\" \/>\n<meta property=\"article:publisher\" content=\"https:\/\/www.facebook.com\/Dutchmicrodosingxp\/\" \/>\n<meta property=\"article:modified_time\" content=\"2025-08-21T06:58:11+00:00\" \/>\n<meta property=\"og:image\" content=\"https:\/\/dutchmicrodosing.com\/wp-content\/uploads\/2022\/04\/Foodsporen_DropperBox_LionsMane_WhiteBG_Square-600x601-1.jpg\" \/>\n\t<meta property=\"og:image:width\" content=\"600\" \/>\n\t<meta property=\"og:image:height\" content=\"601\" \/>\n\t<meta property=\"og:image:type\" content=\"image\/jpeg\" \/>\n<meta name=\"twitter:card\" content=\"summary_large_image\" \/>\n<script type=\"application\/ld+json\" class=\"yoast-schema-graph\">{\"@context\":\"https:\\\/\\\/schema.org\",\"@graph\":[{\"@type\":\"WebPage\",\"@id\":\"https:\\\/\\\/dutchmicrodosing.com\\\/fr\\\/champignons-medicinaux\\\/extrait-dhomme-lion-30ml\\\/\",\"url\":\"https:\\\/\\\/dutchmicrodosing.com\\\/fr\\\/champignons-medicinaux\\\/extrait-dhomme-lion-30ml\\\/\",\"name\":\"Extrait de crini\u00e8re de lion 30ml - Dutchmicrodosing\",\"isPartOf\":{\"@id\":\"https:\\\/\\\/dutchmicrodosing.com\\\/fr\\\/#website\"},\"primaryImageOfPage\":{\"@id\":\"https:\\\/\\\/dutchmicrodosing.com\\\/fr\\\/champignons-medicinaux\\\/extrait-dhomme-lion-30ml\\\/#primaryimage\"},\"image\":{\"@id\":\"https:\\\/\\\/dutchmicrodosing.com\\\/fr\\\/champignons-medicinaux\\\/extrait-dhomme-lion-30ml\\\/#primaryimage\"},\"thumbnailUrl\":\"https:\\\/\\\/dutchmicrodosing.com\\\/wp-content\\\/uploads\\\/2022\\\/04\\\/Foodsporen_DropperBox_LionsMane_WhiteBG_Square-600x601-1.jpg\",\"datePublished\":\"2022-04-22T10:07:34+00:00\",\"dateModified\":\"2025-08-21T06:58:11+00:00\",\"breadcrumb\":{\"@id\":\"https:\\\/\\\/dutchmicrodosing.com\\\/fr\\\/champignons-medicinaux\\\/extrait-dhomme-lion-30ml\\\/#breadcrumb\"},\"inLanguage\":\"fr-FR\",\"potentialAction\":[{\"@type\":\"ReadAction\",\"target\":[\"https:\\\/\\\/dutchmicrodosing.com\\\/fr\\\/champignons-medicinaux\\\/extrait-dhomme-lion-30ml\\\/\"]}]},{\"@type\":\"ImageObject\",\"inLanguage\":\"fr-FR\",\"@id\":\"https:\\\/\\\/dutchmicrodosing.com\\\/fr\\\/champignons-medicinaux\\\/extrait-dhomme-lion-30ml\\\/#primaryimage\",\"url\":\"https:\\\/\\\/dutchmicrodosing.com\\\/wp-content\\\/uploads\\\/2022\\\/04\\\/Foodsporen_DropperBox_LionsMane_WhiteBG_Square-600x601-1.jpg\",\"contentUrl\":\"https:\\\/\\\/dutchmicrodosing.com\\\/wp-content\\\/uploads\\\/2022\\\/04\\\/Foodsporen_DropperBox_LionsMane_WhiteBG_Square-600x601-1.jpg\",\"width\":600,\"height\":601},{\"@type\":\"BreadcrumbList\",\"@id\":\"https:\\\/\\\/dutchmicrodosing.com\\\/fr\\\/champignons-medicinaux\\\/extrait-dhomme-lion-30ml\\\/#breadcrumb\",\"itemListElement\":[{\"@type\":\"ListItem\",\"position\":1,\"name\":\"Home\",\"item\":\"https:\\\/\\\/dutchmicrodosing.com\\\/fr\\\/\"},{\"@type\":\"ListItem\",\"position\":2,\"name\":\"Boutique\",\"item\":\"https:\\\/\\\/dutchmicrodosing.com\\\/fr\\\/boutique\\\/\"},{\"@type\":\"ListItem\",\"position\":3,\"name\":\"Extrait de crini\u00e8re de lion 30ml\"}]},{\"@type\":\"WebSite\",\"@id\":\"https:\\\/\\\/dutchmicrodosing.com\\\/fr\\\/#website\",\"url\":\"https:\\\/\\\/dutchmicrodosing.com\\\/fr\\\/\",\"name\":\"Dutchmicrodosing\",\"description\":\"\",\"publisher\":{\"@id\":\"https:\\\/\\\/dutchmicrodosing.com\\\/fr\\\/#organization\"},\"potentialAction\":[{\"@type\":\"SearchAction\",\"target\":{\"@type\":\"EntryPoint\",\"urlTemplate\":\"https:\\\/\\\/dutchmicrodosing.com\\\/fr\\\/?s={search_term_string}\"},\"query-input\":{\"@type\":\"PropertyValueSpecification\",\"valueRequired\":true,\"valueName\":\"search_term_string\"}}],\"inLanguage\":\"fr-FR\"},{\"@type\":\"Organization\",\"@id\":\"https:\\\/\\\/dutchmicrodosing.com\\\/fr\\\/#organization\",\"name\":\"Dutchmicrodosing\",\"url\":\"https:\\\/\\\/dutchmicrodosing.com\\\/fr\\\/\",\"logo\":{\"@type\":\"ImageObject\",\"inLanguage\":\"fr-FR\",\"@id\":\"https:\\\/\\\/dutchmicrodosing.com\\\/fr\\\/#\\\/schema\\\/logo\\\/image\\\/\",\"url\":\"https:\\\/\\\/dutchmicrodosing.com\\\/wp-content\\\/uploads\\\/2021\\\/01\\\/microdosing-categorie-pic-nieuw.jpg\",\"contentUrl\":\"https:\\\/\\\/dutchmicrodosing.com\\\/wp-content\\\/uploads\\\/2021\\\/01\\\/microdosing-categorie-pic-nieuw.jpg\",\"width\":500,\"height\":500,\"caption\":\"Dutchmicrodosing\"},\"image\":{\"@id\":\"https:\\\/\\\/dutchmicrodosing.com\\\/fr\\\/#\\\/schema\\\/logo\\\/image\\\/\"},\"sameAs\":[\"https:\\\/\\\/www.facebook.com\\\/Dutchmicrodosingxp\\\/\",\"https:\\\/\\\/www.instagram.com\\\/dutchmicrodosing\\\/\"]}]}<\/script>\n<meta property=\"product:price:amount\" content=\"29.50\" \/>\n<meta property=\"product:price:currency\" content=\"EUR\" \/>\n<meta property=\"og:availability\" content=\"instock\" \/>\n<meta property=\"product:availability\" content=\"instock\" \/>\n<meta property=\"product:retailer_item_id\" content=\"1203633\" \/>\n<meta property=\"product:condition\" content=\"new\" \/>\n<!-- \/ Yoast SEO Premium plugin. -->","yoast_head_json":{"title":"Extrait de crini\u00e8re de lion 30ml - Dutchmicrodosing","robots":{"index":"index","follow":"follow","max-snippet":"max-snippet:-1","max-image-preview":"max-image-preview:large","max-video-preview":"max-video-preview:-1"},"canonical":"https:\/\/dutchmicrodosing.com\/fr\/champignons-medicinaux\/extrait-dhomme-lion-30ml\/","og_locale":"fr_FR","og_type":"article","og_title":"Extrait de crini\u00e8re de lion 30ml","og_description":"La crini\u00e8re de lion, \u00e9galement connue sous le nom de champignon \u00e0 perruque, est un champignon m\u00e9dicinal \u00e0 l'aspect unique ! Apr\u00e8s tout, \u00e7a ressemble \u00e0 la","og_url":"https:\/\/dutchmicrodosing.com\/fr\/champignons-medicinaux\/extrait-dhomme-lion-30ml\/","og_site_name":"Dutchmicrodosing","article_publisher":"https:\/\/www.facebook.com\/Dutchmicrodosingxp\/","article_modified_time":"2025-08-21T06:58:11+00:00","og_image":[{"width":600,"height":601,"url":"https:\/\/dutchmicrodosing.com\/wp-content\/uploads\/2022\/04\/Foodsporen_DropperBox_LionsMane_WhiteBG_Square-600x601-1.jpg","type":"image\/jpeg"}],"twitter_card":"summary_large_image","schema":{"@context":"https:\/\/schema.org","@graph":[{"@type":"WebPage","@id":"https:\/\/dutchmicrodosing.com\/fr\/champignons-medicinaux\/extrait-dhomme-lion-30ml\/","url":"https:\/\/dutchmicrodosing.com\/fr\/champignons-medicinaux\/extrait-dhomme-lion-30ml\/","name":"Extrait de crini\u00e8re de lion 30ml - Dutchmicrodosing","isPartOf":{"@id":"https:\/\/dutchmicrodosing.com\/fr\/#website"},"primaryImageOfPage":{"@id":"https:\/\/dutchmicrodosing.com\/fr\/champignons-medicinaux\/extrait-dhomme-lion-30ml\/#primaryimage"},"image":{"@id":"https:\/\/dutchmicrodosing.com\/fr\/champignons-medicinaux\/extrait-dhomme-lion-30ml\/#primaryimage"},"thumbnailUrl":"https:\/\/dutchmicrodosing.com\/wp-content\/uploads\/2022\/04\/Foodsporen_DropperBox_LionsMane_WhiteBG_Square-600x601-1.jpg","datePublished":"2022-04-22T10:07:34+00:00","dateModified":"2025-08-21T06:58:11+00:00","breadcrumb":{"@id":"https:\/\/dutchmicrodosing.com\/fr\/champignons-medicinaux\/extrait-dhomme-lion-30ml\/#breadcrumb"},"inLanguage":"fr-FR","potentialAction":[{"@type":"ReadAction","target":["https:\/\/dutchmicrodosing.com\/fr\/champignons-medicinaux\/extrait-dhomme-lion-30ml\/"]}]},{"@type":"ImageObject","inLanguage":"fr-FR","@id":"https:\/\/dutchmicrodosing.com\/fr\/champignons-medicinaux\/extrait-dhomme-lion-30ml\/#primaryimage","url":"https:\/\/dutchmicrodosing.com\/wp-content\/uploads\/2022\/04\/Foodsporen_DropperBox_LionsMane_WhiteBG_Square-600x601-1.jpg","contentUrl":"https:\/\/dutchmicrodosing.com\/wp-content\/uploads\/2022\/04\/Foodsporen_DropperBox_LionsMane_WhiteBG_Square-600x601-1.jpg","width":600,"height":601},{"@type":"BreadcrumbList","@id":"https:\/\/dutchmicrodosing.com\/fr\/champignons-medicinaux\/extrait-dhomme-lion-30ml\/#breadcrumb","itemListElement":[{"@type":"ListItem","position":1,"name":"Home","item":"https:\/\/dutchmicrodosing.com\/fr\/"},{"@type":"ListItem","position":2,"name":"Boutique","item":"https:\/\/dutchmicrodosing.com\/fr\/boutique\/"},{"@type":"ListItem","position":3,"name":"Extrait de crini\u00e8re de lion 30ml"}]},{"@type":"WebSite","@id":"https:\/\/dutchmicrodosing.com\/fr\/#website","url":"https:\/\/dutchmicrodosing.com\/fr\/","name":"Dutchmicrodosing","description":"","publisher":{"@id":"https:\/\/dutchmicrodosing.com\/fr\/#organization"},"potentialAction":[{"@type":"SearchAction","target":{"@type":"EntryPoint","urlTemplate":"https:\/\/dutchmicrodosing.com\/fr\/?s={search_term_string}"},"query-input":{"@type":"PropertyValueSpecification","valueRequired":true,"valueName":"search_term_string"}}],"inLanguage":"fr-FR"},{"@type":"Organization","@id":"https:\/\/dutchmicrodosing.com\/fr\/#organization","name":"Dutchmicrodosing","url":"https:\/\/dutchmicrodosing.com\/fr\/","logo":{"@type":"ImageObject","inLanguage":"fr-FR","@id":"https:\/\/dutchmicrodosing.com\/fr\/#\/schema\/logo\/image\/","url":"https:\/\/dutchmicrodosing.com\/wp-content\/uploads\/2021\/01\/microdosing-categorie-pic-nieuw.jpg","contentUrl":"https:\/\/dutchmicrodosing.com\/wp-content\/uploads\/2021\/01\/microdosing-categorie-pic-nieuw.jpg","width":500,"height":500,"caption":"Dutchmicrodosing"},"image":{"@id":"https:\/\/dutchmicrodosing.com\/fr\/#\/schema\/logo\/image\/"},"sameAs":["https:\/\/www.facebook.com\/Dutchmicrodosingxp\/","https:\/\/www.instagram.com\/dutchmicrodosing\/"]}]},"product_price_amount":"29.50","product_price_currency":"EUR","og_availability":"instock","product_availability":"instock","product_retailer_item_id":"1203633","product_condition":"new"},"_links":{"self":[{"href":"https:\/\/dutchmicrodosing.com\/fr\/wp-json\/wp\/v2\/product\/15774","targetHints":{"allow":["GET"]}}],"collection":[{"href":"https:\/\/dutchmicrodosing.com\/fr\/wp-json\/wp\/v2\/product"}],"about":[{"href":"https:\/\/dutchmicrodosing.com\/fr\/wp-json\/wp\/v2\/types\/product"}],"replies":[{"embeddable":true,"href":"https:\/\/dutchmicrodosing.com\/fr\/wp-json\/wp\/v2\/comments?post=15774"}],"version-history":[{"count":0,"href":"https:\/\/dutchmicrodosing.com\/fr\/wp-json\/wp\/v2\/product\/15774\/revisions"}],"wp:featuredmedia":[{"embeddable":true,"href":"https:\/\/dutchmicrodosing.com\/fr\/wp-json\/wp\/v2\/media\/12849"}],"wp:attachment":[{"href":"https:\/\/dutchmicrodosing.com\/fr\/wp-json\/wp\/v2\/media?parent=15774"}],"wp:term":[{"taxonomy":"product_brand","embeddable":true,"href":"https:\/\/dutchmicrodosing.com\/fr\/wp-json\/wp\/v2\/product_brand?post=15774"},{"taxonomy":"product_cat","embeddable":true,"href":"https:\/\/dutchmicrodosing.com\/fr\/wp-json\/wp\/v2\/product_cat?post=15774"},{"taxonomy":"product_tag","embeddable":true,"href":"https:\/\/dutchmicrodosing.com\/fr\/wp-json\/wp\/v2\/product_tag?post=15774"}],"curies":[{"name":"wp","href":"https:\/\/api.w.org\/{rel}","templated":true}]}}