{"id":21357,"date":"2023-02-03T20:03:43","date_gmt":"2023-02-03T19:03:43","guid":{"rendered":"https:\/\/dutchmicrodosing.com\/shop\/non%20class\u00e9\/cbd-energy-gummies\/"},"modified":"2025-08-19T11:11:28","modified_gmt":"2025-08-19T09:11:28","slug":"cbd-energy-gummies","status":"publish","type":"product","link":"https:\/\/dutchmicrodosing.com\/fr\/boutique-de-sante\/vitamines-et-supplements\/cbd-energy-gummies\/","title":{"rendered":"Gommes \u00e9nerg\u00e9tiques au CBD"},"content":{"rendered":"<p>Les CBD Energy Gummies au go\u00fbt de framboise ne donnent pas seulement de l&rsquo;\u00e9nergie, la combinaison du CBD, de la caf\u00e9ine et de la vitamine B a un effet puissant. Les Dr Candy<strong> CBD Energy Gummies Raspberry<\/strong> contiennent 10 mg de CBD, 5 mg de caf\u00e9ine et des vitamines B5, B9 et B12. Pour plus d&rsquo;\u00e9nergie et de concentration, ces d\u00e9licieuses gommes aromatis\u00e9es \u00e0 la framboise sont vivement recommand\u00e9es !<\/p>\n<h3>Ingr\u00e9dients<\/h3>\n<p><strong>par gomme :<\/strong><\/p>\n<ul>\n<li>Fructose<\/li>\n<li>Sucre<\/li>\n<li>Colorants et ar\u00f4mes naturels<\/li>\n<li>G\u00e9latine<\/li>\n<li>Acide citrique<\/li>\n<li>10mg CBD<\/li>\n<li>5 mg de caf\u00e9ine<\/li>\n<li>10 mg de vitamine B5<\/li>\n<li>400ug de vitamine B9<\/li>\n<li>500ug de vitamine B12<\/li>\n<\/ul>\n<h3>Utilisation<\/h3>\n<p>Ne pas utiliser plus de 2 gommes par jour pour plus d&rsquo;\u00e9nergie et de concentration.<\/p>\n<h3>Conseils de stockage<\/h3>\n<p>Apr\u00e8s ouverture, ces gommes sont encore bonnes pendant 3 mois si elles sont conserv\u00e9es dans un endroit sombre et froid. Tenir hors de port\u00e9e des enfants !<\/p>\n<h3>Contenu<\/h3>\n<p>Dr Candy CBD Energy Gummies Framboise (Raspberry) &#8211; 30 grammes<\/p>\n","protected":false},"excerpt":{"rendered":"<p>Les CBD Energy Gummies au go\u00fbt de framboise ne donnent pas seulement de l&rsquo;\u00e9nergie, la combinaison du CBD, de la caf\u00e9ine et de la vitamine B a un effet puissant. Les Dr Candy CBD Energy Gummies Raspberry contiennent 10 mg de CBD, 5 mg de caf\u00e9ine et des vitamines B5, B9 et B12. Pour plus [&hellip;]<\/p>\n","protected":false},"featured_media":22412,"comment_status":"closed","ping_status":"closed","template":"","meta":[],"product_brand":[],"product_cat":[284,290,131],"product_tag":[],"class_list":{"0":"post-21357","1":"product","2":"type-product","3":"status-publish","4":"has-post-thumbnail","6":"product_cat-cbd-et-supplements","7":"product_cat-supplements-energetiques","8":"product_cat-vitamines-et-supplements","10":"first","11":"instock","12":"taxable","13":"shipping-taxable","14":"purchasable","15":"product-type-simple"},"yoast_head":"<!-- This site is optimized with the Yoast SEO Premium plugin v26.4 (Yoast SEO v27.2) - https:\/\/yoast.com\/product\/yoast-seo-premium-wordpress\/ -->\n<title>Gommes \u00e9nerg\u00e9tiques au CBD - Dutchmicrodosing<\/title>\n<meta name=\"description\" content=\"Les CBD Energy Gummies au go\u00fbt de framboise ne donnent pas seulement de l&#039;\u00e9nergie, la combinaison du CBD, de la caf\u00e9ine et de la vitamine B fournit un effet puissant....\" \/>\n<meta name=\"robots\" content=\"index, follow, max-snippet:-1, max-image-preview:large, max-video-preview:-1\" \/>\n<link rel=\"canonical\" href=\"https:\/\/dutchmicrodosing.com\/fr\/boutique-de-sante\/vitamines-et-supplements\/cbd-energy-gummies\/\" \/>\n<meta property=\"og:locale\" content=\"fr_FR\" \/>\n<meta property=\"og:type\" content=\"article\" \/>\n<meta property=\"og:title\" content=\"Gommes \u00e9nerg\u00e9tiques au CBD\" \/>\n<meta property=\"og:description\" content=\"Les CBD Energy Gummies au go\u00fbt de framboise ne donnent pas seulement de l&#039;\u00e9nergie, la combinaison du CBD, de la caf\u00e9ine et de la vitamine B a un effet\" \/>\n<meta property=\"og:url\" content=\"https:\/\/dutchmicrodosing.com\/fr\/boutique-de-sante\/vitamines-et-supplements\/cbd-energy-gummies\/\" \/>\n<meta property=\"og:site_name\" content=\"Dutchmicrodosing\" \/>\n<meta property=\"article:publisher\" content=\"https:\/\/www.facebook.com\/Dutchmicrodosingxp\/\" \/>\n<meta property=\"article:modified_time\" content=\"2025-08-19T09:11:28+00:00\" \/>\n<meta property=\"og:image\" content=\"https:\/\/dutchmicrodosing.com\/wp-content\/uploads\/2023\/02\/CBD_energie_gummie_1000x1000-768x768-2.jpg\" \/>\n\t<meta property=\"og:image:width\" content=\"768\" \/>\n\t<meta property=\"og:image:height\" content=\"768\" \/>\n\t<meta property=\"og:image:type\" content=\"image\/jpeg\" \/>\n<meta name=\"twitter:card\" content=\"summary_large_image\" \/>\n<script type=\"application\/ld+json\" class=\"yoast-schema-graph\">{\"@context\":\"https:\/\/schema.org\",\"@graph\":[{\"@type\":\"WebPage\",\"@id\":\"https:\/\/dutchmicrodosing.com\/fr\/boutique-de-sante\/vitamines-et-supplements\/cbd-energy-gummies\/\",\"url\":\"https:\/\/dutchmicrodosing.com\/fr\/boutique-de-sante\/vitamines-et-supplements\/cbd-energy-gummies\/\",\"name\":\"Gommes \u00e9nerg\u00e9tiques au CBD - Dutchmicrodosing\",\"isPartOf\":{\"@id\":\"https:\/\/dutchmicrodosing.com\/fr\/#website\"},\"primaryImageOfPage\":{\"@id\":\"https:\/\/dutchmicrodosing.com\/fr\/boutique-de-sante\/vitamines-et-supplements\/cbd-energy-gummies\/#primaryimage\"},\"image\":{\"@id\":\"https:\/\/dutchmicrodosing.com\/fr\/boutique-de-sante\/vitamines-et-supplements\/cbd-energy-gummies\/#primaryimage\"},\"thumbnailUrl\":\"https:\/\/dutchmicrodosing.com\/wp-content\/uploads\/2023\/02\/CBD_energie_gummie_1000x1000-768x768-2.jpg\",\"datePublished\":\"2023-02-03T19:03:43+00:00\",\"dateModified\":\"2025-08-19T09:11:28+00:00\",\"description\":\"Les CBD Energy Gummies au go\u00fbt de framboise ne donnent pas seulement de l'\u00e9nergie, la combinaison du CBD, de la caf\u00e9ine et de la vitamine B fournit un effet puissant....\",\"breadcrumb\":{\"@id\":\"https:\/\/dutchmicrodosing.com\/fr\/boutique-de-sante\/vitamines-et-supplements\/cbd-energy-gummies\/#breadcrumb\"},\"inLanguage\":\"fr-FR\",\"potentialAction\":[{\"@type\":\"ReadAction\",\"target\":[\"https:\/\/dutchmicrodosing.com\/fr\/boutique-de-sante\/vitamines-et-supplements\/cbd-energy-gummies\/\"]}]},{\"@type\":\"ImageObject\",\"inLanguage\":\"fr-FR\",\"@id\":\"https:\/\/dutchmicrodosing.com\/fr\/boutique-de-sante\/vitamines-et-supplements\/cbd-energy-gummies\/#primaryimage\",\"url\":\"https:\/\/dutchmicrodosing.com\/wp-content\/uploads\/2023\/02\/CBD_energie_gummie_1000x1000-768x768-2.jpg\",\"contentUrl\":\"https:\/\/dutchmicrodosing.com\/wp-content\/uploads\/2023\/02\/CBD_energie_gummie_1000x1000-768x768-2.jpg\",\"width\":768,\"height\":768},{\"@type\":\"BreadcrumbList\",\"@id\":\"https:\/\/dutchmicrodosing.com\/fr\/boutique-de-sante\/vitamines-et-supplements\/cbd-energy-gummies\/#breadcrumb\",\"itemListElement\":[{\"@type\":\"ListItem\",\"position\":1,\"name\":\"Home\",\"item\":\"https:\/\/dutchmicrodosing.com\/fr\/\"},{\"@type\":\"ListItem\",\"position\":2,\"name\":\"Boutique\",\"item\":\"https:\/\/dutchmicrodosing.com\/fr\/boutique\/\"},{\"@type\":\"ListItem\",\"position\":3,\"name\":\"Gommes \u00e9nerg\u00e9tiques au CBD\"}]},{\"@type\":\"WebSite\",\"@id\":\"https:\/\/dutchmicrodosing.com\/fr\/#website\",\"url\":\"https:\/\/dutchmicrodosing.com\/fr\/\",\"name\":\"Dutchmicrodosing\",\"description\":\"\",\"publisher\":{\"@id\":\"https:\/\/dutchmicrodosing.com\/fr\/#organization\"},\"potentialAction\":[{\"@type\":\"SearchAction\",\"target\":{\"@type\":\"EntryPoint\",\"urlTemplate\":\"https:\/\/dutchmicrodosing.com\/fr\/?s={search_term_string}\"},\"query-input\":{\"@type\":\"PropertyValueSpecification\",\"valueRequired\":true,\"valueName\":\"search_term_string\"}}],\"inLanguage\":\"fr-FR\"},{\"@type\":\"Organization\",\"@id\":\"https:\/\/dutchmicrodosing.com\/fr\/#organization\",\"name\":\"Dutchmicrodosing\",\"url\":\"https:\/\/dutchmicrodosing.com\/fr\/\",\"logo\":{\"@type\":\"ImageObject\",\"inLanguage\":\"fr-FR\",\"@id\":\"https:\/\/dutchmicrodosing.com\/fr\/#\/schema\/logo\/image\/\",\"url\":\"https:\/\/dutchmicrodosing.com\/wp-content\/uploads\/2021\/01\/microdosing-categorie-pic-nieuw.jpg\",\"contentUrl\":\"https:\/\/dutchmicrodosing.com\/wp-content\/uploads\/2021\/01\/microdosing-categorie-pic-nieuw.jpg\",\"width\":500,\"height\":500,\"caption\":\"Dutchmicrodosing\"},\"image\":{\"@id\":\"https:\/\/dutchmicrodosing.com\/fr\/#\/schema\/logo\/image\/\"},\"sameAs\":[\"https:\/\/www.facebook.com\/Dutchmicrodosingxp\/\",\"https:\/\/www.instagram.com\/dutchmicrodosing\/\"]}]}<\/script>\n<meta property=\"product:price:amount\" content=\"9.95\" \/>\n<meta property=\"product:price:currency\" content=\"EUR\" \/>\n<meta property=\"og:availability\" content=\"instock\" \/>\n<meta property=\"product:availability\" content=\"instock\" \/>\n<meta property=\"product:retailer_item_id\" content=\"3201468\" \/>\n<meta property=\"product:condition\" content=\"new\" \/>\n<!-- \/ Yoast SEO Premium plugin. -->","yoast_head_json":{"title":"Gommes \u00e9nerg\u00e9tiques au CBD - Dutchmicrodosing","description":"Les CBD Energy Gummies au go\u00fbt de framboise ne donnent pas seulement de l'\u00e9nergie, la combinaison du CBD, de la caf\u00e9ine et de la vitamine B fournit un effet puissant....","robots":{"index":"index","follow":"follow","max-snippet":"max-snippet:-1","max-image-preview":"max-image-preview:large","max-video-preview":"max-video-preview:-1"},"canonical":"https:\/\/dutchmicrodosing.com\/fr\/boutique-de-sante\/vitamines-et-supplements\/cbd-energy-gummies\/","og_locale":"fr_FR","og_type":"article","og_title":"Gommes \u00e9nerg\u00e9tiques au CBD","og_description":"Les CBD Energy Gummies au go\u00fbt de framboise ne donnent pas seulement de l'\u00e9nergie, la combinaison du CBD, de la caf\u00e9ine et de la vitamine B a un effet","og_url":"https:\/\/dutchmicrodosing.com\/fr\/boutique-de-sante\/vitamines-et-supplements\/cbd-energy-gummies\/","og_site_name":"Dutchmicrodosing","article_publisher":"https:\/\/www.facebook.com\/Dutchmicrodosingxp\/","article_modified_time":"2025-08-19T09:11:28+00:00","og_image":[{"width":768,"height":768,"url":"https:\/\/dutchmicrodosing.com\/wp-content\/uploads\/2023\/02\/CBD_energie_gummie_1000x1000-768x768-2.jpg","type":"image\/jpeg"}],"twitter_card":"summary_large_image","schema":{"@context":"https:\/\/schema.org","@graph":[{"@type":"WebPage","@id":"https:\/\/dutchmicrodosing.com\/fr\/boutique-de-sante\/vitamines-et-supplements\/cbd-energy-gummies\/","url":"https:\/\/dutchmicrodosing.com\/fr\/boutique-de-sante\/vitamines-et-supplements\/cbd-energy-gummies\/","name":"Gommes \u00e9nerg\u00e9tiques au CBD - Dutchmicrodosing","isPartOf":{"@id":"https:\/\/dutchmicrodosing.com\/fr\/#website"},"primaryImageOfPage":{"@id":"https:\/\/dutchmicrodosing.com\/fr\/boutique-de-sante\/vitamines-et-supplements\/cbd-energy-gummies\/#primaryimage"},"image":{"@id":"https:\/\/dutchmicrodosing.com\/fr\/boutique-de-sante\/vitamines-et-supplements\/cbd-energy-gummies\/#primaryimage"},"thumbnailUrl":"https:\/\/dutchmicrodosing.com\/wp-content\/uploads\/2023\/02\/CBD_energie_gummie_1000x1000-768x768-2.jpg","datePublished":"2023-02-03T19:03:43+00:00","dateModified":"2025-08-19T09:11:28+00:00","description":"Les CBD Energy Gummies au go\u00fbt de framboise ne donnent pas seulement de l'\u00e9nergie, la combinaison du CBD, de la caf\u00e9ine et de la vitamine B fournit un effet puissant....","breadcrumb":{"@id":"https:\/\/dutchmicrodosing.com\/fr\/boutique-de-sante\/vitamines-et-supplements\/cbd-energy-gummies\/#breadcrumb"},"inLanguage":"fr-FR","potentialAction":[{"@type":"ReadAction","target":["https:\/\/dutchmicrodosing.com\/fr\/boutique-de-sante\/vitamines-et-supplements\/cbd-energy-gummies\/"]}]},{"@type":"ImageObject","inLanguage":"fr-FR","@id":"https:\/\/dutchmicrodosing.com\/fr\/boutique-de-sante\/vitamines-et-supplements\/cbd-energy-gummies\/#primaryimage","url":"https:\/\/dutchmicrodosing.com\/wp-content\/uploads\/2023\/02\/CBD_energie_gummie_1000x1000-768x768-2.jpg","contentUrl":"https:\/\/dutchmicrodosing.com\/wp-content\/uploads\/2023\/02\/CBD_energie_gummie_1000x1000-768x768-2.jpg","width":768,"height":768},{"@type":"BreadcrumbList","@id":"https:\/\/dutchmicrodosing.com\/fr\/boutique-de-sante\/vitamines-et-supplements\/cbd-energy-gummies\/#breadcrumb","itemListElement":[{"@type":"ListItem","position":1,"name":"Home","item":"https:\/\/dutchmicrodosing.com\/fr\/"},{"@type":"ListItem","position":2,"name":"Boutique","item":"https:\/\/dutchmicrodosing.com\/fr\/boutique\/"},{"@type":"ListItem","position":3,"name":"Gommes \u00e9nerg\u00e9tiques au CBD"}]},{"@type":"WebSite","@id":"https:\/\/dutchmicrodosing.com\/fr\/#website","url":"https:\/\/dutchmicrodosing.com\/fr\/","name":"Dutchmicrodosing","description":"","publisher":{"@id":"https:\/\/dutchmicrodosing.com\/fr\/#organization"},"potentialAction":[{"@type":"SearchAction","target":{"@type":"EntryPoint","urlTemplate":"https:\/\/dutchmicrodosing.com\/fr\/?s={search_term_string}"},"query-input":{"@type":"PropertyValueSpecification","valueRequired":true,"valueName":"search_term_string"}}],"inLanguage":"fr-FR"},{"@type":"Organization","@id":"https:\/\/dutchmicrodosing.com\/fr\/#organization","name":"Dutchmicrodosing","url":"https:\/\/dutchmicrodosing.com\/fr\/","logo":{"@type":"ImageObject","inLanguage":"fr-FR","@id":"https:\/\/dutchmicrodosing.com\/fr\/#\/schema\/logo\/image\/","url":"https:\/\/dutchmicrodosing.com\/wp-content\/uploads\/2021\/01\/microdosing-categorie-pic-nieuw.jpg","contentUrl":"https:\/\/dutchmicrodosing.com\/wp-content\/uploads\/2021\/01\/microdosing-categorie-pic-nieuw.jpg","width":500,"height":500,"caption":"Dutchmicrodosing"},"image":{"@id":"https:\/\/dutchmicrodosing.com\/fr\/#\/schema\/logo\/image\/"},"sameAs":["https:\/\/www.facebook.com\/Dutchmicrodosingxp\/","https:\/\/www.instagram.com\/dutchmicrodosing\/"]}]},"product_price_amount":"9.95","product_price_currency":"EUR","og_availability":"instock","product_availability":"instock","product_retailer_item_id":"3201468","product_condition":"new"},"_links":{"self":[{"href":"https:\/\/dutchmicrodosing.com\/fr\/wp-json\/wp\/v2\/product\/21357","targetHints":{"allow":["GET"]}}],"collection":[{"href":"https:\/\/dutchmicrodosing.com\/fr\/wp-json\/wp\/v2\/product"}],"about":[{"href":"https:\/\/dutchmicrodosing.com\/fr\/wp-json\/wp\/v2\/types\/product"}],"replies":[{"embeddable":true,"href":"https:\/\/dutchmicrodosing.com\/fr\/wp-json\/wp\/v2\/comments?post=21357"}],"version-history":[{"count":0,"href":"https:\/\/dutchmicrodosing.com\/fr\/wp-json\/wp\/v2\/product\/21357\/revisions"}],"wp:featuredmedia":[{"embeddable":true,"href":"https:\/\/dutchmicrodosing.com\/fr\/wp-json\/wp\/v2\/media\/22412"}],"wp:attachment":[{"href":"https:\/\/dutchmicrodosing.com\/fr\/wp-json\/wp\/v2\/media?parent=21357"}],"wp:term":[{"taxonomy":"product_brand","embeddable":true,"href":"https:\/\/dutchmicrodosing.com\/fr\/wp-json\/wp\/v2\/product_brand?post=21357"},{"taxonomy":"product_cat","embeddable":true,"href":"https:\/\/dutchmicrodosing.com\/fr\/wp-json\/wp\/v2\/product_cat?post=21357"},{"taxonomy":"product_tag","embeddable":true,"href":"https:\/\/dutchmicrodosing.com\/fr\/wp-json\/wp\/v2\/product_tag?post=21357"}],"curies":[{"name":"wp","href":"https:\/\/api.w.org\/{rel}","templated":true}]}}