{"id":22069,"date":"2023-03-26T21:56:21","date_gmt":"2023-03-26T20:38:45","guid":{"rendered":"https:\/\/dutchmicrodosing.com\/shop\/non class\u00e9\/truffes-en-vrac-bio-250-grammes\/"},"modified":"2023-03-26T22:38:45","modified_gmt":"2023-03-26T20:38:45","slug":"truffes-en-vrac-bio-250-grammes","status":"publish","type":"product","link":"https:\/\/dutchmicrodosing.com\/fr\/truffes-a-la-psilocybine\/truffes-magiques-bio-xp\/truffes-en-vrac-bio-250-grammes\/","title":{"rendered":"Truffes en vrac bio &#8211; 250 Grammes"},"content":{"rendered":"<h2><strong>Psilocybe Truffes en vrac bio<\/strong><\/h2>\n<p>Vous cherchez une plus grande quantit\u00e9 de truffes pour partir en voyage spirituel avec vos amis ? Si c&rsquo;est le cas, vous pourriez envisager d&rsquo;acheter ce paquet de truffes biologiques en vrac. Les produits en vrac ont un poids de 250 grammes et sont emball\u00e9s sous vide. Il s&rsquo;agit soit de 10 voyages extr\u00eames, soit de 16 voyages l\u00e9gers. Les truffes sont emball\u00e9es sous vide et se conservent au moins 10 \u00e0 12 semaines apr\u00e8s r\u00e9ception.<\/p>\n<h2><strong>Quels sont les Trip-Truffes biologiques que nous proposons en vrac ?<\/strong><\/h2>\n<p>Nous proposons pas moins de 7 vari\u00e9t\u00e9s de truffes diff\u00e9rentes, \u00e0 savoir :<\/p>\n<h3><strong>Truffe biologique Atlantis<\/strong><\/h3>\n<p>Le monde aura alors un aspect et une sensation diff\u00e9rents gr\u00e2ce \u00e0 la truffe de l&rsquo;Atlantide. Des visuels color\u00e9s, euphoriques et philosophiques. Vous constaterez \u00e9galement que vous avez plus d&rsquo;\u00e9nergie et que vous pouvez traiter les informations plus rapidement. Envie d&rsquo;un voyage philosophique ? Ensuite, prenez d&rsquo;autres truffes dans votre corps. Il se peut que vous commenciez \u00e0 avoir des intuitions que vous n&rsquo;aviez jamais eues auparavant.<\/p>\n<h3><strong>Truffe mexicaine biologique<\/strong><\/h3>\n<p>Les truffes de Mexicana conviennent parfaitement aux novices. En effet, elles sont un peu plus douces que la plupart des autres truffes biologiques. Il stimule l&rsquo;humeur. Si vous \u00eates bien dans votre peau, vous pouvez compter sur un voyage heureux. Vous avez plus d&rsquo;\u00e9nergie, vos sens fonctionnent de plus en plus fort. Les couleurs deviendront vives, les sons seront non seulement entendus mais ressentis dans votre corps et, surtout, vous deviendrez tr\u00e8s enthousiaste.<\/p>\n<h3><strong>Truffe biologique Pajaritos<\/strong><\/h3>\n<p>Les truffes Pajaritos sont un peu plus faibles visuellement, mais mon dieu que cette truffe est dr\u00f4le. Il vous rend incroyablement heureux. La force moyenne garantit que vous remarquerez un changement dans votre esprit et vos pens\u00e9es. Vous ne pouvez pas vous arr\u00eater de rire et cela vous rend incroyablement \u00e9nergique. Vous ressentirez des frissons dans tout votre corps, ce qui vous procurera une sensation intense.<\/p>\n<h3><strong>Truffe biologique Tampanensis<\/strong><\/h3>\n<p>L&rsquo;une des esp\u00e8ces de truffes les plus c\u00e9l\u00e8bres est la truffe de Tampanensis. Ces truffes ont \u00e9t\u00e9 d\u00e9couvertes d\u00e8s 1977 par Steven Pollock. Cela s&rsquo;est pass\u00e9 en Am\u00e9rique, pr\u00e8s de Tampa, dans l&rsquo;\u00c9tat de Floride. Il s&rsquo;agit d&rsquo;une esp\u00e8ce rare de champignon. \u00c0 partir de cette seule et premi\u00e8re truffe Tampanensis d\u00e9couverte, toutes les autres truffes Tampanensis sont d\u00e9sormais issues de spores.<\/p>\n<h3><strong>Truffe biologique Utopia<\/strong><\/h3>\n<p>Vous voulez plus qu&rsquo;une simple excursion \u00e0 la recherche de truffes ? Choisissez ensuite les truffes Utopia. C&rsquo;est l&rsquo;une des truffes les plus fortes de la plan\u00e8te. Un voyage fantastique est donc garanti. Ils ne sont pas seulement forts en hallucinations, mais am\u00e9liorent \u00e9galement votre cr\u00e9ativit\u00e9 et votre champ philosophique. Ils sont si intenses qu&rsquo;ils obtiennent le score maximum dans tous les domaines. Les hallucinations sont incroyablement fortes.<\/p>\n<h3><strong>Truffe bio Galindoi<\/strong><\/h3>\n<p>La truffe de Galindoi biologique fait partie des esp\u00e8ces de truffes les plus robustes. Cette truffe tropicale a une teneur tr\u00e8s \u00e9lev\u00e9e en psilocybine. La psilocybine est la substance psychoactive active des truffes. Ce produit exotique biologique. Ce Galindoi biologique solide comme un roc est une truffe profonde caract\u00e9ristique et a des effets visuels extr\u00eames, mais il est l\u00e9g\u00e8rement plus bas dans sa . Sur le plan philosophique, euphorique et cr\u00e9atif, cette truffe obtient un grand 10.<\/p>\n<h3><strong>M\u00e9lange organique<\/strong><\/h3>\n<p>C&rsquo;est \u00e0 juste titre que l&rsquo;on peut qualifier l&rsquo;Organic Mix de super m\u00e9lange. Que peut-on attendre d&rsquo;un m\u00e9lange de deux des truffes les plus puissantes de la plan\u00e8te ? Ne choisissez le m\u00e9lange organique que si vous avez d\u00e9j\u00e0 beaucoup d&rsquo;exp\u00e9rience avec les truffes, car elles sont parmi les plus puissantes que nous vendons.<\/p>\n<h3><strong>Avertissement sur le produit<\/strong><\/h3>\n<p>Ne consommez pas de champignons magiques ou de truffes si vous \u00eates de mauvaise humeur, d\u00e9prim\u00e9, psychotique ou mentalement d\u00e9s\u00e9quilibr\u00e9. Les truffes magiques ne conviennent pas aux mineurs ni aux femmes enceintes. Il n&rsquo;est pas non plus judicieux de conduire ou d&rsquo;utiliser des machines lourdes sous l&rsquo;influence de la psilocybine. Un champignon magique ou une truffe ne doit jamais \u00eatre utilis\u00e9 en combinaison avec de l&rsquo;alcool ou d&rsquo;autres drogues (prescrites ou ill\u00e9gales). Commencez par une petite dose et assurez-vous que vous \u00eates \u00e0 l&rsquo;aise en compagnie et dans votre environnement. Toutes nos truffes Magic Mushroom sont fra\u00eechement emball\u00e9es. Vous devez les conserver au r\u00e9frig\u00e9rateur. Non ouverts, vous pouvez les conserver au r\u00e9frig\u00e9rateur pendant environ 2 mois. Une fois ouvertes, les truffes ne peuvent toutefois \u00eatre conserv\u00e9es que quelques jours.<\/p>\n","protected":false},"excerpt":{"rendered":"<p>Psilocybe Truffes en vrac bio Vous cherchez une plus grande quantit\u00e9 de truffes pour partir en voyage spirituel avec vos amis ? Si c&rsquo;est le cas, vous pourriez envisager d&rsquo;acheter ce paquet de truffes biologiques en vrac. Les produits en vrac ont un poids de 250 grammes et sont emball\u00e9s sous vide. Il s&rsquo;agit soit [&hellip;]<\/p>\n","protected":false},"featured_media":20190,"comment_status":"closed","ping_status":"closed","template":"","meta":[],"product_brand":[],"product_cat":[125],"product_tag":[],"class_list":{"0":"post-22069","1":"product","2":"type-product","3":"status-publish","4":"has-post-thumbnail","6":"product_cat-truffes-magiques-bio-xp","8":"first","9":"instock","10":"taxable","11":"shipping-taxable","12":"purchasable","13":"product-type-variable"},"yoast_head":"<!-- This site is optimized with the Yoast SEO Premium plugin v26.4 (Yoast SEO v27.2) - https:\/\/yoast.com\/product\/yoast-seo-premium-wordpress\/ -->\n<title>Truffes en vrac bio - 250 Grammes - Dutchmicrodosing<\/title>\n<meta name=\"robots\" content=\"index, follow, max-snippet:-1, max-image-preview:large, max-video-preview:-1\" \/>\n<link rel=\"canonical\" href=\"https:\/\/dutchmicrodosing.com\/fr\/truffes-a-la-psilocybine\/truffes-magiques-bio-xp\/truffes-en-vrac-bio-250-grammes\/\" \/>\n<meta property=\"og:locale\" content=\"fr_FR\" \/>\n<meta property=\"og:type\" content=\"article\" \/>\n<meta property=\"og:title\" content=\"Truffes en vrac bio - 250 Grammes\" \/>\n<meta property=\"og:description\" content=\"Psilocybe Truffes en vrac bio Vous cherchez une plus grande quantit\u00e9 de truffes pour partir en voyage spirituel avec vos amis ? Si c&#039;est le cas, vous\" \/>\n<meta property=\"og:url\" content=\"https:\/\/dutchmicrodosing.com\/fr\/truffes-a-la-psilocybine\/truffes-magiques-bio-xp\/truffes-en-vrac-bio-250-grammes\/\" \/>\n<meta property=\"og:site_name\" content=\"Dutchmicrodosing\" \/>\n<meta property=\"article:publisher\" content=\"https:\/\/www.facebook.com\/Dutchmicrodosingxp\/\" \/>\n<meta property=\"og:image\" content=\"https:\/\/dutchmicrodosing.com\/wp-content\/uploads\/2023\/02\/Organic_bulk_250gr.png\" \/>\n\t<meta property=\"og:image:width\" content=\"1000\" \/>\n\t<meta property=\"og:image:height\" content=\"1000\" \/>\n\t<meta property=\"og:image:type\" content=\"image\/png\" \/>\n<meta name=\"twitter:card\" content=\"summary_large_image\" \/>\n<script type=\"application\/ld+json\" class=\"yoast-schema-graph\">{\"@context\":\"https:\/\/schema.org\",\"@graph\":[{\"@type\":\"WebPage\",\"@id\":\"https:\/\/dutchmicrodosing.com\/fr\/truffes-a-la-psilocybine\/truffes-magiques-bio-xp\/truffes-en-vrac-bio-250-grammes\/\",\"url\":\"https:\/\/dutchmicrodosing.com\/fr\/truffes-a-la-psilocybine\/truffes-magiques-bio-xp\/truffes-en-vrac-bio-250-grammes\/\",\"name\":\"Truffes en vrac bio - 250 Grammes - Dutchmicrodosing\",\"isPartOf\":{\"@id\":\"https:\/\/dutchmicrodosing.com\/fr\/#website\"},\"primaryImageOfPage\":{\"@id\":\"https:\/\/dutchmicrodosing.com\/fr\/truffes-a-la-psilocybine\/truffes-magiques-bio-xp\/truffes-en-vrac-bio-250-grammes\/#primaryimage\"},\"image\":{\"@id\":\"https:\/\/dutchmicrodosing.com\/fr\/truffes-a-la-psilocybine\/truffes-magiques-bio-xp\/truffes-en-vrac-bio-250-grammes\/#primaryimage\"},\"thumbnailUrl\":\"https:\/\/dutchmicrodosing.com\/wp-content\/uploads\/2023\/02\/Organic_bulk_250gr.png\",\"datePublished\":\"2023-03-26T20:38:45+00:00\",\"breadcrumb\":{\"@id\":\"https:\/\/dutchmicrodosing.com\/fr\/truffes-a-la-psilocybine\/truffes-magiques-bio-xp\/truffes-en-vrac-bio-250-grammes\/#breadcrumb\"},\"inLanguage\":\"fr-FR\",\"potentialAction\":[{\"@type\":\"ReadAction\",\"target\":[\"https:\/\/dutchmicrodosing.com\/fr\/truffes-a-la-psilocybine\/truffes-magiques-bio-xp\/truffes-en-vrac-bio-250-grammes\/\"]}]},{\"@type\":\"ImageObject\",\"inLanguage\":\"fr-FR\",\"@id\":\"https:\/\/dutchmicrodosing.com\/fr\/truffes-a-la-psilocybine\/truffes-magiques-bio-xp\/truffes-en-vrac-bio-250-grammes\/#primaryimage\",\"url\":\"https:\/\/dutchmicrodosing.com\/wp-content\/uploads\/2023\/02\/Organic_bulk_250gr.png\",\"contentUrl\":\"https:\/\/dutchmicrodosing.com\/wp-content\/uploads\/2023\/02\/Organic_bulk_250gr.png\",\"width\":1000,\"height\":1000},{\"@type\":\"BreadcrumbList\",\"@id\":\"https:\/\/dutchmicrodosing.com\/fr\/truffes-a-la-psilocybine\/truffes-magiques-bio-xp\/truffes-en-vrac-bio-250-grammes\/#breadcrumb\",\"itemListElement\":[{\"@type\":\"ListItem\",\"position\":1,\"name\":\"Home\",\"item\":\"https:\/\/dutchmicrodosing.com\/fr\/\"},{\"@type\":\"ListItem\",\"position\":2,\"name\":\"Boutique\",\"item\":\"https:\/\/dutchmicrodosing.com\/fr\/boutique\/\"},{\"@type\":\"ListItem\",\"position\":3,\"name\":\"Truffes en vrac bio &#8211; 250 Grammes\"}]},{\"@type\":\"WebSite\",\"@id\":\"https:\/\/dutchmicrodosing.com\/fr\/#website\",\"url\":\"https:\/\/dutchmicrodosing.com\/fr\/\",\"name\":\"Dutchmicrodosing\",\"description\":\"\",\"publisher\":{\"@id\":\"https:\/\/dutchmicrodosing.com\/fr\/#organization\"},\"potentialAction\":[{\"@type\":\"SearchAction\",\"target\":{\"@type\":\"EntryPoint\",\"urlTemplate\":\"https:\/\/dutchmicrodosing.com\/fr\/?s={search_term_string}\"},\"query-input\":{\"@type\":\"PropertyValueSpecification\",\"valueRequired\":true,\"valueName\":\"search_term_string\"}}],\"inLanguage\":\"fr-FR\"},{\"@type\":\"Organization\",\"@id\":\"https:\/\/dutchmicrodosing.com\/fr\/#organization\",\"name\":\"Dutchmicrodosing\",\"url\":\"https:\/\/dutchmicrodosing.com\/fr\/\",\"logo\":{\"@type\":\"ImageObject\",\"inLanguage\":\"fr-FR\",\"@id\":\"https:\/\/dutchmicrodosing.com\/fr\/#\/schema\/logo\/image\/\",\"url\":\"https:\/\/dutchmicrodosing.com\/wp-content\/uploads\/2021\/01\/microdosing-categorie-pic-nieuw.jpg\",\"contentUrl\":\"https:\/\/dutchmicrodosing.com\/wp-content\/uploads\/2021\/01\/microdosing-categorie-pic-nieuw.jpg\",\"width\":500,\"height\":500,\"caption\":\"Dutchmicrodosing\"},\"image\":{\"@id\":\"https:\/\/dutchmicrodosing.com\/fr\/#\/schema\/logo\/image\/\"},\"sameAs\":[\"https:\/\/www.facebook.com\/Dutchmicrodosingxp\/\",\"https:\/\/www.instagram.com\/dutchmicrodosing\/\"]}]}<\/script>\n<meta property=\"og:availability\" content=\"instock\" \/>\n<meta property=\"product:availability\" content=\"instock\" \/>\n<meta property=\"product:condition\" content=\"new\" \/>\n<!-- \/ Yoast SEO Premium plugin. -->","yoast_head_json":{"title":"Truffes en vrac bio - 250 Grammes - Dutchmicrodosing","robots":{"index":"index","follow":"follow","max-snippet":"max-snippet:-1","max-image-preview":"max-image-preview:large","max-video-preview":"max-video-preview:-1"},"canonical":"https:\/\/dutchmicrodosing.com\/fr\/truffes-a-la-psilocybine\/truffes-magiques-bio-xp\/truffes-en-vrac-bio-250-grammes\/","og_locale":"fr_FR","og_type":"article","og_title":"Truffes en vrac bio - 250 Grammes","og_description":"Psilocybe Truffes en vrac bio Vous cherchez une plus grande quantit\u00e9 de truffes pour partir en voyage spirituel avec vos amis ? Si c'est le cas, vous","og_url":"https:\/\/dutchmicrodosing.com\/fr\/truffes-a-la-psilocybine\/truffes-magiques-bio-xp\/truffes-en-vrac-bio-250-grammes\/","og_site_name":"Dutchmicrodosing","article_publisher":"https:\/\/www.facebook.com\/Dutchmicrodosingxp\/","og_image":[{"width":1000,"height":1000,"url":"https:\/\/dutchmicrodosing.com\/wp-content\/uploads\/2023\/02\/Organic_bulk_250gr.png","type":"image\/png"}],"twitter_card":"summary_large_image","schema":{"@context":"https:\/\/schema.org","@graph":[{"@type":"WebPage","@id":"https:\/\/dutchmicrodosing.com\/fr\/truffes-a-la-psilocybine\/truffes-magiques-bio-xp\/truffes-en-vrac-bio-250-grammes\/","url":"https:\/\/dutchmicrodosing.com\/fr\/truffes-a-la-psilocybine\/truffes-magiques-bio-xp\/truffes-en-vrac-bio-250-grammes\/","name":"Truffes en vrac bio - 250 Grammes - Dutchmicrodosing","isPartOf":{"@id":"https:\/\/dutchmicrodosing.com\/fr\/#website"},"primaryImageOfPage":{"@id":"https:\/\/dutchmicrodosing.com\/fr\/truffes-a-la-psilocybine\/truffes-magiques-bio-xp\/truffes-en-vrac-bio-250-grammes\/#primaryimage"},"image":{"@id":"https:\/\/dutchmicrodosing.com\/fr\/truffes-a-la-psilocybine\/truffes-magiques-bio-xp\/truffes-en-vrac-bio-250-grammes\/#primaryimage"},"thumbnailUrl":"https:\/\/dutchmicrodosing.com\/wp-content\/uploads\/2023\/02\/Organic_bulk_250gr.png","datePublished":"2023-03-26T20:38:45+00:00","breadcrumb":{"@id":"https:\/\/dutchmicrodosing.com\/fr\/truffes-a-la-psilocybine\/truffes-magiques-bio-xp\/truffes-en-vrac-bio-250-grammes\/#breadcrumb"},"inLanguage":"fr-FR","potentialAction":[{"@type":"ReadAction","target":["https:\/\/dutchmicrodosing.com\/fr\/truffes-a-la-psilocybine\/truffes-magiques-bio-xp\/truffes-en-vrac-bio-250-grammes\/"]}]},{"@type":"ImageObject","inLanguage":"fr-FR","@id":"https:\/\/dutchmicrodosing.com\/fr\/truffes-a-la-psilocybine\/truffes-magiques-bio-xp\/truffes-en-vrac-bio-250-grammes\/#primaryimage","url":"https:\/\/dutchmicrodosing.com\/wp-content\/uploads\/2023\/02\/Organic_bulk_250gr.png","contentUrl":"https:\/\/dutchmicrodosing.com\/wp-content\/uploads\/2023\/02\/Organic_bulk_250gr.png","width":1000,"height":1000},{"@type":"BreadcrumbList","@id":"https:\/\/dutchmicrodosing.com\/fr\/truffes-a-la-psilocybine\/truffes-magiques-bio-xp\/truffes-en-vrac-bio-250-grammes\/#breadcrumb","itemListElement":[{"@type":"ListItem","position":1,"name":"Home","item":"https:\/\/dutchmicrodosing.com\/fr\/"},{"@type":"ListItem","position":2,"name":"Boutique","item":"https:\/\/dutchmicrodosing.com\/fr\/boutique\/"},{"@type":"ListItem","position":3,"name":"Truffes en vrac bio &#8211; 250 Grammes"}]},{"@type":"WebSite","@id":"https:\/\/dutchmicrodosing.com\/fr\/#website","url":"https:\/\/dutchmicrodosing.com\/fr\/","name":"Dutchmicrodosing","description":"","publisher":{"@id":"https:\/\/dutchmicrodosing.com\/fr\/#organization"},"potentialAction":[{"@type":"SearchAction","target":{"@type":"EntryPoint","urlTemplate":"https:\/\/dutchmicrodosing.com\/fr\/?s={search_term_string}"},"query-input":{"@type":"PropertyValueSpecification","valueRequired":true,"valueName":"search_term_string"}}],"inLanguage":"fr-FR"},{"@type":"Organization","@id":"https:\/\/dutchmicrodosing.com\/fr\/#organization","name":"Dutchmicrodosing","url":"https:\/\/dutchmicrodosing.com\/fr\/","logo":{"@type":"ImageObject","inLanguage":"fr-FR","@id":"https:\/\/dutchmicrodosing.com\/fr\/#\/schema\/logo\/image\/","url":"https:\/\/dutchmicrodosing.com\/wp-content\/uploads\/2021\/01\/microdosing-categorie-pic-nieuw.jpg","contentUrl":"https:\/\/dutchmicrodosing.com\/wp-content\/uploads\/2021\/01\/microdosing-categorie-pic-nieuw.jpg","width":500,"height":500,"caption":"Dutchmicrodosing"},"image":{"@id":"https:\/\/dutchmicrodosing.com\/fr\/#\/schema\/logo\/image\/"},"sameAs":["https:\/\/www.facebook.com\/Dutchmicrodosingxp\/","https:\/\/www.instagram.com\/dutchmicrodosing\/"]}]},"og_availability":"instock","product_availability":"instock","product_condition":"new"},"_links":{"self":[{"href":"https:\/\/dutchmicrodosing.com\/fr\/wp-json\/wp\/v2\/product\/22069","targetHints":{"allow":["GET"]}}],"collection":[{"href":"https:\/\/dutchmicrodosing.com\/fr\/wp-json\/wp\/v2\/product"}],"about":[{"href":"https:\/\/dutchmicrodosing.com\/fr\/wp-json\/wp\/v2\/types\/product"}],"replies":[{"embeddable":true,"href":"https:\/\/dutchmicrodosing.com\/fr\/wp-json\/wp\/v2\/comments?post=22069"}],"version-history":[{"count":0,"href":"https:\/\/dutchmicrodosing.com\/fr\/wp-json\/wp\/v2\/product\/22069\/revisions"}],"wp:featuredmedia":[{"embeddable":true,"href":"https:\/\/dutchmicrodosing.com\/fr\/wp-json\/wp\/v2\/media\/20190"}],"wp:attachment":[{"href":"https:\/\/dutchmicrodosing.com\/fr\/wp-json\/wp\/v2\/media?parent=22069"}],"wp:term":[{"taxonomy":"product_brand","embeddable":true,"href":"https:\/\/dutchmicrodosing.com\/fr\/wp-json\/wp\/v2\/product_brand?post=22069"},{"taxonomy":"product_cat","embeddable":true,"href":"https:\/\/dutchmicrodosing.com\/fr\/wp-json\/wp\/v2\/product_cat?post=22069"},{"taxonomy":"product_tag","embeddable":true,"href":"https:\/\/dutchmicrodosing.com\/fr\/wp-json\/wp\/v2\/product_tag?post=22069"}],"curies":[{"name":"wp","href":"https:\/\/api.w.org\/{rel}","templated":true}]}}