{"id":25074,"date":"2023-06-01T12:50:06","date_gmt":"2023-06-01T10:50:06","guid":{"rendered":"https:\/\/dutchmicrodosing.com\/shop\/non%20class\u00e9\/wise-rootz-peak-performance\/"},"modified":"2026-02-03T16:42:32","modified_gmt":"2026-02-03T15:42:32","slug":"wise-rootz-peak-performance","status":"publish","type":"product","link":"https:\/\/dutchmicrodosing.com\/fr\/microdosage\/wise-rootz-peak-performance\/","title":{"rendered":"Wise Rootz &#8211; Performance de pointe (1 mois)"},"content":{"rendered":"<p>La <strong>gamme de<\/strong> truffes microdos\u00e9es <strong>Peak Performance<\/strong> est sp\u00e9cialement con\u00e7ue pour optimiser les performances physiques. En ajoutant du Cordyceps Militaris de haute qualit\u00e9 et de l&rsquo;huile MCT \u00e0 notre cacao, nous mettons l&rsquo;accent sur l&rsquo;am\u00e9lioration des performances de pointe.<br \/>\nLa combinaison de Cordyceps militaris, d&rsquo;huile MCT, de cacao pur et de truffes naturelles fournit un regain d&rsquo;\u00e9nergie, r\u00e9duit le temps de r\u00e9cup\u00e9ration et prot\u00e8ge le syst\u00e8me immunitaire pendant l&rsquo;exercice. Peak Performance stimule \u00e9galement le flux sanguin vers le c\u0153ur, ce qui am\u00e9liore la sant\u00e9 cardiovasculaire et augmente l&rsquo;apport d&rsquo;oxyg\u00e8ne aux cellules musculaires. Cela vous permet de d\u00e9velopper votre force et votre endurance plus rapidement et avec moins de fatigue, am\u00e9liorant ainsi vos performances quotidiennes. Par essence, Peak Performance est la cl\u00e9 de la r\u00e9ussite dans tous les types de performances physiques.<\/p>\n<h2>Y a-t-il des avantages \u00e0 utiliser Wise Rootz Peak Performance ?<\/h2>\n<ul>\n<li>Soutenir les niveaux d&rsquo;\u00e9nergie<\/li>\n<li>Stimulation de l&rsquo;\u00e9nergie<\/li>\n<li>Pour une r\u00e9cup\u00e9ration plus rapide apr\u00e8s un effort physique<\/li>\n<li>Soutient le syst\u00e8me immunitaire pendant l&rsquo;exercice<\/li>\n<li>Bon pour l&rsquo;irrigation sanguine du c\u0153ur<\/li>\n<li>Alimentation en oxyg\u00e8ne des cellules du tissu musculaire<\/li>\n<li>Stabilit\u00e9 de la glyc\u00e9mie<\/li>\n<li>R\u00e9cup\u00e9ration du tissu musculaire apr\u00e8s l&rsquo;exercice<\/li>\n<li>Prot\u00e8ge les cellules du corps pendant l&rsquo;exercice<\/li>\n<\/ul>\n<h3><strong>Fonctionnement cognitif qui peut contribuer \u00e0 des probl\u00e8mes tels que :<\/strong><\/h3>\n<ul>\n<li>Augmentation de la neuroplasticit\u00e9<\/li>\n<li>Cr\u00e9ativit\u00e9<\/li>\n<li>Productivit\u00e9<\/li>\n<\/ul>\n<h3><strong>Les m\u00e9canismes mentaux qui peuvent aider \u00e0.. :<\/strong><\/h3>\n<ul>\n<li>Sentiment d&rsquo;agitation ou de tension<\/li>\n<li>En cas de stress<\/li>\n<li>Sentiments d&rsquo;anxi\u00e9t\u00e9<\/li>\n<li>Pression mentale et effort<\/li>\n<\/ul>\n<h3><strong>Fonctionnement physique\/sant\u00e9 qui contribue \u00e0.. :<br \/>\n<\/strong><\/h3>\n<ul>\n<li>R\u00e9duction de la tension art\u00e9rielle<\/li>\n<li>Effet positif sur les fonctions cognitives<\/li>\n<li>Protection du syst\u00e8me cardiovasculaire<\/li>\n<li>Am\u00e9lioration des performances physiques<\/li>\n<\/ul>\n<h3>Wise Rootz app<\/h3>\n<div>Une solution id\u00e9ale pour contr\u00f4ler les processus sans co\u00fbts ni stress suppl\u00e9mentaires. L&rsquo;application unique d\u00e9velopp\u00e9e par Deliqs permet aux utilisateurs de d\u00e9finir des intentions et des protocoles et de suivre leurs progr\u00e8s. Cela se fait au moyen de tableaux d\u00e9taill\u00e9s, d&rsquo;un journal interactif et d&rsquo;exercices bas\u00e9s sur les \u00e9motions du moment !<\/div>\n<ul>\n<li>Processus de suivi<\/li>\n<li>Capacit\u00e9 \u00e0 fixer des intentions<\/li>\n<li>Capacit\u00e9 \u00e0 \u00e9tablir des protocoles<\/li>\n<li>Les progr\u00e8s peuvent \u00eatre suivis gr\u00e2ce \u00e0 des graphiques d\u00e9taill\u00e9s<\/li>\n<li>Journal interactif<\/li>\n<li>Exercices<\/li>\n<li>Rappels<\/li>\n<\/ul>\n<h3>Contenu<\/h3>\n<p><strong>1 mois complet d&rsquo;exp\u00e9rience &#8211; Peak Performance<\/strong><\/p>\n<ul>\n<li>12 x Microdosage<\/li>\n<li>12 x Cacao cru infus\u00e9 Cordyceps militaris &amp; huile MCT<\/li>\n<li>1 x Belle pierre pr\u00e9cieuse<\/li>\n<li>1 x Acc\u00e8s \u00e0 l&rsquo;application Wise Rootz compl\u00e8te via un code personnel par bo\u00eete<\/li>\n<\/ul>\n<h3>Retenir Wise Rootz &#8211; Peak Performance<\/h3>\n<p>Conservez votre Wise Rootz &#8211; Peak Performance au frais et au sec et vous pourrez souvent le conserver pendant au moins deux mois suppl\u00e9mentaires. La temp\u00e9rature id\u00e9ale se situe entre 2 et 4 degr\u00e9s Celsius. Veillez \u00e0 v\u00e9rifier la date de p\u00e9remption indiqu\u00e9e sur l&#8217;emballage pour savoir combien de temps ils se conservent.<\/p>\n<h3>Commentaires<\/h3>\n<p>Nous souhaitons vous informer de notre politique concernant les all\u00e9gations relatives aux propri\u00e9t\u00e9s m\u00e9dicinales des herbes et des champignons sur notre site web. La l\u00e9gislation europ\u00e9enne en vigueur interdit de telles affirmations. Bien que la m\u00e9decine traditionnelle chinoise existe depuis des milliers d&rsquo;ann\u00e9es et qu&rsquo;elle ait \u00e9t\u00e9 test\u00e9e sur d&rsquo;innombrables patients, nous ne pouvons pas mentionner les effets qui ont \u00e9t\u00e9 confirm\u00e9s par la recherche scientifique. Toutefois, nous comptons sur le bon sens de nos clients et des informations d\u00e9taill\u00e9es sur les champignons peuvent \u00eatre trouv\u00e9es dans des sources publiques sur l&rsquo;internet.<\/p>\n","protected":false},"excerpt":{"rendered":"<p>La gamme de truffes microdos\u00e9es Peak Performance est sp\u00e9cialement con\u00e7ue pour optimiser les performances physiques. En ajoutant du Cordyceps Militaris de haute qualit\u00e9 et de l&rsquo;huile MCT \u00e0 notre cacao, nous mettons l&rsquo;accent sur l&rsquo;am\u00e9lioration des performances de pointe. La combinaison de Cordyceps militaris, d&rsquo;huile MCT, de cacao pur et de truffes naturelles fournit un [&hellip;]<\/p>\n","protected":false},"featured_media":24550,"comment_status":"closed","ping_status":"closed","template":"","meta":[],"product_brand":[],"product_cat":[100,129,316],"product_tag":[],"class_list":{"0":"post-25074","1":"product","2":"type-product","3":"status-publish","4":"has-post-thumbnail","6":"product_cat-microdosage","7":"product_cat-champignons-medicinaux","8":"product_cat-supplements-pour-la-creativite","10":"first","11":"outofstock","12":"sale","13":"taxable","14":"shipping-taxable","15":"purchasable","16":"product-type-simple"},"yoast_head":"<!-- This site is optimized with the Yoast SEO Premium plugin v26.4 (Yoast SEO v27.4) - https:\/\/yoast.com\/product\/yoast-seo-premium-wordpress\/ -->\n<title>Wise Rootz - Performance de pointe (1 mois) - Dutchmicrodosing<\/title>\n<meta name=\"description\" content=\"La gamme de truffes microdos\u00e9es Peak Performance est sp\u00e9cialement con\u00e7ue pour optimiser les performances physiques. L&#039;ajout de Cordyceps de haute qualit\u00e9.\" \/>\n<meta name=\"robots\" content=\"index, follow, max-snippet:-1, max-image-preview:large, max-video-preview:-1\" \/>\n<link rel=\"canonical\" href=\"https:\/\/dutchmicrodosing.com\/fr\/microdosage\/wise-rootz-peak-performance\/\" \/>\n<meta property=\"og:locale\" content=\"fr_FR\" \/>\n<meta property=\"og:type\" content=\"article\" \/>\n<meta property=\"og:title\" content=\"Wise Rootz - Performance de pointe (1 mois)\" \/>\n<meta property=\"og:description\" content=\"La gamme de truffes microdos\u00e9es Peak Performance est sp\u00e9cialement con\u00e7ue pour optimiser les performances physiques. En ajoutant du Cordyceps Militaris de\" \/>\n<meta property=\"og:url\" content=\"https:\/\/dutchmicrodosing.com\/fr\/microdosage\/wise-rootz-peak-performance\/\" \/>\n<meta property=\"og:site_name\" content=\"Dutchmicrodosing\" \/>\n<meta property=\"article:publisher\" content=\"https:\/\/www.facebook.com\/Dutchmicrodosingxp\/\" \/>\n<meta property=\"article:modified_time\" content=\"2026-02-03T15:42:32+00:00\" \/>\n<meta property=\"og:image\" content=\"https:\/\/dutchmicrodosing.com\/wp-content\/uploads\/2023\/06\/wiserootz_box_peakperformance.jpg\" \/>\n\t<meta property=\"og:image:width\" content=\"1174\" \/>\n\t<meta property=\"og:image:height\" content=\"882\" \/>\n\t<meta property=\"og:image:type\" content=\"image\/jpeg\" \/>\n<meta name=\"twitter:card\" content=\"summary_large_image\" \/>\n<script type=\"application\/ld+json\" class=\"yoast-schema-graph\">{\"@context\":\"https:\\\/\\\/schema.org\",\"@graph\":[{\"@type\":\"WebPage\",\"@id\":\"https:\\\/\\\/dutchmicrodosing.com\\\/fr\\\/microdosage\\\/wise-rootz-peak-performance\\\/\",\"url\":\"https:\\\/\\\/dutchmicrodosing.com\\\/fr\\\/microdosage\\\/wise-rootz-peak-performance\\\/\",\"name\":\"Wise Rootz - Performance de pointe (1 mois) - Dutchmicrodosing\",\"isPartOf\":{\"@id\":\"https:\\\/\\\/dutchmicrodosing.com\\\/fr\\\/#website\"},\"primaryImageOfPage\":{\"@id\":\"https:\\\/\\\/dutchmicrodosing.com\\\/fr\\\/microdosage\\\/wise-rootz-peak-performance\\\/#primaryimage\"},\"image\":{\"@id\":\"https:\\\/\\\/dutchmicrodosing.com\\\/fr\\\/microdosage\\\/wise-rootz-peak-performance\\\/#primaryimage\"},\"thumbnailUrl\":\"https:\\\/\\\/dutchmicrodosing.com\\\/wp-content\\\/uploads\\\/2023\\\/06\\\/wiserootz_box_peakperformance.jpg\",\"datePublished\":\"2023-06-01T10:50:06+00:00\",\"dateModified\":\"2026-02-03T15:42:32+00:00\",\"description\":\"La gamme de truffes microdos\u00e9es Peak Performance est sp\u00e9cialement con\u00e7ue pour optimiser les performances physiques. L'ajout de Cordyceps de haute qualit\u00e9.\",\"breadcrumb\":{\"@id\":\"https:\\\/\\\/dutchmicrodosing.com\\\/fr\\\/microdosage\\\/wise-rootz-peak-performance\\\/#breadcrumb\"},\"inLanguage\":\"fr-FR\",\"potentialAction\":[{\"@type\":\"ReadAction\",\"target\":[\"https:\\\/\\\/dutchmicrodosing.com\\\/fr\\\/microdosage\\\/wise-rootz-peak-performance\\\/\"]}]},{\"@type\":\"ImageObject\",\"inLanguage\":\"fr-FR\",\"@id\":\"https:\\\/\\\/dutchmicrodosing.com\\\/fr\\\/microdosage\\\/wise-rootz-peak-performance\\\/#primaryimage\",\"url\":\"https:\\\/\\\/dutchmicrodosing.com\\\/wp-content\\\/uploads\\\/2023\\\/06\\\/wiserootz_box_peakperformance.jpg\",\"contentUrl\":\"https:\\\/\\\/dutchmicrodosing.com\\\/wp-content\\\/uploads\\\/2023\\\/06\\\/wiserootz_box_peakperformance.jpg\",\"width\":1174,\"height\":882},{\"@type\":\"BreadcrumbList\",\"@id\":\"https:\\\/\\\/dutchmicrodosing.com\\\/fr\\\/microdosage\\\/wise-rootz-peak-performance\\\/#breadcrumb\",\"itemListElement\":[{\"@type\":\"ListItem\",\"position\":1,\"name\":\"Home\",\"item\":\"https:\\\/\\\/dutchmicrodosing.com\\\/fr\\\/\"},{\"@type\":\"ListItem\",\"position\":2,\"name\":\"Boutique\",\"item\":\"https:\\\/\\\/dutchmicrodosing.com\\\/fr\\\/boutique\\\/\"},{\"@type\":\"ListItem\",\"position\":3,\"name\":\"Wise Rootz &#8211; Performance de pointe (1 mois)\"}]},{\"@type\":\"WebSite\",\"@id\":\"https:\\\/\\\/dutchmicrodosing.com\\\/fr\\\/#website\",\"url\":\"https:\\\/\\\/dutchmicrodosing.com\\\/fr\\\/\",\"name\":\"Dutchmicrodosing\",\"description\":\"\",\"publisher\":{\"@id\":\"https:\\\/\\\/dutchmicrodosing.com\\\/fr\\\/#organization\"},\"potentialAction\":[{\"@type\":\"SearchAction\",\"target\":{\"@type\":\"EntryPoint\",\"urlTemplate\":\"https:\\\/\\\/dutchmicrodosing.com\\\/fr\\\/?s={search_term_string}\"},\"query-input\":{\"@type\":\"PropertyValueSpecification\",\"valueRequired\":true,\"valueName\":\"search_term_string\"}}],\"inLanguage\":\"fr-FR\"},{\"@type\":\"Organization\",\"@id\":\"https:\\\/\\\/dutchmicrodosing.com\\\/fr\\\/#organization\",\"name\":\"Dutchmicrodosing\",\"url\":\"https:\\\/\\\/dutchmicrodosing.com\\\/fr\\\/\",\"logo\":{\"@type\":\"ImageObject\",\"inLanguage\":\"fr-FR\",\"@id\":\"https:\\\/\\\/dutchmicrodosing.com\\\/fr\\\/#\\\/schema\\\/logo\\\/image\\\/\",\"url\":\"https:\\\/\\\/dutchmicrodosing.com\\\/wp-content\\\/uploads\\\/2021\\\/01\\\/microdosing-categorie-pic-nieuw.jpg\",\"contentUrl\":\"https:\\\/\\\/dutchmicrodosing.com\\\/wp-content\\\/uploads\\\/2021\\\/01\\\/microdosing-categorie-pic-nieuw.jpg\",\"width\":500,\"height\":500,\"caption\":\"Dutchmicrodosing\"},\"image\":{\"@id\":\"https:\\\/\\\/dutchmicrodosing.com\\\/fr\\\/#\\\/schema\\\/logo\\\/image\\\/\"},\"sameAs\":[\"https:\\\/\\\/www.facebook.com\\\/Dutchmicrodosingxp\\\/\",\"https:\\\/\\\/www.instagram.com\\\/dutchmicrodosing\\\/\"]}]}<\/script>\n<meta property=\"product:price:amount\" content=\"49.95\" \/>\n<meta property=\"product:price:currency\" content=\"EUR\" \/>\n<meta property=\"og:availability\" content=\"out of stock\" \/>\n<meta property=\"product:availability\" content=\"out of stock\" \/>\n<meta property=\"product:retailer_item_id\" content=\"3205763\" \/>\n<meta property=\"product:condition\" content=\"new\" \/>\n<!-- \/ Yoast SEO Premium plugin. -->","yoast_head_json":{"title":"Wise Rootz - Performance de pointe (1 mois) - Dutchmicrodosing","description":"La gamme de truffes microdos\u00e9es Peak Performance est sp\u00e9cialement con\u00e7ue pour optimiser les performances physiques. L'ajout de Cordyceps de haute qualit\u00e9.","robots":{"index":"index","follow":"follow","max-snippet":"max-snippet:-1","max-image-preview":"max-image-preview:large","max-video-preview":"max-video-preview:-1"},"canonical":"https:\/\/dutchmicrodosing.com\/fr\/microdosage\/wise-rootz-peak-performance\/","og_locale":"fr_FR","og_type":"article","og_title":"Wise Rootz - Performance de pointe (1 mois)","og_description":"La gamme de truffes microdos\u00e9es Peak Performance est sp\u00e9cialement con\u00e7ue pour optimiser les performances physiques. En ajoutant du Cordyceps Militaris de","og_url":"https:\/\/dutchmicrodosing.com\/fr\/microdosage\/wise-rootz-peak-performance\/","og_site_name":"Dutchmicrodosing","article_publisher":"https:\/\/www.facebook.com\/Dutchmicrodosingxp\/","article_modified_time":"2026-02-03T15:42:32+00:00","og_image":[{"width":1174,"height":882,"url":"https:\/\/dutchmicrodosing.com\/wp-content\/uploads\/2023\/06\/wiserootz_box_peakperformance.jpg","type":"image\/jpeg"}],"twitter_card":"summary_large_image","schema":{"@context":"https:\/\/schema.org","@graph":[{"@type":"WebPage","@id":"https:\/\/dutchmicrodosing.com\/fr\/microdosage\/wise-rootz-peak-performance\/","url":"https:\/\/dutchmicrodosing.com\/fr\/microdosage\/wise-rootz-peak-performance\/","name":"Wise Rootz - Performance de pointe (1 mois) - Dutchmicrodosing","isPartOf":{"@id":"https:\/\/dutchmicrodosing.com\/fr\/#website"},"primaryImageOfPage":{"@id":"https:\/\/dutchmicrodosing.com\/fr\/microdosage\/wise-rootz-peak-performance\/#primaryimage"},"image":{"@id":"https:\/\/dutchmicrodosing.com\/fr\/microdosage\/wise-rootz-peak-performance\/#primaryimage"},"thumbnailUrl":"https:\/\/dutchmicrodosing.com\/wp-content\/uploads\/2023\/06\/wiserootz_box_peakperformance.jpg","datePublished":"2023-06-01T10:50:06+00:00","dateModified":"2026-02-03T15:42:32+00:00","description":"La gamme de truffes microdos\u00e9es Peak Performance est sp\u00e9cialement con\u00e7ue pour optimiser les performances physiques. L'ajout de Cordyceps de haute qualit\u00e9.","breadcrumb":{"@id":"https:\/\/dutchmicrodosing.com\/fr\/microdosage\/wise-rootz-peak-performance\/#breadcrumb"},"inLanguage":"fr-FR","potentialAction":[{"@type":"ReadAction","target":["https:\/\/dutchmicrodosing.com\/fr\/microdosage\/wise-rootz-peak-performance\/"]}]},{"@type":"ImageObject","inLanguage":"fr-FR","@id":"https:\/\/dutchmicrodosing.com\/fr\/microdosage\/wise-rootz-peak-performance\/#primaryimage","url":"https:\/\/dutchmicrodosing.com\/wp-content\/uploads\/2023\/06\/wiserootz_box_peakperformance.jpg","contentUrl":"https:\/\/dutchmicrodosing.com\/wp-content\/uploads\/2023\/06\/wiserootz_box_peakperformance.jpg","width":1174,"height":882},{"@type":"BreadcrumbList","@id":"https:\/\/dutchmicrodosing.com\/fr\/microdosage\/wise-rootz-peak-performance\/#breadcrumb","itemListElement":[{"@type":"ListItem","position":1,"name":"Home","item":"https:\/\/dutchmicrodosing.com\/fr\/"},{"@type":"ListItem","position":2,"name":"Boutique","item":"https:\/\/dutchmicrodosing.com\/fr\/boutique\/"},{"@type":"ListItem","position":3,"name":"Wise Rootz &#8211; Performance de pointe (1 mois)"}]},{"@type":"WebSite","@id":"https:\/\/dutchmicrodosing.com\/fr\/#website","url":"https:\/\/dutchmicrodosing.com\/fr\/","name":"Dutchmicrodosing","description":"","publisher":{"@id":"https:\/\/dutchmicrodosing.com\/fr\/#organization"},"potentialAction":[{"@type":"SearchAction","target":{"@type":"EntryPoint","urlTemplate":"https:\/\/dutchmicrodosing.com\/fr\/?s={search_term_string}"},"query-input":{"@type":"PropertyValueSpecification","valueRequired":true,"valueName":"search_term_string"}}],"inLanguage":"fr-FR"},{"@type":"Organization","@id":"https:\/\/dutchmicrodosing.com\/fr\/#organization","name":"Dutchmicrodosing","url":"https:\/\/dutchmicrodosing.com\/fr\/","logo":{"@type":"ImageObject","inLanguage":"fr-FR","@id":"https:\/\/dutchmicrodosing.com\/fr\/#\/schema\/logo\/image\/","url":"https:\/\/dutchmicrodosing.com\/wp-content\/uploads\/2021\/01\/microdosing-categorie-pic-nieuw.jpg","contentUrl":"https:\/\/dutchmicrodosing.com\/wp-content\/uploads\/2021\/01\/microdosing-categorie-pic-nieuw.jpg","width":500,"height":500,"caption":"Dutchmicrodosing"},"image":{"@id":"https:\/\/dutchmicrodosing.com\/fr\/#\/schema\/logo\/image\/"},"sameAs":["https:\/\/www.facebook.com\/Dutchmicrodosingxp\/","https:\/\/www.instagram.com\/dutchmicrodosing\/"]}]},"product_price_amount":"49.95","product_price_currency":"EUR","og_availability":"out of stock","product_availability":"out of stock","product_retailer_item_id":"3205763","product_condition":"new"},"_links":{"self":[{"href":"https:\/\/dutchmicrodosing.com\/fr\/wp-json\/wp\/v2\/product\/25074","targetHints":{"allow":["GET"]}}],"collection":[{"href":"https:\/\/dutchmicrodosing.com\/fr\/wp-json\/wp\/v2\/product"}],"about":[{"href":"https:\/\/dutchmicrodosing.com\/fr\/wp-json\/wp\/v2\/types\/product"}],"replies":[{"embeddable":true,"href":"https:\/\/dutchmicrodosing.com\/fr\/wp-json\/wp\/v2\/comments?post=25074"}],"version-history":[{"count":1,"href":"https:\/\/dutchmicrodosing.com\/fr\/wp-json\/wp\/v2\/product\/25074\/revisions"}],"predecessor-version":[{"id":64294,"href":"https:\/\/dutchmicrodosing.com\/fr\/wp-json\/wp\/v2\/product\/25074\/revisions\/64294"}],"wp:featuredmedia":[{"embeddable":true,"href":"https:\/\/dutchmicrodosing.com\/fr\/wp-json\/wp\/v2\/media\/24550"}],"wp:attachment":[{"href":"https:\/\/dutchmicrodosing.com\/fr\/wp-json\/wp\/v2\/media?parent=25074"}],"wp:term":[{"taxonomy":"product_brand","embeddable":true,"href":"https:\/\/dutchmicrodosing.com\/fr\/wp-json\/wp\/v2\/product_brand?post=25074"},{"taxonomy":"product_cat","embeddable":true,"href":"https:\/\/dutchmicrodosing.com\/fr\/wp-json\/wp\/v2\/product_cat?post=25074"},{"taxonomy":"product_tag","embeddable":true,"href":"https:\/\/dutchmicrodosing.com\/fr\/wp-json\/wp\/v2\/product_tag?post=25074"}],"curies":[{"name":"wp","href":"https:\/\/api.w.org\/{rel}","templated":true}]}}