{"id":25077,"date":"2023-06-01T12:26:02","date_gmt":"2023-06-01T10:26:02","guid":{"rendered":"https:\/\/dutchmicrodosing.com\/shop\/non%20class\u00e9\/wise-rootz-signature-synergy\/"},"modified":"2025-10-29T07:27:19","modified_gmt":"2025-10-29T06:27:19","slug":"wise-rootz-signature-synergy","status":"publish","type":"product","link":"https:\/\/dutchmicrodosing.com\/fr\/microdosage\/wise-rootz-signature-synergy\/","title":{"rendered":"Wise Rootz &#8211; Signature Synergy (1 mois)"},"content":{"rendered":"<p>En r\u00e9sum\u00e9, la gamme standard de truffes \u00e0 microdosage <strong>Wise Rootz<\/strong> &#8211;<strong> Signature Synergy<\/strong> est une r\u00e9f\u00e9rence accessible qui donne \u00e0 chacun la possibilit\u00e9 de d\u00e9couvrir les secrets anciens de la sant\u00e9 et du bien-\u00eatre. Cette ligne peut \u00eatre compl\u00e9t\u00e9e par des \u00e9l\u00e9ments suppl\u00e9mentaires si n\u00e9cessaire. Le produit, Signature Synergy, est une innovation pionni\u00e8re qui remet au go\u00fbt du jour les connaissances ancestrales en mati\u00e8re de sant\u00e9 et de bien-\u00eatre. Cette ligne sp\u00e9ciale a \u00e9t\u00e9 cr\u00e9\u00e9e pour servir de base \u00e0 l&rsquo;exploration et \u00e0 l&rsquo;am\u00e9lioration de votre potentiel physique et mental. Chaque bo\u00eete est utilisable pendant un mois et contient 12 grammes de truffes et 12 portions de cacao cru.<\/p>\n<p>Signature Synergy offre une combinaison sp\u00e9ciale qui apporte des avantages \u00e9vidents dans votre vie quotidienne, avec des effets positifs sur la sant\u00e9 physique, cognitive et mentale. En l&rsquo;utilisant r\u00e9guli\u00e8rement, vous pouvez am\u00e9liorer ces domaines, ce qui se traduit par un sentiment d&rsquo;\u00e9quilibre et d&rsquo;harmonie. En bref, cette synergie unique est un concentr\u00e9 d&rsquo;ingr\u00e9dients naturels qui soutiennent votre sant\u00e9 globale.<\/p>\n<h3>Que contient Wise Rootz Signature Synergy ?<\/h3>\n<ul>\n<li><strong>Cacao de la f\u00e8ve \u00e0 la barre<\/strong>: nous n&rsquo;utilisons que le meilleur cacao, le plus pur, transform\u00e9 directement de la f\u00e8ve \u00e0 la barre, qui n&rsquo;est pas seulement d\u00e9licieux mais aussi rempli d&rsquo;antioxydants et de nutriments qui peuvent stimuler votre fonction c\u00e9r\u00e9brale.<\/li>\n<li><strong>Truffes magiques<\/strong>: un additif soigneusement choisi pour stimuler la cr\u00e9ativit\u00e9 et la clart\u00e9 mentale.<\/li>\n<\/ul>\n<h3>Fonctionnement cognitif qui peut contribuer \u00e0 des probl\u00e8mes tels que :<\/h3>\n<ul>\n<li>Augmentation de la neuroplasticit\u00e9<\/li>\n<li>Cr\u00e9ativit\u00e9<\/li>\n<li>Productivit\u00e9<\/li>\n<\/ul>\n<h3>Les m\u00e9canismes mentaux qui peuvent aider \u00e0.. ;<\/h3>\n<ul>\n<li>Sentiment d&rsquo;agitation ou de tension<\/li>\n<li>En cas de stress<\/li>\n<li>Sentiments d&rsquo;anxi\u00e9t\u00e9<\/li>\n<li>Pression mentale et effort<\/li>\n<\/ul>\n<h3>Les activit\u00e9s physiques et sanitaires peuvent contribuer \u00e0.. :<strong><br \/>\n<\/strong><\/h3>\n<ul>\n<li>R\u00e9duction de la tension art\u00e9rielle<\/li>\n<li>Effet positif sur les fonctions cognitives<\/li>\n<li>Protection du syst\u00e8me cardiovasculaire<\/li>\n<li>Am\u00e9lioration des performances physiques<\/li>\n<\/ul>\n<h3>Wise Rootz app<\/h3>\n<div>Une solution id\u00e9ale pour contr\u00f4ler les processus sans co\u00fbts ni stress suppl\u00e9mentaires. L&rsquo;application unique d\u00e9velopp\u00e9e par Deliqs permet aux utilisateurs de d\u00e9finir des intentions et des protocoles et de suivre leurs progr\u00e8s. Cela se fait au moyen de tableaux d\u00e9taill\u00e9s, d&rsquo;un journal interactif et d&rsquo;exercices bas\u00e9s sur les \u00e9motions du moment !<\/div>\n<ul>\n<li>Processus de suivi<\/li>\n<li>Capacit\u00e9 \u00e0 fixer des intentions<\/li>\n<li>Capacit\u00e9 \u00e0 \u00e9tablir des protocoles<\/li>\n<li>Les progr\u00e8s peuvent \u00eatre suivis gr\u00e2ce \u00e0 des graphiques d\u00e9taill\u00e9s<\/li>\n<li>Journal interactif<\/li>\n<li>Exercices<\/li>\n<li>Rappels<\/li>\n<\/ul>\n<h3>Contenu<\/h3>\n<p><strong>1 mois d&rsquo;exp\u00e9rience &#8211; Signature Synergy<\/strong><\/p>\n<ul>\n<li>12 x 1gr microdosage<\/li>\n<li>12 x cacao brut<\/li>\n<li>1 x Belle pierre pr\u00e9cieuse<\/li>\n<li>1 x Acc\u00e8s \u00e0 l&rsquo;application Wise Rootz compl\u00e8te via un code personnel par bo\u00eete<\/li>\n<\/ul>\n<h3>Retenir les racines sages &#8211; Signature Synergy<\/h3>\n<p>Conservez votre Wise Rootz &#8211; Peak Performance au frais et au sec et vous pourrez souvent le conserver pendant au moins deux mois suppl\u00e9mentaires. La temp\u00e9rature id\u00e9ale se situe entre 2 et 4 degr\u00e9s Celsius. Veillez \u00e0 v\u00e9rifier la date de p\u00e9remption indiqu\u00e9e sur l&#8217;emballage pour savoir combien de temps ils se conservent.<\/p>\n<h3>Commentaires<\/h3>\n<p>Nous souhaitons vous informer de notre politique concernant les all\u00e9gations relatives aux propri\u00e9t\u00e9s m\u00e9dicinales des herbes et des champignons sur notre site web. La l\u00e9gislation europ\u00e9enne en vigueur interdit de telles affirmations. Bien que la m\u00e9decine traditionnelle chinoise existe depuis des milliers d&rsquo;ann\u00e9es et qu&rsquo;elle ait \u00e9t\u00e9 test\u00e9e sur d&rsquo;innombrables patients, nous ne pouvons pas mentionner les effets qui ont \u00e9t\u00e9 confirm\u00e9s par la recherche scientifique. Toutefois, nous comptons sur le bon sens de nos clients et des informations d\u00e9taill\u00e9es sur les champignons peuvent \u00eatre trouv\u00e9es dans des sources publiques sur l&rsquo;internet.<\/p>\n","protected":false},"excerpt":{"rendered":"<p>En r\u00e9sum\u00e9, la gamme standard de truffes \u00e0 microdosage Wise Rootz &#8211; Signature Synergy est une r\u00e9f\u00e9rence accessible qui donne \u00e0 chacun la possibilit\u00e9 de d\u00e9couvrir les secrets anciens de la sant\u00e9 et du bien-\u00eatre. Cette ligne peut \u00eatre compl\u00e9t\u00e9e par des \u00e9l\u00e9ments suppl\u00e9mentaires si n\u00e9cessaire. Le produit, Signature Synergy, est une innovation pionni\u00e8re qui [&hellip;]<\/p>\n","protected":false},"featured_media":24604,"comment_status":"closed","ping_status":"closed","template":"","meta":[],"product_brand":[],"product_cat":[100,316],"product_tag":[],"class_list":{"0":"post-25077","1":"product","2":"type-product","3":"status-publish","4":"has-post-thumbnail","6":"product_cat-microdosage","7":"product_cat-supplements-pour-la-creativite","9":"first","10":"instock","11":"sale","12":"taxable","13":"shipping-taxable","14":"purchasable","15":"product-type-simple"},"yoast_head":"<!-- This site is optimized with the Yoast SEO Premium plugin v26.4 (Yoast SEO v27.2) - https:\/\/yoast.com\/product\/yoast-seo-premium-wordpress\/ -->\n<title>Wise Rootz - Signature Synergy (1 mois) - Dutchmicrodosing<\/title>\n<meta name=\"description\" content=\"En r\u00e9sum\u00e9, la gamme standard de truffes de microdosage Wise Rootz - Signature Synergy est une r\u00e9f\u00e9rence accessible qui permet \u00e0 chacun de faire l&#039;exp\u00e9rience de...\" \/>\n<meta name=\"robots\" content=\"index, follow, max-snippet:-1, max-image-preview:large, max-video-preview:-1\" \/>\n<link rel=\"canonical\" href=\"https:\/\/dutchmicrodosing.com\/fr\/microdosage\/wise-rootz-signature-synergy\/\" \/>\n<meta property=\"og:locale\" content=\"fr_FR\" \/>\n<meta property=\"og:type\" content=\"article\" \/>\n<meta property=\"og:title\" content=\"Wise Rootz - Signature Synergy (1 mois)\" \/>\n<meta property=\"og:description\" content=\"En r\u00e9sum\u00e9, la gamme standard de truffes \u00e0 microdosage Wise Rootz - Signature Synergy est une r\u00e9f\u00e9rence accessible qui donne \u00e0 chacun la possibilit\u00e9 de\" \/>\n<meta property=\"og:url\" content=\"https:\/\/dutchmicrodosing.com\/fr\/microdosage\/wise-rootz-signature-synergy\/\" \/>\n<meta property=\"og:site_name\" content=\"Dutchmicrodosing\" \/>\n<meta property=\"article:publisher\" content=\"https:\/\/www.facebook.com\/Dutchmicrodosingxp\/\" \/>\n<meta property=\"article:modified_time\" content=\"2025-10-29T06:27:19+00:00\" \/>\n<meta property=\"og:image\" content=\"https:\/\/dutchmicrodosing.com\/wp-content\/uploads\/2023\/06\/wiserootz_box_signaturesynergy-1-1.jpg\" \/>\n\t<meta property=\"og:image:width\" content=\"1174\" \/>\n\t<meta property=\"og:image:height\" content=\"882\" \/>\n\t<meta property=\"og:image:type\" content=\"image\/jpeg\" \/>\n<meta name=\"twitter:card\" content=\"summary_large_image\" \/>\n<script type=\"application\/ld+json\" class=\"yoast-schema-graph\">{\"@context\":\"https:\/\/schema.org\",\"@graph\":[{\"@type\":\"WebPage\",\"@id\":\"https:\/\/dutchmicrodosing.com\/fr\/microdosage\/wise-rootz-signature-synergy\/\",\"url\":\"https:\/\/dutchmicrodosing.com\/fr\/microdosage\/wise-rootz-signature-synergy\/\",\"name\":\"Wise Rootz - Signature Synergy (1 mois) - Dutchmicrodosing\",\"isPartOf\":{\"@id\":\"https:\/\/dutchmicrodosing.com\/fr\/#website\"},\"primaryImageOfPage\":{\"@id\":\"https:\/\/dutchmicrodosing.com\/fr\/microdosage\/wise-rootz-signature-synergy\/#primaryimage\"},\"image\":{\"@id\":\"https:\/\/dutchmicrodosing.com\/fr\/microdosage\/wise-rootz-signature-synergy\/#primaryimage\"},\"thumbnailUrl\":\"https:\/\/dutchmicrodosing.com\/wp-content\/uploads\/2023\/06\/wiserootz_box_signaturesynergy-1-1.jpg\",\"datePublished\":\"2023-06-01T10:26:02+00:00\",\"dateModified\":\"2025-10-29T06:27:19+00:00\",\"description\":\"En r\u00e9sum\u00e9, la gamme standard de truffes de microdosage Wise Rootz - Signature Synergy est une r\u00e9f\u00e9rence accessible qui permet \u00e0 chacun de faire l'exp\u00e9rience de...\",\"breadcrumb\":{\"@id\":\"https:\/\/dutchmicrodosing.com\/fr\/microdosage\/wise-rootz-signature-synergy\/#breadcrumb\"},\"inLanguage\":\"fr-FR\",\"potentialAction\":[{\"@type\":\"ReadAction\",\"target\":[\"https:\/\/dutchmicrodosing.com\/fr\/microdosage\/wise-rootz-signature-synergy\/\"]}]},{\"@type\":\"ImageObject\",\"inLanguage\":\"fr-FR\",\"@id\":\"https:\/\/dutchmicrodosing.com\/fr\/microdosage\/wise-rootz-signature-synergy\/#primaryimage\",\"url\":\"https:\/\/dutchmicrodosing.com\/wp-content\/uploads\/2023\/06\/wiserootz_box_signaturesynergy-1-1.jpg\",\"contentUrl\":\"https:\/\/dutchmicrodosing.com\/wp-content\/uploads\/2023\/06\/wiserootz_box_signaturesynergy-1-1.jpg\",\"width\":1174,\"height\":882},{\"@type\":\"BreadcrumbList\",\"@id\":\"https:\/\/dutchmicrodosing.com\/fr\/microdosage\/wise-rootz-signature-synergy\/#breadcrumb\",\"itemListElement\":[{\"@type\":\"ListItem\",\"position\":1,\"name\":\"Home\",\"item\":\"https:\/\/dutchmicrodosing.com\/fr\/\"},{\"@type\":\"ListItem\",\"position\":2,\"name\":\"Boutique\",\"item\":\"https:\/\/dutchmicrodosing.com\/fr\/boutique\/\"},{\"@type\":\"ListItem\",\"position\":3,\"name\":\"Wise Rootz &#8211; Signature Synergy (1 mois)\"}]},{\"@type\":\"WebSite\",\"@id\":\"https:\/\/dutchmicrodosing.com\/fr\/#website\",\"url\":\"https:\/\/dutchmicrodosing.com\/fr\/\",\"name\":\"Dutchmicrodosing\",\"description\":\"\",\"publisher\":{\"@id\":\"https:\/\/dutchmicrodosing.com\/fr\/#organization\"},\"potentialAction\":[{\"@type\":\"SearchAction\",\"target\":{\"@type\":\"EntryPoint\",\"urlTemplate\":\"https:\/\/dutchmicrodosing.com\/fr\/?s={search_term_string}\"},\"query-input\":{\"@type\":\"PropertyValueSpecification\",\"valueRequired\":true,\"valueName\":\"search_term_string\"}}],\"inLanguage\":\"fr-FR\"},{\"@type\":\"Organization\",\"@id\":\"https:\/\/dutchmicrodosing.com\/fr\/#organization\",\"name\":\"Dutchmicrodosing\",\"url\":\"https:\/\/dutchmicrodosing.com\/fr\/\",\"logo\":{\"@type\":\"ImageObject\",\"inLanguage\":\"fr-FR\",\"@id\":\"https:\/\/dutchmicrodosing.com\/fr\/#\/schema\/logo\/image\/\",\"url\":\"https:\/\/dutchmicrodosing.com\/wp-content\/uploads\/2021\/01\/microdosing-categorie-pic-nieuw.jpg\",\"contentUrl\":\"https:\/\/dutchmicrodosing.com\/wp-content\/uploads\/2021\/01\/microdosing-categorie-pic-nieuw.jpg\",\"width\":500,\"height\":500,\"caption\":\"Dutchmicrodosing\"},\"image\":{\"@id\":\"https:\/\/dutchmicrodosing.com\/fr\/#\/schema\/logo\/image\/\"},\"sameAs\":[\"https:\/\/www.facebook.com\/Dutchmicrodosingxp\/\",\"https:\/\/www.instagram.com\/dutchmicrodosing\/\"]}]}<\/script>\n<meta property=\"product:price:amount\" content=\"45.95\" \/>\n<meta property=\"product:price:currency\" content=\"EUR\" \/>\n<meta property=\"og:availability\" content=\"instock\" \/>\n<meta property=\"product:availability\" content=\"instock\" \/>\n<meta property=\"product:retailer_item_id\" content=\"3205898\" \/>\n<meta property=\"product:condition\" content=\"new\" \/>\n<!-- \/ Yoast SEO Premium plugin. -->","yoast_head_json":{"title":"Wise Rootz - Signature Synergy (1 mois) - Dutchmicrodosing","description":"En r\u00e9sum\u00e9, la gamme standard de truffes de microdosage Wise Rootz - Signature Synergy est une r\u00e9f\u00e9rence accessible qui permet \u00e0 chacun de faire l'exp\u00e9rience de...","robots":{"index":"index","follow":"follow","max-snippet":"max-snippet:-1","max-image-preview":"max-image-preview:large","max-video-preview":"max-video-preview:-1"},"canonical":"https:\/\/dutchmicrodosing.com\/fr\/microdosage\/wise-rootz-signature-synergy\/","og_locale":"fr_FR","og_type":"article","og_title":"Wise Rootz - Signature Synergy (1 mois)","og_description":"En r\u00e9sum\u00e9, la gamme standard de truffes \u00e0 microdosage Wise Rootz - Signature Synergy est une r\u00e9f\u00e9rence accessible qui donne \u00e0 chacun la possibilit\u00e9 de","og_url":"https:\/\/dutchmicrodosing.com\/fr\/microdosage\/wise-rootz-signature-synergy\/","og_site_name":"Dutchmicrodosing","article_publisher":"https:\/\/www.facebook.com\/Dutchmicrodosingxp\/","article_modified_time":"2025-10-29T06:27:19+00:00","og_image":[{"width":1174,"height":882,"url":"https:\/\/dutchmicrodosing.com\/wp-content\/uploads\/2023\/06\/wiserootz_box_signaturesynergy-1-1.jpg","type":"image\/jpeg"}],"twitter_card":"summary_large_image","schema":{"@context":"https:\/\/schema.org","@graph":[{"@type":"WebPage","@id":"https:\/\/dutchmicrodosing.com\/fr\/microdosage\/wise-rootz-signature-synergy\/","url":"https:\/\/dutchmicrodosing.com\/fr\/microdosage\/wise-rootz-signature-synergy\/","name":"Wise Rootz - Signature Synergy (1 mois) - Dutchmicrodosing","isPartOf":{"@id":"https:\/\/dutchmicrodosing.com\/fr\/#website"},"primaryImageOfPage":{"@id":"https:\/\/dutchmicrodosing.com\/fr\/microdosage\/wise-rootz-signature-synergy\/#primaryimage"},"image":{"@id":"https:\/\/dutchmicrodosing.com\/fr\/microdosage\/wise-rootz-signature-synergy\/#primaryimage"},"thumbnailUrl":"https:\/\/dutchmicrodosing.com\/wp-content\/uploads\/2023\/06\/wiserootz_box_signaturesynergy-1-1.jpg","datePublished":"2023-06-01T10:26:02+00:00","dateModified":"2025-10-29T06:27:19+00:00","description":"En r\u00e9sum\u00e9, la gamme standard de truffes de microdosage Wise Rootz - Signature Synergy est une r\u00e9f\u00e9rence accessible qui permet \u00e0 chacun de faire l'exp\u00e9rience de...","breadcrumb":{"@id":"https:\/\/dutchmicrodosing.com\/fr\/microdosage\/wise-rootz-signature-synergy\/#breadcrumb"},"inLanguage":"fr-FR","potentialAction":[{"@type":"ReadAction","target":["https:\/\/dutchmicrodosing.com\/fr\/microdosage\/wise-rootz-signature-synergy\/"]}]},{"@type":"ImageObject","inLanguage":"fr-FR","@id":"https:\/\/dutchmicrodosing.com\/fr\/microdosage\/wise-rootz-signature-synergy\/#primaryimage","url":"https:\/\/dutchmicrodosing.com\/wp-content\/uploads\/2023\/06\/wiserootz_box_signaturesynergy-1-1.jpg","contentUrl":"https:\/\/dutchmicrodosing.com\/wp-content\/uploads\/2023\/06\/wiserootz_box_signaturesynergy-1-1.jpg","width":1174,"height":882},{"@type":"BreadcrumbList","@id":"https:\/\/dutchmicrodosing.com\/fr\/microdosage\/wise-rootz-signature-synergy\/#breadcrumb","itemListElement":[{"@type":"ListItem","position":1,"name":"Home","item":"https:\/\/dutchmicrodosing.com\/fr\/"},{"@type":"ListItem","position":2,"name":"Boutique","item":"https:\/\/dutchmicrodosing.com\/fr\/boutique\/"},{"@type":"ListItem","position":3,"name":"Wise Rootz &#8211; Signature Synergy (1 mois)"}]},{"@type":"WebSite","@id":"https:\/\/dutchmicrodosing.com\/fr\/#website","url":"https:\/\/dutchmicrodosing.com\/fr\/","name":"Dutchmicrodosing","description":"","publisher":{"@id":"https:\/\/dutchmicrodosing.com\/fr\/#organization"},"potentialAction":[{"@type":"SearchAction","target":{"@type":"EntryPoint","urlTemplate":"https:\/\/dutchmicrodosing.com\/fr\/?s={search_term_string}"},"query-input":{"@type":"PropertyValueSpecification","valueRequired":true,"valueName":"search_term_string"}}],"inLanguage":"fr-FR"},{"@type":"Organization","@id":"https:\/\/dutchmicrodosing.com\/fr\/#organization","name":"Dutchmicrodosing","url":"https:\/\/dutchmicrodosing.com\/fr\/","logo":{"@type":"ImageObject","inLanguage":"fr-FR","@id":"https:\/\/dutchmicrodosing.com\/fr\/#\/schema\/logo\/image\/","url":"https:\/\/dutchmicrodosing.com\/wp-content\/uploads\/2021\/01\/microdosing-categorie-pic-nieuw.jpg","contentUrl":"https:\/\/dutchmicrodosing.com\/wp-content\/uploads\/2021\/01\/microdosing-categorie-pic-nieuw.jpg","width":500,"height":500,"caption":"Dutchmicrodosing"},"image":{"@id":"https:\/\/dutchmicrodosing.com\/fr\/#\/schema\/logo\/image\/"},"sameAs":["https:\/\/www.facebook.com\/Dutchmicrodosingxp\/","https:\/\/www.instagram.com\/dutchmicrodosing\/"]}]},"product_price_amount":"45.95","product_price_currency":"EUR","og_availability":"instock","product_availability":"instock","product_retailer_item_id":"3205898","product_condition":"new"},"_links":{"self":[{"href":"https:\/\/dutchmicrodosing.com\/fr\/wp-json\/wp\/v2\/product\/25077","targetHints":{"allow":["GET"]}}],"collection":[{"href":"https:\/\/dutchmicrodosing.com\/fr\/wp-json\/wp\/v2\/product"}],"about":[{"href":"https:\/\/dutchmicrodosing.com\/fr\/wp-json\/wp\/v2\/types\/product"}],"replies":[{"embeddable":true,"href":"https:\/\/dutchmicrodosing.com\/fr\/wp-json\/wp\/v2\/comments?post=25077"}],"version-history":[{"count":0,"href":"https:\/\/dutchmicrodosing.com\/fr\/wp-json\/wp\/v2\/product\/25077\/revisions"}],"wp:featuredmedia":[{"embeddable":true,"href":"https:\/\/dutchmicrodosing.com\/fr\/wp-json\/wp\/v2\/media\/24604"}],"wp:attachment":[{"href":"https:\/\/dutchmicrodosing.com\/fr\/wp-json\/wp\/v2\/media?parent=25077"}],"wp:term":[{"taxonomy":"product_brand","embeddable":true,"href":"https:\/\/dutchmicrodosing.com\/fr\/wp-json\/wp\/v2\/product_brand?post=25077"},{"taxonomy":"product_cat","embeddable":true,"href":"https:\/\/dutchmicrodosing.com\/fr\/wp-json\/wp\/v2\/product_cat?post=25077"},{"taxonomy":"product_tag","embeddable":true,"href":"https:\/\/dutchmicrodosing.com\/fr\/wp-json\/wp\/v2\/product_tag?post=25077"}],"curies":[{"name":"wp","href":"https:\/\/api.w.org\/{rel}","templated":true}]}}