{"id":25082,"date":"2023-05-31T22:09:54","date_gmt":"2023-05-31T20:09:54","guid":{"rendered":"https:\/\/dutchmicrodosing.com\/shop\/non%20class\u00e9\/wise-rootz-full-focus\/"},"modified":"2026-04-14T17:56:37","modified_gmt":"2026-04-14T15:56:37","slug":"wise-rootz-full-focus","status":"publish","type":"product","link":"https:\/\/dutchmicrodosing.com\/fr\/microdosage\/wise-rootz-full-focus\/","title":{"rendered":"Wise Rootz &#8211; Full Focus (1 mois)"},"content":{"rendered":"<p>R\u00e9v\u00e9lez votre v\u00e9ritable potentiel avec la <strong>ligne <\/strong>r\u00e9volutionnaire <strong>de <\/strong>truffes microdos\u00e9es <strong>Rootz Full Focus <\/strong>, sp\u00e9cialement con\u00e7ues pour am\u00e9liorer vos capacit\u00e9s mentales. Ce m\u00e9lange innovant de cacao de qualit\u00e9 sup\u00e9rieure, de crini\u00e8re de lion, de ginkgo biloba et de truffes magiques soigneusement s\u00e9lectionn\u00e9es est con\u00e7u pour augmenter la concentration, la clart\u00e9, la m\u00e9moire, la cr\u00e9ativit\u00e9, l&rsquo;intelligence et la motivation, tout en r\u00e9duisant le stress.<\/p>\n<h3>Que contient Wise Rootz Full Focus ?<\/h3>\n<ul>\n<li><strong>Cacao de la f\u00e8ve \u00e0 la barre<\/strong>: nous n&rsquo;utilisons que le meilleur cacao, le plus pur, transform\u00e9 directement de la f\u00e8ve \u00e0 la barre, qui n&rsquo;est pas seulement d\u00e9licieux mais aussi rempli d&rsquo;antioxydants et de nutriments qui peuvent stimuler votre fonction c\u00e9r\u00e9brale.<\/li>\n<li><strong>Crini\u00e8re de lion (Hericium erinaceus)<\/strong>: Ce champignon puissant est connu pour ses effets positifs sur la m\u00e9moire et sa capacit\u00e9 \u00e0 r\u00e9duire le stress.<\/li>\n<li><strong>Ginkgo Biloba<\/strong>: Cette plante a de puissants effets b\u00e9n\u00e9fiques sur la circulation sanguine, en particulier au niveau du cerveau, et favorise les fonctions cognitives.<\/li>\n<li><strong>Truffes magiques<\/strong>: un additif soigneusement choisi pour stimuler la cr\u00e9ativit\u00e9 et la clart\u00e9 mentale.<\/li>\n<\/ul>\n<p>Rootz Full Focus est plus qu&rsquo;un simple compl\u00e9ment &#8211; c&rsquo;est votre partenaire dans la lutte contre les listes de choses \u00e0 faire et le stress de la vie moderne. Que vous soyez un homme d&rsquo;affaires ayant des d\u00e9cisions importantes \u00e0 prendre, un \u00e9tudiant qui r\u00e9vise ses examens, un politicien qui doit faire des discours ou un artiste \u00e0 la recherche d&rsquo;une \u00e9tincelle cr\u00e9ative, Full Focus est l\u00e0 pour vous aider \u00e0 lib\u00e9rer tout votre potentiel.<br \/>\nAvec notre ligne Full Focus, la notion de \u00ab\u00a0nourriture pour la r\u00e9flexion\u00a0\u00bb prend une toute nouvelle signification. C&rsquo;est votre arme secr\u00e8te dans la qu\u00eate d&rsquo;une meilleure concentration, d&rsquo;une plus grande clart\u00e9 et d&rsquo;une plus grande cr\u00e9ativit\u00e9. Essayez-le d\u00e8s aujourd&rsquo;hui et d\u00e9couvrez par vous-m\u00eame comment la Pleine Focalisation peut vous aider \u00e0 exceller dans n&rsquo;importe quelle situation.<\/p>\n<h3>Y a-t-il des avantages \u00e0 Wise Rootz Full Focus ?<\/h3>\n<ul>\n<li>Laser Focus<\/li>\n<li>Un esprit clair<\/li>\n<li>Bon pour la m\u00e9moire<\/li>\n<li>Bon pour la concentration<\/li>\n<li>Motivation<\/li>\n<li>Sentiment d&rsquo;agitation ou de tension<\/li>\n<li>En cas de stress<\/li>\n<li>A pour action de contribuer \u00e0 la croissance et au renforcement du NGF (*Nerve Growth Factor*) des cellules nerveuses \/ neurones.<\/li>\n<li>Acc\u00e9l\u00e9ration du processus de transmission des signaux \u00e0 travers les nerfs<\/li>\n<li>Am\u00e9lioration de la fonction c\u00e9r\u00e9brale<\/li>\n<li>Le tissu c\u00e9r\u00e9bral est prot\u00e9g\u00e9 des radicaux libres nocifs.<\/li>\n<li>Les neurotransmetteurs sont mieux form\u00e9s<\/li>\n<\/ul>\n<h3>Fonctionnement cognitif qui peut contribuer \u00e0 des probl\u00e8mes tels que :<\/h3>\n<ul>\n<li>Augmentation de la neuroplasticit\u00e9<\/li>\n<li>Cr\u00e9ativit\u00e9<\/li>\n<li>Productivit\u00e9<\/li>\n<\/ul>\n<h3>Les m\u00e9canismes mentaux qui peuvent aider \u00e0.. :<\/h3>\n<ul>\n<li>Sentiment d&rsquo;agitation ou de tension<\/li>\n<li>En cas de stress<\/li>\n<li>Sentiments d&rsquo;anxi\u00e9t\u00e9<\/li>\n<li>Pression mentale et effort<\/li>\n<\/ul>\n<h3>Fonctionnement physique\/sant\u00e9 qui contribue \u00e0.. :<strong><br \/>\n<\/strong><\/h3>\n<ul>\n<li>R\u00e9duction de la tension art\u00e9rielle<\/li>\n<li>Effet positif sur les fonctions cognitives<\/li>\n<li>Protection du syst\u00e8me cardiovasculaire<\/li>\n<li>Am\u00e9lioration des performances physiques<\/li>\n<\/ul>\n<h3>Wise Rootz app<\/h3>\n<div>Une solution id\u00e9ale pour contr\u00f4ler les processus sans co\u00fbts ni stress suppl\u00e9mentaires. L&rsquo;application unique d\u00e9velopp\u00e9e par Deliqs permet aux utilisateurs de d\u00e9finir des intentions et des protocoles et de suivre leurs progr\u00e8s. Cela se fait au moyen de tableaux d\u00e9taill\u00e9s, d&rsquo;un journal interactif et d&rsquo;exercices bas\u00e9s sur les \u00e9motions du moment !<\/div>\n<ul>\n<li>Processus de suivi<\/li>\n<li>Capacit\u00e9 \u00e0 fixer des intentions<\/li>\n<li>Capacit\u00e9 \u00e0 \u00e9tablir des protocoles<\/li>\n<li>Les progr\u00e8s peuvent \u00eatre suivis gr\u00e2ce \u00e0 des graphiques d\u00e9taill\u00e9s<\/li>\n<li>Journal interactif<\/li>\n<li>Exercices<\/li>\n<li>Rappels<\/li>\n<\/ul>\n<h3>Contenu<\/h3>\n<p><strong>1 exp\u00e9rience d&rsquo;un mois complet &#8211; Plein feu  <\/strong><\/p>\n<ul>\n<li>12 x Microdosage<\/li>\n<li>12 x Cacao cru infus\u00e9 \u00e0 l&rsquo;\u00e9corce de lion et au Ginko Biloba<\/li>\n<li>1 x Belle pierre pr\u00e9cieuse<\/li>\n<li>1 x Acc\u00e8s \u00e0 l&rsquo;application Wise Rootz compl\u00e8te via un code personnel par bo\u00eete :<\/li>\n<\/ul>\n<h3>Conserver les racines sages &#8211; Pleine conscience<\/h3>\n<p>Si vous conservez Wise Rootz &#8211; Full Focus au frais et au sec, vous pouvez souvent le garder pendant au moins deux mois suppl\u00e9mentaires. La temp\u00e9rature id\u00e9ale se situe entre 2 et 4 degr\u00e9s Celsius. Veillez \u00e0 v\u00e9rifier la date de p\u00e9remption indiqu\u00e9e sur l&#8217;emballage pour savoir combien de temps ils se conservent.<\/p>\n<h3>Commentaires<\/h3>\n<p>Nous souhaitons vous informer de notre politique concernant les all\u00e9gations relatives aux propri\u00e9t\u00e9s m\u00e9dicinales des herbes et des champignons sur notre site web. La l\u00e9gislation europ\u00e9enne en vigueur interdit de telles affirmations. Bien que la m\u00e9decine traditionnelle chinoise existe depuis des milliers d&rsquo;ann\u00e9es et qu&rsquo;elle ait \u00e9t\u00e9 test\u00e9e sur d&rsquo;innombrables patients, nous ne pouvons pas mentionner les effets qui ont \u00e9t\u00e9 confirm\u00e9s par la recherche scientifique. Toutefois, nous comptons sur le bon sens de nos clients et des informations d\u00e9taill\u00e9es sur les champignons peuvent \u00eatre trouv\u00e9es dans des sources publiques sur l&rsquo;internet.<\/p>\n","protected":false},"excerpt":{"rendered":"<p>R\u00e9v\u00e9lez votre v\u00e9ritable potentiel avec la ligne r\u00e9volutionnaire de truffes microdos\u00e9es Rootz Full Focus , sp\u00e9cialement con\u00e7ues pour am\u00e9liorer vos capacit\u00e9s mentales. Ce m\u00e9lange innovant de cacao de qualit\u00e9 sup\u00e9rieure, de crini\u00e8re de lion, de ginkgo biloba et de truffes magiques soigneusement s\u00e9lectionn\u00e9es est con\u00e7u pour augmenter la concentration, la clart\u00e9, la m\u00e9moire, la cr\u00e9ativit\u00e9, [&hellip;]<\/p>\n","protected":false},"featured_media":24610,"comment_status":"closed","ping_status":"closed","template":"","meta":[],"product_brand":[],"product_cat":[129,100,321,316],"product_tag":[],"class_list":{"0":"post-25082","1":"product","2":"type-product","3":"status-publish","4":"has-post-thumbnail","6":"product_cat-champignons-medicinaux","7":"product_cat-microdosage","8":"product_cat-supplements-pour-la-concentration","9":"product_cat-supplements-pour-la-creativite","11":"first","12":"instock","13":"sale","14":"taxable","15":"shipping-taxable","16":"purchasable","17":"product-type-simple"},"yoast_head":"<!-- This site is optimized with the Yoast SEO Premium plugin v26.4 (Yoast SEO v27.2) - https:\/\/yoast.com\/product\/yoast-seo-premium-wordpress\/ -->\n<title>Wise Rootz - Full Focus (1 mois) - Dutchmicrodosing<\/title>\n<meta name=\"description\" content=\"R\u00e9v\u00e9lez votre v\u00e9ritable potentiel gr\u00e2ce \u00e0 la gamme r\u00e9volutionnaire de truffes de microdosage Rootz Full Focus, sp\u00e9cialement con\u00e7ues pour am\u00e9liorer vos capacit\u00e9s mentales....\" \/>\n<meta name=\"robots\" content=\"index, follow, max-snippet:-1, max-image-preview:large, max-video-preview:-1\" \/>\n<link rel=\"canonical\" href=\"https:\/\/dutchmicrodosing.com\/fr\/microdosage\/wise-rootz-full-focus\/\" \/>\n<meta property=\"og:locale\" content=\"fr_FR\" \/>\n<meta property=\"og:type\" content=\"article\" \/>\n<meta property=\"og:title\" content=\"Wise Rootz - Full Focus (1 mois)\" \/>\n<meta property=\"og:description\" content=\"R\u00e9v\u00e9lez votre v\u00e9ritable potentiel avec la ligne r\u00e9volutionnaire de truffes microdos\u00e9es Rootz Full Focus , sp\u00e9cialement con\u00e7ues pour am\u00e9liorer vos\" \/>\n<meta property=\"og:url\" content=\"https:\/\/dutchmicrodosing.com\/fr\/microdosage\/wise-rootz-full-focus\/\" \/>\n<meta property=\"og:site_name\" content=\"Dutchmicrodosing\" \/>\n<meta property=\"article:publisher\" content=\"https:\/\/www.facebook.com\/Dutchmicrodosingxp\/\" \/>\n<meta property=\"article:modified_time\" content=\"2026-04-14T15:56:37+00:00\" \/>\n<meta property=\"og:image\" content=\"https:\/\/dutchmicrodosing.com\/wp-content\/uploads\/2023\/05\/wiserootz_box_fullfocus.jpg\" \/>\n\t<meta property=\"og:image:width\" content=\"1174\" \/>\n\t<meta property=\"og:image:height\" content=\"882\" \/>\n\t<meta property=\"og:image:type\" content=\"image\/jpeg\" \/>\n<meta name=\"twitter:card\" content=\"summary_large_image\" \/>\n<script type=\"application\/ld+json\" class=\"yoast-schema-graph\">{\"@context\":\"https:\/\/schema.org\",\"@graph\":[{\"@type\":\"WebPage\",\"@id\":\"https:\/\/dutchmicrodosing.com\/fr\/microdosage\/wise-rootz-full-focus\/\",\"url\":\"https:\/\/dutchmicrodosing.com\/fr\/microdosage\/wise-rootz-full-focus\/\",\"name\":\"Wise Rootz - Full Focus (1 mois) - Dutchmicrodosing\",\"isPartOf\":{\"@id\":\"https:\/\/dutchmicrodosing.com\/fr\/#website\"},\"primaryImageOfPage\":{\"@id\":\"https:\/\/dutchmicrodosing.com\/fr\/microdosage\/wise-rootz-full-focus\/#primaryimage\"},\"image\":{\"@id\":\"https:\/\/dutchmicrodosing.com\/fr\/microdosage\/wise-rootz-full-focus\/#primaryimage\"},\"thumbnailUrl\":\"https:\/\/dutchmicrodosing.com\/wp-content\/uploads\/2023\/05\/wiserootz_box_fullfocus.jpg\",\"datePublished\":\"2023-05-31T20:09:54+00:00\",\"dateModified\":\"2026-04-14T15:56:37+00:00\",\"description\":\"R\u00e9v\u00e9lez votre v\u00e9ritable potentiel gr\u00e2ce \u00e0 la gamme r\u00e9volutionnaire de truffes de microdosage Rootz Full Focus, sp\u00e9cialement con\u00e7ues pour am\u00e9liorer vos capacit\u00e9s mentales....\",\"breadcrumb\":{\"@id\":\"https:\/\/dutchmicrodosing.com\/fr\/microdosage\/wise-rootz-full-focus\/#breadcrumb\"},\"inLanguage\":\"fr-FR\",\"potentialAction\":[{\"@type\":\"ReadAction\",\"target\":[\"https:\/\/dutchmicrodosing.com\/fr\/microdosage\/wise-rootz-full-focus\/\"]}]},{\"@type\":\"ImageObject\",\"inLanguage\":\"fr-FR\",\"@id\":\"https:\/\/dutchmicrodosing.com\/fr\/microdosage\/wise-rootz-full-focus\/#primaryimage\",\"url\":\"https:\/\/dutchmicrodosing.com\/wp-content\/uploads\/2023\/05\/wiserootz_box_fullfocus.jpg\",\"contentUrl\":\"https:\/\/dutchmicrodosing.com\/wp-content\/uploads\/2023\/05\/wiserootz_box_fullfocus.jpg\",\"width\":1174,\"height\":882},{\"@type\":\"BreadcrumbList\",\"@id\":\"https:\/\/dutchmicrodosing.com\/fr\/microdosage\/wise-rootz-full-focus\/#breadcrumb\",\"itemListElement\":[{\"@type\":\"ListItem\",\"position\":1,\"name\":\"Home\",\"item\":\"https:\/\/dutchmicrodosing.com\/fr\/\"},{\"@type\":\"ListItem\",\"position\":2,\"name\":\"Boutique\",\"item\":\"https:\/\/dutchmicrodosing.com\/fr\/boutique\/\"},{\"@type\":\"ListItem\",\"position\":3,\"name\":\"Wise Rootz &#8211; Full Focus (1 mois)\"}]},{\"@type\":\"WebSite\",\"@id\":\"https:\/\/dutchmicrodosing.com\/fr\/#website\",\"url\":\"https:\/\/dutchmicrodosing.com\/fr\/\",\"name\":\"Dutchmicrodosing\",\"description\":\"\",\"publisher\":{\"@id\":\"https:\/\/dutchmicrodosing.com\/fr\/#organization\"},\"potentialAction\":[{\"@type\":\"SearchAction\",\"target\":{\"@type\":\"EntryPoint\",\"urlTemplate\":\"https:\/\/dutchmicrodosing.com\/fr\/?s={search_term_string}\"},\"query-input\":{\"@type\":\"PropertyValueSpecification\",\"valueRequired\":true,\"valueName\":\"search_term_string\"}}],\"inLanguage\":\"fr-FR\"},{\"@type\":\"Organization\",\"@id\":\"https:\/\/dutchmicrodosing.com\/fr\/#organization\",\"name\":\"Dutchmicrodosing\",\"url\":\"https:\/\/dutchmicrodosing.com\/fr\/\",\"logo\":{\"@type\":\"ImageObject\",\"inLanguage\":\"fr-FR\",\"@id\":\"https:\/\/dutchmicrodosing.com\/fr\/#\/schema\/logo\/image\/\",\"url\":\"https:\/\/dutchmicrodosing.com\/wp-content\/uploads\/2021\/01\/microdosing-categorie-pic-nieuw.jpg\",\"contentUrl\":\"https:\/\/dutchmicrodosing.com\/wp-content\/uploads\/2021\/01\/microdosing-categorie-pic-nieuw.jpg\",\"width\":500,\"height\":500,\"caption\":\"Dutchmicrodosing\"},\"image\":{\"@id\":\"https:\/\/dutchmicrodosing.com\/fr\/#\/schema\/logo\/image\/\"},\"sameAs\":[\"https:\/\/www.facebook.com\/Dutchmicrodosingxp\/\",\"https:\/\/www.instagram.com\/dutchmicrodosing\/\"]}]}<\/script>\n<meta property=\"product:price:amount\" content=\"49.95\" \/>\n<meta property=\"product:price:currency\" content=\"EUR\" \/>\n<meta property=\"og:availability\" content=\"instock\" \/>\n<meta property=\"product:availability\" content=\"instock\" \/>\n<meta property=\"product:retailer_item_id\" content=\"3205382\" \/>\n<meta property=\"product:condition\" content=\"new\" \/>\n<!-- \/ Yoast SEO Premium plugin. -->","yoast_head_json":{"title":"Wise Rootz - Full Focus (1 mois) - Dutchmicrodosing","description":"R\u00e9v\u00e9lez votre v\u00e9ritable potentiel gr\u00e2ce \u00e0 la gamme r\u00e9volutionnaire de truffes de microdosage Rootz Full Focus, sp\u00e9cialement con\u00e7ues pour am\u00e9liorer vos capacit\u00e9s mentales....","robots":{"index":"index","follow":"follow","max-snippet":"max-snippet:-1","max-image-preview":"max-image-preview:large","max-video-preview":"max-video-preview:-1"},"canonical":"https:\/\/dutchmicrodosing.com\/fr\/microdosage\/wise-rootz-full-focus\/","og_locale":"fr_FR","og_type":"article","og_title":"Wise Rootz - Full Focus (1 mois)","og_description":"R\u00e9v\u00e9lez votre v\u00e9ritable potentiel avec la ligne r\u00e9volutionnaire de truffes microdos\u00e9es Rootz Full Focus , sp\u00e9cialement con\u00e7ues pour am\u00e9liorer vos","og_url":"https:\/\/dutchmicrodosing.com\/fr\/microdosage\/wise-rootz-full-focus\/","og_site_name":"Dutchmicrodosing","article_publisher":"https:\/\/www.facebook.com\/Dutchmicrodosingxp\/","article_modified_time":"2026-04-14T15:56:37+00:00","og_image":[{"width":1174,"height":882,"url":"https:\/\/dutchmicrodosing.com\/wp-content\/uploads\/2023\/05\/wiserootz_box_fullfocus.jpg","type":"image\/jpeg"}],"twitter_card":"summary_large_image","schema":{"@context":"https:\/\/schema.org","@graph":[{"@type":"WebPage","@id":"https:\/\/dutchmicrodosing.com\/fr\/microdosage\/wise-rootz-full-focus\/","url":"https:\/\/dutchmicrodosing.com\/fr\/microdosage\/wise-rootz-full-focus\/","name":"Wise Rootz - Full Focus (1 mois) - Dutchmicrodosing","isPartOf":{"@id":"https:\/\/dutchmicrodosing.com\/fr\/#website"},"primaryImageOfPage":{"@id":"https:\/\/dutchmicrodosing.com\/fr\/microdosage\/wise-rootz-full-focus\/#primaryimage"},"image":{"@id":"https:\/\/dutchmicrodosing.com\/fr\/microdosage\/wise-rootz-full-focus\/#primaryimage"},"thumbnailUrl":"https:\/\/dutchmicrodosing.com\/wp-content\/uploads\/2023\/05\/wiserootz_box_fullfocus.jpg","datePublished":"2023-05-31T20:09:54+00:00","dateModified":"2026-04-14T15:56:37+00:00","description":"R\u00e9v\u00e9lez votre v\u00e9ritable potentiel gr\u00e2ce \u00e0 la gamme r\u00e9volutionnaire de truffes de microdosage Rootz Full Focus, sp\u00e9cialement con\u00e7ues pour am\u00e9liorer vos capacit\u00e9s mentales....","breadcrumb":{"@id":"https:\/\/dutchmicrodosing.com\/fr\/microdosage\/wise-rootz-full-focus\/#breadcrumb"},"inLanguage":"fr-FR","potentialAction":[{"@type":"ReadAction","target":["https:\/\/dutchmicrodosing.com\/fr\/microdosage\/wise-rootz-full-focus\/"]}]},{"@type":"ImageObject","inLanguage":"fr-FR","@id":"https:\/\/dutchmicrodosing.com\/fr\/microdosage\/wise-rootz-full-focus\/#primaryimage","url":"https:\/\/dutchmicrodosing.com\/wp-content\/uploads\/2023\/05\/wiserootz_box_fullfocus.jpg","contentUrl":"https:\/\/dutchmicrodosing.com\/wp-content\/uploads\/2023\/05\/wiserootz_box_fullfocus.jpg","width":1174,"height":882},{"@type":"BreadcrumbList","@id":"https:\/\/dutchmicrodosing.com\/fr\/microdosage\/wise-rootz-full-focus\/#breadcrumb","itemListElement":[{"@type":"ListItem","position":1,"name":"Home","item":"https:\/\/dutchmicrodosing.com\/fr\/"},{"@type":"ListItem","position":2,"name":"Boutique","item":"https:\/\/dutchmicrodosing.com\/fr\/boutique\/"},{"@type":"ListItem","position":3,"name":"Wise Rootz &#8211; Full Focus (1 mois)"}]},{"@type":"WebSite","@id":"https:\/\/dutchmicrodosing.com\/fr\/#website","url":"https:\/\/dutchmicrodosing.com\/fr\/","name":"Dutchmicrodosing","description":"","publisher":{"@id":"https:\/\/dutchmicrodosing.com\/fr\/#organization"},"potentialAction":[{"@type":"SearchAction","target":{"@type":"EntryPoint","urlTemplate":"https:\/\/dutchmicrodosing.com\/fr\/?s={search_term_string}"},"query-input":{"@type":"PropertyValueSpecification","valueRequired":true,"valueName":"search_term_string"}}],"inLanguage":"fr-FR"},{"@type":"Organization","@id":"https:\/\/dutchmicrodosing.com\/fr\/#organization","name":"Dutchmicrodosing","url":"https:\/\/dutchmicrodosing.com\/fr\/","logo":{"@type":"ImageObject","inLanguage":"fr-FR","@id":"https:\/\/dutchmicrodosing.com\/fr\/#\/schema\/logo\/image\/","url":"https:\/\/dutchmicrodosing.com\/wp-content\/uploads\/2021\/01\/microdosing-categorie-pic-nieuw.jpg","contentUrl":"https:\/\/dutchmicrodosing.com\/wp-content\/uploads\/2021\/01\/microdosing-categorie-pic-nieuw.jpg","width":500,"height":500,"caption":"Dutchmicrodosing"},"image":{"@id":"https:\/\/dutchmicrodosing.com\/fr\/#\/schema\/logo\/image\/"},"sameAs":["https:\/\/www.facebook.com\/Dutchmicrodosingxp\/","https:\/\/www.instagram.com\/dutchmicrodosing\/"]}]},"product_price_amount":"49.95","product_price_currency":"EUR","og_availability":"instock","product_availability":"instock","product_retailer_item_id":"3205382","product_condition":"new"},"_links":{"self":[{"href":"https:\/\/dutchmicrodosing.com\/fr\/wp-json\/wp\/v2\/product\/25082","targetHints":{"allow":["GET"]}}],"collection":[{"href":"https:\/\/dutchmicrodosing.com\/fr\/wp-json\/wp\/v2\/product"}],"about":[{"href":"https:\/\/dutchmicrodosing.com\/fr\/wp-json\/wp\/v2\/types\/product"}],"replies":[{"embeddable":true,"href":"https:\/\/dutchmicrodosing.com\/fr\/wp-json\/wp\/v2\/comments?post=25082"}],"version-history":[{"count":0,"href":"https:\/\/dutchmicrodosing.com\/fr\/wp-json\/wp\/v2\/product\/25082\/revisions"}],"wp:featuredmedia":[{"embeddable":true,"href":"https:\/\/dutchmicrodosing.com\/fr\/wp-json\/wp\/v2\/media\/24610"}],"wp:attachment":[{"href":"https:\/\/dutchmicrodosing.com\/fr\/wp-json\/wp\/v2\/media?parent=25082"}],"wp:term":[{"taxonomy":"product_brand","embeddable":true,"href":"https:\/\/dutchmicrodosing.com\/fr\/wp-json\/wp\/v2\/product_brand?post=25082"},{"taxonomy":"product_cat","embeddable":true,"href":"https:\/\/dutchmicrodosing.com\/fr\/wp-json\/wp\/v2\/product_cat?post=25082"},{"taxonomy":"product_tag","embeddable":true,"href":"https:\/\/dutchmicrodosing.com\/fr\/wp-json\/wp\/v2\/product_tag?post=25082"}],"curies":[{"name":"wp","href":"https:\/\/api.w.org\/{rel}","templated":true}]}}