{"id":26845,"date":"2023-08-22T13:23:08","date_gmt":"2023-08-22T11:23:08","guid":{"rendered":"https:\/\/dutchmicrodosing.com\/shop\/non%20class\u00e9\/lions-mane-hericium-erinaceus-growkit-xl\/"},"modified":"2025-08-20T15:10:39","modified_gmt":"2025-08-20T13:10:39","slug":"lions-mane-hericium-erinaceus-growkit-xl","status":"publish","type":"product","link":"https:\/\/dutchmicrodosing.com\/fr\/champignons-medicinaux\/lions-mane-hericium-erinaceus-growkit-xl\/","title":{"rendered":"Crini\u00e8re de lion (Hericium Erinaceus) Growkit XL"},"content":{"rendered":"<p>Le kit de culture XL rend facile et accessible la culture de vos propres <strong>champignons Lion&rsquo;s Mane<\/strong>. Connu pour ses vertus culinaires et ses bienfaits pour la sant\u00e9, ce champignon a un aspect poilu unique et un go\u00fbt proche de celui des fruits de mer. Vous n&rsquo;avez pas \u00e0 vous soucier des fournitures suppl\u00e9mentaires telles que le bois, car le kit comprend tout ce dont vous avez besoin. Les blocs de culture sont d\u00e9j\u00e0 pr\u00e9par\u00e9s avec une culture fongique, vous pouvez donc commencer tout de suite. Les d\u00e9butants et les cultivateurs exp\u00e9riment\u00e9s peuvent facilement cultiver la crini\u00e8re de lion avec ce kit. Il suffit de placer les blocs dans un endroit suffisamment a\u00e9r\u00e9 et humide pour les voir grandir !<\/p>\n<h3><strong>Culture de la crini\u00e8re de lion : un guide \u00e9tape par \u00e9tape<\/strong><\/h3>\n<p>Vous r\u00eavez de cultiver vos propres champignons \u00e0 la maison ? Avec notre kit de culture pour Whig Swamp (crini\u00e8re de lion), c&rsquo;est plus facile que vous ne le pensez. Voici un guide simple pour cultiver, soigner et r\u00e9colter ce d\u00e9licieux champignon.<\/p>\n<h4>Fournitures<\/h4>\n<ul>\n<li>Kit de culture de crini\u00e8re de lion.<\/li>\n<li>Pulv\u00e9risateur de plantes pour l&rsquo;arrosage.<\/li>\n<li>Tissu humide.<\/li>\n<li>Facultatif : un sac \u00e0 trous pour une humidit\u00e9 optimale.<\/li>\n<\/ul>\n<h3><strong>Instructions de culture Kit de culture de crini\u00e8re de lion<\/strong><\/h3>\n<p><strong>Introduction :<\/strong><\/p>\n<p>Le Pruikzwam (Lion&rsquo;s Mane \/ Hericium Erinaceus) est un champignon d\u00e9licieux et sain, \u00e0 la saveur et \u00e0 la texture uniques. Ce guide vous aidera \u00e0 cultiver avec succ\u00e8s des champignons Wig avec notre kit de culture.<\/p>\n<ol>\n<li style=\"list-style-type: none\">\n<ol>\n<li style=\"list-style-type: none\">\n<ol>\n<li><strong>Contenu du kit de culture:<\/strong>Le kit de culture contient un substrat compos\u00e9 de Master&rsquo;s Mix, une combinaison de coques de soja et de bois dur. Le myc\u00e9lium du Pruikzwam est d\u00e9j\u00e0 pr\u00e9sent dans le substrat, il a juste besoin d&rsquo;un peu de temps pour devenir visible. <\/li>\n<li><strong>Fournitures:<\/strong>En plus du kit de culture, vous aurez besoin d&rsquo;un pulv\u00e9risateur pour plantes et\/ou d&rsquo;un chiffon humide. Une fois que les coupes sont en place, il est recommand\u00e9 de pulv\u00e9riser quotidiennement jusqu&rsquo;\u00e0 ce que les champignons commencent \u00e0 pousser. <\/li>\n<li><strong>Pr\u00e9paration:<\/strong>Sortez le kit de culture de sa bo\u00eete et pliez le sac comme indiqu\u00e9 sur la photo 1. Le myc\u00e9lium du Pruikzwam a souvent besoin de quelques jours pour se remettre du voyage. De cette mani\u00e8re, le myc\u00e9lium peut respirer \u00e0 nouveau et achever la derni\u00e8re \u00e9tape de la colonisation. Lorsque vous voyez des petites boules blanches se former sur le substrat (mini champignons perruques), il est temps de faire les coupes. Faites <strong>deux entailles d&rsquo;environ 5 cm dans le<\/strong> bloc, de pr\u00e9f\u00e9rence \u00e0 l&#8217;emplacement des lignes noires, comme indiqu\u00e9 sur la photo num\u00e9ro 2<strong>.<\/strong>  Pour ce faire, vous pouvez utiliser l&rsquo;\u00e9lastique fourni. Placez le kit de culture sur une surface propre. En pla\u00e7ant le kit de culture sur un tissu humide pos\u00e9 sur une assiette, vous augmentez l&rsquo;humidit\u00e9 dans la zone imm\u00e9diate. Assurez-vous que l&rsquo;environnement dans lequel vous placez le kit de culture est exempt de courants d&rsquo;air.<\/li>\n<li><strong>Entretien et maintenance :<\/strong>La Wigweed a besoin d&rsquo;un taux d&rsquo;humidit\u00e9 \u00e9lev\u00e9 et de suffisamment d&rsquo;oxyg\u00e8ne pour bien se d\u00e9velopper. Id\u00e9alement, l&rsquo;humidit\u00e9 devrait se situer autour de 70-80%, mais notre souche a \u00e9t\u00e9 s\u00e9lectionn\u00e9e pour bien pousser m\u00eame \u00e0 des niveaux d&rsquo;humidit\u00e9 inf\u00e9rieurs. Maintenez la temp\u00e9rature entre 18 et 24\u00b0C pour une croissance optimale.  <\/li>\n<li><strong>R\u00e9colte:<\/strong>Le bon moment pour r\u00e9colter les champignons Whig est lorsque les spores n&rsquo;ont pas encore \u00e9t\u00e9 lib\u00e9r\u00e9es. C&rsquo;est g\u00e9n\u00e9ralement lorsque les \u00ab\u00a0lunes\u00a0\u00bb, ou structures en forme de dents du champignon, ont atteint leur longueur maximale et avant qu&rsquo;elles ne commencent \u00e0 se d\u00e9colorer ou \u00e0 se fl\u00e9trir. Le champignon est alors encore d&rsquo;un blanc \u00e9clatant. Vous pouvez retirer avec pr\u00e9caution le Pruikzwammen du substrat. Essayez de laisser le moins de r\u00e9sidus possible sur le substrat. Vous pouvez vous attendre \u00e0 deux r\u00e9coltes avec ce kit de culture, la premi\u00e8re \u00e9tant la plus importante. Avec un peu de chance, il peut y avoir une petite troisi\u00e8me r\u00e9colte, mais le kit de culture sera alors presque compl\u00e8tement \u00e9puis\u00e9. Entre les deux r\u00e9coltes, veillez \u00e0 ce que l&rsquo;humidit\u00e9 soit suffisante pour favoriser une deuxi\u00e8me croissance.       <\/li>\n<li><strong>Conservation:<\/strong>Conservez les champignons Wig r\u00e9colt\u00e9s dans un sac en papier au r\u00e9frig\u00e9rateur. Ils resteront frais pendant environ une semaine, mais v\u00e9rifiez r\u00e9guli\u00e8rement qu&rsquo;ils ne pr\u00e9sentent pas de signes de d\u00e9t\u00e9rioration tels qu&rsquo;une d\u00e9coloration ou une odeur d\u00e9sagr\u00e9able. <\/li>\n<li><strong>Suggestions de recettes:<\/strong>Le champignon Whig est polyvalent et savoureux dans de nombreux plats. Essayez par exemple les galettes de crabe aux champignons Wig, une fa\u00e7on d\u00e9licieuse et unique d&rsquo;appr\u00e9cier ce champignon. <\/li>\n<\/ol>\n<\/li>\n<\/ol>\n<\/li>\n<\/ol>\n<h3><strong>Conseils de stockage<\/strong><\/h3>\n<p>Conservez votre crini\u00e8re de lion fra\u00eeche dans un sac en papier au r\u00e9frig\u00e9rateur. Ils restent bons pendant environ une semaine.<\/p>\n<h3>Note !<\/h3>\n<p>Consultez votre m\u00e9decin avant toute utilisation en cas de grossesse, d&rsquo;allaitement ou de probl\u00e8mes de sant\u00e9.<\/p>\n","protected":false},"excerpt":{"rendered":"<p>Le kit de culture XL rend facile et accessible la culture de vos propres champignons Lion&rsquo;s Mane. Connu pour ses vertus culinaires et ses bienfaits pour la sant\u00e9, ce champignon a un aspect poilu unique et un go\u00fbt proche de celui des fruits de mer. Vous n&rsquo;avez pas \u00e0 vous soucier des fournitures suppl\u00e9mentaires telles [&hellip;]<\/p>\n","protected":false},"featured_media":26839,"comment_status":"closed","ping_status":"closed","template":"","meta":[],"product_brand":[],"product_cat":[129],"product_tag":[],"class_list":{"0":"post-26845","1":"product","2":"type-product","3":"status-publish","4":"has-post-thumbnail","6":"product_cat-champignons-medicinaux","8":"first","9":"outofstock","10":"taxable","11":"shipping-taxable","12":"purchasable","13":"product-type-simple"},"yoast_head":"<!-- This site is optimized with the Yoast SEO Premium plugin v26.4 (Yoast SEO v27.2) - https:\/\/yoast.com\/product\/yoast-seo-premium-wordpress\/ -->\n<title>Crini\u00e8re de lion (Hericium Erinaceus) Growkit XL - Dutchmicrodosing<\/title>\n<meta name=\"description\" content=\"D\u00e9couvrez le champignon m\u00e9dicinal \u00e0 crini\u00e8re de lion (Hericium Erinaceus), connu pour ses bienfaits potentiels sur la sant\u00e9 et les fonctions cognitives. Pour plus d&#039;informations, cliquez...\" \/>\n<meta name=\"robots\" content=\"index, follow, max-snippet:-1, max-image-preview:large, max-video-preview:-1\" \/>\n<link rel=\"canonical\" href=\"https:\/\/dutchmicrodosing.com\/fr\/champignons-medicinaux\/lions-mane-hericium-erinaceus-growkit-xl\/\" \/>\n<meta property=\"og:locale\" content=\"fr_FR\" \/>\n<meta property=\"og:type\" content=\"article\" \/>\n<meta property=\"og:title\" content=\"Crini\u00e8re de lion (Hericium Erinaceus) Growkit XL\" \/>\n<meta property=\"og:description\" content=\"Le kit de culture XL rend facile et accessible la culture de vos propres champignons Lion&#039;s Mane. Connu pour ses vertus culinaires et ses bienfaits pour\" \/>\n<meta property=\"og:url\" content=\"https:\/\/dutchmicrodosing.com\/fr\/champignons-medicinaux\/lions-mane-hericium-erinaceus-growkit-xl\/\" \/>\n<meta property=\"og:site_name\" content=\"Dutchmicrodosing\" \/>\n<meta property=\"article:publisher\" content=\"https:\/\/www.facebook.com\/Dutchmicrodosingxp\/\" \/>\n<meta property=\"article:modified_time\" content=\"2025-08-20T13:10:39+00:00\" \/>\n<meta property=\"og:image\" content=\"https:\/\/dutchmicrodosing.com\/wp-content\/uploads\/2023\/08\/lionsmanebag-1.jpg\" \/>\n\t<meta property=\"og:image:width\" content=\"960\" \/>\n\t<meta property=\"og:image:height\" content=\"720\" \/>\n\t<meta property=\"og:image:type\" content=\"image\/jpeg\" \/>\n<meta name=\"twitter:card\" content=\"summary_large_image\" \/>\n<script type=\"application\/ld+json\" class=\"yoast-schema-graph\">{\"@context\":\"https:\/\/schema.org\",\"@graph\":[{\"@type\":\"WebPage\",\"@id\":\"https:\/\/dutchmicrodosing.com\/fr\/champignons-medicinaux\/lions-mane-hericium-erinaceus-growkit-xl\/\",\"url\":\"https:\/\/dutchmicrodosing.com\/fr\/champignons-medicinaux\/lions-mane-hericium-erinaceus-growkit-xl\/\",\"name\":\"Crini\u00e8re de lion (Hericium Erinaceus) Growkit XL - Dutchmicrodosing\",\"isPartOf\":{\"@id\":\"https:\/\/dutchmicrodosing.com\/fr\/#website\"},\"primaryImageOfPage\":{\"@id\":\"https:\/\/dutchmicrodosing.com\/fr\/champignons-medicinaux\/lions-mane-hericium-erinaceus-growkit-xl\/#primaryimage\"},\"image\":{\"@id\":\"https:\/\/dutchmicrodosing.com\/fr\/champignons-medicinaux\/lions-mane-hericium-erinaceus-growkit-xl\/#primaryimage\"},\"thumbnailUrl\":\"https:\/\/dutchmicrodosing.com\/wp-content\/uploads\/2023\/08\/lionsmanebag-1.jpg\",\"datePublished\":\"2023-08-22T11:23:08+00:00\",\"dateModified\":\"2025-08-20T13:10:39+00:00\",\"description\":\"D\u00e9couvrez le champignon m\u00e9dicinal \u00e0 crini\u00e8re de lion (Hericium Erinaceus), connu pour ses bienfaits potentiels sur la sant\u00e9 et les fonctions cognitives. Pour plus d'informations, cliquez...\",\"breadcrumb\":{\"@id\":\"https:\/\/dutchmicrodosing.com\/fr\/champignons-medicinaux\/lions-mane-hericium-erinaceus-growkit-xl\/#breadcrumb\"},\"inLanguage\":\"fr-FR\",\"potentialAction\":[{\"@type\":\"ReadAction\",\"target\":[\"https:\/\/dutchmicrodosing.com\/fr\/champignons-medicinaux\/lions-mane-hericium-erinaceus-growkit-xl\/\"]}]},{\"@type\":\"ImageObject\",\"inLanguage\":\"fr-FR\",\"@id\":\"https:\/\/dutchmicrodosing.com\/fr\/champignons-medicinaux\/lions-mane-hericium-erinaceus-growkit-xl\/#primaryimage\",\"url\":\"https:\/\/dutchmicrodosing.com\/wp-content\/uploads\/2023\/08\/lionsmanebag-1.jpg\",\"contentUrl\":\"https:\/\/dutchmicrodosing.com\/wp-content\/uploads\/2023\/08\/lionsmanebag-1.jpg\",\"width\":960,\"height\":720},{\"@type\":\"BreadcrumbList\",\"@id\":\"https:\/\/dutchmicrodosing.com\/fr\/champignons-medicinaux\/lions-mane-hericium-erinaceus-growkit-xl\/#breadcrumb\",\"itemListElement\":[{\"@type\":\"ListItem\",\"position\":1,\"name\":\"Home\",\"item\":\"https:\/\/dutchmicrodosing.com\/fr\/\"},{\"@type\":\"ListItem\",\"position\":2,\"name\":\"Boutique\",\"item\":\"https:\/\/dutchmicrodosing.com\/fr\/boutique\/\"},{\"@type\":\"ListItem\",\"position\":3,\"name\":\"Crini\u00e8re de lion (Hericium Erinaceus) Growkit XL\"}]},{\"@type\":\"WebSite\",\"@id\":\"https:\/\/dutchmicrodosing.com\/fr\/#website\",\"url\":\"https:\/\/dutchmicrodosing.com\/fr\/\",\"name\":\"Dutchmicrodosing\",\"description\":\"\",\"publisher\":{\"@id\":\"https:\/\/dutchmicrodosing.com\/fr\/#organization\"},\"potentialAction\":[{\"@type\":\"SearchAction\",\"target\":{\"@type\":\"EntryPoint\",\"urlTemplate\":\"https:\/\/dutchmicrodosing.com\/fr\/?s={search_term_string}\"},\"query-input\":{\"@type\":\"PropertyValueSpecification\",\"valueRequired\":true,\"valueName\":\"search_term_string\"}}],\"inLanguage\":\"fr-FR\"},{\"@type\":\"Organization\",\"@id\":\"https:\/\/dutchmicrodosing.com\/fr\/#organization\",\"name\":\"Dutchmicrodosing\",\"url\":\"https:\/\/dutchmicrodosing.com\/fr\/\",\"logo\":{\"@type\":\"ImageObject\",\"inLanguage\":\"fr-FR\",\"@id\":\"https:\/\/dutchmicrodosing.com\/fr\/#\/schema\/logo\/image\/\",\"url\":\"https:\/\/dutchmicrodosing.com\/wp-content\/uploads\/2021\/01\/microdosing-categorie-pic-nieuw.jpg\",\"contentUrl\":\"https:\/\/dutchmicrodosing.com\/wp-content\/uploads\/2021\/01\/microdosing-categorie-pic-nieuw.jpg\",\"width\":500,\"height\":500,\"caption\":\"Dutchmicrodosing\"},\"image\":{\"@id\":\"https:\/\/dutchmicrodosing.com\/fr\/#\/schema\/logo\/image\/\"},\"sameAs\":[\"https:\/\/www.facebook.com\/Dutchmicrodosingxp\/\",\"https:\/\/www.instagram.com\/dutchmicrodosing\/\"]}]}<\/script>\n<meta property=\"product:price:amount\" content=\"24.95\" \/>\n<meta property=\"product:price:currency\" content=\"EUR\" \/>\n<meta property=\"og:availability\" content=\"out of stock\" \/>\n<meta property=\"product:availability\" content=\"out of stock\" \/>\n<meta property=\"product:retailer_item_id\" content=\"3208346\" \/>\n<meta property=\"product:condition\" content=\"new\" \/>\n<!-- \/ Yoast SEO Premium plugin. -->","yoast_head_json":{"title":"Crini\u00e8re de lion (Hericium Erinaceus) Growkit XL - Dutchmicrodosing","description":"D\u00e9couvrez le champignon m\u00e9dicinal \u00e0 crini\u00e8re de lion (Hericium Erinaceus), connu pour ses bienfaits potentiels sur la sant\u00e9 et les fonctions cognitives. Pour plus d'informations, cliquez...","robots":{"index":"index","follow":"follow","max-snippet":"max-snippet:-1","max-image-preview":"max-image-preview:large","max-video-preview":"max-video-preview:-1"},"canonical":"https:\/\/dutchmicrodosing.com\/fr\/champignons-medicinaux\/lions-mane-hericium-erinaceus-growkit-xl\/","og_locale":"fr_FR","og_type":"article","og_title":"Crini\u00e8re de lion (Hericium Erinaceus) Growkit XL","og_description":"Le kit de culture XL rend facile et accessible la culture de vos propres champignons Lion's Mane. Connu pour ses vertus culinaires et ses bienfaits pour","og_url":"https:\/\/dutchmicrodosing.com\/fr\/champignons-medicinaux\/lions-mane-hericium-erinaceus-growkit-xl\/","og_site_name":"Dutchmicrodosing","article_publisher":"https:\/\/www.facebook.com\/Dutchmicrodosingxp\/","article_modified_time":"2025-08-20T13:10:39+00:00","og_image":[{"width":960,"height":720,"url":"https:\/\/dutchmicrodosing.com\/wp-content\/uploads\/2023\/08\/lionsmanebag-1.jpg","type":"image\/jpeg"}],"twitter_card":"summary_large_image","schema":{"@context":"https:\/\/schema.org","@graph":[{"@type":"WebPage","@id":"https:\/\/dutchmicrodosing.com\/fr\/champignons-medicinaux\/lions-mane-hericium-erinaceus-growkit-xl\/","url":"https:\/\/dutchmicrodosing.com\/fr\/champignons-medicinaux\/lions-mane-hericium-erinaceus-growkit-xl\/","name":"Crini\u00e8re de lion (Hericium Erinaceus) Growkit XL - Dutchmicrodosing","isPartOf":{"@id":"https:\/\/dutchmicrodosing.com\/fr\/#website"},"primaryImageOfPage":{"@id":"https:\/\/dutchmicrodosing.com\/fr\/champignons-medicinaux\/lions-mane-hericium-erinaceus-growkit-xl\/#primaryimage"},"image":{"@id":"https:\/\/dutchmicrodosing.com\/fr\/champignons-medicinaux\/lions-mane-hericium-erinaceus-growkit-xl\/#primaryimage"},"thumbnailUrl":"https:\/\/dutchmicrodosing.com\/wp-content\/uploads\/2023\/08\/lionsmanebag-1.jpg","datePublished":"2023-08-22T11:23:08+00:00","dateModified":"2025-08-20T13:10:39+00:00","description":"D\u00e9couvrez le champignon m\u00e9dicinal \u00e0 crini\u00e8re de lion (Hericium Erinaceus), connu pour ses bienfaits potentiels sur la sant\u00e9 et les fonctions cognitives. Pour plus d'informations, cliquez...","breadcrumb":{"@id":"https:\/\/dutchmicrodosing.com\/fr\/champignons-medicinaux\/lions-mane-hericium-erinaceus-growkit-xl\/#breadcrumb"},"inLanguage":"fr-FR","potentialAction":[{"@type":"ReadAction","target":["https:\/\/dutchmicrodosing.com\/fr\/champignons-medicinaux\/lions-mane-hericium-erinaceus-growkit-xl\/"]}]},{"@type":"ImageObject","inLanguage":"fr-FR","@id":"https:\/\/dutchmicrodosing.com\/fr\/champignons-medicinaux\/lions-mane-hericium-erinaceus-growkit-xl\/#primaryimage","url":"https:\/\/dutchmicrodosing.com\/wp-content\/uploads\/2023\/08\/lionsmanebag-1.jpg","contentUrl":"https:\/\/dutchmicrodosing.com\/wp-content\/uploads\/2023\/08\/lionsmanebag-1.jpg","width":960,"height":720},{"@type":"BreadcrumbList","@id":"https:\/\/dutchmicrodosing.com\/fr\/champignons-medicinaux\/lions-mane-hericium-erinaceus-growkit-xl\/#breadcrumb","itemListElement":[{"@type":"ListItem","position":1,"name":"Home","item":"https:\/\/dutchmicrodosing.com\/fr\/"},{"@type":"ListItem","position":2,"name":"Boutique","item":"https:\/\/dutchmicrodosing.com\/fr\/boutique\/"},{"@type":"ListItem","position":3,"name":"Crini\u00e8re de lion (Hericium Erinaceus) Growkit XL"}]},{"@type":"WebSite","@id":"https:\/\/dutchmicrodosing.com\/fr\/#website","url":"https:\/\/dutchmicrodosing.com\/fr\/","name":"Dutchmicrodosing","description":"","publisher":{"@id":"https:\/\/dutchmicrodosing.com\/fr\/#organization"},"potentialAction":[{"@type":"SearchAction","target":{"@type":"EntryPoint","urlTemplate":"https:\/\/dutchmicrodosing.com\/fr\/?s={search_term_string}"},"query-input":{"@type":"PropertyValueSpecification","valueRequired":true,"valueName":"search_term_string"}}],"inLanguage":"fr-FR"},{"@type":"Organization","@id":"https:\/\/dutchmicrodosing.com\/fr\/#organization","name":"Dutchmicrodosing","url":"https:\/\/dutchmicrodosing.com\/fr\/","logo":{"@type":"ImageObject","inLanguage":"fr-FR","@id":"https:\/\/dutchmicrodosing.com\/fr\/#\/schema\/logo\/image\/","url":"https:\/\/dutchmicrodosing.com\/wp-content\/uploads\/2021\/01\/microdosing-categorie-pic-nieuw.jpg","contentUrl":"https:\/\/dutchmicrodosing.com\/wp-content\/uploads\/2021\/01\/microdosing-categorie-pic-nieuw.jpg","width":500,"height":500,"caption":"Dutchmicrodosing"},"image":{"@id":"https:\/\/dutchmicrodosing.com\/fr\/#\/schema\/logo\/image\/"},"sameAs":["https:\/\/www.facebook.com\/Dutchmicrodosingxp\/","https:\/\/www.instagram.com\/dutchmicrodosing\/"]}]},"product_price_amount":"24.95","product_price_currency":"EUR","og_availability":"out of stock","product_availability":"out of stock","product_retailer_item_id":"3208346","product_condition":"new"},"_links":{"self":[{"href":"https:\/\/dutchmicrodosing.com\/fr\/wp-json\/wp\/v2\/product\/26845","targetHints":{"allow":["GET"]}}],"collection":[{"href":"https:\/\/dutchmicrodosing.com\/fr\/wp-json\/wp\/v2\/product"}],"about":[{"href":"https:\/\/dutchmicrodosing.com\/fr\/wp-json\/wp\/v2\/types\/product"}],"replies":[{"embeddable":true,"href":"https:\/\/dutchmicrodosing.com\/fr\/wp-json\/wp\/v2\/comments?post=26845"}],"version-history":[{"count":0,"href":"https:\/\/dutchmicrodosing.com\/fr\/wp-json\/wp\/v2\/product\/26845\/revisions"}],"wp:featuredmedia":[{"embeddable":true,"href":"https:\/\/dutchmicrodosing.com\/fr\/wp-json\/wp\/v2\/media\/26839"}],"wp:attachment":[{"href":"https:\/\/dutchmicrodosing.com\/fr\/wp-json\/wp\/v2\/media?parent=26845"}],"wp:term":[{"taxonomy":"product_brand","embeddable":true,"href":"https:\/\/dutchmicrodosing.com\/fr\/wp-json\/wp\/v2\/product_brand?post=26845"},{"taxonomy":"product_cat","embeddable":true,"href":"https:\/\/dutchmicrodosing.com\/fr\/wp-json\/wp\/v2\/product_cat?post=26845"},{"taxonomy":"product_tag","embeddable":true,"href":"https:\/\/dutchmicrodosing.com\/fr\/wp-json\/wp\/v2\/product_tag?post=26845"}],"curies":[{"name":"wp","href":"https:\/\/api.w.org\/{rel}","templated":true}]}}