{"id":26871,"date":"2022-01-15T17:47:05","date_gmt":"2022-01-15T16:47:05","guid":{"rendered":"https:\/\/dutchmicrodosing.com\/shop\/non%20class\u00e9\/moulin-a-truffe-magique\/"},"modified":"2026-02-03T16:42:25","modified_gmt":"2026-02-03T15:42:25","slug":"moulin-a-truffe-magique","status":"publish","type":"product","link":"https:\/\/dutchmicrodosing.com\/fr\/truffes-a-la-psilocybine\/truffes-magiques-bio-xp\/moulin-a-truffe-magique\/","title":{"rendered":"Moulin \u00e0 truffes magique"},"content":{"rendered":"<p>Lorsque vous m\u00e2chez des <strong>truffes magiques<\/strong>, des mol\u00e9cules d&rsquo;ar\u00f4me sont lib\u00e9r\u00e9es. Ces mol\u00e9cules aromatiques ont un go\u00fbt diff\u00e9rent des autres aliments que vous consommez plus r\u00e9guli\u00e8rement. En broyant vos truffes, vous d\u00e9gagerez moins d&rsquo;ar\u00f4mes lors de la d\u00e9gustation. Une id\u00e9e agr\u00e9able pour ceux qui n&rsquo;aiment pas le go\u00fbt des truffes magiques.<\/p>\n<h3>Contenu<\/h3>\n<p>Moulin \u00e0 truffes<\/p>\n","protected":false},"excerpt":{"rendered":"<p>Lorsque vous m\u00e2chez des truffes magiques, des mol\u00e9cules d&rsquo;ar\u00f4me sont lib\u00e9r\u00e9es. Ces mol\u00e9cules aromatiques ont un go\u00fbt diff\u00e9rent des autres aliments que vous consommez plus r\u00e9guli\u00e8rement. En broyant vos truffes, vous d\u00e9gagerez moins d&rsquo;ar\u00f4mes lors de la d\u00e9gustation. Une id\u00e9e agr\u00e9able pour ceux qui n&rsquo;aiment pas le go\u00fbt des truffes magiques. Contenu Moulin \u00e0 truffes<\/p>\n","protected":false},"featured_media":63021,"comment_status":"closed","ping_status":"closed","template":"","meta":[],"product_brand":[],"product_cat":[201,125],"product_tag":[],"class_list":{"0":"post-26871","1":"product","2":"type-product","3":"status-publish","4":"has-post-thumbnail","6":"product_cat-truffes-magiques","7":"product_cat-truffes-magiques-bio-xp","9":"first","10":"instock","11":"taxable","12":"shipping-taxable","13":"purchasable","14":"product-type-simple"},"yoast_head":"<!-- This site is optimized with the Yoast SEO Premium plugin v26.4 (Yoast SEO v27.2) - https:\/\/yoast.com\/product\/yoast-seo-premium-wordpress\/ -->\n<title>Moulin \u00e0 truffes magique - Dutchmicrodosing<\/title>\n<meta name=\"robots\" content=\"index, follow, max-snippet:-1, max-image-preview:large, max-video-preview:-1\" \/>\n<link rel=\"canonical\" href=\"https:\/\/dutchmicrodosing.com\/fr\/truffes-a-la-psilocybine\/truffes-magiques-bio-xp\/moulin-a-truffe-magique\/\" \/>\n<meta property=\"og:locale\" content=\"fr_FR\" \/>\n<meta property=\"og:type\" content=\"article\" \/>\n<meta property=\"og:title\" content=\"Moulin \u00e0 truffes magique\" \/>\n<meta property=\"og:description\" content=\"Lorsque vous m\u00e2chez des truffes magiques, des mol\u00e9cules d&#039;ar\u00f4me sont lib\u00e9r\u00e9es. Ces mol\u00e9cules aromatiques ont un go\u00fbt diff\u00e9rent des autres aliments que\" \/>\n<meta property=\"og:url\" content=\"https:\/\/dutchmicrodosing.com\/fr\/truffes-a-la-psilocybine\/truffes-magiques-bio-xp\/moulin-a-truffe-magique\/\" \/>\n<meta property=\"og:site_name\" content=\"Dutchmicrodosing\" \/>\n<meta property=\"article:publisher\" content=\"https:\/\/www.facebook.com\/Dutchmicrodosingxp\/\" \/>\n<meta property=\"article:modified_time\" content=\"2026-02-03T15:42:25+00:00\" \/>\n<meta property=\"og:image\" content=\"https:\/\/dutchmicrodosing.com\/wp-content\/uploads\/2022\/01\/Royal_magic_truffles_Grinder.webp\" \/>\n\t<meta property=\"og:image:width\" content=\"480\" \/>\n\t<meta property=\"og:image:height\" content=\"480\" \/>\n\t<meta property=\"og:image:type\" content=\"image\/webp\" \/>\n<meta name=\"twitter:card\" content=\"summary_large_image\" \/>\n<script type=\"application\/ld+json\" class=\"yoast-schema-graph\">{\"@context\":\"https:\/\/schema.org\",\"@graph\":[{\"@type\":\"WebPage\",\"@id\":\"https:\/\/dutchmicrodosing.com\/fr\/truffes-a-la-psilocybine\/truffes-magiques-bio-xp\/moulin-a-truffe-magique\/\",\"url\":\"https:\/\/dutchmicrodosing.com\/fr\/truffes-a-la-psilocybine\/truffes-magiques-bio-xp\/moulin-a-truffe-magique\/\",\"name\":\"Moulin \u00e0 truffes magique - Dutchmicrodosing\",\"isPartOf\":{\"@id\":\"https:\/\/dutchmicrodosing.com\/fr\/#website\"},\"primaryImageOfPage\":{\"@id\":\"https:\/\/dutchmicrodosing.com\/fr\/truffes-a-la-psilocybine\/truffes-magiques-bio-xp\/moulin-a-truffe-magique\/#primaryimage\"},\"image\":{\"@id\":\"https:\/\/dutchmicrodosing.com\/fr\/truffes-a-la-psilocybine\/truffes-magiques-bio-xp\/moulin-a-truffe-magique\/#primaryimage\"},\"thumbnailUrl\":\"https:\/\/dutchmicrodosing.com\/wp-content\/uploads\/2022\/01\/Royal_magic_truffles_Grinder.webp\",\"datePublished\":\"2022-01-15T16:47:05+00:00\",\"dateModified\":\"2026-02-03T15:42:25+00:00\",\"breadcrumb\":{\"@id\":\"https:\/\/dutchmicrodosing.com\/fr\/truffes-a-la-psilocybine\/truffes-magiques-bio-xp\/moulin-a-truffe-magique\/#breadcrumb\"},\"inLanguage\":\"fr-FR\",\"potentialAction\":[{\"@type\":\"ReadAction\",\"target\":[\"https:\/\/dutchmicrodosing.com\/fr\/truffes-a-la-psilocybine\/truffes-magiques-bio-xp\/moulin-a-truffe-magique\/\"]}]},{\"@type\":\"ImageObject\",\"inLanguage\":\"fr-FR\",\"@id\":\"https:\/\/dutchmicrodosing.com\/fr\/truffes-a-la-psilocybine\/truffes-magiques-bio-xp\/moulin-a-truffe-magique\/#primaryimage\",\"url\":\"https:\/\/dutchmicrodosing.com\/wp-content\/uploads\/2022\/01\/Royal_magic_truffles_Grinder.webp\",\"contentUrl\":\"https:\/\/dutchmicrodosing.com\/wp-content\/uploads\/2022\/01\/Royal_magic_truffles_Grinder.webp\",\"width\":480,\"height\":480},{\"@type\":\"BreadcrumbList\",\"@id\":\"https:\/\/dutchmicrodosing.com\/fr\/truffes-a-la-psilocybine\/truffes-magiques-bio-xp\/moulin-a-truffe-magique\/#breadcrumb\",\"itemListElement\":[{\"@type\":\"ListItem\",\"position\":1,\"name\":\"Home\",\"item\":\"https:\/\/dutchmicrodosing.com\/fr\/\"},{\"@type\":\"ListItem\",\"position\":2,\"name\":\"Boutique\",\"item\":\"https:\/\/dutchmicrodosing.com\/fr\/boutique\/\"},{\"@type\":\"ListItem\",\"position\":3,\"name\":\"Moulin \u00e0 truffes magique\"}]},{\"@type\":\"WebSite\",\"@id\":\"https:\/\/dutchmicrodosing.com\/fr\/#website\",\"url\":\"https:\/\/dutchmicrodosing.com\/fr\/\",\"name\":\"Dutchmicrodosing\",\"description\":\"\",\"publisher\":{\"@id\":\"https:\/\/dutchmicrodosing.com\/fr\/#organization\"},\"potentialAction\":[{\"@type\":\"SearchAction\",\"target\":{\"@type\":\"EntryPoint\",\"urlTemplate\":\"https:\/\/dutchmicrodosing.com\/fr\/?s={search_term_string}\"},\"query-input\":{\"@type\":\"PropertyValueSpecification\",\"valueRequired\":true,\"valueName\":\"search_term_string\"}}],\"inLanguage\":\"fr-FR\"},{\"@type\":\"Organization\",\"@id\":\"https:\/\/dutchmicrodosing.com\/fr\/#organization\",\"name\":\"Dutchmicrodosing\",\"url\":\"https:\/\/dutchmicrodosing.com\/fr\/\",\"logo\":{\"@type\":\"ImageObject\",\"inLanguage\":\"fr-FR\",\"@id\":\"https:\/\/dutchmicrodosing.com\/fr\/#\/schema\/logo\/image\/\",\"url\":\"https:\/\/dutchmicrodosing.com\/wp-content\/uploads\/2021\/01\/microdosing-categorie-pic-nieuw.jpg\",\"contentUrl\":\"https:\/\/dutchmicrodosing.com\/wp-content\/uploads\/2021\/01\/microdosing-categorie-pic-nieuw.jpg\",\"width\":500,\"height\":500,\"caption\":\"Dutchmicrodosing\"},\"image\":{\"@id\":\"https:\/\/dutchmicrodosing.com\/fr\/#\/schema\/logo\/image\/\"},\"sameAs\":[\"https:\/\/www.facebook.com\/Dutchmicrodosingxp\/\",\"https:\/\/www.instagram.com\/dutchmicrodosing\/\"]}]}<\/script>\n<meta property=\"product:price:amount\" content=\"4.95\" \/>\n<meta property=\"product:price:currency\" content=\"EUR\" \/>\n<meta property=\"og:availability\" content=\"instock\" \/>\n<meta property=\"product:availability\" content=\"instock\" \/>\n<meta property=\"product:retailer_item_id\" content=\"0201113\" \/>\n<meta property=\"product:condition\" content=\"new\" \/>\n<!-- \/ Yoast SEO Premium plugin. -->","yoast_head_json":{"title":"Moulin \u00e0 truffes magique - Dutchmicrodosing","robots":{"index":"index","follow":"follow","max-snippet":"max-snippet:-1","max-image-preview":"max-image-preview:large","max-video-preview":"max-video-preview:-1"},"canonical":"https:\/\/dutchmicrodosing.com\/fr\/truffes-a-la-psilocybine\/truffes-magiques-bio-xp\/moulin-a-truffe-magique\/","og_locale":"fr_FR","og_type":"article","og_title":"Moulin \u00e0 truffes magique","og_description":"Lorsque vous m\u00e2chez des truffes magiques, des mol\u00e9cules d'ar\u00f4me sont lib\u00e9r\u00e9es. Ces mol\u00e9cules aromatiques ont un go\u00fbt diff\u00e9rent des autres aliments que","og_url":"https:\/\/dutchmicrodosing.com\/fr\/truffes-a-la-psilocybine\/truffes-magiques-bio-xp\/moulin-a-truffe-magique\/","og_site_name":"Dutchmicrodosing","article_publisher":"https:\/\/www.facebook.com\/Dutchmicrodosingxp\/","article_modified_time":"2026-02-03T15:42:25+00:00","og_image":[{"width":480,"height":480,"url":"https:\/\/dutchmicrodosing.com\/wp-content\/uploads\/2022\/01\/Royal_magic_truffles_Grinder.webp","type":"image\/webp"}],"twitter_card":"summary_large_image","schema":{"@context":"https:\/\/schema.org","@graph":[{"@type":"WebPage","@id":"https:\/\/dutchmicrodosing.com\/fr\/truffes-a-la-psilocybine\/truffes-magiques-bio-xp\/moulin-a-truffe-magique\/","url":"https:\/\/dutchmicrodosing.com\/fr\/truffes-a-la-psilocybine\/truffes-magiques-bio-xp\/moulin-a-truffe-magique\/","name":"Moulin \u00e0 truffes magique - Dutchmicrodosing","isPartOf":{"@id":"https:\/\/dutchmicrodosing.com\/fr\/#website"},"primaryImageOfPage":{"@id":"https:\/\/dutchmicrodosing.com\/fr\/truffes-a-la-psilocybine\/truffes-magiques-bio-xp\/moulin-a-truffe-magique\/#primaryimage"},"image":{"@id":"https:\/\/dutchmicrodosing.com\/fr\/truffes-a-la-psilocybine\/truffes-magiques-bio-xp\/moulin-a-truffe-magique\/#primaryimage"},"thumbnailUrl":"https:\/\/dutchmicrodosing.com\/wp-content\/uploads\/2022\/01\/Royal_magic_truffles_Grinder.webp","datePublished":"2022-01-15T16:47:05+00:00","dateModified":"2026-02-03T15:42:25+00:00","breadcrumb":{"@id":"https:\/\/dutchmicrodosing.com\/fr\/truffes-a-la-psilocybine\/truffes-magiques-bio-xp\/moulin-a-truffe-magique\/#breadcrumb"},"inLanguage":"fr-FR","potentialAction":[{"@type":"ReadAction","target":["https:\/\/dutchmicrodosing.com\/fr\/truffes-a-la-psilocybine\/truffes-magiques-bio-xp\/moulin-a-truffe-magique\/"]}]},{"@type":"ImageObject","inLanguage":"fr-FR","@id":"https:\/\/dutchmicrodosing.com\/fr\/truffes-a-la-psilocybine\/truffes-magiques-bio-xp\/moulin-a-truffe-magique\/#primaryimage","url":"https:\/\/dutchmicrodosing.com\/wp-content\/uploads\/2022\/01\/Royal_magic_truffles_Grinder.webp","contentUrl":"https:\/\/dutchmicrodosing.com\/wp-content\/uploads\/2022\/01\/Royal_magic_truffles_Grinder.webp","width":480,"height":480},{"@type":"BreadcrumbList","@id":"https:\/\/dutchmicrodosing.com\/fr\/truffes-a-la-psilocybine\/truffes-magiques-bio-xp\/moulin-a-truffe-magique\/#breadcrumb","itemListElement":[{"@type":"ListItem","position":1,"name":"Home","item":"https:\/\/dutchmicrodosing.com\/fr\/"},{"@type":"ListItem","position":2,"name":"Boutique","item":"https:\/\/dutchmicrodosing.com\/fr\/boutique\/"},{"@type":"ListItem","position":3,"name":"Moulin \u00e0 truffes magique"}]},{"@type":"WebSite","@id":"https:\/\/dutchmicrodosing.com\/fr\/#website","url":"https:\/\/dutchmicrodosing.com\/fr\/","name":"Dutchmicrodosing","description":"","publisher":{"@id":"https:\/\/dutchmicrodosing.com\/fr\/#organization"},"potentialAction":[{"@type":"SearchAction","target":{"@type":"EntryPoint","urlTemplate":"https:\/\/dutchmicrodosing.com\/fr\/?s={search_term_string}"},"query-input":{"@type":"PropertyValueSpecification","valueRequired":true,"valueName":"search_term_string"}}],"inLanguage":"fr-FR"},{"@type":"Organization","@id":"https:\/\/dutchmicrodosing.com\/fr\/#organization","name":"Dutchmicrodosing","url":"https:\/\/dutchmicrodosing.com\/fr\/","logo":{"@type":"ImageObject","inLanguage":"fr-FR","@id":"https:\/\/dutchmicrodosing.com\/fr\/#\/schema\/logo\/image\/","url":"https:\/\/dutchmicrodosing.com\/wp-content\/uploads\/2021\/01\/microdosing-categorie-pic-nieuw.jpg","contentUrl":"https:\/\/dutchmicrodosing.com\/wp-content\/uploads\/2021\/01\/microdosing-categorie-pic-nieuw.jpg","width":500,"height":500,"caption":"Dutchmicrodosing"},"image":{"@id":"https:\/\/dutchmicrodosing.com\/fr\/#\/schema\/logo\/image\/"},"sameAs":["https:\/\/www.facebook.com\/Dutchmicrodosingxp\/","https:\/\/www.instagram.com\/dutchmicrodosing\/"]}]},"product_price_amount":"4.95","product_price_currency":"EUR","og_availability":"instock","product_availability":"instock","product_retailer_item_id":"0201113","product_condition":"new"},"_links":{"self":[{"href":"https:\/\/dutchmicrodosing.com\/fr\/wp-json\/wp\/v2\/product\/26871","targetHints":{"allow":["GET"]}}],"collection":[{"href":"https:\/\/dutchmicrodosing.com\/fr\/wp-json\/wp\/v2\/product"}],"about":[{"href":"https:\/\/dutchmicrodosing.com\/fr\/wp-json\/wp\/v2\/types\/product"}],"replies":[{"embeddable":true,"href":"https:\/\/dutchmicrodosing.com\/fr\/wp-json\/wp\/v2\/comments?post=26871"}],"version-history":[{"count":1,"href":"https:\/\/dutchmicrodosing.com\/fr\/wp-json\/wp\/v2\/product\/26871\/revisions"}],"predecessor-version":[{"id":64284,"href":"https:\/\/dutchmicrodosing.com\/fr\/wp-json\/wp\/v2\/product\/26871\/revisions\/64284"}],"wp:featuredmedia":[{"embeddable":true,"href":"https:\/\/dutchmicrodosing.com\/fr\/wp-json\/wp\/v2\/media\/63021"}],"wp:attachment":[{"href":"https:\/\/dutchmicrodosing.com\/fr\/wp-json\/wp\/v2\/media?parent=26871"}],"wp:term":[{"taxonomy":"product_brand","embeddable":true,"href":"https:\/\/dutchmicrodosing.com\/fr\/wp-json\/wp\/v2\/product_brand?post=26871"},{"taxonomy":"product_cat","embeddable":true,"href":"https:\/\/dutchmicrodosing.com\/fr\/wp-json\/wp\/v2\/product_cat?post=26871"},{"taxonomy":"product_tag","embeddable":true,"href":"https:\/\/dutchmicrodosing.com\/fr\/wp-json\/wp\/v2\/product_tag?post=26871"}],"curies":[{"name":"wp","href":"https:\/\/api.w.org\/{rel}","templated":true}]}}