{"id":26900,"date":"2023-08-23T12:56:08","date_gmt":"2023-08-23T10:56:08","guid":{"rendered":"https:\/\/dutchmicrodosing.com\/shop\/non%20class\u00e9\/refresh-quick-flush-30-pieces\/"},"modified":"2025-08-28T02:02:26","modified_gmt":"2025-08-28T00:02:26","slug":"refresh-quick-flush-30-pieces","status":"publish","type":"product","link":"https:\/\/dutchmicrodosing.com\/fr\/boutique-de-sante\/vitamines-et-supplements\/refresh-quick-flush-30-pieces\/","title":{"rendered":"Refresh Quick Flush &#8211; 30 pi\u00e8ces"},"content":{"rendered":"<p>Les <strong>comprim\u00e9s Quick Flush<\/strong> sont des pilules de d\u00e9sintoxication naturelle qui contiennent un m\u00e9lange d&rsquo;herbes, de vitamines et de min\u00e9raux. Cette formule est con\u00e7ue pour \u00e9liminer les toxines, soutenir le foie et faciliter la digestion. Les plantes contenues dans ces comprim\u00e9s aident \u00e0 nettoyer l&rsquo;organisme et \u00e0 am\u00e9liorer la sant\u00e9 intestinale. En outre, les vitamines A, C et E offrent une protection suppl\u00e9mentaire contre les radicaux libres nocifs gr\u00e2ce \u00e0 leurs propri\u00e9t\u00e9s antioxydantes. En bref, il s&rsquo;agit de comprim\u00e9s naturels qui favorisent la sant\u00e9 et la d\u00e9sintoxication de l&rsquo;organisme.<\/p>\n<h3>Ingr\u00e9dients<\/h3>\n<ul>\n<li>Vitamine C (acide ascorbique) (400 mg)<\/li>\n<li>Glucose anhydre (380 mg)<\/li>\n<li>Vitamine E (DL-alpha-tocoph\u00e9rol) (90 mg)<\/li>\n<li>Vitamine B3 (Nicotinamide) (80 mg)<\/li>\n<li>Vitamine B5 (acide pantoth\u00e9nique) (32,55 mg)<\/li>\n<li>Vitamine B12 (Cyanocobalamine) (12,5 mg)<\/li>\n<li>Vitamine B6 (chlorhydrate de pyridoxine) (8,55 mg)<\/li>\n<li>Vitamine B2 (Riboflavine) (7 mg)<\/li>\n<li>Vitamine B1 (mononitrate de thiamine) (6,35 mg)<\/li>\n<li>Vitamine B9 (acide folique) (1 mg)<\/li>\n<li>Vitamine B8 (Biotine) (0,25 mg)<\/li>\n<li>Huile de tournesol (1,05 g)<\/li>\n<li>Soja partiellement hydrog\u00e9n\u00e9 (275 mg)<\/li>\n<li>L\u00e9cithine de soja VEROLEC 56 non-ggo ip (100 mg)<\/li>\n<li>Vitaheess E (0,21 mg)<\/li>\n<li>Excipients : G\u00e9latine bovine, E172, E422.<\/li>\n<\/ul>\n<h3>Utilisation<\/h3>\n<p>Pour une cure, prendre 5 softgels par jour pendant 2 jours cons\u00e9cutifs avec 2 ou 3 verres d&rsquo;eau. Ne pas prendre plus de 5 softgels en l&rsquo;espace de 24 heures. Ne pas d\u00e9passer cette dose journali\u00e8re. Buvez au moins 10 verres d&rsquo;eau par jour pour hydrater le corps pendant ce r\u00e9gime.<\/p>\n<h3>Conseils de stockage<\/h3>\n<p>Dans un endroit sec et frais, hors de port\u00e9e des enfants.<\/p>\n<h3>Contenu<\/h3>\n<p>Refresh Quick Flush &#8211; 30 g\u00e9lules.<\/p>\n","protected":false},"excerpt":{"rendered":"<p>Les comprim\u00e9s Quick Flush sont des pilules de d\u00e9sintoxication naturelle qui contiennent un m\u00e9lange d&rsquo;herbes, de vitamines et de min\u00e9raux. Cette formule est con\u00e7ue pour \u00e9liminer les toxines, soutenir le foie et faciliter la digestion. Les plantes contenues dans ces comprim\u00e9s aident \u00e0 nettoyer l&rsquo;organisme et \u00e0 am\u00e9liorer la sant\u00e9 intestinale. En outre, les vitamines [&hellip;]<\/p>\n","protected":false},"featured_media":26894,"comment_status":"closed","ping_status":"closed","template":"","meta":[],"product_brand":[],"product_cat":[131],"product_tag":[],"class_list":{"0":"post-26900","1":"product","2":"type-product","3":"status-publish","4":"has-post-thumbnail","6":"product_cat-vitamines-et-supplements","8":"first","9":"instock","10":"taxable","11":"shipping-taxable","12":"purchasable","13":"product-type-simple"},"yoast_head":"<!-- This site is optimized with the Yoast SEO Premium plugin v26.4 (Yoast SEO v27.2) - https:\/\/yoast.com\/product\/yoast-seo-premium-wordpress\/ -->\n<title>Refresh Quick Flush - 30 pi\u00e8ces - Dutchmicrodosing<\/title>\n<meta name=\"description\" content=\"Les comprim\u00e9s Quick Flush sont des pilules de d\u00e9sintoxication naturelle qui contiennent un m\u00e9lange d&#039;herbes, de vitamines et de min\u00e9raux. Cette formule est con\u00e7ue pour \u00e9liminer les toxines.\" \/>\n<meta name=\"robots\" content=\"index, follow, max-snippet:-1, max-image-preview:large, max-video-preview:-1\" \/>\n<link rel=\"canonical\" href=\"https:\/\/dutchmicrodosing.com\/fr\/boutique-de-sante\/vitamines-et-supplements\/refresh-quick-flush-30-pieces\/\" \/>\n<meta property=\"og:locale\" content=\"fr_FR\" \/>\n<meta property=\"og:type\" content=\"article\" \/>\n<meta property=\"og:title\" content=\"Refresh Quick Flush - 30 pi\u00e8ces\" \/>\n<meta property=\"og:description\" content=\"Les comprim\u00e9s Quick Flush sont des pilules de d\u00e9sintoxication naturelle qui contiennent un m\u00e9lange d&#039;herbes, de vitamines et de min\u00e9raux. Cette formule\" \/>\n<meta property=\"og:url\" content=\"https:\/\/dutchmicrodosing.com\/fr\/boutique-de-sante\/vitamines-et-supplements\/refresh-quick-flush-30-pieces\/\" \/>\n<meta property=\"og:site_name\" content=\"Dutchmicrodosing\" \/>\n<meta property=\"article:publisher\" content=\"https:\/\/www.facebook.com\/Dutchmicrodosingxp\/\" \/>\n<meta property=\"article:modified_time\" content=\"2025-08-28T00:02:26+00:00\" \/>\n<meta property=\"og:image\" content=\"https:\/\/dutchmicrodosing.com\/wp-content\/uploads\/2023\/08\/aT2quymw.jpg\" \/>\n\t<meta property=\"og:image:width\" content=\"500\" \/>\n\t<meta property=\"og:image:height\" content=\"500\" \/>\n\t<meta property=\"og:image:type\" content=\"image\/jpeg\" \/>\n<meta name=\"twitter:card\" content=\"summary_large_image\" \/>\n<script type=\"application\/ld+json\" class=\"yoast-schema-graph\">{\"@context\":\"https:\/\/schema.org\",\"@graph\":[{\"@type\":\"WebPage\",\"@id\":\"https:\/\/dutchmicrodosing.com\/fr\/boutique-de-sante\/vitamines-et-supplements\/refresh-quick-flush-30-pieces\/\",\"url\":\"https:\/\/dutchmicrodosing.com\/fr\/boutique-de-sante\/vitamines-et-supplements\/refresh-quick-flush-30-pieces\/\",\"name\":\"Refresh Quick Flush - 30 pi\u00e8ces - Dutchmicrodosing\",\"isPartOf\":{\"@id\":\"https:\/\/dutchmicrodosing.com\/fr\/#website\"},\"primaryImageOfPage\":{\"@id\":\"https:\/\/dutchmicrodosing.com\/fr\/boutique-de-sante\/vitamines-et-supplements\/refresh-quick-flush-30-pieces\/#primaryimage\"},\"image\":{\"@id\":\"https:\/\/dutchmicrodosing.com\/fr\/boutique-de-sante\/vitamines-et-supplements\/refresh-quick-flush-30-pieces\/#primaryimage\"},\"thumbnailUrl\":\"https:\/\/dutchmicrodosing.com\/wp-content\/uploads\/2023\/08\/aT2quymw.jpg\",\"datePublished\":\"2023-08-23T10:56:08+00:00\",\"dateModified\":\"2025-08-28T00:02:26+00:00\",\"description\":\"Les comprim\u00e9s Quick Flush sont des pilules de d\u00e9sintoxication naturelle qui contiennent un m\u00e9lange d'herbes, de vitamines et de min\u00e9raux. Cette formule est con\u00e7ue pour \u00e9liminer les toxines.\",\"breadcrumb\":{\"@id\":\"https:\/\/dutchmicrodosing.com\/fr\/boutique-de-sante\/vitamines-et-supplements\/refresh-quick-flush-30-pieces\/#breadcrumb\"},\"inLanguage\":\"fr-FR\",\"potentialAction\":[{\"@type\":\"ReadAction\",\"target\":[\"https:\/\/dutchmicrodosing.com\/fr\/boutique-de-sante\/vitamines-et-supplements\/refresh-quick-flush-30-pieces\/\"]}]},{\"@type\":\"ImageObject\",\"inLanguage\":\"fr-FR\",\"@id\":\"https:\/\/dutchmicrodosing.com\/fr\/boutique-de-sante\/vitamines-et-supplements\/refresh-quick-flush-30-pieces\/#primaryimage\",\"url\":\"https:\/\/dutchmicrodosing.com\/wp-content\/uploads\/2023\/08\/aT2quymw.jpg\",\"contentUrl\":\"https:\/\/dutchmicrodosing.com\/wp-content\/uploads\/2023\/08\/aT2quymw.jpg\",\"width\":500,\"height\":500},{\"@type\":\"BreadcrumbList\",\"@id\":\"https:\/\/dutchmicrodosing.com\/fr\/boutique-de-sante\/vitamines-et-supplements\/refresh-quick-flush-30-pieces\/#breadcrumb\",\"itemListElement\":[{\"@type\":\"ListItem\",\"position\":1,\"name\":\"Home\",\"item\":\"https:\/\/dutchmicrodosing.com\/fr\/\"},{\"@type\":\"ListItem\",\"position\":2,\"name\":\"Boutique\",\"item\":\"https:\/\/dutchmicrodosing.com\/fr\/boutique\/\"},{\"@type\":\"ListItem\",\"position\":3,\"name\":\"Refresh Quick Flush &#8211; 30 pi\u00e8ces\"}]},{\"@type\":\"WebSite\",\"@id\":\"https:\/\/dutchmicrodosing.com\/fr\/#website\",\"url\":\"https:\/\/dutchmicrodosing.com\/fr\/\",\"name\":\"Dutchmicrodosing\",\"description\":\"\",\"publisher\":{\"@id\":\"https:\/\/dutchmicrodosing.com\/fr\/#organization\"},\"potentialAction\":[{\"@type\":\"SearchAction\",\"target\":{\"@type\":\"EntryPoint\",\"urlTemplate\":\"https:\/\/dutchmicrodosing.com\/fr\/?s={search_term_string}\"},\"query-input\":{\"@type\":\"PropertyValueSpecification\",\"valueRequired\":true,\"valueName\":\"search_term_string\"}}],\"inLanguage\":\"fr-FR\"},{\"@type\":\"Organization\",\"@id\":\"https:\/\/dutchmicrodosing.com\/fr\/#organization\",\"name\":\"Dutchmicrodosing\",\"url\":\"https:\/\/dutchmicrodosing.com\/fr\/\",\"logo\":{\"@type\":\"ImageObject\",\"inLanguage\":\"fr-FR\",\"@id\":\"https:\/\/dutchmicrodosing.com\/fr\/#\/schema\/logo\/image\/\",\"url\":\"https:\/\/dutchmicrodosing.com\/wp-content\/uploads\/2021\/01\/microdosing-categorie-pic-nieuw.jpg\",\"contentUrl\":\"https:\/\/dutchmicrodosing.com\/wp-content\/uploads\/2021\/01\/microdosing-categorie-pic-nieuw.jpg\",\"width\":500,\"height\":500,\"caption\":\"Dutchmicrodosing\"},\"image\":{\"@id\":\"https:\/\/dutchmicrodosing.com\/fr\/#\/schema\/logo\/image\/\"},\"sameAs\":[\"https:\/\/www.facebook.com\/Dutchmicrodosingxp\/\",\"https:\/\/www.instagram.com\/dutchmicrodosing\/\"]}]}<\/script>\n<meta property=\"product:price:amount\" content=\"22.95\" \/>\n<meta property=\"product:price:currency\" content=\"EUR\" \/>\n<meta property=\"og:availability\" content=\"instock\" \/>\n<meta property=\"product:availability\" content=\"instock\" \/>\n<meta property=\"product:retailer_item_id\" content=\"3207519\" \/>\n<meta property=\"product:condition\" content=\"new\" \/>\n<!-- \/ Yoast SEO Premium plugin. -->","yoast_head_json":{"title":"Refresh Quick Flush - 30 pi\u00e8ces - Dutchmicrodosing","description":"Les comprim\u00e9s Quick Flush sont des pilules de d\u00e9sintoxication naturelle qui contiennent un m\u00e9lange d'herbes, de vitamines et de min\u00e9raux. Cette formule est con\u00e7ue pour \u00e9liminer les toxines.","robots":{"index":"index","follow":"follow","max-snippet":"max-snippet:-1","max-image-preview":"max-image-preview:large","max-video-preview":"max-video-preview:-1"},"canonical":"https:\/\/dutchmicrodosing.com\/fr\/boutique-de-sante\/vitamines-et-supplements\/refresh-quick-flush-30-pieces\/","og_locale":"fr_FR","og_type":"article","og_title":"Refresh Quick Flush - 30 pi\u00e8ces","og_description":"Les comprim\u00e9s Quick Flush sont des pilules de d\u00e9sintoxication naturelle qui contiennent un m\u00e9lange d'herbes, de vitamines et de min\u00e9raux. Cette formule","og_url":"https:\/\/dutchmicrodosing.com\/fr\/boutique-de-sante\/vitamines-et-supplements\/refresh-quick-flush-30-pieces\/","og_site_name":"Dutchmicrodosing","article_publisher":"https:\/\/www.facebook.com\/Dutchmicrodosingxp\/","article_modified_time":"2025-08-28T00:02:26+00:00","og_image":[{"width":500,"height":500,"url":"https:\/\/dutchmicrodosing.com\/wp-content\/uploads\/2023\/08\/aT2quymw.jpg","type":"image\/jpeg"}],"twitter_card":"summary_large_image","schema":{"@context":"https:\/\/schema.org","@graph":[{"@type":"WebPage","@id":"https:\/\/dutchmicrodosing.com\/fr\/boutique-de-sante\/vitamines-et-supplements\/refresh-quick-flush-30-pieces\/","url":"https:\/\/dutchmicrodosing.com\/fr\/boutique-de-sante\/vitamines-et-supplements\/refresh-quick-flush-30-pieces\/","name":"Refresh Quick Flush - 30 pi\u00e8ces - Dutchmicrodosing","isPartOf":{"@id":"https:\/\/dutchmicrodosing.com\/fr\/#website"},"primaryImageOfPage":{"@id":"https:\/\/dutchmicrodosing.com\/fr\/boutique-de-sante\/vitamines-et-supplements\/refresh-quick-flush-30-pieces\/#primaryimage"},"image":{"@id":"https:\/\/dutchmicrodosing.com\/fr\/boutique-de-sante\/vitamines-et-supplements\/refresh-quick-flush-30-pieces\/#primaryimage"},"thumbnailUrl":"https:\/\/dutchmicrodosing.com\/wp-content\/uploads\/2023\/08\/aT2quymw.jpg","datePublished":"2023-08-23T10:56:08+00:00","dateModified":"2025-08-28T00:02:26+00:00","description":"Les comprim\u00e9s Quick Flush sont des pilules de d\u00e9sintoxication naturelle qui contiennent un m\u00e9lange d'herbes, de vitamines et de min\u00e9raux. Cette formule est con\u00e7ue pour \u00e9liminer les toxines.","breadcrumb":{"@id":"https:\/\/dutchmicrodosing.com\/fr\/boutique-de-sante\/vitamines-et-supplements\/refresh-quick-flush-30-pieces\/#breadcrumb"},"inLanguage":"fr-FR","potentialAction":[{"@type":"ReadAction","target":["https:\/\/dutchmicrodosing.com\/fr\/boutique-de-sante\/vitamines-et-supplements\/refresh-quick-flush-30-pieces\/"]}]},{"@type":"ImageObject","inLanguage":"fr-FR","@id":"https:\/\/dutchmicrodosing.com\/fr\/boutique-de-sante\/vitamines-et-supplements\/refresh-quick-flush-30-pieces\/#primaryimage","url":"https:\/\/dutchmicrodosing.com\/wp-content\/uploads\/2023\/08\/aT2quymw.jpg","contentUrl":"https:\/\/dutchmicrodosing.com\/wp-content\/uploads\/2023\/08\/aT2quymw.jpg","width":500,"height":500},{"@type":"BreadcrumbList","@id":"https:\/\/dutchmicrodosing.com\/fr\/boutique-de-sante\/vitamines-et-supplements\/refresh-quick-flush-30-pieces\/#breadcrumb","itemListElement":[{"@type":"ListItem","position":1,"name":"Home","item":"https:\/\/dutchmicrodosing.com\/fr\/"},{"@type":"ListItem","position":2,"name":"Boutique","item":"https:\/\/dutchmicrodosing.com\/fr\/boutique\/"},{"@type":"ListItem","position":3,"name":"Refresh Quick Flush &#8211; 30 pi\u00e8ces"}]},{"@type":"WebSite","@id":"https:\/\/dutchmicrodosing.com\/fr\/#website","url":"https:\/\/dutchmicrodosing.com\/fr\/","name":"Dutchmicrodosing","description":"","publisher":{"@id":"https:\/\/dutchmicrodosing.com\/fr\/#organization"},"potentialAction":[{"@type":"SearchAction","target":{"@type":"EntryPoint","urlTemplate":"https:\/\/dutchmicrodosing.com\/fr\/?s={search_term_string}"},"query-input":{"@type":"PropertyValueSpecification","valueRequired":true,"valueName":"search_term_string"}}],"inLanguage":"fr-FR"},{"@type":"Organization","@id":"https:\/\/dutchmicrodosing.com\/fr\/#organization","name":"Dutchmicrodosing","url":"https:\/\/dutchmicrodosing.com\/fr\/","logo":{"@type":"ImageObject","inLanguage":"fr-FR","@id":"https:\/\/dutchmicrodosing.com\/fr\/#\/schema\/logo\/image\/","url":"https:\/\/dutchmicrodosing.com\/wp-content\/uploads\/2021\/01\/microdosing-categorie-pic-nieuw.jpg","contentUrl":"https:\/\/dutchmicrodosing.com\/wp-content\/uploads\/2021\/01\/microdosing-categorie-pic-nieuw.jpg","width":500,"height":500,"caption":"Dutchmicrodosing"},"image":{"@id":"https:\/\/dutchmicrodosing.com\/fr\/#\/schema\/logo\/image\/"},"sameAs":["https:\/\/www.facebook.com\/Dutchmicrodosingxp\/","https:\/\/www.instagram.com\/dutchmicrodosing\/"]}]},"product_price_amount":"22.95","product_price_currency":"EUR","og_availability":"instock","product_availability":"instock","product_retailer_item_id":"3207519","product_condition":"new"},"_links":{"self":[{"href":"https:\/\/dutchmicrodosing.com\/fr\/wp-json\/wp\/v2\/product\/26900","targetHints":{"allow":["GET"]}}],"collection":[{"href":"https:\/\/dutchmicrodosing.com\/fr\/wp-json\/wp\/v2\/product"}],"about":[{"href":"https:\/\/dutchmicrodosing.com\/fr\/wp-json\/wp\/v2\/types\/product"}],"replies":[{"embeddable":true,"href":"https:\/\/dutchmicrodosing.com\/fr\/wp-json\/wp\/v2\/comments?post=26900"}],"version-history":[{"count":0,"href":"https:\/\/dutchmicrodosing.com\/fr\/wp-json\/wp\/v2\/product\/26900\/revisions"}],"wp:featuredmedia":[{"embeddable":true,"href":"https:\/\/dutchmicrodosing.com\/fr\/wp-json\/wp\/v2\/media\/26894"}],"wp:attachment":[{"href":"https:\/\/dutchmicrodosing.com\/fr\/wp-json\/wp\/v2\/media?parent=26900"}],"wp:term":[{"taxonomy":"product_brand","embeddable":true,"href":"https:\/\/dutchmicrodosing.com\/fr\/wp-json\/wp\/v2\/product_brand?post=26900"},{"taxonomy":"product_cat","embeddable":true,"href":"https:\/\/dutchmicrodosing.com\/fr\/wp-json\/wp\/v2\/product_cat?post=26900"},{"taxonomy":"product_tag","embeddable":true,"href":"https:\/\/dutchmicrodosing.com\/fr\/wp-json\/wp\/v2\/product_tag?post=26900"}],"curies":[{"name":"wp","href":"https:\/\/api.w.org\/{rel}","templated":true}]}}