{"id":28487,"date":"2023-09-24T09:22:44","date_gmt":"2023-09-24T07:22:44","guid":{"rendered":"https:\/\/dutchmicrodosing.com\/shop\/non%20class\u00e9\/champignon-reishi-en-poudre-organique\/"},"modified":"2026-02-24T20:33:15","modified_gmt":"2026-02-24T19:33:15","slug":"champignon-reishi-en-poudre-organique","status":"publish","type":"product","link":"https:\/\/dutchmicrodosing.com\/fr\/champignons-magiques\/champignon-reishi-en-poudre-organique\/","title":{"rendered":"Reishi (Ganoderma lucidum) &#8211; Soutien \u00e0 la sant\u00e9"},"content":{"rendered":"<p><strong>Reishi (Ganoderma lucidum) &#8211; Health Support<\/strong> powder est un compl\u00e9ment alimentaire fabriqu\u00e9 \u00e0 partir du champignon Reishi, \u00e9galement connu sous le nom de \u00ab\u00a0champignon de l&rsquo;immortalit\u00e9\u00a0\u00bb. Ce champignon est utilis\u00e9 dans la m\u00e9decine traditionnelle chinoise depuis des milliers d&rsquo;ann\u00e9es pour ses propri\u00e9t\u00e9s suppos\u00e9es b\u00e9n\u00e9fiques pour la sant\u00e9. La poudre est une forme concentr\u00e9e du champignon, con\u00e7ue pour ajouter facilement les bienfaits du Reishi \u00e0 votre routine quotidienne.<\/p>\n<h3>Qu&rsquo;est-ce que le Reishi ?<\/h3>\n<p>Le champignon Reishi est un champignon ligneux remarquable dont le chapeau est brillant et de couleur brun-rouge. Dans la nature, il pousse principalement sur les arbres \u00e0 feuilles caduques, mais pour les suppl\u00e9ments, il est souvent cultiv\u00e9 dans des conditions contr\u00f4l\u00e9es. Le reishi contient des compos\u00e9s bioactifs tels que des polysaccharides, des triterp\u00e8nes et des peptides, qui ont fait l&rsquo;objet de plusieurs \u00e9tudes.<\/p>\n<h3>Ingr\u00e9dient<\/h3>\n<p>Poudre de champignon Reishi Bio.<\/p>\n<div class=\"tabs tabs--secondary tabs--bordered tabs--noclose\">\n<div id=\"tabs_description\" class=\"tabs__content tabs__content--visible\">\n<h3>Utilisation<\/h3>\n<ul>\n<li>Les champignons comme le Reishi peuvent \u00eatre utilis\u00e9s de multiples fa\u00e7ons : dans de nombreux plats asiatiques, dans un th\u00e9 Reishi apaisant ou dans une soupe nutritive.<\/li>\n<li>Il est recommand\u00e9 de commencer par une petite quantit\u00e9, par exemple une demi-cuill\u00e8re \u00e0 caf\u00e9 par jour, pour voir comment votre corps r\u00e9agit. Vous pouvez augmenter progressivement la dose jusqu&rsquo;\u00e0 un maximum de 2 cuill\u00e8res \u00e0 caf\u00e9 par jour, en fonction de vos besoins individuels.<\/li>\n<\/ul>\n<h3>Conseils de stockage<\/h3>\n<p>Conservez ce produit dans un endroit sombre et frais, tel qu&rsquo;un placard de cuisine, et hors de port\u00e9e des enfants.<\/p>\n<h3>Contenu<\/h3>\n<p>Poudre de champignon Reishi Bio &#8211; 100 grammes.<\/p>\n<\/div>\n<\/div>\n","protected":false},"excerpt":{"rendered":"<p>Reishi (Ganoderma lucidum) &#8211; Health Support powder est un compl\u00e9ment alimentaire fabriqu\u00e9 \u00e0 partir du champignon Reishi, \u00e9galement connu sous le nom de \u00ab\u00a0champignon de l&rsquo;immortalit\u00e9\u00a0\u00bb. Ce champignon est utilis\u00e9 dans la m\u00e9decine traditionnelle chinoise depuis des milliers d&rsquo;ann\u00e9es pour ses propri\u00e9t\u00e9s suppos\u00e9es b\u00e9n\u00e9fiques pour la sant\u00e9. La poudre est une forme concentr\u00e9e du champignon, [&hellip;]<\/p>\n","protected":false},"featured_media":62985,"comment_status":"closed","ping_status":"closed","template":"","meta":[],"product_brand":[],"product_cat":[216,129,290,291,280],"product_tag":[],"class_list":{"0":"post-28487","1":"product","2":"type-product","3":"status-publish","4":"has-post-thumbnail","6":"product_cat-champignons-magiques","7":"product_cat-champignons-medicinaux","8":"product_cat-supplements-energetiques","9":"product_cat-supplements-pour-le-systeme-immunitaire","10":"product_cat-super-aliments","12":"first","13":"instock","14":"taxable","15":"shipping-taxable","16":"purchasable","17":"product-type-simple"},"yoast_head":"<!-- This site is optimized with the Yoast SEO Premium plugin v26.4 (Yoast SEO v27.2) - https:\/\/yoast.com\/product\/yoast-seo-premium-wordpress\/ -->\n<title>Reishi (Ganoderma lucidum) - Soutien \u00e0 la sant\u00e9 - Dutchmicrodosing<\/title>\n<meta name=\"description\" content=\"Le Reishi, ou Ganoderma lucidum, n&#039;est pas un champignon comme les autres. Ses origines se trouvent dans les for\u00eats myst\u00e9rieuses d&#039;Asie et sa pr\u00e9f\u00e9rence pour les...\" \/>\n<meta name=\"robots\" content=\"index, follow, max-snippet:-1, max-image-preview:large, max-video-preview:-1\" \/>\n<link rel=\"canonical\" href=\"https:\/\/dutchmicrodosing.com\/fr\/champignons-magiques\/champignon-reishi-en-poudre-organique\/\" \/>\n<meta property=\"og:locale\" content=\"fr_FR\" \/>\n<meta property=\"og:type\" content=\"article\" \/>\n<meta property=\"og:title\" content=\"Reishi (Ganoderma lucidum) - Soutien \u00e0 la sant\u00e9\" \/>\n<meta property=\"og:description\" content=\"Reishi (Ganoderma lucidum) - Health Support powder est un compl\u00e9ment alimentaire fabriqu\u00e9 \u00e0 partir du champignon Reishi, \u00e9galement connu sous le nom de\" \/>\n<meta property=\"og:url\" content=\"https:\/\/dutchmicrodosing.com\/fr\/champignons-magiques\/champignon-reishi-en-poudre-organique\/\" \/>\n<meta property=\"og:site_name\" content=\"Dutchmicrodosing\" \/>\n<meta property=\"article:publisher\" content=\"https:\/\/www.facebook.com\/Dutchmicrodosingxp\/\" \/>\n<meta property=\"article:modified_time\" content=\"2026-02-24T19:33:15+00:00\" \/>\n<meta property=\"og:image\" content=\"https:\/\/dutchmicrodosing.com\/wp-content\/uploads\/2023\/10\/Reishi_1000x1000.jpg\" \/>\n\t<meta property=\"og:image:width\" content=\"1000\" \/>\n\t<meta property=\"og:image:height\" content=\"1000\" \/>\n\t<meta property=\"og:image:type\" content=\"image\/jpeg\" \/>\n<meta name=\"twitter:card\" content=\"summary_large_image\" \/>\n<script type=\"application\/ld+json\" class=\"yoast-schema-graph\">{\"@context\":\"https:\/\/schema.org\",\"@graph\":[{\"@type\":\"WebPage\",\"@id\":\"https:\/\/dutchmicrodosing.com\/fr\/champignons-magiques\/champignon-reishi-en-poudre-organique\/\",\"url\":\"https:\/\/dutchmicrodosing.com\/fr\/champignons-magiques\/champignon-reishi-en-poudre-organique\/\",\"name\":\"Reishi (Ganoderma lucidum) - Soutien \u00e0 la sant\u00e9 - Dutchmicrodosing\",\"isPartOf\":{\"@id\":\"https:\/\/dutchmicrodosing.com\/fr\/#website\"},\"primaryImageOfPage\":{\"@id\":\"https:\/\/dutchmicrodosing.com\/fr\/champignons-magiques\/champignon-reishi-en-poudre-organique\/#primaryimage\"},\"image\":{\"@id\":\"https:\/\/dutchmicrodosing.com\/fr\/champignons-magiques\/champignon-reishi-en-poudre-organique\/#primaryimage\"},\"thumbnailUrl\":\"https:\/\/dutchmicrodosing.com\/wp-content\/uploads\/2025\/11\/Reishi-Powder_1.jpg\",\"datePublished\":\"2023-09-24T07:22:44+00:00\",\"dateModified\":\"2026-02-24T19:33:15+00:00\",\"description\":\"Le Reishi, ou Ganoderma lucidum, n'est pas un champignon comme les autres. Ses origines se trouvent dans les for\u00eats myst\u00e9rieuses d'Asie et sa pr\u00e9f\u00e9rence pour les...\",\"breadcrumb\":{\"@id\":\"https:\/\/dutchmicrodosing.com\/fr\/champignons-magiques\/champignon-reishi-en-poudre-organique\/#breadcrumb\"},\"inLanguage\":\"fr-FR\",\"potentialAction\":[{\"@type\":\"ReadAction\",\"target\":[\"https:\/\/dutchmicrodosing.com\/fr\/champignons-magiques\/champignon-reishi-en-poudre-organique\/\"]}]},{\"@type\":\"ImageObject\",\"inLanguage\":\"fr-FR\",\"@id\":\"https:\/\/dutchmicrodosing.com\/fr\/champignons-magiques\/champignon-reishi-en-poudre-organique\/#primaryimage\",\"url\":\"https:\/\/dutchmicrodosing.com\/wp-content\/uploads\/2025\/11\/Reishi-Powder_1.jpg\",\"contentUrl\":\"https:\/\/dutchmicrodosing.com\/wp-content\/uploads\/2025\/11\/Reishi-Powder_1.jpg\",\"width\":1500,\"height\":1500,\"caption\":\"Reishi Powder\"},{\"@type\":\"BreadcrumbList\",\"@id\":\"https:\/\/dutchmicrodosing.com\/fr\/champignons-magiques\/champignon-reishi-en-poudre-organique\/#breadcrumb\",\"itemListElement\":[{\"@type\":\"ListItem\",\"position\":1,\"name\":\"Home\",\"item\":\"https:\/\/dutchmicrodosing.com\/fr\/\"},{\"@type\":\"ListItem\",\"position\":2,\"name\":\"Boutique\",\"item\":\"https:\/\/dutchmicrodosing.com\/fr\/boutique\/\"},{\"@type\":\"ListItem\",\"position\":3,\"name\":\"Reishi (Ganoderma lucidum) &#8211; Soutien \u00e0 la sant\u00e9\"}]},{\"@type\":\"WebSite\",\"@id\":\"https:\/\/dutchmicrodosing.com\/fr\/#website\",\"url\":\"https:\/\/dutchmicrodosing.com\/fr\/\",\"name\":\"Dutchmicrodosing\",\"description\":\"\",\"publisher\":{\"@id\":\"https:\/\/dutchmicrodosing.com\/fr\/#organization\"},\"potentialAction\":[{\"@type\":\"SearchAction\",\"target\":{\"@type\":\"EntryPoint\",\"urlTemplate\":\"https:\/\/dutchmicrodosing.com\/fr\/?s={search_term_string}\"},\"query-input\":{\"@type\":\"PropertyValueSpecification\",\"valueRequired\":true,\"valueName\":\"search_term_string\"}}],\"inLanguage\":\"fr-FR\"},{\"@type\":\"Organization\",\"@id\":\"https:\/\/dutchmicrodosing.com\/fr\/#organization\",\"name\":\"Dutchmicrodosing\",\"url\":\"https:\/\/dutchmicrodosing.com\/fr\/\",\"logo\":{\"@type\":\"ImageObject\",\"inLanguage\":\"fr-FR\",\"@id\":\"https:\/\/dutchmicrodosing.com\/fr\/#\/schema\/logo\/image\/\",\"url\":\"https:\/\/dutchmicrodosing.com\/wp-content\/uploads\/2021\/01\/microdosing-categorie-pic-nieuw.jpg\",\"contentUrl\":\"https:\/\/dutchmicrodosing.com\/wp-content\/uploads\/2021\/01\/microdosing-categorie-pic-nieuw.jpg\",\"width\":500,\"height\":500,\"caption\":\"Dutchmicrodosing\"},\"image\":{\"@id\":\"https:\/\/dutchmicrodosing.com\/fr\/#\/schema\/logo\/image\/\"},\"sameAs\":[\"https:\/\/www.facebook.com\/Dutchmicrodosingxp\/\",\"https:\/\/www.instagram.com\/dutchmicrodosing\/\"]}]}<\/script>\n<meta property=\"product:price:amount\" content=\"19.95\" \/>\n<meta property=\"product:price:currency\" content=\"EUR\" \/>\n<meta property=\"og:availability\" content=\"instock\" \/>\n<meta property=\"product:availability\" content=\"instock\" \/>\n<meta property=\"product:retailer_item_id\" content=\"3209663\" \/>\n<meta property=\"product:condition\" content=\"new\" \/>\n<!-- \/ Yoast SEO Premium plugin. -->","yoast_head_json":{"title":"Reishi (Ganoderma lucidum) - Soutien \u00e0 la sant\u00e9 - Dutchmicrodosing","description":"Le Reishi, ou Ganoderma lucidum, n'est pas un champignon comme les autres. Ses origines se trouvent dans les for\u00eats myst\u00e9rieuses d'Asie et sa pr\u00e9f\u00e9rence pour les...","robots":{"index":"index","follow":"follow","max-snippet":"max-snippet:-1","max-image-preview":"max-image-preview:large","max-video-preview":"max-video-preview:-1"},"canonical":"https:\/\/dutchmicrodosing.com\/fr\/champignons-magiques\/champignon-reishi-en-poudre-organique\/","og_locale":"fr_FR","og_type":"article","og_title":"Reishi (Ganoderma lucidum) - Soutien \u00e0 la sant\u00e9","og_description":"Reishi (Ganoderma lucidum) - Health Support powder est un compl\u00e9ment alimentaire fabriqu\u00e9 \u00e0 partir du champignon Reishi, \u00e9galement connu sous le nom de","og_url":"https:\/\/dutchmicrodosing.com\/fr\/champignons-magiques\/champignon-reishi-en-poudre-organique\/","og_site_name":"Dutchmicrodosing","article_publisher":"https:\/\/www.facebook.com\/Dutchmicrodosingxp\/","article_modified_time":"2026-02-24T19:33:15+00:00","og_image":[{"width":1000,"height":1000,"url":"https:\/\/dutchmicrodosing.com\/wp-content\/uploads\/2023\/10\/Reishi_1000x1000.jpg","type":"image\/jpeg"}],"twitter_card":"summary_large_image","schema":{"@context":"https:\/\/schema.org","@graph":[{"@type":"WebPage","@id":"https:\/\/dutchmicrodosing.com\/fr\/champignons-magiques\/champignon-reishi-en-poudre-organique\/","url":"https:\/\/dutchmicrodosing.com\/fr\/champignons-magiques\/champignon-reishi-en-poudre-organique\/","name":"Reishi (Ganoderma lucidum) - Soutien \u00e0 la sant\u00e9 - Dutchmicrodosing","isPartOf":{"@id":"https:\/\/dutchmicrodosing.com\/fr\/#website"},"primaryImageOfPage":{"@id":"https:\/\/dutchmicrodosing.com\/fr\/champignons-magiques\/champignon-reishi-en-poudre-organique\/#primaryimage"},"image":{"@id":"https:\/\/dutchmicrodosing.com\/fr\/champignons-magiques\/champignon-reishi-en-poudre-organique\/#primaryimage"},"thumbnailUrl":"https:\/\/dutchmicrodosing.com\/wp-content\/uploads\/2025\/11\/Reishi-Powder_1.jpg","datePublished":"2023-09-24T07:22:44+00:00","dateModified":"2026-02-24T19:33:15+00:00","description":"Le Reishi, ou Ganoderma lucidum, n'est pas un champignon comme les autres. Ses origines se trouvent dans les for\u00eats myst\u00e9rieuses d'Asie et sa pr\u00e9f\u00e9rence pour les...","breadcrumb":{"@id":"https:\/\/dutchmicrodosing.com\/fr\/champignons-magiques\/champignon-reishi-en-poudre-organique\/#breadcrumb"},"inLanguage":"fr-FR","potentialAction":[{"@type":"ReadAction","target":["https:\/\/dutchmicrodosing.com\/fr\/champignons-magiques\/champignon-reishi-en-poudre-organique\/"]}]},{"@type":"ImageObject","inLanguage":"fr-FR","@id":"https:\/\/dutchmicrodosing.com\/fr\/champignons-magiques\/champignon-reishi-en-poudre-organique\/#primaryimage","url":"https:\/\/dutchmicrodosing.com\/wp-content\/uploads\/2025\/11\/Reishi-Powder_1.jpg","contentUrl":"https:\/\/dutchmicrodosing.com\/wp-content\/uploads\/2025\/11\/Reishi-Powder_1.jpg","width":1500,"height":1500,"caption":"Reishi Powder"},{"@type":"BreadcrumbList","@id":"https:\/\/dutchmicrodosing.com\/fr\/champignons-magiques\/champignon-reishi-en-poudre-organique\/#breadcrumb","itemListElement":[{"@type":"ListItem","position":1,"name":"Home","item":"https:\/\/dutchmicrodosing.com\/fr\/"},{"@type":"ListItem","position":2,"name":"Boutique","item":"https:\/\/dutchmicrodosing.com\/fr\/boutique\/"},{"@type":"ListItem","position":3,"name":"Reishi (Ganoderma lucidum) &#8211; Soutien \u00e0 la sant\u00e9"}]},{"@type":"WebSite","@id":"https:\/\/dutchmicrodosing.com\/fr\/#website","url":"https:\/\/dutchmicrodosing.com\/fr\/","name":"Dutchmicrodosing","description":"","publisher":{"@id":"https:\/\/dutchmicrodosing.com\/fr\/#organization"},"potentialAction":[{"@type":"SearchAction","target":{"@type":"EntryPoint","urlTemplate":"https:\/\/dutchmicrodosing.com\/fr\/?s={search_term_string}"},"query-input":{"@type":"PropertyValueSpecification","valueRequired":true,"valueName":"search_term_string"}}],"inLanguage":"fr-FR"},{"@type":"Organization","@id":"https:\/\/dutchmicrodosing.com\/fr\/#organization","name":"Dutchmicrodosing","url":"https:\/\/dutchmicrodosing.com\/fr\/","logo":{"@type":"ImageObject","inLanguage":"fr-FR","@id":"https:\/\/dutchmicrodosing.com\/fr\/#\/schema\/logo\/image\/","url":"https:\/\/dutchmicrodosing.com\/wp-content\/uploads\/2021\/01\/microdosing-categorie-pic-nieuw.jpg","contentUrl":"https:\/\/dutchmicrodosing.com\/wp-content\/uploads\/2021\/01\/microdosing-categorie-pic-nieuw.jpg","width":500,"height":500,"caption":"Dutchmicrodosing"},"image":{"@id":"https:\/\/dutchmicrodosing.com\/fr\/#\/schema\/logo\/image\/"},"sameAs":["https:\/\/www.facebook.com\/Dutchmicrodosingxp\/","https:\/\/www.instagram.com\/dutchmicrodosing\/"]}]},"product_price_amount":"19.95","product_price_currency":"EUR","og_availability":"instock","product_availability":"instock","product_retailer_item_id":"3209663","product_condition":"new"},"_links":{"self":[{"href":"https:\/\/dutchmicrodosing.com\/fr\/wp-json\/wp\/v2\/product\/28487","targetHints":{"allow":["GET"]}}],"collection":[{"href":"https:\/\/dutchmicrodosing.com\/fr\/wp-json\/wp\/v2\/product"}],"about":[{"href":"https:\/\/dutchmicrodosing.com\/fr\/wp-json\/wp\/v2\/types\/product"}],"replies":[{"embeddable":true,"href":"https:\/\/dutchmicrodosing.com\/fr\/wp-json\/wp\/v2\/comments?post=28487"}],"version-history":[{"count":0,"href":"https:\/\/dutchmicrodosing.com\/fr\/wp-json\/wp\/v2\/product\/28487\/revisions"}],"wp:featuredmedia":[{"embeddable":true,"href":"https:\/\/dutchmicrodosing.com\/fr\/wp-json\/wp\/v2\/media\/62985"}],"wp:attachment":[{"href":"https:\/\/dutchmicrodosing.com\/fr\/wp-json\/wp\/v2\/media?parent=28487"}],"wp:term":[{"taxonomy":"product_brand","embeddable":true,"href":"https:\/\/dutchmicrodosing.com\/fr\/wp-json\/wp\/v2\/product_brand?post=28487"},{"taxonomy":"product_cat","embeddable":true,"href":"https:\/\/dutchmicrodosing.com\/fr\/wp-json\/wp\/v2\/product_cat?post=28487"},{"taxonomy":"product_tag","embeddable":true,"href":"https:\/\/dutchmicrodosing.com\/fr\/wp-json\/wp\/v2\/product_tag?post=28487"}],"curies":[{"name":"wp","href":"https:\/\/api.w.org\/{rel}","templated":true}]}}